{"id":13329,"date":"2024-04-21T17:33:27","date_gmt":"2024-04-21T17:33:27","guid":{"rendered":"https:\/\/www.sinchisinchi.com\/producto\/sepa-yawanawa\/"},"modified":"2024-04-21T17:33:27","modified_gmt":"2024-04-21T17:33:27","slug":"sepa-yawanawa","status":"publish","type":"product","link":"https:\/\/www.sinchisinchi.com\/pl\/producto\/sepa-yawanawa\/","title":{"rendered":"Sep\u00e1 Yawanaw\u00e1"},"content":{"rendered":"","protected":false},"excerpt":{"rendered":"<p>Sep\u00e1 to \u017cywica o orze\u017awiaj\u0105cym aromacie typowym dla Yawanawy, kt\u00f3rzy ekstrahuj\u0105 j\u0105 z drzewa zwanego &#8222;Vixu\u201d.<\/p>\n<p>W tradycji Yawanaw\u00e1 sep\u00e1 to naturalny zapach u\u017cywany w rytua\u0142ach duchowych i pracach uzdrawiaj\u0105cych; Jest uwa\u017cana za \u017cywic\u0119 lecznicz\u0105 i zwykle jest obecna w domach wszystkich Yawanaw\u00e1.<\/p>\n<p>Yawanaw\u00e1 przygotowuj\u0105 r\u00f3wnie\u017c past\u0119 annato z \u017cywic\u0105 sep\u00e1 do swoich czerwonych farb do cia\u0142a, a tak\u017ce czarne barwniki z genipap\u0105 i w\u0119glem drzewnym.<\/p>\n<p>Stosowany w kadzid\u0142ach oczyszcza przedmioty, ludzi i przestrzenie. Pomaga chroni\u0107 przed negatywnymi energiami i wp\u0142ywami zewn\u0119trznymi. Osoby praktykuj\u0105ce rytua\u0142y z \u017cywic\u0105 Sep\u00e1 cz\u0119sto nosz\u0105 ze sob\u0105 ma\u0142e kawa\u0142ki \u017cywicy lub trzymaj\u0105 je w domach jako amulet.<\/p>\n<p>Po zebraniu ma lepk\u0105 konsystencj\u0119 i nale\u017cy si\u0119 z nim obchodzi\u0107 za pomoc\u0105 kawa\u0142ka drewna lub metalowych szczypiec; Zestala si\u0119 w kontakcie z powietrzem.<\/p>\n<p>&nbsp;<\/p>\n<p><strong>Pochodzenie:<\/strong> Brazylia.<\/p>\n<p><strong>Aromat:<\/strong> Mi\u0119kki i orze\u017awiaj\u0105cy.<\/p>\n","protected":false},"featured_media":0,"template":"","meta":{"_joinchat":[]},"product_brand":[],"product_cat":[197],"product_tag":[],"class_list":{"0":"post-13329","1":"product","2":"type-product","3":"status-publish","5":"product_cat-resins-pl","7":"first","8":"instock","9":"taxable","10":"shipping-taxable","11":"product-type-simple"},"yoast_head":"<!-- This site is optimized with the Yoast SEO plugin v27.4 - https:\/\/yoast.com\/product\/yoast-seo-wordpress\/ -->\n<title>Sep\u00e1 Resin: Sinchi, internetowy sklep szama\u0144ski<\/title>\n<meta name=\"description\" content=\"\u017bywica Sep\u00e1 o orze\u017awiaj\u0105cym aromacie typowym dla Yawanawy, kt\u00f3rzy wydobywaj\u0105 j\u0105 z drzewa zwanego &quot;Vixu\u201d. Oczyszcza przedmioty, ludzi i przestrzenie.\" \/>\n<meta name=\"robots\" content=\"index, follow, max-snippet:-1, max-image-preview:large, max-video-preview:-1\" \/>\n<link rel=\"canonical\" href=\"https:\/\/www.sinchisinchi.com\/pl\/producto\/sepa-yawanawa\/\" \/>\n<meta property=\"og:locale\" content=\"pl_PL\" \/>\n<meta property=\"og:type\" content=\"article\" \/>\n<meta property=\"og:title\" content=\"Sep\u00e1 Resin: Sinchi, internetowy sklep szama\u0144ski\" \/>\n<meta property=\"og:description\" content=\"\u017bywica Sep\u00e1 o orze\u017awiaj\u0105cym aromacie typowym dla Yawanawy, kt\u00f3rzy wydobywaj\u0105 j\u0105 z drzewa zwanego &quot;Vixu\u201d. Oczyszcza przedmioty, ludzi i przestrzenie.\" \/>\n<meta property=\"og:url\" content=\"https:\/\/www.sinchisinchi.com\/pl\/producto\/sepa-yawanawa\/\" \/>\n<meta property=\"og:site_name\" content=\"SINCHI RAP\u00c9\" \/>\n<meta property=\"article:publisher\" content=\"https:\/\/www.facebook.com\/sinchirape\/\" \/>\n<meta name=\"twitter:card\" content=\"summary_large_image\" \/>\n<script type=\"application\/ld+json\" class=\"yoast-schema-graph\">{\"@context\":\"https:\\\/\\\/schema.org\",\"@graph\":[{\"@type\":\"WebPage\",\"@id\":\"https:\\\/\\\/www.sinchisinchi.com\\\/pl\\\/producto\\\/sepa-yawanawa\\\/\",\"url\":\"https:\\\/\\\/www.sinchisinchi.com\\\/pl\\\/producto\\\/sepa-yawanawa\\\/\",\"name\":\"Sep\u00e1 Resin: Sinchi, internetowy sklep szama\u0144ski\",\"isPartOf\":{\"@id\":\"https:\\\/\\\/www.sinchisinchi.com\\\/pl\\\/#website\"},\"datePublished\":\"2024-04-21T17:33:27+00:00\",\"description\":\"\u017bywica Sep\u00e1 o orze\u017awiaj\u0105cym aromacie typowym dla Yawanawy, kt\u00f3rzy wydobywaj\u0105 j\u0105 z drzewa zwanego \\\"Vixu\u201d. Oczyszcza przedmioty, ludzi i przestrzenie.\",\"breadcrumb\":{\"@id\":\"https:\\\/\\\/www.sinchisinchi.com\\\/pl\\\/producto\\\/sepa-yawanawa\\\/#breadcrumb\"},\"inLanguage\":\"pl-PL\",\"potentialAction\":[{\"@type\":\"ReadAction\",\"target\":[\"https:\\\/\\\/www.sinchisinchi.com\\\/pl\\\/producto\\\/sepa-yawanawa\\\/\"]}]},{\"@type\":\"BreadcrumbList\",\"@id\":\"https:\\\/\\\/www.sinchisinchi.com\\\/pl\\\/producto\\\/sepa-yawanawa\\\/#breadcrumb\",\"itemListElement\":[{\"@type\":\"ListItem\",\"position\":1,\"name\":\"Pierwsza strona\",\"item\":\"https:\\\/\\\/www.sinchisinchi.com\\\/pl\\\/\"},{\"@type\":\"ListItem\",\"position\":2,\"name\":\"Produkty\",\"item\":\"https:\\\/\\\/www.sinchisinchi.com\\\/pl\\\/shop\\\/\"},{\"@type\":\"ListItem\",\"position\":3,\"name\":\"Sep\u00e1 Yawanaw\u00e1\"}]},{\"@type\":\"WebSite\",\"@id\":\"https:\\\/\\\/www.sinchisinchi.com\\\/pl\\\/#website\",\"url\":\"https:\\\/\\\/www.sinchisinchi.com\\\/pl\\\/\",\"name\":\"SINCHI\",\"description\":\"Sinchi Medicine\",\"publisher\":{\"@id\":\"https:\\\/\\\/www.sinchisinchi.com\\\/pl\\\/#organization\"},\"potentialAction\":[{\"@type\":\"SearchAction\",\"target\":{\"@type\":\"EntryPoint\",\"urlTemplate\":\"https:\\\/\\\/www.sinchisinchi.com\\\/pl\\\/?s={search_term_string}\"},\"query-input\":{\"@type\":\"PropertyValueSpecification\",\"valueRequired\":true,\"valueName\":\"search_term_string\"}}],\"inLanguage\":\"pl-PL\"},{\"@type\":\"Organization\",\"@id\":\"https:\\\/\\\/www.sinchisinchi.com\\\/pl\\\/#organization\",\"name\":\"SINCHI S.L\",\"url\":\"https:\\\/\\\/www.sinchisinchi.com\\\/pl\\\/\",\"logo\":{\"@type\":\"ImageObject\",\"inLanguage\":\"pl-PL\",\"@id\":\"https:\\\/\\\/www.sinchisinchi.com\\\/pl\\\/#\\\/schema\\\/logo\\\/image\\\/\",\"url\":\"https:\\\/\\\/www.sinchisinchi.com\\\/wp-content\\\/uploads\\\/2026\\\/01\\\/3b-Verde-SIMPLIFICADO-HORIZONTAL-F-TRANSPARENTE-scaled.png\",\"contentUrl\":\"https:\\\/\\\/www.sinchisinchi.com\\\/wp-content\\\/uploads\\\/2026\\\/01\\\/3b-Verde-SIMPLIFICADO-HORIZONTAL-F-TRANSPARENTE-scaled.png\",\"width\":2560,\"height\":457,\"caption\":\"SINCHI S.L\"},\"image\":{\"@id\":\"https:\\\/\\\/www.sinchisinchi.com\\\/pl\\\/#\\\/schema\\\/logo\\\/image\\\/\"},\"sameAs\":[\"https:\\\/\\\/www.facebook.com\\\/sinchirape\\\/\",\"https:\\\/\\\/www.instagram.com\\\/sinchi_rape\\\/\"]}]}<\/script>\n<!-- \/ Yoast SEO plugin. -->","yoast_head_json":{"title":"Sep\u00e1 Resin: Sinchi, internetowy sklep szama\u0144ski","description":"\u017bywica Sep\u00e1 o orze\u017awiaj\u0105cym aromacie typowym dla Yawanawy, kt\u00f3rzy wydobywaj\u0105 j\u0105 z drzewa zwanego \"Vixu\u201d. Oczyszcza przedmioty, ludzi i przestrzenie.","robots":{"index":"index","follow":"follow","max-snippet":"max-snippet:-1","max-image-preview":"max-image-preview:large","max-video-preview":"max-video-preview:-1"},"canonical":"https:\/\/www.sinchisinchi.com\/pl\/producto\/sepa-yawanawa\/","og_locale":"pl_PL","og_type":"article","og_title":"Sep\u00e1 Resin: Sinchi, internetowy sklep szama\u0144ski","og_description":"\u017bywica Sep\u00e1 o orze\u017awiaj\u0105cym aromacie typowym dla Yawanawy, kt\u00f3rzy wydobywaj\u0105 j\u0105 z drzewa zwanego \"Vixu\u201d. Oczyszcza przedmioty, ludzi i przestrzenie.","og_url":"https:\/\/www.sinchisinchi.com\/pl\/producto\/sepa-yawanawa\/","og_site_name":"SINCHI RAP\u00c9","article_publisher":"https:\/\/www.facebook.com\/sinchirape\/","twitter_card":"summary_large_image","schema":{"@context":"https:\/\/schema.org","@graph":[{"@type":"WebPage","@id":"https:\/\/www.sinchisinchi.com\/pl\/producto\/sepa-yawanawa\/","url":"https:\/\/www.sinchisinchi.com\/pl\/producto\/sepa-yawanawa\/","name":"Sep\u00e1 Resin: Sinchi, internetowy sklep szama\u0144ski","isPartOf":{"@id":"https:\/\/www.sinchisinchi.com\/pl\/#website"},"datePublished":"2024-04-21T17:33:27+00:00","description":"\u017bywica Sep\u00e1 o orze\u017awiaj\u0105cym aromacie typowym dla Yawanawy, kt\u00f3rzy wydobywaj\u0105 j\u0105 z drzewa zwanego \"Vixu\u201d. Oczyszcza przedmioty, ludzi i przestrzenie.","breadcrumb":{"@id":"https:\/\/www.sinchisinchi.com\/pl\/producto\/sepa-yawanawa\/#breadcrumb"},"inLanguage":"pl-PL","potentialAction":[{"@type":"ReadAction","target":["https:\/\/www.sinchisinchi.com\/pl\/producto\/sepa-yawanawa\/"]}]},{"@type":"BreadcrumbList","@id":"https:\/\/www.sinchisinchi.com\/pl\/producto\/sepa-yawanawa\/#breadcrumb","itemListElement":[{"@type":"ListItem","position":1,"name":"Pierwsza strona","item":"https:\/\/www.sinchisinchi.com\/pl\/"},{"@type":"ListItem","position":2,"name":"Produkty","item":"https:\/\/www.sinchisinchi.com\/pl\/shop\/"},{"@type":"ListItem","position":3,"name":"Sep\u00e1 Yawanaw\u00e1"}]},{"@type":"WebSite","@id":"https:\/\/www.sinchisinchi.com\/pl\/#website","url":"https:\/\/www.sinchisinchi.com\/pl\/","name":"SINCHI","description":"Sinchi Medicine","publisher":{"@id":"https:\/\/www.sinchisinchi.com\/pl\/#organization"},"potentialAction":[{"@type":"SearchAction","target":{"@type":"EntryPoint","urlTemplate":"https:\/\/www.sinchisinchi.com\/pl\/?s={search_term_string}"},"query-input":{"@type":"PropertyValueSpecification","valueRequired":true,"valueName":"search_term_string"}}],"inLanguage":"pl-PL"},{"@type":"Organization","@id":"https:\/\/www.sinchisinchi.com\/pl\/#organization","name":"SINCHI S.L","url":"https:\/\/www.sinchisinchi.com\/pl\/","logo":{"@type":"ImageObject","inLanguage":"pl-PL","@id":"https:\/\/www.sinchisinchi.com\/pl\/#\/schema\/logo\/image\/","url":"https:\/\/www.sinchisinchi.com\/wp-content\/uploads\/2026\/01\/3b-Verde-SIMPLIFICADO-HORIZONTAL-F-TRANSPARENTE-scaled.png","contentUrl":"https:\/\/www.sinchisinchi.com\/wp-content\/uploads\/2026\/01\/3b-Verde-SIMPLIFICADO-HORIZONTAL-F-TRANSPARENTE-scaled.png","width":2560,"height":457,"caption":"SINCHI S.L"},"image":{"@id":"https:\/\/www.sinchisinchi.com\/pl\/#\/schema\/logo\/image\/"},"sameAs":["https:\/\/www.facebook.com\/sinchirape\/","https:\/\/www.instagram.com\/sinchi_rape\/"]}]}},"_links":{"self":[{"href":"https:\/\/www.sinchisinchi.com\/pl\/wp-json\/wp\/v2\/product\/13329","targetHints":{"allow":["GET"]}}],"collection":[{"href":"https:\/\/www.sinchisinchi.com\/pl\/wp-json\/wp\/v2\/product"}],"about":[{"href":"https:\/\/www.sinchisinchi.com\/pl\/wp-json\/wp\/v2\/types\/product"}],"wp:attachment":[{"href":"https:\/\/www.sinchisinchi.com\/pl\/wp-json\/wp\/v2\/media?parent=13329"}],"wp:term":[{"taxonomy":"product_brand","embeddable":true,"href":"https:\/\/www.sinchisinchi.com\/pl\/wp-json\/wp\/v2\/product_brand?post=13329"},{"taxonomy":"product_cat","embeddable":true,"href":"https:\/\/www.sinchisinchi.com\/pl\/wp-json\/wp\/v2\/product_cat?post=13329"},{"taxonomy":"product_tag","embeddable":true,"href":"https:\/\/www.sinchisinchi.com\/pl\/wp-json\/wp\/v2\/product_tag?post=13329"}],"curies":[{"name":"wp","href":"https:\/\/api.w.org\/{rel}","templated":true}]}}