{"id":13339,"date":"2024-04-21T10:36:42","date_gmt":"2024-04-21T10:36:42","guid":{"rendered":"https:\/\/www.sinchisinchi.com\/producto\/mirra-z-peru\/"},"modified":"2024-04-21T10:36:42","modified_gmt":"2024-04-21T10:36:42","slug":"mirra-z-peru","status":"publish","type":"product","link":"https:\/\/www.sinchisinchi.com\/pl\/producto\/mirra-z-peru\/","title":{"rendered":"Mirra z Peru"},"content":{"rendered":"","protected":false},"excerpt":{"rendered":"<p>Mirra peruwia\u0144ska jest wykorzystywana w praktykach duchowych do oczyszczenia, ochrony i po\u0142\u0105czenia z duchowo\u015bci\u0105.<\/p>\n<p>Jego ziemisty i uspokajaj\u0105cy aromat jest ceniony w rytua\u0142ach i ceremoniach, pomagaj\u0105c stworzy\u0107 \u015brodowisko sprzyjaj\u0105ce medytacji i po\u0142\u0105czeniu z bosko\u015bci\u0105. Jest r\u00f3wnie\u017c stosowany w praktykach szama\u0144skich w celu uzdrawiania i r\u00f3wnowagi emocjonalnej.<\/p>\n<p>&nbsp;<\/p>\n<p><strong>Nazwa naukowa:<\/strong> Styrax Pavoni.<\/p>\n<p><strong>Pochodzenie:<\/strong> Peru.<\/p>\n<p><strong>Zapach:<\/strong> G\u0142\u0119boki, ciep\u0142y, lekko s\u0142odki.<\/p>\n","protected":false},"featured_media":0,"template":"","meta":{"_joinchat":[]},"product_brand":[],"product_cat":[197],"product_tag":[],"class_list":{"0":"post-13339","1":"product","2":"type-product","3":"status-publish","5":"product_cat-resins-pl","7":"first","8":"instock","9":"taxable","10":"shipping-taxable","11":"product-type-simple"},"yoast_head":"<!-- This site is optimized with the Yoast SEO plugin v27.1.1 - https:\/\/yoast.com\/product\/yoast-seo-wordpress\/ -->\n<title>Mirra z Peru: Sinchi, internetowy sklep szama\u0144ski<\/title>\n<meta name=\"description\" content=\"Jego ziemisty i uspokajaj\u0105cy aromat jest ceniony w rytua\u0142ach i ceremoniach, pomagaj\u0105c stworzy\u0107 \u015brodowisko sprzyjaj\u0105ce medytacji i po\u0142\u0105czeniu z bosko\u015bci\u0105.\" \/>\n<meta name=\"robots\" content=\"index, follow, max-snippet:-1, max-image-preview:large, max-video-preview:-1\" \/>\n<link rel=\"canonical\" href=\"https:\/\/www.sinchisinchi.com\/pl\/producto\/mirra-z-peru\/\" \/>\n<meta property=\"og:locale\" content=\"pl_PL\" \/>\n<meta property=\"og:type\" content=\"article\" \/>\n<meta property=\"og:title\" content=\"Mirra z Peru: Sinchi, internetowy sklep szama\u0144ski\" \/>\n<meta property=\"og:description\" content=\"Jego ziemisty i uspokajaj\u0105cy aromat jest ceniony w rytua\u0142ach i ceremoniach, pomagaj\u0105c stworzy\u0107 \u015brodowisko sprzyjaj\u0105ce medytacji i po\u0142\u0105czeniu z bosko\u015bci\u0105.\" \/>\n<meta property=\"og:url\" content=\"https:\/\/www.sinchisinchi.com\/pl\/producto\/mirra-z-peru\/\" \/>\n<meta property=\"og:site_name\" content=\"SINCHI RAP\u00c9\" \/>\n<meta property=\"article:publisher\" content=\"https:\/\/www.facebook.com\/sinchirape\/\" \/>\n<meta name=\"twitter:card\" content=\"summary_large_image\" \/>\n<script type=\"application\/ld+json\" class=\"yoast-schema-graph\">{\"@context\":\"https:\/\/schema.org\",\"@graph\":[{\"@type\":\"WebPage\",\"@id\":\"https:\/\/www.sinchisinchi.com\/pl\/producto\/mirra-z-peru\/\",\"url\":\"https:\/\/www.sinchisinchi.com\/pl\/producto\/mirra-z-peru\/\",\"name\":\"Mirra z Peru: Sinchi, internetowy sklep szama\u0144ski\",\"isPartOf\":{\"@id\":\"https:\/\/www.sinchisinchi.com\/pl\/#website\"},\"datePublished\":\"2024-04-21T10:36:42+00:00\",\"description\":\"Jego ziemisty i uspokajaj\u0105cy aromat jest ceniony w rytua\u0142ach i ceremoniach, pomagaj\u0105c stworzy\u0107 \u015brodowisko sprzyjaj\u0105ce medytacji i po\u0142\u0105czeniu z bosko\u015bci\u0105.\",\"breadcrumb\":{\"@id\":\"https:\/\/www.sinchisinchi.com\/pl\/producto\/mirra-z-peru\/#breadcrumb\"},\"inLanguage\":\"pl-PL\",\"potentialAction\":[{\"@type\":\"ReadAction\",\"target\":[\"https:\/\/www.sinchisinchi.com\/pl\/producto\/mirra-z-peru\/\"]}]},{\"@type\":\"BreadcrumbList\",\"@id\":\"https:\/\/www.sinchisinchi.com\/pl\/producto\/mirra-z-peru\/#breadcrumb\",\"itemListElement\":[{\"@type\":\"ListItem\",\"position\":1,\"name\":\"Pierwsza strona\",\"item\":\"https:\/\/www.sinchisinchi.com\/pl\/\"},{\"@type\":\"ListItem\",\"position\":2,\"name\":\"Produkty\",\"item\":\"https:\/\/www.sinchisinchi.com\/pl\/shop\/\"},{\"@type\":\"ListItem\",\"position\":3,\"name\":\"Mirra z Peru\"}]},{\"@type\":\"WebSite\",\"@id\":\"https:\/\/www.sinchisinchi.com\/pl\/#website\",\"url\":\"https:\/\/www.sinchisinchi.com\/pl\/\",\"name\":\"SINCHI\",\"description\":\"Sinchi Medicine\",\"publisher\":{\"@id\":\"https:\/\/www.sinchisinchi.com\/pl\/#organization\"},\"potentialAction\":[{\"@type\":\"SearchAction\",\"target\":{\"@type\":\"EntryPoint\",\"urlTemplate\":\"https:\/\/www.sinchisinchi.com\/pl\/?s={search_term_string}\"},\"query-input\":{\"@type\":\"PropertyValueSpecification\",\"valueRequired\":true,\"valueName\":\"search_term_string\"}}],\"inLanguage\":\"pl-PL\"},{\"@type\":\"Organization\",\"@id\":\"https:\/\/www.sinchisinchi.com\/pl\/#organization\",\"name\":\"SINCHI S.L\",\"url\":\"https:\/\/www.sinchisinchi.com\/pl\/\",\"logo\":{\"@type\":\"ImageObject\",\"inLanguage\":\"pl-PL\",\"@id\":\"https:\/\/www.sinchisinchi.com\/pl\/#\/schema\/logo\/image\/\",\"url\":\"https:\/\/www.sinchisinchi.com\/wp-content\/uploads\/2026\/01\/3b-Verde-SIMPLIFICADO-HORIZONTAL-F-TRANSPARENTE-scaled.png\",\"contentUrl\":\"https:\/\/www.sinchisinchi.com\/wp-content\/uploads\/2026\/01\/3b-Verde-SIMPLIFICADO-HORIZONTAL-F-TRANSPARENTE-scaled.png\",\"width\":2560,\"height\":457,\"caption\":\"SINCHI S.L\"},\"image\":{\"@id\":\"https:\/\/www.sinchisinchi.com\/pl\/#\/schema\/logo\/image\/\"},\"sameAs\":[\"https:\/\/www.facebook.com\/sinchirape\/\",\"https:\/\/www.instagram.com\/sinchi_rape\/\"]}]}<\/script>\n<!-- \/ Yoast SEO plugin. -->","yoast_head_json":{"title":"Mirra z Peru: Sinchi, internetowy sklep szama\u0144ski","description":"Jego ziemisty i uspokajaj\u0105cy aromat jest ceniony w rytua\u0142ach i ceremoniach, pomagaj\u0105c stworzy\u0107 \u015brodowisko sprzyjaj\u0105ce medytacji i po\u0142\u0105czeniu z bosko\u015bci\u0105.","robots":{"index":"index","follow":"follow","max-snippet":"max-snippet:-1","max-image-preview":"max-image-preview:large","max-video-preview":"max-video-preview:-1"},"canonical":"https:\/\/www.sinchisinchi.com\/pl\/producto\/mirra-z-peru\/","og_locale":"pl_PL","og_type":"article","og_title":"Mirra z Peru: Sinchi, internetowy sklep szama\u0144ski","og_description":"Jego ziemisty i uspokajaj\u0105cy aromat jest ceniony w rytua\u0142ach i ceremoniach, pomagaj\u0105c stworzy\u0107 \u015brodowisko sprzyjaj\u0105ce medytacji i po\u0142\u0105czeniu z bosko\u015bci\u0105.","og_url":"https:\/\/www.sinchisinchi.com\/pl\/producto\/mirra-z-peru\/","og_site_name":"SINCHI RAP\u00c9","article_publisher":"https:\/\/www.facebook.com\/sinchirape\/","twitter_card":"summary_large_image","schema":{"@context":"https:\/\/schema.org","@graph":[{"@type":"WebPage","@id":"https:\/\/www.sinchisinchi.com\/pl\/producto\/mirra-z-peru\/","url":"https:\/\/www.sinchisinchi.com\/pl\/producto\/mirra-z-peru\/","name":"Mirra z Peru: Sinchi, internetowy sklep szama\u0144ski","isPartOf":{"@id":"https:\/\/www.sinchisinchi.com\/pl\/#website"},"datePublished":"2024-04-21T10:36:42+00:00","description":"Jego ziemisty i uspokajaj\u0105cy aromat jest ceniony w rytua\u0142ach i ceremoniach, pomagaj\u0105c stworzy\u0107 \u015brodowisko sprzyjaj\u0105ce medytacji i po\u0142\u0105czeniu z bosko\u015bci\u0105.","breadcrumb":{"@id":"https:\/\/www.sinchisinchi.com\/pl\/producto\/mirra-z-peru\/#breadcrumb"},"inLanguage":"pl-PL","potentialAction":[{"@type":"ReadAction","target":["https:\/\/www.sinchisinchi.com\/pl\/producto\/mirra-z-peru\/"]}]},{"@type":"BreadcrumbList","@id":"https:\/\/www.sinchisinchi.com\/pl\/producto\/mirra-z-peru\/#breadcrumb","itemListElement":[{"@type":"ListItem","position":1,"name":"Pierwsza strona","item":"https:\/\/www.sinchisinchi.com\/pl\/"},{"@type":"ListItem","position":2,"name":"Produkty","item":"https:\/\/www.sinchisinchi.com\/pl\/shop\/"},{"@type":"ListItem","position":3,"name":"Mirra z Peru"}]},{"@type":"WebSite","@id":"https:\/\/www.sinchisinchi.com\/pl\/#website","url":"https:\/\/www.sinchisinchi.com\/pl\/","name":"SINCHI","description":"Sinchi Medicine","publisher":{"@id":"https:\/\/www.sinchisinchi.com\/pl\/#organization"},"potentialAction":[{"@type":"SearchAction","target":{"@type":"EntryPoint","urlTemplate":"https:\/\/www.sinchisinchi.com\/pl\/?s={search_term_string}"},"query-input":{"@type":"PropertyValueSpecification","valueRequired":true,"valueName":"search_term_string"}}],"inLanguage":"pl-PL"},{"@type":"Organization","@id":"https:\/\/www.sinchisinchi.com\/pl\/#organization","name":"SINCHI S.L","url":"https:\/\/www.sinchisinchi.com\/pl\/","logo":{"@type":"ImageObject","inLanguage":"pl-PL","@id":"https:\/\/www.sinchisinchi.com\/pl\/#\/schema\/logo\/image\/","url":"https:\/\/www.sinchisinchi.com\/wp-content\/uploads\/2026\/01\/3b-Verde-SIMPLIFICADO-HORIZONTAL-F-TRANSPARENTE-scaled.png","contentUrl":"https:\/\/www.sinchisinchi.com\/wp-content\/uploads\/2026\/01\/3b-Verde-SIMPLIFICADO-HORIZONTAL-F-TRANSPARENTE-scaled.png","width":2560,"height":457,"caption":"SINCHI S.L"},"image":{"@id":"https:\/\/www.sinchisinchi.com\/pl\/#\/schema\/logo\/image\/"},"sameAs":["https:\/\/www.facebook.com\/sinchirape\/","https:\/\/www.instagram.com\/sinchi_rape\/"]}]}},"_links":{"self":[{"href":"https:\/\/www.sinchisinchi.com\/pl\/wp-json\/wp\/v2\/product\/13339","targetHints":{"allow":["GET"]}}],"collection":[{"href":"https:\/\/www.sinchisinchi.com\/pl\/wp-json\/wp\/v2\/product"}],"about":[{"href":"https:\/\/www.sinchisinchi.com\/pl\/wp-json\/wp\/v2\/types\/product"}],"wp:attachment":[{"href":"https:\/\/www.sinchisinchi.com\/pl\/wp-json\/wp\/v2\/media?parent=13339"}],"wp:term":[{"taxonomy":"product_brand","embeddable":true,"href":"https:\/\/www.sinchisinchi.com\/pl\/wp-json\/wp\/v2\/product_brand?post=13339"},{"taxonomy":"product_cat","embeddable":true,"href":"https:\/\/www.sinchisinchi.com\/pl\/wp-json\/wp\/v2\/product_cat?post=13339"},{"taxonomy":"product_tag","embeddable":true,"href":"https:\/\/www.sinchisinchi.com\/pl\/wp-json\/wp\/v2\/product_tag?post=13339"}],"curies":[{"name":"wp","href":"https:\/\/api.w.org\/{rel}","templated":true}]}}