{"id":13355,"date":"2024-04-20T18:45:43","date_gmt":"2024-04-20T18:45:43","guid":{"rendered":"https:\/\/www.sinchisinchi.com\/producto\/copal-manila\/"},"modified":"2024-07-05T07:47:02","modified_gmt":"2024-07-05T07:47:02","slug":"copal-manila","status":"publish","type":"product","link":"https:\/\/www.sinchisinchi.com\/pl\/producto\/copal-manila\/","title":{"rendered":"Copal Manila"},"content":{"rendered":"<h2 style=\"text-align: center;\"><span style=\"color: #000000;\">Drzewa kopalowe: rodzaje Bursera i Protium<\/span><\/h2>\n<p><span style=\"color: #000000;\">Kopal pochodzi z drzew nale\u017c\u0105cych do rodziny Burseraceae, a konkretnie z rodzaj\u00f3w Bursera i Protium.<\/span><\/p>\n<p><span style=\"color: #000000;\">Termin kopal wywodzi si\u0119 od s\u0142owa copalli w j\u0119zyku nahuatl, kt\u00f3rym okre\u015bla si\u0119 r\u00f3\u017cne \u017cywice aromatyczne: m.in. kopale z Afryki Wschodniej (z Zanzibaru, Madagaskaru i Mozambiku), z Manili (Indonezja, Filipiny, Malezja i Indie Wschodnie).<\/span><\/p>\n<p><span style=\"color: #000000;\">Kopale to typowe drzewa niskich las\u00f3w li\u015bciastych, czyli ro\u015blinno\u015b\u0107 rozwijaj\u0105ca si\u0119 w miejscach, gdzie przez ponad cztery miesi\u0105ce w roku panuje bardzo silna susza, kt\u00f3ra powoduje, \u017ce drzewa zrzucaj\u0105 wszystkie li\u015bcie, a nast\u0119pnie wraz z deszczami zazieleniaj\u0105 si\u0119.<\/span><\/p>\n<p><span style=\"color: #000000;\">Wi\u0119kszo\u015b\u0107 kopali wytwarza kwiaty na pocz\u0105tku pory deszczowej. Kwiaty pojawiaj\u0105 si\u0119 w tym samym czasie, co p\u0119dy li\u015bci, a kwitnienie jest szybkie.<\/span><\/p>\n<p><span style=\"color: #000000;\">Bursera Bipinnata reprezentuje ro\u015bliny, kt\u00f3re s\u0105 preferowane do pozyskiwania bia\u0142ego kopalu, ale tak\u017ce drzewa na drugim miejscu s\u0105 zbierane ze wzgl\u0119du na \u017cywic\u0119, kt\u00f3r\u0105 wydzielaj\u0105 w spos\u00f3b naturalny i kt\u00f3ra jest znana pod r\u00f3\u017cnymi nazwami: kopal kamienny, kopal czarny, guma kopalowa.<\/span><\/p>\n","protected":false},"excerpt":{"rendered":"<p><span style=\"color: #000000;\">Kopal manilski to \u017cywica otrzymywana z gatunku drzewa Hymenaea courbaril, wyst\u0119puj\u0105cego w Ameryce \u015arodkowej i Po\u0142udniowej.<\/span><\/p>\n<p><span style=\"color: #000000;\">Kopal manilski ma s\u0142odki, balsamiczny i drzewny aromat. Cz\u0119sto wykorzystywana jest w ceremoniach oczyszczenia i duchowego oczyszczenia, uwa\u017cana za jedn\u0105 z naj\u015bwi\u0119tszych i najcenniejszych \u017cywic w rdzennej kulturze Ameryki \u015arodkowej i Po\u0142udniowej.<\/span><\/p>\n<p><span style=\"color: #000000;\"><strong>Spos\u00f3b u\u017cycia:<\/strong> Rozpal w\u0119giel drzewny i wlej na niego odrobin\u0119 \u017cywicy. \u017bywica topi si\u0119, uwalniaj\u0105c sw\u00f3j zapach w powietrzu przez kilka minut.<\/span><\/p>\n<p><span style=\"color: #000000;\"><strong>Rozmiar:<\/strong> 50g<\/span><\/p>\n","protected":false},"featured_media":15749,"template":"","meta":{"_joinchat":[]},"product_brand":[],"product_cat":[338],"product_tag":[],"class_list":{"0":"post-13355","1":"product","2":"type-product","3":"status-publish","4":"has-post-thumbnail","6":"product_cat-kopal-pl","8":"first","9":"instock","10":"taxable","11":"shipping-taxable","12":"purchasable","13":"product-type-simple"},"yoast_head":"<!-- This site is optimized with the Yoast SEO plugin v27.4 - https:\/\/yoast.com\/product\/yoast-seo-wordpress\/ -->\n<title>Copal Manila z Amazonii: internetowy sklep szama\u0144ski<\/title>\n<meta name=\"description\" content=\"Kopal manilski ma s\u0142odki, balsamiczny i drzewny aromat, u\u017cywany jest podczas ceremonii jako jedna z naj\u015bwi\u0119tszych \u017cywic.\" \/>\n<meta name=\"robots\" content=\"index, follow, max-snippet:-1, max-image-preview:large, max-video-preview:-1\" \/>\n<link rel=\"canonical\" href=\"https:\/\/www.sinchisinchi.com\/pl\/producto\/copal-manila\/\" \/>\n<meta property=\"og:locale\" content=\"pl_PL\" \/>\n<meta property=\"og:type\" content=\"article\" \/>\n<meta property=\"og:title\" content=\"Copal Manila z Amazonii: internetowy sklep szama\u0144ski\" \/>\n<meta property=\"og:description\" content=\"Kopal manilski ma s\u0142odki, balsamiczny i drzewny aromat, u\u017cywany jest podczas ceremonii jako jedna z naj\u015bwi\u0119tszych \u017cywic.\" \/>\n<meta property=\"og:url\" content=\"https:\/\/www.sinchisinchi.com\/pl\/producto\/copal-manila\/\" \/>\n<meta property=\"og:site_name\" content=\"SINCHI RAP\u00c9\" \/>\n<meta property=\"article:publisher\" content=\"https:\/\/www.facebook.com\/sinchirape\/\" \/>\n<meta property=\"article:modified_time\" content=\"2024-07-05T07:47:02+00:00\" \/>\n<meta property=\"og:image\" content=\"https:\/\/www.sinchisinchi.com\/wp-content\/uploads\/2024\/04\/copal-manila.png\" \/>\n\t<meta property=\"og:image:width\" content=\"600\" \/>\n\t<meta property=\"og:image:height\" content=\"600\" \/>\n\t<meta property=\"og:image:type\" content=\"image\/png\" \/>\n<meta name=\"twitter:card\" content=\"summary_large_image\" \/>\n<meta name=\"twitter:label1\" content=\"Szacowany czas czytania\" \/>\n\t<meta name=\"twitter:data1\" content=\"1 minuta\" \/>\n<script type=\"application\/ld+json\" class=\"yoast-schema-graph\">{\"@context\":\"https:\\\/\\\/schema.org\",\"@graph\":[{\"@type\":\"WebPage\",\"@id\":\"https:\\\/\\\/www.sinchisinchi.com\\\/pl\\\/producto\\\/copal-manila\\\/\",\"url\":\"https:\\\/\\\/www.sinchisinchi.com\\\/pl\\\/producto\\\/copal-manila\\\/\",\"name\":\"Copal Manila z Amazonii: internetowy sklep szama\u0144ski\",\"isPartOf\":{\"@id\":\"https:\\\/\\\/www.sinchisinchi.com\\\/pl\\\/#website\"},\"primaryImageOfPage\":{\"@id\":\"https:\\\/\\\/www.sinchisinchi.com\\\/pl\\\/producto\\\/copal-manila\\\/#primaryimage\"},\"image\":{\"@id\":\"https:\\\/\\\/www.sinchisinchi.com\\\/pl\\\/producto\\\/copal-manila\\\/#primaryimage\"},\"thumbnailUrl\":\"https:\\\/\\\/www.sinchisinchi.com\\\/wp-content\\\/uploads\\\/2024\\\/04\\\/copal-manila.png\",\"datePublished\":\"2024-04-20T18:45:43+00:00\",\"dateModified\":\"2024-07-05T07:47:02+00:00\",\"description\":\"Kopal manilski ma s\u0142odki, balsamiczny i drzewny aromat, u\u017cywany jest podczas ceremonii jako jedna z naj\u015bwi\u0119tszych \u017cywic.\",\"breadcrumb\":{\"@id\":\"https:\\\/\\\/www.sinchisinchi.com\\\/pl\\\/producto\\\/copal-manila\\\/#breadcrumb\"},\"inLanguage\":\"pl-PL\",\"potentialAction\":[{\"@type\":\"ReadAction\",\"target\":[\"https:\\\/\\\/www.sinchisinchi.com\\\/pl\\\/producto\\\/copal-manila\\\/\"]}]},{\"@type\":\"ImageObject\",\"inLanguage\":\"pl-PL\",\"@id\":\"https:\\\/\\\/www.sinchisinchi.com\\\/pl\\\/producto\\\/copal-manila\\\/#primaryimage\",\"url\":\"https:\\\/\\\/www.sinchisinchi.com\\\/wp-content\\\/uploads\\\/2024\\\/04\\\/copal-manila.png\",\"contentUrl\":\"https:\\\/\\\/www.sinchisinchi.com\\\/wp-content\\\/uploads\\\/2024\\\/04\\\/copal-manila.png\",\"width\":600,\"height\":600},{\"@type\":\"BreadcrumbList\",\"@id\":\"https:\\\/\\\/www.sinchisinchi.com\\\/pl\\\/producto\\\/copal-manila\\\/#breadcrumb\",\"itemListElement\":[{\"@type\":\"ListItem\",\"position\":1,\"name\":\"Pierwsza strona\",\"item\":\"https:\\\/\\\/www.sinchisinchi.com\\\/pl\\\/\"},{\"@type\":\"ListItem\",\"position\":2,\"name\":\"Produkty\",\"item\":\"https:\\\/\\\/www.sinchisinchi.com\\\/pl\\\/shop\\\/\"},{\"@type\":\"ListItem\",\"position\":3,\"name\":\"Copal Manila\"}]},{\"@type\":\"WebSite\",\"@id\":\"https:\\\/\\\/www.sinchisinchi.com\\\/pl\\\/#website\",\"url\":\"https:\\\/\\\/www.sinchisinchi.com\\\/pl\\\/\",\"name\":\"SINCHI\",\"description\":\"Sinchi Medicine\",\"publisher\":{\"@id\":\"https:\\\/\\\/www.sinchisinchi.com\\\/pl\\\/#organization\"},\"potentialAction\":[{\"@type\":\"SearchAction\",\"target\":{\"@type\":\"EntryPoint\",\"urlTemplate\":\"https:\\\/\\\/www.sinchisinchi.com\\\/pl\\\/?s={search_term_string}\"},\"query-input\":{\"@type\":\"PropertyValueSpecification\",\"valueRequired\":true,\"valueName\":\"search_term_string\"}}],\"inLanguage\":\"pl-PL\"},{\"@type\":\"Organization\",\"@id\":\"https:\\\/\\\/www.sinchisinchi.com\\\/pl\\\/#organization\",\"name\":\"SINCHI S.L\",\"url\":\"https:\\\/\\\/www.sinchisinchi.com\\\/pl\\\/\",\"logo\":{\"@type\":\"ImageObject\",\"inLanguage\":\"pl-PL\",\"@id\":\"https:\\\/\\\/www.sinchisinchi.com\\\/pl\\\/#\\\/schema\\\/logo\\\/image\\\/\",\"url\":\"https:\\\/\\\/www.sinchisinchi.com\\\/wp-content\\\/uploads\\\/2026\\\/01\\\/3b-Verde-SIMPLIFICADO-HORIZONTAL-F-TRANSPARENTE-scaled.png\",\"contentUrl\":\"https:\\\/\\\/www.sinchisinchi.com\\\/wp-content\\\/uploads\\\/2026\\\/01\\\/3b-Verde-SIMPLIFICADO-HORIZONTAL-F-TRANSPARENTE-scaled.png\",\"width\":2560,\"height\":457,\"caption\":\"SINCHI S.L\"},\"image\":{\"@id\":\"https:\\\/\\\/www.sinchisinchi.com\\\/pl\\\/#\\\/schema\\\/logo\\\/image\\\/\"},\"sameAs\":[\"https:\\\/\\\/www.facebook.com\\\/sinchirape\\\/\",\"https:\\\/\\\/www.instagram.com\\\/sinchi_rape\\\/\"]}]}<\/script>\n<!-- \/ Yoast SEO plugin. -->","yoast_head_json":{"title":"Copal Manila z Amazonii: internetowy sklep szama\u0144ski","description":"Kopal manilski ma s\u0142odki, balsamiczny i drzewny aromat, u\u017cywany jest podczas ceremonii jako jedna z naj\u015bwi\u0119tszych \u017cywic.","robots":{"index":"index","follow":"follow","max-snippet":"max-snippet:-1","max-image-preview":"max-image-preview:large","max-video-preview":"max-video-preview:-1"},"canonical":"https:\/\/www.sinchisinchi.com\/pl\/producto\/copal-manila\/","og_locale":"pl_PL","og_type":"article","og_title":"Copal Manila z Amazonii: internetowy sklep szama\u0144ski","og_description":"Kopal manilski ma s\u0142odki, balsamiczny i drzewny aromat, u\u017cywany jest podczas ceremonii jako jedna z naj\u015bwi\u0119tszych \u017cywic.","og_url":"https:\/\/www.sinchisinchi.com\/pl\/producto\/copal-manila\/","og_site_name":"SINCHI RAP\u00c9","article_publisher":"https:\/\/www.facebook.com\/sinchirape\/","article_modified_time":"2024-07-05T07:47:02+00:00","og_image":[{"width":600,"height":600,"url":"https:\/\/www.sinchisinchi.com\/wp-content\/uploads\/2024\/04\/copal-manila.png","type":"image\/png"}],"twitter_card":"summary_large_image","twitter_misc":{"Szacowany czas czytania":"1 minuta"},"schema":{"@context":"https:\/\/schema.org","@graph":[{"@type":"WebPage","@id":"https:\/\/www.sinchisinchi.com\/pl\/producto\/copal-manila\/","url":"https:\/\/www.sinchisinchi.com\/pl\/producto\/copal-manila\/","name":"Copal Manila z Amazonii: internetowy sklep szama\u0144ski","isPartOf":{"@id":"https:\/\/www.sinchisinchi.com\/pl\/#website"},"primaryImageOfPage":{"@id":"https:\/\/www.sinchisinchi.com\/pl\/producto\/copal-manila\/#primaryimage"},"image":{"@id":"https:\/\/www.sinchisinchi.com\/pl\/producto\/copal-manila\/#primaryimage"},"thumbnailUrl":"https:\/\/www.sinchisinchi.com\/wp-content\/uploads\/2024\/04\/copal-manila.png","datePublished":"2024-04-20T18:45:43+00:00","dateModified":"2024-07-05T07:47:02+00:00","description":"Kopal manilski ma s\u0142odki, balsamiczny i drzewny aromat, u\u017cywany jest podczas ceremonii jako jedna z naj\u015bwi\u0119tszych \u017cywic.","breadcrumb":{"@id":"https:\/\/www.sinchisinchi.com\/pl\/producto\/copal-manila\/#breadcrumb"},"inLanguage":"pl-PL","potentialAction":[{"@type":"ReadAction","target":["https:\/\/www.sinchisinchi.com\/pl\/producto\/copal-manila\/"]}]},{"@type":"ImageObject","inLanguage":"pl-PL","@id":"https:\/\/www.sinchisinchi.com\/pl\/producto\/copal-manila\/#primaryimage","url":"https:\/\/www.sinchisinchi.com\/wp-content\/uploads\/2024\/04\/copal-manila.png","contentUrl":"https:\/\/www.sinchisinchi.com\/wp-content\/uploads\/2024\/04\/copal-manila.png","width":600,"height":600},{"@type":"BreadcrumbList","@id":"https:\/\/www.sinchisinchi.com\/pl\/producto\/copal-manila\/#breadcrumb","itemListElement":[{"@type":"ListItem","position":1,"name":"Pierwsza strona","item":"https:\/\/www.sinchisinchi.com\/pl\/"},{"@type":"ListItem","position":2,"name":"Produkty","item":"https:\/\/www.sinchisinchi.com\/pl\/shop\/"},{"@type":"ListItem","position":3,"name":"Copal Manila"}]},{"@type":"WebSite","@id":"https:\/\/www.sinchisinchi.com\/pl\/#website","url":"https:\/\/www.sinchisinchi.com\/pl\/","name":"SINCHI","description":"Sinchi Medicine","publisher":{"@id":"https:\/\/www.sinchisinchi.com\/pl\/#organization"},"potentialAction":[{"@type":"SearchAction","target":{"@type":"EntryPoint","urlTemplate":"https:\/\/www.sinchisinchi.com\/pl\/?s={search_term_string}"},"query-input":{"@type":"PropertyValueSpecification","valueRequired":true,"valueName":"search_term_string"}}],"inLanguage":"pl-PL"},{"@type":"Organization","@id":"https:\/\/www.sinchisinchi.com\/pl\/#organization","name":"SINCHI S.L","url":"https:\/\/www.sinchisinchi.com\/pl\/","logo":{"@type":"ImageObject","inLanguage":"pl-PL","@id":"https:\/\/www.sinchisinchi.com\/pl\/#\/schema\/logo\/image\/","url":"https:\/\/www.sinchisinchi.com\/wp-content\/uploads\/2026\/01\/3b-Verde-SIMPLIFICADO-HORIZONTAL-F-TRANSPARENTE-scaled.png","contentUrl":"https:\/\/www.sinchisinchi.com\/wp-content\/uploads\/2026\/01\/3b-Verde-SIMPLIFICADO-HORIZONTAL-F-TRANSPARENTE-scaled.png","width":2560,"height":457,"caption":"SINCHI S.L"},"image":{"@id":"https:\/\/www.sinchisinchi.com\/pl\/#\/schema\/logo\/image\/"},"sameAs":["https:\/\/www.facebook.com\/sinchirape\/","https:\/\/www.instagram.com\/sinchi_rape\/"]}]}},"_links":{"self":[{"href":"https:\/\/www.sinchisinchi.com\/pl\/wp-json\/wp\/v2\/product\/13355","targetHints":{"allow":["GET"]}}],"collection":[{"href":"https:\/\/www.sinchisinchi.com\/pl\/wp-json\/wp\/v2\/product"}],"about":[{"href":"https:\/\/www.sinchisinchi.com\/pl\/wp-json\/wp\/v2\/types\/product"}],"wp:featuredmedia":[{"embeddable":true,"href":"https:\/\/www.sinchisinchi.com\/pl\/wp-json\/wp\/v2\/media\/15749"}],"wp:attachment":[{"href":"https:\/\/www.sinchisinchi.com\/pl\/wp-json\/wp\/v2\/media?parent=13355"}],"wp:term":[{"taxonomy":"product_brand","embeddable":true,"href":"https:\/\/www.sinchisinchi.com\/pl\/wp-json\/wp\/v2\/product_brand?post=13355"},{"taxonomy":"product_cat","embeddable":true,"href":"https:\/\/www.sinchisinchi.com\/pl\/wp-json\/wp\/v2\/product_cat?post=13355"},{"taxonomy":"product_tag","embeddable":true,"href":"https:\/\/www.sinchisinchi.com\/pl\/wp-json\/wp\/v2\/product_tag?post=13355"}],"curies":[{"name":"wp","href":"https:\/\/api.w.org\/{rel}","templated":true}]}}