{"id":13373,"date":"2024-04-22T12:17:03","date_gmt":"2024-04-22T12:17:03","guid":{"rendered":"https:\/\/www.sinchisinchi.com\/producto\/osle-mleko\/"},"modified":"2024-05-21T12:26:38","modified_gmt":"2024-05-21T12:26:38","slug":"osle-mleko","status":"publish","type":"product","link":"https:\/\/www.sinchisinchi.com\/pl\/producto\/osle-mleko\/","title":{"rendered":"O\u015ble Mleko"},"content":{"rendered":"<p><span style=\"color: #000000;\">Pierwszym autorem, kt\u00f3ry napisa\u0142 o leczniczych w\u0142a\u015bciwo\u015bciach o\u015blego mleka, by\u0142 grecki lekarz <strong>Hipokra<span style=\"color: #000000;\">tes,<\/span><\/strong> ojciec medycyny, kt\u00f3ry przepisywa\u0142 je na liczne schorzenia. (375 p.n.e.)<\/span><\/p>\n<p><span style=\"color: #000000;\">Rzymianie z o\u015blego mleka robili luksusowy nap\u00f3j, a tak\u017ce produkty kosmetyczne.<\/span><\/p>\n<p><span style=\"color: #000000;\">Doskona\u0142e w\u0142a\u015bciwo\u015bci o\u015blego mleka by\u0142y dobrze znane papie\u017cowi, cesarzowej Rzymu i<strong> \u017conie Neron<\/strong>a, kt\u00f3ry opr\u00f3cz k\u0105pieli w o\u015blim mleku wynalaz\u0142 maseczk\u0119 nas\u0105czon\u0105 tym mlekiem do twarzy, aby piel\u0119gnowa\u0107 i utrzymywa\u0107 g\u0142adko\u015b\u0107 sk\u00f3ry . Twoja sk\u00f3ra.<\/span><\/p>\n<p><span style=\"color: #000000;\">Siostra Napoleona, Paulina, r\u00f3wnie\u017c stosowa\u0142a o\u015ble mleko, aby piel\u0119gnowa\u0107 i zachowa\u0107 m\u0142odo\u015b\u0107 sk\u00f3ry.<\/span><\/p>\n<p><span style=\"color: #000000;\">Myd\u0142o marsylskie jest cenione ze wzgl\u0119du na liczne zastosowania i zalety. Jego hipoalergiczne w\u0142a\u015bciwo\u015bci i mi\u0119kko\u015b\u0107 sprawiaj\u0105, \u017ce jest idealny dla sk\u00f3ry wra\u017cliwej i do codziennego u\u017cytku.<\/span><\/p>\n<p><span style=\"color: #000000;\">Ma w\u0142a\u015bciwo\u015bci antyseptyczne i lecznicze. Przyczynia si\u0119 do utrzymania pH sk\u00f3ry na odpowiednim poziomie.<\/span><\/p>\n","protected":false},"excerpt":{"rendered":"<p><span style=\"color: #000000;\">Myd\u0142o z o\u015blim mlekiem to doskona\u0142y sprzymierzeniec sk\u00f3ry i zabieg\u00f3w piel\u0119gnacyjnych. O\u015ble mleko to jeden z najbardziej poszukiwanych kosmetyk\u00f3w, ze wzgl\u0119du na swoje w\u0142a\u015bciwo\u015bci znane ju\u017c w staro\u017cytno\u015bci.<\/span><\/p>\n<p><span style=\"color: #000000;\"><strong>Kleopatra,<\/strong> podobnie jak inne kr\u00f3lowe i ksi\u0119\u017cniczki staro\u017cytnych cywilizacji, k\u0105pa\u0142a si\u0119 z tym bogatym w sk\u0142adniki od\u017cywcze mlekiem, aby zachowa\u0107 m\u0142odo\u015b\u0107 i g\u0142adko\u015b\u0107 sk\u00f3ry. Legenda g\u0142osi, \u017ce Kleopatra posiada\u0142a stado licz\u0105ce <strong>300 os\u0142\u00f3w<\/strong> przeznaczonych do tego celu.<\/span><\/p>\n<p><span style=\"color: #000000;\">O\u015ble mleko jest bogate w witaminy A, B1, B2, B6, C, D, E i minera\u0142y, a tak\u017ce kwasy t\u0142uszczowe.<\/span><\/p>\n<p><span style=\"color: #000000;\">Jest szczeg\u00f3lnie przydatny w piel\u0119gnacji sk\u00f3ry suchej i wra\u017cliwej ze wzgl\u0119du na w\u0142a\u015bciwo\u015bci nawil\u017caj\u0105ce i bogactwo minera\u0142\u00f3w, takich jak wap\u0144, fosfor, \u017celazo, cynk i magnez. Wzmacnia tkank\u0119 sk\u00f3rn\u0105.<\/span><\/p>\n<p><span style=\"color: #000000;\">Pomaga zapobiega\u0107 i redukowa\u0107 zmarszczki poprzez stymulacj\u0119 kom\u00f3rek dzi\u0119ki dzia\u0142aniu regeneruj\u0105cemu i przeciwutleniaj\u0105cemu. Dzi\u0119ki swoim zdolno\u015bciom regeneracyjnym i temu, \u017ce wzmacnia wzrost kom\u00f3rek, jest przydatny do usuwania \u015blad\u00f3w sk\u00f3ry.<\/span><\/p>\n<p><span style=\"color: #000000;\">Mleko o\u015ble jest najbli\u017csze mleku matki, bardzo r\u00f3\u017cni si\u0119 od mleka prze\u017cuwaczy, kt\u00f3re maj\u0105 kilka \u017co\u0142\u0105dk\u00f3w i kt\u00f3re ze wzgl\u0119du na wyd\u0142u\u017cony, trzydniowy proces trawienia utleniaj\u0105 kwasy t\u0142uszczowe i witaminy.<\/span><\/p>\n<p><span style=\"color: #000000;\"><strong>Rozmiar:<\/strong> 125g<\/span><\/p>\n","protected":false},"featured_media":13302,"template":"","meta":{"_joinchat":[]},"product_brand":[],"product_cat":[345],"product_tag":[],"class_list":{"0":"post-13373","1":"product","2":"type-product","3":"status-publish","4":"has-post-thumbnail","6":"product_cat-mydla","8":"first","9":"instock","10":"taxable","11":"shipping-taxable","12":"purchasable","13":"product-type-simple"},"yoast_head":"<!-- This site is optimized with the Yoast SEO plugin v27.1.1 - https:\/\/yoast.com\/product\/yoast-seo-wordpress\/ -->\n<title>Myd\u0142o z o\u015blim mlekiem: sklep szama\u0144ski<\/title>\n<meta name=\"description\" content=\"Myd\u0142o z o\u015blim mlekiem: Kleopatra k\u0105pa\u0142a si\u0119 w tym mleku, aby zachowa\u0107 m\u0142odo\u015b\u0107 i g\u0142adko\u015b\u0107 sk\u00f3ry, a ona posiada\u0142a stado 300 os\u0142\u00f3w przeznaczonych do tego celu.\" \/>\n<meta name=\"robots\" content=\"index, follow, max-snippet:-1, max-image-preview:large, max-video-preview:-1\" \/>\n<link rel=\"canonical\" href=\"https:\/\/www.sinchisinchi.com\/pl\/producto\/osle-mleko\/\" \/>\n<meta property=\"og:locale\" content=\"pl_PL\" \/>\n<meta property=\"og:type\" content=\"article\" \/>\n<meta property=\"og:title\" content=\"Myd\u0142o z o\u015blim mlekiem: sklep szama\u0144ski\" \/>\n<meta property=\"og:description\" content=\"Myd\u0142o z o\u015blim mlekiem: Kleopatra k\u0105pa\u0142a si\u0119 w tym mleku, aby zachowa\u0107 m\u0142odo\u015b\u0107 i g\u0142adko\u015b\u0107 sk\u00f3ry, a ona posiada\u0142a stado 300 os\u0142\u00f3w przeznaczonych do tego celu.\" \/>\n<meta property=\"og:url\" content=\"https:\/\/www.sinchisinchi.com\/pl\/producto\/osle-mleko\/\" \/>\n<meta property=\"og:site_name\" content=\"SINCHI RAP\u00c9\" \/>\n<meta property=\"article:publisher\" content=\"https:\/\/www.facebook.com\/sinchirape\/\" \/>\n<meta property=\"article:modified_time\" content=\"2024-05-21T12:26:38+00:00\" \/>\n<meta property=\"og:image\" content=\"https:\/\/www.sinchisinchi.com\/wp-content\/uploads\/2024\/04\/16-leche-de-burra.jpeg\" \/>\n\t<meta property=\"og:image:width\" content=\"1024\" \/>\n\t<meta property=\"og:image:height\" content=\"1024\" \/>\n\t<meta property=\"og:image:type\" content=\"image\/jpeg\" \/>\n<meta name=\"twitter:card\" content=\"summary_large_image\" \/>\n<meta name=\"twitter:label1\" content=\"Szacowany czas czytania\" \/>\n\t<meta name=\"twitter:data1\" content=\"1 minuta\" \/>\n<script type=\"application\/ld+json\" class=\"yoast-schema-graph\">{\"@context\":\"https:\/\/schema.org\",\"@graph\":[{\"@type\":\"WebPage\",\"@id\":\"https:\/\/www.sinchisinchi.com\/pl\/producto\/osle-mleko\/\",\"url\":\"https:\/\/www.sinchisinchi.com\/pl\/producto\/osle-mleko\/\",\"name\":\"Myd\u0142o z o\u015blim mlekiem: sklep szama\u0144ski\",\"isPartOf\":{\"@id\":\"https:\/\/www.sinchisinchi.com\/pl\/#website\"},\"primaryImageOfPage\":{\"@id\":\"https:\/\/www.sinchisinchi.com\/pl\/producto\/osle-mleko\/#primaryimage\"},\"image\":{\"@id\":\"https:\/\/www.sinchisinchi.com\/pl\/producto\/osle-mleko\/#primaryimage\"},\"thumbnailUrl\":\"https:\/\/www.sinchisinchi.com\/wp-content\/uploads\/2024\/04\/16-leche-de-burra.jpeg\",\"datePublished\":\"2024-04-22T12:17:03+00:00\",\"dateModified\":\"2024-05-21T12:26:38+00:00\",\"description\":\"Myd\u0142o z o\u015blim mlekiem: Kleopatra k\u0105pa\u0142a si\u0119 w tym mleku, aby zachowa\u0107 m\u0142odo\u015b\u0107 i g\u0142adko\u015b\u0107 sk\u00f3ry, a ona posiada\u0142a stado 300 os\u0142\u00f3w przeznaczonych do tego celu.\",\"breadcrumb\":{\"@id\":\"https:\/\/www.sinchisinchi.com\/pl\/producto\/osle-mleko\/#breadcrumb\"},\"inLanguage\":\"pl-PL\",\"potentialAction\":[{\"@type\":\"ReadAction\",\"target\":[\"https:\/\/www.sinchisinchi.com\/pl\/producto\/osle-mleko\/\"]}]},{\"@type\":\"ImageObject\",\"inLanguage\":\"pl-PL\",\"@id\":\"https:\/\/www.sinchisinchi.com\/pl\/producto\/osle-mleko\/#primaryimage\",\"url\":\"https:\/\/www.sinchisinchi.com\/wp-content\/uploads\/2024\/04\/16-leche-de-burra.jpeg\",\"contentUrl\":\"https:\/\/www.sinchisinchi.com\/wp-content\/uploads\/2024\/04\/16-leche-de-burra.jpeg\",\"width\":1024,\"height\":1024},{\"@type\":\"BreadcrumbList\",\"@id\":\"https:\/\/www.sinchisinchi.com\/pl\/producto\/osle-mleko\/#breadcrumb\",\"itemListElement\":[{\"@type\":\"ListItem\",\"position\":1,\"name\":\"Pierwsza strona\",\"item\":\"https:\/\/www.sinchisinchi.com\/pl\/\"},{\"@type\":\"ListItem\",\"position\":2,\"name\":\"Produkty\",\"item\":\"https:\/\/www.sinchisinchi.com\/pl\/shop\/\"},{\"@type\":\"ListItem\",\"position\":3,\"name\":\"O\u015ble Mleko\"}]},{\"@type\":\"WebSite\",\"@id\":\"https:\/\/www.sinchisinchi.com\/pl\/#website\",\"url\":\"https:\/\/www.sinchisinchi.com\/pl\/\",\"name\":\"SINCHI\",\"description\":\"Sinchi Medicine\",\"publisher\":{\"@id\":\"https:\/\/www.sinchisinchi.com\/pl\/#organization\"},\"potentialAction\":[{\"@type\":\"SearchAction\",\"target\":{\"@type\":\"EntryPoint\",\"urlTemplate\":\"https:\/\/www.sinchisinchi.com\/pl\/?s={search_term_string}\"},\"query-input\":{\"@type\":\"PropertyValueSpecification\",\"valueRequired\":true,\"valueName\":\"search_term_string\"}}],\"inLanguage\":\"pl-PL\"},{\"@type\":\"Organization\",\"@id\":\"https:\/\/www.sinchisinchi.com\/pl\/#organization\",\"name\":\"SINCHI S.L\",\"url\":\"https:\/\/www.sinchisinchi.com\/pl\/\",\"logo\":{\"@type\":\"ImageObject\",\"inLanguage\":\"pl-PL\",\"@id\":\"https:\/\/www.sinchisinchi.com\/pl\/#\/schema\/logo\/image\/\",\"url\":\"https:\/\/www.sinchisinchi.com\/wp-content\/uploads\/2026\/01\/3b-Verde-SIMPLIFICADO-HORIZONTAL-F-TRANSPARENTE-scaled.png\",\"contentUrl\":\"https:\/\/www.sinchisinchi.com\/wp-content\/uploads\/2026\/01\/3b-Verde-SIMPLIFICADO-HORIZONTAL-F-TRANSPARENTE-scaled.png\",\"width\":2560,\"height\":457,\"caption\":\"SINCHI S.L\"},\"image\":{\"@id\":\"https:\/\/www.sinchisinchi.com\/pl\/#\/schema\/logo\/image\/\"},\"sameAs\":[\"https:\/\/www.facebook.com\/sinchirape\/\",\"https:\/\/www.instagram.com\/sinchi_rape\/\"]}]}<\/script>\n<!-- \/ Yoast SEO plugin. -->","yoast_head_json":{"title":"Myd\u0142o z o\u015blim mlekiem: sklep szama\u0144ski","description":"Myd\u0142o z o\u015blim mlekiem: Kleopatra k\u0105pa\u0142a si\u0119 w tym mleku, aby zachowa\u0107 m\u0142odo\u015b\u0107 i g\u0142adko\u015b\u0107 sk\u00f3ry, a ona posiada\u0142a stado 300 os\u0142\u00f3w przeznaczonych do tego celu.","robots":{"index":"index","follow":"follow","max-snippet":"max-snippet:-1","max-image-preview":"max-image-preview:large","max-video-preview":"max-video-preview:-1"},"canonical":"https:\/\/www.sinchisinchi.com\/pl\/producto\/osle-mleko\/","og_locale":"pl_PL","og_type":"article","og_title":"Myd\u0142o z o\u015blim mlekiem: sklep szama\u0144ski","og_description":"Myd\u0142o z o\u015blim mlekiem: Kleopatra k\u0105pa\u0142a si\u0119 w tym mleku, aby zachowa\u0107 m\u0142odo\u015b\u0107 i g\u0142adko\u015b\u0107 sk\u00f3ry, a ona posiada\u0142a stado 300 os\u0142\u00f3w przeznaczonych do tego celu.","og_url":"https:\/\/www.sinchisinchi.com\/pl\/producto\/osle-mleko\/","og_site_name":"SINCHI RAP\u00c9","article_publisher":"https:\/\/www.facebook.com\/sinchirape\/","article_modified_time":"2024-05-21T12:26:38+00:00","og_image":[{"width":1024,"height":1024,"url":"https:\/\/www.sinchisinchi.com\/wp-content\/uploads\/2024\/04\/16-leche-de-burra.jpeg","type":"image\/jpeg"}],"twitter_card":"summary_large_image","twitter_misc":{"Szacowany czas czytania":"1 minuta"},"schema":{"@context":"https:\/\/schema.org","@graph":[{"@type":"WebPage","@id":"https:\/\/www.sinchisinchi.com\/pl\/producto\/osle-mleko\/","url":"https:\/\/www.sinchisinchi.com\/pl\/producto\/osle-mleko\/","name":"Myd\u0142o z o\u015blim mlekiem: sklep szama\u0144ski","isPartOf":{"@id":"https:\/\/www.sinchisinchi.com\/pl\/#website"},"primaryImageOfPage":{"@id":"https:\/\/www.sinchisinchi.com\/pl\/producto\/osle-mleko\/#primaryimage"},"image":{"@id":"https:\/\/www.sinchisinchi.com\/pl\/producto\/osle-mleko\/#primaryimage"},"thumbnailUrl":"https:\/\/www.sinchisinchi.com\/wp-content\/uploads\/2024\/04\/16-leche-de-burra.jpeg","datePublished":"2024-04-22T12:17:03+00:00","dateModified":"2024-05-21T12:26:38+00:00","description":"Myd\u0142o z o\u015blim mlekiem: Kleopatra k\u0105pa\u0142a si\u0119 w tym mleku, aby zachowa\u0107 m\u0142odo\u015b\u0107 i g\u0142adko\u015b\u0107 sk\u00f3ry, a ona posiada\u0142a stado 300 os\u0142\u00f3w przeznaczonych do tego celu.","breadcrumb":{"@id":"https:\/\/www.sinchisinchi.com\/pl\/producto\/osle-mleko\/#breadcrumb"},"inLanguage":"pl-PL","potentialAction":[{"@type":"ReadAction","target":["https:\/\/www.sinchisinchi.com\/pl\/producto\/osle-mleko\/"]}]},{"@type":"ImageObject","inLanguage":"pl-PL","@id":"https:\/\/www.sinchisinchi.com\/pl\/producto\/osle-mleko\/#primaryimage","url":"https:\/\/www.sinchisinchi.com\/wp-content\/uploads\/2024\/04\/16-leche-de-burra.jpeg","contentUrl":"https:\/\/www.sinchisinchi.com\/wp-content\/uploads\/2024\/04\/16-leche-de-burra.jpeg","width":1024,"height":1024},{"@type":"BreadcrumbList","@id":"https:\/\/www.sinchisinchi.com\/pl\/producto\/osle-mleko\/#breadcrumb","itemListElement":[{"@type":"ListItem","position":1,"name":"Pierwsza strona","item":"https:\/\/www.sinchisinchi.com\/pl\/"},{"@type":"ListItem","position":2,"name":"Produkty","item":"https:\/\/www.sinchisinchi.com\/pl\/shop\/"},{"@type":"ListItem","position":3,"name":"O\u015ble Mleko"}]},{"@type":"WebSite","@id":"https:\/\/www.sinchisinchi.com\/pl\/#website","url":"https:\/\/www.sinchisinchi.com\/pl\/","name":"SINCHI","description":"Sinchi Medicine","publisher":{"@id":"https:\/\/www.sinchisinchi.com\/pl\/#organization"},"potentialAction":[{"@type":"SearchAction","target":{"@type":"EntryPoint","urlTemplate":"https:\/\/www.sinchisinchi.com\/pl\/?s={search_term_string}"},"query-input":{"@type":"PropertyValueSpecification","valueRequired":true,"valueName":"search_term_string"}}],"inLanguage":"pl-PL"},{"@type":"Organization","@id":"https:\/\/www.sinchisinchi.com\/pl\/#organization","name":"SINCHI S.L","url":"https:\/\/www.sinchisinchi.com\/pl\/","logo":{"@type":"ImageObject","inLanguage":"pl-PL","@id":"https:\/\/www.sinchisinchi.com\/pl\/#\/schema\/logo\/image\/","url":"https:\/\/www.sinchisinchi.com\/wp-content\/uploads\/2026\/01\/3b-Verde-SIMPLIFICADO-HORIZONTAL-F-TRANSPARENTE-scaled.png","contentUrl":"https:\/\/www.sinchisinchi.com\/wp-content\/uploads\/2026\/01\/3b-Verde-SIMPLIFICADO-HORIZONTAL-F-TRANSPARENTE-scaled.png","width":2560,"height":457,"caption":"SINCHI S.L"},"image":{"@id":"https:\/\/www.sinchisinchi.com\/pl\/#\/schema\/logo\/image\/"},"sameAs":["https:\/\/www.facebook.com\/sinchirape\/","https:\/\/www.instagram.com\/sinchi_rape\/"]}]}},"_links":{"self":[{"href":"https:\/\/www.sinchisinchi.com\/pl\/wp-json\/wp\/v2\/product\/13373","targetHints":{"allow":["GET"]}}],"collection":[{"href":"https:\/\/www.sinchisinchi.com\/pl\/wp-json\/wp\/v2\/product"}],"about":[{"href":"https:\/\/www.sinchisinchi.com\/pl\/wp-json\/wp\/v2\/types\/product"}],"wp:featuredmedia":[{"embeddable":true,"href":"https:\/\/www.sinchisinchi.com\/pl\/wp-json\/wp\/v2\/media\/13302"}],"wp:attachment":[{"href":"https:\/\/www.sinchisinchi.com\/pl\/wp-json\/wp\/v2\/media?parent=13373"}],"wp:term":[{"taxonomy":"product_brand","embeddable":true,"href":"https:\/\/www.sinchisinchi.com\/pl\/wp-json\/wp\/v2\/product_brand?post=13373"},{"taxonomy":"product_cat","embeddable":true,"href":"https:\/\/www.sinchisinchi.com\/pl\/wp-json\/wp\/v2\/product_cat?post=13373"},{"taxonomy":"product_tag","embeddable":true,"href":"https:\/\/www.sinchisinchi.com\/pl\/wp-json\/wp\/v2\/product_tag?post=13373"}],"curies":[{"name":"wp","href":"https:\/\/api.w.org\/{rel}","templated":true}]}}