{"id":13378,"date":"2024-04-22T12:15:33","date_gmt":"2024-04-22T12:15:33","guid":{"rendered":"https:\/\/www.sinchisinchi.com\/producto\/kozie-mleko\/"},"modified":"2024-05-21T12:30:02","modified_gmt":"2024-05-21T12:30:02","slug":"kozie-mleko","status":"publish","type":"product","link":"https:\/\/www.sinchisinchi.com\/pl\/producto\/kozie-mleko\/","title":{"rendered":"Kozie mleko"},"content":{"rendered":"<p><span style=\"color: #000000;\">Wed\u0142ug legendy myd\u0142o odkry\u0142y w Rzymie kobiety, kt\u00f3re pra\u0142y swoje ubrania w wodach Tybru, u podn\u00f3\u017ca g\u00f3ry Sapo. Substancja, kt\u00f3ra spad\u0142a, zmieszana z wodami rzeki, sprawi\u0142a, \u017ce \u200b\u200bzar\u00f3wno ich r\u0119ce, jak i umyte ubrania pozosta\u0142y l\u015bni\u0105co czyste.<\/span><\/p>\n<p><span style=\"color: #000000;\">Na szczycie G\u00f3ry Toad sk\u0142adano bogom ofiary ze zwierz\u0105t, a t\u0142uszcz zwierz\u0119cy zmieszany z popio\u0142em z kremacji by\u0142 przenoszony w d\u00f3\u0142 g\u00f3ry przez deszcze i mieszany z innymi materia\u0142ami z gliniastej gleby. Z tej kompozycji kwas\u00f3w t\u0142uszczowych (t\u0142uszczu zwierz\u0119cego) i wodorotlenku potasu (popio\u0142u i wody) powstaje myd\u0142o.<\/span><\/p>\n<p><span style=\"color: #000000;\">Proces chemiczny, w wyniku kt\u00f3rego powstaje myd\u0142o, nazywa si\u0119 zmydlaniem, a s\u0142owo to prawdopodobnie pochodzi od sapo g\u00f3rskiego, podobnie jak s\u0142owo sapone (myd\u0142o po w\u0142osku).<\/span><\/p>\n","protected":false},"excerpt":{"rendered":"<p><span style=\"color: #000000;\">Naturalne myd\u0142o z koziego mleka. Mleko kozie ma bardzo korzystny wp\u0142yw na sk\u00f3r\u0119 ze wzgl\u0119du na wysok\u0105 zawarto\u015b\u0107 kwas\u00f3w t\u0142uszczowych oraz witamin A, B1, B2, B6, C, D i E, a tak\u017ce bia\u0142ek, magnezu, wapnia, potasu i fosforu.<\/span><\/p>\n<p><span style=\"color: #000000;\">Jest bardzo skuteczny w przypadku sk\u00f3ry suchej i wra\u017cliwej, kt\u00f3ra ma tendencj\u0119 do nie gojenia si\u0119 i wyprysk\u00f3w. Ze wzgl\u0119du na wysok\u0105 zawarto\u015b\u0107 przeciwutleniaczy jest silnym zabiegiem przeciwstarzeniowym, przeciwzmarszczkowym i regeneruj\u0105cym sk\u00f3r\u0119.<\/span><\/p>\n<p><span style=\"color: #000000;\">Mleko kozie jest kremowe i bogate w kwasy t\u0142uszczowe, kt\u00f3re zapewniaj\u0105 g\u0142\u0119bokie nawil\u017cenie, zmi\u0119kczaj\u0105c sk\u00f3r\u0119.<\/span><\/p>\n<p><span style=\"color: #000000;\">Myd\u0142o to zosta\u0142o wykonane r\u0119cznie w Marsylii wed\u0142ug staro\u017cytnych metod i staro\u017cytnych receptur, przy u\u017cyciu ca\u0142kowicie naturalnych sk\u0142adnik\u00f3w: wody Morza \u015ar\u00f3dziemnego, olejku eterycznego z drzewa sanda\u0142owego, wysokiej jako\u015bci olej\u00f3w ro\u015blinnych i w\u0119glanu sodu. Jest w 100% biodegradowalny.<\/span><\/p>\n<p><span style=\"color: #000000;\"><strong>Rozmiar:<\/strong> 125g<\/span><\/p>\n","protected":false},"featured_media":13295,"template":"","meta":{"_joinchat":[]},"product_brand":[],"product_cat":[345],"product_tag":[],"class_list":{"0":"post-13378","1":"product","2":"type-product","3":"status-publish","4":"has-post-thumbnail","6":"product_cat-mydla","8":"first","9":"instock","10":"taxable","11":"shipping-taxable","12":"purchasable","13":"product-type-simple"},"yoast_head":"<!-- This site is optimized with the Yoast SEO plugin v27.4 - https:\/\/yoast.com\/product\/yoast-seo-wordpress\/ -->\n<title>Myd\u0142o z koziego mleka: sklep szama\u0144ski<\/title>\n<meta name=\"description\" content=\"Myd\u0142o z koziego mleka: Jest bardzo korzystne dla sk\u00f3ry ze wzgl\u0119du na wysok\u0105 zawarto\u015b\u0107 kwas\u00f3w t\u0142uszczowych i witamin, bia\u0142ek, magnezu, wapnia, potasu i fosforu.\" \/>\n<meta name=\"robots\" content=\"index, follow, max-snippet:-1, max-image-preview:large, max-video-preview:-1\" \/>\n<link rel=\"canonical\" href=\"https:\/\/www.sinchisinchi.com\/pl\/producto\/kozie-mleko\/\" \/>\n<meta property=\"og:locale\" content=\"pl_PL\" \/>\n<meta property=\"og:type\" content=\"article\" \/>\n<meta property=\"og:title\" content=\"Myd\u0142o z koziego mleka: sklep szama\u0144ski\" \/>\n<meta property=\"og:description\" content=\"Myd\u0142o z koziego mleka: Jest bardzo korzystne dla sk\u00f3ry ze wzgl\u0119du na wysok\u0105 zawarto\u015b\u0107 kwas\u00f3w t\u0142uszczowych i witamin, bia\u0142ek, magnezu, wapnia, potasu i fosforu.\" \/>\n<meta property=\"og:url\" content=\"https:\/\/www.sinchisinchi.com\/pl\/producto\/kozie-mleko\/\" \/>\n<meta property=\"og:site_name\" content=\"SINCHI RAP\u00c9\" \/>\n<meta property=\"article:publisher\" content=\"https:\/\/www.facebook.com\/sinchirape\/\" \/>\n<meta property=\"article:modified_time\" content=\"2024-05-21T12:30:02+00:00\" \/>\n<meta property=\"og:image\" content=\"https:\/\/www.sinchisinchi.com\/wp-content\/uploads\/2024\/04\/15-leche-de-cabra.jpeg\" \/>\n\t<meta property=\"og:image:width\" content=\"1024\" \/>\n\t<meta property=\"og:image:height\" content=\"1024\" \/>\n\t<meta property=\"og:image:type\" content=\"image\/jpeg\" \/>\n<meta name=\"twitter:card\" content=\"summary_large_image\" \/>\n<meta name=\"twitter:label1\" content=\"Szacowany czas czytania\" \/>\n\t<meta name=\"twitter:data1\" content=\"1 minuta\" \/>\n<script type=\"application\/ld+json\" class=\"yoast-schema-graph\">{\"@context\":\"https:\\\/\\\/schema.org\",\"@graph\":[{\"@type\":\"WebPage\",\"@id\":\"https:\\\/\\\/www.sinchisinchi.com\\\/pl\\\/producto\\\/kozie-mleko\\\/\",\"url\":\"https:\\\/\\\/www.sinchisinchi.com\\\/pl\\\/producto\\\/kozie-mleko\\\/\",\"name\":\"Myd\u0142o z koziego mleka: sklep szama\u0144ski\",\"isPartOf\":{\"@id\":\"https:\\\/\\\/www.sinchisinchi.com\\\/pl\\\/#website\"},\"primaryImageOfPage\":{\"@id\":\"https:\\\/\\\/www.sinchisinchi.com\\\/pl\\\/producto\\\/kozie-mleko\\\/#primaryimage\"},\"image\":{\"@id\":\"https:\\\/\\\/www.sinchisinchi.com\\\/pl\\\/producto\\\/kozie-mleko\\\/#primaryimage\"},\"thumbnailUrl\":\"https:\\\/\\\/www.sinchisinchi.com\\\/wp-content\\\/uploads\\\/2024\\\/04\\\/15-leche-de-cabra.jpeg\",\"datePublished\":\"2024-04-22T12:15:33+00:00\",\"dateModified\":\"2024-05-21T12:30:02+00:00\",\"description\":\"Myd\u0142o z koziego mleka: Jest bardzo korzystne dla sk\u00f3ry ze wzgl\u0119du na wysok\u0105 zawarto\u015b\u0107 kwas\u00f3w t\u0142uszczowych i witamin, bia\u0142ek, magnezu, wapnia, potasu i fosforu.\",\"breadcrumb\":{\"@id\":\"https:\\\/\\\/www.sinchisinchi.com\\\/pl\\\/producto\\\/kozie-mleko\\\/#breadcrumb\"},\"inLanguage\":\"pl-PL\",\"potentialAction\":[{\"@type\":\"ReadAction\",\"target\":[\"https:\\\/\\\/www.sinchisinchi.com\\\/pl\\\/producto\\\/kozie-mleko\\\/\"]}]},{\"@type\":\"ImageObject\",\"inLanguage\":\"pl-PL\",\"@id\":\"https:\\\/\\\/www.sinchisinchi.com\\\/pl\\\/producto\\\/kozie-mleko\\\/#primaryimage\",\"url\":\"https:\\\/\\\/www.sinchisinchi.com\\\/wp-content\\\/uploads\\\/2024\\\/04\\\/15-leche-de-cabra.jpeg\",\"contentUrl\":\"https:\\\/\\\/www.sinchisinchi.com\\\/wp-content\\\/uploads\\\/2024\\\/04\\\/15-leche-de-cabra.jpeg\",\"width\":1024,\"height\":1024},{\"@type\":\"BreadcrumbList\",\"@id\":\"https:\\\/\\\/www.sinchisinchi.com\\\/pl\\\/producto\\\/kozie-mleko\\\/#breadcrumb\",\"itemListElement\":[{\"@type\":\"ListItem\",\"position\":1,\"name\":\"Pierwsza strona\",\"item\":\"https:\\\/\\\/www.sinchisinchi.com\\\/pl\\\/\"},{\"@type\":\"ListItem\",\"position\":2,\"name\":\"Produkty\",\"item\":\"https:\\\/\\\/www.sinchisinchi.com\\\/pl\\\/shop\\\/\"},{\"@type\":\"ListItem\",\"position\":3,\"name\":\"Kozie mleko\"}]},{\"@type\":\"WebSite\",\"@id\":\"https:\\\/\\\/www.sinchisinchi.com\\\/pl\\\/#website\",\"url\":\"https:\\\/\\\/www.sinchisinchi.com\\\/pl\\\/\",\"name\":\"SINCHI\",\"description\":\"Sinchi Medicine\",\"publisher\":{\"@id\":\"https:\\\/\\\/www.sinchisinchi.com\\\/pl\\\/#organization\"},\"potentialAction\":[{\"@type\":\"SearchAction\",\"target\":{\"@type\":\"EntryPoint\",\"urlTemplate\":\"https:\\\/\\\/www.sinchisinchi.com\\\/pl\\\/?s={search_term_string}\"},\"query-input\":{\"@type\":\"PropertyValueSpecification\",\"valueRequired\":true,\"valueName\":\"search_term_string\"}}],\"inLanguage\":\"pl-PL\"},{\"@type\":\"Organization\",\"@id\":\"https:\\\/\\\/www.sinchisinchi.com\\\/pl\\\/#organization\",\"name\":\"SINCHI S.L\",\"url\":\"https:\\\/\\\/www.sinchisinchi.com\\\/pl\\\/\",\"logo\":{\"@type\":\"ImageObject\",\"inLanguage\":\"pl-PL\",\"@id\":\"https:\\\/\\\/www.sinchisinchi.com\\\/pl\\\/#\\\/schema\\\/logo\\\/image\\\/\",\"url\":\"https:\\\/\\\/www.sinchisinchi.com\\\/wp-content\\\/uploads\\\/2026\\\/01\\\/3b-Verde-SIMPLIFICADO-HORIZONTAL-F-TRANSPARENTE-scaled.png\",\"contentUrl\":\"https:\\\/\\\/www.sinchisinchi.com\\\/wp-content\\\/uploads\\\/2026\\\/01\\\/3b-Verde-SIMPLIFICADO-HORIZONTAL-F-TRANSPARENTE-scaled.png\",\"width\":2560,\"height\":457,\"caption\":\"SINCHI S.L\"},\"image\":{\"@id\":\"https:\\\/\\\/www.sinchisinchi.com\\\/pl\\\/#\\\/schema\\\/logo\\\/image\\\/\"},\"sameAs\":[\"https:\\\/\\\/www.facebook.com\\\/sinchirape\\\/\",\"https:\\\/\\\/www.instagram.com\\\/sinchi_rape\\\/\"]}]}<\/script>\n<!-- \/ Yoast SEO plugin. -->","yoast_head_json":{"title":"Myd\u0142o z koziego mleka: sklep szama\u0144ski","description":"Myd\u0142o z koziego mleka: Jest bardzo korzystne dla sk\u00f3ry ze wzgl\u0119du na wysok\u0105 zawarto\u015b\u0107 kwas\u00f3w t\u0142uszczowych i witamin, bia\u0142ek, magnezu, wapnia, potasu i fosforu.","robots":{"index":"index","follow":"follow","max-snippet":"max-snippet:-1","max-image-preview":"max-image-preview:large","max-video-preview":"max-video-preview:-1"},"canonical":"https:\/\/www.sinchisinchi.com\/pl\/producto\/kozie-mleko\/","og_locale":"pl_PL","og_type":"article","og_title":"Myd\u0142o z koziego mleka: sklep szama\u0144ski","og_description":"Myd\u0142o z koziego mleka: Jest bardzo korzystne dla sk\u00f3ry ze wzgl\u0119du na wysok\u0105 zawarto\u015b\u0107 kwas\u00f3w t\u0142uszczowych i witamin, bia\u0142ek, magnezu, wapnia, potasu i fosforu.","og_url":"https:\/\/www.sinchisinchi.com\/pl\/producto\/kozie-mleko\/","og_site_name":"SINCHI RAP\u00c9","article_publisher":"https:\/\/www.facebook.com\/sinchirape\/","article_modified_time":"2024-05-21T12:30:02+00:00","og_image":[{"width":1024,"height":1024,"url":"https:\/\/www.sinchisinchi.com\/wp-content\/uploads\/2024\/04\/15-leche-de-cabra.jpeg","type":"image\/jpeg"}],"twitter_card":"summary_large_image","twitter_misc":{"Szacowany czas czytania":"1 minuta"},"schema":{"@context":"https:\/\/schema.org","@graph":[{"@type":"WebPage","@id":"https:\/\/www.sinchisinchi.com\/pl\/producto\/kozie-mleko\/","url":"https:\/\/www.sinchisinchi.com\/pl\/producto\/kozie-mleko\/","name":"Myd\u0142o z koziego mleka: sklep szama\u0144ski","isPartOf":{"@id":"https:\/\/www.sinchisinchi.com\/pl\/#website"},"primaryImageOfPage":{"@id":"https:\/\/www.sinchisinchi.com\/pl\/producto\/kozie-mleko\/#primaryimage"},"image":{"@id":"https:\/\/www.sinchisinchi.com\/pl\/producto\/kozie-mleko\/#primaryimage"},"thumbnailUrl":"https:\/\/www.sinchisinchi.com\/wp-content\/uploads\/2024\/04\/15-leche-de-cabra.jpeg","datePublished":"2024-04-22T12:15:33+00:00","dateModified":"2024-05-21T12:30:02+00:00","description":"Myd\u0142o z koziego mleka: Jest bardzo korzystne dla sk\u00f3ry ze wzgl\u0119du na wysok\u0105 zawarto\u015b\u0107 kwas\u00f3w t\u0142uszczowych i witamin, bia\u0142ek, magnezu, wapnia, potasu i fosforu.","breadcrumb":{"@id":"https:\/\/www.sinchisinchi.com\/pl\/producto\/kozie-mleko\/#breadcrumb"},"inLanguage":"pl-PL","potentialAction":[{"@type":"ReadAction","target":["https:\/\/www.sinchisinchi.com\/pl\/producto\/kozie-mleko\/"]}]},{"@type":"ImageObject","inLanguage":"pl-PL","@id":"https:\/\/www.sinchisinchi.com\/pl\/producto\/kozie-mleko\/#primaryimage","url":"https:\/\/www.sinchisinchi.com\/wp-content\/uploads\/2024\/04\/15-leche-de-cabra.jpeg","contentUrl":"https:\/\/www.sinchisinchi.com\/wp-content\/uploads\/2024\/04\/15-leche-de-cabra.jpeg","width":1024,"height":1024},{"@type":"BreadcrumbList","@id":"https:\/\/www.sinchisinchi.com\/pl\/producto\/kozie-mleko\/#breadcrumb","itemListElement":[{"@type":"ListItem","position":1,"name":"Pierwsza strona","item":"https:\/\/www.sinchisinchi.com\/pl\/"},{"@type":"ListItem","position":2,"name":"Produkty","item":"https:\/\/www.sinchisinchi.com\/pl\/shop\/"},{"@type":"ListItem","position":3,"name":"Kozie mleko"}]},{"@type":"WebSite","@id":"https:\/\/www.sinchisinchi.com\/pl\/#website","url":"https:\/\/www.sinchisinchi.com\/pl\/","name":"SINCHI","description":"Sinchi Medicine","publisher":{"@id":"https:\/\/www.sinchisinchi.com\/pl\/#organization"},"potentialAction":[{"@type":"SearchAction","target":{"@type":"EntryPoint","urlTemplate":"https:\/\/www.sinchisinchi.com\/pl\/?s={search_term_string}"},"query-input":{"@type":"PropertyValueSpecification","valueRequired":true,"valueName":"search_term_string"}}],"inLanguage":"pl-PL"},{"@type":"Organization","@id":"https:\/\/www.sinchisinchi.com\/pl\/#organization","name":"SINCHI S.L","url":"https:\/\/www.sinchisinchi.com\/pl\/","logo":{"@type":"ImageObject","inLanguage":"pl-PL","@id":"https:\/\/www.sinchisinchi.com\/pl\/#\/schema\/logo\/image\/","url":"https:\/\/www.sinchisinchi.com\/wp-content\/uploads\/2026\/01\/3b-Verde-SIMPLIFICADO-HORIZONTAL-F-TRANSPARENTE-scaled.png","contentUrl":"https:\/\/www.sinchisinchi.com\/wp-content\/uploads\/2026\/01\/3b-Verde-SIMPLIFICADO-HORIZONTAL-F-TRANSPARENTE-scaled.png","width":2560,"height":457,"caption":"SINCHI S.L"},"image":{"@id":"https:\/\/www.sinchisinchi.com\/pl\/#\/schema\/logo\/image\/"},"sameAs":["https:\/\/www.facebook.com\/sinchirape\/","https:\/\/www.instagram.com\/sinchi_rape\/"]}]}},"_links":{"self":[{"href":"https:\/\/www.sinchisinchi.com\/pl\/wp-json\/wp\/v2\/product\/13378","targetHints":{"allow":["GET"]}}],"collection":[{"href":"https:\/\/www.sinchisinchi.com\/pl\/wp-json\/wp\/v2\/product"}],"about":[{"href":"https:\/\/www.sinchisinchi.com\/pl\/wp-json\/wp\/v2\/types\/product"}],"wp:featuredmedia":[{"embeddable":true,"href":"https:\/\/www.sinchisinchi.com\/pl\/wp-json\/wp\/v2\/media\/13295"}],"wp:attachment":[{"href":"https:\/\/www.sinchisinchi.com\/pl\/wp-json\/wp\/v2\/media?parent=13378"}],"wp:term":[{"taxonomy":"product_brand","embeddable":true,"href":"https:\/\/www.sinchisinchi.com\/pl\/wp-json\/wp\/v2\/product_brand?post=13378"},{"taxonomy":"product_cat","embeddable":true,"href":"https:\/\/www.sinchisinchi.com\/pl\/wp-json\/wp\/v2\/product_cat?post=13378"},{"taxonomy":"product_tag","embeddable":true,"href":"https:\/\/www.sinchisinchi.com\/pl\/wp-json\/wp\/v2\/product_tag?post=13378"}],"curies":[{"name":"wp","href":"https:\/\/api.w.org\/{rel}","templated":true}]}}