{"id":13383,"date":"2024-04-22T12:13:48","date_gmt":"2024-04-22T12:13:48","guid":{"rendered":"https:\/\/www.sinchisinchi.com\/producto\/mleko-kokosowe\/"},"modified":"2024-05-21T12:30:57","modified_gmt":"2024-05-21T12:30:57","slug":"mleko-kokosowe","status":"publish","type":"product","link":"https:\/\/www.sinchisinchi.com\/pl\/producto\/mleko-kokosowe\/","title":{"rendered":"Mleko kokosowe"},"content":{"rendered":"<h3 style=\"text-align: center;\"><strong>W\u0142a\u015bciwo\u015bci magiczne<\/strong><\/h3>\n<p>&nbsp;<\/p>\n<p>Kokos to owoc palmy kokosowej, obie uwa\u017cane za \u017ce\u0144skie, kojarzone z ksi\u0119\u017cycem, \u017cywio\u0142em wody. Tradycyjnie u\u017cywa si\u0119 go ze wzgl\u0119du na w\u0142a\u015bciwo\u015bci oczyszczaj\u0105ce, ochronne i czysto\u015bci.<\/p>\n<p>Naturalne myd\u0142a z \u017cywicami i ro\u015blinami aromatycznymi maj\u0105 g\u0142\u0119boki wp\u0142yw zar\u00f3wno na poziomie fizycznym, jak i energetycznym. Pomagaj\u0105 chroni\u0107 przed si\u0142ami negatywnymi, \u0142\u0105cz\u0105 si\u0119 z pozytywnymi cz\u0119stotliwo\u015bciami i wspomagaj\u0105 oczyszczanie fizyczne i energetyczne.<\/p>\n<p><strong>Ochrona i oczyszczanie:<\/strong> Myd\u0142a mistyczne tworz\u0105 tarcz\u0119 ochronn\u0105 przed negatywnymi energiami.<\/p>\n<p><strong>Bilans energetyczny:<\/strong> Pomagaj\u0105 zr\u00f3wnowa\u017cy\u0107 energi\u0119 organizmu, promuj\u0105c harmoni\u0119 i dobre samopoczucie.<\/p>\n<p><strong>Po\u0142\u0105czenie duchowe:<\/strong> U\u0142atwiaj\u0105 po\u0142\u0105czenie z energiami kosmicznymi, umo\u017cliwiaj\u0105c g\u0142\u0119bsz\u0105 medytacj\u0119.<\/p>\n","protected":false},"excerpt":{"rendered":"<p>Myd\u0142a z mlekiem kokosowym charakteryzuj\u0105 si\u0119 oczyszczaniem sk\u00f3ry od wewn\u0105trz, nie powoduj\u0105c nadmiernego wysuszenia, w przeciwie\u0144stwie do zwyk\u0142ych myde\u0142, poniewa\u017c myd\u0142a z mleka kokosowego, bogate w czyste mleko kokosowe, zawieraj\u0105 du\u017c\u0105 ilo\u015b\u0107 kwas\u00f3w t\u0142uszczowych i sk\u0142adnik\u00f3w od\u017cywczych, kt\u00f3re przywracaj\u0105 nawil\u017cenie, zapewniaj\u0105c mi\u0119kko\u015b\u0107 i elastyczno\u015b\u0107 i g\u0142adk\u0105 sk\u00f3r\u0119.<\/p>\n<p>Regularne stosowanie myd\u0142a na bazie mleka kokosowego op\u00f3\u017ania objawy przedwczesnego starzenia. Zawiera du\u017c\u0105 ilo\u015b\u0107 przeciwutleniaczy, takich jak witaminy E i C, kt\u00f3re wzbogacaj\u0105 sk\u00f3r\u0119 i redukuj\u0105 wolne rodniki, zapobiegaj\u0105c uszkodzeniom oksydacyjnym.<\/p>\n<p>Ponadto zawiera mikroelementy, takie jak selen, cynk, \u017celazo i mied\u017a, kt\u00f3re poprawiaj\u0105 zdrowie sk\u00f3ry. Mleko kokosowe dostarcza kwas\u00f3w t\u0142uszczowych, takich jak kwas laurynowy, kwas i kwas kaprynowy, kt\u00f3re maj\u0105 silne dzia\u0142anie przeciwdrobnoustrojowe, przeciwwirusowe i przeciwgrzybicze.<\/p>\n<p>Stosowany jako szampon zapewnia maksymalne od\u017cywienie, sprawiaj\u0105c, \u017ce w\u0142osy wygl\u0105daj\u0105 na mocne i zdrowe.<\/p>\n<p>Myd\u0142o to zosta\u0142o wykonane r\u0119cznie w Marsylii wed\u0142ug staro\u017cytnych metod i staro\u017cytnych receptur, przy u\u017cyciu ca\u0142kowicie naturalnych sk\u0142adnik\u00f3w: wody Morza \u015ar\u00f3dziemnego, olejku eterycznego z drzewa sanda\u0142owego, wysokiej jako\u015bci olej\u00f3w ro\u015blinnych i w\u0119glanu sodu. Jest w 100% biodegradowalny.<\/p>\n<p>&nbsp;<\/p>\n<p><strong>Rozmiar:<\/strong> 125g<\/p>\n","protected":false},"featured_media":13288,"template":"","meta":{"_joinchat":[]},"product_brand":[],"product_cat":[345],"product_tag":[],"class_list":{"0":"post-13383","1":"product","2":"type-product","3":"status-publish","4":"has-post-thumbnail","6":"product_cat-mydla","8":"first","9":"instock","10":"taxable","11":"shipping-taxable","12":"purchasable","13":"product-type-simple"},"yoast_head":"<!-- This site is optimized with the Yoast SEO plugin v27.1.1 - https:\/\/yoast.com\/product\/yoast-seo-wordpress\/ -->\n<title>Myd\u0142o z mlekiem kokosowym: Sklep szama\u0144ski<\/title>\n<meta name=\"description\" content=\"Myd\u0142o z mlekiem kokosowym: Charakteryzuje si\u0119 oczyszczaniem sk\u00f3ry od wewn\u0105trz, nie powoduj\u0105c nadmiernego wysuszenia, zapewniaj\u0105c mi\u0119kk\u0105, elastyczn\u0105 i g\u0142adk\u0105 sk\u00f3r\u0119.\" \/>\n<meta name=\"robots\" content=\"index, follow, max-snippet:-1, max-image-preview:large, max-video-preview:-1\" \/>\n<link rel=\"canonical\" href=\"https:\/\/www.sinchisinchi.com\/pl\/producto\/mleko-kokosowe\/\" \/>\n<meta property=\"og:locale\" content=\"pl_PL\" \/>\n<meta property=\"og:type\" content=\"article\" \/>\n<meta property=\"og:title\" content=\"Myd\u0142o z mlekiem kokosowym: Sklep szama\u0144ski\" \/>\n<meta property=\"og:description\" content=\"Myd\u0142o z mlekiem kokosowym: Charakteryzuje si\u0119 oczyszczaniem sk\u00f3ry od wewn\u0105trz, nie powoduj\u0105c nadmiernego wysuszenia, zapewniaj\u0105c mi\u0119kk\u0105, elastyczn\u0105 i g\u0142adk\u0105 sk\u00f3r\u0119.\" \/>\n<meta property=\"og:url\" content=\"https:\/\/www.sinchisinchi.com\/pl\/producto\/mleko-kokosowe\/\" \/>\n<meta property=\"og:site_name\" content=\"SINCHI RAP\u00c9\" \/>\n<meta property=\"article:publisher\" content=\"https:\/\/www.facebook.com\/sinchirape\/\" \/>\n<meta property=\"article:modified_time\" content=\"2024-05-21T12:30:57+00:00\" \/>\n<meta property=\"og:image\" content=\"https:\/\/www.sinchisinchi.com\/wp-content\/uploads\/2024\/04\/14-leche-de-coco.jpeg\" \/>\n\t<meta property=\"og:image:width\" content=\"1024\" \/>\n\t<meta property=\"og:image:height\" content=\"1024\" \/>\n\t<meta property=\"og:image:type\" content=\"image\/jpeg\" \/>\n<meta name=\"twitter:card\" content=\"summary_large_image\" \/>\n<meta name=\"twitter:label1\" content=\"Szacowany czas czytania\" \/>\n\t<meta name=\"twitter:data1\" content=\"1 minuta\" \/>\n<script type=\"application\/ld+json\" class=\"yoast-schema-graph\">{\"@context\":\"https:\/\/schema.org\",\"@graph\":[{\"@type\":\"WebPage\",\"@id\":\"https:\/\/www.sinchisinchi.com\/pl\/producto\/mleko-kokosowe\/\",\"url\":\"https:\/\/www.sinchisinchi.com\/pl\/producto\/mleko-kokosowe\/\",\"name\":\"Myd\u0142o z mlekiem kokosowym: Sklep szama\u0144ski\",\"isPartOf\":{\"@id\":\"https:\/\/www.sinchisinchi.com\/pl\/#website\"},\"primaryImageOfPage\":{\"@id\":\"https:\/\/www.sinchisinchi.com\/pl\/producto\/mleko-kokosowe\/#primaryimage\"},\"image\":{\"@id\":\"https:\/\/www.sinchisinchi.com\/pl\/producto\/mleko-kokosowe\/#primaryimage\"},\"thumbnailUrl\":\"https:\/\/www.sinchisinchi.com\/wp-content\/uploads\/2024\/04\/14-leche-de-coco.jpeg\",\"datePublished\":\"2024-04-22T12:13:48+00:00\",\"dateModified\":\"2024-05-21T12:30:57+00:00\",\"description\":\"Myd\u0142o z mlekiem kokosowym: Charakteryzuje si\u0119 oczyszczaniem sk\u00f3ry od wewn\u0105trz, nie powoduj\u0105c nadmiernego wysuszenia, zapewniaj\u0105c mi\u0119kk\u0105, elastyczn\u0105 i g\u0142adk\u0105 sk\u00f3r\u0119.\",\"breadcrumb\":{\"@id\":\"https:\/\/www.sinchisinchi.com\/pl\/producto\/mleko-kokosowe\/#breadcrumb\"},\"inLanguage\":\"pl-PL\",\"potentialAction\":[{\"@type\":\"ReadAction\",\"target\":[\"https:\/\/www.sinchisinchi.com\/pl\/producto\/mleko-kokosowe\/\"]}]},{\"@type\":\"ImageObject\",\"inLanguage\":\"pl-PL\",\"@id\":\"https:\/\/www.sinchisinchi.com\/pl\/producto\/mleko-kokosowe\/#primaryimage\",\"url\":\"https:\/\/www.sinchisinchi.com\/wp-content\/uploads\/2024\/04\/14-leche-de-coco.jpeg\",\"contentUrl\":\"https:\/\/www.sinchisinchi.com\/wp-content\/uploads\/2024\/04\/14-leche-de-coco.jpeg\",\"width\":1024,\"height\":1024},{\"@type\":\"BreadcrumbList\",\"@id\":\"https:\/\/www.sinchisinchi.com\/pl\/producto\/mleko-kokosowe\/#breadcrumb\",\"itemListElement\":[{\"@type\":\"ListItem\",\"position\":1,\"name\":\"Pierwsza strona\",\"item\":\"https:\/\/www.sinchisinchi.com\/pl\/\"},{\"@type\":\"ListItem\",\"position\":2,\"name\":\"Produkty\",\"item\":\"https:\/\/www.sinchisinchi.com\/pl\/shop\/\"},{\"@type\":\"ListItem\",\"position\":3,\"name\":\"Mleko kokosowe\"}]},{\"@type\":\"WebSite\",\"@id\":\"https:\/\/www.sinchisinchi.com\/pl\/#website\",\"url\":\"https:\/\/www.sinchisinchi.com\/pl\/\",\"name\":\"SINCHI\",\"description\":\"Sinchi Medicine\",\"publisher\":{\"@id\":\"https:\/\/www.sinchisinchi.com\/pl\/#organization\"},\"potentialAction\":[{\"@type\":\"SearchAction\",\"target\":{\"@type\":\"EntryPoint\",\"urlTemplate\":\"https:\/\/www.sinchisinchi.com\/pl\/?s={search_term_string}\"},\"query-input\":{\"@type\":\"PropertyValueSpecification\",\"valueRequired\":true,\"valueName\":\"search_term_string\"}}],\"inLanguage\":\"pl-PL\"},{\"@type\":\"Organization\",\"@id\":\"https:\/\/www.sinchisinchi.com\/pl\/#organization\",\"name\":\"SINCHI S.L\",\"url\":\"https:\/\/www.sinchisinchi.com\/pl\/\",\"logo\":{\"@type\":\"ImageObject\",\"inLanguage\":\"pl-PL\",\"@id\":\"https:\/\/www.sinchisinchi.com\/pl\/#\/schema\/logo\/image\/\",\"url\":\"https:\/\/www.sinchisinchi.com\/wp-content\/uploads\/2026\/01\/3b-Verde-SIMPLIFICADO-HORIZONTAL-F-TRANSPARENTE-scaled.png\",\"contentUrl\":\"https:\/\/www.sinchisinchi.com\/wp-content\/uploads\/2026\/01\/3b-Verde-SIMPLIFICADO-HORIZONTAL-F-TRANSPARENTE-scaled.png\",\"width\":2560,\"height\":457,\"caption\":\"SINCHI S.L\"},\"image\":{\"@id\":\"https:\/\/www.sinchisinchi.com\/pl\/#\/schema\/logo\/image\/\"},\"sameAs\":[\"https:\/\/www.facebook.com\/sinchirape\/\",\"https:\/\/www.instagram.com\/sinchi_rape\/\"]}]}<\/script>\n<!-- \/ Yoast SEO plugin. -->","yoast_head_json":{"title":"Myd\u0142o z mlekiem kokosowym: Sklep szama\u0144ski","description":"Myd\u0142o z mlekiem kokosowym: Charakteryzuje si\u0119 oczyszczaniem sk\u00f3ry od wewn\u0105trz, nie powoduj\u0105c nadmiernego wysuszenia, zapewniaj\u0105c mi\u0119kk\u0105, elastyczn\u0105 i g\u0142adk\u0105 sk\u00f3r\u0119.","robots":{"index":"index","follow":"follow","max-snippet":"max-snippet:-1","max-image-preview":"max-image-preview:large","max-video-preview":"max-video-preview:-1"},"canonical":"https:\/\/www.sinchisinchi.com\/pl\/producto\/mleko-kokosowe\/","og_locale":"pl_PL","og_type":"article","og_title":"Myd\u0142o z mlekiem kokosowym: Sklep szama\u0144ski","og_description":"Myd\u0142o z mlekiem kokosowym: Charakteryzuje si\u0119 oczyszczaniem sk\u00f3ry od wewn\u0105trz, nie powoduj\u0105c nadmiernego wysuszenia, zapewniaj\u0105c mi\u0119kk\u0105, elastyczn\u0105 i g\u0142adk\u0105 sk\u00f3r\u0119.","og_url":"https:\/\/www.sinchisinchi.com\/pl\/producto\/mleko-kokosowe\/","og_site_name":"SINCHI RAP\u00c9","article_publisher":"https:\/\/www.facebook.com\/sinchirape\/","article_modified_time":"2024-05-21T12:30:57+00:00","og_image":[{"width":1024,"height":1024,"url":"https:\/\/www.sinchisinchi.com\/wp-content\/uploads\/2024\/04\/14-leche-de-coco.jpeg","type":"image\/jpeg"}],"twitter_card":"summary_large_image","twitter_misc":{"Szacowany czas czytania":"1 minuta"},"schema":{"@context":"https:\/\/schema.org","@graph":[{"@type":"WebPage","@id":"https:\/\/www.sinchisinchi.com\/pl\/producto\/mleko-kokosowe\/","url":"https:\/\/www.sinchisinchi.com\/pl\/producto\/mleko-kokosowe\/","name":"Myd\u0142o z mlekiem kokosowym: Sklep szama\u0144ski","isPartOf":{"@id":"https:\/\/www.sinchisinchi.com\/pl\/#website"},"primaryImageOfPage":{"@id":"https:\/\/www.sinchisinchi.com\/pl\/producto\/mleko-kokosowe\/#primaryimage"},"image":{"@id":"https:\/\/www.sinchisinchi.com\/pl\/producto\/mleko-kokosowe\/#primaryimage"},"thumbnailUrl":"https:\/\/www.sinchisinchi.com\/wp-content\/uploads\/2024\/04\/14-leche-de-coco.jpeg","datePublished":"2024-04-22T12:13:48+00:00","dateModified":"2024-05-21T12:30:57+00:00","description":"Myd\u0142o z mlekiem kokosowym: Charakteryzuje si\u0119 oczyszczaniem sk\u00f3ry od wewn\u0105trz, nie powoduj\u0105c nadmiernego wysuszenia, zapewniaj\u0105c mi\u0119kk\u0105, elastyczn\u0105 i g\u0142adk\u0105 sk\u00f3r\u0119.","breadcrumb":{"@id":"https:\/\/www.sinchisinchi.com\/pl\/producto\/mleko-kokosowe\/#breadcrumb"},"inLanguage":"pl-PL","potentialAction":[{"@type":"ReadAction","target":["https:\/\/www.sinchisinchi.com\/pl\/producto\/mleko-kokosowe\/"]}]},{"@type":"ImageObject","inLanguage":"pl-PL","@id":"https:\/\/www.sinchisinchi.com\/pl\/producto\/mleko-kokosowe\/#primaryimage","url":"https:\/\/www.sinchisinchi.com\/wp-content\/uploads\/2024\/04\/14-leche-de-coco.jpeg","contentUrl":"https:\/\/www.sinchisinchi.com\/wp-content\/uploads\/2024\/04\/14-leche-de-coco.jpeg","width":1024,"height":1024},{"@type":"BreadcrumbList","@id":"https:\/\/www.sinchisinchi.com\/pl\/producto\/mleko-kokosowe\/#breadcrumb","itemListElement":[{"@type":"ListItem","position":1,"name":"Pierwsza strona","item":"https:\/\/www.sinchisinchi.com\/pl\/"},{"@type":"ListItem","position":2,"name":"Produkty","item":"https:\/\/www.sinchisinchi.com\/pl\/shop\/"},{"@type":"ListItem","position":3,"name":"Mleko kokosowe"}]},{"@type":"WebSite","@id":"https:\/\/www.sinchisinchi.com\/pl\/#website","url":"https:\/\/www.sinchisinchi.com\/pl\/","name":"SINCHI","description":"Sinchi Medicine","publisher":{"@id":"https:\/\/www.sinchisinchi.com\/pl\/#organization"},"potentialAction":[{"@type":"SearchAction","target":{"@type":"EntryPoint","urlTemplate":"https:\/\/www.sinchisinchi.com\/pl\/?s={search_term_string}"},"query-input":{"@type":"PropertyValueSpecification","valueRequired":true,"valueName":"search_term_string"}}],"inLanguage":"pl-PL"},{"@type":"Organization","@id":"https:\/\/www.sinchisinchi.com\/pl\/#organization","name":"SINCHI S.L","url":"https:\/\/www.sinchisinchi.com\/pl\/","logo":{"@type":"ImageObject","inLanguage":"pl-PL","@id":"https:\/\/www.sinchisinchi.com\/pl\/#\/schema\/logo\/image\/","url":"https:\/\/www.sinchisinchi.com\/wp-content\/uploads\/2026\/01\/3b-Verde-SIMPLIFICADO-HORIZONTAL-F-TRANSPARENTE-scaled.png","contentUrl":"https:\/\/www.sinchisinchi.com\/wp-content\/uploads\/2026\/01\/3b-Verde-SIMPLIFICADO-HORIZONTAL-F-TRANSPARENTE-scaled.png","width":2560,"height":457,"caption":"SINCHI S.L"},"image":{"@id":"https:\/\/www.sinchisinchi.com\/pl\/#\/schema\/logo\/image\/"},"sameAs":["https:\/\/www.facebook.com\/sinchirape\/","https:\/\/www.instagram.com\/sinchi_rape\/"]}]}},"_links":{"self":[{"href":"https:\/\/www.sinchisinchi.com\/pl\/wp-json\/wp\/v2\/product\/13383","targetHints":{"allow":["GET"]}}],"collection":[{"href":"https:\/\/www.sinchisinchi.com\/pl\/wp-json\/wp\/v2\/product"}],"about":[{"href":"https:\/\/www.sinchisinchi.com\/pl\/wp-json\/wp\/v2\/types\/product"}],"wp:featuredmedia":[{"embeddable":true,"href":"https:\/\/www.sinchisinchi.com\/pl\/wp-json\/wp\/v2\/media\/13288"}],"wp:attachment":[{"href":"https:\/\/www.sinchisinchi.com\/pl\/wp-json\/wp\/v2\/media?parent=13383"}],"wp:term":[{"taxonomy":"product_brand","embeddable":true,"href":"https:\/\/www.sinchisinchi.com\/pl\/wp-json\/wp\/v2\/product_brand?post=13383"},{"taxonomy":"product_cat","embeddable":true,"href":"https:\/\/www.sinchisinchi.com\/pl\/wp-json\/wp\/v2\/product_cat?post=13383"},{"taxonomy":"product_tag","embeddable":true,"href":"https:\/\/www.sinchisinchi.com\/pl\/wp-json\/wp\/v2\/product_tag?post=13383"}],"curies":[{"name":"wp","href":"https:\/\/api.w.org\/{rel}","templated":true}]}}