{"id":13388,"date":"2024-04-22T12:12:17","date_gmt":"2024-04-22T12:12:17","guid":{"rendered":"https:\/\/www.sinchisinchi.com\/producto\/truskawka\/"},"modified":"2024-05-21T12:34:06","modified_gmt":"2024-05-21T12:34:06","slug":"truskawka","status":"publish","type":"product","link":"https:\/\/www.sinchisinchi.com\/pl\/producto\/truskawka\/","title":{"rendered":"Truskawka"},"content":{"rendered":"<h3 style=\"text-align: center;\"><strong>Magiczne w\u0142a\u015bciwo\u015bci<\/strong><\/h3>\n<p>Truskawki kojarz\u0105 si\u0119 z<strong> planet\u0105 mi\u0142o\u015bci<\/strong> Wenus oraz z Afrodyt\u0105, <strong>bogini\u0105 mi\u0142o\u015bci<\/strong> i pi\u0119kna, a tak\u017ce z <strong>Frej\u0105<\/strong>, bogini\u0105 mitologii nordyckiej i germa\u0144skiej, zwi\u0105zan\u0105 z macierzy\u0144stwem i p\u0142odno\u015bci\u0105.<\/p>\n<p><strong>Dziewic\u0119 Maryj\u0119<\/strong> przedstawiano w otoczeniu truskawek lub towarzysz\u0105c\u0105 dzieciom przy ich zbieraniu; Truskawka jest zwi\u0105zana z matczyn\u0105, g\u0142\u0119bok\u0105 mi\u0142o\u015bci\u0105, z mi\u0142osnym uczuciem, kt\u00f3re zapewniaj\u0105 od przyja\u017ani po romans.<\/p>\n<p>Staro\u017cytne europejskie opowie\u015bci wskazuj\u0105, \u017ce le\u015bne wr\u00f3\u017cki uwielbia\u0142y truskawki, a ch\u0142opi przyci\u0105gali je sadz\u0105c je, poniewa\u017c pomaga\u0142y one w uzyskiwaniu dobrych zbior\u00f3w, zapewnia\u0142y dobre zdrowie i p\u0142odno\u015b\u0107 rodzinie i inwentarzowi.<\/p>\n<p>Truskawka jest doskona\u0142ym afrodyzjakiem ze wzgl\u0119du na sw\u00f3j kolor, smak i aromat.<\/p>\n<h3 style=\"text-align: center;\"><strong>Historia<\/strong><\/h3>\n<p>Ju\u017c w roku <strong>2500 p.n.e.<\/strong> w <strong>Azji<\/strong> znane by\u0142y odtruwaj\u0105ce w\u0142a\u015bciwo\u015bci truskawek, kt\u00f3rych li\u015bcie wykorzystywano do sporz\u0105dzania herbaty i usuwania toksyn z organizmu, op\u00f3\u017aniania proces\u00f3w starzenia i zwalczania zm\u0119czenia.<\/p>\n<p><strong>Rzymianie<\/strong> u\u017cywali truskawek ze wzgl\u0119du na ich dobroczynne w\u0142a\u015bciwo\u015bci dla uk\u0142adu trawiennego i zapewniaj\u0105ce dobry oddech, a tak\u017ce ze wzgl\u0119du na swoje w\u0142a\u015bciwo\u015bci afrodyzjakowe.<\/p>\n<p><strong>W Ameryce<\/strong> tubylcy dowiedzieli si\u0119 o truskawce od Hiszpan\u00f3w, Portugalczyk\u00f3w i Brytyjczyk\u00f3w, a tradycyjnie dodaje si\u0119 j\u0105 do herbaty, obejmuj\u0105cej ca\u0142\u0105 ro\u015blin\u0119; owoce, li\u015bcie i korzenie. Rozdrabniaj\u0105 tak\u017ce li\u015bcie tworz\u0105c ma\u015b\u0107 na sk\u00f3r\u0119.<\/p>\n","protected":false},"excerpt":{"rendered":"<p>Naturalne myd\u0142o truskawkowe jest bogate w przeciwutleniacze, witamin\u0119 C i E, kt\u00f3re zwalczaj\u0105 dzia\u0142anie wolnych rodnik\u00f3w na sk\u00f3r\u0119. Przeciwdzia\u0142a przedwczesnemu starzeniu si\u0119 sk\u00f3ry i redukuje zmarszczki.<\/p>\n<p>Mangan i potas pomagaj\u0105 poprawi\u0107 og\u00f3lny stan sk\u00f3ry, pomagaj\u0105c przeciwutleniaczom lepiej dzia\u0142a\u0107, a kom\u00f3rki zatrzymuj\u0105 wi\u0119cej wody.<\/p>\n<p>Jego w\u0142a\u015bciwo\u015bci nawil\u017caj\u0105ce pozostawiaj\u0105 sk\u00f3r\u0119 mi\u0119kk\u0105 i od\u017cywion\u0105, jest bardzo odpowiedni dla sk\u00f3ry suchej.<\/p>\n<p>Truskawka jest <strong>ro\u015blin\u0105<\/strong> \u017ce\u0144sk\u0105, kojarzona jest z planet\u0105 Wenus, bogini\u0105 <strong>Afrodyt\u0105<\/strong>, <strong>\u017cywio\u0142em wody, mi\u0142o\u015bci\u0105 i szcz\u0119\u015bciem.<\/strong><\/p>\n","protected":false},"featured_media":13281,"template":"","meta":{"_joinchat":[]},"product_brand":[],"product_cat":[345],"product_tag":[],"class_list":{"0":"post-13388","1":"product","2":"type-product","3":"status-publish","4":"has-post-thumbnail","6":"product_cat-mydla","8":"first","9":"instock","10":"taxable","11":"shipping-taxable","12":"purchasable","13":"product-type-simple"},"yoast_head":"<!-- This site is optimized with the Yoast SEO plugin v27.1.1 - https:\/\/yoast.com\/product\/yoast-seo-wordpress\/ -->\n<title>Myd\u0142o Truskawkowe: Sklep Szama\u0144ski<\/title>\n<meta name=\"description\" content=\"Truskawka jest ro\u015blin\u0105 \u017ce\u0144sk\u0105, kojarzona jest z planet\u0105 Wenus, bogini\u0105 Afrodyt\u0105, \u017cywio\u0142em wody, mi\u0142o\u015bci\u0105 i szcz\u0119\u015bciem.\" \/>\n<meta name=\"robots\" content=\"index, follow, max-snippet:-1, max-image-preview:large, max-video-preview:-1\" \/>\n<link rel=\"canonical\" href=\"https:\/\/www.sinchisinchi.com\/pl\/producto\/truskawka\/\" \/>\n<meta property=\"og:locale\" content=\"pl_PL\" \/>\n<meta property=\"og:type\" content=\"article\" \/>\n<meta property=\"og:title\" content=\"Myd\u0142o Truskawkowe: Sklep Szama\u0144ski\" \/>\n<meta property=\"og:description\" content=\"Truskawka jest ro\u015blin\u0105 \u017ce\u0144sk\u0105, kojarzona jest z planet\u0105 Wenus, bogini\u0105 Afrodyt\u0105, \u017cywio\u0142em wody, mi\u0142o\u015bci\u0105 i szcz\u0119\u015bciem.\" \/>\n<meta property=\"og:url\" content=\"https:\/\/www.sinchisinchi.com\/pl\/producto\/truskawka\/\" \/>\n<meta property=\"og:site_name\" content=\"SINCHI RAP\u00c9\" \/>\n<meta property=\"article:publisher\" content=\"https:\/\/www.facebook.com\/sinchirape\/\" \/>\n<meta property=\"article:modified_time\" content=\"2024-05-21T12:34:06+00:00\" \/>\n<meta property=\"og:image\" content=\"https:\/\/www.sinchisinchi.com\/wp-content\/uploads\/2024\/04\/13-fresa.jpeg\" \/>\n\t<meta property=\"og:image:width\" content=\"1024\" \/>\n\t<meta property=\"og:image:height\" content=\"1024\" \/>\n\t<meta property=\"og:image:type\" content=\"image\/jpeg\" \/>\n<meta name=\"twitter:card\" content=\"summary_large_image\" \/>\n<meta name=\"twitter:label1\" content=\"Szacowany czas czytania\" \/>\n\t<meta name=\"twitter:data1\" content=\"1 minuta\" \/>\n<script type=\"application\/ld+json\" class=\"yoast-schema-graph\">{\"@context\":\"https:\/\/schema.org\",\"@graph\":[{\"@type\":\"WebPage\",\"@id\":\"https:\/\/www.sinchisinchi.com\/pl\/producto\/truskawka\/\",\"url\":\"https:\/\/www.sinchisinchi.com\/pl\/producto\/truskawka\/\",\"name\":\"Myd\u0142o Truskawkowe: Sklep Szama\u0144ski\",\"isPartOf\":{\"@id\":\"https:\/\/www.sinchisinchi.com\/pl\/#website\"},\"primaryImageOfPage\":{\"@id\":\"https:\/\/www.sinchisinchi.com\/pl\/producto\/truskawka\/#primaryimage\"},\"image\":{\"@id\":\"https:\/\/www.sinchisinchi.com\/pl\/producto\/truskawka\/#primaryimage\"},\"thumbnailUrl\":\"https:\/\/www.sinchisinchi.com\/wp-content\/uploads\/2024\/04\/13-fresa.jpeg\",\"datePublished\":\"2024-04-22T12:12:17+00:00\",\"dateModified\":\"2024-05-21T12:34:06+00:00\",\"description\":\"Truskawka jest ro\u015blin\u0105 \u017ce\u0144sk\u0105, kojarzona jest z planet\u0105 Wenus, bogini\u0105 Afrodyt\u0105, \u017cywio\u0142em wody, mi\u0142o\u015bci\u0105 i szcz\u0119\u015bciem.\",\"breadcrumb\":{\"@id\":\"https:\/\/www.sinchisinchi.com\/pl\/producto\/truskawka\/#breadcrumb\"},\"inLanguage\":\"pl-PL\",\"potentialAction\":[{\"@type\":\"ReadAction\",\"target\":[\"https:\/\/www.sinchisinchi.com\/pl\/producto\/truskawka\/\"]}]},{\"@type\":\"ImageObject\",\"inLanguage\":\"pl-PL\",\"@id\":\"https:\/\/www.sinchisinchi.com\/pl\/producto\/truskawka\/#primaryimage\",\"url\":\"https:\/\/www.sinchisinchi.com\/wp-content\/uploads\/2024\/04\/13-fresa.jpeg\",\"contentUrl\":\"https:\/\/www.sinchisinchi.com\/wp-content\/uploads\/2024\/04\/13-fresa.jpeg\",\"width\":1024,\"height\":1024},{\"@type\":\"BreadcrumbList\",\"@id\":\"https:\/\/www.sinchisinchi.com\/pl\/producto\/truskawka\/#breadcrumb\",\"itemListElement\":[{\"@type\":\"ListItem\",\"position\":1,\"name\":\"Pierwsza strona\",\"item\":\"https:\/\/www.sinchisinchi.com\/pl\/\"},{\"@type\":\"ListItem\",\"position\":2,\"name\":\"Produkty\",\"item\":\"https:\/\/www.sinchisinchi.com\/pl\/shop\/\"},{\"@type\":\"ListItem\",\"position\":3,\"name\":\"Truskawka\"}]},{\"@type\":\"WebSite\",\"@id\":\"https:\/\/www.sinchisinchi.com\/pl\/#website\",\"url\":\"https:\/\/www.sinchisinchi.com\/pl\/\",\"name\":\"SINCHI\",\"description\":\"Sinchi Medicine\",\"publisher\":{\"@id\":\"https:\/\/www.sinchisinchi.com\/pl\/#organization\"},\"potentialAction\":[{\"@type\":\"SearchAction\",\"target\":{\"@type\":\"EntryPoint\",\"urlTemplate\":\"https:\/\/www.sinchisinchi.com\/pl\/?s={search_term_string}\"},\"query-input\":{\"@type\":\"PropertyValueSpecification\",\"valueRequired\":true,\"valueName\":\"search_term_string\"}}],\"inLanguage\":\"pl-PL\"},{\"@type\":\"Organization\",\"@id\":\"https:\/\/www.sinchisinchi.com\/pl\/#organization\",\"name\":\"SINCHI S.L\",\"url\":\"https:\/\/www.sinchisinchi.com\/pl\/\",\"logo\":{\"@type\":\"ImageObject\",\"inLanguage\":\"pl-PL\",\"@id\":\"https:\/\/www.sinchisinchi.com\/pl\/#\/schema\/logo\/image\/\",\"url\":\"https:\/\/www.sinchisinchi.com\/wp-content\/uploads\/2026\/01\/3b-Verde-SIMPLIFICADO-HORIZONTAL-F-TRANSPARENTE-scaled.png\",\"contentUrl\":\"https:\/\/www.sinchisinchi.com\/wp-content\/uploads\/2026\/01\/3b-Verde-SIMPLIFICADO-HORIZONTAL-F-TRANSPARENTE-scaled.png\",\"width\":2560,\"height\":457,\"caption\":\"SINCHI S.L\"},\"image\":{\"@id\":\"https:\/\/www.sinchisinchi.com\/pl\/#\/schema\/logo\/image\/\"},\"sameAs\":[\"https:\/\/www.facebook.com\/sinchirape\/\",\"https:\/\/www.instagram.com\/sinchi_rape\/\"]}]}<\/script>\n<!-- \/ Yoast SEO plugin. -->","yoast_head_json":{"title":"Myd\u0142o Truskawkowe: Sklep Szama\u0144ski","description":"Truskawka jest ro\u015blin\u0105 \u017ce\u0144sk\u0105, kojarzona jest z planet\u0105 Wenus, bogini\u0105 Afrodyt\u0105, \u017cywio\u0142em wody, mi\u0142o\u015bci\u0105 i szcz\u0119\u015bciem.","robots":{"index":"index","follow":"follow","max-snippet":"max-snippet:-1","max-image-preview":"max-image-preview:large","max-video-preview":"max-video-preview:-1"},"canonical":"https:\/\/www.sinchisinchi.com\/pl\/producto\/truskawka\/","og_locale":"pl_PL","og_type":"article","og_title":"Myd\u0142o Truskawkowe: Sklep Szama\u0144ski","og_description":"Truskawka jest ro\u015blin\u0105 \u017ce\u0144sk\u0105, kojarzona jest z planet\u0105 Wenus, bogini\u0105 Afrodyt\u0105, \u017cywio\u0142em wody, mi\u0142o\u015bci\u0105 i szcz\u0119\u015bciem.","og_url":"https:\/\/www.sinchisinchi.com\/pl\/producto\/truskawka\/","og_site_name":"SINCHI RAP\u00c9","article_publisher":"https:\/\/www.facebook.com\/sinchirape\/","article_modified_time":"2024-05-21T12:34:06+00:00","og_image":[{"width":1024,"height":1024,"url":"https:\/\/www.sinchisinchi.com\/wp-content\/uploads\/2024\/04\/13-fresa.jpeg","type":"image\/jpeg"}],"twitter_card":"summary_large_image","twitter_misc":{"Szacowany czas czytania":"1 minuta"},"schema":{"@context":"https:\/\/schema.org","@graph":[{"@type":"WebPage","@id":"https:\/\/www.sinchisinchi.com\/pl\/producto\/truskawka\/","url":"https:\/\/www.sinchisinchi.com\/pl\/producto\/truskawka\/","name":"Myd\u0142o Truskawkowe: Sklep Szama\u0144ski","isPartOf":{"@id":"https:\/\/www.sinchisinchi.com\/pl\/#website"},"primaryImageOfPage":{"@id":"https:\/\/www.sinchisinchi.com\/pl\/producto\/truskawka\/#primaryimage"},"image":{"@id":"https:\/\/www.sinchisinchi.com\/pl\/producto\/truskawka\/#primaryimage"},"thumbnailUrl":"https:\/\/www.sinchisinchi.com\/wp-content\/uploads\/2024\/04\/13-fresa.jpeg","datePublished":"2024-04-22T12:12:17+00:00","dateModified":"2024-05-21T12:34:06+00:00","description":"Truskawka jest ro\u015blin\u0105 \u017ce\u0144sk\u0105, kojarzona jest z planet\u0105 Wenus, bogini\u0105 Afrodyt\u0105, \u017cywio\u0142em wody, mi\u0142o\u015bci\u0105 i szcz\u0119\u015bciem.","breadcrumb":{"@id":"https:\/\/www.sinchisinchi.com\/pl\/producto\/truskawka\/#breadcrumb"},"inLanguage":"pl-PL","potentialAction":[{"@type":"ReadAction","target":["https:\/\/www.sinchisinchi.com\/pl\/producto\/truskawka\/"]}]},{"@type":"ImageObject","inLanguage":"pl-PL","@id":"https:\/\/www.sinchisinchi.com\/pl\/producto\/truskawka\/#primaryimage","url":"https:\/\/www.sinchisinchi.com\/wp-content\/uploads\/2024\/04\/13-fresa.jpeg","contentUrl":"https:\/\/www.sinchisinchi.com\/wp-content\/uploads\/2024\/04\/13-fresa.jpeg","width":1024,"height":1024},{"@type":"BreadcrumbList","@id":"https:\/\/www.sinchisinchi.com\/pl\/producto\/truskawka\/#breadcrumb","itemListElement":[{"@type":"ListItem","position":1,"name":"Pierwsza strona","item":"https:\/\/www.sinchisinchi.com\/pl\/"},{"@type":"ListItem","position":2,"name":"Produkty","item":"https:\/\/www.sinchisinchi.com\/pl\/shop\/"},{"@type":"ListItem","position":3,"name":"Truskawka"}]},{"@type":"WebSite","@id":"https:\/\/www.sinchisinchi.com\/pl\/#website","url":"https:\/\/www.sinchisinchi.com\/pl\/","name":"SINCHI","description":"Sinchi Medicine","publisher":{"@id":"https:\/\/www.sinchisinchi.com\/pl\/#organization"},"potentialAction":[{"@type":"SearchAction","target":{"@type":"EntryPoint","urlTemplate":"https:\/\/www.sinchisinchi.com\/pl\/?s={search_term_string}"},"query-input":{"@type":"PropertyValueSpecification","valueRequired":true,"valueName":"search_term_string"}}],"inLanguage":"pl-PL"},{"@type":"Organization","@id":"https:\/\/www.sinchisinchi.com\/pl\/#organization","name":"SINCHI S.L","url":"https:\/\/www.sinchisinchi.com\/pl\/","logo":{"@type":"ImageObject","inLanguage":"pl-PL","@id":"https:\/\/www.sinchisinchi.com\/pl\/#\/schema\/logo\/image\/","url":"https:\/\/www.sinchisinchi.com\/wp-content\/uploads\/2026\/01\/3b-Verde-SIMPLIFICADO-HORIZONTAL-F-TRANSPARENTE-scaled.png","contentUrl":"https:\/\/www.sinchisinchi.com\/wp-content\/uploads\/2026\/01\/3b-Verde-SIMPLIFICADO-HORIZONTAL-F-TRANSPARENTE-scaled.png","width":2560,"height":457,"caption":"SINCHI S.L"},"image":{"@id":"https:\/\/www.sinchisinchi.com\/pl\/#\/schema\/logo\/image\/"},"sameAs":["https:\/\/www.facebook.com\/sinchirape\/","https:\/\/www.instagram.com\/sinchi_rape\/"]}]}},"_links":{"self":[{"href":"https:\/\/www.sinchisinchi.com\/pl\/wp-json\/wp\/v2\/product\/13388","targetHints":{"allow":["GET"]}}],"collection":[{"href":"https:\/\/www.sinchisinchi.com\/pl\/wp-json\/wp\/v2\/product"}],"about":[{"href":"https:\/\/www.sinchisinchi.com\/pl\/wp-json\/wp\/v2\/types\/product"}],"wp:featuredmedia":[{"embeddable":true,"href":"https:\/\/www.sinchisinchi.com\/pl\/wp-json\/wp\/v2\/media\/13281"}],"wp:attachment":[{"href":"https:\/\/www.sinchisinchi.com\/pl\/wp-json\/wp\/v2\/media?parent=13388"}],"wp:term":[{"taxonomy":"product_brand","embeddable":true,"href":"https:\/\/www.sinchisinchi.com\/pl\/wp-json\/wp\/v2\/product_brand?post=13388"},{"taxonomy":"product_cat","embeddable":true,"href":"https:\/\/www.sinchisinchi.com\/pl\/wp-json\/wp\/v2\/product_cat?post=13388"},{"taxonomy":"product_tag","embeddable":true,"href":"https:\/\/www.sinchisinchi.com\/pl\/wp-json\/wp\/v2\/product_tag?post=13388"}],"curies":[{"name":"wp","href":"https:\/\/api.w.org\/{rel}","templated":true}]}}