{"id":13466,"date":"2024-04-22T12:04:40","date_gmt":"2024-04-22T12:04:40","guid":{"rendered":"https:\/\/www.sinchisinchi.com\/producto\/wisnia\/"},"modified":"2024-07-03T09:31:46","modified_gmt":"2024-07-03T09:31:46","slug":"wisnia","status":"publish","type":"product","link":"https:\/\/www.sinchisinchi.com\/pl\/producto\/wisnia\/","title":{"rendered":"wi\u015bnia"},"content":{"rendered":"<h3 style=\"text-align: center;\"><strong>Nieruchomo\u015bci<\/strong><\/h3>\n<p>Wi\u015bnia nale\u017cy do rodzaju \u017ce\u0144skiego, kojarzona jest z Wenus, \u017cywio\u0142em wody. Tradycyjnie u\u017cywa si\u0119 go do stymulowania lub przyci\u0105gania mi\u0142o\u015bci, erotyki i ze wzgl\u0119du na jego w\u0142a\u015bciwo\u015bci zwi\u0105zane z wr\u00f3\u017cb\u0105.<\/p>\n<p>Wi\u015bnia symbolizuje m\u0142odo\u015b\u0107, s\u0142odycz, p\u0142odno\u015b\u0107, seksualno\u015b\u0107, niewinno\u015b\u0107, mi\u0142o\u015b\u0107, pasj\u0119, szcz\u0119\u015bcie, nadziej\u0119, narodziny, pok\u00f3j i przyja\u017a\u0144.<\/p>\n<p>Kwiat wi\u015bni jest symbolem par Excellence kultury chi\u0144skiej i japo\u0144skiej, gdzie symbolizuje czysto\u015b\u0107, pi\u0119kno i szcz\u0119\u015bcie.<\/p>\n<p>Jego pochodzenie geograficzne nie jest dok\u0142adnie znane, uwa\u017ca si\u0119, \u017ce pochodzi z kraj\u00f3w otaczaj\u0105cych Morze Czarne i Morze Kaspijskie. Grecy nazywali ten owoc \u201ekerasos\u201d. P\u00f3\u017aniej Rzymianie zasymilowali t\u0119 nazw\u0119, nazywaj\u0105c j\u0105 \u201ecerasus\u201d, od kt\u00f3rej wywodzi si\u0119 obecna nazwa \u201ewi\u015bnia\u201d.<\/p>\n","protected":false},"excerpt":{"rendered":"<p>Naturalne myd\u0142o wi\u015bniowe s\u0142u\u017cy do <strong>przyci\u0105gania mi\u0142o\u015bci<\/strong>. Jej aromat jest s\u0142odki, uwodzicielski i zmys\u0142owy. Zapewnia dobre samopoczucie, ciep\u0142o i delikatno\u015b\u0107.<\/p>\n<p>Myd\u0142o wi\u015bniowe dzia\u0142a nawil\u017caj\u0105co, bogate w witamin\u0119 E, przeciwutleniacz, zapobiega starzeniu si\u0119 sk\u00f3ry. Zapewnia sk\u00f3rze j\u0119drno\u015b\u0107, dzia\u0142a przeciwzmarszczkowo, antycellulitowo, goi i wzmacnia opalenizn\u0119. Bogaty w witamin\u0119 C, B1, B2, B3, potas, wap\u0144 i fosfor.<\/p>\n<p>Wi\u015bnie dzi\u0119ki witaminom A i C chroni\u0105 i zmi\u0119kczaj\u0105 sk\u00f3r\u0119.<\/p>\n","protected":false},"featured_media":13960,"template":"","meta":{"_joinchat":[]},"product_brand":[],"product_cat":[345],"product_tag":[],"class_list":{"0":"post-13466","1":"product","2":"type-product","3":"status-publish","4":"has-post-thumbnail","6":"product_cat-mydla","8":"first","9":"instock","10":"taxable","11":"shipping-taxable","12":"purchasable","13":"product-type-simple"},"yoast_head":"<!-- This site is optimized with the Yoast SEO plugin v27.4 - https:\/\/yoast.com\/product\/yoast-seo-wordpress\/ -->\n<title>Myd\u0142o wi\u015bniowe: sklep szama\u0144ski<\/title>\n<meta name=\"description\" content=\"Wi\u015bnia nale\u017cy do rodzaju \u017ce\u0144skiego, kojarzona jest z Wenus, \u017cywio\u0142em wody. S\u0142u\u017cy do przyci\u0105gania mi\u0142o\u015bci i erotyzmu.\" \/>\n<meta name=\"robots\" content=\"index, follow, max-snippet:-1, max-image-preview:large, max-video-preview:-1\" \/>\n<link rel=\"canonical\" href=\"https:\/\/www.sinchisinchi.com\/pl\/producto\/wisnia\/\" \/>\n<meta property=\"og:locale\" content=\"pl_PL\" \/>\n<meta property=\"og:type\" content=\"article\" \/>\n<meta property=\"og:title\" content=\"Myd\u0142o wi\u015bniowe: sklep szama\u0144ski\" \/>\n<meta property=\"og:description\" content=\"Wi\u015bnia nale\u017cy do rodzaju \u017ce\u0144skiego, kojarzona jest z Wenus, \u017cywio\u0142em wody. S\u0142u\u017cy do przyci\u0105gania mi\u0142o\u015bci i erotyzmu.\" \/>\n<meta property=\"og:url\" content=\"https:\/\/www.sinchisinchi.com\/pl\/producto\/wisnia\/\" \/>\n<meta property=\"og:site_name\" content=\"SINCHI RAP\u00c9\" \/>\n<meta property=\"article:publisher\" content=\"https:\/\/www.facebook.com\/sinchirape\/\" \/>\n<meta property=\"article:modified_time\" content=\"2024-07-03T09:31:46+00:00\" \/>\n<meta property=\"og:image\" content=\"https:\/\/www.sinchisinchi.com\/wp-content\/uploads\/2024\/04\/CEREZA-.jpg\" \/>\n\t<meta property=\"og:image:width\" content=\"254\" \/>\n\t<meta property=\"og:image:height\" content=\"261\" \/>\n\t<meta property=\"og:image:type\" content=\"image\/jpeg\" \/>\n<meta name=\"twitter:card\" content=\"summary_large_image\" \/>\n<meta name=\"twitter:label1\" content=\"Szacowany czas czytania\" \/>\n\t<meta name=\"twitter:data1\" content=\"1 minuta\" \/>\n<script type=\"application\/ld+json\" class=\"yoast-schema-graph\">{\"@context\":\"https:\\\/\\\/schema.org\",\"@graph\":[{\"@type\":\"WebPage\",\"@id\":\"https:\\\/\\\/www.sinchisinchi.com\\\/pl\\\/producto\\\/wisnia\\\/\",\"url\":\"https:\\\/\\\/www.sinchisinchi.com\\\/pl\\\/producto\\\/wisnia\\\/\",\"name\":\"Myd\u0142o wi\u015bniowe: sklep szama\u0144ski\",\"isPartOf\":{\"@id\":\"https:\\\/\\\/www.sinchisinchi.com\\\/pl\\\/#website\"},\"primaryImageOfPage\":{\"@id\":\"https:\\\/\\\/www.sinchisinchi.com\\\/pl\\\/producto\\\/wisnia\\\/#primaryimage\"},\"image\":{\"@id\":\"https:\\\/\\\/www.sinchisinchi.com\\\/pl\\\/producto\\\/wisnia\\\/#primaryimage\"},\"thumbnailUrl\":\"https:\\\/\\\/www.sinchisinchi.com\\\/wp-content\\\/uploads\\\/2024\\\/04\\\/CEREZA-.jpg\",\"datePublished\":\"2024-04-22T12:04:40+00:00\",\"dateModified\":\"2024-07-03T09:31:46+00:00\",\"description\":\"Wi\u015bnia nale\u017cy do rodzaju \u017ce\u0144skiego, kojarzona jest z Wenus, \u017cywio\u0142em wody. S\u0142u\u017cy do przyci\u0105gania mi\u0142o\u015bci i erotyzmu.\",\"breadcrumb\":{\"@id\":\"https:\\\/\\\/www.sinchisinchi.com\\\/pl\\\/producto\\\/wisnia\\\/#breadcrumb\"},\"inLanguage\":\"pl-PL\",\"potentialAction\":[{\"@type\":\"ReadAction\",\"target\":[\"https:\\\/\\\/www.sinchisinchi.com\\\/pl\\\/producto\\\/wisnia\\\/\"]}]},{\"@type\":\"ImageObject\",\"inLanguage\":\"pl-PL\",\"@id\":\"https:\\\/\\\/www.sinchisinchi.com\\\/pl\\\/producto\\\/wisnia\\\/#primaryimage\",\"url\":\"https:\\\/\\\/www.sinchisinchi.com\\\/wp-content\\\/uploads\\\/2024\\\/04\\\/CEREZA-.jpg\",\"contentUrl\":\"https:\\\/\\\/www.sinchisinchi.com\\\/wp-content\\\/uploads\\\/2024\\\/04\\\/CEREZA-.jpg\",\"width\":254,\"height\":261},{\"@type\":\"BreadcrumbList\",\"@id\":\"https:\\\/\\\/www.sinchisinchi.com\\\/pl\\\/producto\\\/wisnia\\\/#breadcrumb\",\"itemListElement\":[{\"@type\":\"ListItem\",\"position\":1,\"name\":\"Pierwsza strona\",\"item\":\"https:\\\/\\\/www.sinchisinchi.com\\\/pl\\\/\"},{\"@type\":\"ListItem\",\"position\":2,\"name\":\"Produkty\",\"item\":\"https:\\\/\\\/www.sinchisinchi.com\\\/pl\\\/shop\\\/\"},{\"@type\":\"ListItem\",\"position\":3,\"name\":\"wi\u015bnia\"}]},{\"@type\":\"WebSite\",\"@id\":\"https:\\\/\\\/www.sinchisinchi.com\\\/pl\\\/#website\",\"url\":\"https:\\\/\\\/www.sinchisinchi.com\\\/pl\\\/\",\"name\":\"SINCHI\",\"description\":\"Sinchi Medicine\",\"publisher\":{\"@id\":\"https:\\\/\\\/www.sinchisinchi.com\\\/pl\\\/#organization\"},\"potentialAction\":[{\"@type\":\"SearchAction\",\"target\":{\"@type\":\"EntryPoint\",\"urlTemplate\":\"https:\\\/\\\/www.sinchisinchi.com\\\/pl\\\/?s={search_term_string}\"},\"query-input\":{\"@type\":\"PropertyValueSpecification\",\"valueRequired\":true,\"valueName\":\"search_term_string\"}}],\"inLanguage\":\"pl-PL\"},{\"@type\":\"Organization\",\"@id\":\"https:\\\/\\\/www.sinchisinchi.com\\\/pl\\\/#organization\",\"name\":\"SINCHI S.L\",\"url\":\"https:\\\/\\\/www.sinchisinchi.com\\\/pl\\\/\",\"logo\":{\"@type\":\"ImageObject\",\"inLanguage\":\"pl-PL\",\"@id\":\"https:\\\/\\\/www.sinchisinchi.com\\\/pl\\\/#\\\/schema\\\/logo\\\/image\\\/\",\"url\":\"https:\\\/\\\/www.sinchisinchi.com\\\/wp-content\\\/uploads\\\/2026\\\/01\\\/3b-Verde-SIMPLIFICADO-HORIZONTAL-F-TRANSPARENTE-scaled.png\",\"contentUrl\":\"https:\\\/\\\/www.sinchisinchi.com\\\/wp-content\\\/uploads\\\/2026\\\/01\\\/3b-Verde-SIMPLIFICADO-HORIZONTAL-F-TRANSPARENTE-scaled.png\",\"width\":2560,\"height\":457,\"caption\":\"SINCHI S.L\"},\"image\":{\"@id\":\"https:\\\/\\\/www.sinchisinchi.com\\\/pl\\\/#\\\/schema\\\/logo\\\/image\\\/\"},\"sameAs\":[\"https:\\\/\\\/www.facebook.com\\\/sinchirape\\\/\",\"https:\\\/\\\/www.instagram.com\\\/sinchi_rape\\\/\"]}]}<\/script>\n<!-- \/ Yoast SEO plugin. -->","yoast_head_json":{"title":"Myd\u0142o wi\u015bniowe: sklep szama\u0144ski","description":"Wi\u015bnia nale\u017cy do rodzaju \u017ce\u0144skiego, kojarzona jest z Wenus, \u017cywio\u0142em wody. S\u0142u\u017cy do przyci\u0105gania mi\u0142o\u015bci i erotyzmu.","robots":{"index":"index","follow":"follow","max-snippet":"max-snippet:-1","max-image-preview":"max-image-preview:large","max-video-preview":"max-video-preview:-1"},"canonical":"https:\/\/www.sinchisinchi.com\/pl\/producto\/wisnia\/","og_locale":"pl_PL","og_type":"article","og_title":"Myd\u0142o wi\u015bniowe: sklep szama\u0144ski","og_description":"Wi\u015bnia nale\u017cy do rodzaju \u017ce\u0144skiego, kojarzona jest z Wenus, \u017cywio\u0142em wody. S\u0142u\u017cy do przyci\u0105gania mi\u0142o\u015bci i erotyzmu.","og_url":"https:\/\/www.sinchisinchi.com\/pl\/producto\/wisnia\/","og_site_name":"SINCHI RAP\u00c9","article_publisher":"https:\/\/www.facebook.com\/sinchirape\/","article_modified_time":"2024-07-03T09:31:46+00:00","og_image":[{"width":254,"height":261,"url":"https:\/\/www.sinchisinchi.com\/wp-content\/uploads\/2024\/04\/CEREZA-.jpg","type":"image\/jpeg"}],"twitter_card":"summary_large_image","twitter_misc":{"Szacowany czas czytania":"1 minuta"},"schema":{"@context":"https:\/\/schema.org","@graph":[{"@type":"WebPage","@id":"https:\/\/www.sinchisinchi.com\/pl\/producto\/wisnia\/","url":"https:\/\/www.sinchisinchi.com\/pl\/producto\/wisnia\/","name":"Myd\u0142o wi\u015bniowe: sklep szama\u0144ski","isPartOf":{"@id":"https:\/\/www.sinchisinchi.com\/pl\/#website"},"primaryImageOfPage":{"@id":"https:\/\/www.sinchisinchi.com\/pl\/producto\/wisnia\/#primaryimage"},"image":{"@id":"https:\/\/www.sinchisinchi.com\/pl\/producto\/wisnia\/#primaryimage"},"thumbnailUrl":"https:\/\/www.sinchisinchi.com\/wp-content\/uploads\/2024\/04\/CEREZA-.jpg","datePublished":"2024-04-22T12:04:40+00:00","dateModified":"2024-07-03T09:31:46+00:00","description":"Wi\u015bnia nale\u017cy do rodzaju \u017ce\u0144skiego, kojarzona jest z Wenus, \u017cywio\u0142em wody. S\u0142u\u017cy do przyci\u0105gania mi\u0142o\u015bci i erotyzmu.","breadcrumb":{"@id":"https:\/\/www.sinchisinchi.com\/pl\/producto\/wisnia\/#breadcrumb"},"inLanguage":"pl-PL","potentialAction":[{"@type":"ReadAction","target":["https:\/\/www.sinchisinchi.com\/pl\/producto\/wisnia\/"]}]},{"@type":"ImageObject","inLanguage":"pl-PL","@id":"https:\/\/www.sinchisinchi.com\/pl\/producto\/wisnia\/#primaryimage","url":"https:\/\/www.sinchisinchi.com\/wp-content\/uploads\/2024\/04\/CEREZA-.jpg","contentUrl":"https:\/\/www.sinchisinchi.com\/wp-content\/uploads\/2024\/04\/CEREZA-.jpg","width":254,"height":261},{"@type":"BreadcrumbList","@id":"https:\/\/www.sinchisinchi.com\/pl\/producto\/wisnia\/#breadcrumb","itemListElement":[{"@type":"ListItem","position":1,"name":"Pierwsza strona","item":"https:\/\/www.sinchisinchi.com\/pl\/"},{"@type":"ListItem","position":2,"name":"Produkty","item":"https:\/\/www.sinchisinchi.com\/pl\/shop\/"},{"@type":"ListItem","position":3,"name":"wi\u015bnia"}]},{"@type":"WebSite","@id":"https:\/\/www.sinchisinchi.com\/pl\/#website","url":"https:\/\/www.sinchisinchi.com\/pl\/","name":"SINCHI","description":"Sinchi Medicine","publisher":{"@id":"https:\/\/www.sinchisinchi.com\/pl\/#organization"},"potentialAction":[{"@type":"SearchAction","target":{"@type":"EntryPoint","urlTemplate":"https:\/\/www.sinchisinchi.com\/pl\/?s={search_term_string}"},"query-input":{"@type":"PropertyValueSpecification","valueRequired":true,"valueName":"search_term_string"}}],"inLanguage":"pl-PL"},{"@type":"Organization","@id":"https:\/\/www.sinchisinchi.com\/pl\/#organization","name":"SINCHI S.L","url":"https:\/\/www.sinchisinchi.com\/pl\/","logo":{"@type":"ImageObject","inLanguage":"pl-PL","@id":"https:\/\/www.sinchisinchi.com\/pl\/#\/schema\/logo\/image\/","url":"https:\/\/www.sinchisinchi.com\/wp-content\/uploads\/2026\/01\/3b-Verde-SIMPLIFICADO-HORIZONTAL-F-TRANSPARENTE-scaled.png","contentUrl":"https:\/\/www.sinchisinchi.com\/wp-content\/uploads\/2026\/01\/3b-Verde-SIMPLIFICADO-HORIZONTAL-F-TRANSPARENTE-scaled.png","width":2560,"height":457,"caption":"SINCHI S.L"},"image":{"@id":"https:\/\/www.sinchisinchi.com\/pl\/#\/schema\/logo\/image\/"},"sameAs":["https:\/\/www.facebook.com\/sinchirape\/","https:\/\/www.instagram.com\/sinchi_rape\/"]}]}},"_links":{"self":[{"href":"https:\/\/www.sinchisinchi.com\/pl\/wp-json\/wp\/v2\/product\/13466","targetHints":{"allow":["GET"]}}],"collection":[{"href":"https:\/\/www.sinchisinchi.com\/pl\/wp-json\/wp\/v2\/product"}],"about":[{"href":"https:\/\/www.sinchisinchi.com\/pl\/wp-json\/wp\/v2\/types\/product"}],"wp:featuredmedia":[{"embeddable":true,"href":"https:\/\/www.sinchisinchi.com\/pl\/wp-json\/wp\/v2\/media\/13960"}],"wp:attachment":[{"href":"https:\/\/www.sinchisinchi.com\/pl\/wp-json\/wp\/v2\/media?parent=13466"}],"wp:term":[{"taxonomy":"product_brand","embeddable":true,"href":"https:\/\/www.sinchisinchi.com\/pl\/wp-json\/wp\/v2\/product_brand?post=13466"},{"taxonomy":"product_cat","embeddable":true,"href":"https:\/\/www.sinchisinchi.com\/pl\/wp-json\/wp\/v2\/product_cat?post=13466"},{"taxonomy":"product_tag","embeddable":true,"href":"https:\/\/www.sinchisinchi.com\/pl\/wp-json\/wp\/v2\/product_tag?post=13466"}],"curies":[{"name":"wp","href":"https:\/\/api.w.org\/{rel}","templated":true}]}}