{"id":13483,"date":"2024-04-22T11:58:50","date_gmt":"2024-04-22T11:58:50","guid":{"rendered":"https:\/\/www.sinchisinchi.com\/producto\/lawenda\/"},"modified":"2024-07-03T10:15:08","modified_gmt":"2024-07-03T10:15:08","slug":"lawenda","status":"publish","type":"product","link":"https:\/\/www.sinchisinchi.com\/pl\/producto\/lawenda\/","title":{"rendered":"Lawenda"},"content":{"rendered":"<p>Tradycyjnie lawenda kojarzona jest z Aine, bogini\u0105 powietrza oraz \u015bwiatem sylf i wr\u00f3\u017cek. Kojarzono go tak\u017ce z bogiem Merkurym, kt\u00f3ry rz\u0105dzi j\u0119zykiem i potrzeb\u0105 komunikacji mi\u0119dzy lud\u017ami, a na poziomie fizycznym rz\u0105dzi tak\u017ce uk\u0142adem nerwowym; Od czas\u00f3w staro\u017cytnych lawenda jest jedn\u0105 z najcz\u0119\u015bciej u\u017cywanych ro\u015blin uspokajaj\u0105cych i relaksuj\u0105cych.<\/p>\n<p>Lawenda pochodzi z Morza \u015ar\u00f3dziemnego, gdzie ro\u015bnie naturalnie na glebach suchych i kamienistych.<\/p>\n<p>Tradycyjnie lawenda kojarzona by\u0142a z powietrzem, \u017cywio\u0142em odpowiadaj\u0105cym \u015bwiatu idei, my\u015bli, z\u0142udze\u0144 i sn\u00f3w.<\/p>\n<p>Naturalne myd\u0142o lawendowe uspokaja umys\u0142, wycisza my\u015bli, poprawia nastr\u00f3j i harmonizuje. Jest bogaty w linalol, linalinum, kamfor\u0119, limonen, garbniki i boreol, kuraminy i saponiny.<\/p>\n","protected":false},"excerpt":{"rendered":"<p>Myd\u0142o Lawendowe ma w\u0142a\u015bciwo\u015bci antyseptyczne, pomaga regulowa\u0107 i nawil\u017ca\u0107 sk\u00f3r\u0119 w\u0142a\u015bciw\u0105.<\/p>\n<p>Lawenda dzia\u0142a uspokajaj\u0105co i relaksuj\u0105co, o \u015bwie\u017cym aromacie, pobudza doznania, emocje i przekazuje pozytywn\u0105 energi\u0119, dzia\u0142a relaksuj\u0105co i inspiruj\u0105co.<\/p>\n<p>Aromatyczny i relaksuj\u0105cy dotyk olejku lawendowego uspokaja zmys\u0142y i pomaga zmi\u0119kczy\u0107 sk\u00f3r\u0119.<\/p>\n<p>Lawenda ma w\u0142a\u015bciwo\u015bci lecznicze, przeciwzapalne i przeciwutleniaj\u0105ce, kt\u00f3re pomagaj\u0105 uspokoi\u0107, zregenerowa\u0107 i chroni\u0107 sk\u00f3r\u0119.<\/p>\n<p>Ma s\u0142odki, kwiatowo-zio\u0142owy aromat z nutami balsamicznymi. Op\u00f3\u017ania pojawianie si\u0119 zmarszczek, pomaga przy nerwowo\u015bci, bezsenno\u015bci i dra\u017cliwo\u015bci.<\/p>\n<p>Termin \u201elawenda\u201d pochodzi prawdopodobnie od \u0142aci\u0144skiego s\u0142owa \u201elavere\u201d, co oznacza \u201emy\u0107\u201d, co nawi\u0105zuje do faktu, \u017ce lawenda by\u0142a u\u017cywana od czas\u00f3w staro\u017cytnych do mycia cia\u0142a i ubra\u0144.<\/p>\n<p>Staro\u017cytni Rzymianie zwykli dodawa\u0107 olejek lawendowy do swoich publicznych \u0142a\u017ani, a rzymscy \u017co\u0142nierze nosili olejek lawendowy, aby leczy\u0107 rany podczas bitwy.<\/p>\n<p>&nbsp;<\/p>\n<p><strong>Rozmiar: 1<\/strong>25g<\/p>\n","protected":false},"featured_media":13200,"template":"","meta":{"_joinchat":[]},"product_brand":[],"product_cat":[345],"product_tag":[],"class_list":{"0":"post-13483","1":"product","2":"type-product","3":"status-publish","4":"has-post-thumbnail","6":"product_cat-mydla","8":"first","9":"instock","10":"taxable","11":"shipping-taxable","12":"purchasable","13":"product-type-simple"},"yoast_head":"<!-- This site is optimized with the Yoast SEO plugin v27.4 - https:\/\/yoast.com\/product\/yoast-seo-wordpress\/ -->\n<title>Myd\u0142o lawendowe: sklep szama\u0144ski<\/title>\n<meta name=\"description\" content=\"Myd\u0142o lawendowe: ma w\u0142a\u015bciwo\u015bci antyseptyczne, pomaga regulowa\u0107 i nawil\u017ca\u0107 sk\u00f3r\u0119 w\u0142a\u015bciw\u0105. Ma dzia\u0142anie uspokajaj\u0105ce i relaksuj\u0105ce.\" \/>\n<meta name=\"robots\" content=\"index, follow, max-snippet:-1, max-image-preview:large, max-video-preview:-1\" \/>\n<link rel=\"canonical\" href=\"https:\/\/www.sinchisinchi.com\/pl\/producto\/lawenda\/\" \/>\n<meta property=\"og:locale\" content=\"pl_PL\" \/>\n<meta property=\"og:type\" content=\"article\" \/>\n<meta property=\"og:title\" content=\"Myd\u0142o lawendowe: sklep szama\u0144ski\" \/>\n<meta property=\"og:description\" content=\"Myd\u0142o lawendowe: ma w\u0142a\u015bciwo\u015bci antyseptyczne, pomaga regulowa\u0107 i nawil\u017ca\u0107 sk\u00f3r\u0119 w\u0142a\u015bciw\u0105. Ma dzia\u0142anie uspokajaj\u0105ce i relaksuj\u0105ce.\" \/>\n<meta property=\"og:url\" content=\"https:\/\/www.sinchisinchi.com\/pl\/producto\/lawenda\/\" \/>\n<meta property=\"og:site_name\" content=\"SINCHI RAP\u00c9\" \/>\n<meta property=\"article:publisher\" content=\"https:\/\/www.facebook.com\/sinchirape\/\" \/>\n<meta property=\"article:modified_time\" content=\"2024-07-03T10:15:08+00:00\" \/>\n<meta property=\"og:image\" content=\"https:\/\/www.sinchisinchi.com\/wp-content\/uploads\/2024\/04\/5-lavanda.jpeg\" \/>\n\t<meta property=\"og:image:width\" content=\"750\" \/>\n\t<meta property=\"og:image:height\" content=\"750\" \/>\n\t<meta property=\"og:image:type\" content=\"image\/jpeg\" \/>\n<meta name=\"twitter:card\" content=\"summary_large_image\" \/>\n<meta name=\"twitter:label1\" content=\"Szacowany czas czytania\" \/>\n\t<meta name=\"twitter:data1\" content=\"1 minuta\" \/>\n<script type=\"application\/ld+json\" class=\"yoast-schema-graph\">{\"@context\":\"https:\\\/\\\/schema.org\",\"@graph\":[{\"@type\":\"WebPage\",\"@id\":\"https:\\\/\\\/www.sinchisinchi.com\\\/pl\\\/producto\\\/lawenda\\\/\",\"url\":\"https:\\\/\\\/www.sinchisinchi.com\\\/pl\\\/producto\\\/lawenda\\\/\",\"name\":\"Myd\u0142o lawendowe: sklep szama\u0144ski\",\"isPartOf\":{\"@id\":\"https:\\\/\\\/www.sinchisinchi.com\\\/pl\\\/#website\"},\"primaryImageOfPage\":{\"@id\":\"https:\\\/\\\/www.sinchisinchi.com\\\/pl\\\/producto\\\/lawenda\\\/#primaryimage\"},\"image\":{\"@id\":\"https:\\\/\\\/www.sinchisinchi.com\\\/pl\\\/producto\\\/lawenda\\\/#primaryimage\"},\"thumbnailUrl\":\"https:\\\/\\\/www.sinchisinchi.com\\\/wp-content\\\/uploads\\\/2024\\\/04\\\/5-lavanda.jpeg\",\"datePublished\":\"2024-04-22T11:58:50+00:00\",\"dateModified\":\"2024-07-03T10:15:08+00:00\",\"description\":\"Myd\u0142o lawendowe: ma w\u0142a\u015bciwo\u015bci antyseptyczne, pomaga regulowa\u0107 i nawil\u017ca\u0107 sk\u00f3r\u0119 w\u0142a\u015bciw\u0105. Ma dzia\u0142anie uspokajaj\u0105ce i relaksuj\u0105ce.\",\"breadcrumb\":{\"@id\":\"https:\\\/\\\/www.sinchisinchi.com\\\/pl\\\/producto\\\/lawenda\\\/#breadcrumb\"},\"inLanguage\":\"pl-PL\",\"potentialAction\":[{\"@type\":\"ReadAction\",\"target\":[\"https:\\\/\\\/www.sinchisinchi.com\\\/pl\\\/producto\\\/lawenda\\\/\"]}]},{\"@type\":\"ImageObject\",\"inLanguage\":\"pl-PL\",\"@id\":\"https:\\\/\\\/www.sinchisinchi.com\\\/pl\\\/producto\\\/lawenda\\\/#primaryimage\",\"url\":\"https:\\\/\\\/www.sinchisinchi.com\\\/wp-content\\\/uploads\\\/2024\\\/04\\\/5-lavanda.jpeg\",\"contentUrl\":\"https:\\\/\\\/www.sinchisinchi.com\\\/wp-content\\\/uploads\\\/2024\\\/04\\\/5-lavanda.jpeg\",\"width\":750,\"height\":750},{\"@type\":\"BreadcrumbList\",\"@id\":\"https:\\\/\\\/www.sinchisinchi.com\\\/pl\\\/producto\\\/lawenda\\\/#breadcrumb\",\"itemListElement\":[{\"@type\":\"ListItem\",\"position\":1,\"name\":\"Pierwsza strona\",\"item\":\"https:\\\/\\\/www.sinchisinchi.com\\\/pl\\\/\"},{\"@type\":\"ListItem\",\"position\":2,\"name\":\"Produkty\",\"item\":\"https:\\\/\\\/www.sinchisinchi.com\\\/pl\\\/shop\\\/\"},{\"@type\":\"ListItem\",\"position\":3,\"name\":\"Lawenda\"}]},{\"@type\":\"WebSite\",\"@id\":\"https:\\\/\\\/www.sinchisinchi.com\\\/pl\\\/#website\",\"url\":\"https:\\\/\\\/www.sinchisinchi.com\\\/pl\\\/\",\"name\":\"SINCHI\",\"description\":\"Sinchi Medicine\",\"publisher\":{\"@id\":\"https:\\\/\\\/www.sinchisinchi.com\\\/pl\\\/#organization\"},\"potentialAction\":[{\"@type\":\"SearchAction\",\"target\":{\"@type\":\"EntryPoint\",\"urlTemplate\":\"https:\\\/\\\/www.sinchisinchi.com\\\/pl\\\/?s={search_term_string}\"},\"query-input\":{\"@type\":\"PropertyValueSpecification\",\"valueRequired\":true,\"valueName\":\"search_term_string\"}}],\"inLanguage\":\"pl-PL\"},{\"@type\":\"Organization\",\"@id\":\"https:\\\/\\\/www.sinchisinchi.com\\\/pl\\\/#organization\",\"name\":\"SINCHI S.L\",\"url\":\"https:\\\/\\\/www.sinchisinchi.com\\\/pl\\\/\",\"logo\":{\"@type\":\"ImageObject\",\"inLanguage\":\"pl-PL\",\"@id\":\"https:\\\/\\\/www.sinchisinchi.com\\\/pl\\\/#\\\/schema\\\/logo\\\/image\\\/\",\"url\":\"https:\\\/\\\/www.sinchisinchi.com\\\/wp-content\\\/uploads\\\/2026\\\/01\\\/3b-Verde-SIMPLIFICADO-HORIZONTAL-F-TRANSPARENTE-scaled.png\",\"contentUrl\":\"https:\\\/\\\/www.sinchisinchi.com\\\/wp-content\\\/uploads\\\/2026\\\/01\\\/3b-Verde-SIMPLIFICADO-HORIZONTAL-F-TRANSPARENTE-scaled.png\",\"width\":2560,\"height\":457,\"caption\":\"SINCHI S.L\"},\"image\":{\"@id\":\"https:\\\/\\\/www.sinchisinchi.com\\\/pl\\\/#\\\/schema\\\/logo\\\/image\\\/\"},\"sameAs\":[\"https:\\\/\\\/www.facebook.com\\\/sinchirape\\\/\",\"https:\\\/\\\/www.instagram.com\\\/sinchi_rape\\\/\"]}]}<\/script>\n<!-- \/ Yoast SEO plugin. -->","yoast_head_json":{"title":"Myd\u0142o lawendowe: sklep szama\u0144ski","description":"Myd\u0142o lawendowe: ma w\u0142a\u015bciwo\u015bci antyseptyczne, pomaga regulowa\u0107 i nawil\u017ca\u0107 sk\u00f3r\u0119 w\u0142a\u015bciw\u0105. Ma dzia\u0142anie uspokajaj\u0105ce i relaksuj\u0105ce.","robots":{"index":"index","follow":"follow","max-snippet":"max-snippet:-1","max-image-preview":"max-image-preview:large","max-video-preview":"max-video-preview:-1"},"canonical":"https:\/\/www.sinchisinchi.com\/pl\/producto\/lawenda\/","og_locale":"pl_PL","og_type":"article","og_title":"Myd\u0142o lawendowe: sklep szama\u0144ski","og_description":"Myd\u0142o lawendowe: ma w\u0142a\u015bciwo\u015bci antyseptyczne, pomaga regulowa\u0107 i nawil\u017ca\u0107 sk\u00f3r\u0119 w\u0142a\u015bciw\u0105. Ma dzia\u0142anie uspokajaj\u0105ce i relaksuj\u0105ce.","og_url":"https:\/\/www.sinchisinchi.com\/pl\/producto\/lawenda\/","og_site_name":"SINCHI RAP\u00c9","article_publisher":"https:\/\/www.facebook.com\/sinchirape\/","article_modified_time":"2024-07-03T10:15:08+00:00","og_image":[{"width":750,"height":750,"url":"https:\/\/www.sinchisinchi.com\/wp-content\/uploads\/2024\/04\/5-lavanda.jpeg","type":"image\/jpeg"}],"twitter_card":"summary_large_image","twitter_misc":{"Szacowany czas czytania":"1 minuta"},"schema":{"@context":"https:\/\/schema.org","@graph":[{"@type":"WebPage","@id":"https:\/\/www.sinchisinchi.com\/pl\/producto\/lawenda\/","url":"https:\/\/www.sinchisinchi.com\/pl\/producto\/lawenda\/","name":"Myd\u0142o lawendowe: sklep szama\u0144ski","isPartOf":{"@id":"https:\/\/www.sinchisinchi.com\/pl\/#website"},"primaryImageOfPage":{"@id":"https:\/\/www.sinchisinchi.com\/pl\/producto\/lawenda\/#primaryimage"},"image":{"@id":"https:\/\/www.sinchisinchi.com\/pl\/producto\/lawenda\/#primaryimage"},"thumbnailUrl":"https:\/\/www.sinchisinchi.com\/wp-content\/uploads\/2024\/04\/5-lavanda.jpeg","datePublished":"2024-04-22T11:58:50+00:00","dateModified":"2024-07-03T10:15:08+00:00","description":"Myd\u0142o lawendowe: ma w\u0142a\u015bciwo\u015bci antyseptyczne, pomaga regulowa\u0107 i nawil\u017ca\u0107 sk\u00f3r\u0119 w\u0142a\u015bciw\u0105. Ma dzia\u0142anie uspokajaj\u0105ce i relaksuj\u0105ce.","breadcrumb":{"@id":"https:\/\/www.sinchisinchi.com\/pl\/producto\/lawenda\/#breadcrumb"},"inLanguage":"pl-PL","potentialAction":[{"@type":"ReadAction","target":["https:\/\/www.sinchisinchi.com\/pl\/producto\/lawenda\/"]}]},{"@type":"ImageObject","inLanguage":"pl-PL","@id":"https:\/\/www.sinchisinchi.com\/pl\/producto\/lawenda\/#primaryimage","url":"https:\/\/www.sinchisinchi.com\/wp-content\/uploads\/2024\/04\/5-lavanda.jpeg","contentUrl":"https:\/\/www.sinchisinchi.com\/wp-content\/uploads\/2024\/04\/5-lavanda.jpeg","width":750,"height":750},{"@type":"BreadcrumbList","@id":"https:\/\/www.sinchisinchi.com\/pl\/producto\/lawenda\/#breadcrumb","itemListElement":[{"@type":"ListItem","position":1,"name":"Pierwsza strona","item":"https:\/\/www.sinchisinchi.com\/pl\/"},{"@type":"ListItem","position":2,"name":"Produkty","item":"https:\/\/www.sinchisinchi.com\/pl\/shop\/"},{"@type":"ListItem","position":3,"name":"Lawenda"}]},{"@type":"WebSite","@id":"https:\/\/www.sinchisinchi.com\/pl\/#website","url":"https:\/\/www.sinchisinchi.com\/pl\/","name":"SINCHI","description":"Sinchi Medicine","publisher":{"@id":"https:\/\/www.sinchisinchi.com\/pl\/#organization"},"potentialAction":[{"@type":"SearchAction","target":{"@type":"EntryPoint","urlTemplate":"https:\/\/www.sinchisinchi.com\/pl\/?s={search_term_string}"},"query-input":{"@type":"PropertyValueSpecification","valueRequired":true,"valueName":"search_term_string"}}],"inLanguage":"pl-PL"},{"@type":"Organization","@id":"https:\/\/www.sinchisinchi.com\/pl\/#organization","name":"SINCHI S.L","url":"https:\/\/www.sinchisinchi.com\/pl\/","logo":{"@type":"ImageObject","inLanguage":"pl-PL","@id":"https:\/\/www.sinchisinchi.com\/pl\/#\/schema\/logo\/image\/","url":"https:\/\/www.sinchisinchi.com\/wp-content\/uploads\/2026\/01\/3b-Verde-SIMPLIFICADO-HORIZONTAL-F-TRANSPARENTE-scaled.png","contentUrl":"https:\/\/www.sinchisinchi.com\/wp-content\/uploads\/2026\/01\/3b-Verde-SIMPLIFICADO-HORIZONTAL-F-TRANSPARENTE-scaled.png","width":2560,"height":457,"caption":"SINCHI S.L"},"image":{"@id":"https:\/\/www.sinchisinchi.com\/pl\/#\/schema\/logo\/image\/"},"sameAs":["https:\/\/www.facebook.com\/sinchirape\/","https:\/\/www.instagram.com\/sinchi_rape\/"]}]}},"_links":{"self":[{"href":"https:\/\/www.sinchisinchi.com\/pl\/wp-json\/wp\/v2\/product\/13483","targetHints":{"allow":["GET"]}}],"collection":[{"href":"https:\/\/www.sinchisinchi.com\/pl\/wp-json\/wp\/v2\/product"}],"about":[{"href":"https:\/\/www.sinchisinchi.com\/pl\/wp-json\/wp\/v2\/types\/product"}],"wp:featuredmedia":[{"embeddable":true,"href":"https:\/\/www.sinchisinchi.com\/pl\/wp-json\/wp\/v2\/media\/13200"}],"wp:attachment":[{"href":"https:\/\/www.sinchisinchi.com\/pl\/wp-json\/wp\/v2\/media?parent=13483"}],"wp:term":[{"taxonomy":"product_brand","embeddable":true,"href":"https:\/\/www.sinchisinchi.com\/pl\/wp-json\/wp\/v2\/product_brand?post=13483"},{"taxonomy":"product_cat","embeddable":true,"href":"https:\/\/www.sinchisinchi.com\/pl\/wp-json\/wp\/v2\/product_cat?post=13483"},{"taxonomy":"product_tag","embeddable":true,"href":"https:\/\/www.sinchisinchi.com\/pl\/wp-json\/wp\/v2\/product_tag?post=13483"}],"curies":[{"name":"wp","href":"https:\/\/api.w.org\/{rel}","templated":true}]}}