{"id":13488,"date":"2024-04-22T11:56:40","date_gmt":"2024-04-22T11:56:40","guid":{"rendered":"https:\/\/www.sinchisinchi.com\/producto\/jasmin\/"},"modified":"2024-07-03T10:23:12","modified_gmt":"2024-07-03T10:23:12","slug":"jasmin","status":"publish","type":"product","link":"https:\/\/www.sinchisinchi.com\/pl\/producto\/jasmin\/","title":{"rendered":"Ja\u015bmin"},"content":{"rendered":"<h2 style=\"text-align: center;\"><strong>magiczne w\u0142a\u015bciwo\u015bci<\/strong><\/h2>\n<p>Ja\u015bmin jest ro\u015blin\u0105 \u017ce\u0144sk\u0105, kojarzony jest z ksi\u0119\u017cycem, \u017cywio\u0142em wody i bogiem Wisznu.<\/p>\n<p>Tradycyjnie u\u017cywa si\u0119 go ze wzgl\u0119du na jego zalety zwi\u0105zane z mi\u0142o\u015bci\u0105, pieni\u0119dzmi i proroczymi snami.<\/p>\n<p>Szczeg\u00f3lnie przyci\u0105ga mi\u0142o\u015b\u0107 duchow\u0105, rozumian\u0105 jako przeciwie\u0144stwo mi\u0142o\u015bci fizycznej, a tak\u017ce pieni\u0105dze i bogactwo. Noszony przy sobie lub spalony w pokoju, wzmacnia prorocze sny.<\/p>\n<p>Dzia\u0142a relaksuj\u0105co i wspiera energi\u0119 serca, uspokaja nerwy, \u0142agodzi napi\u0119cie i podnosi umys\u0142.<\/p>\n<p>Promuje zdrowy i promienny wygl\u0105d cery. Od\u017cywia i chroni sk\u00f3r\u0119 i sk\u00f3r\u0119 g\u0142owy.<\/p>\n","protected":false},"excerpt":{"rendered":"<p>Naturalne myd\u0142o ja\u015bminowe poprawia nastr\u00f3j, rewitalizuje sk\u00f3r\u0119 i zwi\u0119ksza jej elastyczno\u015b\u0107.<\/p>\n<p>Ma w\u0142a\u015bciwo\u015bci afrodyzjaku, jest zwi\u0105zany z mi\u0142o\u015bci\u0105 i obfito\u015bci\u0105, korzystnie wp\u0142ywa duchowo na relacje ma\u0142\u017ce\u0144skie, przyci\u0105ga pozytywne wibracje i sprzyja \u015bwiadomym snom.<\/p>\n<p>Ja\u015bmin (Jasminum officinale) to pn\u0105cy krzew pochodz\u0105cy z Azji \u015arodkowej. Jego ma\u0142e bia\u0142e kwiaty wydzielaj\u0105 bardzo charakterystyczny i wykwintny zapach.<\/p>\n<p>Nazwa Ja\u015bmin w j\u0119zyku arabskim \u201e\u062c\u0627\u0633\u0645\u064a\u0646\u201d ma swoje korzenie w perskim s\u0142owie \u201e\u06cc\u0627\u0633\u0645\u0646\u201d (Yasamin), kt\u00f3re p\u00f3\u017aniej zosta\u0142o zlatynizowane jako (jesminium) i kt\u00f3re jest powi\u0105zane z kwiatem ro\u015bliny o tej samej nazwie. Znaczenie tego imienia mo\u017cna przet\u0142umaczy\u0107 jako \u201edar Bo\u017cy\u201d.<\/p>\n","protected":false},"featured_media":13186,"template":"","meta":{"_joinchat":[]},"product_brand":[],"product_cat":[345],"product_tag":[],"class_list":{"0":"post-13488","1":"product","2":"type-product","3":"status-publish","4":"has-post-thumbnail","6":"product_cat-mydla","8":"first","9":"instock","10":"taxable","11":"shipping-taxable","12":"purchasable","13":"product-type-simple"},"yoast_head":"<!-- This site is optimized with the Yoast SEO plugin v27.1.1 - https:\/\/yoast.com\/product\/yoast-seo-wordpress\/ -->\n<title>Myd\u0142o Ja\u015bminowe: Sklep szama\u0144ski<\/title>\n<meta name=\"description\" content=\"Ja\u015bmin, ma swoje korzenie w perskim s\u0142owie (Yasamin), jest powi\u0105zany z kwiatem ro\u015bliny o tej samej nazwie, t\u0142umaczonej jako \u201eboski dar\u201d.\" \/>\n<meta name=\"robots\" content=\"index, follow, max-snippet:-1, max-image-preview:large, max-video-preview:-1\" \/>\n<link rel=\"canonical\" href=\"https:\/\/www.sinchisinchi.com\/pl\/producto\/jasmin\/\" \/>\n<meta property=\"og:locale\" content=\"pl_PL\" \/>\n<meta property=\"og:type\" content=\"article\" \/>\n<meta property=\"og:title\" content=\"Myd\u0142o Ja\u015bminowe: Sklep szama\u0144ski\" \/>\n<meta property=\"og:description\" content=\"Ja\u015bmin, ma swoje korzenie w perskim s\u0142owie (Yasamin), jest powi\u0105zany z kwiatem ro\u015bliny o tej samej nazwie, t\u0142umaczonej jako \u201eboski dar\u201d.\" \/>\n<meta property=\"og:url\" content=\"https:\/\/www.sinchisinchi.com\/pl\/producto\/jasmin\/\" \/>\n<meta property=\"og:site_name\" content=\"SINCHI RAP\u00c9\" \/>\n<meta property=\"article:publisher\" content=\"https:\/\/www.facebook.com\/sinchirape\/\" \/>\n<meta property=\"article:modified_time\" content=\"2024-07-03T10:23:12+00:00\" \/>\n<meta property=\"og:image\" content=\"https:\/\/www.sinchisinchi.com\/wp-content\/uploads\/2024\/04\/4-jazmin.jpeg\" \/>\n\t<meta property=\"og:image:width\" content=\"750\" \/>\n\t<meta property=\"og:image:height\" content=\"750\" \/>\n\t<meta property=\"og:image:type\" content=\"image\/jpeg\" \/>\n<meta name=\"twitter:card\" content=\"summary_large_image\" \/>\n<meta name=\"twitter:label1\" content=\"Szacowany czas czytania\" \/>\n\t<meta name=\"twitter:data1\" content=\"1 minuta\" \/>\n<script type=\"application\/ld+json\" class=\"yoast-schema-graph\">{\"@context\":\"https:\/\/schema.org\",\"@graph\":[{\"@type\":\"WebPage\",\"@id\":\"https:\/\/www.sinchisinchi.com\/pl\/producto\/jasmin\/\",\"url\":\"https:\/\/www.sinchisinchi.com\/pl\/producto\/jasmin\/\",\"name\":\"Myd\u0142o Ja\u015bminowe: Sklep szama\u0144ski\",\"isPartOf\":{\"@id\":\"https:\/\/www.sinchisinchi.com\/pl\/#website\"},\"primaryImageOfPage\":{\"@id\":\"https:\/\/www.sinchisinchi.com\/pl\/producto\/jasmin\/#primaryimage\"},\"image\":{\"@id\":\"https:\/\/www.sinchisinchi.com\/pl\/producto\/jasmin\/#primaryimage\"},\"thumbnailUrl\":\"https:\/\/www.sinchisinchi.com\/wp-content\/uploads\/2024\/04\/4-jazmin.jpeg\",\"datePublished\":\"2024-04-22T11:56:40+00:00\",\"dateModified\":\"2024-07-03T10:23:12+00:00\",\"description\":\"Ja\u015bmin, ma swoje korzenie w perskim s\u0142owie (Yasamin), jest powi\u0105zany z kwiatem ro\u015bliny o tej samej nazwie, t\u0142umaczonej jako \u201eboski dar\u201d.\",\"breadcrumb\":{\"@id\":\"https:\/\/www.sinchisinchi.com\/pl\/producto\/jasmin\/#breadcrumb\"},\"inLanguage\":\"pl-PL\",\"potentialAction\":[{\"@type\":\"ReadAction\",\"target\":[\"https:\/\/www.sinchisinchi.com\/pl\/producto\/jasmin\/\"]}]},{\"@type\":\"ImageObject\",\"inLanguage\":\"pl-PL\",\"@id\":\"https:\/\/www.sinchisinchi.com\/pl\/producto\/jasmin\/#primaryimage\",\"url\":\"https:\/\/www.sinchisinchi.com\/wp-content\/uploads\/2024\/04\/4-jazmin.jpeg\",\"contentUrl\":\"https:\/\/www.sinchisinchi.com\/wp-content\/uploads\/2024\/04\/4-jazmin.jpeg\",\"width\":750,\"height\":750},{\"@type\":\"BreadcrumbList\",\"@id\":\"https:\/\/www.sinchisinchi.com\/pl\/producto\/jasmin\/#breadcrumb\",\"itemListElement\":[{\"@type\":\"ListItem\",\"position\":1,\"name\":\"Pierwsza strona\",\"item\":\"https:\/\/www.sinchisinchi.com\/pl\/\"},{\"@type\":\"ListItem\",\"position\":2,\"name\":\"Produkty\",\"item\":\"https:\/\/www.sinchisinchi.com\/pl\/shop\/\"},{\"@type\":\"ListItem\",\"position\":3,\"name\":\"Ja\u015bmin\"}]},{\"@type\":\"WebSite\",\"@id\":\"https:\/\/www.sinchisinchi.com\/pl\/#website\",\"url\":\"https:\/\/www.sinchisinchi.com\/pl\/\",\"name\":\"SINCHI\",\"description\":\"Sinchi Medicine\",\"publisher\":{\"@id\":\"https:\/\/www.sinchisinchi.com\/pl\/#organization\"},\"potentialAction\":[{\"@type\":\"SearchAction\",\"target\":{\"@type\":\"EntryPoint\",\"urlTemplate\":\"https:\/\/www.sinchisinchi.com\/pl\/?s={search_term_string}\"},\"query-input\":{\"@type\":\"PropertyValueSpecification\",\"valueRequired\":true,\"valueName\":\"search_term_string\"}}],\"inLanguage\":\"pl-PL\"},{\"@type\":\"Organization\",\"@id\":\"https:\/\/www.sinchisinchi.com\/pl\/#organization\",\"name\":\"SINCHI S.L\",\"url\":\"https:\/\/www.sinchisinchi.com\/pl\/\",\"logo\":{\"@type\":\"ImageObject\",\"inLanguage\":\"pl-PL\",\"@id\":\"https:\/\/www.sinchisinchi.com\/pl\/#\/schema\/logo\/image\/\",\"url\":\"https:\/\/www.sinchisinchi.com\/wp-content\/uploads\/2026\/01\/3b-Verde-SIMPLIFICADO-HORIZONTAL-F-TRANSPARENTE-scaled.png\",\"contentUrl\":\"https:\/\/www.sinchisinchi.com\/wp-content\/uploads\/2026\/01\/3b-Verde-SIMPLIFICADO-HORIZONTAL-F-TRANSPARENTE-scaled.png\",\"width\":2560,\"height\":457,\"caption\":\"SINCHI S.L\"},\"image\":{\"@id\":\"https:\/\/www.sinchisinchi.com\/pl\/#\/schema\/logo\/image\/\"},\"sameAs\":[\"https:\/\/www.facebook.com\/sinchirape\/\",\"https:\/\/www.instagram.com\/sinchi_rape\/\"]}]}<\/script>\n<!-- \/ Yoast SEO plugin. -->","yoast_head_json":{"title":"Myd\u0142o Ja\u015bminowe: Sklep szama\u0144ski","description":"Ja\u015bmin, ma swoje korzenie w perskim s\u0142owie (Yasamin), jest powi\u0105zany z kwiatem ro\u015bliny o tej samej nazwie, t\u0142umaczonej jako \u201eboski dar\u201d.","robots":{"index":"index","follow":"follow","max-snippet":"max-snippet:-1","max-image-preview":"max-image-preview:large","max-video-preview":"max-video-preview:-1"},"canonical":"https:\/\/www.sinchisinchi.com\/pl\/producto\/jasmin\/","og_locale":"pl_PL","og_type":"article","og_title":"Myd\u0142o Ja\u015bminowe: Sklep szama\u0144ski","og_description":"Ja\u015bmin, ma swoje korzenie w perskim s\u0142owie (Yasamin), jest powi\u0105zany z kwiatem ro\u015bliny o tej samej nazwie, t\u0142umaczonej jako \u201eboski dar\u201d.","og_url":"https:\/\/www.sinchisinchi.com\/pl\/producto\/jasmin\/","og_site_name":"SINCHI RAP\u00c9","article_publisher":"https:\/\/www.facebook.com\/sinchirape\/","article_modified_time":"2024-07-03T10:23:12+00:00","og_image":[{"width":750,"height":750,"url":"https:\/\/www.sinchisinchi.com\/wp-content\/uploads\/2024\/04\/4-jazmin.jpeg","type":"image\/jpeg"}],"twitter_card":"summary_large_image","twitter_misc":{"Szacowany czas czytania":"1 minuta"},"schema":{"@context":"https:\/\/schema.org","@graph":[{"@type":"WebPage","@id":"https:\/\/www.sinchisinchi.com\/pl\/producto\/jasmin\/","url":"https:\/\/www.sinchisinchi.com\/pl\/producto\/jasmin\/","name":"Myd\u0142o Ja\u015bminowe: Sklep szama\u0144ski","isPartOf":{"@id":"https:\/\/www.sinchisinchi.com\/pl\/#website"},"primaryImageOfPage":{"@id":"https:\/\/www.sinchisinchi.com\/pl\/producto\/jasmin\/#primaryimage"},"image":{"@id":"https:\/\/www.sinchisinchi.com\/pl\/producto\/jasmin\/#primaryimage"},"thumbnailUrl":"https:\/\/www.sinchisinchi.com\/wp-content\/uploads\/2024\/04\/4-jazmin.jpeg","datePublished":"2024-04-22T11:56:40+00:00","dateModified":"2024-07-03T10:23:12+00:00","description":"Ja\u015bmin, ma swoje korzenie w perskim s\u0142owie (Yasamin), jest powi\u0105zany z kwiatem ro\u015bliny o tej samej nazwie, t\u0142umaczonej jako \u201eboski dar\u201d.","breadcrumb":{"@id":"https:\/\/www.sinchisinchi.com\/pl\/producto\/jasmin\/#breadcrumb"},"inLanguage":"pl-PL","potentialAction":[{"@type":"ReadAction","target":["https:\/\/www.sinchisinchi.com\/pl\/producto\/jasmin\/"]}]},{"@type":"ImageObject","inLanguage":"pl-PL","@id":"https:\/\/www.sinchisinchi.com\/pl\/producto\/jasmin\/#primaryimage","url":"https:\/\/www.sinchisinchi.com\/wp-content\/uploads\/2024\/04\/4-jazmin.jpeg","contentUrl":"https:\/\/www.sinchisinchi.com\/wp-content\/uploads\/2024\/04\/4-jazmin.jpeg","width":750,"height":750},{"@type":"BreadcrumbList","@id":"https:\/\/www.sinchisinchi.com\/pl\/producto\/jasmin\/#breadcrumb","itemListElement":[{"@type":"ListItem","position":1,"name":"Pierwsza strona","item":"https:\/\/www.sinchisinchi.com\/pl\/"},{"@type":"ListItem","position":2,"name":"Produkty","item":"https:\/\/www.sinchisinchi.com\/pl\/shop\/"},{"@type":"ListItem","position":3,"name":"Ja\u015bmin"}]},{"@type":"WebSite","@id":"https:\/\/www.sinchisinchi.com\/pl\/#website","url":"https:\/\/www.sinchisinchi.com\/pl\/","name":"SINCHI","description":"Sinchi Medicine","publisher":{"@id":"https:\/\/www.sinchisinchi.com\/pl\/#organization"},"potentialAction":[{"@type":"SearchAction","target":{"@type":"EntryPoint","urlTemplate":"https:\/\/www.sinchisinchi.com\/pl\/?s={search_term_string}"},"query-input":{"@type":"PropertyValueSpecification","valueRequired":true,"valueName":"search_term_string"}}],"inLanguage":"pl-PL"},{"@type":"Organization","@id":"https:\/\/www.sinchisinchi.com\/pl\/#organization","name":"SINCHI S.L","url":"https:\/\/www.sinchisinchi.com\/pl\/","logo":{"@type":"ImageObject","inLanguage":"pl-PL","@id":"https:\/\/www.sinchisinchi.com\/pl\/#\/schema\/logo\/image\/","url":"https:\/\/www.sinchisinchi.com\/wp-content\/uploads\/2026\/01\/3b-Verde-SIMPLIFICADO-HORIZONTAL-F-TRANSPARENTE-scaled.png","contentUrl":"https:\/\/www.sinchisinchi.com\/wp-content\/uploads\/2026\/01\/3b-Verde-SIMPLIFICADO-HORIZONTAL-F-TRANSPARENTE-scaled.png","width":2560,"height":457,"caption":"SINCHI S.L"},"image":{"@id":"https:\/\/www.sinchisinchi.com\/pl\/#\/schema\/logo\/image\/"},"sameAs":["https:\/\/www.facebook.com\/sinchirape\/","https:\/\/www.instagram.com\/sinchi_rape\/"]}]}},"_links":{"self":[{"href":"https:\/\/www.sinchisinchi.com\/pl\/wp-json\/wp\/v2\/product\/13488","targetHints":{"allow":["GET"]}}],"collection":[{"href":"https:\/\/www.sinchisinchi.com\/pl\/wp-json\/wp\/v2\/product"}],"about":[{"href":"https:\/\/www.sinchisinchi.com\/pl\/wp-json\/wp\/v2\/types\/product"}],"wp:featuredmedia":[{"embeddable":true,"href":"https:\/\/www.sinchisinchi.com\/pl\/wp-json\/wp\/v2\/media\/13186"}],"wp:attachment":[{"href":"https:\/\/www.sinchisinchi.com\/pl\/wp-json\/wp\/v2\/media?parent=13488"}],"wp:term":[{"taxonomy":"product_brand","embeddable":true,"href":"https:\/\/www.sinchisinchi.com\/pl\/wp-json\/wp\/v2\/product_brand?post=13488"},{"taxonomy":"product_cat","embeddable":true,"href":"https:\/\/www.sinchisinchi.com\/pl\/wp-json\/wp\/v2\/product_cat?post=13488"},{"taxonomy":"product_tag","embeddable":true,"href":"https:\/\/www.sinchisinchi.com\/pl\/wp-json\/wp\/v2\/product_tag?post=13488"}],"curies":[{"name":"wp","href":"https:\/\/api.w.org\/{rel}","templated":true}]}}