{"id":13493,"date":"2024-04-23T09:59:43","date_gmt":"2024-04-23T09:59:43","guid":{"rendered":"https:\/\/www.sinchisinchi.com\/producto\/mapacho-moi-w-proszku\/"},"modified":"2024-04-23T09:59:43","modified_gmt":"2024-04-23T09:59:43","slug":"mapacho-moi-w-proszku","status":"publish","type":"product","link":"https:\/\/www.sinchisinchi.com\/pl\/producto\/mapacho-moi-w-proszku\/","title":{"rendered":"Mapacho M\u00f3i w proszku"},"content":{"rendered":"<p>Mapacho M\u00f3i zbierane jest w regionie Alto Juru\u00e1, gdzie spotykaj\u0105 si\u0119 granice Peru i stanu Acre, od miasta Marechal Thaumaturgo. Tam lud Ribeirinho osiedli\u0142 si\u0119 na obszarze, kt\u00f3ry dzi\u015b stanowi rezerwat.<\/p>\n<p>Ribeirinho pochodz\u0105 z p\u00f3\u0142nocno-wschodniego regionu Brazylii lub przynajmniej wywodz\u0105 si\u0119 z rodu mieszka\u0144c\u00f3w p\u00f3\u0142nocnego wschodu, kt\u00f3rzy uciekli z tego regionu sto lat temu, aby uciec przed kryzysem gumowym.<\/p>\n<p>Historia Ribeirinhos jest bogata i r\u00f3\u017cnorodna, pierwsi cz\u0142onkowie ich spo\u0142eczno\u015bci przybyli nad brzegi rzek i pla\u017c, gdzie zamieszkuj\u0105 dzisiaj. Ich plantacje kieruj\u0105 si\u0119 poczuciem samowystarczalno\u015bci i odpowiedzialno\u015bci za \u015brodowisko, chroni\u0105c otaczaj\u0105ce je lasy i rzeki.<\/p>\n","protected":false},"excerpt":{"rendered":"<p>M\u00f3i to nazwa, pod kt\u00f3r\u0105 Brazylijczycy nazywaj\u0105 Mapacho (nazwa u\u017cywana w innych regionach, zw\u0142aszcza w Peru).<\/p>\n<p>M\u00f3i to wyrafinowana odmiana pospolitego Mapacho o wy\u017cszej jako\u015bci, zbierana i wytwarzana jako sk\u0142adnik leczniczy, szczeg\u00f3lnie w p\u00f3\u0142nocnym stanie Acre.<\/p>\n<p>Mapacho M\u00f3i jest uprawiane metodami ekologicznymi, zgodnie ze staro\u017cytnymi tradycjami mieszka\u0144c\u00f3w Ribeirinho, przekazywanymi z pokolenia na pokolenie.<\/p>\n<p>Region pochodzenia: Alto Juru\u00e1, Acre, Brazylia<\/p>\n","protected":false},"featured_media":13462,"template":"","meta":{"_joinchat":[]},"product_brand":[],"product_cat":[326],"product_tag":[],"class_list":{"0":"post-13493","1":"product","2":"type-product","3":"status-publish","4":"has-post-thumbnail","6":"product_cat-mapacho-roll-pl","8":"first","9":"instock","10":"taxable","11":"shipping-taxable","12":"purchasable","13":"product-type-simple"},"yoast_head":"<!-- This site is optimized with the Yoast SEO plugin v27.4 - https:\/\/yoast.com\/product\/yoast-seo-wordpress\/ -->\n<title>Mapacho M\u00f3i Proszek: Sklep szama\u0144ski Sinchi<\/title>\n<meta name=\"description\" content=\"M\u00f3i to wyrafinowana odmiana pospolitego Mapacho o wy\u017cszej jako\u015bci, zbierana i wytwarzana jako sk\u0142adnik leczniczy w p\u00f3\u0142nocnym stanie Acre.\" \/>\n<meta name=\"robots\" content=\"index, follow, max-snippet:-1, max-image-preview:large, max-video-preview:-1\" \/>\n<link rel=\"canonical\" href=\"https:\/\/www.sinchisinchi.com\/pl\/producto\/mapacho-moi-w-proszku\/\" \/>\n<meta property=\"og:locale\" content=\"pl_PL\" \/>\n<meta property=\"og:type\" content=\"article\" \/>\n<meta property=\"og:title\" content=\"Mapacho M\u00f3i Proszek: Sklep szama\u0144ski Sinchi\" \/>\n<meta property=\"og:description\" content=\"M\u00f3i to wyrafinowana odmiana pospolitego Mapacho o wy\u017cszej jako\u015bci, zbierana i wytwarzana jako sk\u0142adnik leczniczy w p\u00f3\u0142nocnym stanie Acre.\" \/>\n<meta property=\"og:url\" content=\"https:\/\/www.sinchisinchi.com\/pl\/producto\/mapacho-moi-w-proszku\/\" \/>\n<meta property=\"og:site_name\" content=\"SINCHI RAP\u00c9\" \/>\n<meta property=\"article:publisher\" content=\"https:\/\/www.facebook.com\/sinchirape\/\" \/>\n<meta property=\"og:image\" content=\"https:\/\/www.sinchisinchi.com\/wp-content\/uploads\/2024\/04\/Moi-Polvo.jpg\" \/>\n\t<meta property=\"og:image:width\" content=\"900\" \/>\n\t<meta property=\"og:image:height\" content=\"900\" \/>\n\t<meta property=\"og:image:type\" content=\"image\/jpeg\" \/>\n<meta name=\"twitter:card\" content=\"summary_large_image\" \/>\n<meta name=\"twitter:label1\" content=\"Szacowany czas czytania\" \/>\n\t<meta name=\"twitter:data1\" content=\"1 minuta\" \/>\n<script type=\"application\/ld+json\" class=\"yoast-schema-graph\">{\"@context\":\"https:\\\/\\\/schema.org\",\"@graph\":[{\"@type\":\"WebPage\",\"@id\":\"https:\\\/\\\/www.sinchisinchi.com\\\/pl\\\/producto\\\/mapacho-moi-w-proszku\\\/\",\"url\":\"https:\\\/\\\/www.sinchisinchi.com\\\/pl\\\/producto\\\/mapacho-moi-w-proszku\\\/\",\"name\":\"Mapacho M\u00f3i Proszek: Sklep szama\u0144ski Sinchi\",\"isPartOf\":{\"@id\":\"https:\\\/\\\/www.sinchisinchi.com\\\/pl\\\/#website\"},\"primaryImageOfPage\":{\"@id\":\"https:\\\/\\\/www.sinchisinchi.com\\\/pl\\\/producto\\\/mapacho-moi-w-proszku\\\/#primaryimage\"},\"image\":{\"@id\":\"https:\\\/\\\/www.sinchisinchi.com\\\/pl\\\/producto\\\/mapacho-moi-w-proszku\\\/#primaryimage\"},\"thumbnailUrl\":\"https:\\\/\\\/www.sinchisinchi.com\\\/wp-content\\\/uploads\\\/2024\\\/04\\\/Moi-Polvo.jpg\",\"datePublished\":\"2024-04-23T09:59:43+00:00\",\"description\":\"M\u00f3i to wyrafinowana odmiana pospolitego Mapacho o wy\u017cszej jako\u015bci, zbierana i wytwarzana jako sk\u0142adnik leczniczy w p\u00f3\u0142nocnym stanie Acre.\",\"breadcrumb\":{\"@id\":\"https:\\\/\\\/www.sinchisinchi.com\\\/pl\\\/producto\\\/mapacho-moi-w-proszku\\\/#breadcrumb\"},\"inLanguage\":\"pl-PL\",\"potentialAction\":[{\"@type\":\"ReadAction\",\"target\":[\"https:\\\/\\\/www.sinchisinchi.com\\\/pl\\\/producto\\\/mapacho-moi-w-proszku\\\/\"]}]},{\"@type\":\"ImageObject\",\"inLanguage\":\"pl-PL\",\"@id\":\"https:\\\/\\\/www.sinchisinchi.com\\\/pl\\\/producto\\\/mapacho-moi-w-proszku\\\/#primaryimage\",\"url\":\"https:\\\/\\\/www.sinchisinchi.com\\\/wp-content\\\/uploads\\\/2024\\\/04\\\/Moi-Polvo.jpg\",\"contentUrl\":\"https:\\\/\\\/www.sinchisinchi.com\\\/wp-content\\\/uploads\\\/2024\\\/04\\\/Moi-Polvo.jpg\",\"width\":900,\"height\":900},{\"@type\":\"BreadcrumbList\",\"@id\":\"https:\\\/\\\/www.sinchisinchi.com\\\/pl\\\/producto\\\/mapacho-moi-w-proszku\\\/#breadcrumb\",\"itemListElement\":[{\"@type\":\"ListItem\",\"position\":1,\"name\":\"Pierwsza strona\",\"item\":\"https:\\\/\\\/www.sinchisinchi.com\\\/pl\\\/\"},{\"@type\":\"ListItem\",\"position\":2,\"name\":\"Produkty\",\"item\":\"https:\\\/\\\/www.sinchisinchi.com\\\/pl\\\/shop\\\/\"},{\"@type\":\"ListItem\",\"position\":3,\"name\":\"Mapacho M\u00f3i w proszku\"}]},{\"@type\":\"WebSite\",\"@id\":\"https:\\\/\\\/www.sinchisinchi.com\\\/pl\\\/#website\",\"url\":\"https:\\\/\\\/www.sinchisinchi.com\\\/pl\\\/\",\"name\":\"SINCHI\",\"description\":\"Sinchi Medicine\",\"publisher\":{\"@id\":\"https:\\\/\\\/www.sinchisinchi.com\\\/pl\\\/#organization\"},\"potentialAction\":[{\"@type\":\"SearchAction\",\"target\":{\"@type\":\"EntryPoint\",\"urlTemplate\":\"https:\\\/\\\/www.sinchisinchi.com\\\/pl\\\/?s={search_term_string}\"},\"query-input\":{\"@type\":\"PropertyValueSpecification\",\"valueRequired\":true,\"valueName\":\"search_term_string\"}}],\"inLanguage\":\"pl-PL\"},{\"@type\":\"Organization\",\"@id\":\"https:\\\/\\\/www.sinchisinchi.com\\\/pl\\\/#organization\",\"name\":\"SINCHI S.L\",\"url\":\"https:\\\/\\\/www.sinchisinchi.com\\\/pl\\\/\",\"logo\":{\"@type\":\"ImageObject\",\"inLanguage\":\"pl-PL\",\"@id\":\"https:\\\/\\\/www.sinchisinchi.com\\\/pl\\\/#\\\/schema\\\/logo\\\/image\\\/\",\"url\":\"https:\\\/\\\/www.sinchisinchi.com\\\/wp-content\\\/uploads\\\/2026\\\/01\\\/3b-Verde-SIMPLIFICADO-HORIZONTAL-F-TRANSPARENTE-scaled.png\",\"contentUrl\":\"https:\\\/\\\/www.sinchisinchi.com\\\/wp-content\\\/uploads\\\/2026\\\/01\\\/3b-Verde-SIMPLIFICADO-HORIZONTAL-F-TRANSPARENTE-scaled.png\",\"width\":2560,\"height\":457,\"caption\":\"SINCHI S.L\"},\"image\":{\"@id\":\"https:\\\/\\\/www.sinchisinchi.com\\\/pl\\\/#\\\/schema\\\/logo\\\/image\\\/\"},\"sameAs\":[\"https:\\\/\\\/www.facebook.com\\\/sinchirape\\\/\",\"https:\\\/\\\/www.instagram.com\\\/sinchi_rape\\\/\"]}]}<\/script>\n<!-- \/ Yoast SEO plugin. -->","yoast_head_json":{"title":"Mapacho M\u00f3i Proszek: Sklep szama\u0144ski Sinchi","description":"M\u00f3i to wyrafinowana odmiana pospolitego Mapacho o wy\u017cszej jako\u015bci, zbierana i wytwarzana jako sk\u0142adnik leczniczy w p\u00f3\u0142nocnym stanie Acre.","robots":{"index":"index","follow":"follow","max-snippet":"max-snippet:-1","max-image-preview":"max-image-preview:large","max-video-preview":"max-video-preview:-1"},"canonical":"https:\/\/www.sinchisinchi.com\/pl\/producto\/mapacho-moi-w-proszku\/","og_locale":"pl_PL","og_type":"article","og_title":"Mapacho M\u00f3i Proszek: Sklep szama\u0144ski Sinchi","og_description":"M\u00f3i to wyrafinowana odmiana pospolitego Mapacho o wy\u017cszej jako\u015bci, zbierana i wytwarzana jako sk\u0142adnik leczniczy w p\u00f3\u0142nocnym stanie Acre.","og_url":"https:\/\/www.sinchisinchi.com\/pl\/producto\/mapacho-moi-w-proszku\/","og_site_name":"SINCHI RAP\u00c9","article_publisher":"https:\/\/www.facebook.com\/sinchirape\/","og_image":[{"width":900,"height":900,"url":"https:\/\/www.sinchisinchi.com\/wp-content\/uploads\/2024\/04\/Moi-Polvo.jpg","type":"image\/jpeg"}],"twitter_card":"summary_large_image","twitter_misc":{"Szacowany czas czytania":"1 minuta"},"schema":{"@context":"https:\/\/schema.org","@graph":[{"@type":"WebPage","@id":"https:\/\/www.sinchisinchi.com\/pl\/producto\/mapacho-moi-w-proszku\/","url":"https:\/\/www.sinchisinchi.com\/pl\/producto\/mapacho-moi-w-proszku\/","name":"Mapacho M\u00f3i Proszek: Sklep szama\u0144ski Sinchi","isPartOf":{"@id":"https:\/\/www.sinchisinchi.com\/pl\/#website"},"primaryImageOfPage":{"@id":"https:\/\/www.sinchisinchi.com\/pl\/producto\/mapacho-moi-w-proszku\/#primaryimage"},"image":{"@id":"https:\/\/www.sinchisinchi.com\/pl\/producto\/mapacho-moi-w-proszku\/#primaryimage"},"thumbnailUrl":"https:\/\/www.sinchisinchi.com\/wp-content\/uploads\/2024\/04\/Moi-Polvo.jpg","datePublished":"2024-04-23T09:59:43+00:00","description":"M\u00f3i to wyrafinowana odmiana pospolitego Mapacho o wy\u017cszej jako\u015bci, zbierana i wytwarzana jako sk\u0142adnik leczniczy w p\u00f3\u0142nocnym stanie Acre.","breadcrumb":{"@id":"https:\/\/www.sinchisinchi.com\/pl\/producto\/mapacho-moi-w-proszku\/#breadcrumb"},"inLanguage":"pl-PL","potentialAction":[{"@type":"ReadAction","target":["https:\/\/www.sinchisinchi.com\/pl\/producto\/mapacho-moi-w-proszku\/"]}]},{"@type":"ImageObject","inLanguage":"pl-PL","@id":"https:\/\/www.sinchisinchi.com\/pl\/producto\/mapacho-moi-w-proszku\/#primaryimage","url":"https:\/\/www.sinchisinchi.com\/wp-content\/uploads\/2024\/04\/Moi-Polvo.jpg","contentUrl":"https:\/\/www.sinchisinchi.com\/wp-content\/uploads\/2024\/04\/Moi-Polvo.jpg","width":900,"height":900},{"@type":"BreadcrumbList","@id":"https:\/\/www.sinchisinchi.com\/pl\/producto\/mapacho-moi-w-proszku\/#breadcrumb","itemListElement":[{"@type":"ListItem","position":1,"name":"Pierwsza strona","item":"https:\/\/www.sinchisinchi.com\/pl\/"},{"@type":"ListItem","position":2,"name":"Produkty","item":"https:\/\/www.sinchisinchi.com\/pl\/shop\/"},{"@type":"ListItem","position":3,"name":"Mapacho M\u00f3i w proszku"}]},{"@type":"WebSite","@id":"https:\/\/www.sinchisinchi.com\/pl\/#website","url":"https:\/\/www.sinchisinchi.com\/pl\/","name":"SINCHI","description":"Sinchi Medicine","publisher":{"@id":"https:\/\/www.sinchisinchi.com\/pl\/#organization"},"potentialAction":[{"@type":"SearchAction","target":{"@type":"EntryPoint","urlTemplate":"https:\/\/www.sinchisinchi.com\/pl\/?s={search_term_string}"},"query-input":{"@type":"PropertyValueSpecification","valueRequired":true,"valueName":"search_term_string"}}],"inLanguage":"pl-PL"},{"@type":"Organization","@id":"https:\/\/www.sinchisinchi.com\/pl\/#organization","name":"SINCHI S.L","url":"https:\/\/www.sinchisinchi.com\/pl\/","logo":{"@type":"ImageObject","inLanguage":"pl-PL","@id":"https:\/\/www.sinchisinchi.com\/pl\/#\/schema\/logo\/image\/","url":"https:\/\/www.sinchisinchi.com\/wp-content\/uploads\/2026\/01\/3b-Verde-SIMPLIFICADO-HORIZONTAL-F-TRANSPARENTE-scaled.png","contentUrl":"https:\/\/www.sinchisinchi.com\/wp-content\/uploads\/2026\/01\/3b-Verde-SIMPLIFICADO-HORIZONTAL-F-TRANSPARENTE-scaled.png","width":2560,"height":457,"caption":"SINCHI S.L"},"image":{"@id":"https:\/\/www.sinchisinchi.com\/pl\/#\/schema\/logo\/image\/"},"sameAs":["https:\/\/www.facebook.com\/sinchirape\/","https:\/\/www.instagram.com\/sinchi_rape\/"]}]}},"_links":{"self":[{"href":"https:\/\/www.sinchisinchi.com\/pl\/wp-json\/wp\/v2\/product\/13493","targetHints":{"allow":["GET"]}}],"collection":[{"href":"https:\/\/www.sinchisinchi.com\/pl\/wp-json\/wp\/v2\/product"}],"about":[{"href":"https:\/\/www.sinchisinchi.com\/pl\/wp-json\/wp\/v2\/types\/product"}],"wp:featuredmedia":[{"embeddable":true,"href":"https:\/\/www.sinchisinchi.com\/pl\/wp-json\/wp\/v2\/media\/13462"}],"wp:attachment":[{"href":"https:\/\/www.sinchisinchi.com\/pl\/wp-json\/wp\/v2\/media?parent=13493"}],"wp:term":[{"taxonomy":"product_brand","embeddable":true,"href":"https:\/\/www.sinchisinchi.com\/pl\/wp-json\/wp\/v2\/product_brand?post=13493"},{"taxonomy":"product_cat","embeddable":true,"href":"https:\/\/www.sinchisinchi.com\/pl\/wp-json\/wp\/v2\/product_cat?post=13493"},{"taxonomy":"product_tag","embeddable":true,"href":"https:\/\/www.sinchisinchi.com\/pl\/wp-json\/wp\/v2\/product_tag?post=13493"}],"curies":[{"name":"wp","href":"https:\/\/api.w.org\/{rel}","templated":true}]}}