{"id":13525,"date":"2024-04-23T09:20:31","date_gmt":"2024-04-23T09:20:31","guid":{"rendered":"https:\/\/www.sinchisinchi.com\/producto\/mapacho-peru\/"},"modified":"2025-02-11T13:36:53","modified_gmt":"2025-02-11T13:36:53","slug":"mapacho-peru","status":"publish","type":"product","link":"https:\/\/www.sinchisinchi.com\/pl\/producto\/mapacho-peru\/","title":{"rendered":"Mapacho Per\u00fa"},"content":{"rendered":"<h3 style=\"text-align: center;\">Magazyn Mapacho<\/h3>\n<p>Mapacho mo\u017cna przechowywa\u0107 przez wiele miesi\u0119cy, je\u015bli jest pakowane pr\u00f3\u017cniowo i nieotwierane. Po otwarciu nale\u017cy przechowywa\u0107 w papierowym opakowaniu. Gdy z biegiem czasu powierzchnia zewn\u0119trzna stanie si\u0119 krucha, mo\u017cna spryska\u0107 j\u0105 wod\u0105 destylowan\u0105, dzi\u0119ki czemu materia\u0142 powoli wch\u0142onie wod\u0119, a warstwa zewn\u0119trzna zn\u00f3w b\u0119dzie \u015bwie\u017ca. Zapakuj nawil\u017cone Mapacho do plastikowej torby na maksymalnie dzie\u0144 lub dwa. Nast\u0119pnie przechowuj go ponownie na suchym papierze.<\/p>\n<p>Mapacho nie mo\u017ce by\u0107 przechowywane w plastikowej torbie, je\u015bli nie jest zapakowane pr\u00f3\u017cniowo, poniewa\u017c mo\u017ce to spowodowa\u0107 powstawanie ple\u015bni. Przechowuj go na papierze, w ch\u0142odnym, suchym miejscu.<\/p>\n","protected":false},"excerpt":{"rendered":"<p>Deska Mapacho z Peru.<\/p>\n<p>M\u0142otek Mapacho to solidne, sfermentowane rami\u0119 li\u015bci Mapacho (Nicotiana Rustica), starannie opakowane i zapakowane. Robione s\u0105 wed\u0142ug starej tradycyjnej receptury z solidnego i soczystego szopa pracza z d\u017cungli.<\/p>\n<p>Rdzenne plemiona Amazonii u\u017cywaj\u0105 Mapacho w tradycyjnych ceremoniach, do medytacji, transu, jako zio\u0142a leczniczego, oczyszczaj\u0105cego i oczyszczaj\u0105cego energi\u0119.<\/p>\n<p>U\u017cywana w rytua\u0142ach szama\u0144skich Mapacho chroni, oczyszcza i wyr\u00f3wnuje energie, zapewniaj\u0105c g\u0142\u0119bok\u0105 klarowno\u015b\u0107.<\/p>\n<p>Szamani z Ameryki Po\u0142udniowej powszechnie u\u017cywaj\u0105 dymu tytoniowego, aby wydmucha\u0107 osob\u0119 w celu uzdrowienia, maj\u0105c na celu zr\u00f3wnowa\u017cenie jej energii i oczyszczenie z negatywno\u015bci. W kulturze szama\u0144skiej ma pot\u0119\u017cn\u0105 funkcj\u0119 oczyszczaj\u0105c\u0105, zapewniaj\u0105c skupienie i umo\u017cliwiaj\u0105c wyra\u017ane wizualizacje.<\/p>\n","protected":false},"featured_media":13418,"template":"","meta":{"_joinchat":[]},"product_brand":[],"product_cat":[326],"product_tag":[],"class_list":{"0":"post-13525","1":"product","2":"type-product","3":"status-publish","4":"has-post-thumbnail","6":"product_cat-mapacho-roll-pl","8":"first","9":"instock","10":"taxable","11":"shipping-taxable","12":"purchasable","13":"product-type-variable","14":"has-default-attributes"},"yoast_head":"<!-- This site is optimized with the Yoast SEO plugin v27.1.1 - https:\/\/yoast.com\/product\/yoast-seo-wordpress\/ -->\n<title>Mapacho Arm Peru: Sklep szama\u0144ski<\/title>\n<meta name=\"description\" content=\"Mapacho z Peru: Sta\u0142a, sfermentowana ga\u0142\u0105\u017a li\u015bci Mapacho (Nicotiana Rustica), starannie opakowana i zapakowana.\" \/>\n<meta name=\"robots\" content=\"index, follow, max-snippet:-1, max-image-preview:large, max-video-preview:-1\" \/>\n<link rel=\"canonical\" href=\"https:\/\/www.sinchisinchi.com\/pl\/producto\/mapacho-peru\/\" \/>\n<meta property=\"og:locale\" content=\"pl_PL\" \/>\n<meta property=\"og:type\" content=\"article\" \/>\n<meta property=\"og:title\" content=\"Mapacho Arm Peru: Sklep szama\u0144ski\" \/>\n<meta property=\"og:description\" content=\"Mapacho z Peru: Sta\u0142a, sfermentowana ga\u0142\u0105\u017a li\u015bci Mapacho (Nicotiana Rustica), starannie opakowana i zapakowana.\" \/>\n<meta property=\"og:url\" content=\"https:\/\/www.sinchisinchi.com\/pl\/producto\/mapacho-peru\/\" \/>\n<meta property=\"og:site_name\" content=\"SINCHI RAP\u00c9\" \/>\n<meta property=\"article:publisher\" content=\"https:\/\/www.facebook.com\/sinchirape\/\" \/>\n<meta property=\"article:modified_time\" content=\"2025-02-11T13:36:53+00:00\" \/>\n<meta property=\"og:image\" content=\"https:\/\/www.sinchisinchi.com\/wp-content\/uploads\/2024\/04\/Mapacho-Peru-.jpg\" \/>\n\t<meta property=\"og:image:width\" content=\"900\" \/>\n\t<meta property=\"og:image:height\" content=\"900\" \/>\n\t<meta property=\"og:image:type\" content=\"image\/jpeg\" \/>\n<meta name=\"twitter:card\" content=\"summary_large_image\" \/>\n<meta name=\"twitter:label1\" content=\"Szacowany czas czytania\" \/>\n\t<meta name=\"twitter:data1\" content=\"1 minuta\" \/>\n<script type=\"application\/ld+json\" class=\"yoast-schema-graph\">{\"@context\":\"https:\/\/schema.org\",\"@graph\":[{\"@type\":\"WebPage\",\"@id\":\"https:\/\/www.sinchisinchi.com\/pl\/producto\/mapacho-peru\/\",\"url\":\"https:\/\/www.sinchisinchi.com\/pl\/producto\/mapacho-peru\/\",\"name\":\"Mapacho Arm Peru: Sklep szama\u0144ski\",\"isPartOf\":{\"@id\":\"https:\/\/www.sinchisinchi.com\/pl\/#website\"},\"primaryImageOfPage\":{\"@id\":\"https:\/\/www.sinchisinchi.com\/pl\/producto\/mapacho-peru\/#primaryimage\"},\"image\":{\"@id\":\"https:\/\/www.sinchisinchi.com\/pl\/producto\/mapacho-peru\/#primaryimage\"},\"thumbnailUrl\":\"https:\/\/www.sinchisinchi.com\/wp-content\/uploads\/2024\/04\/Mapacho-Peru-.jpg\",\"datePublished\":\"2024-04-23T09:20:31+00:00\",\"dateModified\":\"2025-02-11T13:36:53+00:00\",\"description\":\"Mapacho z Peru: Sta\u0142a, sfermentowana ga\u0142\u0105\u017a li\u015bci Mapacho (Nicotiana Rustica), starannie opakowana i zapakowana.\",\"breadcrumb\":{\"@id\":\"https:\/\/www.sinchisinchi.com\/pl\/producto\/mapacho-peru\/#breadcrumb\"},\"inLanguage\":\"pl-PL\",\"potentialAction\":[{\"@type\":\"ReadAction\",\"target\":[\"https:\/\/www.sinchisinchi.com\/pl\/producto\/mapacho-peru\/\"]}]},{\"@type\":\"ImageObject\",\"inLanguage\":\"pl-PL\",\"@id\":\"https:\/\/www.sinchisinchi.com\/pl\/producto\/mapacho-peru\/#primaryimage\",\"url\":\"https:\/\/www.sinchisinchi.com\/wp-content\/uploads\/2024\/04\/Mapacho-Peru-.jpg\",\"contentUrl\":\"https:\/\/www.sinchisinchi.com\/wp-content\/uploads\/2024\/04\/Mapacho-Peru-.jpg\",\"width\":900,\"height\":900},{\"@type\":\"BreadcrumbList\",\"@id\":\"https:\/\/www.sinchisinchi.com\/pl\/producto\/mapacho-peru\/#breadcrumb\",\"itemListElement\":[{\"@type\":\"ListItem\",\"position\":1,\"name\":\"Pierwsza strona\",\"item\":\"https:\/\/www.sinchisinchi.com\/pl\/\"},{\"@type\":\"ListItem\",\"position\":2,\"name\":\"Produkty\",\"item\":\"https:\/\/www.sinchisinchi.com\/pl\/shop\/\"},{\"@type\":\"ListItem\",\"position\":3,\"name\":\"Mapacho Per\u00fa\"}]},{\"@type\":\"WebSite\",\"@id\":\"https:\/\/www.sinchisinchi.com\/pl\/#website\",\"url\":\"https:\/\/www.sinchisinchi.com\/pl\/\",\"name\":\"SINCHI\",\"description\":\"Sinchi Medicine\",\"publisher\":{\"@id\":\"https:\/\/www.sinchisinchi.com\/pl\/#organization\"},\"potentialAction\":[{\"@type\":\"SearchAction\",\"target\":{\"@type\":\"EntryPoint\",\"urlTemplate\":\"https:\/\/www.sinchisinchi.com\/pl\/?s={search_term_string}\"},\"query-input\":{\"@type\":\"PropertyValueSpecification\",\"valueRequired\":true,\"valueName\":\"search_term_string\"}}],\"inLanguage\":\"pl-PL\"},{\"@type\":\"Organization\",\"@id\":\"https:\/\/www.sinchisinchi.com\/pl\/#organization\",\"name\":\"SINCHI S.L\",\"url\":\"https:\/\/www.sinchisinchi.com\/pl\/\",\"logo\":{\"@type\":\"ImageObject\",\"inLanguage\":\"pl-PL\",\"@id\":\"https:\/\/www.sinchisinchi.com\/pl\/#\/schema\/logo\/image\/\",\"url\":\"https:\/\/www.sinchisinchi.com\/wp-content\/uploads\/2026\/01\/3b-Verde-SIMPLIFICADO-HORIZONTAL-F-TRANSPARENTE-scaled.png\",\"contentUrl\":\"https:\/\/www.sinchisinchi.com\/wp-content\/uploads\/2026\/01\/3b-Verde-SIMPLIFICADO-HORIZONTAL-F-TRANSPARENTE-scaled.png\",\"width\":2560,\"height\":457,\"caption\":\"SINCHI S.L\"},\"image\":{\"@id\":\"https:\/\/www.sinchisinchi.com\/pl\/#\/schema\/logo\/image\/\"},\"sameAs\":[\"https:\/\/www.facebook.com\/sinchirape\/\",\"https:\/\/www.instagram.com\/sinchi_rape\/\"]}]}<\/script>\n<!-- \/ Yoast SEO plugin. -->","yoast_head_json":{"title":"Mapacho Arm Peru: Sklep szama\u0144ski","description":"Mapacho z Peru: Sta\u0142a, sfermentowana ga\u0142\u0105\u017a li\u015bci Mapacho (Nicotiana Rustica), starannie opakowana i zapakowana.","robots":{"index":"index","follow":"follow","max-snippet":"max-snippet:-1","max-image-preview":"max-image-preview:large","max-video-preview":"max-video-preview:-1"},"canonical":"https:\/\/www.sinchisinchi.com\/pl\/producto\/mapacho-peru\/","og_locale":"pl_PL","og_type":"article","og_title":"Mapacho Arm Peru: Sklep szama\u0144ski","og_description":"Mapacho z Peru: Sta\u0142a, sfermentowana ga\u0142\u0105\u017a li\u015bci Mapacho (Nicotiana Rustica), starannie opakowana i zapakowana.","og_url":"https:\/\/www.sinchisinchi.com\/pl\/producto\/mapacho-peru\/","og_site_name":"SINCHI RAP\u00c9","article_publisher":"https:\/\/www.facebook.com\/sinchirape\/","article_modified_time":"2025-02-11T13:36:53+00:00","og_image":[{"width":900,"height":900,"url":"https:\/\/www.sinchisinchi.com\/wp-content\/uploads\/2024\/04\/Mapacho-Peru-.jpg","type":"image\/jpeg"}],"twitter_card":"summary_large_image","twitter_misc":{"Szacowany czas czytania":"1 minuta"},"schema":{"@context":"https:\/\/schema.org","@graph":[{"@type":"WebPage","@id":"https:\/\/www.sinchisinchi.com\/pl\/producto\/mapacho-peru\/","url":"https:\/\/www.sinchisinchi.com\/pl\/producto\/mapacho-peru\/","name":"Mapacho Arm Peru: Sklep szama\u0144ski","isPartOf":{"@id":"https:\/\/www.sinchisinchi.com\/pl\/#website"},"primaryImageOfPage":{"@id":"https:\/\/www.sinchisinchi.com\/pl\/producto\/mapacho-peru\/#primaryimage"},"image":{"@id":"https:\/\/www.sinchisinchi.com\/pl\/producto\/mapacho-peru\/#primaryimage"},"thumbnailUrl":"https:\/\/www.sinchisinchi.com\/wp-content\/uploads\/2024\/04\/Mapacho-Peru-.jpg","datePublished":"2024-04-23T09:20:31+00:00","dateModified":"2025-02-11T13:36:53+00:00","description":"Mapacho z Peru: Sta\u0142a, sfermentowana ga\u0142\u0105\u017a li\u015bci Mapacho (Nicotiana Rustica), starannie opakowana i zapakowana.","breadcrumb":{"@id":"https:\/\/www.sinchisinchi.com\/pl\/producto\/mapacho-peru\/#breadcrumb"},"inLanguage":"pl-PL","potentialAction":[{"@type":"ReadAction","target":["https:\/\/www.sinchisinchi.com\/pl\/producto\/mapacho-peru\/"]}]},{"@type":"ImageObject","inLanguage":"pl-PL","@id":"https:\/\/www.sinchisinchi.com\/pl\/producto\/mapacho-peru\/#primaryimage","url":"https:\/\/www.sinchisinchi.com\/wp-content\/uploads\/2024\/04\/Mapacho-Peru-.jpg","contentUrl":"https:\/\/www.sinchisinchi.com\/wp-content\/uploads\/2024\/04\/Mapacho-Peru-.jpg","width":900,"height":900},{"@type":"BreadcrumbList","@id":"https:\/\/www.sinchisinchi.com\/pl\/producto\/mapacho-peru\/#breadcrumb","itemListElement":[{"@type":"ListItem","position":1,"name":"Pierwsza strona","item":"https:\/\/www.sinchisinchi.com\/pl\/"},{"@type":"ListItem","position":2,"name":"Produkty","item":"https:\/\/www.sinchisinchi.com\/pl\/shop\/"},{"@type":"ListItem","position":3,"name":"Mapacho Per\u00fa"}]},{"@type":"WebSite","@id":"https:\/\/www.sinchisinchi.com\/pl\/#website","url":"https:\/\/www.sinchisinchi.com\/pl\/","name":"SINCHI","description":"Sinchi Medicine","publisher":{"@id":"https:\/\/www.sinchisinchi.com\/pl\/#organization"},"potentialAction":[{"@type":"SearchAction","target":{"@type":"EntryPoint","urlTemplate":"https:\/\/www.sinchisinchi.com\/pl\/?s={search_term_string}"},"query-input":{"@type":"PropertyValueSpecification","valueRequired":true,"valueName":"search_term_string"}}],"inLanguage":"pl-PL"},{"@type":"Organization","@id":"https:\/\/www.sinchisinchi.com\/pl\/#organization","name":"SINCHI S.L","url":"https:\/\/www.sinchisinchi.com\/pl\/","logo":{"@type":"ImageObject","inLanguage":"pl-PL","@id":"https:\/\/www.sinchisinchi.com\/pl\/#\/schema\/logo\/image\/","url":"https:\/\/www.sinchisinchi.com\/wp-content\/uploads\/2026\/01\/3b-Verde-SIMPLIFICADO-HORIZONTAL-F-TRANSPARENTE-scaled.png","contentUrl":"https:\/\/www.sinchisinchi.com\/wp-content\/uploads\/2026\/01\/3b-Verde-SIMPLIFICADO-HORIZONTAL-F-TRANSPARENTE-scaled.png","width":2560,"height":457,"caption":"SINCHI S.L"},"image":{"@id":"https:\/\/www.sinchisinchi.com\/pl\/#\/schema\/logo\/image\/"},"sameAs":["https:\/\/www.facebook.com\/sinchirape\/","https:\/\/www.instagram.com\/sinchi_rape\/"]}]}},"_links":{"self":[{"href":"https:\/\/www.sinchisinchi.com\/pl\/wp-json\/wp\/v2\/product\/13525","targetHints":{"allow":["GET"]}}],"collection":[{"href":"https:\/\/www.sinchisinchi.com\/pl\/wp-json\/wp\/v2\/product"}],"about":[{"href":"https:\/\/www.sinchisinchi.com\/pl\/wp-json\/wp\/v2\/types\/product"}],"wp:featuredmedia":[{"embeddable":true,"href":"https:\/\/www.sinchisinchi.com\/pl\/wp-json\/wp\/v2\/media\/13418"}],"wp:attachment":[{"href":"https:\/\/www.sinchisinchi.com\/pl\/wp-json\/wp\/v2\/media?parent=13525"}],"wp:term":[{"taxonomy":"product_brand","embeddable":true,"href":"https:\/\/www.sinchisinchi.com\/pl\/wp-json\/wp\/v2\/product_brand?post=13525"},{"taxonomy":"product_cat","embeddable":true,"href":"https:\/\/www.sinchisinchi.com\/pl\/wp-json\/wp\/v2\/product_cat?post=13525"},{"taxonomy":"product_tag","embeddable":true,"href":"https:\/\/www.sinchisinchi.com\/pl\/wp-json\/wp\/v2\/product_tag?post=13525"}],"curies":[{"name":"wp","href":"https:\/\/api.w.org\/{rel}","templated":true}]}}