{"id":13533,"date":"2024-04-22T11:54:16","date_gmt":"2024-04-22T11:54:16","guid":{"rendered":"https:\/\/www.sinchisinchi.com\/producto\/fioletowy\/"},"modified":"2024-07-03T10:24:00","modified_gmt":"2024-07-03T10:24:00","slug":"fioletowy","status":"publish","type":"product","link":"https:\/\/www.sinchisinchi.com\/pl\/producto\/fioletowy\/","title":{"rendered":"Fioletowy"},"content":{"rendered":"<h2 style=\"text-align: center;\"><strong>Zak\u0142ad<\/strong><\/h2>\n<p>Fio\u0142ek (Saintpaulia ionantha Wendl) to kr\u00f3tka i zwarta ro\u015blina o bardzo kr\u00f3tkiej \u0142odydze, z li\u015b\u0107mi tworz\u0105cymi rozet\u0119, ze \u015brodka kt\u00f3rej wyrastaj\u0105 pi\u0119kne kwiaty od jasnoliliowego do ciemnoniebieskiego, czasem bia\u0142ego. Ma ciemnozielone li\u015bcie na g\u00f3rnej stronie i fioletowe lub czerwonawe na spodniej stronie.<\/p>\n","protected":false},"excerpt":{"rendered":"<p>Myd\u0142o fioletowe idealnie nadaje si\u0119 do piel\u0119gnacji sk\u00f3ry. Fiolet dzia\u0142a relaksuj\u0105co, zapewnia sk\u00f3rze blask, \u015bwie\u017co\u015b\u0107, elastyczno\u015b\u0107 i ochron\u0119.<\/p>\n<p>Fio\u0142ek dzia\u0142a przeciwzapalnie, przeciwgor\u0105czkowo, przeciwb\u00f3lowo, dermoprotekcyjnie, przeciwutleniaj\u0105co, przeciwdepresyjnie i przeciwbakteryjnie.<\/p>\n<p>Fio\u0142ek pochodzi z Tanzanii i pierwotnie wyst\u0119powa\u0142 w g\u00f3rach Usambara. W 1892 roku baron Walter von Saint Paul-Illaire, przedstawiciel Niemieckiej Kompanii Afryki Wschodniej i wy\u017cszy rang\u0105 urz\u0119dnik kolonialny w Tanganice, wys\u0142a\u0142 nasiona fio\u0142ka swojemu ojcu, marynarzowi i parlamentarzy\u015bcie o zainteresowaniach botanicznych. W 1893 roku botanik Hermann Wendland opisa\u0142 go i nazwa\u0142 Saintpaulia na cze\u015b\u0107 barona.<\/p>\n","protected":false},"featured_media":13173,"template":"","meta":{"_joinchat":[]},"product_brand":[],"product_cat":[345],"product_tag":[],"class_list":{"0":"post-13533","1":"product","2":"type-product","3":"status-publish","4":"has-post-thumbnail","6":"product_cat-mydla","8":"first","9":"instock","10":"taxable","11":"shipping-taxable","12":"purchasable","13":"product-type-simple"},"yoast_head":"<!-- This site is optimized with the Yoast SEO plugin v27.4 - https:\/\/yoast.com\/product\/yoast-seo-wordpress\/ -->\n<title>Myd\u0142o z Fioletem: Sklep Szama\u0144ski<\/title>\n<meta name=\"description\" content=\"Myd\u0142o fioletowe idealnie nadaje si\u0119 do piel\u0119gnacji sk\u00f3ry. Fiolet dzia\u0142a relaksuj\u0105co, zapewnia sk\u00f3rze blask, \u015bwie\u017co\u015b\u0107, elastyczno\u015b\u0107 i ochron\u0119.\" \/>\n<meta name=\"robots\" content=\"index, follow, max-snippet:-1, max-image-preview:large, max-video-preview:-1\" \/>\n<link rel=\"canonical\" href=\"https:\/\/www.sinchisinchi.com\/pl\/producto\/fioletowy\/\" \/>\n<meta property=\"og:locale\" content=\"pl_PL\" \/>\n<meta property=\"og:type\" content=\"article\" \/>\n<meta property=\"og:title\" content=\"Myd\u0142o z Fioletem: Sklep Szama\u0144ski\" \/>\n<meta property=\"og:description\" content=\"Myd\u0142o fioletowe idealnie nadaje si\u0119 do piel\u0119gnacji sk\u00f3ry. Fiolet dzia\u0142a relaksuj\u0105co, zapewnia sk\u00f3rze blask, \u015bwie\u017co\u015b\u0107, elastyczno\u015b\u0107 i ochron\u0119.\" \/>\n<meta property=\"og:url\" content=\"https:\/\/www.sinchisinchi.com\/pl\/producto\/fioletowy\/\" \/>\n<meta property=\"og:site_name\" content=\"SINCHI RAP\u00c9\" \/>\n<meta property=\"article:publisher\" content=\"https:\/\/www.facebook.com\/sinchirape\/\" \/>\n<meta property=\"article:modified_time\" content=\"2024-07-03T10:24:00+00:00\" \/>\n<meta property=\"og:image\" content=\"https:\/\/www.sinchisinchi.com\/wp-content\/uploads\/2024\/04\/3-Violeta.jpeg\" \/>\n\t<meta property=\"og:image:width\" content=\"750\" \/>\n\t<meta property=\"og:image:height\" content=\"750\" \/>\n\t<meta property=\"og:image:type\" content=\"image\/jpeg\" \/>\n<meta name=\"twitter:card\" content=\"summary_large_image\" \/>\n<script type=\"application\/ld+json\" class=\"yoast-schema-graph\">{\"@context\":\"https:\\\/\\\/schema.org\",\"@graph\":[{\"@type\":\"WebPage\",\"@id\":\"https:\\\/\\\/www.sinchisinchi.com\\\/pl\\\/producto\\\/fioletowy\\\/\",\"url\":\"https:\\\/\\\/www.sinchisinchi.com\\\/pl\\\/producto\\\/fioletowy\\\/\",\"name\":\"Myd\u0142o z Fioletem: Sklep Szama\u0144ski\",\"isPartOf\":{\"@id\":\"https:\\\/\\\/www.sinchisinchi.com\\\/pl\\\/#website\"},\"primaryImageOfPage\":{\"@id\":\"https:\\\/\\\/www.sinchisinchi.com\\\/pl\\\/producto\\\/fioletowy\\\/#primaryimage\"},\"image\":{\"@id\":\"https:\\\/\\\/www.sinchisinchi.com\\\/pl\\\/producto\\\/fioletowy\\\/#primaryimage\"},\"thumbnailUrl\":\"https:\\\/\\\/www.sinchisinchi.com\\\/wp-content\\\/uploads\\\/2024\\\/04\\\/3-Violeta.jpeg\",\"datePublished\":\"2024-04-22T11:54:16+00:00\",\"dateModified\":\"2024-07-03T10:24:00+00:00\",\"description\":\"Myd\u0142o fioletowe idealnie nadaje si\u0119 do piel\u0119gnacji sk\u00f3ry. Fiolet dzia\u0142a relaksuj\u0105co, zapewnia sk\u00f3rze blask, \u015bwie\u017co\u015b\u0107, elastyczno\u015b\u0107 i ochron\u0119.\",\"breadcrumb\":{\"@id\":\"https:\\\/\\\/www.sinchisinchi.com\\\/pl\\\/producto\\\/fioletowy\\\/#breadcrumb\"},\"inLanguage\":\"pl-PL\",\"potentialAction\":[{\"@type\":\"ReadAction\",\"target\":[\"https:\\\/\\\/www.sinchisinchi.com\\\/pl\\\/producto\\\/fioletowy\\\/\"]}]},{\"@type\":\"ImageObject\",\"inLanguage\":\"pl-PL\",\"@id\":\"https:\\\/\\\/www.sinchisinchi.com\\\/pl\\\/producto\\\/fioletowy\\\/#primaryimage\",\"url\":\"https:\\\/\\\/www.sinchisinchi.com\\\/wp-content\\\/uploads\\\/2024\\\/04\\\/3-Violeta.jpeg\",\"contentUrl\":\"https:\\\/\\\/www.sinchisinchi.com\\\/wp-content\\\/uploads\\\/2024\\\/04\\\/3-Violeta.jpeg\",\"width\":750,\"height\":750},{\"@type\":\"BreadcrumbList\",\"@id\":\"https:\\\/\\\/www.sinchisinchi.com\\\/pl\\\/producto\\\/fioletowy\\\/#breadcrumb\",\"itemListElement\":[{\"@type\":\"ListItem\",\"position\":1,\"name\":\"Pierwsza strona\",\"item\":\"https:\\\/\\\/www.sinchisinchi.com\\\/pl\\\/\"},{\"@type\":\"ListItem\",\"position\":2,\"name\":\"Produkty\",\"item\":\"https:\\\/\\\/www.sinchisinchi.com\\\/pl\\\/shop\\\/\"},{\"@type\":\"ListItem\",\"position\":3,\"name\":\"Fioletowy\"}]},{\"@type\":\"WebSite\",\"@id\":\"https:\\\/\\\/www.sinchisinchi.com\\\/pl\\\/#website\",\"url\":\"https:\\\/\\\/www.sinchisinchi.com\\\/pl\\\/\",\"name\":\"SINCHI\",\"description\":\"Sinchi Medicine\",\"publisher\":{\"@id\":\"https:\\\/\\\/www.sinchisinchi.com\\\/pl\\\/#organization\"},\"potentialAction\":[{\"@type\":\"SearchAction\",\"target\":{\"@type\":\"EntryPoint\",\"urlTemplate\":\"https:\\\/\\\/www.sinchisinchi.com\\\/pl\\\/?s={search_term_string}\"},\"query-input\":{\"@type\":\"PropertyValueSpecification\",\"valueRequired\":true,\"valueName\":\"search_term_string\"}}],\"inLanguage\":\"pl-PL\"},{\"@type\":\"Organization\",\"@id\":\"https:\\\/\\\/www.sinchisinchi.com\\\/pl\\\/#organization\",\"name\":\"SINCHI S.L\",\"url\":\"https:\\\/\\\/www.sinchisinchi.com\\\/pl\\\/\",\"logo\":{\"@type\":\"ImageObject\",\"inLanguage\":\"pl-PL\",\"@id\":\"https:\\\/\\\/www.sinchisinchi.com\\\/pl\\\/#\\\/schema\\\/logo\\\/image\\\/\",\"url\":\"https:\\\/\\\/www.sinchisinchi.com\\\/wp-content\\\/uploads\\\/2026\\\/01\\\/3b-Verde-SIMPLIFICADO-HORIZONTAL-F-TRANSPARENTE-scaled.png\",\"contentUrl\":\"https:\\\/\\\/www.sinchisinchi.com\\\/wp-content\\\/uploads\\\/2026\\\/01\\\/3b-Verde-SIMPLIFICADO-HORIZONTAL-F-TRANSPARENTE-scaled.png\",\"width\":2560,\"height\":457,\"caption\":\"SINCHI S.L\"},\"image\":{\"@id\":\"https:\\\/\\\/www.sinchisinchi.com\\\/pl\\\/#\\\/schema\\\/logo\\\/image\\\/\"},\"sameAs\":[\"https:\\\/\\\/www.facebook.com\\\/sinchirape\\\/\",\"https:\\\/\\\/www.instagram.com\\\/sinchi_rape\\\/\"]}]}<\/script>\n<!-- \/ Yoast SEO plugin. -->","yoast_head_json":{"title":"Myd\u0142o z Fioletem: Sklep Szama\u0144ski","description":"Myd\u0142o fioletowe idealnie nadaje si\u0119 do piel\u0119gnacji sk\u00f3ry. Fiolet dzia\u0142a relaksuj\u0105co, zapewnia sk\u00f3rze blask, \u015bwie\u017co\u015b\u0107, elastyczno\u015b\u0107 i ochron\u0119.","robots":{"index":"index","follow":"follow","max-snippet":"max-snippet:-1","max-image-preview":"max-image-preview:large","max-video-preview":"max-video-preview:-1"},"canonical":"https:\/\/www.sinchisinchi.com\/pl\/producto\/fioletowy\/","og_locale":"pl_PL","og_type":"article","og_title":"Myd\u0142o z Fioletem: Sklep Szama\u0144ski","og_description":"Myd\u0142o fioletowe idealnie nadaje si\u0119 do piel\u0119gnacji sk\u00f3ry. Fiolet dzia\u0142a relaksuj\u0105co, zapewnia sk\u00f3rze blask, \u015bwie\u017co\u015b\u0107, elastyczno\u015b\u0107 i ochron\u0119.","og_url":"https:\/\/www.sinchisinchi.com\/pl\/producto\/fioletowy\/","og_site_name":"SINCHI RAP\u00c9","article_publisher":"https:\/\/www.facebook.com\/sinchirape\/","article_modified_time":"2024-07-03T10:24:00+00:00","og_image":[{"width":750,"height":750,"url":"https:\/\/www.sinchisinchi.com\/wp-content\/uploads\/2024\/04\/3-Violeta.jpeg","type":"image\/jpeg"}],"twitter_card":"summary_large_image","schema":{"@context":"https:\/\/schema.org","@graph":[{"@type":"WebPage","@id":"https:\/\/www.sinchisinchi.com\/pl\/producto\/fioletowy\/","url":"https:\/\/www.sinchisinchi.com\/pl\/producto\/fioletowy\/","name":"Myd\u0142o z Fioletem: Sklep Szama\u0144ski","isPartOf":{"@id":"https:\/\/www.sinchisinchi.com\/pl\/#website"},"primaryImageOfPage":{"@id":"https:\/\/www.sinchisinchi.com\/pl\/producto\/fioletowy\/#primaryimage"},"image":{"@id":"https:\/\/www.sinchisinchi.com\/pl\/producto\/fioletowy\/#primaryimage"},"thumbnailUrl":"https:\/\/www.sinchisinchi.com\/wp-content\/uploads\/2024\/04\/3-Violeta.jpeg","datePublished":"2024-04-22T11:54:16+00:00","dateModified":"2024-07-03T10:24:00+00:00","description":"Myd\u0142o fioletowe idealnie nadaje si\u0119 do piel\u0119gnacji sk\u00f3ry. Fiolet dzia\u0142a relaksuj\u0105co, zapewnia sk\u00f3rze blask, \u015bwie\u017co\u015b\u0107, elastyczno\u015b\u0107 i ochron\u0119.","breadcrumb":{"@id":"https:\/\/www.sinchisinchi.com\/pl\/producto\/fioletowy\/#breadcrumb"},"inLanguage":"pl-PL","potentialAction":[{"@type":"ReadAction","target":["https:\/\/www.sinchisinchi.com\/pl\/producto\/fioletowy\/"]}]},{"@type":"ImageObject","inLanguage":"pl-PL","@id":"https:\/\/www.sinchisinchi.com\/pl\/producto\/fioletowy\/#primaryimage","url":"https:\/\/www.sinchisinchi.com\/wp-content\/uploads\/2024\/04\/3-Violeta.jpeg","contentUrl":"https:\/\/www.sinchisinchi.com\/wp-content\/uploads\/2024\/04\/3-Violeta.jpeg","width":750,"height":750},{"@type":"BreadcrumbList","@id":"https:\/\/www.sinchisinchi.com\/pl\/producto\/fioletowy\/#breadcrumb","itemListElement":[{"@type":"ListItem","position":1,"name":"Pierwsza strona","item":"https:\/\/www.sinchisinchi.com\/pl\/"},{"@type":"ListItem","position":2,"name":"Produkty","item":"https:\/\/www.sinchisinchi.com\/pl\/shop\/"},{"@type":"ListItem","position":3,"name":"Fioletowy"}]},{"@type":"WebSite","@id":"https:\/\/www.sinchisinchi.com\/pl\/#website","url":"https:\/\/www.sinchisinchi.com\/pl\/","name":"SINCHI","description":"Sinchi Medicine","publisher":{"@id":"https:\/\/www.sinchisinchi.com\/pl\/#organization"},"potentialAction":[{"@type":"SearchAction","target":{"@type":"EntryPoint","urlTemplate":"https:\/\/www.sinchisinchi.com\/pl\/?s={search_term_string}"},"query-input":{"@type":"PropertyValueSpecification","valueRequired":true,"valueName":"search_term_string"}}],"inLanguage":"pl-PL"},{"@type":"Organization","@id":"https:\/\/www.sinchisinchi.com\/pl\/#organization","name":"SINCHI S.L","url":"https:\/\/www.sinchisinchi.com\/pl\/","logo":{"@type":"ImageObject","inLanguage":"pl-PL","@id":"https:\/\/www.sinchisinchi.com\/pl\/#\/schema\/logo\/image\/","url":"https:\/\/www.sinchisinchi.com\/wp-content\/uploads\/2026\/01\/3b-Verde-SIMPLIFICADO-HORIZONTAL-F-TRANSPARENTE-scaled.png","contentUrl":"https:\/\/www.sinchisinchi.com\/wp-content\/uploads\/2026\/01\/3b-Verde-SIMPLIFICADO-HORIZONTAL-F-TRANSPARENTE-scaled.png","width":2560,"height":457,"caption":"SINCHI S.L"},"image":{"@id":"https:\/\/www.sinchisinchi.com\/pl\/#\/schema\/logo\/image\/"},"sameAs":["https:\/\/www.facebook.com\/sinchirape\/","https:\/\/www.instagram.com\/sinchi_rape\/"]}]}},"_links":{"self":[{"href":"https:\/\/www.sinchisinchi.com\/pl\/wp-json\/wp\/v2\/product\/13533","targetHints":{"allow":["GET"]}}],"collection":[{"href":"https:\/\/www.sinchisinchi.com\/pl\/wp-json\/wp\/v2\/product"}],"about":[{"href":"https:\/\/www.sinchisinchi.com\/pl\/wp-json\/wp\/v2\/types\/product"}],"wp:featuredmedia":[{"embeddable":true,"href":"https:\/\/www.sinchisinchi.com\/pl\/wp-json\/wp\/v2\/media\/13173"}],"wp:attachment":[{"href":"https:\/\/www.sinchisinchi.com\/pl\/wp-json\/wp\/v2\/media?parent=13533"}],"wp:term":[{"taxonomy":"product_brand","embeddable":true,"href":"https:\/\/www.sinchisinchi.com\/pl\/wp-json\/wp\/v2\/product_brand?post=13533"},{"taxonomy":"product_cat","embeddable":true,"href":"https:\/\/www.sinchisinchi.com\/pl\/wp-json\/wp\/v2\/product_cat?post=13533"},{"taxonomy":"product_tag","embeddable":true,"href":"https:\/\/www.sinchisinchi.com\/pl\/wp-json\/wp\/v2\/product_tag?post=13533"}],"curies":[{"name":"wp","href":"https:\/\/api.w.org\/{rel}","templated":true}]}}