{"id":13638,"date":"2024-04-24T11:25:31","date_gmt":"2024-04-24T11:25:31","guid":{"rendered":"https:\/\/www.sinchisinchi.com\/producto\/bialy-kopal\/"},"modified":"2024-07-05T07:41:12","modified_gmt":"2024-07-05T07:41:12","slug":"bialy-kopal","status":"publish","type":"product","link":"https:\/\/www.sinchisinchi.com\/pl\/producto\/bialy-kopal\/","title":{"rendered":"Bia\u0142y Kopal"},"content":{"rendered":"<h2 style=\"text-align: center;\"><strong>Ezoteryczne zastosowanie kopalu<\/strong><\/h2>\n<p>Spalony jak kadzid\u0142o, oczyszcza \u015brodowisko, podnosi na duchu, zapewnia duchow\u0105 ochron\u0119 i oddaje cze\u015b\u0107 przodkom, odp\u0119dzaj\u0105c negatywne energie i tworz\u0105c harmonijne \u015brodowisko.<\/p>\n<p>Kopal jest r\u00f3wnie\u017c u\u017cywany do produkcji nalewek i ma\u015bci w medycynie tradycyjnej w leczeniu r\u00f3\u017cnych schorze\u0144, takich jak b\u00f3le g\u0142owy, infekcje dr\u00f3g oddechowych i problemy sk\u00f3rne.<\/p>\n<p>Bia\u0142y kopal z Meksyku jest ceniony ze wzgl\u0119du na swoje w\u0142a\u015bciwo\u015bci aromatyczne i jest cz\u0119sto stosowany w przemy\u015ble perfumeryjnym i naturalnych produktach kosmetycznych. \u017bywica ma \u0142agodny, balsamiczny aromat i cz\u0119sto jest dodawana do olejk\u00f3w eterycznych, krem\u00f3w i innych produkt\u00f3w higieny osobistej.<\/p>\n<h3 style=\"text-align: center;\"><strong>Drzewo kopalowe<\/strong><\/h3>\n<p>Najpopularniejszy i najbardziej znany rodzaj kopalu pochodzi z drzew z<strong> rodziny Burseraceae:<\/strong> Bursera aloexylon, B. Graveolens i B. jorullensis, chocia\u017c pozyskuje si\u0119 go tak\u017ce z niekt\u00f3rych gatunk\u00f3w z rodziny Protium.<\/p>\n<p><strong>Bursera<\/strong> to rodzaj sk\u0142adaj\u0105cy si\u0119 z prawie stu gatunk\u00f3w wyst\u0119puj\u0105cych w ca\u0142ej Republice Meksyka\u0144skiej. Spo\u015br\u00f3d gatunk\u00f3w Bursera B. bipinnata jest gatunkiem o najszerszym rozmieszczeniu geograficznym w Meksyku: wyst\u0119puje od po\u0142udniowej Sonory po Honduras i nie wyst\u0119puje jedynie na P\u00f3\u0142wyspie Jukatan.<\/p>\n<p>Bursera, B. bipinnata to gatunek zwykle u\u017cywany do otrzymywania bia\u0142ego kopalu, najbardziej cenionej \u017cywicy aromatycznej i najwy\u017cszej jako\u015bci handlowej; ale tak\u017ce \u017cywic\u0119, kt\u00f3r\u0105 te drzewa uwalniaj\u0105 w spos\u00f3b naturalny, znan\u0105 jako kopal kamienny, kopal czarny lub guma kopalowa.<\/p>\n<p>Bursera, B. bipinnata to niskie drzewo, o szarawej korze i silnie rozga\u0142\u0119zione, jego \u015brednia wysoko\u015b\u0107 wynosi sze\u015b\u0107 metr\u00f3w, zamieszkuje strome miejsca i wchodzi w sk\u0142ad przej\u015bcia mi\u0119dzy lasami sosnowymi i d\u0119bowymi a niskimi lasami li\u015bciastymi.<\/p>\n<p>Wyst\u0119puje na wysoko\u015bciach od 800 do 1600 m, z og\u00f3lnie ciep\u0142ym, p\u00f3\u0142wilgotnym lub suchym klimatem. W tych miejscach przez ponad cztery miesi\u0105ce w roku panuje bardzo silna susza, kt\u00f3ra powoduje, \u017ce drzewa zrzucaj\u0105 wszystkie li\u015bcie, a nast\u0119pnie zazieleniaj\u0105 si\u0119 wraz z deszczami.<\/p>\n<p>Wi\u0119kszo\u015b\u0107 kopali kwitnie na pocz\u0105tku pory deszczowej, pod koniec maja i na pocz\u0105tku czerwca. Kwitnienie jest szybkie i pod koniec czerwca pojawiaj\u0105 si\u0119 ju\u017c zielone owoce. W Meksyku stany, w kt\u00f3rych wyst\u0119puje wi\u0119ksza liczba r\u00f3\u017cnych typ\u00f3w kaletek, to Guerrero, Michoac\u00e1n i Oaxaca.<\/p>\n<h3 style=\"text-align: center;\"><strong>Ekstrakcja kopalu<\/strong><\/h3>\n<p>\u017bywic\u0119 kopalow\u0105 wydobywa si\u0119 w porze deszczowej (od lipca do pa\u017adziernika) przez copaleros, wyspecjalizowanych rolnik\u00f3w, aby uzyska\u0107 \u017cywic\u0119 na listopadowe \u015bwi\u0119ta zmar\u0142ych, kt\u00f3re obchodzone s\u0105 w wielu meksyka\u0144skich domach.<\/p>\n<p>Na przyk\u0142ad rolnicy i kopaleros z Jolalpan (Puebla) wydobywaj\u0105 \u017cywic\u0119 kopalow\u0105, wykonuj\u0105c naci\u0119cia lub zadrapania ma\u0142ym ostrzem na korze najgrubszych ga\u0142\u0119zi kopal\u00f3w, a \u017cywica wyp\u0142ywaj\u0105ca z tych naci\u0119\u0107 kierowana jest do wisz\u0105cych pojemnik\u00f3w przywi\u0105zany do ka\u017cdej ga\u0142\u0119zi drzewa.<\/p>\n<p>Copaleros, aby nie uszkodzi\u0107 drzewa, wykonuj\u0105 ci\u0119cia co trzeci dzie\u0144. Kopal odk\u0142adany w pojemniku jest oczyszczany z resztek li\u015bci i innych zanieczyszcze\u0144; Im jest czystszy i czystszy, tym wi\u0119ksza jest jego warto\u015b\u0107.<\/p>\n<p>Aby zebra\u0107 bia\u0142y kopal, hodowcy kopali wielokrotnie wyruszaj\u0105 w g\u00f3ry z ca\u0142\u0105 rodzin\u0105 na ca\u0142e tygodnie. Wracaj\u0105 z g\u00f3ry oko\u0142o 15 pa\u017adziernika, poniewa\u017c 18 pa\u017adziernika sprzedaj\u0105 kopal z okazji \u015bwi\u0119ta San Lucas w Tzicatl\u00e1n (Puebla), poniewa\u017c hurtownicy przychodz\u0105 kupi\u0107 bia\u0142y kopal i za ich po\u015brednictwem odbywa si\u0119 dystrybucja. rocznie do du\u017cej cz\u0119\u015bci Meksyku.<\/p>\n<p>Rodzaj \u017cywicy, kt\u00f3r\u0105 nazywaj\u0105 kamieniem, czarnym lub drzewnym kopalem, to ten, kt\u00f3ry drzewa kopalowe wydzielaj\u0105 w spos\u00f3b naturalny. Opr\u00f3cz kopalu bia\u0142ego i szarego,<strong> copaleros odzyskuj\u0105<\/strong> blaszkowate fragmenty kory, przypominaj\u0105ce wi\u00f3ry, impregnowane \u017cywic\u0105 kopalow\u0105.<\/p>\n<p>Innym rodzajem kopalu Bursera bipinnata jest tekopal, ma\u0142a, zaokr\u0105glona, \u200b\u200bbardzo zwarta i naturalnie ukszta\u0142towana konstrukcja, z kamieniami mrowiska po\u0142\u0105czonymi z \u017cywic\u0105 kopalow\u0105. Jest to produkt szczeg\u00f3lnie terapeutyczny, o warto\u015bci r\u00f3wnej lub wi\u0119kszej ni\u017c kopal bia\u0142y.<\/p>\n","protected":false},"excerpt":{"rendered":"<p>Bia\u0142y Kopal z Meksyku to aromatyczna \u017cywica wytwarzana przez drzewa z rodzaju Bursera, rosn\u0105ce w Meksyku i innych cz\u0119\u015bciach Ameryki \u015arodkowej. \u017bywica ta by\u0142a u\u017cywana od tysi\u0119cy lat przez rdzenne kultury regionu w praktykach duchowych.<\/p>\n<p>W Meksyku i niekt\u00f3rych krajach Ameryki \u015arodkowej znany jest jako kopal (od nahuatl copalli, co oznacza\u0142o \u017cywic\u0119 lub kadzid\u0142o).<\/p>\n<p>Bia\u0142y Kopal u\u017cywany jest w ceremoniach, a tak\u017ce do energetycznego oczyszczania ludzi, miejsc i przedmiot\u00f3w.<\/p>\n<p>Kopal bia\u0142y jest najczystszym i najcenniejszym ze wszystkich. Po spaleniu wydziela charakterystyczny i przyjemny aromat z \u017cywicznymi, s\u0142odkimi i lekko cytrusowymi nutami.<\/p>\n<p>W rodzimych kulturach Amazonii dym kopalowy jest uwa\u017cany za kana\u0142 \u0142\u0105czenia si\u0119 i komunikowania z bosko\u015bci\u0105, oczyszczania ducha i usuwania negatywnych energii.<\/p>\n<p><strong>Spos\u00f3b u\u017cycia:<\/strong> Rozpal w\u0119giel drzewny i wlej na niego odrobin\u0119 \u017cywicy. \u017bywica topi si\u0119, uwalniaj\u0105c sw\u00f3j zapach w powietrzu przez kilka minut.<\/p>\n<p><strong>Rozmiar:<\/strong> 50g<\/p>\n","protected":false},"featured_media":15762,"template":"","meta":{"_joinchat":[]},"product_brand":[],"product_cat":[338,197],"product_tag":[],"class_list":{"0":"post-13638","1":"product","2":"type-product","3":"status-publish","4":"has-post-thumbnail","6":"product_cat-kopal-pl","7":"product_cat-resins-pl","9":"first","10":"instock","11":"taxable","12":"shipping-taxable","13":"purchasable","14":"product-type-simple"},"yoast_head":"<!-- This site is optimized with the Yoast SEO plugin v27.4 - https:\/\/yoast.com\/product\/yoast-seo-wordpress\/ -->\n<title>Bia\u0142y kopal z Meksyku: sklep internetowy z \u017cywicami amazo\u0144skimi<\/title>\n<meta name=\"description\" content=\"Bia\u0142y kopal jest najczystszy i najcenniejszy ze wszystkich: wydziela charakterystyczny i przyjemny aromat z \u017cywicznymi, s\u0142odkimi i lekko cytrusowymi nutami.\" \/>\n<meta name=\"robots\" content=\"index, follow, max-snippet:-1, max-image-preview:large, max-video-preview:-1\" \/>\n<link rel=\"canonical\" href=\"https:\/\/www.sinchisinchi.com\/pl\/producto\/bialy-kopal\/\" \/>\n<meta property=\"og:locale\" content=\"pl_PL\" \/>\n<meta property=\"og:type\" content=\"article\" \/>\n<meta property=\"og:title\" content=\"Bia\u0142y kopal z Meksyku: sklep internetowy z \u017cywicami amazo\u0144skimi\" \/>\n<meta property=\"og:description\" content=\"Bia\u0142y kopal jest najczystszy i najcenniejszy ze wszystkich: wydziela charakterystyczny i przyjemny aromat z \u017cywicznymi, s\u0142odkimi i lekko cytrusowymi nutami.\" \/>\n<meta property=\"og:url\" content=\"https:\/\/www.sinchisinchi.com\/pl\/producto\/bialy-kopal\/\" \/>\n<meta property=\"og:site_name\" content=\"SINCHI RAP\u00c9\" \/>\n<meta property=\"article:publisher\" content=\"https:\/\/www.facebook.com\/sinchirape\/\" \/>\n<meta property=\"article:modified_time\" content=\"2024-07-05T07:41:12+00:00\" \/>\n<meta property=\"og:image\" content=\"https:\/\/www.sinchisinchi.com\/wp-content\/uploads\/2024\/04\/copal-blanco.png\" \/>\n\t<meta property=\"og:image:width\" content=\"600\" \/>\n\t<meta property=\"og:image:height\" content=\"600\" \/>\n\t<meta property=\"og:image:type\" content=\"image\/png\" \/>\n<meta name=\"twitter:card\" content=\"summary_large_image\" \/>\n<meta name=\"twitter:label1\" content=\"Szacowany czas czytania\" \/>\n\t<meta name=\"twitter:data1\" content=\"3 minuty\" \/>\n<script type=\"application\/ld+json\" class=\"yoast-schema-graph\">{\"@context\":\"https:\\\/\\\/schema.org\",\"@graph\":[{\"@type\":\"WebPage\",\"@id\":\"https:\\\/\\\/www.sinchisinchi.com\\\/pl\\\/producto\\\/bialy-kopal\\\/\",\"url\":\"https:\\\/\\\/www.sinchisinchi.com\\\/pl\\\/producto\\\/bialy-kopal\\\/\",\"name\":\"Bia\u0142y kopal z Meksyku: sklep internetowy z \u017cywicami amazo\u0144skimi\",\"isPartOf\":{\"@id\":\"https:\\\/\\\/www.sinchisinchi.com\\\/pl\\\/#website\"},\"primaryImageOfPage\":{\"@id\":\"https:\\\/\\\/www.sinchisinchi.com\\\/pl\\\/producto\\\/bialy-kopal\\\/#primaryimage\"},\"image\":{\"@id\":\"https:\\\/\\\/www.sinchisinchi.com\\\/pl\\\/producto\\\/bialy-kopal\\\/#primaryimage\"},\"thumbnailUrl\":\"https:\\\/\\\/www.sinchisinchi.com\\\/wp-content\\\/uploads\\\/2024\\\/04\\\/copal-blanco.png\",\"datePublished\":\"2024-04-24T11:25:31+00:00\",\"dateModified\":\"2024-07-05T07:41:12+00:00\",\"description\":\"Bia\u0142y kopal jest najczystszy i najcenniejszy ze wszystkich: wydziela charakterystyczny i przyjemny aromat z \u017cywicznymi, s\u0142odkimi i lekko cytrusowymi nutami.\",\"breadcrumb\":{\"@id\":\"https:\\\/\\\/www.sinchisinchi.com\\\/pl\\\/producto\\\/bialy-kopal\\\/#breadcrumb\"},\"inLanguage\":\"pl-PL\",\"potentialAction\":[{\"@type\":\"ReadAction\",\"target\":[\"https:\\\/\\\/www.sinchisinchi.com\\\/pl\\\/producto\\\/bialy-kopal\\\/\"]}]},{\"@type\":\"ImageObject\",\"inLanguage\":\"pl-PL\",\"@id\":\"https:\\\/\\\/www.sinchisinchi.com\\\/pl\\\/producto\\\/bialy-kopal\\\/#primaryimage\",\"url\":\"https:\\\/\\\/www.sinchisinchi.com\\\/wp-content\\\/uploads\\\/2024\\\/04\\\/copal-blanco.png\",\"contentUrl\":\"https:\\\/\\\/www.sinchisinchi.com\\\/wp-content\\\/uploads\\\/2024\\\/04\\\/copal-blanco.png\",\"width\":600,\"height\":600},{\"@type\":\"BreadcrumbList\",\"@id\":\"https:\\\/\\\/www.sinchisinchi.com\\\/pl\\\/producto\\\/bialy-kopal\\\/#breadcrumb\",\"itemListElement\":[{\"@type\":\"ListItem\",\"position\":1,\"name\":\"Pierwsza strona\",\"item\":\"https:\\\/\\\/www.sinchisinchi.com\\\/pl\\\/\"},{\"@type\":\"ListItem\",\"position\":2,\"name\":\"Produkty\",\"item\":\"https:\\\/\\\/www.sinchisinchi.com\\\/pl\\\/shop\\\/\"},{\"@type\":\"ListItem\",\"position\":3,\"name\":\"Bia\u0142y Kopal\"}]},{\"@type\":\"WebSite\",\"@id\":\"https:\\\/\\\/www.sinchisinchi.com\\\/pl\\\/#website\",\"url\":\"https:\\\/\\\/www.sinchisinchi.com\\\/pl\\\/\",\"name\":\"SINCHI\",\"description\":\"Sinchi Medicine\",\"publisher\":{\"@id\":\"https:\\\/\\\/www.sinchisinchi.com\\\/pl\\\/#organization\"},\"potentialAction\":[{\"@type\":\"SearchAction\",\"target\":{\"@type\":\"EntryPoint\",\"urlTemplate\":\"https:\\\/\\\/www.sinchisinchi.com\\\/pl\\\/?s={search_term_string}\"},\"query-input\":{\"@type\":\"PropertyValueSpecification\",\"valueRequired\":true,\"valueName\":\"search_term_string\"}}],\"inLanguage\":\"pl-PL\"},{\"@type\":\"Organization\",\"@id\":\"https:\\\/\\\/www.sinchisinchi.com\\\/pl\\\/#organization\",\"name\":\"SINCHI S.L\",\"url\":\"https:\\\/\\\/www.sinchisinchi.com\\\/pl\\\/\",\"logo\":{\"@type\":\"ImageObject\",\"inLanguage\":\"pl-PL\",\"@id\":\"https:\\\/\\\/www.sinchisinchi.com\\\/pl\\\/#\\\/schema\\\/logo\\\/image\\\/\",\"url\":\"https:\\\/\\\/www.sinchisinchi.com\\\/wp-content\\\/uploads\\\/2026\\\/01\\\/3b-Verde-SIMPLIFICADO-HORIZONTAL-F-TRANSPARENTE-scaled.png\",\"contentUrl\":\"https:\\\/\\\/www.sinchisinchi.com\\\/wp-content\\\/uploads\\\/2026\\\/01\\\/3b-Verde-SIMPLIFICADO-HORIZONTAL-F-TRANSPARENTE-scaled.png\",\"width\":2560,\"height\":457,\"caption\":\"SINCHI S.L\"},\"image\":{\"@id\":\"https:\\\/\\\/www.sinchisinchi.com\\\/pl\\\/#\\\/schema\\\/logo\\\/image\\\/\"},\"sameAs\":[\"https:\\\/\\\/www.facebook.com\\\/sinchirape\\\/\",\"https:\\\/\\\/www.instagram.com\\\/sinchi_rape\\\/\"]}]}<\/script>\n<!-- \/ Yoast SEO plugin. -->","yoast_head_json":{"title":"Bia\u0142y kopal z Meksyku: sklep internetowy z \u017cywicami amazo\u0144skimi","description":"Bia\u0142y kopal jest najczystszy i najcenniejszy ze wszystkich: wydziela charakterystyczny i przyjemny aromat z \u017cywicznymi, s\u0142odkimi i lekko cytrusowymi nutami.","robots":{"index":"index","follow":"follow","max-snippet":"max-snippet:-1","max-image-preview":"max-image-preview:large","max-video-preview":"max-video-preview:-1"},"canonical":"https:\/\/www.sinchisinchi.com\/pl\/producto\/bialy-kopal\/","og_locale":"pl_PL","og_type":"article","og_title":"Bia\u0142y kopal z Meksyku: sklep internetowy z \u017cywicami amazo\u0144skimi","og_description":"Bia\u0142y kopal jest najczystszy i najcenniejszy ze wszystkich: wydziela charakterystyczny i przyjemny aromat z \u017cywicznymi, s\u0142odkimi i lekko cytrusowymi nutami.","og_url":"https:\/\/www.sinchisinchi.com\/pl\/producto\/bialy-kopal\/","og_site_name":"SINCHI RAP\u00c9","article_publisher":"https:\/\/www.facebook.com\/sinchirape\/","article_modified_time":"2024-07-05T07:41:12+00:00","og_image":[{"width":600,"height":600,"url":"https:\/\/www.sinchisinchi.com\/wp-content\/uploads\/2024\/04\/copal-blanco.png","type":"image\/png"}],"twitter_card":"summary_large_image","twitter_misc":{"Szacowany czas czytania":"3 minuty"},"schema":{"@context":"https:\/\/schema.org","@graph":[{"@type":"WebPage","@id":"https:\/\/www.sinchisinchi.com\/pl\/producto\/bialy-kopal\/","url":"https:\/\/www.sinchisinchi.com\/pl\/producto\/bialy-kopal\/","name":"Bia\u0142y kopal z Meksyku: sklep internetowy z \u017cywicami amazo\u0144skimi","isPartOf":{"@id":"https:\/\/www.sinchisinchi.com\/pl\/#website"},"primaryImageOfPage":{"@id":"https:\/\/www.sinchisinchi.com\/pl\/producto\/bialy-kopal\/#primaryimage"},"image":{"@id":"https:\/\/www.sinchisinchi.com\/pl\/producto\/bialy-kopal\/#primaryimage"},"thumbnailUrl":"https:\/\/www.sinchisinchi.com\/wp-content\/uploads\/2024\/04\/copal-blanco.png","datePublished":"2024-04-24T11:25:31+00:00","dateModified":"2024-07-05T07:41:12+00:00","description":"Bia\u0142y kopal jest najczystszy i najcenniejszy ze wszystkich: wydziela charakterystyczny i przyjemny aromat z \u017cywicznymi, s\u0142odkimi i lekko cytrusowymi nutami.","breadcrumb":{"@id":"https:\/\/www.sinchisinchi.com\/pl\/producto\/bialy-kopal\/#breadcrumb"},"inLanguage":"pl-PL","potentialAction":[{"@type":"ReadAction","target":["https:\/\/www.sinchisinchi.com\/pl\/producto\/bialy-kopal\/"]}]},{"@type":"ImageObject","inLanguage":"pl-PL","@id":"https:\/\/www.sinchisinchi.com\/pl\/producto\/bialy-kopal\/#primaryimage","url":"https:\/\/www.sinchisinchi.com\/wp-content\/uploads\/2024\/04\/copal-blanco.png","contentUrl":"https:\/\/www.sinchisinchi.com\/wp-content\/uploads\/2024\/04\/copal-blanco.png","width":600,"height":600},{"@type":"BreadcrumbList","@id":"https:\/\/www.sinchisinchi.com\/pl\/producto\/bialy-kopal\/#breadcrumb","itemListElement":[{"@type":"ListItem","position":1,"name":"Pierwsza strona","item":"https:\/\/www.sinchisinchi.com\/pl\/"},{"@type":"ListItem","position":2,"name":"Produkty","item":"https:\/\/www.sinchisinchi.com\/pl\/shop\/"},{"@type":"ListItem","position":3,"name":"Bia\u0142y Kopal"}]},{"@type":"WebSite","@id":"https:\/\/www.sinchisinchi.com\/pl\/#website","url":"https:\/\/www.sinchisinchi.com\/pl\/","name":"SINCHI","description":"Sinchi Medicine","publisher":{"@id":"https:\/\/www.sinchisinchi.com\/pl\/#organization"},"potentialAction":[{"@type":"SearchAction","target":{"@type":"EntryPoint","urlTemplate":"https:\/\/www.sinchisinchi.com\/pl\/?s={search_term_string}"},"query-input":{"@type":"PropertyValueSpecification","valueRequired":true,"valueName":"search_term_string"}}],"inLanguage":"pl-PL"},{"@type":"Organization","@id":"https:\/\/www.sinchisinchi.com\/pl\/#organization","name":"SINCHI S.L","url":"https:\/\/www.sinchisinchi.com\/pl\/","logo":{"@type":"ImageObject","inLanguage":"pl-PL","@id":"https:\/\/www.sinchisinchi.com\/pl\/#\/schema\/logo\/image\/","url":"https:\/\/www.sinchisinchi.com\/wp-content\/uploads\/2026\/01\/3b-Verde-SIMPLIFICADO-HORIZONTAL-F-TRANSPARENTE-scaled.png","contentUrl":"https:\/\/www.sinchisinchi.com\/wp-content\/uploads\/2026\/01\/3b-Verde-SIMPLIFICADO-HORIZONTAL-F-TRANSPARENTE-scaled.png","width":2560,"height":457,"caption":"SINCHI S.L"},"image":{"@id":"https:\/\/www.sinchisinchi.com\/pl\/#\/schema\/logo\/image\/"},"sameAs":["https:\/\/www.facebook.com\/sinchirape\/","https:\/\/www.instagram.com\/sinchi_rape\/"]}]}},"_links":{"self":[{"href":"https:\/\/www.sinchisinchi.com\/pl\/wp-json\/wp\/v2\/product\/13638","targetHints":{"allow":["GET"]}}],"collection":[{"href":"https:\/\/www.sinchisinchi.com\/pl\/wp-json\/wp\/v2\/product"}],"about":[{"href":"https:\/\/www.sinchisinchi.com\/pl\/wp-json\/wp\/v2\/types\/product"}],"wp:featuredmedia":[{"embeddable":true,"href":"https:\/\/www.sinchisinchi.com\/pl\/wp-json\/wp\/v2\/media\/15762"}],"wp:attachment":[{"href":"https:\/\/www.sinchisinchi.com\/pl\/wp-json\/wp\/v2\/media?parent=13638"}],"wp:term":[{"taxonomy":"product_brand","embeddable":true,"href":"https:\/\/www.sinchisinchi.com\/pl\/wp-json\/wp\/v2\/product_brand?post=13638"},{"taxonomy":"product_cat","embeddable":true,"href":"https:\/\/www.sinchisinchi.com\/pl\/wp-json\/wp\/v2\/product_cat?post=13638"},{"taxonomy":"product_tag","embeddable":true,"href":"https:\/\/www.sinchisinchi.com\/pl\/wp-json\/wp\/v2\/product_tag?post=13638"}],"curies":[{"name":"wp","href":"https:\/\/api.w.org\/{rel}","templated":true}]}}