{"id":14023,"date":"2024-05-08T07:58:35","date_gmt":"2024-05-08T07:58:35","guid":{"rendered":"https:\/\/www.sinchisinchi.com\/producto\/14023\/"},"modified":"2024-05-21T12:21:17","modified_gmt":"2024-05-21T12:21:17","slug":"14023","status":"publish","type":"product","link":"https:\/\/www.sinchisinchi.com\/pl\/producto\/14023\/","title":{"rendered":"R\u00f3\u017cowy"},"content":{"rendered":"<p><span style=\"color: #000000;\">R\u00f3\u017ca to ro\u015blina <strong>\u017ce\u0144ska<\/strong>, kojarzona z <strong>Wenus<\/strong>, \u017cywio\u0142em wody i du\u017c\u0105 liczb\u0105 bog\u00f3w: Hathor, Hulda, Eros, Kupidyn, Demeter, Izyda, Harpokrates i Aurora. Tradycyjnie u\u017cywa si\u0119 go ze wzgl\u0119du na jego w\u0142a\u015bciwo\u015bci zwi\u0105zane z mi\u0142o\u015bci\u0105, si\u0142\u0105 umys\u0142ow\u0105, uzdrawianiem, wr\u00f3\u017ceniem, szcz\u0119\u015bciem i ochron\u0105.<\/span><\/p>\n<p>R\u00f3\u017ca to ro\u015blina zwi\u0105zana z mi\u0142o\u015bci\u0105; Jej kwiatowa i uwodzicielska zmys\u0142owo\u015b\u0107 czyni go afrodyzjakiem, uwa\u017cany jest za \u015bwi\u0119ty kwiat, symbol bezinteresownej mi\u0142o\u015bci.<\/p>\n<p>Ma wielk\u0105 zdolno\u015b\u0107 leczenia ran emocjonalnych; Kiedy odrzucenie lub strata os\u0142abi\u0142y mi\u0142o\u015b\u0107 w\u0142asn\u0105, olejek r\u00f3\u017cany zapewnia s\u0142odkie ukojenie, jednocz\u0105c umys\u0142 z sercem i przynosz\u0105c ciep\u0142o duszy.<\/p>\n<p>Mitologia grecka przypisuje pochodzenie r\u00f3\u017c bogini Kybele, zwanej tak\u017ce Frygi\u0105, kt\u00f3ra poniewa\u017c pi\u0119kno\u015b\u0107 Afrodyty by\u0142a niezr\u00f3wnana, stworzy\u0142a ten delikatny i pi\u0119kny kwiat, aby bogini mi\u0142o\u015bci i pi\u0119kna mia\u0142a godne por\u00f3wnanie.<\/p>\n","protected":false},"excerpt":{"rendered":"<p><span style=\"color: #000000;\">Myd\u0142o r\u00f3\u017cane jest szczeg\u00f3lnie odpowiednie dla sk\u00f3ry wra\u017cliwej. Ma w\u0142a\u015bciwo\u015bci uspokajaj\u0105ce, oczyszczaj\u0105ce, przeciwzapalne i lecznicze.<\/span><\/p>\n<p><span style=\"color: #000000;\">Piel\u0119gnuje, chroni, wzmacnia sk\u00f3r\u0119. Redukuje widoczno\u015b\u0107 niedoskona\u0142o\u015bci, zapewniaj\u0105c jednolit\u0105 i zdrow\u0105 sk\u00f3r\u0119. Dzi\u0119ki du\u017cej zawarto\u015bci witaminy C ma dzia\u0142anie odm\u0142adzaj\u0105ce.<\/span><\/p>\n<p><span style=\"color: #000000;\">Myd\u0142o r\u00f3\u017cane zawiera naturalne olejki, kt\u00f3re przywracaj\u0105 sk\u00f3rze wilgo\u0107 i nawil\u017cenie, zmi\u0119kczaj\u0105c j\u0105 i wyg\u0142adzaj\u0105c dzi\u0119ki w\u0142a\u015bciwo\u015bciom regeneruj\u0105cym nask\u00f3rek.<\/span><\/p>\n<p><span style=\"color: #000000;\">Dzi\u0119ki w\u0142a\u015bciwo\u015bciom r\u00f3\u017cy idealnie sprawdza si\u0119 jako tonik i \u015brodek do mycia twarzy, tonizuje i zapewnia \u015bwie\u017cy wygl\u0105d. Jego codzienne stosowanie zmniejsza widoczno\u015b\u0107 zmarszczek zamykaj\u0105c otwarte pory i przywracaj\u0105c elastyczno\u015b\u0107.<\/span><\/p>\n<p><span style=\"color: #000000;\">Myd\u0142o to zosta\u0142o wykonane r\u0119cznie w Marsylii metod\u0105 przodk\u00f3w i przy u\u017cyciu naturalnych sk\u0142adnik\u00f3w, wody Morza \u015ar\u00f3dziemnego, olejku r\u00f3\u017canego, p\u0142atk\u00f3w r\u00f3\u017c, najwy\u017cszej jako\u015bci olej\u00f3w ro\u015blinnych i w\u0119glanu sodu.<\/span><\/p>\n<p>&nbsp;<\/p>\n<p><span style=\"color: #000000;\"><strong>Rozmiar:<\/strong> 125g<\/span><\/p>\n","protected":false},"featured_media":13980,"template":"","meta":{"_joinchat":[]},"product_brand":[],"product_cat":[345],"product_tag":[],"class_list":{"0":"post-14023","1":"product","2":"type-product","3":"status-publish","4":"has-post-thumbnail","6":"product_cat-mydla","8":"first","9":"instock","10":"taxable","11":"shipping-taxable","12":"purchasable","13":"product-type-simple"},"yoast_head":"<!-- This site is optimized with the Yoast SEO plugin v27.4 - https:\/\/yoast.com\/product\/yoast-seo-wordpress\/ -->\n<title>Myd\u0142o r\u00f3\u017cane: sklep szama\u0144ski<\/title>\n<meta name=\"description\" content=\"Myd\u0142o r\u00f3\u017cane: Jest szczeg\u00f3lnie wskazane dla sk\u00f3ry wra\u017cliwej. Ma w\u0142a\u015bciwo\u015bci uspokajaj\u0105ce, oczyszczaj\u0105ce, przeciwzapalne i lecznicze.\" \/>\n<meta name=\"robots\" content=\"index, follow, max-snippet:-1, max-image-preview:large, max-video-preview:-1\" \/>\n<link rel=\"canonical\" href=\"https:\/\/www.sinchisinchi.com\/pl\/producto\/14023\/\" \/>\n<meta property=\"og:locale\" content=\"pl_PL\" \/>\n<meta property=\"og:type\" content=\"article\" \/>\n<meta property=\"og:title\" content=\"Myd\u0142o r\u00f3\u017cane: sklep szama\u0144ski\" \/>\n<meta property=\"og:description\" content=\"Myd\u0142o r\u00f3\u017cane: Jest szczeg\u00f3lnie wskazane dla sk\u00f3ry wra\u017cliwej. Ma w\u0142a\u015bciwo\u015bci uspokajaj\u0105ce, oczyszczaj\u0105ce, przeciwzapalne i lecznicze.\" \/>\n<meta property=\"og:url\" content=\"https:\/\/www.sinchisinchi.com\/pl\/producto\/14023\/\" \/>\n<meta property=\"og:site_name\" content=\"SINCHI RAP\u00c9\" \/>\n<meta property=\"article:publisher\" content=\"https:\/\/www.facebook.com\/sinchirape\/\" \/>\n<meta property=\"article:modified_time\" content=\"2024-05-21T12:21:17+00:00\" \/>\n<meta property=\"og:image\" content=\"https:\/\/www.sinchisinchi.com\/wp-content\/uploads\/2024\/05\/WhatsApp-Image-2024-05-08-at-09.55.28.jpeg\" \/>\n\t<meta property=\"og:image:width\" content=\"1024\" \/>\n\t<meta property=\"og:image:height\" content=\"1024\" \/>\n\t<meta property=\"og:image:type\" content=\"image\/jpeg\" \/>\n<meta name=\"twitter:card\" content=\"summary_large_image\" \/>\n<meta name=\"twitter:label1\" content=\"Szacowany czas czytania\" \/>\n\t<meta name=\"twitter:data1\" content=\"1 minuta\" \/>\n<script type=\"application\/ld+json\" class=\"yoast-schema-graph\">{\"@context\":\"https:\\\/\\\/schema.org\",\"@graph\":[{\"@type\":\"WebPage\",\"@id\":\"https:\\\/\\\/www.sinchisinchi.com\\\/pl\\\/producto\\\/14023\\\/\",\"url\":\"https:\\\/\\\/www.sinchisinchi.com\\\/pl\\\/producto\\\/14023\\\/\",\"name\":\"Myd\u0142o r\u00f3\u017cane: sklep szama\u0144ski\",\"isPartOf\":{\"@id\":\"https:\\\/\\\/www.sinchisinchi.com\\\/pl\\\/#website\"},\"primaryImageOfPage\":{\"@id\":\"https:\\\/\\\/www.sinchisinchi.com\\\/pl\\\/producto\\\/14023\\\/#primaryimage\"},\"image\":{\"@id\":\"https:\\\/\\\/www.sinchisinchi.com\\\/pl\\\/producto\\\/14023\\\/#primaryimage\"},\"thumbnailUrl\":\"https:\\\/\\\/www.sinchisinchi.com\\\/wp-content\\\/uploads\\\/2024\\\/05\\\/WhatsApp-Image-2024-05-08-at-09.55.28.jpeg\",\"datePublished\":\"2024-05-08T07:58:35+00:00\",\"dateModified\":\"2024-05-21T12:21:17+00:00\",\"description\":\"Myd\u0142o r\u00f3\u017cane: Jest szczeg\u00f3lnie wskazane dla sk\u00f3ry wra\u017cliwej. Ma w\u0142a\u015bciwo\u015bci uspokajaj\u0105ce, oczyszczaj\u0105ce, przeciwzapalne i lecznicze.\",\"breadcrumb\":{\"@id\":\"https:\\\/\\\/www.sinchisinchi.com\\\/pl\\\/producto\\\/14023\\\/#breadcrumb\"},\"inLanguage\":\"pl-PL\",\"potentialAction\":[{\"@type\":\"ReadAction\",\"target\":[\"https:\\\/\\\/www.sinchisinchi.com\\\/pl\\\/producto\\\/14023\\\/\"]}]},{\"@type\":\"ImageObject\",\"inLanguage\":\"pl-PL\",\"@id\":\"https:\\\/\\\/www.sinchisinchi.com\\\/pl\\\/producto\\\/14023\\\/#primaryimage\",\"url\":\"https:\\\/\\\/www.sinchisinchi.com\\\/wp-content\\\/uploads\\\/2024\\\/05\\\/WhatsApp-Image-2024-05-08-at-09.55.28.jpeg\",\"contentUrl\":\"https:\\\/\\\/www.sinchisinchi.com\\\/wp-content\\\/uploads\\\/2024\\\/05\\\/WhatsApp-Image-2024-05-08-at-09.55.28.jpeg\",\"width\":1024,\"height\":1024},{\"@type\":\"BreadcrumbList\",\"@id\":\"https:\\\/\\\/www.sinchisinchi.com\\\/pl\\\/producto\\\/14023\\\/#breadcrumb\",\"itemListElement\":[{\"@type\":\"ListItem\",\"position\":1,\"name\":\"Pierwsza strona\",\"item\":\"https:\\\/\\\/www.sinchisinchi.com\\\/pl\\\/\"},{\"@type\":\"ListItem\",\"position\":2,\"name\":\"Produkty\",\"item\":\"https:\\\/\\\/www.sinchisinchi.com\\\/pl\\\/shop\\\/\"},{\"@type\":\"ListItem\",\"position\":3,\"name\":\"R\u00f3\u017cowy\"}]},{\"@type\":\"WebSite\",\"@id\":\"https:\\\/\\\/www.sinchisinchi.com\\\/pl\\\/#website\",\"url\":\"https:\\\/\\\/www.sinchisinchi.com\\\/pl\\\/\",\"name\":\"SINCHI\",\"description\":\"Sinchi Medicine\",\"publisher\":{\"@id\":\"https:\\\/\\\/www.sinchisinchi.com\\\/pl\\\/#organization\"},\"potentialAction\":[{\"@type\":\"SearchAction\",\"target\":{\"@type\":\"EntryPoint\",\"urlTemplate\":\"https:\\\/\\\/www.sinchisinchi.com\\\/pl\\\/?s={search_term_string}\"},\"query-input\":{\"@type\":\"PropertyValueSpecification\",\"valueRequired\":true,\"valueName\":\"search_term_string\"}}],\"inLanguage\":\"pl-PL\"},{\"@type\":\"Organization\",\"@id\":\"https:\\\/\\\/www.sinchisinchi.com\\\/pl\\\/#organization\",\"name\":\"SINCHI S.L\",\"url\":\"https:\\\/\\\/www.sinchisinchi.com\\\/pl\\\/\",\"logo\":{\"@type\":\"ImageObject\",\"inLanguage\":\"pl-PL\",\"@id\":\"https:\\\/\\\/www.sinchisinchi.com\\\/pl\\\/#\\\/schema\\\/logo\\\/image\\\/\",\"url\":\"https:\\\/\\\/www.sinchisinchi.com\\\/wp-content\\\/uploads\\\/2026\\\/01\\\/3b-Verde-SIMPLIFICADO-HORIZONTAL-F-TRANSPARENTE-scaled.png\",\"contentUrl\":\"https:\\\/\\\/www.sinchisinchi.com\\\/wp-content\\\/uploads\\\/2026\\\/01\\\/3b-Verde-SIMPLIFICADO-HORIZONTAL-F-TRANSPARENTE-scaled.png\",\"width\":2560,\"height\":457,\"caption\":\"SINCHI S.L\"},\"image\":{\"@id\":\"https:\\\/\\\/www.sinchisinchi.com\\\/pl\\\/#\\\/schema\\\/logo\\\/image\\\/\"},\"sameAs\":[\"https:\\\/\\\/www.facebook.com\\\/sinchirape\\\/\",\"https:\\\/\\\/www.instagram.com\\\/sinchi_rape\\\/\"]}]}<\/script>\n<!-- \/ Yoast SEO plugin. -->","yoast_head_json":{"title":"Myd\u0142o r\u00f3\u017cane: sklep szama\u0144ski","description":"Myd\u0142o r\u00f3\u017cane: Jest szczeg\u00f3lnie wskazane dla sk\u00f3ry wra\u017cliwej. Ma w\u0142a\u015bciwo\u015bci uspokajaj\u0105ce, oczyszczaj\u0105ce, przeciwzapalne i lecznicze.","robots":{"index":"index","follow":"follow","max-snippet":"max-snippet:-1","max-image-preview":"max-image-preview:large","max-video-preview":"max-video-preview:-1"},"canonical":"https:\/\/www.sinchisinchi.com\/pl\/producto\/14023\/","og_locale":"pl_PL","og_type":"article","og_title":"Myd\u0142o r\u00f3\u017cane: sklep szama\u0144ski","og_description":"Myd\u0142o r\u00f3\u017cane: Jest szczeg\u00f3lnie wskazane dla sk\u00f3ry wra\u017cliwej. Ma w\u0142a\u015bciwo\u015bci uspokajaj\u0105ce, oczyszczaj\u0105ce, przeciwzapalne i lecznicze.","og_url":"https:\/\/www.sinchisinchi.com\/pl\/producto\/14023\/","og_site_name":"SINCHI RAP\u00c9","article_publisher":"https:\/\/www.facebook.com\/sinchirape\/","article_modified_time":"2024-05-21T12:21:17+00:00","og_image":[{"width":1024,"height":1024,"url":"https:\/\/www.sinchisinchi.com\/wp-content\/uploads\/2024\/05\/WhatsApp-Image-2024-05-08-at-09.55.28.jpeg","type":"image\/jpeg"}],"twitter_card":"summary_large_image","twitter_misc":{"Szacowany czas czytania":"1 minuta"},"schema":{"@context":"https:\/\/schema.org","@graph":[{"@type":"WebPage","@id":"https:\/\/www.sinchisinchi.com\/pl\/producto\/14023\/","url":"https:\/\/www.sinchisinchi.com\/pl\/producto\/14023\/","name":"Myd\u0142o r\u00f3\u017cane: sklep szama\u0144ski","isPartOf":{"@id":"https:\/\/www.sinchisinchi.com\/pl\/#website"},"primaryImageOfPage":{"@id":"https:\/\/www.sinchisinchi.com\/pl\/producto\/14023\/#primaryimage"},"image":{"@id":"https:\/\/www.sinchisinchi.com\/pl\/producto\/14023\/#primaryimage"},"thumbnailUrl":"https:\/\/www.sinchisinchi.com\/wp-content\/uploads\/2024\/05\/WhatsApp-Image-2024-05-08-at-09.55.28.jpeg","datePublished":"2024-05-08T07:58:35+00:00","dateModified":"2024-05-21T12:21:17+00:00","description":"Myd\u0142o r\u00f3\u017cane: Jest szczeg\u00f3lnie wskazane dla sk\u00f3ry wra\u017cliwej. Ma w\u0142a\u015bciwo\u015bci uspokajaj\u0105ce, oczyszczaj\u0105ce, przeciwzapalne i lecznicze.","breadcrumb":{"@id":"https:\/\/www.sinchisinchi.com\/pl\/producto\/14023\/#breadcrumb"},"inLanguage":"pl-PL","potentialAction":[{"@type":"ReadAction","target":["https:\/\/www.sinchisinchi.com\/pl\/producto\/14023\/"]}]},{"@type":"ImageObject","inLanguage":"pl-PL","@id":"https:\/\/www.sinchisinchi.com\/pl\/producto\/14023\/#primaryimage","url":"https:\/\/www.sinchisinchi.com\/wp-content\/uploads\/2024\/05\/WhatsApp-Image-2024-05-08-at-09.55.28.jpeg","contentUrl":"https:\/\/www.sinchisinchi.com\/wp-content\/uploads\/2024\/05\/WhatsApp-Image-2024-05-08-at-09.55.28.jpeg","width":1024,"height":1024},{"@type":"BreadcrumbList","@id":"https:\/\/www.sinchisinchi.com\/pl\/producto\/14023\/#breadcrumb","itemListElement":[{"@type":"ListItem","position":1,"name":"Pierwsza strona","item":"https:\/\/www.sinchisinchi.com\/pl\/"},{"@type":"ListItem","position":2,"name":"Produkty","item":"https:\/\/www.sinchisinchi.com\/pl\/shop\/"},{"@type":"ListItem","position":3,"name":"R\u00f3\u017cowy"}]},{"@type":"WebSite","@id":"https:\/\/www.sinchisinchi.com\/pl\/#website","url":"https:\/\/www.sinchisinchi.com\/pl\/","name":"SINCHI","description":"Sinchi Medicine","publisher":{"@id":"https:\/\/www.sinchisinchi.com\/pl\/#organization"},"potentialAction":[{"@type":"SearchAction","target":{"@type":"EntryPoint","urlTemplate":"https:\/\/www.sinchisinchi.com\/pl\/?s={search_term_string}"},"query-input":{"@type":"PropertyValueSpecification","valueRequired":true,"valueName":"search_term_string"}}],"inLanguage":"pl-PL"},{"@type":"Organization","@id":"https:\/\/www.sinchisinchi.com\/pl\/#organization","name":"SINCHI S.L","url":"https:\/\/www.sinchisinchi.com\/pl\/","logo":{"@type":"ImageObject","inLanguage":"pl-PL","@id":"https:\/\/www.sinchisinchi.com\/pl\/#\/schema\/logo\/image\/","url":"https:\/\/www.sinchisinchi.com\/wp-content\/uploads\/2026\/01\/3b-Verde-SIMPLIFICADO-HORIZONTAL-F-TRANSPARENTE-scaled.png","contentUrl":"https:\/\/www.sinchisinchi.com\/wp-content\/uploads\/2026\/01\/3b-Verde-SIMPLIFICADO-HORIZONTAL-F-TRANSPARENTE-scaled.png","width":2560,"height":457,"caption":"SINCHI S.L"},"image":{"@id":"https:\/\/www.sinchisinchi.com\/pl\/#\/schema\/logo\/image\/"},"sameAs":["https:\/\/www.facebook.com\/sinchirape\/","https:\/\/www.instagram.com\/sinchi_rape\/"]}]}},"_links":{"self":[{"href":"https:\/\/www.sinchisinchi.com\/pl\/wp-json\/wp\/v2\/product\/14023","targetHints":{"allow":["GET"]}}],"collection":[{"href":"https:\/\/www.sinchisinchi.com\/pl\/wp-json\/wp\/v2\/product"}],"about":[{"href":"https:\/\/www.sinchisinchi.com\/pl\/wp-json\/wp\/v2\/types\/product"}],"wp:featuredmedia":[{"embeddable":true,"href":"https:\/\/www.sinchisinchi.com\/pl\/wp-json\/wp\/v2\/media\/13980"}],"wp:attachment":[{"href":"https:\/\/www.sinchisinchi.com\/pl\/wp-json\/wp\/v2\/media?parent=14023"}],"wp:term":[{"taxonomy":"product_brand","embeddable":true,"href":"https:\/\/www.sinchisinchi.com\/pl\/wp-json\/wp\/v2\/product_brand?post=14023"},{"taxonomy":"product_cat","embeddable":true,"href":"https:\/\/www.sinchisinchi.com\/pl\/wp-json\/wp\/v2\/product_cat?post=14023"},{"taxonomy":"product_tag","embeddable":true,"href":"https:\/\/www.sinchisinchi.com\/pl\/wp-json\/wp\/v2\/product_tag?post=14023"}],"curies":[{"name":"wp","href":"https:\/\/api.w.org\/{rel}","templated":true}]}}