{"id":14027,"date":"2024-05-07T11:05:04","date_gmt":"2024-05-07T11:05:04","guid":{"rendered":"https:\/\/www.sinchisinchi.com\/producto\/aloes\/"},"modified":"2024-05-21T12:23:34","modified_gmt":"2024-05-21T12:23:34","slug":"aloes","status":"publish","type":"product","link":"https:\/\/www.sinchisinchi.com\/pl\/producto\/aloes\/","title":{"rendered":"Aloes"},"content":{"rendered":"<h2 style=\"text-align: center;\"><span style=\"color: #000000;\"><strong>Historia<\/strong><\/span><\/h2>\n<h3 style=\"text-align: center;\"><span style=\"color: #000000;\"><strong>\u015bwiat Arabski<\/strong><\/span><\/h3>\n<p><span style=\"color: #000000;\">Ro\u015blina Aloe Vera pochodzi z Afryki, a konkretnie z P\u00f3\u0142wyspu Arabskiego. Jego nazwa rodzajowa Aloes pochodzi od arabskiego s\u0142owa alloeh, co oznacza jasn\u0105 i gorzk\u0105 substancj\u0119, nazywany jest tak\u017ce aloesem; Ten i inne warianty wynikaj\u0105 z deformacji arabskiego s\u0142owa \u00c7abila, kt\u00f3re oznacza ciernist\u0105 ro\u015blin\u0119.<\/span><\/p>\n<p><span style=\"color: #000000;\">To oni jako pierwsi wprowadzili na rynek ro\u015blin\u0119. Miazg\u0119 pozyskiwano za pomoc\u0105 drewnianych pras lub depcz\u0105c po samych li\u015bciach, w spos\u00f3b podobny do procesu uzyskiwania wina.<\/span><\/p>\n<p><span style=\"color: #000000;\">Nast\u0119pnie pozostawiono go do wyschni\u0119cia na s\u0142o\u0144cu, a \u017cel zosta\u0142 zredukowany do postaci proszku, co u\u0142atwi\u0142o jego sprzeda\u017c. Dzi\u0119ki temu ju\u017c w VI wieku p.n.e. aloes by\u0142 eksportowany do Persji i Indii.<\/span><\/p>\n<h3 style=\"text-align: center;\"><span style=\"color: #000000;\"><strong>Egipt<\/strong><\/span><\/h3>\n<p><span style=\"color: #000000;\">Ze wzgl\u0119du na w\u0142a\u015bciwo\u015bci kosmetyczne Kleopatra i Nefertiti wykorzystywa\u0142y sok z tej ro\u015bliny do codziennych rytua\u0142\u00f3w piel\u0119gnacyjnych. U\u017cywany by\u0142 tak\u017ce przez kap\u0142an\u00f3w w procesie balsamowania faraon\u00f3w, w egipskich rytua\u0142ach poch\u00f3wku. W\u015br\u00f3d staro\u017cytnych Egipcjan by\u0142a znana jako ro\u015blina nie\u015bmiertelno\u015bci.<\/span><\/p>\n<p><span style=\"color: #000000;\">W papirusie Ebersa, czyli \u201eKsi\u0119dze \u015brodk\u00f3w zaradczych\u201d, egipskim traktacie medycznym z XV wieku p.n.e., zachowanym w Lipsku, szczeg\u00f3\u0142owo opisano kilkana\u015bcie \u015brodk\u00f3w leczniczych na bazie aloesu.<\/span><\/p>\n<h3 style=\"text-align: center;\"><span style=\"color: #000000;\"><strong>Grecja<\/strong><\/span><\/h3>\n<p><span style=\"color: #000000;\">Hipokrates m\u00f3wi o jego w\u0142a\u015bciwo\u015bciach leczniczych.<\/span><\/p>\n<p><span style=\"color: #000000;\">Wed\u0142ug legendy Aleksander Wielki, zraniony strza\u0142\u0105 podczas obl\u0119\u017cenia Gazy, zagoi\u0142 si\u0119 mikstur\u0105 z aloesem. Zafascynowany leczniczymi w\u0142a\u015bciwo\u015bciami ro\u015bliny postanowi\u0142 podbi\u0107 Socotr\u0119, wysp\u0119, na kt\u00f3rej obfitowa\u0142y uprawy aloesu.<\/span><\/p>\n<h3 style=\"text-align: center;\"><span style=\"color: #000000;\"><strong>Rzym<\/strong><\/span><\/h3>\n<p><span style=\"color: #000000;\">Rzymianie odkryli t\u0119 ro\u015blin\u0119 podczas wojen punickich i byli zafascynowani jej uzdrawiaj\u0105c\u0105 moc\u0105 na bliznach wojownik\u00f3w.<\/span><\/p>\n<p><span style=\"color: #000000;\">Za kadencji cesarza Nerona jego lekarz Dioscorides opisa\u0142 w swoim traktacie De Materia Medica historyczne zastosowanie oko\u0142o 600 ro\u015blin leczniczych, w\u015br\u00f3d kt\u00f3rych by\u0142a jedna z jego ulubionych, Aloe Vera. Uwa\u017ca\u0142 t\u0119 ro\u015blin\u0119 za idealn\u0105 do leczenia chor\u00f3b i dolegliwo\u015bci, znan\u0105 ze swojego antykoagulacyjnego dzia\u0142ania krwi z ran i w\u0142a\u015bciwo\u015bci leczniczych.<\/span><\/p>\n<h3 style=\"text-align: center;\"><span style=\"color: #000000;\"><strong>Daleki Wsch\u00f3d<\/strong><\/span><\/h3>\n<p><span style=\"color: #000000;\">Chi\u0144czycy jako pierwsi wykorzystali t\u0119 ro\u015blin\u0119 do cel\u00f3w leczniczych. W Japonii samurajowie smarowali si\u0119 \u017celem ro\u015blinnym, aby odp\u0119dzi\u0107 z\u0142e duchy i osi\u0105gn\u0105\u0107 nie\u015bmiertelno\u015b\u0107.<\/span><\/p>\n<h3 style=\"text-align: center;\"><span style=\"color: #000000;\"><strong>Hiszpania<\/strong><\/span><\/h3>\n<p><span style=\"color: #000000;\">W XVI wieku hiszpa\u0144scy mnisi jezuici zbierali dziki aloes i rozprzestrzeniali go na obszary, na kt\u00f3rych nie by\u0142 jeszcze uprawiany. Indianie Majowie nazwali sok z tej pustynnej ro\u015bliny \u201eFontanna m\u0142odo\u015bci\u201d i u\u017cywali go r\u00f3wnie\u017c jako \u015brodka odstraszaj\u0105cego owady na drewnie i innych materia\u0142ach podatnych na uszkodzenia przez owady.<\/span><\/p>\n<p><span style=\"color: #000000;\">Zosta\u0142 sprowadzony na kontynent ameryka\u0144ski przez Krzysztofa Kolumba w czasie odkrycia Ameryki, gdy\u017c stosowa\u0142 go jako lekarstwo dla swojej za\u0142ogi. W tamtych latach Hiszpania posiada\u0142a ju\u017c znaczne plantacje tego warzywa, prawdopodobnie pozostawione jako dziedzictwo inwazji muzu\u0142ma\u0144skiej.<\/span><\/p>\n<p>&nbsp;<\/p>\n<h2 style=\"text-align: center;\"><span style=\"color: #000000;\"><strong>Zak\u0142ad<\/strong><\/span><\/h2>\n<p><span style=\"color: #000000;\">Aloes zwyczajny (Aloe barbadensis Miller) nale\u017cy do tej samej rodziny co czosnek, cebula i szparagi, a wszystkie one maj\u0105 w\u0142a\u015bciwo\u015bci lecznicze.<\/span><\/p>\n<p><span style=\"color: #000000;\">Ma wyd\u0142u\u017cone, mi\u0119siste li\u015bcie bogate w wod\u0119, osi\u0105ga wysoko\u015b\u0107 od 50 do 70 cm z \u0142odygami o d\u0142ugo\u015bci od 30 do 40 cm, z z\u0105bkowanymi kraw\u0119dziami, a kwiaty s\u0105 \u017c\u00f3\u0142te. Przystosowuje si\u0119 do \u017cycia na obszarach o ma\u0142ej dost\u0119pno\u015bci wody i ma du\u017c\u0105 pojemno\u015b\u0107.<\/span><\/p>\n<p><span style=\"color: #000000;\">Spo\u015br\u00f3d oko\u0142o 300 gatunk\u00f3w aloesu istniej\u0105 cztery rodzaje, kt\u00f3re maj\u0105 najwi\u0119ksze w\u0142a\u015bciwo\u015bci lecznicze: Aloe barbadensis Miller, Aloe perryi Baker, Aloe ferox i Aloe arborescens. Aloes barbadensis Miller jest najcz\u0119\u015bciej stosowany w medycynie i kosmetyce.<\/span><\/p>\n","protected":false},"excerpt":{"rendered":"<p><span style=\"color: #000000;\">Naturalne myd\u0142o Aloe Vera \u0142\u0105czy w sobie doskona\u0142e w\u0142a\u015bciwo\u015bci myd\u0142a marsylskiego i aloesu, pomagaj\u0105c w szybkiej regeneracji sk\u00f3ry dzi\u0119ki witaminom A, C, aminokwasom i antrachinonom.<\/span><\/p>\n<p><span style=\"color: #000000;\">Od czas\u00f3w staro\u017cytnych r\u00f3\u017cne ludy i kultury obserwowa\u0142y, \u017ce skaleczenie na kt\u00f3rymkolwiek li\u015bciu aloesu goi si\u0119 natychmiast. Tradycyjnie stosuje si\u0119 go do leczenia oparze\u0144, ran i chor\u00f3b sk\u00f3ry.<\/span><\/p>\n<p><span style=\"color: #000000;\">Aloes by\u0142 dla Egipcjan ro\u015blin\u0105 nie\u015bmiertelno\u015bci, dla Sumer\u00f3w magiczn\u0105 cnot\u0105, dla templariuszy eliksirem jerozolimskim, a dla Arab\u00f3w wiecznym \u017ar\u00f3d\u0142em m\u0142odo\u015bci. Prawdopodobnie pierwsi zacz\u0119li u\u017cywa\u0107 aloesu w Egipcie. Najstarszym dokumentem, w kt\u00f3rym si\u0119 pojawia, jest papirus Ebersa.<\/span><\/p>\n<p><span style=\"color: #000000;\">Aloes to ro\u015blina nale\u017c\u0105ca do p\u0142ci \u017ce\u0144skiej, kojarzona z ksi\u0119\u017cycem, \u017cywio\u0142em wody. Tradycyjnie u\u017cywa si\u0119 go, aby przyci\u0105gn\u0105\u0107 szcz\u0119\u015bcie i ze wzgl\u0119du na jego silne w\u0142a\u015bciwo\u015bci ochronne.<\/span><\/p>\n<p><span style=\"color: #000000;\">Myd\u0142o to zosta\u0142o wykonane r\u0119cznie w Marsylii wed\u0142ug staro\u017cytnych metod i staro\u017cytnych receptur, przy u\u017cyciu ca\u0142kowicie naturalnych sk\u0142adnik\u00f3w: wody Morza \u015ar\u00f3dziemnego, olejku eterycznego z drzewa sanda\u0142owego, wysokiej jako\u015bci olej\u00f3w ro\u015blinnych i w\u0119glanu sodu. Jest w 100% biodegradowalny.<\/span><\/p>\n<p>&nbsp;<\/p>\n<p><span style=\"color: #000000;\"><strong>Rozmiar:<\/strong> 125g<\/span><\/p>\n","protected":false},"featured_media":13951,"template":"","meta":{"_joinchat":[]},"product_brand":[],"product_cat":[183,345],"product_tag":[],"class_list":{"0":"post-14027","1":"product","2":"type-product","3":"status-publish","4":"has-post-thumbnail","6":"product_cat-bez-kategorii","7":"product_cat-mydla","9":"first","10":"instock","11":"taxable","12":"shipping-taxable","13":"purchasable","14":"product-type-simple"},"yoast_head":"<!-- This site is optimized with the Yoast SEO plugin v27.4 - https:\/\/yoast.com\/product\/yoast-seo-wordpress\/ -->\n<title>Myd\u0142o Aloe Vera: Sklep szama\u0144ski<\/title>\n<meta name=\"description\" content=\"Aloes by\u0142 dla Egipcjan ro\u015blin\u0105 nie\u015bmiertelno\u015bci, dla templariuszy eliksirem jerozolimskim, a dla Arab\u00f3w \u017ar\u00f3d\u0142em m\u0142odo\u015bci.\" \/>\n<meta name=\"robots\" content=\"index, follow, max-snippet:-1, max-image-preview:large, max-video-preview:-1\" \/>\n<link rel=\"canonical\" href=\"https:\/\/www.sinchisinchi.com\/pl\/producto\/aloes\/\" \/>\n<meta property=\"og:locale\" content=\"pl_PL\" \/>\n<meta property=\"og:type\" content=\"article\" \/>\n<meta property=\"og:title\" content=\"Myd\u0142o Aloe Vera: Sklep szama\u0144ski\" \/>\n<meta property=\"og:description\" content=\"Aloes by\u0142 dla Egipcjan ro\u015blin\u0105 nie\u015bmiertelno\u015bci, dla templariuszy eliksirem jerozolimskim, a dla Arab\u00f3w \u017ar\u00f3d\u0142em m\u0142odo\u015bci.\" \/>\n<meta property=\"og:url\" content=\"https:\/\/www.sinchisinchi.com\/pl\/producto\/aloes\/\" \/>\n<meta property=\"og:site_name\" content=\"SINCHI RAP\u00c9\" \/>\n<meta property=\"article:publisher\" content=\"https:\/\/www.facebook.com\/sinchirape\/\" \/>\n<meta property=\"article:modified_time\" content=\"2024-05-21T12:23:34+00:00\" \/>\n<meta property=\"og:image\" content=\"https:\/\/www.sinchisinchi.com\/wp-content\/uploads\/2024\/05\/18-Aloe-vera.jpg\" \/>\n\t<meta property=\"og:image:width\" content=\"1024\" \/>\n\t<meta property=\"og:image:height\" content=\"1024\" \/>\n\t<meta property=\"og:image:type\" content=\"image\/jpeg\" \/>\n<meta name=\"twitter:card\" content=\"summary_large_image\" \/>\n<meta name=\"twitter:label1\" content=\"Szacowany czas czytania\" \/>\n\t<meta name=\"twitter:data1\" content=\"3 minuty\" \/>\n<script type=\"application\/ld+json\" class=\"yoast-schema-graph\">{\"@context\":\"https:\\\/\\\/schema.org\",\"@graph\":[{\"@type\":\"WebPage\",\"@id\":\"https:\\\/\\\/www.sinchisinchi.com\\\/pl\\\/producto\\\/aloes\\\/\",\"url\":\"https:\\\/\\\/www.sinchisinchi.com\\\/pl\\\/producto\\\/aloes\\\/\",\"name\":\"Myd\u0142o Aloe Vera: Sklep szama\u0144ski\",\"isPartOf\":{\"@id\":\"https:\\\/\\\/www.sinchisinchi.com\\\/pl\\\/#website\"},\"primaryImageOfPage\":{\"@id\":\"https:\\\/\\\/www.sinchisinchi.com\\\/pl\\\/producto\\\/aloes\\\/#primaryimage\"},\"image\":{\"@id\":\"https:\\\/\\\/www.sinchisinchi.com\\\/pl\\\/producto\\\/aloes\\\/#primaryimage\"},\"thumbnailUrl\":\"https:\\\/\\\/www.sinchisinchi.com\\\/wp-content\\\/uploads\\\/2024\\\/05\\\/18-Aloe-vera.jpg\",\"datePublished\":\"2024-05-07T11:05:04+00:00\",\"dateModified\":\"2024-05-21T12:23:34+00:00\",\"description\":\"Aloes by\u0142 dla Egipcjan ro\u015blin\u0105 nie\u015bmiertelno\u015bci, dla templariuszy eliksirem jerozolimskim, a dla Arab\u00f3w \u017ar\u00f3d\u0142em m\u0142odo\u015bci.\",\"breadcrumb\":{\"@id\":\"https:\\\/\\\/www.sinchisinchi.com\\\/pl\\\/producto\\\/aloes\\\/#breadcrumb\"},\"inLanguage\":\"pl-PL\",\"potentialAction\":[{\"@type\":\"ReadAction\",\"target\":[\"https:\\\/\\\/www.sinchisinchi.com\\\/pl\\\/producto\\\/aloes\\\/\"]}]},{\"@type\":\"ImageObject\",\"inLanguage\":\"pl-PL\",\"@id\":\"https:\\\/\\\/www.sinchisinchi.com\\\/pl\\\/producto\\\/aloes\\\/#primaryimage\",\"url\":\"https:\\\/\\\/www.sinchisinchi.com\\\/wp-content\\\/uploads\\\/2024\\\/05\\\/18-Aloe-vera.jpg\",\"contentUrl\":\"https:\\\/\\\/www.sinchisinchi.com\\\/wp-content\\\/uploads\\\/2024\\\/05\\\/18-Aloe-vera.jpg\",\"width\":1024,\"height\":1024},{\"@type\":\"BreadcrumbList\",\"@id\":\"https:\\\/\\\/www.sinchisinchi.com\\\/pl\\\/producto\\\/aloes\\\/#breadcrumb\",\"itemListElement\":[{\"@type\":\"ListItem\",\"position\":1,\"name\":\"Pierwsza strona\",\"item\":\"https:\\\/\\\/www.sinchisinchi.com\\\/pl\\\/\"},{\"@type\":\"ListItem\",\"position\":2,\"name\":\"Produkty\",\"item\":\"https:\\\/\\\/www.sinchisinchi.com\\\/pl\\\/shop\\\/\"},{\"@type\":\"ListItem\",\"position\":3,\"name\":\"Aloes\"}]},{\"@type\":\"WebSite\",\"@id\":\"https:\\\/\\\/www.sinchisinchi.com\\\/pl\\\/#website\",\"url\":\"https:\\\/\\\/www.sinchisinchi.com\\\/pl\\\/\",\"name\":\"SINCHI\",\"description\":\"Sinchi Medicine\",\"publisher\":{\"@id\":\"https:\\\/\\\/www.sinchisinchi.com\\\/pl\\\/#organization\"},\"potentialAction\":[{\"@type\":\"SearchAction\",\"target\":{\"@type\":\"EntryPoint\",\"urlTemplate\":\"https:\\\/\\\/www.sinchisinchi.com\\\/pl\\\/?s={search_term_string}\"},\"query-input\":{\"@type\":\"PropertyValueSpecification\",\"valueRequired\":true,\"valueName\":\"search_term_string\"}}],\"inLanguage\":\"pl-PL\"},{\"@type\":\"Organization\",\"@id\":\"https:\\\/\\\/www.sinchisinchi.com\\\/pl\\\/#organization\",\"name\":\"SINCHI S.L\",\"url\":\"https:\\\/\\\/www.sinchisinchi.com\\\/pl\\\/\",\"logo\":{\"@type\":\"ImageObject\",\"inLanguage\":\"pl-PL\",\"@id\":\"https:\\\/\\\/www.sinchisinchi.com\\\/pl\\\/#\\\/schema\\\/logo\\\/image\\\/\",\"url\":\"https:\\\/\\\/www.sinchisinchi.com\\\/wp-content\\\/uploads\\\/2026\\\/01\\\/3b-Verde-SIMPLIFICADO-HORIZONTAL-F-TRANSPARENTE-scaled.png\",\"contentUrl\":\"https:\\\/\\\/www.sinchisinchi.com\\\/wp-content\\\/uploads\\\/2026\\\/01\\\/3b-Verde-SIMPLIFICADO-HORIZONTAL-F-TRANSPARENTE-scaled.png\",\"width\":2560,\"height\":457,\"caption\":\"SINCHI S.L\"},\"image\":{\"@id\":\"https:\\\/\\\/www.sinchisinchi.com\\\/pl\\\/#\\\/schema\\\/logo\\\/image\\\/\"},\"sameAs\":[\"https:\\\/\\\/www.facebook.com\\\/sinchirape\\\/\",\"https:\\\/\\\/www.instagram.com\\\/sinchi_rape\\\/\"]}]}<\/script>\n<!-- \/ Yoast SEO plugin. -->","yoast_head_json":{"title":"Myd\u0142o Aloe Vera: Sklep szama\u0144ski","description":"Aloes by\u0142 dla Egipcjan ro\u015blin\u0105 nie\u015bmiertelno\u015bci, dla templariuszy eliksirem jerozolimskim, a dla Arab\u00f3w \u017ar\u00f3d\u0142em m\u0142odo\u015bci.","robots":{"index":"index","follow":"follow","max-snippet":"max-snippet:-1","max-image-preview":"max-image-preview:large","max-video-preview":"max-video-preview:-1"},"canonical":"https:\/\/www.sinchisinchi.com\/pl\/producto\/aloes\/","og_locale":"pl_PL","og_type":"article","og_title":"Myd\u0142o Aloe Vera: Sklep szama\u0144ski","og_description":"Aloes by\u0142 dla Egipcjan ro\u015blin\u0105 nie\u015bmiertelno\u015bci, dla templariuszy eliksirem jerozolimskim, a dla Arab\u00f3w \u017ar\u00f3d\u0142em m\u0142odo\u015bci.","og_url":"https:\/\/www.sinchisinchi.com\/pl\/producto\/aloes\/","og_site_name":"SINCHI RAP\u00c9","article_publisher":"https:\/\/www.facebook.com\/sinchirape\/","article_modified_time":"2024-05-21T12:23:34+00:00","og_image":[{"width":1024,"height":1024,"url":"https:\/\/www.sinchisinchi.com\/wp-content\/uploads\/2024\/05\/18-Aloe-vera.jpg","type":"image\/jpeg"}],"twitter_card":"summary_large_image","twitter_misc":{"Szacowany czas czytania":"3 minuty"},"schema":{"@context":"https:\/\/schema.org","@graph":[{"@type":"WebPage","@id":"https:\/\/www.sinchisinchi.com\/pl\/producto\/aloes\/","url":"https:\/\/www.sinchisinchi.com\/pl\/producto\/aloes\/","name":"Myd\u0142o Aloe Vera: Sklep szama\u0144ski","isPartOf":{"@id":"https:\/\/www.sinchisinchi.com\/pl\/#website"},"primaryImageOfPage":{"@id":"https:\/\/www.sinchisinchi.com\/pl\/producto\/aloes\/#primaryimage"},"image":{"@id":"https:\/\/www.sinchisinchi.com\/pl\/producto\/aloes\/#primaryimage"},"thumbnailUrl":"https:\/\/www.sinchisinchi.com\/wp-content\/uploads\/2024\/05\/18-Aloe-vera.jpg","datePublished":"2024-05-07T11:05:04+00:00","dateModified":"2024-05-21T12:23:34+00:00","description":"Aloes by\u0142 dla Egipcjan ro\u015blin\u0105 nie\u015bmiertelno\u015bci, dla templariuszy eliksirem jerozolimskim, a dla Arab\u00f3w \u017ar\u00f3d\u0142em m\u0142odo\u015bci.","breadcrumb":{"@id":"https:\/\/www.sinchisinchi.com\/pl\/producto\/aloes\/#breadcrumb"},"inLanguage":"pl-PL","potentialAction":[{"@type":"ReadAction","target":["https:\/\/www.sinchisinchi.com\/pl\/producto\/aloes\/"]}]},{"@type":"ImageObject","inLanguage":"pl-PL","@id":"https:\/\/www.sinchisinchi.com\/pl\/producto\/aloes\/#primaryimage","url":"https:\/\/www.sinchisinchi.com\/wp-content\/uploads\/2024\/05\/18-Aloe-vera.jpg","contentUrl":"https:\/\/www.sinchisinchi.com\/wp-content\/uploads\/2024\/05\/18-Aloe-vera.jpg","width":1024,"height":1024},{"@type":"BreadcrumbList","@id":"https:\/\/www.sinchisinchi.com\/pl\/producto\/aloes\/#breadcrumb","itemListElement":[{"@type":"ListItem","position":1,"name":"Pierwsza strona","item":"https:\/\/www.sinchisinchi.com\/pl\/"},{"@type":"ListItem","position":2,"name":"Produkty","item":"https:\/\/www.sinchisinchi.com\/pl\/shop\/"},{"@type":"ListItem","position":3,"name":"Aloes"}]},{"@type":"WebSite","@id":"https:\/\/www.sinchisinchi.com\/pl\/#website","url":"https:\/\/www.sinchisinchi.com\/pl\/","name":"SINCHI","description":"Sinchi Medicine","publisher":{"@id":"https:\/\/www.sinchisinchi.com\/pl\/#organization"},"potentialAction":[{"@type":"SearchAction","target":{"@type":"EntryPoint","urlTemplate":"https:\/\/www.sinchisinchi.com\/pl\/?s={search_term_string}"},"query-input":{"@type":"PropertyValueSpecification","valueRequired":true,"valueName":"search_term_string"}}],"inLanguage":"pl-PL"},{"@type":"Organization","@id":"https:\/\/www.sinchisinchi.com\/pl\/#organization","name":"SINCHI S.L","url":"https:\/\/www.sinchisinchi.com\/pl\/","logo":{"@type":"ImageObject","inLanguage":"pl-PL","@id":"https:\/\/www.sinchisinchi.com\/pl\/#\/schema\/logo\/image\/","url":"https:\/\/www.sinchisinchi.com\/wp-content\/uploads\/2026\/01\/3b-Verde-SIMPLIFICADO-HORIZONTAL-F-TRANSPARENTE-scaled.png","contentUrl":"https:\/\/www.sinchisinchi.com\/wp-content\/uploads\/2026\/01\/3b-Verde-SIMPLIFICADO-HORIZONTAL-F-TRANSPARENTE-scaled.png","width":2560,"height":457,"caption":"SINCHI S.L"},"image":{"@id":"https:\/\/www.sinchisinchi.com\/pl\/#\/schema\/logo\/image\/"},"sameAs":["https:\/\/www.facebook.com\/sinchirape\/","https:\/\/www.instagram.com\/sinchi_rape\/"]}]}},"_links":{"self":[{"href":"https:\/\/www.sinchisinchi.com\/pl\/wp-json\/wp\/v2\/product\/14027","targetHints":{"allow":["GET"]}}],"collection":[{"href":"https:\/\/www.sinchisinchi.com\/pl\/wp-json\/wp\/v2\/product"}],"about":[{"href":"https:\/\/www.sinchisinchi.com\/pl\/wp-json\/wp\/v2\/types\/product"}],"wp:featuredmedia":[{"embeddable":true,"href":"https:\/\/www.sinchisinchi.com\/pl\/wp-json\/wp\/v2\/media\/13951"}],"wp:attachment":[{"href":"https:\/\/www.sinchisinchi.com\/pl\/wp-json\/wp\/v2\/media?parent=14027"}],"wp:term":[{"taxonomy":"product_brand","embeddable":true,"href":"https:\/\/www.sinchisinchi.com\/pl\/wp-json\/wp\/v2\/product_brand?post=14027"},{"taxonomy":"product_cat","embeddable":true,"href":"https:\/\/www.sinchisinchi.com\/pl\/wp-json\/wp\/v2\/product_cat?post=14027"},{"taxonomy":"product_tag","embeddable":true,"href":"https:\/\/www.sinchisinchi.com\/pl\/wp-json\/wp\/v2\/product_tag?post=14027"}],"curies":[{"name":"wp","href":"https:\/\/api.w.org\/{rel}","templated":true}]}}