{"id":14038,"date":"2024-05-07T08:30:43","date_gmt":"2024-05-07T08:30:43","guid":{"rendered":"https:\/\/www.sinchisinchi.com\/producto\/oliwa-z-oliwek\/"},"modified":"2024-05-21T12:25:49","modified_gmt":"2024-05-21T12:25:49","slug":"oliwa-z-oliwek","status":"publish","type":"product","link":"https:\/\/www.sinchisinchi.com\/pl\/producto\/oliwa-z-oliwek\/","title":{"rendered":"Oliwa z oliwek"},"content":{"rendered":"<h3 style=\"text-align: center;\"><strong>Historia drzewa oliwnego i jego oliwy<\/strong><\/h3>\n<p>Drzewo Oliwne, symbol m\u0105dro\u015bci i pokoju, zosta\u0142o przyj\u0119te przez ludzko\u015b\u0107 jako \u017ar\u00f3d\u0142o bogactwa i po\u017cywienia od tysi\u0105cleci. Historia Drzewa Oliwnego si\u0119ga pocz\u0105tk\u00f3w rolnictwa w pierwszych cywilizacjach basenu Morza \u015ar\u00f3dziemnego i Bliskiego Wschodu.<\/p>\n<h3 style=\"text-align: center;\"><strong>Pre-historia<\/strong><\/h3>\n<p>Istnienie drzewa oliwnego datuje si\u0119 na 12 000 lat p.n.e. Skamienia\u0142o\u015bci li\u015bci oliwnych odkryto w osadach pliocenu w Mongardino we W\u0142oszech, a tak\u017ce w warstwach skalnych z okresu g\u00f3rnego paleolitu w Afryce P\u00f3\u0142nocnej oraz podczas wykopalisk z epoki br\u0105zu w Hiszpanii.<\/p>\n<h3 style=\"text-align: center;\"><strong>Egipt<\/strong><\/h3>\n<p>Pocz\u0105tki uprawy oliwek po\u0142o\u017cone s\u0105 na Bliskim i Bliskim Wschodzie, a pierwsze wzmianki dokumentalne i archeologiczne na temat wygl\u0105du i stosowania oliwy z oliwek pochodz\u0105 z czas\u00f3w staro\u017cytnego Egiptu, gdzie by\u0142a ona czczona i dost\u0119pna jedynie dla klas uprzywilejowanych. .<\/p>\n<p>W Egipcie drzewo oliwne jest przedstawiane w sarkofagach niekt\u00f3rych faraon\u00f3w. Oliwa z oliwek zosta\u0142a przygotowana z aromatycznych esencji i by\u0142a u\u017cywana jako olej sakramentalny faraon\u00f3w w za\u015bwiatach.<\/p>\n<p>Wed\u0142ug mitologii egipskiej to Izyda nauczy\u0142a ludzi uprawy drzewa oliwnego. Najwi\u0119ksze plantacje oliwek znajdowa\u0142y si\u0119 w pobli\u017cu delty Nilu, bardzo blisko miasta Aleksandria. Na przyk\u0142ad o drzewie oliwnym m\u00f3wi si\u0119 w Fajum i Tebaidzie.<\/p>\n<p>Odmiany drzew oliwnych u\u017cywanych w Egipcie nie dawa\u0142y du\u017cych plon\u00f3w oliwy, by\u0107 mo\u017ce dlatego, \u017ce klimat nie by\u0142 odpowiedni dla ich wzrostu i rozwoju; Dlatego te\u017c oliwa z oliwek jako \u017cywno\u015b\u0107 by\u0142a rzadko\u015bci\u0105 i wykorzystywano j\u0105 g\u0142\u00f3wnie do cel\u00f3w leczniczych i kosmetycznych.<\/p>\n<p>Papyrus Harris I wspomina o r\u00f3\u017cnych \u017ar\u00f3d\u0142ach oliwy z oliwek i wa\u017cnym handlu ni\u0105 z plemionami greckimi. Powszechne sta\u0142o si\u0119 stosowanie oliwy w lampach pogrzebowych, a Ramzes III przeznaczy\u0142 plantacje na jej produkcj\u0119.<\/p>\n<p>S\u0142owo olej pojawia si\u0119 w tekstach dopiero oko\u0142o IX dynastii egipskiej.<\/p>\n<p>W egipskiej populacji niewolnik\u00f3w wyznania \u017cydowskiego oliwa z oliwek mia\u0142a szczeg\u00f3ln\u0105 symbolik\u0119. Dodawano go do napoj\u00f3w takich jak khilmi i alontit, a nawet do wina anigron.<\/p>\n<p>Wraz z innymi esencjami i zio\u0142ami aromatycznymi stosowano go do produkcji odurzaj\u0105cych perfum, do k\u0105pieli upi\u0119kszaj\u0105cych i oczyszczaj\u0105cych pory, w ma\u015bciach z szafranem i zio\u0142ami do nawil\u017cania sk\u00f3ry i zapobiegania powstawaniu zmarszczek, do rozja\u015bniania w\u0142os\u00f3w i na masa\u017ce lecznicze.<\/p>\n<p>Mia\u0142 g\u0142\u0119bokie konotacje duchowe i by\u0142 u\u017cywany w lampach zapalanych na cze\u015b\u0107 bog\u00f3w.<\/p>\n<p>&nbsp;<\/p>\n<h3 style=\"text-align: center;\"><strong>Grecja<\/strong><\/h3>\n<p>Mitologia grecka bogata jest w legendy i wzmianki o Drzewie Oliwnym, takich jak Atena, Herkules czy Igrzyska Olimpijskie, kt\u00f3rych charakterystycznym elementem jest Drzewo Oliwne, jego ga\u0142\u0119zie, li\u015bcie i owoce. Pierwsze udokumentowane wzmianki o Drzewie Oliwnym pochodz\u0105 z j\u0119zyka greckiego: symbolizowa\u0142o ono pok\u00f3j i dobrobyt, a tak\u017ce zmartwychwstanie i nadziej\u0119.<\/p>\n<p>Ju\u017c podczas pierwszych igrzysk olimpijskich, kt\u00f3re odby\u0142y si\u0119 w 776 r. p.n.e., zwyci\u0119zcom wydarze\u0144 sportowych wr\u0119czano ga\u0142\u0105zk\u0119 oliwn\u0105 w uznaniu ich triumfu, a pierwsz\u0105 znicz\u0105 olimpijsk\u0105 by\u0142a p\u0142on\u0105ca ga\u0142\u0105zka oliwna. Przed \u0107wiczeniami gimnastyczki poddawa\u0142y si\u0119 masa\u017com, aby napi\u0105\u0107 mi\u0119\u015bnie, unikn\u0105\u0107 kontuzji i chroni\u0107 sk\u00f3r\u0119 przed r\u00f3\u017cnicami temperatur.<\/p>\n<p>Podczas \u015bwi\u0105t panatenajskich, podobnych do igrzysk olimpijskich, zwyci\u0119zcom ofiarowywano amfory z oliw\u0105 z oliwek. Ilo\u015b\u0107 oliwy oferowana w nagrod\u0119 zwyci\u0119skiemu sportowcowi mog\u0142a by\u0107 du\u017ca, nawet kilka ton.<\/p>\n<p>Pojawienie si\u0119 oliwy z oliwek w Grecji ma miejsce na Krecie, jej uprawa doprowadzi\u0142a do powstania pierwszych szlak\u00f3w handlowych wzd\u0142u\u017c Morza \u015ar\u00f3dziemnego z Egiptem i innymi narodami.<\/p>\n<p>Ni\u017csze klasy spo\u0142eczne nie spo\u017cywa\u0142y oliwy z oliwek do gotowania, zarezerwowanej dla klas najbardziej uprzywilejowanych. Bardzo powszechne by\u0142o stosowanie go jako paliwa do o\u015bwietlenia, \u015brodka leczniczego i olejku do cia\u0142a.<\/p>\n<p>Dioscorides wspomina o omfacynie, oleju ekstrahowanym z niedojrza\u0142ych oliwek, wskazuj\u0105c, \u017ce jest on przydatny w leczeniu napi\u0119cia mi\u0119\u015bniowego oraz piel\u0119gnacji sk\u00f3ry i w\u0142os\u00f3w. Hipokrates wspomina r\u00f3wnie\u017c o jego w\u0142a\u015bciwo\u015bciach leczniczych.<\/p>\n<p>W V wieku p.n.e. C. kr\u00f3l perski Kserkses spali\u0142 miasto Ateny, w obr\u0119bie kt\u00f3rego znajdowa\u0142o si\u0119 wielowiekowe drzewo oliwne Ateny, kt\u00f3re zosta\u0142o spalone. Kiedy Ate\u0144czycy wkroczyli do zniszczonego miasta, drzewo oliwne uros\u0142o ju\u017c o jeden \u0142okie\u0107, co by\u0142o zwiastunem szybkiego powrotu Ate\u0144czyk\u00f3w do zdrowia i odnowy w obliczu przeciwno\u015bci losu.<\/p>\n<p>Drzewo oliwne pojawia si\u0119 na niekt\u00f3rych myke\u0144skich tabliczkach glinianych, kt\u00f3re \u015bwiadcz\u0105 o znaczeniu drzewa oliwnego w gospodarce Krety (2500 p.n.e.).<\/p>\n<p>Uwielbienie Grek\u00f3w dla oliwy z oliwek wida\u0107 na freskach na \u015bcianach pa\u0142acu w Knossos, na kt\u00f3rych pojawiaj\u0105 si\u0119 liczne przedstawienia drzew oliwnych.<\/p>\n<p>Drzewa oliwne cz\u0119sto mo\u017cna zobaczy\u0107 w dekoracjach naczy\u0144, bi\u017cuterii i innych przedmiotach codziennego u\u017cytku tamtych czas\u00f3w.<\/p>\n<p>Namaszczenia pojawiaj\u0105 si\u0119 ju\u017c cz\u0119sto<\/p>\n<p>cia u Homera i nadawane by\u0142y przez kobiety i s\u0142u\u017cb\u0119. Ulisses m\u00f3wi do Nausicai (Od. VI 96): \u201eB\u0119d\u0119 wiedzia\u0142, jak bez twojej pomocy umy\u0107 si\u0119 pian\u0105 i nama\u015bci\u0107 si\u0119 tym olejkiem, kt\u00f3rego po tak d\u0142ugim czasie moja sk\u00f3ra nie zna\u201d.<\/p>\n<p>Ka\u017cda osoba przynosi\u0142a do \u0142a\u017ani swoj\u0105 butelk\u0119 olejku (lecythus).<\/p>\n<p>Olejek s\u0142u\u017cy\u0142 jako baza do produkcji perfum (Myron), chocia\u017c jego aromat sam w sobie by\u0142 uwa\u017cany za perfum\u0119. Archeologia (tabliczki myke\u0144skie), malowid\u0142a \u015bcienne z Pompei oraz teksty Dioscoridesa, Teofrasta i Pliniusza wspominaj\u0105 o tym zastosowaniu.<\/p>\n<p>Uwa\u017cano j\u0105 za najlepsz\u0105 substancj\u0119 pomocnicz\u0105 do produkcji perfum, zw\u0142aszcza gorzkie zielone oliwki, kt\u00f3re daj\u0105 niewielk\u0105 ilo\u015b\u0107 oliwy, poniewa\u017c jest ch\u0142onna, dobrze si\u0119 przechowuje i jest odporna na ciep\u0142o.<\/p>\n<p>Staro\u017cytni Grecy myli si\u0119 wod\u0105 i g\u0105bk\u0105, bez myd\u0142a (dopiero od I wieku p.n.e. istnia\u0142a swego rodzaju emulsja mydlana otrzymywana z oleju), a wychodz\u0105c z k\u0105pieli namaszczali si\u0119 olejkiem.<\/p>\n<h3 style=\"text-align: center;\"><strong>Fenicjanie<\/strong><\/h3>\n<p>W Hiszpanii upraw\u0119 drzewa oliwnego wprowadzili Fenicjanie (1100 r. p.n.e.).<\/p>\n<h3 style=\"text-align: center;\"><strong>Rzym<\/strong><\/h3>\n<p>Od roku 206 p.n.e. C, po rzymskiej okupacji Hispanii, produkcja oliwek zacz\u0119\u0142a zyskiwa\u0107 na znaczeniu.<\/p>\n<p>Handlowe i wojownicze kontakty Grek\u00f3w z Etruskami spowodowa\u0142y wprowadzenie uprawy drzewa oliwnego we W\u0142oszech za panowania Lucjusza Tarquiniusa Priscusa, czyli w okresie 616 roku p.n.e. C. do 578 p.n.e. C., chocia\u017c m\u00f3g\u0142 dotrze\u0107 do W\u0142och trzysta lat przed upadkiem Troi.<\/p>\n<p>W II i III wieku drzewo oliwne rozprzestrzeni\u0142o si\u0119 na ca\u0142e Morze \u015ar\u00f3dziemne dzi\u0119ki post\u0119powi terytorialnemu i militarnemu Cesarstwa Rzymskiego. Wie\u0144ce oliwne, podobnie jak Grecy, sk\u0142adano w ofierze zwyci\u0119skim rzymskim genera\u0142om.<\/p>\n<p>Stosowanie oliwy z oliwek by\u0142o powszechne w\u015br\u00f3d mieszka\u0144c\u00f3w Rzymu, a produkcja oliwy z oliwek stworzy\u0142a krajobraz rolniczy w rzymskich koloniach.<\/p>\n<p>Pliniusz Starszy zestawia przepisy na ma\u015bci i ma\u015bci z oliw\u0105 z oliwek.<\/p>\n<p>Katon Starszy opisuje w swojej ksi\u0105\u017cce O rolnictwie liczne metody uprawy, przycinania i piel\u0119gnacji drzewa oliwnego, kt\u00f3rych nauczyli si\u0119 od Grek\u00f3w.<\/p>\n<p>Pojawienie si\u0119 pierwszego kremu nawil\u017caj\u0105cego zawdzi\u0119cza tureckiemu lekarzowi Claudiusowi Galenowi (129-199 n.e.), kt\u00f3ry odkry\u0142, \u017ce mieszaj\u0105c oliw\u0119 z oliwek z wod\u0105 i woskiem pszczelim, uzyskano od\u015bwie\u017caj\u0105cy krem, kt\u00f3ry nada\u0142 sk\u00f3rze du\u017c\u0105 elastyczno\u015b\u0107.<\/p>\n<h3 style=\"text-align: center;\"><strong>\u015aredniowiecze<\/strong><\/h3>\n<p>Po upadku Cesarstwa Rzymskiego to zakony zaczynaj\u0105 przejmowa\u0107 stery produkcji w \u015bredniowiecznej Europie. Konsumpcja w\u015br\u00f3d duchownych mieszkaj\u0105cych w klasztorach i w\u015br\u00f3d os\u00f3b z klas wy\u017cszych zawsze utrzymywa\u0142a si\u0119 na sta\u0142ym poziomie.<\/p>\n<p>U\u017cywano go do gotowania, o\u015bwietlania dom\u00f3w, produkcji myd\u0142a i tekstyli\u00f3w, do zastosowa\u0144, w kt\u00f3rych by\u0142 bardzo przydatny i trudny do zast\u0105pienia.<\/p>\n<h3 style=\"text-align: center;\"><strong>Biblia<\/strong><\/h3>\n<p>W Biblii znajduje si\u0119 oko\u0142o czterystu wzmianek o drzewie oliwnym i jego oliwie. Stanowi\u0142a podstaw\u0119 ma\u015bci do namaszczenia i \u015bwiat\u0142o o\u015bwietlaj\u0105ce ciemno\u015bci \u015bwi\u0105ty\u0144 i dom\u00f3w. W Ksi\u0119dze Rodzaju go\u0142\u0105b da\u0142 Noemu ga\u0142\u0105zk\u0119 oliwn\u0105, sygnalizuj\u0105c koniec potopu i powodzi. Noe uzna\u0142 ten gest za znak przysz\u0142ego pokoju. W Ksi\u0119dze Wyj\u015bcia B\u00f3g m\u00f3wi Moj\u017ceszowi, jak przygotowa\u0107 oliw\u0119 z oliwek i przyprawy do namaszczenia swego ludu; Wspomina tak\u017ce o modlitwie Jezusa Chrystusa na G\u00f3rze Oliwnej.<\/p>\n<p>W Al-\u00e1ndalus produkcja oliwy z oliwek by\u0142a bardzo intensywna, a niekt\u00f3re obszary, takie jak Aljarafe niedaleko Sewilli, by\u0142y poro\u015bni\u0119te drzewami oliwnymi. \u00d3wczesny pisarz muzu\u0142ma\u0144ski Al-Idrisi wspomina, \u017ce \u200b\u200bbogactwo mieszka\u0144c\u00f3w Sewilli zawdzi\u0119czano w du\u017cej mierze eksportowi oliwy z oliwek.<\/p>\n","protected":false},"excerpt":{"rendered":"<p>Naturalne myd\u0142o na bazie oliwy z oliwek o silnych w\u0142a\u015bciwo\u015bciach od\u017cywczych, rewitalizuj\u0105cych i antyoksydacyjnych. Pomaga op\u00f3\u017ani\u0107 oznaki starzenia si\u0119 sk\u00f3ry dzi\u0119ki wysokiej zawarto\u015bci witaminy E.<\/p>\n<p>Jest to \u0142agodne myd\u0142o, chroni sk\u00f3r\u0119, zapewnia po\u0142ysk, \u015bwie\u017co\u015b\u0107 i elastyczno\u015b\u0107.<\/p>\n<p>Jest doskona\u0142ym sk\u0142adnikiem od\u017cywczym, dzia\u0142a przeciwstarzeniowo i zapewnia sk\u00f3rze po\u0142ysk, g\u0142adk\u0105 tekstur\u0119 i elastyczno\u015b\u0107.<\/p>\n<p>W oliwie z oliwek znajduje si\u0119 kilka substancji przeciwutleniaj\u0105cych: flawonoidy, polifenole i witamina E, kt\u00f3ra nadaje oliwie w\u0142a\u015bciwo\u015bci konserwuj\u0105ce; b\u0119d\u0105c przeciwutleniaczem kom\u00f3rkowym, spowalnia starzenie si\u0119 kom\u00f3rek.<\/p>\n<p>Oliwa z oliwek z pierwszego t\u0142oczenia ma profil lipidowy bardzo podobny do ludzkiej sk\u00f3ry, chroni sk\u00f3r\u0119 przed czynnikami \u015brodowiska zewn\u0119trznego, nawil\u017ca j\u0105 i utrzymuje integraln\u0105 struktur\u0119 sk\u00f3ry w\u0142a\u015bciwej, umo\u017cliwiaj\u0105c lepsz\u0105 regeneracj\u0119.<\/p>\n<p>Bardzo skutecznie dzia\u0142a na w\u0142osy, przywraca im si\u0142\u0119, blask i g\u0142\u0119boko nawil\u017ca sk\u00f3r\u0119 g\u0142owy.<\/p>\n<p>Na przestrzeni dziej\u00f3w wszystkie cywilizacje, kt\u00f3re je zna\u0142y, szanowa\u0142y stosowanie oliwy z oliwek do piel\u0119gnacji sk\u00f3ry.<\/p>\n<p><strong>Rozmiar:<\/strong> 125g<\/p>\n","protected":false},"featured_media":13934,"template":"","meta":{"_joinchat":[]},"product_brand":[],"product_cat":[183,345],"product_tag":[],"class_list":{"0":"post-14038","1":"product","2":"type-product","3":"status-publish","4":"has-post-thumbnail","6":"product_cat-bez-kategorii","7":"product_cat-mydla","9":"first","10":"instock","11":"taxable","12":"shipping-taxable","13":"purchasable","14":"product-type-simple"},"yoast_head":"<!-- This site is optimized with the Yoast SEO plugin v27.4 - https:\/\/yoast.com\/product\/yoast-seo-wordpress\/ -->\n<title>Myd\u0142o z oliw\u0105 z oliwek: Sklep szama\u0144ski<\/title>\n<meta name=\"description\" content=\"Bogowie tacy jak Atena i Herkules maj\u0105 drzewo oliwne jako charakterystyczny element: symbolizuje ono pok\u00f3j i dobrobyt, a tak\u017ce zmartwychwstanie i nadziej\u0119.\" \/>\n<meta name=\"robots\" content=\"index, follow, max-snippet:-1, max-image-preview:large, max-video-preview:-1\" \/>\n<link rel=\"canonical\" href=\"https:\/\/www.sinchisinchi.com\/pl\/producto\/oliwa-z-oliwek\/\" \/>\n<meta property=\"og:locale\" content=\"pl_PL\" \/>\n<meta property=\"og:type\" content=\"article\" \/>\n<meta property=\"og:title\" content=\"Myd\u0142o z oliw\u0105 z oliwek: Sklep szama\u0144ski\" \/>\n<meta property=\"og:description\" content=\"Bogowie tacy jak Atena i Herkules maj\u0105 drzewo oliwne jako charakterystyczny element: symbolizuje ono pok\u00f3j i dobrobyt, a tak\u017ce zmartwychwstanie i nadziej\u0119.\" \/>\n<meta property=\"og:url\" content=\"https:\/\/www.sinchisinchi.com\/pl\/producto\/oliwa-z-oliwek\/\" \/>\n<meta property=\"og:site_name\" content=\"SINCHI RAP\u00c9\" \/>\n<meta property=\"article:publisher\" content=\"https:\/\/www.facebook.com\/sinchirape\/\" \/>\n<meta property=\"article:modified_time\" content=\"2024-05-21T12:25:49+00:00\" \/>\n<meta property=\"og:image\" content=\"https:\/\/www.sinchisinchi.com\/wp-content\/uploads\/2024\/05\/aceite-de-oliva.webp\" \/>\n\t<meta property=\"og:image:width\" content=\"800\" \/>\n\t<meta property=\"og:image:height\" content=\"800\" \/>\n\t<meta property=\"og:image:type\" content=\"image\/webp\" \/>\n<meta name=\"twitter:card\" content=\"summary_large_image\" \/>\n<meta name=\"twitter:label1\" content=\"Szacowany czas czytania\" \/>\n\t<meta name=\"twitter:data1\" content=\"7 minut\" \/>\n<script type=\"application\/ld+json\" class=\"yoast-schema-graph\">{\"@context\":\"https:\\\/\\\/schema.org\",\"@graph\":[{\"@type\":\"WebPage\",\"@id\":\"https:\\\/\\\/www.sinchisinchi.com\\\/pl\\\/producto\\\/oliwa-z-oliwek\\\/\",\"url\":\"https:\\\/\\\/www.sinchisinchi.com\\\/pl\\\/producto\\\/oliwa-z-oliwek\\\/\",\"name\":\"Myd\u0142o z oliw\u0105 z oliwek: Sklep szama\u0144ski\",\"isPartOf\":{\"@id\":\"https:\\\/\\\/www.sinchisinchi.com\\\/pl\\\/#website\"},\"primaryImageOfPage\":{\"@id\":\"https:\\\/\\\/www.sinchisinchi.com\\\/pl\\\/producto\\\/oliwa-z-oliwek\\\/#primaryimage\"},\"image\":{\"@id\":\"https:\\\/\\\/www.sinchisinchi.com\\\/pl\\\/producto\\\/oliwa-z-oliwek\\\/#primaryimage\"},\"thumbnailUrl\":\"https:\\\/\\\/www.sinchisinchi.com\\\/wp-content\\\/uploads\\\/2024\\\/05\\\/aceite-de-oliva.webp\",\"datePublished\":\"2024-05-07T08:30:43+00:00\",\"dateModified\":\"2024-05-21T12:25:49+00:00\",\"description\":\"Bogowie tacy jak Atena i Herkules maj\u0105 drzewo oliwne jako charakterystyczny element: symbolizuje ono pok\u00f3j i dobrobyt, a tak\u017ce zmartwychwstanie i nadziej\u0119.\",\"breadcrumb\":{\"@id\":\"https:\\\/\\\/www.sinchisinchi.com\\\/pl\\\/producto\\\/oliwa-z-oliwek\\\/#breadcrumb\"},\"inLanguage\":\"pl-PL\",\"potentialAction\":[{\"@type\":\"ReadAction\",\"target\":[\"https:\\\/\\\/www.sinchisinchi.com\\\/pl\\\/producto\\\/oliwa-z-oliwek\\\/\"]}]},{\"@type\":\"ImageObject\",\"inLanguage\":\"pl-PL\",\"@id\":\"https:\\\/\\\/www.sinchisinchi.com\\\/pl\\\/producto\\\/oliwa-z-oliwek\\\/#primaryimage\",\"url\":\"https:\\\/\\\/www.sinchisinchi.com\\\/wp-content\\\/uploads\\\/2024\\\/05\\\/aceite-de-oliva.webp\",\"contentUrl\":\"https:\\\/\\\/www.sinchisinchi.com\\\/wp-content\\\/uploads\\\/2024\\\/05\\\/aceite-de-oliva.webp\",\"width\":800,\"height\":800},{\"@type\":\"BreadcrumbList\",\"@id\":\"https:\\\/\\\/www.sinchisinchi.com\\\/pl\\\/producto\\\/oliwa-z-oliwek\\\/#breadcrumb\",\"itemListElement\":[{\"@type\":\"ListItem\",\"position\":1,\"name\":\"Pierwsza strona\",\"item\":\"https:\\\/\\\/www.sinchisinchi.com\\\/pl\\\/\"},{\"@type\":\"ListItem\",\"position\":2,\"name\":\"Produkty\",\"item\":\"https:\\\/\\\/www.sinchisinchi.com\\\/pl\\\/shop\\\/\"},{\"@type\":\"ListItem\",\"position\":3,\"name\":\"Oliwa z oliwek\"}]},{\"@type\":\"WebSite\",\"@id\":\"https:\\\/\\\/www.sinchisinchi.com\\\/pl\\\/#website\",\"url\":\"https:\\\/\\\/www.sinchisinchi.com\\\/pl\\\/\",\"name\":\"SINCHI\",\"description\":\"Sinchi Medicine\",\"publisher\":{\"@id\":\"https:\\\/\\\/www.sinchisinchi.com\\\/pl\\\/#organization\"},\"potentialAction\":[{\"@type\":\"SearchAction\",\"target\":{\"@type\":\"EntryPoint\",\"urlTemplate\":\"https:\\\/\\\/www.sinchisinchi.com\\\/pl\\\/?s={search_term_string}\"},\"query-input\":{\"@type\":\"PropertyValueSpecification\",\"valueRequired\":true,\"valueName\":\"search_term_string\"}}],\"inLanguage\":\"pl-PL\"},{\"@type\":\"Organization\",\"@id\":\"https:\\\/\\\/www.sinchisinchi.com\\\/pl\\\/#organization\",\"name\":\"SINCHI S.L\",\"url\":\"https:\\\/\\\/www.sinchisinchi.com\\\/pl\\\/\",\"logo\":{\"@type\":\"ImageObject\",\"inLanguage\":\"pl-PL\",\"@id\":\"https:\\\/\\\/www.sinchisinchi.com\\\/pl\\\/#\\\/schema\\\/logo\\\/image\\\/\",\"url\":\"https:\\\/\\\/www.sinchisinchi.com\\\/wp-content\\\/uploads\\\/2026\\\/01\\\/3b-Verde-SIMPLIFICADO-HORIZONTAL-F-TRANSPARENTE-scaled.png\",\"contentUrl\":\"https:\\\/\\\/www.sinchisinchi.com\\\/wp-content\\\/uploads\\\/2026\\\/01\\\/3b-Verde-SIMPLIFICADO-HORIZONTAL-F-TRANSPARENTE-scaled.png\",\"width\":2560,\"height\":457,\"caption\":\"SINCHI S.L\"},\"image\":{\"@id\":\"https:\\\/\\\/www.sinchisinchi.com\\\/pl\\\/#\\\/schema\\\/logo\\\/image\\\/\"},\"sameAs\":[\"https:\\\/\\\/www.facebook.com\\\/sinchirape\\\/\",\"https:\\\/\\\/www.instagram.com\\\/sinchi_rape\\\/\"]}]}<\/script>\n<!-- \/ Yoast SEO plugin. -->","yoast_head_json":{"title":"Myd\u0142o z oliw\u0105 z oliwek: Sklep szama\u0144ski","description":"Bogowie tacy jak Atena i Herkules maj\u0105 drzewo oliwne jako charakterystyczny element: symbolizuje ono pok\u00f3j i dobrobyt, a tak\u017ce zmartwychwstanie i nadziej\u0119.","robots":{"index":"index","follow":"follow","max-snippet":"max-snippet:-1","max-image-preview":"max-image-preview:large","max-video-preview":"max-video-preview:-1"},"canonical":"https:\/\/www.sinchisinchi.com\/pl\/producto\/oliwa-z-oliwek\/","og_locale":"pl_PL","og_type":"article","og_title":"Myd\u0142o z oliw\u0105 z oliwek: Sklep szama\u0144ski","og_description":"Bogowie tacy jak Atena i Herkules maj\u0105 drzewo oliwne jako charakterystyczny element: symbolizuje ono pok\u00f3j i dobrobyt, a tak\u017ce zmartwychwstanie i nadziej\u0119.","og_url":"https:\/\/www.sinchisinchi.com\/pl\/producto\/oliwa-z-oliwek\/","og_site_name":"SINCHI RAP\u00c9","article_publisher":"https:\/\/www.facebook.com\/sinchirape\/","article_modified_time":"2024-05-21T12:25:49+00:00","og_image":[{"width":800,"height":800,"url":"https:\/\/www.sinchisinchi.com\/wp-content\/uploads\/2024\/05\/aceite-de-oliva.webp","type":"image\/webp"}],"twitter_card":"summary_large_image","twitter_misc":{"Szacowany czas czytania":"7 minut"},"schema":{"@context":"https:\/\/schema.org","@graph":[{"@type":"WebPage","@id":"https:\/\/www.sinchisinchi.com\/pl\/producto\/oliwa-z-oliwek\/","url":"https:\/\/www.sinchisinchi.com\/pl\/producto\/oliwa-z-oliwek\/","name":"Myd\u0142o z oliw\u0105 z oliwek: Sklep szama\u0144ski","isPartOf":{"@id":"https:\/\/www.sinchisinchi.com\/pl\/#website"},"primaryImageOfPage":{"@id":"https:\/\/www.sinchisinchi.com\/pl\/producto\/oliwa-z-oliwek\/#primaryimage"},"image":{"@id":"https:\/\/www.sinchisinchi.com\/pl\/producto\/oliwa-z-oliwek\/#primaryimage"},"thumbnailUrl":"https:\/\/www.sinchisinchi.com\/wp-content\/uploads\/2024\/05\/aceite-de-oliva.webp","datePublished":"2024-05-07T08:30:43+00:00","dateModified":"2024-05-21T12:25:49+00:00","description":"Bogowie tacy jak Atena i Herkules maj\u0105 drzewo oliwne jako charakterystyczny element: symbolizuje ono pok\u00f3j i dobrobyt, a tak\u017ce zmartwychwstanie i nadziej\u0119.","breadcrumb":{"@id":"https:\/\/www.sinchisinchi.com\/pl\/producto\/oliwa-z-oliwek\/#breadcrumb"},"inLanguage":"pl-PL","potentialAction":[{"@type":"ReadAction","target":["https:\/\/www.sinchisinchi.com\/pl\/producto\/oliwa-z-oliwek\/"]}]},{"@type":"ImageObject","inLanguage":"pl-PL","@id":"https:\/\/www.sinchisinchi.com\/pl\/producto\/oliwa-z-oliwek\/#primaryimage","url":"https:\/\/www.sinchisinchi.com\/wp-content\/uploads\/2024\/05\/aceite-de-oliva.webp","contentUrl":"https:\/\/www.sinchisinchi.com\/wp-content\/uploads\/2024\/05\/aceite-de-oliva.webp","width":800,"height":800},{"@type":"BreadcrumbList","@id":"https:\/\/www.sinchisinchi.com\/pl\/producto\/oliwa-z-oliwek\/#breadcrumb","itemListElement":[{"@type":"ListItem","position":1,"name":"Pierwsza strona","item":"https:\/\/www.sinchisinchi.com\/pl\/"},{"@type":"ListItem","position":2,"name":"Produkty","item":"https:\/\/www.sinchisinchi.com\/pl\/shop\/"},{"@type":"ListItem","position":3,"name":"Oliwa z oliwek"}]},{"@type":"WebSite","@id":"https:\/\/www.sinchisinchi.com\/pl\/#website","url":"https:\/\/www.sinchisinchi.com\/pl\/","name":"SINCHI","description":"Sinchi Medicine","publisher":{"@id":"https:\/\/www.sinchisinchi.com\/pl\/#organization"},"potentialAction":[{"@type":"SearchAction","target":{"@type":"EntryPoint","urlTemplate":"https:\/\/www.sinchisinchi.com\/pl\/?s={search_term_string}"},"query-input":{"@type":"PropertyValueSpecification","valueRequired":true,"valueName":"search_term_string"}}],"inLanguage":"pl-PL"},{"@type":"Organization","@id":"https:\/\/www.sinchisinchi.com\/pl\/#organization","name":"SINCHI S.L","url":"https:\/\/www.sinchisinchi.com\/pl\/","logo":{"@type":"ImageObject","inLanguage":"pl-PL","@id":"https:\/\/www.sinchisinchi.com\/pl\/#\/schema\/logo\/image\/","url":"https:\/\/www.sinchisinchi.com\/wp-content\/uploads\/2026\/01\/3b-Verde-SIMPLIFICADO-HORIZONTAL-F-TRANSPARENTE-scaled.png","contentUrl":"https:\/\/www.sinchisinchi.com\/wp-content\/uploads\/2026\/01\/3b-Verde-SIMPLIFICADO-HORIZONTAL-F-TRANSPARENTE-scaled.png","width":2560,"height":457,"caption":"SINCHI S.L"},"image":{"@id":"https:\/\/www.sinchisinchi.com\/pl\/#\/schema\/logo\/image\/"},"sameAs":["https:\/\/www.facebook.com\/sinchirape\/","https:\/\/www.instagram.com\/sinchi_rape\/"]}]}},"_links":{"self":[{"href":"https:\/\/www.sinchisinchi.com\/pl\/wp-json\/wp\/v2\/product\/14038","targetHints":{"allow":["GET"]}}],"collection":[{"href":"https:\/\/www.sinchisinchi.com\/pl\/wp-json\/wp\/v2\/product"}],"about":[{"href":"https:\/\/www.sinchisinchi.com\/pl\/wp-json\/wp\/v2\/types\/product"}],"wp:featuredmedia":[{"embeddable":true,"href":"https:\/\/www.sinchisinchi.com\/pl\/wp-json\/wp\/v2\/media\/13934"}],"wp:attachment":[{"href":"https:\/\/www.sinchisinchi.com\/pl\/wp-json\/wp\/v2\/media?parent=14038"}],"wp:term":[{"taxonomy":"product_brand","embeddable":true,"href":"https:\/\/www.sinchisinchi.com\/pl\/wp-json\/wp\/v2\/product_brand?post=14038"},{"taxonomy":"product_cat","embeddable":true,"href":"https:\/\/www.sinchisinchi.com\/pl\/wp-json\/wp\/v2\/product_cat?post=14038"},{"taxonomy":"product_tag","embeddable":true,"href":"https:\/\/www.sinchisinchi.com\/pl\/wp-json\/wp\/v2\/product_tag?post=14038"}],"curies":[{"name":"wp","href":"https:\/\/api.w.org\/{rel}","templated":true}]}}