{"id":14344,"date":"2024-05-27T13:15:09","date_gmt":"2024-05-27T13:15:09","guid":{"rendered":"https:\/\/www.sinchisinchi.com\/producto\/uroczyste-plemie-kakaowca-arhuaca-kolumbia\/"},"modified":"2024-07-04T11:28:10","modified_gmt":"2024-07-04T11:28:10","slug":"uroczyste-plemie-kakaowca-arhuaca-kolumbia","status":"publish","type":"product","link":"https:\/\/www.sinchisinchi.com\/pl\/producto\/uroczyste-plemie-kakaowca-arhuaca-kolumbia\/","title":{"rendered":"Plemi\u0119 kakaowca Arhuaca, Kolumbia"},"content":{"rendered":"<h2 style=\"text-align: center;\"><span style=\"color: #000000;\"><strong>Plemi\u0119 Arhuaca<\/strong><\/span><\/h2>\n<p><span style=\"color: #000000;\">Mieszka\u0144cy Arhuaco nazywaj\u0105 siebie \u201eIku\u201d, co w j\u0119zyku Ika oznacza \u201eludzie\u201d. Pochodz\u0105 z Sierra Nevada de Santa Marta, na karaibskim wybrze\u017cu Kolumbii i s\u0105 potomkami prekolumbijskiej kultury Tairona.<\/span><\/p>\n<p><span style=\"color: #000000;\">S\u0105 jedn\u0105 z najbardziej znanych rdzennych lud\u00f3w Kolumbii i stanowi\u0105 1,59% rdzennej ludno\u015bci Kolumbii.<\/span><\/p>\n<p><span style=\"color: #000000;\">Plemi\u0119 Arhuaco zamieszkuje g\u0142\u00f3wnie g\u00f3ry Sierra Nevada de Santa Marta oraz w mniejszym stopniu w dorzeczu rzek Don Diego, Mingueo i Guatapur\u00ed (Valledupar, Mamatoco).<\/span><\/p>\n<p><span style=\"color: #000000;\">Kieruj\u0105 swoim \u017cyciem i \u017cyciem codziennym w oparciu o duchowo\u015b\u0107, szacunek dla swoich bog\u00f3w, kt\u00f3rzy stworzyli wszech\u015bwiat i solidarno\u015b\u0107 z cz\u0142onkami spo\u0142eczno\u015bci i s\u0105siednimi miastami, pojmuj\u0105c terytorium, na kt\u00f3rym \u017cyj\u0105 jako ca\u0142o\u015b\u0107, gdzie \u017cyj\u0105 istoty \u017cyj\u0105ce zar\u00f3wno z \u015bwiat materialny i duchowy.<\/span><\/p>\n<p><span style=\"color: #000000;\">Kobiety Arhuaca sw\u00f3j wolny czas sp\u0119dzaj\u0105 na prz\u0119dzeniu bawe\u0142ny i we\u0142ny na sukienki oraz skr\u0119caniu w\u0142\u00f3kna maguey (agawa w j\u0119zyku nahuatl, j\u0119zyku Aztek\u00f3w) na swoje plecaki.<\/span><\/p>\n<p><span style=\"color: #000000;\">Kochaj\u0105 i szanuj\u0105 swoich bli\u017anich, uwa\u017caj\u0105c za takich, opr\u00f3cz ludzi, zwierz\u0119ta, ro\u015bliny i istoty nieo\u017cywione.<\/span><\/p>\n<p><span style=\"color: #000000;\">Nazywaj\u0105 lwa, kr\u00f3la d\u017cungli, guiaj&#8217;ina, co oznacza \u201ebrat wszystkich\u201d. Nie s\u0105 my\u015bliwymi i nigdy nie bij\u0105 ani nie d\u017awigaj\u0105 ci\u0119\u017cko swoich wo\u0142\u00f3w i koni.<\/span><\/p>\n<p><span style=\"color: #000000;\">Mieszka\u0144cy Arhuaco zawsze nosz\u0105 w swoim we\u0142nianym plecaku pra\u017cone li\u015bcie H\u00e1yu (ro\u015bliny koki); Tradycyjne powitanie podczas spotkania polega na wymianie gar\u015bci tych li\u015bci.<\/span><\/p>\n<p><span style=\"color: #000000;\">Amb\u00edra to Mapacho, kt\u00f3rego mieszka\u0144cy Arhuaco u\u017cywaj\u0105 w postaci ekstraktu. Przygotowuj\u0105 go, gotuj\u0105c li\u015bcie Mapacho na bardzo ma\u0142ym ogniu, uzyskuj\u0105c g\u0119st\u0105, ciemn\u0105 substancj\u0119.<\/span><\/p>\n<p><span style=\"color: #000000;\">Kobiety Arhuaco nie za\u017cywaj\u0105 koki ani ambiry, ich u\u017cywanie jest zarezerwowane dla doros\u0142ych m\u0119\u017cczyzn.<\/span><\/p>\n<p><span style=\"color: #000000;\">Pozosta\u0142e trzy rodzime ludy zamieszkuj\u0105ce Sierra Nevada wraz z Arhuaca to Koguis, Wiwa i Kankuamos.<\/span><\/p>\n<p><span style=\"color: #000000;\">Lud Ika lub Arhuaco zamieszkuje g\u00f3rne dorzecza rzek Aracataca, Fundaci\u00f3n i Ariguan\u00ed na zachodnim zboczu g\u00f3r Sierra Nevada de Santa Marta.<\/span><\/p>\n<p><span style=\"color: #000000;\">Sierra Nevada de Santa Marta to pasmo g\u00f3rskie w Kolumbii, kt\u00f3re samo w sobie stanowi odizolowany system And\u00f3w, na karaibskim wybrze\u017cu Kolumbii, wznosz\u0105ce si\u0119 gwa\u0142townie od wybrze\u017cy Morza Karaibskiego, aby osi\u0105gn\u0105\u0107 szczyty, kt\u00f3re pozostaj\u0105 o\u015bnie\u017cone przez ca\u0142y okres roku, o maksymalnej wysoko\u015bci 5775 metr\u00f3w, b\u0119d\u0105c najwy\u017csz\u0105 g\u00f3r\u0105 na \u015bwiecie nad brzegiem morza.<\/span><\/p>\n","protected":false},"excerpt":{"rendered":"<p><span style=\"color: #000000;\">Ceremonialne kakao, w 100% czyste, surowe, organiczne, wytwarzane r\u0119cznie przez plemi\u0119 Arhuaco, zgodnie z metod\u0105 przodk\u00f3w.<\/span><\/p>\n<p><span style=\"color: #000000;\">Kakao uprawiane przez Arhuacos jest klasyfikowane jako jedno z najlepszych na \u015bwiecie ze wzgl\u0119du na sw\u00f3j smak, aromat, doskona\u0142\u0105 jako\u015b\u0107 i wyj\u0105tkowe cechy.<\/span><\/p>\n<p><span style=\"color: #000000;\">Plemi\u0119 Arhuaca z Sierra Nevada w Kolumbii uprawia kakao na ziemiach swoich przodk\u00f3w, tak jak robi\u0142o to od wiek\u00f3w. Wed\u0142ug nich kakao jest napojem boskich rodzic\u00f3w. Jest cz\u0119\u015bci\u0105 kultury Arhuaca, kt\u00f3rej rodziny przekazuj\u0105 wiedz\u0119 i nauki swoich przodk\u00f3w z pokolenia na pokolenie.<\/span><\/p>\n<p><span style=\"color: #000000;\">Ziarna kakaowca zbierane s\u0105 r\u0119cznie. Nast\u0119pnie pozostawia si\u0119 je do fermentacji. Jest to proces transformacji, podczas kt\u00f3rego ziarna nabieraj\u0105 charakterystycznego czekoladowego aromatu i smaku. Nast\u0119pnie ziarna suszy si\u0119 na s\u0142o\u0144cu.<\/span><\/p>\n<p><span style=\"color: #000000;\">Przepis: Aby przygotowa\u0107 ceremonialny nap\u00f3j, dodaj jedn\u0105 uncj\u0119 kakao do czterech uncji wody i dobrze wymieszaj. Mo\u017cesz doda\u0107 odrobin\u0119 miodu. Kakao to mo\u017cna r\u00f3wnie\u017c wykorzysta\u0107 do przygotowania gor\u0105cej czekolady, koktajli lub nies\u0142odzonej czekolady.<\/span><\/p>\n<p><span style=\"color: #000000;\"><strong>Typ:<\/strong> Granulowany<\/span><\/p>\n<p><span style=\"color: #000000;\"><strong>Pochodzenie:<\/strong> Plemi\u0119 Arhuaca, Kolumbia<\/span><\/p>\n<p><span style=\"color: #000000;\"><strong>Sk\u0142adniki:<\/strong> 100% czystego kakao klasy ceremonialnej<\/span><\/p>\n<p><span style=\"color: #000000;\"><strong>Prezentacja:<\/strong> Bar Kakaowy.<\/span><\/p>\n<p><span style=\"color: #000000;\"><strong>Masa netto:<\/strong> 450 gr.<\/span><\/p>\n<p><span style=\"color: #000000;\"><strong>Przechowywanie:<\/strong> Przechowywa\u0107 w ch\u0142odnym i suchym miejscu, z dala od bezpo\u015bredniego \u015bwiat\u0142a s\u0142onecznego.<\/span><\/p>\n","protected":false},"featured_media":15922,"template":"","meta":{"_joinchat":[]},"product_brand":[],"product_cat":[518,405],"product_tag":[],"class_list":{"0":"post-14344","1":"product","2":"type-product","3":"status-publish","4":"has-post-thumbnail","6":"product_cat-ceremonialnym","7":"product_cat-kakao-pl","9":"first","10":"instock","11":"taxable","12":"shipping-taxable","13":"purchasable","14":"product-type-simple"},"yoast_head":"<!-- This site is optimized with the Yoast SEO plugin v27.4 - https:\/\/yoast.com\/product\/yoast-seo-wordpress\/ -->\n<title>Uroczyste plemi\u0119 kakaowca Arhuaca, Kolumbia<\/title>\n<meta name=\"description\" content=\"Ceremonialne kakao, w 100% czyste, surowe, organiczne, wytwarzane r\u0119cznie przez plemi\u0119 Arhuaco, zgodnie z metod\u0105 przodk\u00f3w.\" \/>\n<meta name=\"robots\" content=\"index, follow, max-snippet:-1, max-image-preview:large, max-video-preview:-1\" \/>\n<link rel=\"canonical\" href=\"https:\/\/www.sinchisinchi.com\/pl\/producto\/uroczyste-plemie-kakaowca-arhuaca-kolumbia\/\" \/>\n<meta property=\"og:locale\" content=\"pl_PL\" \/>\n<meta property=\"og:type\" content=\"article\" \/>\n<meta property=\"og:title\" content=\"Uroczyste plemi\u0119 kakaowca Arhuaca, Kolumbia\" \/>\n<meta property=\"og:description\" content=\"Ceremonialne kakao, w 100% czyste, surowe, organiczne, wytwarzane r\u0119cznie przez plemi\u0119 Arhuaco, zgodnie z metod\u0105 przodk\u00f3w.\" \/>\n<meta property=\"og:url\" content=\"https:\/\/www.sinchisinchi.com\/pl\/producto\/uroczyste-plemie-kakaowca-arhuaca-kolumbia\/\" \/>\n<meta property=\"og:site_name\" content=\"SINCHI RAP\u00c9\" \/>\n<meta property=\"article:publisher\" content=\"https:\/\/www.facebook.com\/sinchirape\/\" \/>\n<meta property=\"article:modified_time\" content=\"2024-07-04T11:28:10+00:00\" \/>\n<meta property=\"og:image\" content=\"https:\/\/www.sinchisinchi.com\/wp-content\/uploads\/2024\/05\/2-Cacao-Ceremonaial1-1-1024x683-copia.jpg\" \/>\n\t<meta property=\"og:image:width\" content=\"1024\" \/>\n\t<meta property=\"og:image:height\" content=\"683\" \/>\n\t<meta property=\"og:image:type\" content=\"image\/jpeg\" \/>\n<meta name=\"twitter:card\" content=\"summary_large_image\" \/>\n<meta name=\"twitter:label1\" content=\"Szacowany czas czytania\" \/>\n\t<meta name=\"twitter:data1\" content=\"2 minuty\" \/>\n<script type=\"application\/ld+json\" class=\"yoast-schema-graph\">{\"@context\":\"https:\\\/\\\/schema.org\",\"@graph\":[{\"@type\":\"WebPage\",\"@id\":\"https:\\\/\\\/www.sinchisinchi.com\\\/pl\\\/producto\\\/uroczyste-plemie-kakaowca-arhuaca-kolumbia\\\/\",\"url\":\"https:\\\/\\\/www.sinchisinchi.com\\\/pl\\\/producto\\\/uroczyste-plemie-kakaowca-arhuaca-kolumbia\\\/\",\"name\":\"Uroczyste plemi\u0119 kakaowca Arhuaca, Kolumbia\",\"isPartOf\":{\"@id\":\"https:\\\/\\\/www.sinchisinchi.com\\\/pl\\\/#website\"},\"primaryImageOfPage\":{\"@id\":\"https:\\\/\\\/www.sinchisinchi.com\\\/pl\\\/producto\\\/uroczyste-plemie-kakaowca-arhuaca-kolumbia\\\/#primaryimage\"},\"image\":{\"@id\":\"https:\\\/\\\/www.sinchisinchi.com\\\/pl\\\/producto\\\/uroczyste-plemie-kakaowca-arhuaca-kolumbia\\\/#primaryimage\"},\"thumbnailUrl\":\"https:\\\/\\\/www.sinchisinchi.com\\\/wp-content\\\/uploads\\\/2024\\\/05\\\/2-Cacao-Ceremonaial1-1-1024x683-copia.jpg\",\"datePublished\":\"2024-05-27T13:15:09+00:00\",\"dateModified\":\"2024-07-04T11:28:10+00:00\",\"description\":\"Ceremonialne kakao, w 100% czyste, surowe, organiczne, wytwarzane r\u0119cznie przez plemi\u0119 Arhuaco, zgodnie z metod\u0105 przodk\u00f3w.\",\"breadcrumb\":{\"@id\":\"https:\\\/\\\/www.sinchisinchi.com\\\/pl\\\/producto\\\/uroczyste-plemie-kakaowca-arhuaca-kolumbia\\\/#breadcrumb\"},\"inLanguage\":\"pl-PL\",\"potentialAction\":[{\"@type\":\"ReadAction\",\"target\":[\"https:\\\/\\\/www.sinchisinchi.com\\\/pl\\\/producto\\\/uroczyste-plemie-kakaowca-arhuaca-kolumbia\\\/\"]}]},{\"@type\":\"ImageObject\",\"inLanguage\":\"pl-PL\",\"@id\":\"https:\\\/\\\/www.sinchisinchi.com\\\/pl\\\/producto\\\/uroczyste-plemie-kakaowca-arhuaca-kolumbia\\\/#primaryimage\",\"url\":\"https:\\\/\\\/www.sinchisinchi.com\\\/wp-content\\\/uploads\\\/2024\\\/05\\\/2-Cacao-Ceremonaial1-1-1024x683-copia.jpg\",\"contentUrl\":\"https:\\\/\\\/www.sinchisinchi.com\\\/wp-content\\\/uploads\\\/2024\\\/05\\\/2-Cacao-Ceremonaial1-1-1024x683-copia.jpg\",\"width\":1024,\"height\":683},{\"@type\":\"BreadcrumbList\",\"@id\":\"https:\\\/\\\/www.sinchisinchi.com\\\/pl\\\/producto\\\/uroczyste-plemie-kakaowca-arhuaca-kolumbia\\\/#breadcrumb\",\"itemListElement\":[{\"@type\":\"ListItem\",\"position\":1,\"name\":\"Pierwsza strona\",\"item\":\"https:\\\/\\\/www.sinchisinchi.com\\\/pl\\\/\"},{\"@type\":\"ListItem\",\"position\":2,\"name\":\"Produkty\",\"item\":\"https:\\\/\\\/www.sinchisinchi.com\\\/pl\\\/shop\\\/\"},{\"@type\":\"ListItem\",\"position\":3,\"name\":\"Plemi\u0119 kakaowca Arhuaca, Kolumbia\"}]},{\"@type\":\"WebSite\",\"@id\":\"https:\\\/\\\/www.sinchisinchi.com\\\/pl\\\/#website\",\"url\":\"https:\\\/\\\/www.sinchisinchi.com\\\/pl\\\/\",\"name\":\"SINCHI\",\"description\":\"Sinchi Medicine\",\"publisher\":{\"@id\":\"https:\\\/\\\/www.sinchisinchi.com\\\/pl\\\/#organization\"},\"potentialAction\":[{\"@type\":\"SearchAction\",\"target\":{\"@type\":\"EntryPoint\",\"urlTemplate\":\"https:\\\/\\\/www.sinchisinchi.com\\\/pl\\\/?s={search_term_string}\"},\"query-input\":{\"@type\":\"PropertyValueSpecification\",\"valueRequired\":true,\"valueName\":\"search_term_string\"}}],\"inLanguage\":\"pl-PL\"},{\"@type\":\"Organization\",\"@id\":\"https:\\\/\\\/www.sinchisinchi.com\\\/pl\\\/#organization\",\"name\":\"SINCHI S.L\",\"url\":\"https:\\\/\\\/www.sinchisinchi.com\\\/pl\\\/\",\"logo\":{\"@type\":\"ImageObject\",\"inLanguage\":\"pl-PL\",\"@id\":\"https:\\\/\\\/www.sinchisinchi.com\\\/pl\\\/#\\\/schema\\\/logo\\\/image\\\/\",\"url\":\"https:\\\/\\\/www.sinchisinchi.com\\\/wp-content\\\/uploads\\\/2026\\\/01\\\/3b-Verde-SIMPLIFICADO-HORIZONTAL-F-TRANSPARENTE-scaled.png\",\"contentUrl\":\"https:\\\/\\\/www.sinchisinchi.com\\\/wp-content\\\/uploads\\\/2026\\\/01\\\/3b-Verde-SIMPLIFICADO-HORIZONTAL-F-TRANSPARENTE-scaled.png\",\"width\":2560,\"height\":457,\"caption\":\"SINCHI S.L\"},\"image\":{\"@id\":\"https:\\\/\\\/www.sinchisinchi.com\\\/pl\\\/#\\\/schema\\\/logo\\\/image\\\/\"},\"sameAs\":[\"https:\\\/\\\/www.facebook.com\\\/sinchirape\\\/\",\"https:\\\/\\\/www.instagram.com\\\/sinchi_rape\\\/\"]}]}<\/script>\n<!-- \/ Yoast SEO plugin. -->","yoast_head_json":{"title":"Uroczyste plemi\u0119 kakaowca Arhuaca, Kolumbia","description":"Ceremonialne kakao, w 100% czyste, surowe, organiczne, wytwarzane r\u0119cznie przez plemi\u0119 Arhuaco, zgodnie z metod\u0105 przodk\u00f3w.","robots":{"index":"index","follow":"follow","max-snippet":"max-snippet:-1","max-image-preview":"max-image-preview:large","max-video-preview":"max-video-preview:-1"},"canonical":"https:\/\/www.sinchisinchi.com\/pl\/producto\/uroczyste-plemie-kakaowca-arhuaca-kolumbia\/","og_locale":"pl_PL","og_type":"article","og_title":"Uroczyste plemi\u0119 kakaowca Arhuaca, Kolumbia","og_description":"Ceremonialne kakao, w 100% czyste, surowe, organiczne, wytwarzane r\u0119cznie przez plemi\u0119 Arhuaco, zgodnie z metod\u0105 przodk\u00f3w.","og_url":"https:\/\/www.sinchisinchi.com\/pl\/producto\/uroczyste-plemie-kakaowca-arhuaca-kolumbia\/","og_site_name":"SINCHI RAP\u00c9","article_publisher":"https:\/\/www.facebook.com\/sinchirape\/","article_modified_time":"2024-07-04T11:28:10+00:00","og_image":[{"width":1024,"height":683,"url":"https:\/\/www.sinchisinchi.com\/wp-content\/uploads\/2024\/05\/2-Cacao-Ceremonaial1-1-1024x683-copia.jpg","type":"image\/jpeg"}],"twitter_card":"summary_large_image","twitter_misc":{"Szacowany czas czytania":"2 minuty"},"schema":{"@context":"https:\/\/schema.org","@graph":[{"@type":"WebPage","@id":"https:\/\/www.sinchisinchi.com\/pl\/producto\/uroczyste-plemie-kakaowca-arhuaca-kolumbia\/","url":"https:\/\/www.sinchisinchi.com\/pl\/producto\/uroczyste-plemie-kakaowca-arhuaca-kolumbia\/","name":"Uroczyste plemi\u0119 kakaowca Arhuaca, Kolumbia","isPartOf":{"@id":"https:\/\/www.sinchisinchi.com\/pl\/#website"},"primaryImageOfPage":{"@id":"https:\/\/www.sinchisinchi.com\/pl\/producto\/uroczyste-plemie-kakaowca-arhuaca-kolumbia\/#primaryimage"},"image":{"@id":"https:\/\/www.sinchisinchi.com\/pl\/producto\/uroczyste-plemie-kakaowca-arhuaca-kolumbia\/#primaryimage"},"thumbnailUrl":"https:\/\/www.sinchisinchi.com\/wp-content\/uploads\/2024\/05\/2-Cacao-Ceremonaial1-1-1024x683-copia.jpg","datePublished":"2024-05-27T13:15:09+00:00","dateModified":"2024-07-04T11:28:10+00:00","description":"Ceremonialne kakao, w 100% czyste, surowe, organiczne, wytwarzane r\u0119cznie przez plemi\u0119 Arhuaco, zgodnie z metod\u0105 przodk\u00f3w.","breadcrumb":{"@id":"https:\/\/www.sinchisinchi.com\/pl\/producto\/uroczyste-plemie-kakaowca-arhuaca-kolumbia\/#breadcrumb"},"inLanguage":"pl-PL","potentialAction":[{"@type":"ReadAction","target":["https:\/\/www.sinchisinchi.com\/pl\/producto\/uroczyste-plemie-kakaowca-arhuaca-kolumbia\/"]}]},{"@type":"ImageObject","inLanguage":"pl-PL","@id":"https:\/\/www.sinchisinchi.com\/pl\/producto\/uroczyste-plemie-kakaowca-arhuaca-kolumbia\/#primaryimage","url":"https:\/\/www.sinchisinchi.com\/wp-content\/uploads\/2024\/05\/2-Cacao-Ceremonaial1-1-1024x683-copia.jpg","contentUrl":"https:\/\/www.sinchisinchi.com\/wp-content\/uploads\/2024\/05\/2-Cacao-Ceremonaial1-1-1024x683-copia.jpg","width":1024,"height":683},{"@type":"BreadcrumbList","@id":"https:\/\/www.sinchisinchi.com\/pl\/producto\/uroczyste-plemie-kakaowca-arhuaca-kolumbia\/#breadcrumb","itemListElement":[{"@type":"ListItem","position":1,"name":"Pierwsza strona","item":"https:\/\/www.sinchisinchi.com\/pl\/"},{"@type":"ListItem","position":2,"name":"Produkty","item":"https:\/\/www.sinchisinchi.com\/pl\/shop\/"},{"@type":"ListItem","position":3,"name":"Plemi\u0119 kakaowca Arhuaca, Kolumbia"}]},{"@type":"WebSite","@id":"https:\/\/www.sinchisinchi.com\/pl\/#website","url":"https:\/\/www.sinchisinchi.com\/pl\/","name":"SINCHI","description":"Sinchi Medicine","publisher":{"@id":"https:\/\/www.sinchisinchi.com\/pl\/#organization"},"potentialAction":[{"@type":"SearchAction","target":{"@type":"EntryPoint","urlTemplate":"https:\/\/www.sinchisinchi.com\/pl\/?s={search_term_string}"},"query-input":{"@type":"PropertyValueSpecification","valueRequired":true,"valueName":"search_term_string"}}],"inLanguage":"pl-PL"},{"@type":"Organization","@id":"https:\/\/www.sinchisinchi.com\/pl\/#organization","name":"SINCHI S.L","url":"https:\/\/www.sinchisinchi.com\/pl\/","logo":{"@type":"ImageObject","inLanguage":"pl-PL","@id":"https:\/\/www.sinchisinchi.com\/pl\/#\/schema\/logo\/image\/","url":"https:\/\/www.sinchisinchi.com\/wp-content\/uploads\/2026\/01\/3b-Verde-SIMPLIFICADO-HORIZONTAL-F-TRANSPARENTE-scaled.png","contentUrl":"https:\/\/www.sinchisinchi.com\/wp-content\/uploads\/2026\/01\/3b-Verde-SIMPLIFICADO-HORIZONTAL-F-TRANSPARENTE-scaled.png","width":2560,"height":457,"caption":"SINCHI S.L"},"image":{"@id":"https:\/\/www.sinchisinchi.com\/pl\/#\/schema\/logo\/image\/"},"sameAs":["https:\/\/www.facebook.com\/sinchirape\/","https:\/\/www.instagram.com\/sinchi_rape\/"]}]}},"_links":{"self":[{"href":"https:\/\/www.sinchisinchi.com\/pl\/wp-json\/wp\/v2\/product\/14344","targetHints":{"allow":["GET"]}}],"collection":[{"href":"https:\/\/www.sinchisinchi.com\/pl\/wp-json\/wp\/v2\/product"}],"about":[{"href":"https:\/\/www.sinchisinchi.com\/pl\/wp-json\/wp\/v2\/types\/product"}],"wp:featuredmedia":[{"embeddable":true,"href":"https:\/\/www.sinchisinchi.com\/pl\/wp-json\/wp\/v2\/media\/15922"}],"wp:attachment":[{"href":"https:\/\/www.sinchisinchi.com\/pl\/wp-json\/wp\/v2\/media?parent=14344"}],"wp:term":[{"taxonomy":"product_brand","embeddable":true,"href":"https:\/\/www.sinchisinchi.com\/pl\/wp-json\/wp\/v2\/product_brand?post=14344"},{"taxonomy":"product_cat","embeddable":true,"href":"https:\/\/www.sinchisinchi.com\/pl\/wp-json\/wp\/v2\/product_cat?post=14344"},{"taxonomy":"product_tag","embeddable":true,"href":"https:\/\/www.sinchisinchi.com\/pl\/wp-json\/wp\/v2\/product_tag?post=14344"}],"curies":[{"name":"wp","href":"https:\/\/api.w.org\/{rel}","templated":true}]}}