{"id":14548,"date":"2024-05-27T12:14:26","date_gmt":"2024-05-27T12:14:26","guid":{"rendered":"https:\/\/www.sinchisinchi.com\/producto\/uroczyste-kakao-wewnetrzny-ogien\/"},"modified":"2024-07-04T11:41:20","modified_gmt":"2024-07-04T11:41:20","slug":"uroczyste-kakao-wewnetrzny-ogien","status":"publish","type":"product","link":"https:\/\/www.sinchisinchi.com\/pl\/producto\/uroczyste-kakao-wewnetrzny-ogien\/","title":{"rendered":"Uroczyste Kakao &#8222;Wewn\u0119trzny Ogie\u0144\u201d"},"content":{"rendered":"<h3 style=\"text-align: center;\"><strong><span style=\"color: #000000;\">Rodzima wioska Q&#8217;eqchi<\/span><\/strong><\/h3>\n<p><span style=\"color: #000000;\">Q&#8217;eqchi&#8217; to lud Maj\u00f3w, kt\u00f3ry nadal istnieje w Gwatemali. Osiedlili si\u0119 wok\u00f3\u0142 wzg\u00f3rz w pobli\u017cu rzek Chixoy i Polochic oko\u0142o roku 600 p.n.e. i mieli kontakt ze staro\u017cytnymi cywilizacjami, takimi jak Pipil, Toltekowie, Chichimeca i wielkimi miastami Maj\u00f3w.<\/span><\/p>\n<p><span style=\"color: #000000;\">Kakaw to staro\u017cytny nap\u00f3j Maj\u00f3w Q&#8217;eqchi, u\u017cywany podczas wielu ceremonii Maj\u00f3w.<\/span><\/p>\n<p><span style=\"color: #000000;\">W g\u00f3rzystym regionie Alta Verapaz w Gwatemali rdzenni rolnicy Q&#8217;eqchi uprawiaj\u0105 jedne z najlepszych kakao na \u015bwiecie.<\/span><\/p>\n<p><span style=\"color: #000000;\">W ekoregionie Lachu\u00e1 znajduje si\u0119 pi\u0119kna laguna uznawana za park narodowy od 1976 roku: laguna Lachu\u00e1, wok\u00f3\u0142 kt\u00f3rej \u017cyj\u0105 liczne rodziny Maj\u00f3w Q&#8217;eqchi&#8217;, zajmuj\u0105ce si\u0119 g\u0142\u00f3wnie upraw\u0105 kakao.<\/span><\/p>\n<p><span style=\"color: #000000;\">A\u017c do przybycia Hiszpan\u00f3w rz\u0105dzili nimi wodzowie, kt\u00f3rzy z kolei byli zale\u017cni od wielkiego pana wybranego przez wszystkich wodz\u00f3w.<\/span><\/p>\n<p><span style=\"color: #000000;\">Stanowiska archeologiczne ze \u015bladami konstrukcji z kamienia jateado to Chajkar, Chimax, Chinama, Ku&#8217;k&#8217;uch w Chinapet\u00e9n i za Kalwari\u0105 San Pedro Carch\u00e1. Kalwaria w Cob\u00e1n jest jednym z najwa\u017cniejszych o\u015brodk\u00f3w ceremonialnych Maj\u00f3w.<\/span><\/p>\n<p><span style=\"color: #000000;\">G\u0142\u00f3wn\u0105 dzia\u0142alno\u015bci\u0105 gospodarcz\u0105 jest rolnictwo; Sadzone s\u0105 kukurydza i fasola, kt\u00f3re stanowi\u0105 rodzinne po\u017cywienie, uzupe\u0142nione hodowl\u0105 ptak\u00f3w, \u015bwi\u0144 i innych zwierz\u0105t domowych.<\/span><\/p>\n<p><span style=\"color: #000000;\">Jego imi\u0119 zapisuje si\u0119 jako Kekch\u00ed (wed\u0142ug obecnej pisowni) lub Q&#8217;eqchi&#8217; (wed\u0142ug staro\u017cytnej pisowni).<\/span><\/p>\n<h3 style=\"text-align: center;\"><strong><span style=\"color: #000000;\">Rodzima wioska Mop\u00e1n<\/span><\/strong><\/h3>\n<p><span style=\"color: #000000;\">Mieszka\u0144cy Mop\u00e1n to jedno z miast Maj\u00f3w w Belize i Gwatemali w departamencie Pet\u00e9n. Ich rodzimy j\u0119zyk nazywany jest tak\u017ce Mop\u00e1n i jest jednym z j\u0119zyk\u00f3w Maj\u00f3w na Jukatece z Meksyku, uwa\u017canym za j\u0119zyk zagro\u017cony wygini\u0119ciem.<\/span><\/p>\n<p><span style=\"color: #000000;\">Ich dieta opiera si\u0119 na kukurydzy, z kt\u00f3rej wywodzi si\u0119 wiele tradycyjnych receptur: nuk (bun), tait (tait (tamale kukurydziane), k&#8217;a k&#8217;aan ek&#8217;en (oset w\u0119dzony), chu&#8217; uk wa ( s\u0142odki tost).<\/span><\/p>\n<p><span style=\"color: #000000;\">Spo\u0142eczno\u015b\u0107 Mop\u00e1n specjalizuje si\u0119 w hafcie na tkaninach, z kt\u00f3rego szyje koszule, bluzki, torby, uchwyty na p\u0119dzle, obrusy i pokrowce. Do tworzenia haft\u00f3w wykorzystuje si\u0119 tkanin\u0119 dakronow\u0105, we\u0142n\u0119 i ni\u0107.<\/span><\/p>\n<p><span style=\"color: #000000;\">J\u0119zyk Mop\u00e1n nale\u017cy do rodziny j\u0119zyk\u00f3w Maj\u00f3w z Meksyku. Chocia\u017c j\u0119zyk ten podupad\u0142 pod wp\u0142ywem j\u0119zyka hiszpa\u0144skiego i angielskiego, nadal jest u\u017cywany w wielu spo\u0142eczno\u015bciach Mopan. Niekt\u00f3re popularne s\u0142owa w j\u0119zyku Mop\u00e1n to \u201eK\u2019iche\u201d (las), \u201eNo\u2019j\u201d (m\u0105dro\u015b\u0107) i \u201eTz\u2019ikin\u201d (ptak). Zachowanie ich j\u0119zyka jest postrzegane jako kluczowy element przetrwania ich kultury.<\/span><\/p>\n<p><span style=\"color: #000000;\">Obecnie Mop\u00e1nowie stoj\u0105 przed wieloma wyzwaniami, do kt\u00f3rych zalicza si\u0119 zachowanie swojej kultury i ziem w obliczu modernizacji i globalizacji, utrzymanie przy \u017cyciu tradycji i j\u0119zyka, dostosowywanie si\u0119 do zmian bez utraty ich istoty.<\/span><\/p>\n<p><span style=\"color: #000000;\">\u015awiatopogl\u0105d Mop\u00e1n rozumie \u015bwiat jako wzajemnie powi\u0105zan\u0105 ca\u0142o\u015b\u0107, w kt\u00f3rej ka\u017cdy element, ludzki, zwierz\u0119cy czy naturalny, odgrywa istotn\u0105 rol\u0119. Ten \u015bwiatopogl\u0105d wp\u0142ywa na wszystkie aspekty ich \u017cycia, od rolnictwa po relacje spo\u0142eczne.<\/span><\/p>\n<p>&nbsp;<\/p>\n<h3 style=\"text-align: center;\"><strong><span style=\"color: #000000;\">Pieprz Cayenne<\/span><\/strong><\/h3>\n<p><span style=\"color: #000000;\">Znany i spo\u017cywany od czas\u00f3w Maj\u00f3w i Aztek\u00f3w, ceni\u0142 pieprz cayenne za jego w\u0142a\u015bciwo\u015bci lecznicze i duchowe, a tak\u017ce wykorzystywa\u0142 go jako naturalny \u015brodek dezynfekuj\u0105cy i przeciwzapalny.<\/span><\/p>\n<p><span style=\"color: #000000;\">Zwi\u0119ksza wra\u017cliwo\u015b\u0107 zako\u0144cze\u0144 nerwowych, stymuluj\u0105c wydzielanie endorfin, dlatego uznawana jest za swoje w\u0142a\u015bciwo\u015bci afrodyzjaku.<\/span><\/p>\n<p><span style=\"color: #000000;\">Wed\u0142ug legendy to, co Aztekowie nazywali chili, zosta\u0142o przez Krzysztofa Kolumba pomylone z tak po\u017c\u0105danym w Hiszpanii pieprzem. A przypraw\u0119 t\u0119 sprowadzono z Gujany Francuskiej, jednak Genue\u0144czycy nie zdawali sobie sprawy, \u017ce chili jest ostre, b\u0142\u0119dnie nazywaj\u0105c j\u0105 pieprzem cayenne.<\/span><\/p>\n<h3 style=\"text-align: center;\"><strong><span style=\"color: #000000;\">&#8222;Celian Cynamon\u201d i Majowie\/Aztekowie<\/span><\/strong><\/h3>\n<p><span style=\"color: #000000;\">W staro\u017cytno\u015bci cynamon (Cinnamomun Verum) by\u0142 cenniejszy ni\u017c jego waga w z\u0142ocie i kojarzony by\u0142 z rytua\u0142ami po\u015bwi\u0119cenia lub przyjemno\u015bci.<\/span><\/p>\n<p><span style=\"color: #000000;\">Cynamon pochodzi ze Sri Lanki (Cejlon), Birmy i Indii, jego kora jest pikantna i s\u0142odka w smaku.<\/span><\/p>\n<p><span style=\"color: #000000;\">Cynamon to jedna z przypraw o najwi\u0119kszej sile przeciwutleniaj\u0105cej dzi\u0119ki zawarto\u015bci fenoli i flawonoid\u00f3w. Jest bogaty w witaminy B1 i C oraz minera\u0142y takie jak fosfor, wap\u0144, \u017celazo i potas.<\/span><\/p>\n<p><span style=\"color: #000000;\">Tradycyjna medycyna chi\u0144ska uwa\u017ca je za zio\u0142o Yang (w\u0142a\u015bciwo\u015bci rozgrzewaj\u0105ce), poniewa\u017c jest ostre, s\u0142odkie, a zatem bogate w w\u0142a\u015bciwo\u015bci trawienne, wzmagaj\u0105ce wewn\u0119trzny ogie\u0144.<\/span><\/p>\n<h3 style=\"text-align: center;\"><strong><span style=\"color: #000000;\">Wanilia i Totonako, Majowie i Aztekowie<\/span><\/strong><\/h3>\n<p><span style=\"color: #000000;\">Wanili\u0119 odkry\u0142a kultura Totonac, kt\u00f3ra nazwa\u0142a j\u0105 \u201eXanath\u201d, co oznacza \u201eczarny kwiat\u201d. Wanilia by\u0142a jedn\u0105 z najwa\u017cniejszych ro\u015blin, podobnie jak kukurydza reprezentowana przez Aztek\u00f3w, Teotihuakan\u00f3w, Maj\u00f3w i Olmek\u00f3w.<\/span><\/p>\n<p><span style=\"color: #000000;\">Wanilia, kakao, annato i kukurydza by\u0142y sk\u0142adnikami xocolatl, napoju kakaowego, kt\u00f3ry o\u017cywia\u0142 polityczne i szlacheckie spotkania cywilizacji Maj\u00f3w i Aztek\u00f3w; ten ostatni wiedzia\u0142 wanilia o nazwie \u201etlilxochitl\u201d.<\/span><\/p>\n<p><span style=\"color: #000000;\">Wanilia jest kobiet\u0105, kojarzy si\u0119 z planet\u0105 Wenus i \u017cywio\u0142em wody.<\/span><\/p>\n<p><span style=\"color: #000000;\">Tradycyjnie u\u017cywa si\u0119 go ze wzgl\u0119du na jego w\u0142a\u015bciwo\u015bci zwi\u0105zane z mi\u0142o\u015bci\u0105, po\u017c\u0105daniem seksualnym i w\u0142adzami umys\u0142owymi.<\/span><\/p>\n<p><span style=\"color: #000000;\">Aromat wanilii ma silne w\u0142a\u015bciwo\u015bci uspokajaj\u0105ce i koj\u0105ce. Dzi\u0119ki sk\u0142adnikowi aktywnemu, kwasowi wanilinowemu, zwi\u0119ksza naturalne wydzielanie serotoniny i dopaminy. Zar\u00f3wno po spo\u017cyciu, jak i wdychaniu jego aromatu, ma dzia\u0142anie przeciwb\u00f3lowe.<\/span><\/p>\n","protected":false},"excerpt":{"rendered":"<p><span style=\"color: #000000;\">Kakao ceremonialne z tradycyjnymi przyprawami Maj\u00f3w, uprawiane i zbierane przez rodzime <strong>plemiona Maj\u00f3w z po\u0142udniowego Belize<\/strong>.<\/span><\/p>\n<p><span style=\"color: #000000;\">Tradycyjne przyprawy uszlachetniaj\u0105 i intensyfikuj\u0105 silne w\u0142a\u015bciwo\u015bci kakao oraz aktywuj\u0105 wewn\u0119trzny ogie\u0144; Ta wykwintna mieszanka zawiera <strong>pieprz cayenne, cynamon celia\u0144ski i wanili\u0119.<\/strong><\/span><\/p>\n<p><span style=\"color: #000000;\">Rdzenni Majowie uwa\u017caj\u0105 kakao za \u015bwi\u0119t\u0105 ro\u015blin\u0119, kt\u00f3ra leczy i od\u017cywia cia\u0142o, umys\u0142 i ducha.<\/span><\/p>\n<p><span style=\"color: #000000;\">Te rodzime ziarna kakaowca uprawiane s\u0105 w spos\u00f3b naturalny, tak jak tysi\u0105ce lat temu, w harmonii z drzewami ananasa, wanilii i Mapacho.<\/span><\/p>\n<p><span style=\"color: #000000;\"><strong>Pieprz cayenne:<\/strong> Jest to przyprawa tradycyjnie u\u017cywana przez Maj\u00f3w w celu wzmocnienia leczniczych w\u0142a\u015bciwo\u015bci kakao. Zwi\u0119ksza przep\u0142yw krwi i ilo\u015b\u0107 ciep\u0142a wytwarzanego przez organizm, rozpalaj\u0105c ogie\u0144 wewn\u0105trz.<\/span><\/p>\n<p><span style=\"color: #000000;\"><strong>Cynamon cejlo\u0144ski:<\/strong> Jest to tradycyjny cynamon, kt\u00f3ry poprawia kr\u0105\u017cenie, jest bogaty w przeciwutleniacze i aldehyd cynamonowy, kt\u00f3ry ma silne w\u0142a\u015bciwo\u015bci przeciwgrzybicze i antybakteryjne.<\/span><\/p>\n<p><span style=\"color: #000000;\">Wanilia: Mieszanka kakao i wanilii tworzy doskona\u0142\u0105 symbioz\u0119. Zar\u00f3wno Aztekowie, jak i Majowie u\u017cywali wanilii jako dodatku do kakao i jako afrodyzjaku.<\/span><\/p>\n<p><span style=\"color: #000000;\">Typ: kakao klasy ceremonialnej.<\/span><\/p>\n<p><span style=\"color: #000000;\">Sk\u0142adniki: Kakao ceremonialne, pieprz cayenne, cynamon cejlo\u0144ski i wanilia.<\/span><\/p>\n<p><span style=\"color: #000000;\">Pochodzenie: plemiona Maj\u00f3w z po\u0142udniowego Belize.<\/span><\/p>\n<p><span style=\"color: #000000;\">Prezentacja: Blok kakaowy.<\/span><\/p>\n<p><span style=\"color: #000000;\">Rozmiar: 500 gram\u00f3w.<\/span><\/p>\n","protected":false},"featured_media":14387,"template":"","meta":{"_joinchat":[]},"product_brand":[],"product_cat":[518,405],"product_tag":[],"class_list":{"0":"post-14548","1":"product","2":"type-product","3":"status-publish","4":"has-post-thumbnail","6":"product_cat-ceremonialnym","7":"product_cat-kakao-pl","9":"first","10":"instock","11":"taxable","12":"shipping-taxable","13":"purchasable","14":"product-type-simple"},"yoast_head":"<!-- This site is optimized with the Yoast SEO plugin v27.1.1 - https:\/\/yoast.com\/product\/yoast-seo-wordpress\/ -->\n<title>Maja\u0144ski ceremonialny wewn\u0119trzny ogie\u0144 kakaowy: cynamon, pieprz i wanilia<\/title>\n<meta name=\"description\" content=\"Kakao ceremonialne z tradycyjnymi przyprawami Maj\u00f3w, uprawiane i zbierane przez rodzime plemiona Maj\u00f3w z po\u0142udniowego Belize.\" \/>\n<meta name=\"robots\" content=\"index, follow, max-snippet:-1, max-image-preview:large, max-video-preview:-1\" \/>\n<link rel=\"canonical\" href=\"https:\/\/www.sinchisinchi.com\/pl\/producto\/uroczyste-kakao-wewnetrzny-ogien\/\" \/>\n<meta property=\"og:locale\" content=\"pl_PL\" \/>\n<meta property=\"og:type\" content=\"article\" \/>\n<meta property=\"og:title\" content=\"Maja\u0144ski ceremonialny wewn\u0119trzny ogie\u0144 kakaowy: cynamon, pieprz i wanilia\" \/>\n<meta property=\"og:description\" content=\"Kakao ceremonialne z tradycyjnymi przyprawami Maj\u00f3w, uprawiane i zbierane przez rodzime plemiona Maj\u00f3w z po\u0142udniowego Belize.\" \/>\n<meta property=\"og:url\" content=\"https:\/\/www.sinchisinchi.com\/pl\/producto\/uroczyste-kakao-wewnetrzny-ogien\/\" \/>\n<meta property=\"og:site_name\" content=\"SINCHI RAP\u00c9\" \/>\n<meta property=\"article:publisher\" content=\"https:\/\/www.facebook.com\/sinchirape\/\" \/>\n<meta property=\"article:modified_time\" content=\"2024-07-04T11:41:20+00:00\" \/>\n<meta property=\"og:image\" content=\"https:\/\/www.sinchisinchi.com\/wp-content\/uploads\/2024\/05\/Cacao-ceremonial-taza1.jpeg\" \/>\n\t<meta property=\"og:image:width\" content=\"1024\" \/>\n\t<meta property=\"og:image:height\" content=\"683\" \/>\n\t<meta property=\"og:image:type\" content=\"image\/jpeg\" \/>\n<meta name=\"twitter:card\" content=\"summary_large_image\" \/>\n<meta name=\"twitter:label1\" content=\"Szacowany czas czytania\" \/>\n\t<meta name=\"twitter:data1\" content=\"4 minuty\" \/>\n<script type=\"application\/ld+json\" class=\"yoast-schema-graph\">{\"@context\":\"https:\/\/schema.org\",\"@graph\":[{\"@type\":\"WebPage\",\"@id\":\"https:\/\/www.sinchisinchi.com\/pl\/producto\/uroczyste-kakao-wewnetrzny-ogien\/\",\"url\":\"https:\/\/www.sinchisinchi.com\/pl\/producto\/uroczyste-kakao-wewnetrzny-ogien\/\",\"name\":\"Maja\u0144ski ceremonialny wewn\u0119trzny ogie\u0144 kakaowy: cynamon, pieprz i wanilia\",\"isPartOf\":{\"@id\":\"https:\/\/www.sinchisinchi.com\/pl\/#website\"},\"primaryImageOfPage\":{\"@id\":\"https:\/\/www.sinchisinchi.com\/pl\/producto\/uroczyste-kakao-wewnetrzny-ogien\/#primaryimage\"},\"image\":{\"@id\":\"https:\/\/www.sinchisinchi.com\/pl\/producto\/uroczyste-kakao-wewnetrzny-ogien\/#primaryimage\"},\"thumbnailUrl\":\"https:\/\/www.sinchisinchi.com\/wp-content\/uploads\/2024\/05\/Cacao-ceremonial-taza1.jpeg\",\"datePublished\":\"2024-05-27T12:14:26+00:00\",\"dateModified\":\"2024-07-04T11:41:20+00:00\",\"description\":\"Kakao ceremonialne z tradycyjnymi przyprawami Maj\u00f3w, uprawiane i zbierane przez rodzime plemiona Maj\u00f3w z po\u0142udniowego Belize.\",\"breadcrumb\":{\"@id\":\"https:\/\/www.sinchisinchi.com\/pl\/producto\/uroczyste-kakao-wewnetrzny-ogien\/#breadcrumb\"},\"inLanguage\":\"pl-PL\",\"potentialAction\":[{\"@type\":\"ReadAction\",\"target\":[\"https:\/\/www.sinchisinchi.com\/pl\/producto\/uroczyste-kakao-wewnetrzny-ogien\/\"]}]},{\"@type\":\"ImageObject\",\"inLanguage\":\"pl-PL\",\"@id\":\"https:\/\/www.sinchisinchi.com\/pl\/producto\/uroczyste-kakao-wewnetrzny-ogien\/#primaryimage\",\"url\":\"https:\/\/www.sinchisinchi.com\/wp-content\/uploads\/2024\/05\/Cacao-ceremonial-taza1.jpeg\",\"contentUrl\":\"https:\/\/www.sinchisinchi.com\/wp-content\/uploads\/2024\/05\/Cacao-ceremonial-taza1.jpeg\",\"width\":1024,\"height\":683,\"caption\":\"Zdj\u0119cie ceremonialnego kakao\"},{\"@type\":\"BreadcrumbList\",\"@id\":\"https:\/\/www.sinchisinchi.com\/pl\/producto\/uroczyste-kakao-wewnetrzny-ogien\/#breadcrumb\",\"itemListElement\":[{\"@type\":\"ListItem\",\"position\":1,\"name\":\"Pierwsza strona\",\"item\":\"https:\/\/www.sinchisinchi.com\/pl\/\"},{\"@type\":\"ListItem\",\"position\":2,\"name\":\"Produkty\",\"item\":\"https:\/\/www.sinchisinchi.com\/pl\/shop\/\"},{\"@type\":\"ListItem\",\"position\":3,\"name\":\"Uroczyste Kakao &#8220;Wewn\u0119trzny Ogie\u0144\u201d\"}]},{\"@type\":\"WebSite\",\"@id\":\"https:\/\/www.sinchisinchi.com\/pl\/#website\",\"url\":\"https:\/\/www.sinchisinchi.com\/pl\/\",\"name\":\"SINCHI\",\"description\":\"Sinchi Medicine\",\"publisher\":{\"@id\":\"https:\/\/www.sinchisinchi.com\/pl\/#organization\"},\"potentialAction\":[{\"@type\":\"SearchAction\",\"target\":{\"@type\":\"EntryPoint\",\"urlTemplate\":\"https:\/\/www.sinchisinchi.com\/pl\/?s={search_term_string}\"},\"query-input\":{\"@type\":\"PropertyValueSpecification\",\"valueRequired\":true,\"valueName\":\"search_term_string\"}}],\"inLanguage\":\"pl-PL\"},{\"@type\":\"Organization\",\"@id\":\"https:\/\/www.sinchisinchi.com\/pl\/#organization\",\"name\":\"SINCHI S.L\",\"url\":\"https:\/\/www.sinchisinchi.com\/pl\/\",\"logo\":{\"@type\":\"ImageObject\",\"inLanguage\":\"pl-PL\",\"@id\":\"https:\/\/www.sinchisinchi.com\/pl\/#\/schema\/logo\/image\/\",\"url\":\"https:\/\/www.sinchisinchi.com\/wp-content\/uploads\/2026\/01\/3b-Verde-SIMPLIFICADO-HORIZONTAL-F-TRANSPARENTE-scaled.png\",\"contentUrl\":\"https:\/\/www.sinchisinchi.com\/wp-content\/uploads\/2026\/01\/3b-Verde-SIMPLIFICADO-HORIZONTAL-F-TRANSPARENTE-scaled.png\",\"width\":2560,\"height\":457,\"caption\":\"SINCHI S.L\"},\"image\":{\"@id\":\"https:\/\/www.sinchisinchi.com\/pl\/#\/schema\/logo\/image\/\"},\"sameAs\":[\"https:\/\/www.facebook.com\/sinchirape\/\",\"https:\/\/www.instagram.com\/sinchi_rape\/\"]}]}<\/script>\n<!-- \/ Yoast SEO plugin. -->","yoast_head_json":{"title":"Maja\u0144ski ceremonialny wewn\u0119trzny ogie\u0144 kakaowy: cynamon, pieprz i wanilia","description":"Kakao ceremonialne z tradycyjnymi przyprawami Maj\u00f3w, uprawiane i zbierane przez rodzime plemiona Maj\u00f3w z po\u0142udniowego Belize.","robots":{"index":"index","follow":"follow","max-snippet":"max-snippet:-1","max-image-preview":"max-image-preview:large","max-video-preview":"max-video-preview:-1"},"canonical":"https:\/\/www.sinchisinchi.com\/pl\/producto\/uroczyste-kakao-wewnetrzny-ogien\/","og_locale":"pl_PL","og_type":"article","og_title":"Maja\u0144ski ceremonialny wewn\u0119trzny ogie\u0144 kakaowy: cynamon, pieprz i wanilia","og_description":"Kakao ceremonialne z tradycyjnymi przyprawami Maj\u00f3w, uprawiane i zbierane przez rodzime plemiona Maj\u00f3w z po\u0142udniowego Belize.","og_url":"https:\/\/www.sinchisinchi.com\/pl\/producto\/uroczyste-kakao-wewnetrzny-ogien\/","og_site_name":"SINCHI RAP\u00c9","article_publisher":"https:\/\/www.facebook.com\/sinchirape\/","article_modified_time":"2024-07-04T11:41:20+00:00","og_image":[{"width":1024,"height":683,"url":"https:\/\/www.sinchisinchi.com\/wp-content\/uploads\/2024\/05\/Cacao-ceremonial-taza1.jpeg","type":"image\/jpeg"}],"twitter_card":"summary_large_image","twitter_misc":{"Szacowany czas czytania":"4 minuty"},"schema":{"@context":"https:\/\/schema.org","@graph":[{"@type":"WebPage","@id":"https:\/\/www.sinchisinchi.com\/pl\/producto\/uroczyste-kakao-wewnetrzny-ogien\/","url":"https:\/\/www.sinchisinchi.com\/pl\/producto\/uroczyste-kakao-wewnetrzny-ogien\/","name":"Maja\u0144ski ceremonialny wewn\u0119trzny ogie\u0144 kakaowy: cynamon, pieprz i wanilia","isPartOf":{"@id":"https:\/\/www.sinchisinchi.com\/pl\/#website"},"primaryImageOfPage":{"@id":"https:\/\/www.sinchisinchi.com\/pl\/producto\/uroczyste-kakao-wewnetrzny-ogien\/#primaryimage"},"image":{"@id":"https:\/\/www.sinchisinchi.com\/pl\/producto\/uroczyste-kakao-wewnetrzny-ogien\/#primaryimage"},"thumbnailUrl":"https:\/\/www.sinchisinchi.com\/wp-content\/uploads\/2024\/05\/Cacao-ceremonial-taza1.jpeg","datePublished":"2024-05-27T12:14:26+00:00","dateModified":"2024-07-04T11:41:20+00:00","description":"Kakao ceremonialne z tradycyjnymi przyprawami Maj\u00f3w, uprawiane i zbierane przez rodzime plemiona Maj\u00f3w z po\u0142udniowego Belize.","breadcrumb":{"@id":"https:\/\/www.sinchisinchi.com\/pl\/producto\/uroczyste-kakao-wewnetrzny-ogien\/#breadcrumb"},"inLanguage":"pl-PL","potentialAction":[{"@type":"ReadAction","target":["https:\/\/www.sinchisinchi.com\/pl\/producto\/uroczyste-kakao-wewnetrzny-ogien\/"]}]},{"@type":"ImageObject","inLanguage":"pl-PL","@id":"https:\/\/www.sinchisinchi.com\/pl\/producto\/uroczyste-kakao-wewnetrzny-ogien\/#primaryimage","url":"https:\/\/www.sinchisinchi.com\/wp-content\/uploads\/2024\/05\/Cacao-ceremonial-taza1.jpeg","contentUrl":"https:\/\/www.sinchisinchi.com\/wp-content\/uploads\/2024\/05\/Cacao-ceremonial-taza1.jpeg","width":1024,"height":683,"caption":"Zdj\u0119cie ceremonialnego kakao"},{"@type":"BreadcrumbList","@id":"https:\/\/www.sinchisinchi.com\/pl\/producto\/uroczyste-kakao-wewnetrzny-ogien\/#breadcrumb","itemListElement":[{"@type":"ListItem","position":1,"name":"Pierwsza strona","item":"https:\/\/www.sinchisinchi.com\/pl\/"},{"@type":"ListItem","position":2,"name":"Produkty","item":"https:\/\/www.sinchisinchi.com\/pl\/shop\/"},{"@type":"ListItem","position":3,"name":"Uroczyste Kakao &#8220;Wewn\u0119trzny Ogie\u0144\u201d"}]},{"@type":"WebSite","@id":"https:\/\/www.sinchisinchi.com\/pl\/#website","url":"https:\/\/www.sinchisinchi.com\/pl\/","name":"SINCHI","description":"Sinchi Medicine","publisher":{"@id":"https:\/\/www.sinchisinchi.com\/pl\/#organization"},"potentialAction":[{"@type":"SearchAction","target":{"@type":"EntryPoint","urlTemplate":"https:\/\/www.sinchisinchi.com\/pl\/?s={search_term_string}"},"query-input":{"@type":"PropertyValueSpecification","valueRequired":true,"valueName":"search_term_string"}}],"inLanguage":"pl-PL"},{"@type":"Organization","@id":"https:\/\/www.sinchisinchi.com\/pl\/#organization","name":"SINCHI S.L","url":"https:\/\/www.sinchisinchi.com\/pl\/","logo":{"@type":"ImageObject","inLanguage":"pl-PL","@id":"https:\/\/www.sinchisinchi.com\/pl\/#\/schema\/logo\/image\/","url":"https:\/\/www.sinchisinchi.com\/wp-content\/uploads\/2026\/01\/3b-Verde-SIMPLIFICADO-HORIZONTAL-F-TRANSPARENTE-scaled.png","contentUrl":"https:\/\/www.sinchisinchi.com\/wp-content\/uploads\/2026\/01\/3b-Verde-SIMPLIFICADO-HORIZONTAL-F-TRANSPARENTE-scaled.png","width":2560,"height":457,"caption":"SINCHI S.L"},"image":{"@id":"https:\/\/www.sinchisinchi.com\/pl\/#\/schema\/logo\/image\/"},"sameAs":["https:\/\/www.facebook.com\/sinchirape\/","https:\/\/www.instagram.com\/sinchi_rape\/"]}]}},"_links":{"self":[{"href":"https:\/\/www.sinchisinchi.com\/pl\/wp-json\/wp\/v2\/product\/14548","targetHints":{"allow":["GET"]}}],"collection":[{"href":"https:\/\/www.sinchisinchi.com\/pl\/wp-json\/wp\/v2\/product"}],"about":[{"href":"https:\/\/www.sinchisinchi.com\/pl\/wp-json\/wp\/v2\/types\/product"}],"wp:featuredmedia":[{"embeddable":true,"href":"https:\/\/www.sinchisinchi.com\/pl\/wp-json\/wp\/v2\/media\/14387"}],"wp:attachment":[{"href":"https:\/\/www.sinchisinchi.com\/pl\/wp-json\/wp\/v2\/media?parent=14548"}],"wp:term":[{"taxonomy":"product_brand","embeddable":true,"href":"https:\/\/www.sinchisinchi.com\/pl\/wp-json\/wp\/v2\/product_brand?post=14548"},{"taxonomy":"product_cat","embeddable":true,"href":"https:\/\/www.sinchisinchi.com\/pl\/wp-json\/wp\/v2\/product_cat?post=14548"},{"taxonomy":"product_tag","embeddable":true,"href":"https:\/\/www.sinchisinchi.com\/pl\/wp-json\/wp\/v2\/product_tag?post=14548"}],"curies":[{"name":"wp","href":"https:\/\/api.w.org\/{rel}","templated":true}]}}