{"id":14552,"date":"2024-05-27T12:25:28","date_gmt":"2024-05-27T12:25:28","guid":{"rendered":"https:\/\/www.sinchisinchi.com\/producto\/14552\/"},"modified":"2024-07-04T11:38:26","modified_gmt":"2024-07-04T11:38:26","slug":"14552","status":"publish","type":"product","link":"https:\/\/www.sinchisinchi.com\/pl\/producto\/14552\/","title":{"rendered":"Uroczyste kakao \u201ePrzepis na pasj\u0119\u201d"},"content":{"rendered":"<h2 style=\"text-align: center;\"><strong>R\u00f3\u017ce, w\u0142a\u015bciwo\u015bci duchowe:<\/strong><\/h2>\n<p>Uprawa r\u00f3\u017c rozpocz\u0119\u0142a si\u0119 w Azji oko\u0142o 5000 lat temu i od tego czasu s\u0105 one symbolem mi\u0142o\u015bci, romantyzmu, czysto\u015bci, oddania, pi\u0119kna i duchowo\u015bci.<\/p>\n<p>W micie o Adonisie (b\u00f3stwie fenickim z Tyru) krew przelana w wyniku zranienia przez dzika powoduje, \u017ce wyrastaj\u0105 czerwone r\u00f3\u017ce lub czyni je czerwonymi.<\/p>\n<p>R\u00f3\u017ca jest kobieca, zwi\u0105zana jest z planet\u0105 Wenus i \u017cywio\u0142em wody.<\/p>\n<p>Bogowie zwi\u0105zani z r\u00f3\u017c\u0105 to Hathor, Hulda, Eros, Kupidyn, Demeter, Izyda, Harpokrates i Aurora.<\/p>\n<p>Tradycyjnie u\u017cywa si\u0119 go ze wzgl\u0119du na jego w\u0142a\u015bciwo\u015bci zwi\u0105zane z mi\u0142o\u015bci\u0105, mocami psychicznymi, uzdrawianiem, wr\u00f3\u017ceniem mi\u0142o\u015bci, szcz\u0119\u015bciem i ochron\u0105.<\/p>\n","protected":false},"excerpt":{"rendered":"<p><span style=\"color: #000000;\">Ceremonialne kakao ze staro\u017cytnych ziem Maj\u00f3w, z Mucuma Puriens, r\u00f3\u017cami i wanili\u0105.<\/span><\/p>\n<p><span style=\"color: #000000;\"><strong>Mucuna Pruriens<\/strong> to zio\u0142o u\u017cywane przez rdzenne plemiona od tysi\u0119cy lat w celu poprawy nastroju oraz jako superfood. Dopamina jest neuroprzeka\u017anikiem zwi\u0105zanym z uczuciem <strong>rado\u015bci i szcz\u0119\u015bcia<\/strong>; Mucuna Pruriens jest jednym z niewielu naturalnych \u017ar\u00f3de\u0142 <strong>L-Dopy<\/strong>, naturalnego aminokwasu, kt\u00f3ry w m\u00f3zgu przekszta\u0142ca si\u0119 w dopamin\u0119. Fasola ta poprawia zdolno\u015bci poznawcze, funkcjonowanie seksualne i stan emocjonalny.<\/span><\/p>\n<p><span style=\"color: #000000;\">R\u00f3\u017ca to kwiat pe\u0142en symboliki i w\u0142a\u015bciwo\u015bci duchowych. Wed\u0142ug mitologii greckiej jej narodziny by\u0142y wynikiem kropli krwi Wenus i Adonisa. Ze wzgl\u0119du na swoje wielkie pi\u0119kno i krucho\u015b\u0107 p\u0142atk\u00f3w jest symbolem mi\u0142o\u015bci, \u017cycia, kobieco\u015bci, kreacji i duchowego po\u0142\u0105czenia.<\/span><\/p>\n<p>&nbsp;<\/p>\n<p><span style=\"color: #000000;\"><strong>Typ:<\/strong> kakao klasy ceremonialnej.<\/span><\/p>\n<p><span style=\"color: #000000;\"><strong>Sk\u0142adniki:<\/strong> Kakao ceremonialne, Mucuna Pruriens, wanilia i r\u00f3\u017ce. <\/span><\/p>\n<p><span style=\"color: #000000;\"><strong>Pochodzenie:<\/strong> staro\u017cytne ziemie Maj\u00f3w.<\/span><\/p>\n<p><span style=\"color: #000000;\"><strong>Prezentacja:<\/strong> Blok kakaowy.<\/span><\/p>\n<p><span style=\"color: #000000;\"><strong>Rozmiar:<\/strong> 500 gram\u00f3w.<\/span><\/p>\n<p><span style=\"color: #000000;\"><strong>Przechowywanie:<\/strong> Przechowywa\u0107 w ch\u0142odnym i suchym miejscu, z dala od bezpo\u015bredniego \u015bwiat\u0142a s\u0142onecznego.<\/span><\/p>\n","protected":false},"featured_media":14400,"template":"","meta":{"_joinchat":[]},"product_brand":[],"product_cat":[518,405],"product_tag":[],"class_list":{"0":"post-14552","1":"product","2":"type-product","3":"status-publish","4":"has-post-thumbnail","6":"product_cat-ceremonialnym","7":"product_cat-kakao-pl","9":"first","10":"instock","11":"taxable","12":"shipping-taxable","13":"purchasable","14":"product-type-simple"},"yoast_head":"<!-- This site is optimized with the Yoast SEO plugin v27.4 - https:\/\/yoast.com\/product\/yoast-seo-wordpress\/ -->\n<title>Kakao Mayan Passion: \u015bluz, r\u00f3\u017ce i wanilia<\/title>\n<meta name=\"description\" content=\"Ceremonialne kakao Maj\u00f3w: Kakao mia\u0142o ogromne znaczenie w cywilizacjach Toltek\u00f3w, Aztek\u00f3w i Maj\u00f3w, gdzie sta\u0142o si\u0119 cenne jak z\u0142oto.\" \/>\n<meta name=\"robots\" content=\"index, follow, max-snippet:-1, max-image-preview:large, max-video-preview:-1\" \/>\n<link rel=\"canonical\" href=\"https:\/\/www.sinchisinchi.com\/pl\/producto\/14552\/\" \/>\n<meta property=\"og:locale\" content=\"pl_PL\" \/>\n<meta property=\"og:type\" content=\"article\" \/>\n<meta property=\"og:title\" content=\"Kakao Mayan Passion: \u015bluz, r\u00f3\u017ce i wanilia\" \/>\n<meta property=\"og:description\" content=\"Ceremonialne kakao Maj\u00f3w: Kakao mia\u0142o ogromne znaczenie w cywilizacjach Toltek\u00f3w, Aztek\u00f3w i Maj\u00f3w, gdzie sta\u0142o si\u0119 cenne jak z\u0142oto.\" \/>\n<meta property=\"og:url\" content=\"https:\/\/www.sinchisinchi.com\/pl\/producto\/14552\/\" \/>\n<meta property=\"og:site_name\" content=\"SINCHI RAP\u00c9\" \/>\n<meta property=\"article:publisher\" content=\"https:\/\/www.facebook.com\/sinchirape\/\" \/>\n<meta property=\"article:modified_time\" content=\"2024-07-04T11:38:26+00:00\" \/>\n<meta property=\"og:image\" content=\"https:\/\/www.sinchisinchi.com\/wp-content\/uploads\/2024\/05\/2-Cacao-Ceremonial1-1.webp\" \/>\n\t<meta property=\"og:image:width\" content=\"2048\" \/>\n\t<meta property=\"og:image:height\" content=\"1365\" \/>\n\t<meta property=\"og:image:type\" content=\"image\/webp\" \/>\n<meta name=\"twitter:card\" content=\"summary_large_image\" \/>\n<meta name=\"twitter:label1\" content=\"Szacowany czas czytania\" \/>\n\t<meta name=\"twitter:data1\" content=\"1 minuta\" \/>\n<script type=\"application\/ld+json\" class=\"yoast-schema-graph\">{\"@context\":\"https:\\\/\\\/schema.org\",\"@graph\":[{\"@type\":\"WebPage\",\"@id\":\"https:\\\/\\\/www.sinchisinchi.com\\\/pl\\\/producto\\\/14552\\\/\",\"url\":\"https:\\\/\\\/www.sinchisinchi.com\\\/pl\\\/producto\\\/14552\\\/\",\"name\":\"Kakao Mayan Passion: \u015bluz, r\u00f3\u017ce i wanilia\",\"isPartOf\":{\"@id\":\"https:\\\/\\\/www.sinchisinchi.com\\\/pl\\\/#website\"},\"primaryImageOfPage\":{\"@id\":\"https:\\\/\\\/www.sinchisinchi.com\\\/pl\\\/producto\\\/14552\\\/#primaryimage\"},\"image\":{\"@id\":\"https:\\\/\\\/www.sinchisinchi.com\\\/pl\\\/producto\\\/14552\\\/#primaryimage\"},\"thumbnailUrl\":\"https:\\\/\\\/www.sinchisinchi.com\\\/wp-content\\\/uploads\\\/2024\\\/05\\\/2-Cacao-Ceremonial1-1.webp\",\"datePublished\":\"2024-05-27T12:25:28+00:00\",\"dateModified\":\"2024-07-04T11:38:26+00:00\",\"description\":\"Ceremonialne kakao Maj\u00f3w: Kakao mia\u0142o ogromne znaczenie w cywilizacjach Toltek\u00f3w, Aztek\u00f3w i Maj\u00f3w, gdzie sta\u0142o si\u0119 cenne jak z\u0142oto.\",\"breadcrumb\":{\"@id\":\"https:\\\/\\\/www.sinchisinchi.com\\\/pl\\\/producto\\\/14552\\\/#breadcrumb\"},\"inLanguage\":\"pl-PL\",\"potentialAction\":[{\"@type\":\"ReadAction\",\"target\":[\"https:\\\/\\\/www.sinchisinchi.com\\\/pl\\\/producto\\\/14552\\\/\"]}]},{\"@type\":\"ImageObject\",\"inLanguage\":\"pl-PL\",\"@id\":\"https:\\\/\\\/www.sinchisinchi.com\\\/pl\\\/producto\\\/14552\\\/#primaryimage\",\"url\":\"https:\\\/\\\/www.sinchisinchi.com\\\/wp-content\\\/uploads\\\/2024\\\/05\\\/2-Cacao-Ceremonial1-1.webp\",\"contentUrl\":\"https:\\\/\\\/www.sinchisinchi.com\\\/wp-content\\\/uploads\\\/2024\\\/05\\\/2-Cacao-Ceremonial1-1.webp\",\"width\":2048,\"height\":1365,\"caption\":\"Obraz ceremonialnego kakao\"},{\"@type\":\"BreadcrumbList\",\"@id\":\"https:\\\/\\\/www.sinchisinchi.com\\\/pl\\\/producto\\\/14552\\\/#breadcrumb\",\"itemListElement\":[{\"@type\":\"ListItem\",\"position\":1,\"name\":\"Pierwsza strona\",\"item\":\"https:\\\/\\\/www.sinchisinchi.com\\\/pl\\\/\"},{\"@type\":\"ListItem\",\"position\":2,\"name\":\"Produkty\",\"item\":\"https:\\\/\\\/www.sinchisinchi.com\\\/pl\\\/shop\\\/\"},{\"@type\":\"ListItem\",\"position\":3,\"name\":\"Uroczyste kakao \u201ePrzepis na pasj\u0119\u201d\"}]},{\"@type\":\"WebSite\",\"@id\":\"https:\\\/\\\/www.sinchisinchi.com\\\/pl\\\/#website\",\"url\":\"https:\\\/\\\/www.sinchisinchi.com\\\/pl\\\/\",\"name\":\"SINCHI\",\"description\":\"Sinchi Medicine\",\"publisher\":{\"@id\":\"https:\\\/\\\/www.sinchisinchi.com\\\/pl\\\/#organization\"},\"potentialAction\":[{\"@type\":\"SearchAction\",\"target\":{\"@type\":\"EntryPoint\",\"urlTemplate\":\"https:\\\/\\\/www.sinchisinchi.com\\\/pl\\\/?s={search_term_string}\"},\"query-input\":{\"@type\":\"PropertyValueSpecification\",\"valueRequired\":true,\"valueName\":\"search_term_string\"}}],\"inLanguage\":\"pl-PL\"},{\"@type\":\"Organization\",\"@id\":\"https:\\\/\\\/www.sinchisinchi.com\\\/pl\\\/#organization\",\"name\":\"SINCHI S.L\",\"url\":\"https:\\\/\\\/www.sinchisinchi.com\\\/pl\\\/\",\"logo\":{\"@type\":\"ImageObject\",\"inLanguage\":\"pl-PL\",\"@id\":\"https:\\\/\\\/www.sinchisinchi.com\\\/pl\\\/#\\\/schema\\\/logo\\\/image\\\/\",\"url\":\"https:\\\/\\\/www.sinchisinchi.com\\\/wp-content\\\/uploads\\\/2026\\\/01\\\/3b-Verde-SIMPLIFICADO-HORIZONTAL-F-TRANSPARENTE-scaled.png\",\"contentUrl\":\"https:\\\/\\\/www.sinchisinchi.com\\\/wp-content\\\/uploads\\\/2026\\\/01\\\/3b-Verde-SIMPLIFICADO-HORIZONTAL-F-TRANSPARENTE-scaled.png\",\"width\":2560,\"height\":457,\"caption\":\"SINCHI S.L\"},\"image\":{\"@id\":\"https:\\\/\\\/www.sinchisinchi.com\\\/pl\\\/#\\\/schema\\\/logo\\\/image\\\/\"},\"sameAs\":[\"https:\\\/\\\/www.facebook.com\\\/sinchirape\\\/\",\"https:\\\/\\\/www.instagram.com\\\/sinchi_rape\\\/\"]}]}<\/script>\n<!-- \/ Yoast SEO plugin. -->","yoast_head_json":{"title":"Kakao Mayan Passion: \u015bluz, r\u00f3\u017ce i wanilia","description":"Ceremonialne kakao Maj\u00f3w: Kakao mia\u0142o ogromne znaczenie w cywilizacjach Toltek\u00f3w, Aztek\u00f3w i Maj\u00f3w, gdzie sta\u0142o si\u0119 cenne jak z\u0142oto.","robots":{"index":"index","follow":"follow","max-snippet":"max-snippet:-1","max-image-preview":"max-image-preview:large","max-video-preview":"max-video-preview:-1"},"canonical":"https:\/\/www.sinchisinchi.com\/pl\/producto\/14552\/","og_locale":"pl_PL","og_type":"article","og_title":"Kakao Mayan Passion: \u015bluz, r\u00f3\u017ce i wanilia","og_description":"Ceremonialne kakao Maj\u00f3w: Kakao mia\u0142o ogromne znaczenie w cywilizacjach Toltek\u00f3w, Aztek\u00f3w i Maj\u00f3w, gdzie sta\u0142o si\u0119 cenne jak z\u0142oto.","og_url":"https:\/\/www.sinchisinchi.com\/pl\/producto\/14552\/","og_site_name":"SINCHI RAP\u00c9","article_publisher":"https:\/\/www.facebook.com\/sinchirape\/","article_modified_time":"2024-07-04T11:38:26+00:00","og_image":[{"width":2048,"height":1365,"url":"https:\/\/www.sinchisinchi.com\/wp-content\/uploads\/2024\/05\/2-Cacao-Ceremonial1-1.webp","type":"image\/webp"}],"twitter_card":"summary_large_image","twitter_misc":{"Szacowany czas czytania":"1 minuta"},"schema":{"@context":"https:\/\/schema.org","@graph":[{"@type":"WebPage","@id":"https:\/\/www.sinchisinchi.com\/pl\/producto\/14552\/","url":"https:\/\/www.sinchisinchi.com\/pl\/producto\/14552\/","name":"Kakao Mayan Passion: \u015bluz, r\u00f3\u017ce i wanilia","isPartOf":{"@id":"https:\/\/www.sinchisinchi.com\/pl\/#website"},"primaryImageOfPage":{"@id":"https:\/\/www.sinchisinchi.com\/pl\/producto\/14552\/#primaryimage"},"image":{"@id":"https:\/\/www.sinchisinchi.com\/pl\/producto\/14552\/#primaryimage"},"thumbnailUrl":"https:\/\/www.sinchisinchi.com\/wp-content\/uploads\/2024\/05\/2-Cacao-Ceremonial1-1.webp","datePublished":"2024-05-27T12:25:28+00:00","dateModified":"2024-07-04T11:38:26+00:00","description":"Ceremonialne kakao Maj\u00f3w: Kakao mia\u0142o ogromne znaczenie w cywilizacjach Toltek\u00f3w, Aztek\u00f3w i Maj\u00f3w, gdzie sta\u0142o si\u0119 cenne jak z\u0142oto.","breadcrumb":{"@id":"https:\/\/www.sinchisinchi.com\/pl\/producto\/14552\/#breadcrumb"},"inLanguage":"pl-PL","potentialAction":[{"@type":"ReadAction","target":["https:\/\/www.sinchisinchi.com\/pl\/producto\/14552\/"]}]},{"@type":"ImageObject","inLanguage":"pl-PL","@id":"https:\/\/www.sinchisinchi.com\/pl\/producto\/14552\/#primaryimage","url":"https:\/\/www.sinchisinchi.com\/wp-content\/uploads\/2024\/05\/2-Cacao-Ceremonial1-1.webp","contentUrl":"https:\/\/www.sinchisinchi.com\/wp-content\/uploads\/2024\/05\/2-Cacao-Ceremonial1-1.webp","width":2048,"height":1365,"caption":"Obraz ceremonialnego kakao"},{"@type":"BreadcrumbList","@id":"https:\/\/www.sinchisinchi.com\/pl\/producto\/14552\/#breadcrumb","itemListElement":[{"@type":"ListItem","position":1,"name":"Pierwsza strona","item":"https:\/\/www.sinchisinchi.com\/pl\/"},{"@type":"ListItem","position":2,"name":"Produkty","item":"https:\/\/www.sinchisinchi.com\/pl\/shop\/"},{"@type":"ListItem","position":3,"name":"Uroczyste kakao \u201ePrzepis na pasj\u0119\u201d"}]},{"@type":"WebSite","@id":"https:\/\/www.sinchisinchi.com\/pl\/#website","url":"https:\/\/www.sinchisinchi.com\/pl\/","name":"SINCHI","description":"Sinchi Medicine","publisher":{"@id":"https:\/\/www.sinchisinchi.com\/pl\/#organization"},"potentialAction":[{"@type":"SearchAction","target":{"@type":"EntryPoint","urlTemplate":"https:\/\/www.sinchisinchi.com\/pl\/?s={search_term_string}"},"query-input":{"@type":"PropertyValueSpecification","valueRequired":true,"valueName":"search_term_string"}}],"inLanguage":"pl-PL"},{"@type":"Organization","@id":"https:\/\/www.sinchisinchi.com\/pl\/#organization","name":"SINCHI S.L","url":"https:\/\/www.sinchisinchi.com\/pl\/","logo":{"@type":"ImageObject","inLanguage":"pl-PL","@id":"https:\/\/www.sinchisinchi.com\/pl\/#\/schema\/logo\/image\/","url":"https:\/\/www.sinchisinchi.com\/wp-content\/uploads\/2026\/01\/3b-Verde-SIMPLIFICADO-HORIZONTAL-F-TRANSPARENTE-scaled.png","contentUrl":"https:\/\/www.sinchisinchi.com\/wp-content\/uploads\/2026\/01\/3b-Verde-SIMPLIFICADO-HORIZONTAL-F-TRANSPARENTE-scaled.png","width":2560,"height":457,"caption":"SINCHI S.L"},"image":{"@id":"https:\/\/www.sinchisinchi.com\/pl\/#\/schema\/logo\/image\/"},"sameAs":["https:\/\/www.facebook.com\/sinchirape\/","https:\/\/www.instagram.com\/sinchi_rape\/"]}]}},"_links":{"self":[{"href":"https:\/\/www.sinchisinchi.com\/pl\/wp-json\/wp\/v2\/product\/14552","targetHints":{"allow":["GET"]}}],"collection":[{"href":"https:\/\/www.sinchisinchi.com\/pl\/wp-json\/wp\/v2\/product"}],"about":[{"href":"https:\/\/www.sinchisinchi.com\/pl\/wp-json\/wp\/v2\/types\/product"}],"wp:featuredmedia":[{"embeddable":true,"href":"https:\/\/www.sinchisinchi.com\/pl\/wp-json\/wp\/v2\/media\/14400"}],"wp:attachment":[{"href":"https:\/\/www.sinchisinchi.com\/pl\/wp-json\/wp\/v2\/media?parent=14552"}],"wp:term":[{"taxonomy":"product_brand","embeddable":true,"href":"https:\/\/www.sinchisinchi.com\/pl\/wp-json\/wp\/v2\/product_brand?post=14552"},{"taxonomy":"product_cat","embeddable":true,"href":"https:\/\/www.sinchisinchi.com\/pl\/wp-json\/wp\/v2\/product_cat?post=14552"},{"taxonomy":"product_tag","embeddable":true,"href":"https:\/\/www.sinchisinchi.com\/pl\/wp-json\/wp\/v2\/product_tag?post=14552"}],"curies":[{"name":"wp","href":"https:\/\/api.w.org\/{rel}","templated":true}]}}