{"id":14556,"date":"2024-05-27T12:32:29","date_gmt":"2024-05-27T12:32:29","guid":{"rendered":"https:\/\/www.sinchisinchi.com\/producto\/uroczyste-kakao-przepis-na-moc\/"},"modified":"2024-07-05T07:38:00","modified_gmt":"2024-07-05T07:38:00","slug":"uroczyste-kakao-przepis-na-moc","status":"publish","type":"product","link":"https:\/\/www.sinchisinchi.com\/pl\/producto\/uroczyste-kakao-przepis-na-moc\/","title":{"rendered":"Uroczyste Kakao &#8222;Przepis na Moc&#8221;"},"content":{"rendered":"","protected":false},"excerpt":{"rendered":"<p><span style=\"color: #000000;\">Ceremonialne kakao pochodz\u0105ce ze staro\u017cytnych ziem Maj\u00f3w, z lwi\u0105 grzyw\u0105 i tradycyjnymi przyprawami Maj\u00f3w (Hericium Erinaceus, kardamon, cynamon i wanilia).<\/span><\/p>\n<p><span style=\"color: #000000;\"><strong>Lion&#8217;s Mane (Hericio Erinaceus):<\/strong> Jest to niepsychedeliczny grzyb leczniczy o pot\u0119\u017cnych w\u0142a\u015bciwo\u015bciach poprawiaj\u0105cych jasno\u015b\u0107 umys\u0142u i koncentracj\u0119. Mnisi buddyjscy u\u017cywali grzyb\u00f3w lwiej grzywy, aby poprawi\u0107 swoje zdolno\u015bci umys\u0142owe i zwi\u0119kszy\u0107 koncentracj\u0119 podczas medytacji. Nazywany jest tak\u017ce &#8222;grzybem z g\u0142ow\u0105 ma\u0142py\u201d.<\/span><\/p>\n<p><span style=\"color: #000000;\"><strong>Kardamon:<\/strong> nazywany &#8222;kr\u00f3low\u0105 przypraw\u201d, tradycyjnie stosowany w celu wzmocnienia w\u0142a\u015bciwo\u015bci kakao, oczyszczenia umys\u0142u, zwi\u0119kszenia przep\u0142ywu krwi i stymulacji naturalnej produkcji ciep\u0142a. Kardamon zawarty w tym kakao jest produkowany przez rolnik\u00f3w Maj\u00f3w Q&#8217;eqchi z regionu Alta Vera Paz w Gwatemali.<\/span><\/p>\n<p><span style=\"color: #000000;\"><strong>Cynamon cejlo\u0144ski:<\/strong> Tradycyjnie stosowany w celu poprawy kr\u0105\u017cenia, jest bogaty w przeciwutleniacze i aldehyd cynamonowy, kt\u00f3re maj\u0105 silne w\u0142a\u015bciwo\u015bci przeciwgrzybicze i antybakteryjne.<\/span><\/p>\n<p><span style=\"color: #000000;\"><strong>Wanilia:<\/strong> Zar\u00f3wno Aztekowie, jak i Majowie u\u017cywali wanilii w celu wzmocnienia w\u0142a\u015bciwo\u015bci kakao oraz jako elementu afrodyzjaku.<\/span><\/p>\n<p><span style=\"color: #000000;\"><strong>Typ:<\/strong> kakao klasy ceremonialnej.<\/span><\/p>\n<p><span style=\"color: #000000;\"><strong>Sk\u0142adniki:<\/strong> Kakao ceremonialne, Hericium Erinaceus, kardamon, cynamon i wanilia. Zawiera ekstrakt z lwiej grzywy 15:1.<\/span><\/p>\n<p><span style=\"color: #000000;\"><strong>Pochodzenie:<\/strong> Rdzenne plemiona Maj\u00f3w z po\u0142udniowego Belize<\/span><\/p>\n<p><span style=\"color: #000000;\"><strong>Prezentacja:<\/strong> Blok kakaowy.<\/span><\/p>\n<p><span style=\"color: #000000;\"><strong>Rozmiar:<\/strong> 500 gram\u00f3w.<\/span><\/p>\n<p><span style=\"color: #000000;\"><strong>Przechowywanie:<\/strong> Przechowywa\u0107 w ch\u0142odnym i suchym miejscu, z dala od bezpo\u015bredniego \u015bwiat\u0142a s\u0142onecznego.<\/span><\/p>\n","protected":false},"featured_media":14393,"template":"","meta":{"_joinchat":[]},"product_brand":[],"product_cat":[518,405],"product_tag":[],"class_list":{"0":"post-14556","1":"product","2":"type-product","3":"status-publish","4":"has-post-thumbnail","6":"product_cat-ceremonialnym","7":"product_cat-kakao-pl","9":"first","10":"instock","11":"taxable","12":"shipping-taxable","13":"purchasable","14":"product-type-simple"},"yoast_head":"<!-- This site is optimized with the Yoast SEO plugin v27.1.1 - https:\/\/yoast.com\/product\/yoast-seo-wordpress\/ -->\n<title>Moc kakaowca Maj\u00f3w: lwia grzywa, kardamon, cynamon, wanilia<\/title>\n<meta name=\"description\" content=\"Uroczyste kakao ze staro\u017cytnych krain Maj\u00f3w, z lwi\u0105 grzyw\u0105 i tradycyjnymi przyprawami Maj\u00f3w (Hericium Erinaceus, kardamon, cynamon i wanilia).\" \/>\n<meta name=\"robots\" content=\"index, follow, max-snippet:-1, max-image-preview:large, max-video-preview:-1\" \/>\n<link rel=\"canonical\" href=\"https:\/\/www.sinchisinchi.com\/pl\/producto\/uroczyste-kakao-przepis-na-moc\/\" \/>\n<meta property=\"og:locale\" content=\"pl_PL\" \/>\n<meta property=\"og:type\" content=\"article\" \/>\n<meta property=\"og:title\" content=\"Moc kakaowca Maj\u00f3w: lwia grzywa, kardamon, cynamon, wanilia\" \/>\n<meta property=\"og:description\" content=\"Uroczyste kakao ze staro\u017cytnych krain Maj\u00f3w, z lwi\u0105 grzyw\u0105 i tradycyjnymi przyprawami Maj\u00f3w (Hericium Erinaceus, kardamon, cynamon i wanilia).\" \/>\n<meta property=\"og:url\" content=\"https:\/\/www.sinchisinchi.com\/pl\/producto\/uroczyste-kakao-przepis-na-moc\/\" \/>\n<meta property=\"og:site_name\" content=\"SINCHI RAP\u00c9\" \/>\n<meta property=\"article:publisher\" content=\"https:\/\/www.facebook.com\/sinchirape\/\" \/>\n<meta property=\"article:modified_time\" content=\"2024-07-05T07:38:00+00:00\" \/>\n<meta property=\"og:image\" content=\"https:\/\/www.sinchisinchi.com\/wp-content\/uploads\/2024\/05\/2-Cacao-Ceremonial1.webp\" \/>\n\t<meta property=\"og:image:width\" content=\"2048\" \/>\n\t<meta property=\"og:image:height\" content=\"1365\" \/>\n\t<meta property=\"og:image:type\" content=\"image\/webp\" \/>\n<meta name=\"twitter:card\" content=\"summary_large_image\" \/>\n<script type=\"application\/ld+json\" class=\"yoast-schema-graph\">{\"@context\":\"https:\/\/schema.org\",\"@graph\":[{\"@type\":\"WebPage\",\"@id\":\"https:\/\/www.sinchisinchi.com\/pl\/producto\/uroczyste-kakao-przepis-na-moc\/\",\"url\":\"https:\/\/www.sinchisinchi.com\/pl\/producto\/uroczyste-kakao-przepis-na-moc\/\",\"name\":\"Moc kakaowca Maj\u00f3w: lwia grzywa, kardamon, cynamon, wanilia\",\"isPartOf\":{\"@id\":\"https:\/\/www.sinchisinchi.com\/pl\/#website\"},\"primaryImageOfPage\":{\"@id\":\"https:\/\/www.sinchisinchi.com\/pl\/producto\/uroczyste-kakao-przepis-na-moc\/#primaryimage\"},\"image\":{\"@id\":\"https:\/\/www.sinchisinchi.com\/pl\/producto\/uroczyste-kakao-przepis-na-moc\/#primaryimage\"},\"thumbnailUrl\":\"https:\/\/www.sinchisinchi.com\/wp-content\/uploads\/2024\/05\/2-Cacao-Ceremonial1.webp\",\"datePublished\":\"2024-05-27T12:32:29+00:00\",\"dateModified\":\"2024-07-05T07:38:00+00:00\",\"description\":\"Uroczyste kakao ze staro\u017cytnych krain Maj\u00f3w, z lwi\u0105 grzyw\u0105 i tradycyjnymi przyprawami Maj\u00f3w (Hericium Erinaceus, kardamon, cynamon i wanilia).\",\"breadcrumb\":{\"@id\":\"https:\/\/www.sinchisinchi.com\/pl\/producto\/uroczyste-kakao-przepis-na-moc\/#breadcrumb\"},\"inLanguage\":\"pl-PL\",\"potentialAction\":[{\"@type\":\"ReadAction\",\"target\":[\"https:\/\/www.sinchisinchi.com\/pl\/producto\/uroczyste-kakao-przepis-na-moc\/\"]}]},{\"@type\":\"ImageObject\",\"inLanguage\":\"pl-PL\",\"@id\":\"https:\/\/www.sinchisinchi.com\/pl\/producto\/uroczyste-kakao-przepis-na-moc\/#primaryimage\",\"url\":\"https:\/\/www.sinchisinchi.com\/wp-content\/uploads\/2024\/05\/2-Cacao-Ceremonial1.webp\",\"contentUrl\":\"https:\/\/www.sinchisinchi.com\/wp-content\/uploads\/2024\/05\/2-Cacao-Ceremonial1.webp\",\"width\":2048,\"height\":1365},{\"@type\":\"BreadcrumbList\",\"@id\":\"https:\/\/www.sinchisinchi.com\/pl\/producto\/uroczyste-kakao-przepis-na-moc\/#breadcrumb\",\"itemListElement\":[{\"@type\":\"ListItem\",\"position\":1,\"name\":\"Pierwsza strona\",\"item\":\"https:\/\/www.sinchisinchi.com\/pl\/\"},{\"@type\":\"ListItem\",\"position\":2,\"name\":\"Produkty\",\"item\":\"https:\/\/www.sinchisinchi.com\/pl\/shop\/\"},{\"@type\":\"ListItem\",\"position\":3,\"name\":\"Uroczyste Kakao &#8220;Przepis na Moc&#8221;\"}]},{\"@type\":\"WebSite\",\"@id\":\"https:\/\/www.sinchisinchi.com\/pl\/#website\",\"url\":\"https:\/\/www.sinchisinchi.com\/pl\/\",\"name\":\"SINCHI\",\"description\":\"Sinchi Medicine\",\"publisher\":{\"@id\":\"https:\/\/www.sinchisinchi.com\/pl\/#organization\"},\"potentialAction\":[{\"@type\":\"SearchAction\",\"target\":{\"@type\":\"EntryPoint\",\"urlTemplate\":\"https:\/\/www.sinchisinchi.com\/pl\/?s={search_term_string}\"},\"query-input\":{\"@type\":\"PropertyValueSpecification\",\"valueRequired\":true,\"valueName\":\"search_term_string\"}}],\"inLanguage\":\"pl-PL\"},{\"@type\":\"Organization\",\"@id\":\"https:\/\/www.sinchisinchi.com\/pl\/#organization\",\"name\":\"SINCHI S.L\",\"url\":\"https:\/\/www.sinchisinchi.com\/pl\/\",\"logo\":{\"@type\":\"ImageObject\",\"inLanguage\":\"pl-PL\",\"@id\":\"https:\/\/www.sinchisinchi.com\/pl\/#\/schema\/logo\/image\/\",\"url\":\"https:\/\/www.sinchisinchi.com\/wp-content\/uploads\/2026\/01\/3b-Verde-SIMPLIFICADO-HORIZONTAL-F-TRANSPARENTE-scaled.png\",\"contentUrl\":\"https:\/\/www.sinchisinchi.com\/wp-content\/uploads\/2026\/01\/3b-Verde-SIMPLIFICADO-HORIZONTAL-F-TRANSPARENTE-scaled.png\",\"width\":2560,\"height\":457,\"caption\":\"SINCHI S.L\"},\"image\":{\"@id\":\"https:\/\/www.sinchisinchi.com\/pl\/#\/schema\/logo\/image\/\"},\"sameAs\":[\"https:\/\/www.facebook.com\/sinchirape\/\",\"https:\/\/www.instagram.com\/sinchi_rape\/\"]}]}<\/script>\n<!-- \/ Yoast SEO plugin. -->","yoast_head_json":{"title":"Moc kakaowca Maj\u00f3w: lwia grzywa, kardamon, cynamon, wanilia","description":"Uroczyste kakao ze staro\u017cytnych krain Maj\u00f3w, z lwi\u0105 grzyw\u0105 i tradycyjnymi przyprawami Maj\u00f3w (Hericium Erinaceus, kardamon, cynamon i wanilia).","robots":{"index":"index","follow":"follow","max-snippet":"max-snippet:-1","max-image-preview":"max-image-preview:large","max-video-preview":"max-video-preview:-1"},"canonical":"https:\/\/www.sinchisinchi.com\/pl\/producto\/uroczyste-kakao-przepis-na-moc\/","og_locale":"pl_PL","og_type":"article","og_title":"Moc kakaowca Maj\u00f3w: lwia grzywa, kardamon, cynamon, wanilia","og_description":"Uroczyste kakao ze staro\u017cytnych krain Maj\u00f3w, z lwi\u0105 grzyw\u0105 i tradycyjnymi przyprawami Maj\u00f3w (Hericium Erinaceus, kardamon, cynamon i wanilia).","og_url":"https:\/\/www.sinchisinchi.com\/pl\/producto\/uroczyste-kakao-przepis-na-moc\/","og_site_name":"SINCHI RAP\u00c9","article_publisher":"https:\/\/www.facebook.com\/sinchirape\/","article_modified_time":"2024-07-05T07:38:00+00:00","og_image":[{"width":2048,"height":1365,"url":"https:\/\/www.sinchisinchi.com\/wp-content\/uploads\/2024\/05\/2-Cacao-Ceremonial1.webp","type":"image\/webp"}],"twitter_card":"summary_large_image","schema":{"@context":"https:\/\/schema.org","@graph":[{"@type":"WebPage","@id":"https:\/\/www.sinchisinchi.com\/pl\/producto\/uroczyste-kakao-przepis-na-moc\/","url":"https:\/\/www.sinchisinchi.com\/pl\/producto\/uroczyste-kakao-przepis-na-moc\/","name":"Moc kakaowca Maj\u00f3w: lwia grzywa, kardamon, cynamon, wanilia","isPartOf":{"@id":"https:\/\/www.sinchisinchi.com\/pl\/#website"},"primaryImageOfPage":{"@id":"https:\/\/www.sinchisinchi.com\/pl\/producto\/uroczyste-kakao-przepis-na-moc\/#primaryimage"},"image":{"@id":"https:\/\/www.sinchisinchi.com\/pl\/producto\/uroczyste-kakao-przepis-na-moc\/#primaryimage"},"thumbnailUrl":"https:\/\/www.sinchisinchi.com\/wp-content\/uploads\/2024\/05\/2-Cacao-Ceremonial1.webp","datePublished":"2024-05-27T12:32:29+00:00","dateModified":"2024-07-05T07:38:00+00:00","description":"Uroczyste kakao ze staro\u017cytnych krain Maj\u00f3w, z lwi\u0105 grzyw\u0105 i tradycyjnymi przyprawami Maj\u00f3w (Hericium Erinaceus, kardamon, cynamon i wanilia).","breadcrumb":{"@id":"https:\/\/www.sinchisinchi.com\/pl\/producto\/uroczyste-kakao-przepis-na-moc\/#breadcrumb"},"inLanguage":"pl-PL","potentialAction":[{"@type":"ReadAction","target":["https:\/\/www.sinchisinchi.com\/pl\/producto\/uroczyste-kakao-przepis-na-moc\/"]}]},{"@type":"ImageObject","inLanguage":"pl-PL","@id":"https:\/\/www.sinchisinchi.com\/pl\/producto\/uroczyste-kakao-przepis-na-moc\/#primaryimage","url":"https:\/\/www.sinchisinchi.com\/wp-content\/uploads\/2024\/05\/2-Cacao-Ceremonial1.webp","contentUrl":"https:\/\/www.sinchisinchi.com\/wp-content\/uploads\/2024\/05\/2-Cacao-Ceremonial1.webp","width":2048,"height":1365},{"@type":"BreadcrumbList","@id":"https:\/\/www.sinchisinchi.com\/pl\/producto\/uroczyste-kakao-przepis-na-moc\/#breadcrumb","itemListElement":[{"@type":"ListItem","position":1,"name":"Pierwsza strona","item":"https:\/\/www.sinchisinchi.com\/pl\/"},{"@type":"ListItem","position":2,"name":"Produkty","item":"https:\/\/www.sinchisinchi.com\/pl\/shop\/"},{"@type":"ListItem","position":3,"name":"Uroczyste Kakao &#8220;Przepis na Moc&#8221;"}]},{"@type":"WebSite","@id":"https:\/\/www.sinchisinchi.com\/pl\/#website","url":"https:\/\/www.sinchisinchi.com\/pl\/","name":"SINCHI","description":"Sinchi Medicine","publisher":{"@id":"https:\/\/www.sinchisinchi.com\/pl\/#organization"},"potentialAction":[{"@type":"SearchAction","target":{"@type":"EntryPoint","urlTemplate":"https:\/\/www.sinchisinchi.com\/pl\/?s={search_term_string}"},"query-input":{"@type":"PropertyValueSpecification","valueRequired":true,"valueName":"search_term_string"}}],"inLanguage":"pl-PL"},{"@type":"Organization","@id":"https:\/\/www.sinchisinchi.com\/pl\/#organization","name":"SINCHI S.L","url":"https:\/\/www.sinchisinchi.com\/pl\/","logo":{"@type":"ImageObject","inLanguage":"pl-PL","@id":"https:\/\/www.sinchisinchi.com\/pl\/#\/schema\/logo\/image\/","url":"https:\/\/www.sinchisinchi.com\/wp-content\/uploads\/2026\/01\/3b-Verde-SIMPLIFICADO-HORIZONTAL-F-TRANSPARENTE-scaled.png","contentUrl":"https:\/\/www.sinchisinchi.com\/wp-content\/uploads\/2026\/01\/3b-Verde-SIMPLIFICADO-HORIZONTAL-F-TRANSPARENTE-scaled.png","width":2560,"height":457,"caption":"SINCHI S.L"},"image":{"@id":"https:\/\/www.sinchisinchi.com\/pl\/#\/schema\/logo\/image\/"},"sameAs":["https:\/\/www.facebook.com\/sinchirape\/","https:\/\/www.instagram.com\/sinchi_rape\/"]}]}},"_links":{"self":[{"href":"https:\/\/www.sinchisinchi.com\/pl\/wp-json\/wp\/v2\/product\/14556","targetHints":{"allow":["GET"]}}],"collection":[{"href":"https:\/\/www.sinchisinchi.com\/pl\/wp-json\/wp\/v2\/product"}],"about":[{"href":"https:\/\/www.sinchisinchi.com\/pl\/wp-json\/wp\/v2\/types\/product"}],"wp:featuredmedia":[{"embeddable":true,"href":"https:\/\/www.sinchisinchi.com\/pl\/wp-json\/wp\/v2\/media\/14393"}],"wp:attachment":[{"href":"https:\/\/www.sinchisinchi.com\/pl\/wp-json\/wp\/v2\/media?parent=14556"}],"wp:term":[{"taxonomy":"product_brand","embeddable":true,"href":"https:\/\/www.sinchisinchi.com\/pl\/wp-json\/wp\/v2\/product_brand?post=14556"},{"taxonomy":"product_cat","embeddable":true,"href":"https:\/\/www.sinchisinchi.com\/pl\/wp-json\/wp\/v2\/product_cat?post=14556"},{"taxonomy":"product_tag","embeddable":true,"href":"https:\/\/www.sinchisinchi.com\/pl\/wp-json\/wp\/v2\/product_tag?post=14556"}],"curies":[{"name":"wp","href":"https:\/\/api.w.org\/{rel}","templated":true}]}}