{"id":14560,"date":"2024-05-27T12:47:53","date_gmt":"2024-05-27T12:47:53","guid":{"rendered":"https:\/\/www.sinchisinchi.com\/producto\/grzyby-majow-kakaowych\/"},"modified":"2024-07-04T11:34:24","modified_gmt":"2024-07-04T11:34:24","slug":"grzyby-majow-kakaowych","status":"publish","type":"product","link":"https:\/\/www.sinchisinchi.com\/pl\/producto\/grzyby-majow-kakaowych\/","title":{"rendered":"Grzyby Maj\u00f3w Kakaowych"},"content":{"rendered":"","protected":false},"excerpt":{"rendered":"<p><span style=\"color: #000000;\">Ceremonialne kakao ze staro\u017cytnych ziem Maj\u00f3w, z chag\u0105 i mieszank\u0105 tradycyjnych przypraw Maj\u00f3w: pieprzu cayenne, cynamonu celia\u0144skiego i wanilii.<\/span><\/p>\n<p><span style=\"color: #000000;\"><strong>Chaga (Inonotuus Obliquus):<\/strong> Znany r\u00f3wnie\u017c jako &#8222;Kr\u00f3l Grzyb\u00f3w Leczniczych\u201d, jest grzybem niepsychedelicznym o silnych w\u0142a\u015bciwo\u015bciach korzystnych dla uk\u0142adu <strong>odporno\u015bciowego<\/strong>. Pochodzi z p\u00f3\u0142kuli p\u00f3\u0142nocnej, gdzie plemiona syberyjskie i szamani u\u017cywali go od tysi\u0119cy lat. Zawiera beta-glukany, kt\u00f3re pomagaj\u0105 regulowa\u0107 uk\u0142ad odporno\u015bciowy. Dysmutaza ponadtlenkowa i melanina to inne korzystne przeciwutleniacze obecne w grzybie Chaga.<\/span><\/p>\n<p><span style=\"color: #000000;\">Pieprz cayenne: poprawia w\u0142a\u015bciwo\u015bci kakao, zwi\u0119ksza przep\u0142yw krwi i naturaln\u0105 produkcj\u0119 ciep\u0142a.<\/span><\/p>\n<p><span style=\"color: #000000;\">Cynamon cejlo\u0144ski: Tradycyjnie stosowany w celu zwi\u0119kszenia kr\u0105\u017cenia. Jest bogaty w przeciwutleniacze i aldehyd cynamonowy, o silnych w\u0142a\u015bciwo\u015bciach przeciwgrzybiczych i antybakteryjnych.<\/span><\/p>\n<p><span style=\"color: #000000;\">Wanilia: Zar\u00f3wno Aztekowie, jak i Majowie u\u017cywali wanilii w celu wzmocnienia w\u0142a\u015bciwo\u015bci kakao oraz jako elementu afrodyzjaku.<\/span><\/p>\n<p><span style=\"color: #000000;\">Typ: kakao klasy ceremonialnej.<\/span><\/p>\n<p><span style=\"color: #000000;\">Sk\u0142adniki: kakao klasy ceremonialnej, chaga (Inonotuus Obliquus), pieprz cayenne, cynamon celian i wanilia.<\/span><\/p>\n<p><span style=\"color: #000000;\">Pochodzenie: Rdzenne plemiona Maj\u00f3w z po\u0142udniowego Belize<\/span><\/p>\n<p><span style=\"color: #000000;\">Prezentacja: Blok kakaowy.<\/span><\/p>\n<p><span style=\"color: #000000;\">Rozmiar: 500 gram\u00f3w.<\/span><\/p>\n<p><span style=\"color: #000000;\">Przechowywanie: Przechowywa\u0107 w ch\u0142odnym i suchym miejscu, z dala od bezpo\u015bredniego \u015bwiat\u0142a s\u0142onecznego.<\/span><\/p>\n","protected":false},"featured_media":15949,"template":"","meta":{"_joinchat":[]},"product_brand":[],"product_cat":[518,405],"product_tag":[],"class_list":{"0":"post-14560","1":"product","2":"type-product","3":"status-publish","4":"has-post-thumbnail","6":"product_cat-ceremonialnym","7":"product_cat-kakao-pl","9":"first","10":"instock","11":"taxable","12":"shipping-taxable","13":"purchasable","14":"product-type-simple"},"yoast_head":"<!-- This site is optimized with the Yoast SEO plugin v27.4 - https:\/\/yoast.com\/product\/yoast-seo-wordpress\/ -->\n<title>Odporne kakao Maj\u00f3w: Chaga, pieprz, cynamon, wanilia<\/title>\n<meta name=\"description\" content=\"Ceremonialne kakao z ziem Maj\u00f3w, z Chag\u0105 i mieszank\u0105 tradycyjnych przypraw Maj\u00f3w: pieprzu cayenne, cynamonu celia\u0144skiego i wanilii.\" \/>\n<meta name=\"robots\" content=\"index, follow, max-snippet:-1, max-image-preview:large, max-video-preview:-1\" \/>\n<link rel=\"canonical\" href=\"https:\/\/www.sinchisinchi.com\/pl\/producto\/grzyby-majow-kakaowych\/\" \/>\n<meta property=\"og:locale\" content=\"pl_PL\" \/>\n<meta property=\"og:type\" content=\"article\" \/>\n<meta property=\"og:title\" content=\"Odporne kakao Maj\u00f3w: Chaga, pieprz, cynamon, wanilia\" \/>\n<meta property=\"og:description\" content=\"Ceremonialne kakao z ziem Maj\u00f3w, z Chag\u0105 i mieszank\u0105 tradycyjnych przypraw Maj\u00f3w: pieprzu cayenne, cynamonu celia\u0144skiego i wanilii.\" \/>\n<meta property=\"og:url\" content=\"https:\/\/www.sinchisinchi.com\/pl\/producto\/grzyby-majow-kakaowych\/\" \/>\n<meta property=\"og:site_name\" content=\"SINCHI RAP\u00c9\" \/>\n<meta property=\"article:publisher\" content=\"https:\/\/www.facebook.com\/sinchirape\/\" \/>\n<meta property=\"article:modified_time\" content=\"2024-07-04T11:34:24+00:00\" \/>\n<meta property=\"og:image\" content=\"https:\/\/www.sinchisinchi.com\/wp-content\/uploads\/2024\/05\/Cacao-ceremonial-taza1-1.jpeg\" \/>\n\t<meta property=\"og:image:width\" content=\"1024\" \/>\n\t<meta property=\"og:image:height\" content=\"683\" \/>\n\t<meta property=\"og:image:type\" content=\"image\/jpeg\" \/>\n<meta name=\"twitter:card\" content=\"summary_large_image\" \/>\n<script type=\"application\/ld+json\" class=\"yoast-schema-graph\">{\"@context\":\"https:\\\/\\\/schema.org\",\"@graph\":[{\"@type\":\"WebPage\",\"@id\":\"https:\\\/\\\/www.sinchisinchi.com\\\/pl\\\/producto\\\/grzyby-majow-kakaowych\\\/\",\"url\":\"https:\\\/\\\/www.sinchisinchi.com\\\/pl\\\/producto\\\/grzyby-majow-kakaowych\\\/\",\"name\":\"Odporne kakao Maj\u00f3w: Chaga, pieprz, cynamon, wanilia\",\"isPartOf\":{\"@id\":\"https:\\\/\\\/www.sinchisinchi.com\\\/pl\\\/#website\"},\"primaryImageOfPage\":{\"@id\":\"https:\\\/\\\/www.sinchisinchi.com\\\/pl\\\/producto\\\/grzyby-majow-kakaowych\\\/#primaryimage\"},\"image\":{\"@id\":\"https:\\\/\\\/www.sinchisinchi.com\\\/pl\\\/producto\\\/grzyby-majow-kakaowych\\\/#primaryimage\"},\"thumbnailUrl\":\"https:\\\/\\\/www.sinchisinchi.com\\\/wp-content\\\/uploads\\\/2024\\\/05\\\/Cacao-ceremonial-taza1-1.jpeg\",\"datePublished\":\"2024-05-27T12:47:53+00:00\",\"dateModified\":\"2024-07-04T11:34:24+00:00\",\"description\":\"Ceremonialne kakao z ziem Maj\u00f3w, z Chag\u0105 i mieszank\u0105 tradycyjnych przypraw Maj\u00f3w: pieprzu cayenne, cynamonu celia\u0144skiego i wanilii.\",\"breadcrumb\":{\"@id\":\"https:\\\/\\\/www.sinchisinchi.com\\\/pl\\\/producto\\\/grzyby-majow-kakaowych\\\/#breadcrumb\"},\"inLanguage\":\"pl-PL\",\"potentialAction\":[{\"@type\":\"ReadAction\",\"target\":[\"https:\\\/\\\/www.sinchisinchi.com\\\/pl\\\/producto\\\/grzyby-majow-kakaowych\\\/\"]}]},{\"@type\":\"ImageObject\",\"inLanguage\":\"pl-PL\",\"@id\":\"https:\\\/\\\/www.sinchisinchi.com\\\/pl\\\/producto\\\/grzyby-majow-kakaowych\\\/#primaryimage\",\"url\":\"https:\\\/\\\/www.sinchisinchi.com\\\/wp-content\\\/uploads\\\/2024\\\/05\\\/Cacao-ceremonial-taza1-1.jpeg\",\"contentUrl\":\"https:\\\/\\\/www.sinchisinchi.com\\\/wp-content\\\/uploads\\\/2024\\\/05\\\/Cacao-ceremonial-taza1-1.jpeg\",\"width\":1024,\"height\":683},{\"@type\":\"BreadcrumbList\",\"@id\":\"https:\\\/\\\/www.sinchisinchi.com\\\/pl\\\/producto\\\/grzyby-majow-kakaowych\\\/#breadcrumb\",\"itemListElement\":[{\"@type\":\"ListItem\",\"position\":1,\"name\":\"Pierwsza strona\",\"item\":\"https:\\\/\\\/www.sinchisinchi.com\\\/pl\\\/\"},{\"@type\":\"ListItem\",\"position\":2,\"name\":\"Produkty\",\"item\":\"https:\\\/\\\/www.sinchisinchi.com\\\/pl\\\/shop\\\/\"},{\"@type\":\"ListItem\",\"position\":3,\"name\":\"Grzyby Maj\u00f3w Kakaowych\"}]},{\"@type\":\"WebSite\",\"@id\":\"https:\\\/\\\/www.sinchisinchi.com\\\/pl\\\/#website\",\"url\":\"https:\\\/\\\/www.sinchisinchi.com\\\/pl\\\/\",\"name\":\"SINCHI\",\"description\":\"Sinchi Medicine\",\"publisher\":{\"@id\":\"https:\\\/\\\/www.sinchisinchi.com\\\/pl\\\/#organization\"},\"potentialAction\":[{\"@type\":\"SearchAction\",\"target\":{\"@type\":\"EntryPoint\",\"urlTemplate\":\"https:\\\/\\\/www.sinchisinchi.com\\\/pl\\\/?s={search_term_string}\"},\"query-input\":{\"@type\":\"PropertyValueSpecification\",\"valueRequired\":true,\"valueName\":\"search_term_string\"}}],\"inLanguage\":\"pl-PL\"},{\"@type\":\"Organization\",\"@id\":\"https:\\\/\\\/www.sinchisinchi.com\\\/pl\\\/#organization\",\"name\":\"SINCHI S.L\",\"url\":\"https:\\\/\\\/www.sinchisinchi.com\\\/pl\\\/\",\"logo\":{\"@type\":\"ImageObject\",\"inLanguage\":\"pl-PL\",\"@id\":\"https:\\\/\\\/www.sinchisinchi.com\\\/pl\\\/#\\\/schema\\\/logo\\\/image\\\/\",\"url\":\"https:\\\/\\\/www.sinchisinchi.com\\\/wp-content\\\/uploads\\\/2026\\\/01\\\/3b-Verde-SIMPLIFICADO-HORIZONTAL-F-TRANSPARENTE-scaled.png\",\"contentUrl\":\"https:\\\/\\\/www.sinchisinchi.com\\\/wp-content\\\/uploads\\\/2026\\\/01\\\/3b-Verde-SIMPLIFICADO-HORIZONTAL-F-TRANSPARENTE-scaled.png\",\"width\":2560,\"height\":457,\"caption\":\"SINCHI S.L\"},\"image\":{\"@id\":\"https:\\\/\\\/www.sinchisinchi.com\\\/pl\\\/#\\\/schema\\\/logo\\\/image\\\/\"},\"sameAs\":[\"https:\\\/\\\/www.facebook.com\\\/sinchirape\\\/\",\"https:\\\/\\\/www.instagram.com\\\/sinchi_rape\\\/\"]}]}<\/script>\n<!-- \/ Yoast SEO plugin. -->","yoast_head_json":{"title":"Odporne kakao Maj\u00f3w: Chaga, pieprz, cynamon, wanilia","description":"Ceremonialne kakao z ziem Maj\u00f3w, z Chag\u0105 i mieszank\u0105 tradycyjnych przypraw Maj\u00f3w: pieprzu cayenne, cynamonu celia\u0144skiego i wanilii.","robots":{"index":"index","follow":"follow","max-snippet":"max-snippet:-1","max-image-preview":"max-image-preview:large","max-video-preview":"max-video-preview:-1"},"canonical":"https:\/\/www.sinchisinchi.com\/pl\/producto\/grzyby-majow-kakaowych\/","og_locale":"pl_PL","og_type":"article","og_title":"Odporne kakao Maj\u00f3w: Chaga, pieprz, cynamon, wanilia","og_description":"Ceremonialne kakao z ziem Maj\u00f3w, z Chag\u0105 i mieszank\u0105 tradycyjnych przypraw Maj\u00f3w: pieprzu cayenne, cynamonu celia\u0144skiego i wanilii.","og_url":"https:\/\/www.sinchisinchi.com\/pl\/producto\/grzyby-majow-kakaowych\/","og_site_name":"SINCHI RAP\u00c9","article_publisher":"https:\/\/www.facebook.com\/sinchirape\/","article_modified_time":"2024-07-04T11:34:24+00:00","og_image":[{"width":1024,"height":683,"url":"https:\/\/www.sinchisinchi.com\/wp-content\/uploads\/2024\/05\/Cacao-ceremonial-taza1-1.jpeg","type":"image\/jpeg"}],"twitter_card":"summary_large_image","schema":{"@context":"https:\/\/schema.org","@graph":[{"@type":"WebPage","@id":"https:\/\/www.sinchisinchi.com\/pl\/producto\/grzyby-majow-kakaowych\/","url":"https:\/\/www.sinchisinchi.com\/pl\/producto\/grzyby-majow-kakaowych\/","name":"Odporne kakao Maj\u00f3w: Chaga, pieprz, cynamon, wanilia","isPartOf":{"@id":"https:\/\/www.sinchisinchi.com\/pl\/#website"},"primaryImageOfPage":{"@id":"https:\/\/www.sinchisinchi.com\/pl\/producto\/grzyby-majow-kakaowych\/#primaryimage"},"image":{"@id":"https:\/\/www.sinchisinchi.com\/pl\/producto\/grzyby-majow-kakaowych\/#primaryimage"},"thumbnailUrl":"https:\/\/www.sinchisinchi.com\/wp-content\/uploads\/2024\/05\/Cacao-ceremonial-taza1-1.jpeg","datePublished":"2024-05-27T12:47:53+00:00","dateModified":"2024-07-04T11:34:24+00:00","description":"Ceremonialne kakao z ziem Maj\u00f3w, z Chag\u0105 i mieszank\u0105 tradycyjnych przypraw Maj\u00f3w: pieprzu cayenne, cynamonu celia\u0144skiego i wanilii.","breadcrumb":{"@id":"https:\/\/www.sinchisinchi.com\/pl\/producto\/grzyby-majow-kakaowych\/#breadcrumb"},"inLanguage":"pl-PL","potentialAction":[{"@type":"ReadAction","target":["https:\/\/www.sinchisinchi.com\/pl\/producto\/grzyby-majow-kakaowych\/"]}]},{"@type":"ImageObject","inLanguage":"pl-PL","@id":"https:\/\/www.sinchisinchi.com\/pl\/producto\/grzyby-majow-kakaowych\/#primaryimage","url":"https:\/\/www.sinchisinchi.com\/wp-content\/uploads\/2024\/05\/Cacao-ceremonial-taza1-1.jpeg","contentUrl":"https:\/\/www.sinchisinchi.com\/wp-content\/uploads\/2024\/05\/Cacao-ceremonial-taza1-1.jpeg","width":1024,"height":683},{"@type":"BreadcrumbList","@id":"https:\/\/www.sinchisinchi.com\/pl\/producto\/grzyby-majow-kakaowych\/#breadcrumb","itemListElement":[{"@type":"ListItem","position":1,"name":"Pierwsza strona","item":"https:\/\/www.sinchisinchi.com\/pl\/"},{"@type":"ListItem","position":2,"name":"Produkty","item":"https:\/\/www.sinchisinchi.com\/pl\/shop\/"},{"@type":"ListItem","position":3,"name":"Grzyby Maj\u00f3w Kakaowych"}]},{"@type":"WebSite","@id":"https:\/\/www.sinchisinchi.com\/pl\/#website","url":"https:\/\/www.sinchisinchi.com\/pl\/","name":"SINCHI","description":"Sinchi Medicine","publisher":{"@id":"https:\/\/www.sinchisinchi.com\/pl\/#organization"},"potentialAction":[{"@type":"SearchAction","target":{"@type":"EntryPoint","urlTemplate":"https:\/\/www.sinchisinchi.com\/pl\/?s={search_term_string}"},"query-input":{"@type":"PropertyValueSpecification","valueRequired":true,"valueName":"search_term_string"}}],"inLanguage":"pl-PL"},{"@type":"Organization","@id":"https:\/\/www.sinchisinchi.com\/pl\/#organization","name":"SINCHI S.L","url":"https:\/\/www.sinchisinchi.com\/pl\/","logo":{"@type":"ImageObject","inLanguage":"pl-PL","@id":"https:\/\/www.sinchisinchi.com\/pl\/#\/schema\/logo\/image\/","url":"https:\/\/www.sinchisinchi.com\/wp-content\/uploads\/2026\/01\/3b-Verde-SIMPLIFICADO-HORIZONTAL-F-TRANSPARENTE-scaled.png","contentUrl":"https:\/\/www.sinchisinchi.com\/wp-content\/uploads\/2026\/01\/3b-Verde-SIMPLIFICADO-HORIZONTAL-F-TRANSPARENTE-scaled.png","width":2560,"height":457,"caption":"SINCHI S.L"},"image":{"@id":"https:\/\/www.sinchisinchi.com\/pl\/#\/schema\/logo\/image\/"},"sameAs":["https:\/\/www.facebook.com\/sinchirape\/","https:\/\/www.instagram.com\/sinchi_rape\/"]}]}},"_links":{"self":[{"href":"https:\/\/www.sinchisinchi.com\/pl\/wp-json\/wp\/v2\/product\/14560","targetHints":{"allow":["GET"]}}],"collection":[{"href":"https:\/\/www.sinchisinchi.com\/pl\/wp-json\/wp\/v2\/product"}],"about":[{"href":"https:\/\/www.sinchisinchi.com\/pl\/wp-json\/wp\/v2\/types\/product"}],"wp:featuredmedia":[{"embeddable":true,"href":"https:\/\/www.sinchisinchi.com\/pl\/wp-json\/wp\/v2\/media\/15949"}],"wp:attachment":[{"href":"https:\/\/www.sinchisinchi.com\/pl\/wp-json\/wp\/v2\/media?parent=14560"}],"wp:term":[{"taxonomy":"product_brand","embeddable":true,"href":"https:\/\/www.sinchisinchi.com\/pl\/wp-json\/wp\/v2\/product_brand?post=14560"},{"taxonomy":"product_cat","embeddable":true,"href":"https:\/\/www.sinchisinchi.com\/pl\/wp-json\/wp\/v2\/product_cat?post=14560"},{"taxonomy":"product_tag","embeddable":true,"href":"https:\/\/www.sinchisinchi.com\/pl\/wp-json\/wp\/v2\/product_tag?post=14560"}],"curies":[{"name":"wp","href":"https:\/\/api.w.org\/{rel}","templated":true}]}}