{"id":14563,"date":"2024-05-27T13:00:33","date_gmt":"2024-05-27T13:00:33","guid":{"rendered":"https:\/\/www.sinchisinchi.com\/producto\/plemie-amazonki-kakao-piaroa\/"},"modified":"2024-07-04T11:32:51","modified_gmt":"2024-07-04T11:32:51","slug":"plemie-amazonki-kakao-piaroa","status":"publish","type":"product","link":"https:\/\/www.sinchisinchi.com\/pl\/producto\/plemie-amazonki-kakao-piaroa\/","title":{"rendered":"Plemi\u0119 Amazonki Kakao Piaroa"},"content":{"rendered":"<h2 style=\"text-align: center;\"><strong><span style=\"color: #000000;\">Kakao Piaroa<\/span><\/strong><\/h2>\n<p><span style=\"color: #000000;\">Rdzenna spo\u0142eczno\u015b\u0107 Piaroa posiada system produkcji oparty na wykorzystaniu r\u00f3\u017cnych przestrzeni ekologicznych; lasy, rzeki i kana\u0142y oraz obszary u\u017cytkowane rolniczo.<\/span><\/p>\n<h3 style=\"text-align: center;\"><strong><span style=\"color: #000000;\">Plemi\u0119 Piaroa<\/span><\/strong><\/h3>\n<p><span style=\"color: #000000;\">Plemi\u0119 Piaroa to jedna z najwa\u017cniejszych rdzennych lud\u00f3w Wenezueli, a jej rozleg\u0142e terytorium obejmuje stany Amazonas i Bol\u00edvar. Piaroa \u017cyj\u0105 w r\u00f3\u017cnych przestrzeniach terytorialnych, zw\u0142aszcza w wilgotnych lasach tropikalnych.<\/span><\/p>\n<p><span style=\"color: #000000;\">Piaroa s\u0105 r\u00f3wnie\u017c zasiedlane od dziesi\u0119cioleci wzd\u0142u\u017c p\u00f3\u0142nocnej i po\u0142udniowej osi autostrady Puerto Ayacucho w stanie Amazonas, na prawym brzegu Orinoko, pomi\u0119dzy uj\u015bciem Ventuari i Samariapo oraz w Alto Orinoko, w obszarze Tama -Tama.<\/span><\/p>\n<p><span style=\"color: #000000;\">Piaroa wyst\u0119puj\u0105 r\u00f3wnie\u017c na terytorium Kolumbii, w departamencie Vichada, szczeg\u00f3lnie w rzekach Zama, In\u00edrida, Matav\u00e9n i Guaviare.<\/span><\/p>\n<p><span style=\"color: #000000;\">Piaroa liczy obecnie oko\u0142o 15 000 os\u00f3b i \u017cyje g\u0142\u00f3wnie w stanach Amazonas i Bol\u00edvar.<\/span><\/p>\n<p><span style=\"color: #000000;\">Jej terytorium w Wenezueli zajmuje obszar oko\u0142o 30 tys. km\u00b2, kt\u00f3ry obejmuje dorzecza rzek Sipapo, Autana, Cuao, Guayapo, Samariapo, Cataniapo, Paria, Parguaza, Ventuari i Manapiare, a tak\u017ce osie autostrad \u0142\u0105cz\u0105ce Puerto Ayacucho, stolica stanu Amazonas, z portem Samariapo na po\u0142udniu, \u015brodkowym dorzeczem Cataniapo na wschodzie i stanem Bol\u00edvar na p\u00f3\u0142nocy.<\/span><\/p>\n<p><span style=\"color: #000000;\">Piaroa \u017cyj\u0105 na og\u00f3\u0142 w ma\u0142ych spo\u0142eczno\u015bciach licz\u0105cych mniej ni\u017c sto os\u00f3b, oddzielonych od siebie odleg\u0142o\u015bci\u0105 oko\u0142o jednego dnia spaceru.<\/span><\/p>\n<p><span style=\"color: #000000;\">Tradycyjnie Piaroa mieszkali we wsp\u00f3lnym domu, w kt\u00f3rym by\u0142y spokrewnione r\u00f3\u017cne rodziny. Obecnie, cho\u0107 dom komunalny nadal istnieje, wsie sk\u0142adaj\u0105 si\u0119 g\u0142\u00f3wnie z dom\u00f3w jednorodzinnych. Tendencja ta wzmocni\u0142a rol\u0119 rodziny nuklearnej jako autonomicznej jednostki gospodarczej.<\/span><\/p>\n<p><span style=\"color: #000000;\">Piaroa s\u0105 bardziej zbieraczami ni\u017c rolnikami. Podstaw\u0105 ich diety jest \u0142owiectwo i rybo\u0142\u00f3wstwo, zw\u0142aszcza rybo\u0142\u00f3wstwo rzeczne. Tkaj\u0105 naturaln\u0105 bawe\u0142n\u0119 i robi\u0105 kosze.<\/span><\/p>\n<p><span style=\"color: #000000;\">Warime, czyli taniec masek, jest najwa\u017cniejszym ta\u0144cem dla ludu Piaroa. Uczestnicz\u0105 w nim szamani Piaroa (Me\u00f1er\u00faa) z r\u00f3\u017cnych spo\u0142eczno\u015bci, ubrani w kostium wykonany z palmy moriche i mask\u0119 zakrywaj\u0105c\u0105 twarz, \u015bwi\u0119tuj\u0105c dobre zbiory, zwi\u0105zki ma\u0142\u017ce\u0144skie. oraz harmonijne \u0142\u0105czenie rodzin mieszkaj\u0105cych daleko.<\/span><\/p>\n<p><span style=\"color: #000000;\">Wzg\u00f3rze Autana symbolizuje drzewo \u017cycia, z kt\u00f3rego wyros\u0142y wszystkie owoce zapewniaj\u0105ce po\u017cywienie ludziom i zwierz\u0119tom. Dla Piaroa jest to \u015bwi\u0119ta g\u00f3ra, na kt\u00f3r\u0105 nie wchodz\u0105.<\/span><\/p>\n<p><span style=\"color: #000000;\">Piaroowie pos\u0142uguj\u0105 si\u0119 j\u0119zykiem S\u00e1liba, kt\u00f3ry do niedawna by\u0142 przekazywany ustnie. Obecnie opracowali system pisma dla swojego j\u0119zyka.<\/span><\/p>\n","protected":false},"excerpt":{"rendered":"<p><span style=\"color: #000000;\">Ceremonialne kakao uprawiane przez rdzenn\u0105 spo\u0142eczno\u015b\u0107 Piaroa nad brzegiem rzeki Orinoko, w wenezuelskiej Amazonii.<\/span><\/p>\n<p><span style=\"color: #000000;\">Uprawiana jest zgodnie z tradycj\u0105 przodk\u00f3w przekazywan\u0105 z pokolenia na pokolenie. Spo\u0142eczno\u015b\u0107 Piaroa stosuje r\u00f3\u017cne scenariusze ekologiczne; lasy, rzeki i strumienie oraz tereny otwarte.<\/span><\/p>\n<p><span style=\"color: #000000;\">Idealnie nadaje si\u0119 do u\u017cytku ceremonialnego, zast\u0119puje kaw\u0119, jako \u015brodek energetyzuj\u0105cy dla sportowc\u00f3w, a nawet do wypiek\u00f3w i wyrobu czekolady. Przechowywa\u0107 w suchym i ch\u0142odnym miejscu, z dala od \u015bwiat\u0142a s\u0142onecznego.<\/span><\/p>\n<p><span style=\"color: #000000;\"><strong>Typ:<\/strong> Kakao klasy ceremonialnej.<\/span><\/p>\n<p><span style=\"color: #000000;\"><strong>Sk\u0142adniki:<\/strong> 100% czystego kakao klasy ceremonialnej.<\/span><\/p>\n<p><span style=\"color: #000000;\"><strong>Pochodzenie:<\/strong> Amazonas, Wenezuela<\/span><\/p>\n<p><span style=\"color: #000000;\"><strong>Prezentacja:<\/strong> Bar Kakaowy.<\/span><\/p>\n<p><span style=\"color: #000000;\"><strong>Odmiana:<\/strong> Criollo Piaroa<\/span><\/p>\n<p><span style=\"color: #000000;\"><strong>Rozmiar:<\/strong> 500g<\/span><\/p>\n<p><span style=\"color: #000000;\"><strong>Przechowywanie:<\/strong> Przechowywa\u0107 w ch\u0142odnym i suchym miejscu, z dala od bezpo\u015bredniego \u015bwiat\u0142a s\u0142onecznego.<\/span><\/p>\n","protected":false},"featured_media":15916,"template":"","meta":{"_joinchat":[]},"product_brand":[],"product_cat":[518,405],"product_tag":[],"class_list":{"0":"post-14563","1":"product","2":"type-product","3":"status-publish","4":"has-post-thumbnail","6":"product_cat-ceremonialnym","7":"product_cat-kakao-pl","9":"first","10":"instock","11":"taxable","12":"shipping-taxable","13":"purchasable","14":"product-type-simple"},"yoast_head":"<!-- This site is optimized with the Yoast SEO plugin v27.4 - https:\/\/yoast.com\/product\/yoast-seo-wordpress\/ -->\n<title>Uroczyste kakao z Amazonii, plemi\u0119 Piaroa<\/title>\n<meta name=\"description\" content=\"Ceremonialne kakao pochodz\u0105ce z rodzimego plemienia Piaroa, uprawiane zgodnie z tradycj\u0105 przekazywan\u0105 z pokolenia na pokolenie.\" \/>\n<meta name=\"robots\" content=\"index, follow, max-snippet:-1, max-image-preview:large, max-video-preview:-1\" \/>\n<link rel=\"canonical\" href=\"https:\/\/www.sinchisinchi.com\/pl\/producto\/plemie-amazonki-kakao-piaroa\/\" \/>\n<meta property=\"og:locale\" content=\"pl_PL\" \/>\n<meta property=\"og:type\" content=\"article\" \/>\n<meta property=\"og:title\" content=\"Uroczyste kakao z Amazonii, plemi\u0119 Piaroa\" \/>\n<meta property=\"og:description\" content=\"Ceremonialne kakao pochodz\u0105ce z rodzimego plemienia Piaroa, uprawiane zgodnie z tradycj\u0105 przekazywan\u0105 z pokolenia na pokolenie.\" \/>\n<meta property=\"og:url\" content=\"https:\/\/www.sinchisinchi.com\/pl\/producto\/plemie-amazonki-kakao-piaroa\/\" \/>\n<meta property=\"og:site_name\" content=\"SINCHI RAP\u00c9\" \/>\n<meta property=\"article:publisher\" content=\"https:\/\/www.facebook.com\/sinchirape\/\" \/>\n<meta property=\"article:modified_time\" content=\"2024-07-04T11:32:51+00:00\" \/>\n<meta property=\"og:image\" content=\"https:\/\/www.sinchisinchi.com\/wp-content\/uploads\/2024\/05\/2-Cacao-Ceremonial1-1-1024x683-copia.jpg\" \/>\n\t<meta property=\"og:image:width\" content=\"1024\" \/>\n\t<meta property=\"og:image:height\" content=\"683\" \/>\n\t<meta property=\"og:image:type\" content=\"image\/jpeg\" \/>\n<meta name=\"twitter:card\" content=\"summary_large_image\" \/>\n<meta name=\"twitter:label1\" content=\"Szacowany czas czytania\" \/>\n\t<meta name=\"twitter:data1\" content=\"2 minuty\" \/>\n<script type=\"application\/ld+json\" class=\"yoast-schema-graph\">{\"@context\":\"https:\\\/\\\/schema.org\",\"@graph\":[{\"@type\":\"WebPage\",\"@id\":\"https:\\\/\\\/www.sinchisinchi.com\\\/pl\\\/producto\\\/plemie-amazonki-kakao-piaroa\\\/\",\"url\":\"https:\\\/\\\/www.sinchisinchi.com\\\/pl\\\/producto\\\/plemie-amazonki-kakao-piaroa\\\/\",\"name\":\"Uroczyste kakao z Amazonii, plemi\u0119 Piaroa\",\"isPartOf\":{\"@id\":\"https:\\\/\\\/www.sinchisinchi.com\\\/pl\\\/#website\"},\"primaryImageOfPage\":{\"@id\":\"https:\\\/\\\/www.sinchisinchi.com\\\/pl\\\/producto\\\/plemie-amazonki-kakao-piaroa\\\/#primaryimage\"},\"image\":{\"@id\":\"https:\\\/\\\/www.sinchisinchi.com\\\/pl\\\/producto\\\/plemie-amazonki-kakao-piaroa\\\/#primaryimage\"},\"thumbnailUrl\":\"https:\\\/\\\/www.sinchisinchi.com\\\/wp-content\\\/uploads\\\/2024\\\/05\\\/2-Cacao-Ceremonial1-1-1024x683-copia.jpg\",\"datePublished\":\"2024-05-27T13:00:33+00:00\",\"dateModified\":\"2024-07-04T11:32:51+00:00\",\"description\":\"Ceremonialne kakao pochodz\u0105ce z rodzimego plemienia Piaroa, uprawiane zgodnie z tradycj\u0105 przekazywan\u0105 z pokolenia na pokolenie.\",\"breadcrumb\":{\"@id\":\"https:\\\/\\\/www.sinchisinchi.com\\\/pl\\\/producto\\\/plemie-amazonki-kakao-piaroa\\\/#breadcrumb\"},\"inLanguage\":\"pl-PL\",\"potentialAction\":[{\"@type\":\"ReadAction\",\"target\":[\"https:\\\/\\\/www.sinchisinchi.com\\\/pl\\\/producto\\\/plemie-amazonki-kakao-piaroa\\\/\"]}]},{\"@type\":\"ImageObject\",\"inLanguage\":\"pl-PL\",\"@id\":\"https:\\\/\\\/www.sinchisinchi.com\\\/pl\\\/producto\\\/plemie-amazonki-kakao-piaroa\\\/#primaryimage\",\"url\":\"https:\\\/\\\/www.sinchisinchi.com\\\/wp-content\\\/uploads\\\/2024\\\/05\\\/2-Cacao-Ceremonial1-1-1024x683-copia.jpg\",\"contentUrl\":\"https:\\\/\\\/www.sinchisinchi.com\\\/wp-content\\\/uploads\\\/2024\\\/05\\\/2-Cacao-Ceremonial1-1-1024x683-copia.jpg\",\"width\":1024,\"height\":683},{\"@type\":\"BreadcrumbList\",\"@id\":\"https:\\\/\\\/www.sinchisinchi.com\\\/pl\\\/producto\\\/plemie-amazonki-kakao-piaroa\\\/#breadcrumb\",\"itemListElement\":[{\"@type\":\"ListItem\",\"position\":1,\"name\":\"Pierwsza strona\",\"item\":\"https:\\\/\\\/www.sinchisinchi.com\\\/pl\\\/\"},{\"@type\":\"ListItem\",\"position\":2,\"name\":\"Produkty\",\"item\":\"https:\\\/\\\/www.sinchisinchi.com\\\/pl\\\/shop\\\/\"},{\"@type\":\"ListItem\",\"position\":3,\"name\":\"Plemi\u0119 Amazonki Kakao Piaroa\"}]},{\"@type\":\"WebSite\",\"@id\":\"https:\\\/\\\/www.sinchisinchi.com\\\/pl\\\/#website\",\"url\":\"https:\\\/\\\/www.sinchisinchi.com\\\/pl\\\/\",\"name\":\"SINCHI\",\"description\":\"Sinchi Medicine\",\"publisher\":{\"@id\":\"https:\\\/\\\/www.sinchisinchi.com\\\/pl\\\/#organization\"},\"potentialAction\":[{\"@type\":\"SearchAction\",\"target\":{\"@type\":\"EntryPoint\",\"urlTemplate\":\"https:\\\/\\\/www.sinchisinchi.com\\\/pl\\\/?s={search_term_string}\"},\"query-input\":{\"@type\":\"PropertyValueSpecification\",\"valueRequired\":true,\"valueName\":\"search_term_string\"}}],\"inLanguage\":\"pl-PL\"},{\"@type\":\"Organization\",\"@id\":\"https:\\\/\\\/www.sinchisinchi.com\\\/pl\\\/#organization\",\"name\":\"SINCHI S.L\",\"url\":\"https:\\\/\\\/www.sinchisinchi.com\\\/pl\\\/\",\"logo\":{\"@type\":\"ImageObject\",\"inLanguage\":\"pl-PL\",\"@id\":\"https:\\\/\\\/www.sinchisinchi.com\\\/pl\\\/#\\\/schema\\\/logo\\\/image\\\/\",\"url\":\"https:\\\/\\\/www.sinchisinchi.com\\\/wp-content\\\/uploads\\\/2026\\\/01\\\/3b-Verde-SIMPLIFICADO-HORIZONTAL-F-TRANSPARENTE-scaled.png\",\"contentUrl\":\"https:\\\/\\\/www.sinchisinchi.com\\\/wp-content\\\/uploads\\\/2026\\\/01\\\/3b-Verde-SIMPLIFICADO-HORIZONTAL-F-TRANSPARENTE-scaled.png\",\"width\":2560,\"height\":457,\"caption\":\"SINCHI S.L\"},\"image\":{\"@id\":\"https:\\\/\\\/www.sinchisinchi.com\\\/pl\\\/#\\\/schema\\\/logo\\\/image\\\/\"},\"sameAs\":[\"https:\\\/\\\/www.facebook.com\\\/sinchirape\\\/\",\"https:\\\/\\\/www.instagram.com\\\/sinchi_rape\\\/\"]}]}<\/script>\n<!-- \/ Yoast SEO plugin. -->","yoast_head_json":{"title":"Uroczyste kakao z Amazonii, plemi\u0119 Piaroa","description":"Ceremonialne kakao pochodz\u0105ce z rodzimego plemienia Piaroa, uprawiane zgodnie z tradycj\u0105 przekazywan\u0105 z pokolenia na pokolenie.","robots":{"index":"index","follow":"follow","max-snippet":"max-snippet:-1","max-image-preview":"max-image-preview:large","max-video-preview":"max-video-preview:-1"},"canonical":"https:\/\/www.sinchisinchi.com\/pl\/producto\/plemie-amazonki-kakao-piaroa\/","og_locale":"pl_PL","og_type":"article","og_title":"Uroczyste kakao z Amazonii, plemi\u0119 Piaroa","og_description":"Ceremonialne kakao pochodz\u0105ce z rodzimego plemienia Piaroa, uprawiane zgodnie z tradycj\u0105 przekazywan\u0105 z pokolenia na pokolenie.","og_url":"https:\/\/www.sinchisinchi.com\/pl\/producto\/plemie-amazonki-kakao-piaroa\/","og_site_name":"SINCHI RAP\u00c9","article_publisher":"https:\/\/www.facebook.com\/sinchirape\/","article_modified_time":"2024-07-04T11:32:51+00:00","og_image":[{"width":1024,"height":683,"url":"https:\/\/www.sinchisinchi.com\/wp-content\/uploads\/2024\/05\/2-Cacao-Ceremonial1-1-1024x683-copia.jpg","type":"image\/jpeg"}],"twitter_card":"summary_large_image","twitter_misc":{"Szacowany czas czytania":"2 minuty"},"schema":{"@context":"https:\/\/schema.org","@graph":[{"@type":"WebPage","@id":"https:\/\/www.sinchisinchi.com\/pl\/producto\/plemie-amazonki-kakao-piaroa\/","url":"https:\/\/www.sinchisinchi.com\/pl\/producto\/plemie-amazonki-kakao-piaroa\/","name":"Uroczyste kakao z Amazonii, plemi\u0119 Piaroa","isPartOf":{"@id":"https:\/\/www.sinchisinchi.com\/pl\/#website"},"primaryImageOfPage":{"@id":"https:\/\/www.sinchisinchi.com\/pl\/producto\/plemie-amazonki-kakao-piaroa\/#primaryimage"},"image":{"@id":"https:\/\/www.sinchisinchi.com\/pl\/producto\/plemie-amazonki-kakao-piaroa\/#primaryimage"},"thumbnailUrl":"https:\/\/www.sinchisinchi.com\/wp-content\/uploads\/2024\/05\/2-Cacao-Ceremonial1-1-1024x683-copia.jpg","datePublished":"2024-05-27T13:00:33+00:00","dateModified":"2024-07-04T11:32:51+00:00","description":"Ceremonialne kakao pochodz\u0105ce z rodzimego plemienia Piaroa, uprawiane zgodnie z tradycj\u0105 przekazywan\u0105 z pokolenia na pokolenie.","breadcrumb":{"@id":"https:\/\/www.sinchisinchi.com\/pl\/producto\/plemie-amazonki-kakao-piaroa\/#breadcrumb"},"inLanguage":"pl-PL","potentialAction":[{"@type":"ReadAction","target":["https:\/\/www.sinchisinchi.com\/pl\/producto\/plemie-amazonki-kakao-piaroa\/"]}]},{"@type":"ImageObject","inLanguage":"pl-PL","@id":"https:\/\/www.sinchisinchi.com\/pl\/producto\/plemie-amazonki-kakao-piaroa\/#primaryimage","url":"https:\/\/www.sinchisinchi.com\/wp-content\/uploads\/2024\/05\/2-Cacao-Ceremonial1-1-1024x683-copia.jpg","contentUrl":"https:\/\/www.sinchisinchi.com\/wp-content\/uploads\/2024\/05\/2-Cacao-Ceremonial1-1-1024x683-copia.jpg","width":1024,"height":683},{"@type":"BreadcrumbList","@id":"https:\/\/www.sinchisinchi.com\/pl\/producto\/plemie-amazonki-kakao-piaroa\/#breadcrumb","itemListElement":[{"@type":"ListItem","position":1,"name":"Pierwsza strona","item":"https:\/\/www.sinchisinchi.com\/pl\/"},{"@type":"ListItem","position":2,"name":"Produkty","item":"https:\/\/www.sinchisinchi.com\/pl\/shop\/"},{"@type":"ListItem","position":3,"name":"Plemi\u0119 Amazonki Kakao Piaroa"}]},{"@type":"WebSite","@id":"https:\/\/www.sinchisinchi.com\/pl\/#website","url":"https:\/\/www.sinchisinchi.com\/pl\/","name":"SINCHI","description":"Sinchi Medicine","publisher":{"@id":"https:\/\/www.sinchisinchi.com\/pl\/#organization"},"potentialAction":[{"@type":"SearchAction","target":{"@type":"EntryPoint","urlTemplate":"https:\/\/www.sinchisinchi.com\/pl\/?s={search_term_string}"},"query-input":{"@type":"PropertyValueSpecification","valueRequired":true,"valueName":"search_term_string"}}],"inLanguage":"pl-PL"},{"@type":"Organization","@id":"https:\/\/www.sinchisinchi.com\/pl\/#organization","name":"SINCHI S.L","url":"https:\/\/www.sinchisinchi.com\/pl\/","logo":{"@type":"ImageObject","inLanguage":"pl-PL","@id":"https:\/\/www.sinchisinchi.com\/pl\/#\/schema\/logo\/image\/","url":"https:\/\/www.sinchisinchi.com\/wp-content\/uploads\/2026\/01\/3b-Verde-SIMPLIFICADO-HORIZONTAL-F-TRANSPARENTE-scaled.png","contentUrl":"https:\/\/www.sinchisinchi.com\/wp-content\/uploads\/2026\/01\/3b-Verde-SIMPLIFICADO-HORIZONTAL-F-TRANSPARENTE-scaled.png","width":2560,"height":457,"caption":"SINCHI S.L"},"image":{"@id":"https:\/\/www.sinchisinchi.com\/pl\/#\/schema\/logo\/image\/"},"sameAs":["https:\/\/www.facebook.com\/sinchirape\/","https:\/\/www.instagram.com\/sinchi_rape\/"]}]}},"_links":{"self":[{"href":"https:\/\/www.sinchisinchi.com\/pl\/wp-json\/wp\/v2\/product\/14563","targetHints":{"allow":["GET"]}}],"collection":[{"href":"https:\/\/www.sinchisinchi.com\/pl\/wp-json\/wp\/v2\/product"}],"about":[{"href":"https:\/\/www.sinchisinchi.com\/pl\/wp-json\/wp\/v2\/types\/product"}],"wp:featuredmedia":[{"embeddable":true,"href":"https:\/\/www.sinchisinchi.com\/pl\/wp-json\/wp\/v2\/media\/15916"}],"wp:attachment":[{"href":"https:\/\/www.sinchisinchi.com\/pl\/wp-json\/wp\/v2\/media?parent=14563"}],"wp:term":[{"taxonomy":"product_brand","embeddable":true,"href":"https:\/\/www.sinchisinchi.com\/pl\/wp-json\/wp\/v2\/product_brand?post=14563"},{"taxonomy":"product_cat","embeddable":true,"href":"https:\/\/www.sinchisinchi.com\/pl\/wp-json\/wp\/v2\/product_cat?post=14563"},{"taxonomy":"product_tag","embeddable":true,"href":"https:\/\/www.sinchisinchi.com\/pl\/wp-json\/wp\/v2\/product_tag?post=14563"}],"curies":[{"name":"wp","href":"https:\/\/api.w.org\/{rel}","templated":true}]}}