{"id":14677,"date":"2024-05-28T13:10:03","date_gmt":"2024-05-28T13:10:03","guid":{"rendered":"https:\/\/www.sinchisinchi.com\/producto\/kakao-z-czerwonego-lotosu\/"},"modified":"2024-07-04T11:19:22","modified_gmt":"2024-07-04T11:19:22","slug":"kakao-z-czerwonego-lotosu","status":"publish","type":"product","link":"https:\/\/www.sinchisinchi.com\/pl\/producto\/kakao-z-czerwonego-lotosu\/","title":{"rendered":"Kakao z Czerwonego Lotosu"},"content":{"rendered":"","protected":false},"excerpt":{"rendered":"<p><span style=\"color: #000000;\">Uroczyste kakao z Czerwonym Lotosem. Po\u0142\u0105czenie ceremonialnego kakao i czerwonego lotosu tworzy synergi\u0119 wspieraj\u0105c\u0105 samopoznanie i g\u0142\u0119bokie po\u0142\u0105czenie z wy\u017csz\u0105 \u015bwiadomo\u015bci\u0105.<\/span><\/p>\n<p><span style=\"color: #000000;\">Lotos to \u015bwi\u0119ta ro\u015blina u\u017cywana w staro\u017cytnym Egipcie, gdzie symbolizowa\u0142a zmartwychwstanie; Jej nasiona mog\u0105 kie\u0142kowa\u0107 nawet po 3000 latach. By\u0142 tak\u017ce symbolem G\u00f3rnego Egiptu przed zjednoczeniem obu kr\u00f3lestw.<\/span><\/p>\n<p><span style=\"color: #000000;\">W Chinach kwiat ten jest obiektem szczeg\u00f3lnej czci ze wzgl\u0119du na swoj\u0105 d\u0142ugowieczno\u015b\u0107, gdy\u017c uwa\u017cany jest za najstarszy kwiat, u\u017cywany od ponad 6000 lat.<\/span><\/p>\n<p><span style=\"color: #000000;\">Dla taoizmu i buddyzmu ten kwiat jest zawsze czysty i czysty, poniewa\u017c unosi si\u0119 nad b\u0142otem, czysty i wolny od wszelkich wi\u0119z\u00f3w, co jest oznak\u0105 czysto\u015bci i \u015bwi\u0119to\u015bci.<\/span><\/p>\n<p><span style=\"color: #000000;\">Czerwony lotos reprezentuje cechy serca, takie jak mi\u0142o\u015b\u0107, pasja i wsp\u00f3\u0142czucie. Znany jest r\u00f3wnie\u017c jako kwiat Buddy Wsp\u00f3\u0142czucia.<\/span><\/p>\n<p><span style=\"color: #000000;\"><strong>Typ:<\/strong> Kakao klasy ceremonialnej<\/span><\/p>\n<p><span style=\"color: #000000;\"><strong>Sk\u0142adniki:<\/strong> Kakao (Theobroma cacao), mas\u0142o kakaowe, mieszanka przypraw (cynamon, kardamon, go\u017adziki i chili), czerwony lotos (Nymphaea pubescens) 0,8 g ekstraktu na porcj\u0119. Zawiera ekstrakt z czerwonego lotosu w proporcji 50:1.<\/span><\/p>\n<p><span style=\"color: #000000;\">Ka\u017cda porcja zawiera 0,8 g ekstraktu z czerwonego lotosu 50:1, co odpowiada 40 gramom surowca ro\u015blinnego.<\/span><\/p>\n<p><span style=\"color: #000000;\"><strong>Pochodzenie:<\/strong> Kolumbia<\/span><\/p>\n<p><span style=\"color: #000000;\"><strong>Prezentacja:<\/strong> Blok kakaowy.<\/span><\/p>\n<p><span style=\"color: #000000;\"><strong>Masa netto:<\/strong> 400g<\/span><\/p>\n<p><span style=\"color: #000000;\"><strong>Przechowywanie:<\/strong> Przechowywa\u0107 w ch\u0142odnym i suchym miejscu, z dala od bezpo\u015bredniego \u015bwiat\u0142a s\u0142onecznego.<\/span><\/p>\n","protected":false},"featured_media":14520,"template":"","meta":{"_joinchat":[]},"product_brand":[],"product_cat":[405,523],"product_tag":[],"class_list":{"0":"post-14677","1":"product","2":"type-product","3":"status-publish","4":"has-post-thumbnail","6":"product_cat-kakao-pl","7":"product_cat-magiczny","9":"first","10":"instock","11":"taxable","12":"shipping-taxable","13":"purchasable","14":"product-type-simple"},"yoast_head":"<!-- This site is optimized with the Yoast SEO plugin v27.1.1 - https:\/\/yoast.com\/product\/yoast-seo-wordpress\/ -->\n<title>Ceremonialne kakao z czerwonego lotosu \u2013 Sinchi, Shamanic Shop<\/title>\n<meta name=\"description\" content=\"Po\u0142\u0105czenie ceremonialnego kakao i czerwonego lotosu tworzy synergi\u0119 wspieraj\u0105c\u0105 samopoznanie i g\u0142\u0119bokie po\u0142\u0105czenie z wy\u017csz\u0105 \u015bwiadomo\u015bci\u0105.\" \/>\n<meta name=\"robots\" content=\"index, follow, max-snippet:-1, max-image-preview:large, max-video-preview:-1\" \/>\n<link rel=\"canonical\" href=\"https:\/\/www.sinchisinchi.com\/pl\/producto\/kakao-z-czerwonego-lotosu\/\" \/>\n<meta property=\"og:locale\" content=\"pl_PL\" \/>\n<meta property=\"og:type\" content=\"article\" \/>\n<meta property=\"og:title\" content=\"Ceremonialne kakao z czerwonego lotosu \u2013 Sinchi, Shamanic Shop\" \/>\n<meta property=\"og:description\" content=\"Po\u0142\u0105czenie ceremonialnego kakao i czerwonego lotosu tworzy synergi\u0119 wspieraj\u0105c\u0105 samopoznanie i g\u0142\u0119bokie po\u0142\u0105czenie z wy\u017csz\u0105 \u015bwiadomo\u015bci\u0105.\" \/>\n<meta property=\"og:url\" content=\"https:\/\/www.sinchisinchi.com\/pl\/producto\/kakao-z-czerwonego-lotosu\/\" \/>\n<meta property=\"og:site_name\" content=\"SINCHI RAP\u00c9\" \/>\n<meta property=\"article:publisher\" content=\"https:\/\/www.facebook.com\/sinchirape\/\" \/>\n<meta property=\"article:modified_time\" content=\"2024-07-04T11:19:22+00:00\" \/>\n<meta property=\"og:image\" content=\"https:\/\/www.sinchisinchi.com\/wp-content\/uploads\/2024\/05\/red-lotus.webp\" \/>\n\t<meta property=\"og:image:width\" content=\"1946\" \/>\n\t<meta property=\"og:image:height\" content=\"1946\" \/>\n\t<meta property=\"og:image:type\" content=\"image\/webp\" \/>\n<meta name=\"twitter:card\" content=\"summary_large_image\" \/>\n<script type=\"application\/ld+json\" class=\"yoast-schema-graph\">{\"@context\":\"https:\/\/schema.org\",\"@graph\":[{\"@type\":\"WebPage\",\"@id\":\"https:\/\/www.sinchisinchi.com\/pl\/producto\/kakao-z-czerwonego-lotosu\/\",\"url\":\"https:\/\/www.sinchisinchi.com\/pl\/producto\/kakao-z-czerwonego-lotosu\/\",\"name\":\"Ceremonialne kakao z czerwonego lotosu \u2013 Sinchi, Shamanic Shop\",\"isPartOf\":{\"@id\":\"https:\/\/www.sinchisinchi.com\/pl\/#website\"},\"primaryImageOfPage\":{\"@id\":\"https:\/\/www.sinchisinchi.com\/pl\/producto\/kakao-z-czerwonego-lotosu\/#primaryimage\"},\"image\":{\"@id\":\"https:\/\/www.sinchisinchi.com\/pl\/producto\/kakao-z-czerwonego-lotosu\/#primaryimage\"},\"thumbnailUrl\":\"https:\/\/www.sinchisinchi.com\/wp-content\/uploads\/2024\/05\/red-lotus.webp\",\"datePublished\":\"2024-05-28T13:10:03+00:00\",\"dateModified\":\"2024-07-04T11:19:22+00:00\",\"description\":\"Po\u0142\u0105czenie ceremonialnego kakao i czerwonego lotosu tworzy synergi\u0119 wspieraj\u0105c\u0105 samopoznanie i g\u0142\u0119bokie po\u0142\u0105czenie z wy\u017csz\u0105 \u015bwiadomo\u015bci\u0105.\",\"breadcrumb\":{\"@id\":\"https:\/\/www.sinchisinchi.com\/pl\/producto\/kakao-z-czerwonego-lotosu\/#breadcrumb\"},\"inLanguage\":\"pl-PL\",\"potentialAction\":[{\"@type\":\"ReadAction\",\"target\":[\"https:\/\/www.sinchisinchi.com\/pl\/producto\/kakao-z-czerwonego-lotosu\/\"]}]},{\"@type\":\"ImageObject\",\"inLanguage\":\"pl-PL\",\"@id\":\"https:\/\/www.sinchisinchi.com\/pl\/producto\/kakao-z-czerwonego-lotosu\/#primaryimage\",\"url\":\"https:\/\/www.sinchisinchi.com\/wp-content\/uploads\/2024\/05\/red-lotus.webp\",\"contentUrl\":\"https:\/\/www.sinchisinchi.com\/wp-content\/uploads\/2024\/05\/red-lotus.webp\",\"width\":1946,\"height\":1946},{\"@type\":\"BreadcrumbList\",\"@id\":\"https:\/\/www.sinchisinchi.com\/pl\/producto\/kakao-z-czerwonego-lotosu\/#breadcrumb\",\"itemListElement\":[{\"@type\":\"ListItem\",\"position\":1,\"name\":\"Pierwsza strona\",\"item\":\"https:\/\/www.sinchisinchi.com\/pl\/\"},{\"@type\":\"ListItem\",\"position\":2,\"name\":\"Produkty\",\"item\":\"https:\/\/www.sinchisinchi.com\/pl\/shop\/\"},{\"@type\":\"ListItem\",\"position\":3,\"name\":\"Kakao z Czerwonego Lotosu\"}]},{\"@type\":\"WebSite\",\"@id\":\"https:\/\/www.sinchisinchi.com\/pl\/#website\",\"url\":\"https:\/\/www.sinchisinchi.com\/pl\/\",\"name\":\"SINCHI\",\"description\":\"Sinchi Medicine\",\"publisher\":{\"@id\":\"https:\/\/www.sinchisinchi.com\/pl\/#organization\"},\"potentialAction\":[{\"@type\":\"SearchAction\",\"target\":{\"@type\":\"EntryPoint\",\"urlTemplate\":\"https:\/\/www.sinchisinchi.com\/pl\/?s={search_term_string}\"},\"query-input\":{\"@type\":\"PropertyValueSpecification\",\"valueRequired\":true,\"valueName\":\"search_term_string\"}}],\"inLanguage\":\"pl-PL\"},{\"@type\":\"Organization\",\"@id\":\"https:\/\/www.sinchisinchi.com\/pl\/#organization\",\"name\":\"SINCHI S.L\",\"url\":\"https:\/\/www.sinchisinchi.com\/pl\/\",\"logo\":{\"@type\":\"ImageObject\",\"inLanguage\":\"pl-PL\",\"@id\":\"https:\/\/www.sinchisinchi.com\/pl\/#\/schema\/logo\/image\/\",\"url\":\"https:\/\/www.sinchisinchi.com\/wp-content\/uploads\/2026\/01\/3b-Verde-SIMPLIFICADO-HORIZONTAL-F-TRANSPARENTE-scaled.png\",\"contentUrl\":\"https:\/\/www.sinchisinchi.com\/wp-content\/uploads\/2026\/01\/3b-Verde-SIMPLIFICADO-HORIZONTAL-F-TRANSPARENTE-scaled.png\",\"width\":2560,\"height\":457,\"caption\":\"SINCHI S.L\"},\"image\":{\"@id\":\"https:\/\/www.sinchisinchi.com\/pl\/#\/schema\/logo\/image\/\"},\"sameAs\":[\"https:\/\/www.facebook.com\/sinchirape\/\",\"https:\/\/www.instagram.com\/sinchi_rape\/\"]}]}<\/script>\n<!-- \/ Yoast SEO plugin. -->","yoast_head_json":{"title":"Ceremonialne kakao z czerwonego lotosu \u2013 Sinchi, Shamanic Shop","description":"Po\u0142\u0105czenie ceremonialnego kakao i czerwonego lotosu tworzy synergi\u0119 wspieraj\u0105c\u0105 samopoznanie i g\u0142\u0119bokie po\u0142\u0105czenie z wy\u017csz\u0105 \u015bwiadomo\u015bci\u0105.","robots":{"index":"index","follow":"follow","max-snippet":"max-snippet:-1","max-image-preview":"max-image-preview:large","max-video-preview":"max-video-preview:-1"},"canonical":"https:\/\/www.sinchisinchi.com\/pl\/producto\/kakao-z-czerwonego-lotosu\/","og_locale":"pl_PL","og_type":"article","og_title":"Ceremonialne kakao z czerwonego lotosu \u2013 Sinchi, Shamanic Shop","og_description":"Po\u0142\u0105czenie ceremonialnego kakao i czerwonego lotosu tworzy synergi\u0119 wspieraj\u0105c\u0105 samopoznanie i g\u0142\u0119bokie po\u0142\u0105czenie z wy\u017csz\u0105 \u015bwiadomo\u015bci\u0105.","og_url":"https:\/\/www.sinchisinchi.com\/pl\/producto\/kakao-z-czerwonego-lotosu\/","og_site_name":"SINCHI RAP\u00c9","article_publisher":"https:\/\/www.facebook.com\/sinchirape\/","article_modified_time":"2024-07-04T11:19:22+00:00","og_image":[{"width":1946,"height":1946,"url":"https:\/\/www.sinchisinchi.com\/wp-content\/uploads\/2024\/05\/red-lotus.webp","type":"image\/webp"}],"twitter_card":"summary_large_image","schema":{"@context":"https:\/\/schema.org","@graph":[{"@type":"WebPage","@id":"https:\/\/www.sinchisinchi.com\/pl\/producto\/kakao-z-czerwonego-lotosu\/","url":"https:\/\/www.sinchisinchi.com\/pl\/producto\/kakao-z-czerwonego-lotosu\/","name":"Ceremonialne kakao z czerwonego lotosu \u2013 Sinchi, Shamanic Shop","isPartOf":{"@id":"https:\/\/www.sinchisinchi.com\/pl\/#website"},"primaryImageOfPage":{"@id":"https:\/\/www.sinchisinchi.com\/pl\/producto\/kakao-z-czerwonego-lotosu\/#primaryimage"},"image":{"@id":"https:\/\/www.sinchisinchi.com\/pl\/producto\/kakao-z-czerwonego-lotosu\/#primaryimage"},"thumbnailUrl":"https:\/\/www.sinchisinchi.com\/wp-content\/uploads\/2024\/05\/red-lotus.webp","datePublished":"2024-05-28T13:10:03+00:00","dateModified":"2024-07-04T11:19:22+00:00","description":"Po\u0142\u0105czenie ceremonialnego kakao i czerwonego lotosu tworzy synergi\u0119 wspieraj\u0105c\u0105 samopoznanie i g\u0142\u0119bokie po\u0142\u0105czenie z wy\u017csz\u0105 \u015bwiadomo\u015bci\u0105.","breadcrumb":{"@id":"https:\/\/www.sinchisinchi.com\/pl\/producto\/kakao-z-czerwonego-lotosu\/#breadcrumb"},"inLanguage":"pl-PL","potentialAction":[{"@type":"ReadAction","target":["https:\/\/www.sinchisinchi.com\/pl\/producto\/kakao-z-czerwonego-lotosu\/"]}]},{"@type":"ImageObject","inLanguage":"pl-PL","@id":"https:\/\/www.sinchisinchi.com\/pl\/producto\/kakao-z-czerwonego-lotosu\/#primaryimage","url":"https:\/\/www.sinchisinchi.com\/wp-content\/uploads\/2024\/05\/red-lotus.webp","contentUrl":"https:\/\/www.sinchisinchi.com\/wp-content\/uploads\/2024\/05\/red-lotus.webp","width":1946,"height":1946},{"@type":"BreadcrumbList","@id":"https:\/\/www.sinchisinchi.com\/pl\/producto\/kakao-z-czerwonego-lotosu\/#breadcrumb","itemListElement":[{"@type":"ListItem","position":1,"name":"Pierwsza strona","item":"https:\/\/www.sinchisinchi.com\/pl\/"},{"@type":"ListItem","position":2,"name":"Produkty","item":"https:\/\/www.sinchisinchi.com\/pl\/shop\/"},{"@type":"ListItem","position":3,"name":"Kakao z Czerwonego Lotosu"}]},{"@type":"WebSite","@id":"https:\/\/www.sinchisinchi.com\/pl\/#website","url":"https:\/\/www.sinchisinchi.com\/pl\/","name":"SINCHI","description":"Sinchi Medicine","publisher":{"@id":"https:\/\/www.sinchisinchi.com\/pl\/#organization"},"potentialAction":[{"@type":"SearchAction","target":{"@type":"EntryPoint","urlTemplate":"https:\/\/www.sinchisinchi.com\/pl\/?s={search_term_string}"},"query-input":{"@type":"PropertyValueSpecification","valueRequired":true,"valueName":"search_term_string"}}],"inLanguage":"pl-PL"},{"@type":"Organization","@id":"https:\/\/www.sinchisinchi.com\/pl\/#organization","name":"SINCHI S.L","url":"https:\/\/www.sinchisinchi.com\/pl\/","logo":{"@type":"ImageObject","inLanguage":"pl-PL","@id":"https:\/\/www.sinchisinchi.com\/pl\/#\/schema\/logo\/image\/","url":"https:\/\/www.sinchisinchi.com\/wp-content\/uploads\/2026\/01\/3b-Verde-SIMPLIFICADO-HORIZONTAL-F-TRANSPARENTE-scaled.png","contentUrl":"https:\/\/www.sinchisinchi.com\/wp-content\/uploads\/2026\/01\/3b-Verde-SIMPLIFICADO-HORIZONTAL-F-TRANSPARENTE-scaled.png","width":2560,"height":457,"caption":"SINCHI S.L"},"image":{"@id":"https:\/\/www.sinchisinchi.com\/pl\/#\/schema\/logo\/image\/"},"sameAs":["https:\/\/www.facebook.com\/sinchirape\/","https:\/\/www.instagram.com\/sinchi_rape\/"]}]}},"_links":{"self":[{"href":"https:\/\/www.sinchisinchi.com\/pl\/wp-json\/wp\/v2\/product\/14677","targetHints":{"allow":["GET"]}}],"collection":[{"href":"https:\/\/www.sinchisinchi.com\/pl\/wp-json\/wp\/v2\/product"}],"about":[{"href":"https:\/\/www.sinchisinchi.com\/pl\/wp-json\/wp\/v2\/types\/product"}],"wp:featuredmedia":[{"embeddable":true,"href":"https:\/\/www.sinchisinchi.com\/pl\/wp-json\/wp\/v2\/media\/14520"}],"wp:attachment":[{"href":"https:\/\/www.sinchisinchi.com\/pl\/wp-json\/wp\/v2\/media?parent=14677"}],"wp:term":[{"taxonomy":"product_brand","embeddable":true,"href":"https:\/\/www.sinchisinchi.com\/pl\/wp-json\/wp\/v2\/product_brand?post=14677"},{"taxonomy":"product_cat","embeddable":true,"href":"https:\/\/www.sinchisinchi.com\/pl\/wp-json\/wp\/v2\/product_cat?post=14677"},{"taxonomy":"product_tag","embeddable":true,"href":"https:\/\/www.sinchisinchi.com\/pl\/wp-json\/wp\/v2\/product_tag?post=14677"}],"curies":[{"name":"wp","href":"https:\/\/api.w.org\/{rel}","templated":true}]}}