{"id":14682,"date":"2024-05-28T13:14:24","date_gmt":"2024-05-28T13:14:24","guid":{"rendered":"https:\/\/www.sinchisinchi.com\/producto\/kakao-rozowego-lotosu\/"},"modified":"2024-07-04T11:15:21","modified_gmt":"2024-07-04T11:15:21","slug":"kakao-rozowego-lotosu","status":"publish","type":"product","link":"https:\/\/www.sinchisinchi.com\/pl\/producto\/kakao-rozowego-lotosu\/","title":{"rendered":"Kakao R\u00f3\u017cowego Lotosu"},"content":{"rendered":"<p><span style=\"color: #000000;\">W buddyzmie znana jest jako ro\u015blina przynosz\u0105ca o\u015bwiecenie; Nawet je\u015bli ro\u015bnie w b\u0142ocie bagien, kwiat zawsze si\u0119 wy\u0142ania, unosz\u0105c si\u0119 czysty i czysty.<\/span><\/p>\n<p><span style=\"color: #000000;\">Reprezentuje tak\u017ce s\u0142o\u0144ce oraz ko\u0142o narodzin i odrodzenia, poniewa\u017c jego p\u0142atki otwieraj\u0105 si\u0119 o \u015bwicie i zamykaj\u0105, gdy robi si\u0119 ciemno.<\/span><\/p>\n<p><span style=\"color: #000000;\">Kwiat lotosu kojarzono z bogini\u0105 Nefereti i bogiem s\u0142o\u0144ca Ra, kt\u00f3rego czasami przedstawiano jako dziecko le\u017c\u0105ce na kwiacie lotosu. G\u0142owice egipskich kolumn cz\u0119sto rze\u017abiono w kszta\u0142cie lotosu, zar\u00f3wno w p\u0105kach, jak i w pe\u0142nym rozkwicie.<\/span><\/p>\n<p><span style=\"color: #000000;\">Jednym z najstarszych emblemat\u00f3w sztuki azjatyckiej jest lotos, kt\u00f3ry symbolizuje stworzenie i czysto\u015b\u0107. Jego d\u0142uga \u0142odyga jest p\u0119powin\u0105, kt\u00f3ra jednoczy cz\u0142owieka z jego pochodzeniem, podczas gdy doskona\u0142y kwiat reprezentuje iluminacj\u0119 i czysto\u015b\u0107, do kt\u00f3rych d\u0105\u017cy ludzka dusza.<\/span><\/p>\n<p><span style=\"color: #000000;\">\u015awi\u0119ty kwiat lotosu jest narodowym symbolem Indii, cz\u0119sto kojarzonym z Maha Lakszmi, bogini\u0105 obfito\u015bci.<\/span><\/p>\n<p><span style=\"color: #000000;\">Wed\u0142ug mitologii hinduskiej Budda pojawi\u0142 si\u0119 unosz\u0105cy si\u0119 na ogromnym li\u015bciu lotosu i zawsze jest przedstawiany na cokole w kszta\u0142cie tej ro\u015bliny.<\/span><\/p>\n<p><span style=\"color: #000000;\">W Odysei Ulisses i jego za\u0142oga l\u0105duj\u0105 na wyspie lotoso\u017cerc\u00f3w. Na P\u00f3\u0142wyspie Iberyjskim na stanowiskach w Sewilli z okresu Tartessos (750\u2013550 p.n.e.) odnaleziono pozosta\u0142o\u015bci archeologiczne w kszta\u0142cie lotosu.<\/span><\/p>\n","protected":false},"excerpt":{"rendered":"<p><span style=\"color: #000000;\">Uroczyste kakao z R\u00f3\u017cowym Lotosem. Po\u0142\u0105czenie ceremonialnego kakao i r\u00f3\u017cowego lotosu wspiera samopoznanie i po\u0142\u0105czenie z wy\u017csz\u0105 \u015bwiadomo\u015bci\u0105. Wzmacnia po\u0142\u0105czenie z Ziemi\u0105, kr\u00f3lestwem ro\u015blin i m\u0105dro\u015bci\u0105 Wszech\u015bwiata. Wspomaga otwarcie i wyr\u00f3wnanie serca.<\/span><\/p>\n<p><span style=\"color: #000000;\"><strong>Typ:<\/strong> Kakao klasy ceremonialnej<\/span><\/p>\n<p><span style=\"color: #000000;\"><strong>Sk\u0142adniki:<\/strong> Kakao (Theobroma cacao), mas\u0142o kakaowe, mieszanka przypraw (cynamon, kardamon, go\u017adziki i chilli), r\u00f3\u017cowy lotos (Nelumbo nucifera) 0,8 g ekstraktu w porcji.<\/span><\/p>\n<p><span style=\"color: #000000;\">Zawiera ekstrakt w proporcji 50:1. Ka\u017cda porcja zawiera 0,8 g ekstraktu z r\u00f3\u017cowego lotosu 50:1, co odpowiada 40 gramom oryginalnego materia\u0142u ro\u015blinnego.<\/span><\/p>\n<p><span style=\"color: #000000;\"><strong>Pochodzenie:<\/strong> Kolumbia<\/span><\/p>\n<p><span style=\"color: #000000;\"><strong>Prezentacja:<\/strong> Blok kakaowy.<\/span><\/p>\n<p><span style=\"color: #000000;\"><strong>Masa netto:<\/strong> 400g<\/span><\/p>\n<p><span style=\"color: #000000;\"><strong>Przechowywanie:<\/strong> Przechowywa\u0107 w ch\u0142odnym i suchym miejscu, z dala od bezpo\u015bredniego \u015bwiat\u0142a s\u0142onecznego.<\/span><\/p>\n","protected":false},"featured_media":14527,"template":"","meta":{"_joinchat":[]},"product_brand":[],"product_cat":[405,523],"product_tag":[],"class_list":{"0":"post-14682","1":"product","2":"type-product","3":"status-publish","4":"has-post-thumbnail","6":"product_cat-kakao-pl","7":"product_cat-magiczny","9":"first","10":"instock","11":"taxable","12":"shipping-taxable","13":"purchasable","14":"product-type-simple"},"yoast_head":"<!-- This site is optimized with the Yoast SEO plugin v27.4 - https:\/\/yoast.com\/product\/yoast-seo-wordpress\/ -->\n<title>Ceremonialne kakao z r\u00f3\u017cowego lotosu \u2013 Sinchi, Shamanic Shop<\/title>\n<meta name=\"description\" content=\"Uroczyste kakao z R\u00f3\u017cowym Lotosem. Po\u0142\u0105czenie ceremonialnego kakao i r\u00f3\u017cowego lotosu wspiera samopoznanie i po\u0142\u0105czenie z wy\u017csz\u0105 \u015bwiadomo\u015bci\u0105.\" \/>\n<meta name=\"robots\" content=\"index, follow, max-snippet:-1, max-image-preview:large, max-video-preview:-1\" \/>\n<link rel=\"canonical\" href=\"https:\/\/www.sinchisinchi.com\/pl\/producto\/kakao-rozowego-lotosu\/\" \/>\n<meta property=\"og:locale\" content=\"pl_PL\" \/>\n<meta property=\"og:type\" content=\"article\" \/>\n<meta property=\"og:title\" content=\"Ceremonialne kakao z r\u00f3\u017cowego lotosu \u2013 Sinchi, Shamanic Shop\" \/>\n<meta property=\"og:description\" content=\"Uroczyste kakao z R\u00f3\u017cowym Lotosem. Po\u0142\u0105czenie ceremonialnego kakao i r\u00f3\u017cowego lotosu wspiera samopoznanie i po\u0142\u0105czenie z wy\u017csz\u0105 \u015bwiadomo\u015bci\u0105.\" \/>\n<meta property=\"og:url\" content=\"https:\/\/www.sinchisinchi.com\/pl\/producto\/kakao-rozowego-lotosu\/\" \/>\n<meta property=\"og:site_name\" content=\"SINCHI RAP\u00c9\" \/>\n<meta property=\"article:publisher\" content=\"https:\/\/www.facebook.com\/sinchirape\/\" \/>\n<meta property=\"article:modified_time\" content=\"2024-07-04T11:15:21+00:00\" \/>\n<meta property=\"og:image\" content=\"https:\/\/www.sinchisinchi.com\/wp-content\/uploads\/2024\/05\/loto-rosa.webp\" \/>\n\t<meta property=\"og:image:width\" content=\"1946\" \/>\n\t<meta property=\"og:image:height\" content=\"1946\" \/>\n\t<meta property=\"og:image:type\" content=\"image\/webp\" \/>\n<meta name=\"twitter:card\" content=\"summary_large_image\" \/>\n<meta name=\"twitter:label1\" content=\"Szacowany czas czytania\" \/>\n\t<meta name=\"twitter:data1\" content=\"1 minuta\" \/>\n<script type=\"application\/ld+json\" class=\"yoast-schema-graph\">{\"@context\":\"https:\\\/\\\/schema.org\",\"@graph\":[{\"@type\":\"WebPage\",\"@id\":\"https:\\\/\\\/www.sinchisinchi.com\\\/pl\\\/producto\\\/kakao-rozowego-lotosu\\\/\",\"url\":\"https:\\\/\\\/www.sinchisinchi.com\\\/pl\\\/producto\\\/kakao-rozowego-lotosu\\\/\",\"name\":\"Ceremonialne kakao z r\u00f3\u017cowego lotosu \u2013 Sinchi, Shamanic Shop\",\"isPartOf\":{\"@id\":\"https:\\\/\\\/www.sinchisinchi.com\\\/pl\\\/#website\"},\"primaryImageOfPage\":{\"@id\":\"https:\\\/\\\/www.sinchisinchi.com\\\/pl\\\/producto\\\/kakao-rozowego-lotosu\\\/#primaryimage\"},\"image\":{\"@id\":\"https:\\\/\\\/www.sinchisinchi.com\\\/pl\\\/producto\\\/kakao-rozowego-lotosu\\\/#primaryimage\"},\"thumbnailUrl\":\"https:\\\/\\\/www.sinchisinchi.com\\\/wp-content\\\/uploads\\\/2024\\\/05\\\/loto-rosa.webp\",\"datePublished\":\"2024-05-28T13:14:24+00:00\",\"dateModified\":\"2024-07-04T11:15:21+00:00\",\"description\":\"Uroczyste kakao z R\u00f3\u017cowym Lotosem. Po\u0142\u0105czenie ceremonialnego kakao i r\u00f3\u017cowego lotosu wspiera samopoznanie i po\u0142\u0105czenie z wy\u017csz\u0105 \u015bwiadomo\u015bci\u0105.\",\"breadcrumb\":{\"@id\":\"https:\\\/\\\/www.sinchisinchi.com\\\/pl\\\/producto\\\/kakao-rozowego-lotosu\\\/#breadcrumb\"},\"inLanguage\":\"pl-PL\",\"potentialAction\":[{\"@type\":\"ReadAction\",\"target\":[\"https:\\\/\\\/www.sinchisinchi.com\\\/pl\\\/producto\\\/kakao-rozowego-lotosu\\\/\"]}]},{\"@type\":\"ImageObject\",\"inLanguage\":\"pl-PL\",\"@id\":\"https:\\\/\\\/www.sinchisinchi.com\\\/pl\\\/producto\\\/kakao-rozowego-lotosu\\\/#primaryimage\",\"url\":\"https:\\\/\\\/www.sinchisinchi.com\\\/wp-content\\\/uploads\\\/2024\\\/05\\\/loto-rosa.webp\",\"contentUrl\":\"https:\\\/\\\/www.sinchisinchi.com\\\/wp-content\\\/uploads\\\/2024\\\/05\\\/loto-rosa.webp\",\"width\":1946,\"height\":1946,\"caption\":\"Uroczysty obraz kakao\"},{\"@type\":\"BreadcrumbList\",\"@id\":\"https:\\\/\\\/www.sinchisinchi.com\\\/pl\\\/producto\\\/kakao-rozowego-lotosu\\\/#breadcrumb\",\"itemListElement\":[{\"@type\":\"ListItem\",\"position\":1,\"name\":\"Pierwsza strona\",\"item\":\"https:\\\/\\\/www.sinchisinchi.com\\\/pl\\\/\"},{\"@type\":\"ListItem\",\"position\":2,\"name\":\"Produkty\",\"item\":\"https:\\\/\\\/www.sinchisinchi.com\\\/pl\\\/shop\\\/\"},{\"@type\":\"ListItem\",\"position\":3,\"name\":\"Kakao R\u00f3\u017cowego Lotosu\"}]},{\"@type\":\"WebSite\",\"@id\":\"https:\\\/\\\/www.sinchisinchi.com\\\/pl\\\/#website\",\"url\":\"https:\\\/\\\/www.sinchisinchi.com\\\/pl\\\/\",\"name\":\"SINCHI\",\"description\":\"Sinchi Medicine\",\"publisher\":{\"@id\":\"https:\\\/\\\/www.sinchisinchi.com\\\/pl\\\/#organization\"},\"potentialAction\":[{\"@type\":\"SearchAction\",\"target\":{\"@type\":\"EntryPoint\",\"urlTemplate\":\"https:\\\/\\\/www.sinchisinchi.com\\\/pl\\\/?s={search_term_string}\"},\"query-input\":{\"@type\":\"PropertyValueSpecification\",\"valueRequired\":true,\"valueName\":\"search_term_string\"}}],\"inLanguage\":\"pl-PL\"},{\"@type\":\"Organization\",\"@id\":\"https:\\\/\\\/www.sinchisinchi.com\\\/pl\\\/#organization\",\"name\":\"SINCHI S.L\",\"url\":\"https:\\\/\\\/www.sinchisinchi.com\\\/pl\\\/\",\"logo\":{\"@type\":\"ImageObject\",\"inLanguage\":\"pl-PL\",\"@id\":\"https:\\\/\\\/www.sinchisinchi.com\\\/pl\\\/#\\\/schema\\\/logo\\\/image\\\/\",\"url\":\"https:\\\/\\\/www.sinchisinchi.com\\\/wp-content\\\/uploads\\\/2026\\\/01\\\/3b-Verde-SIMPLIFICADO-HORIZONTAL-F-TRANSPARENTE-scaled.png\",\"contentUrl\":\"https:\\\/\\\/www.sinchisinchi.com\\\/wp-content\\\/uploads\\\/2026\\\/01\\\/3b-Verde-SIMPLIFICADO-HORIZONTAL-F-TRANSPARENTE-scaled.png\",\"width\":2560,\"height\":457,\"caption\":\"SINCHI S.L\"},\"image\":{\"@id\":\"https:\\\/\\\/www.sinchisinchi.com\\\/pl\\\/#\\\/schema\\\/logo\\\/image\\\/\"},\"sameAs\":[\"https:\\\/\\\/www.facebook.com\\\/sinchirape\\\/\",\"https:\\\/\\\/www.instagram.com\\\/sinchi_rape\\\/\"]}]}<\/script>\n<!-- \/ Yoast SEO plugin. -->","yoast_head_json":{"title":"Ceremonialne kakao z r\u00f3\u017cowego lotosu \u2013 Sinchi, Shamanic Shop","description":"Uroczyste kakao z R\u00f3\u017cowym Lotosem. Po\u0142\u0105czenie ceremonialnego kakao i r\u00f3\u017cowego lotosu wspiera samopoznanie i po\u0142\u0105czenie z wy\u017csz\u0105 \u015bwiadomo\u015bci\u0105.","robots":{"index":"index","follow":"follow","max-snippet":"max-snippet:-1","max-image-preview":"max-image-preview:large","max-video-preview":"max-video-preview:-1"},"canonical":"https:\/\/www.sinchisinchi.com\/pl\/producto\/kakao-rozowego-lotosu\/","og_locale":"pl_PL","og_type":"article","og_title":"Ceremonialne kakao z r\u00f3\u017cowego lotosu \u2013 Sinchi, Shamanic Shop","og_description":"Uroczyste kakao z R\u00f3\u017cowym Lotosem. Po\u0142\u0105czenie ceremonialnego kakao i r\u00f3\u017cowego lotosu wspiera samopoznanie i po\u0142\u0105czenie z wy\u017csz\u0105 \u015bwiadomo\u015bci\u0105.","og_url":"https:\/\/www.sinchisinchi.com\/pl\/producto\/kakao-rozowego-lotosu\/","og_site_name":"SINCHI RAP\u00c9","article_publisher":"https:\/\/www.facebook.com\/sinchirape\/","article_modified_time":"2024-07-04T11:15:21+00:00","og_image":[{"width":1946,"height":1946,"url":"https:\/\/www.sinchisinchi.com\/wp-content\/uploads\/2024\/05\/loto-rosa.webp","type":"image\/webp"}],"twitter_card":"summary_large_image","twitter_misc":{"Szacowany czas czytania":"1 minuta"},"schema":{"@context":"https:\/\/schema.org","@graph":[{"@type":"WebPage","@id":"https:\/\/www.sinchisinchi.com\/pl\/producto\/kakao-rozowego-lotosu\/","url":"https:\/\/www.sinchisinchi.com\/pl\/producto\/kakao-rozowego-lotosu\/","name":"Ceremonialne kakao z r\u00f3\u017cowego lotosu \u2013 Sinchi, Shamanic Shop","isPartOf":{"@id":"https:\/\/www.sinchisinchi.com\/pl\/#website"},"primaryImageOfPage":{"@id":"https:\/\/www.sinchisinchi.com\/pl\/producto\/kakao-rozowego-lotosu\/#primaryimage"},"image":{"@id":"https:\/\/www.sinchisinchi.com\/pl\/producto\/kakao-rozowego-lotosu\/#primaryimage"},"thumbnailUrl":"https:\/\/www.sinchisinchi.com\/wp-content\/uploads\/2024\/05\/loto-rosa.webp","datePublished":"2024-05-28T13:14:24+00:00","dateModified":"2024-07-04T11:15:21+00:00","description":"Uroczyste kakao z R\u00f3\u017cowym Lotosem. Po\u0142\u0105czenie ceremonialnego kakao i r\u00f3\u017cowego lotosu wspiera samopoznanie i po\u0142\u0105czenie z wy\u017csz\u0105 \u015bwiadomo\u015bci\u0105.","breadcrumb":{"@id":"https:\/\/www.sinchisinchi.com\/pl\/producto\/kakao-rozowego-lotosu\/#breadcrumb"},"inLanguage":"pl-PL","potentialAction":[{"@type":"ReadAction","target":["https:\/\/www.sinchisinchi.com\/pl\/producto\/kakao-rozowego-lotosu\/"]}]},{"@type":"ImageObject","inLanguage":"pl-PL","@id":"https:\/\/www.sinchisinchi.com\/pl\/producto\/kakao-rozowego-lotosu\/#primaryimage","url":"https:\/\/www.sinchisinchi.com\/wp-content\/uploads\/2024\/05\/loto-rosa.webp","contentUrl":"https:\/\/www.sinchisinchi.com\/wp-content\/uploads\/2024\/05\/loto-rosa.webp","width":1946,"height":1946,"caption":"Uroczysty obraz kakao"},{"@type":"BreadcrumbList","@id":"https:\/\/www.sinchisinchi.com\/pl\/producto\/kakao-rozowego-lotosu\/#breadcrumb","itemListElement":[{"@type":"ListItem","position":1,"name":"Pierwsza strona","item":"https:\/\/www.sinchisinchi.com\/pl\/"},{"@type":"ListItem","position":2,"name":"Produkty","item":"https:\/\/www.sinchisinchi.com\/pl\/shop\/"},{"@type":"ListItem","position":3,"name":"Kakao R\u00f3\u017cowego Lotosu"}]},{"@type":"WebSite","@id":"https:\/\/www.sinchisinchi.com\/pl\/#website","url":"https:\/\/www.sinchisinchi.com\/pl\/","name":"SINCHI","description":"Sinchi Medicine","publisher":{"@id":"https:\/\/www.sinchisinchi.com\/pl\/#organization"},"potentialAction":[{"@type":"SearchAction","target":{"@type":"EntryPoint","urlTemplate":"https:\/\/www.sinchisinchi.com\/pl\/?s={search_term_string}"},"query-input":{"@type":"PropertyValueSpecification","valueRequired":true,"valueName":"search_term_string"}}],"inLanguage":"pl-PL"},{"@type":"Organization","@id":"https:\/\/www.sinchisinchi.com\/pl\/#organization","name":"SINCHI S.L","url":"https:\/\/www.sinchisinchi.com\/pl\/","logo":{"@type":"ImageObject","inLanguage":"pl-PL","@id":"https:\/\/www.sinchisinchi.com\/pl\/#\/schema\/logo\/image\/","url":"https:\/\/www.sinchisinchi.com\/wp-content\/uploads\/2026\/01\/3b-Verde-SIMPLIFICADO-HORIZONTAL-F-TRANSPARENTE-scaled.png","contentUrl":"https:\/\/www.sinchisinchi.com\/wp-content\/uploads\/2026\/01\/3b-Verde-SIMPLIFICADO-HORIZONTAL-F-TRANSPARENTE-scaled.png","width":2560,"height":457,"caption":"SINCHI S.L"},"image":{"@id":"https:\/\/www.sinchisinchi.com\/pl\/#\/schema\/logo\/image\/"},"sameAs":["https:\/\/www.facebook.com\/sinchirape\/","https:\/\/www.instagram.com\/sinchi_rape\/"]}]}},"_links":{"self":[{"href":"https:\/\/www.sinchisinchi.com\/pl\/wp-json\/wp\/v2\/product\/14682","targetHints":{"allow":["GET"]}}],"collection":[{"href":"https:\/\/www.sinchisinchi.com\/pl\/wp-json\/wp\/v2\/product"}],"about":[{"href":"https:\/\/www.sinchisinchi.com\/pl\/wp-json\/wp\/v2\/types\/product"}],"wp:featuredmedia":[{"embeddable":true,"href":"https:\/\/www.sinchisinchi.com\/pl\/wp-json\/wp\/v2\/media\/14527"}],"wp:attachment":[{"href":"https:\/\/www.sinchisinchi.com\/pl\/wp-json\/wp\/v2\/media?parent=14682"}],"wp:term":[{"taxonomy":"product_brand","embeddable":true,"href":"https:\/\/www.sinchisinchi.com\/pl\/wp-json\/wp\/v2\/product_brand?post=14682"},{"taxonomy":"product_cat","embeddable":true,"href":"https:\/\/www.sinchisinchi.com\/pl\/wp-json\/wp\/v2\/product_cat?post=14682"},{"taxonomy":"product_tag","embeddable":true,"href":"https:\/\/www.sinchisinchi.com\/pl\/wp-json\/wp\/v2\/product_tag?post=14682"}],"curies":[{"name":"wp","href":"https:\/\/api.w.org\/{rel}","templated":true}]}}