{"id":16023,"date":"2024-07-04T10:04:18","date_gmt":"2024-07-04T10:04:18","guid":{"rendered":"https:\/\/www.sinchisinchi.com\/producto\/gwatemalskie-ceremonialne-kakao-2\/"},"modified":"2024-07-04T10:04:18","modified_gmt":"2024-07-04T10:04:18","slug":"gwatemalskie-ceremonialne-kakao-2","status":"publish","type":"product","link":"https:\/\/www.sinchisinchi.com\/pl\/producto\/gwatemalskie-ceremonialne-kakao-2\/","title":{"rendered":"Gwatemalskie ceremonialne kakao"},"content":{"rendered":"<h2 style=\"text-align: center;\"><strong>Kakaowe q\u2019eqchi\u2019<\/strong><\/h2>\n<p>Kakaw to staro\u017cytny nap\u00f3j Maj\u00f3w Q&#8217;eqchi, u\u017cywany podczas wielu ceremonii Maj\u00f3w.<\/p>\n<p>W g\u00f3rzystym regionie Alta Verapaz w Gwatemali rdzenni rolnicy Q&#8217;eqchi uprawiaj\u0105 jedne z najlepszych kakao na \u015bwiecie.<\/p>\n<p>W ekoregionie Lachu\u00e1 znajduje si\u0119 pi\u0119kna laguna uznawana od 1976 roku za park narodowy: Laguna Lachu\u00e1, wok\u00f3\u0142 kt\u00f3rej \u017cyj\u0105 liczne rodziny Maj\u00f3w Q&#8217;eqchi&#8217;, zajmuj\u0105ce si\u0119 g\u0142\u00f3wnie upraw\u0105 kakao.<\/p>\n<h3 style=\"text-align: center;\"><strong>Rodzima wioska Q&#8217;eqchi<\/strong><\/h3>\n<p>Q&#8217;eqchi&#8217; to miasto Maj\u00f3w, kt\u00f3re nadal istnieje w Gwatemali. Osiedlili si\u0119 wok\u00f3\u0142 wzg\u00f3rz w pobli\u017cu rzek Chixoy i Polochic oko\u0142o 600 roku p.n.e. i mieli kontakt ze staro\u017cytnymi cywilizacjami, takimi jak Pipil, Toltekowie, Chichimeca i wielkimi miastami Maj\u00f3w.<\/p>\n<p>A\u017c do przybycia Hiszpan\u00f3w rz\u0105dzili nimi wodzowie, kt\u00f3rzy z kolei byli zale\u017cni od wielkiego pana wybranego przez wszystkich wodz\u00f3w.<\/p>\n<p>Stanowiska archeologiczne ze \u015bladami konstrukcji z kamienia jateado to Chajkar, Chimax, Chinama, Ku&#8217;k&#8217;uch w Chinapet\u00e9n i za Kalwari\u0105 San Pedro Carch\u00e1. Kalwaria w Cob\u00e1n jest jednym z najwa\u017cniejszych o\u015brodk\u00f3w ceremonialnych Maj\u00f3w.<\/p>\n<p>G\u0142\u00f3wn\u0105 dzia\u0142alno\u015bci\u0105 gospodarcz\u0105 jest rolnictwo; Sadzone s\u0105 kukurydza i fasola, kt\u00f3re stanowi\u0105 rodzinne po\u017cywienie, uzupe\u0142nione hodowl\u0105 ptak\u00f3w, \u015bwi\u0144 i innych zwierz\u0105t domowych.<\/p>\n<p>Jego imi\u0119 jest zapisane jako Kekch\u00ed (wed\u0142ug obecnej pisowni) lub Q&#8217;eqchi&#8217; (wed\u0142ug staro\u017cytnej pisowni).<\/p>\n<p>&nbsp;<\/p>\n<h3 style=\"text-align: center;\"><strong>Rodzima wioska Mopan<\/strong><\/h3>\n<p>Mieszka\u0144cy Mop\u00e1n to jedno z miast Maj\u00f3w w Belize i Gwatemali w departamencie Pet\u00e9n. Ich rodzimy j\u0119zyk nazywany jest tak\u017ce Mop\u00e1n i jest jednym z j\u0119zyk\u00f3w Maj\u00f3w na Jukatece w Meksyku, uwa\u017canym za j\u0119zyk zagro\u017cony.<\/p>\n<p>Ich dieta opiera si\u0119 na kukurydzy, z kt\u00f3rej czerpi\u0105 du\u017c\u0105 cz\u0119\u015b\u0107 swoich tradycyjnych receptur: nuk (bu\u0142ka), tait (tait (tamale kukurydziane), k&#8217;a k&#8217;aan ek&#8217;en (oset w\u0119dzony), chu&#8217; uk wa ( s\u0142odki tost).<\/p>\n<p>Spo\u0142eczno\u015b\u0107 Mop\u00e1n specjalizuje si\u0119 w hafcie na tkaninach, z kt\u00f3rego szyje koszule, bluzki, torby, uchwyty na p\u0119dzle, obrusy i pokrowce. Do tworzenia haft\u00f3w wykorzystuje si\u0119 tkanin\u0119 dakronow\u0105, we\u0142n\u0119 i ni\u0107.<\/p>\n<p>J\u0119zyk Mop\u00e1n nale\u017cy do rodziny j\u0119zyk\u00f3w Maj\u00f3w wyst\u0119puj\u0105cej w Meksyku. Chocia\u017c j\u0119zyk ten podupad\u0142 pod wp\u0142ywem j\u0119zyka hiszpa\u0144skiego i angielskiego, nadal jest u\u017cywany w wielu spo\u0142eczno\u015bciach Mopan. Niekt\u00f3re popularne s\u0142owa w j\u0119zyku Mop\u00e1n to \u201eK\u2019iche\u201d (las), \u201eNo\u2019j\u201d (m\u0105dro\u015b\u0107) i \u201eTz\u2019ikin\u201d (ptak). Zachowanie ich j\u0119zyka jest uwa\u017cane za kluczowy element przetrwania ich kultury.<\/p>\n<p>Obecnie Mop\u00e1nowie stoj\u0105 przed wieloma wyzwaniami, do kt\u00f3rych zalicza si\u0119 zachowanie swojej kultury i ziem w obliczu modernizacji i globalizacji, utrzymanie przy \u017cyciu tradycji i j\u0119zyka, przystosowanie si\u0119 do zmian bez utraty ich istoty.<\/p>\n<p>\u015awiatopogl\u0105d Mop\u00e1n rozumie \u015bwiat jako wzajemnie powi\u0105zan\u0105 ca\u0142o\u015b\u0107, w kt\u00f3rej ka\u017cdy element, ludzki, zwierz\u0119cy czy naturalny, odgrywa istotn\u0105 rol\u0119. Ten \u015bwiatopogl\u0105d wp\u0142ywa na wszystkie aspekty ich \u017cycia, od rolnictwa po relacje spo\u0142eczne.<\/p>\n","protected":false},"excerpt":{"rendered":"<p>100% czystego kakao ceremonialnego, pochodz\u0105cego z rodzimych rodzin Maj\u00f3w Q&#8217;eqchi.<\/p>\n<p>To ceremonialne kakao wysokiej jako\u015bci jest uprawiane i zbierane przez rodzime rodziny Maj\u00f3w Q&#8217;eqchi, wiele z nich na wy\u017cynach Gwatemali wok\u00f3\u0142 Laguna Lachu\u00e1, pi\u0119knej cenote.<\/p>\n<p>Majowie uprawiali kakao przez tysi\u0105ce lat w doskona\u0142ej harmonii z miodem, kardamonem i kukurydz\u0105.<\/p>\n<p>Rdzenne spo\u0142eczno\u015bci Q&#8217;eqchi&#8217; s\u0105 stra\u017cnikami \u015bwi\u0119to\u015bci kakao i od tysi\u0119cy lat przechowuj\u0105 pradawne ceremonie ognia i kakao.<\/p>\n<p>&nbsp;<\/p>\n<p><strong>Typ:<\/strong> kakao klasy ceremonialnej.<\/p>\n<p><strong>Sk\u0142adniki:<\/strong> Kakao ceremonialne, pieprz cayenne, cynamon cejlo\u0144ski i wanilia.<\/p>\n<p><strong>Pochodzenie:<\/strong> plemiona Maj\u00f3w z po\u0142udniowego Belize.<\/p>\n<p><strong>Prezentacja:<\/strong> Blok kakaowy.<\/p>\n<p><strong>Rozmiar:<\/strong> 500 gram\u00f3w.<\/p>\n<p><strong>Przechowywanie:<\/strong> Przechowywa\u0107 w ch\u0142odnym i suchym miejscu, z dala od bezpo\u015bredniego \u015bwiat\u0142a s\u0142onecznego.<\/p>\n","protected":false},"featured_media":15916,"template":"","meta":{"_joinchat":[]},"product_brand":[],"product_cat":[183,518,405],"product_tag":[],"class_list":{"0":"post-16023","1":"product","2":"type-product","3":"status-publish","4":"has-post-thumbnail","6":"product_cat-bez-kategorii","7":"product_cat-ceremonialnym","8":"product_cat-kakao-pl","10":"first","11":"instock","12":"taxable","13":"shipping-taxable","14":"purchasable","15":"product-type-simple"},"yoast_head":"<!-- This site is optimized with the Yoast SEO plugin v27.1.1 - https:\/\/yoast.com\/product\/yoast-seo-wordpress\/ -->\n<title>Ceremonialne kakao z Gwatemali: Sinchi, sklep szama\u0144ski<\/title>\n<meta name=\"description\" content=\"To ceremonialne kakao wysokiej jako\u015bci jest uprawiane i zbierane przez rodzime rodziny Maj\u00f3w Q&#039;eqchi w okolicach laguny Lachu\u00e1.\" \/>\n<meta name=\"robots\" content=\"index, follow, max-snippet:-1, max-image-preview:large, max-video-preview:-1\" \/>\n<link rel=\"canonical\" href=\"https:\/\/www.sinchisinchi.com\/pl\/producto\/gwatemalskie-ceremonialne-kakao-2\/\" \/>\n<meta property=\"og:locale\" content=\"pl_PL\" \/>\n<meta property=\"og:type\" content=\"article\" \/>\n<meta property=\"og:title\" content=\"Ceremonialne kakao z Gwatemali: Sinchi, sklep szama\u0144ski\" \/>\n<meta property=\"og:description\" content=\"To ceremonialne kakao wysokiej jako\u015bci jest uprawiane i zbierane przez rodzime rodziny Maj\u00f3w Q&#039;eqchi w okolicach laguny Lachu\u00e1.\" \/>\n<meta property=\"og:url\" content=\"https:\/\/www.sinchisinchi.com\/pl\/producto\/gwatemalskie-ceremonialne-kakao-2\/\" \/>\n<meta property=\"og:site_name\" content=\"SINCHI RAP\u00c9\" \/>\n<meta property=\"article:publisher\" content=\"https:\/\/www.facebook.com\/sinchirape\/\" \/>\n<meta property=\"og:image\" content=\"https:\/\/www.sinchisinchi.com\/wp-content\/uploads\/2024\/05\/2-Cacao-Ceremonial1-1-1024x683-copia.jpg\" \/>\n\t<meta property=\"og:image:width\" content=\"1024\" \/>\n\t<meta property=\"og:image:height\" content=\"683\" \/>\n\t<meta property=\"og:image:type\" content=\"image\/jpeg\" \/>\n<meta name=\"twitter:card\" content=\"summary_large_image\" \/>\n<meta name=\"twitter:label1\" content=\"Szacowany czas czytania\" \/>\n\t<meta name=\"twitter:data1\" content=\"3 minuty\" \/>\n<script type=\"application\/ld+json\" class=\"yoast-schema-graph\">{\"@context\":\"https:\/\/schema.org\",\"@graph\":[{\"@type\":\"WebPage\",\"@id\":\"https:\/\/www.sinchisinchi.com\/pl\/producto\/gwatemalskie-ceremonialne-kakao-2\/\",\"url\":\"https:\/\/www.sinchisinchi.com\/pl\/producto\/gwatemalskie-ceremonialne-kakao-2\/\",\"name\":\"Ceremonialne kakao z Gwatemali: Sinchi, sklep szama\u0144ski\",\"isPartOf\":{\"@id\":\"https:\/\/www.sinchisinchi.com\/pl\/#website\"},\"primaryImageOfPage\":{\"@id\":\"https:\/\/www.sinchisinchi.com\/pl\/producto\/gwatemalskie-ceremonialne-kakao-2\/#primaryimage\"},\"image\":{\"@id\":\"https:\/\/www.sinchisinchi.com\/pl\/producto\/gwatemalskie-ceremonialne-kakao-2\/#primaryimage\"},\"thumbnailUrl\":\"https:\/\/www.sinchisinchi.com\/wp-content\/uploads\/2024\/05\/2-Cacao-Ceremonial1-1-1024x683-copia.jpg\",\"datePublished\":\"2024-07-04T10:04:18+00:00\",\"description\":\"To ceremonialne kakao wysokiej jako\u015bci jest uprawiane i zbierane przez rodzime rodziny Maj\u00f3w Q'eqchi w okolicach laguny Lachu\u00e1.\",\"breadcrumb\":{\"@id\":\"https:\/\/www.sinchisinchi.com\/pl\/producto\/gwatemalskie-ceremonialne-kakao-2\/#breadcrumb\"},\"inLanguage\":\"pl-PL\",\"potentialAction\":[{\"@type\":\"ReadAction\",\"target\":[\"https:\/\/www.sinchisinchi.com\/pl\/producto\/gwatemalskie-ceremonialne-kakao-2\/\"]}]},{\"@type\":\"ImageObject\",\"inLanguage\":\"pl-PL\",\"@id\":\"https:\/\/www.sinchisinchi.com\/pl\/producto\/gwatemalskie-ceremonialne-kakao-2\/#primaryimage\",\"url\":\"https:\/\/www.sinchisinchi.com\/wp-content\/uploads\/2024\/05\/2-Cacao-Ceremonial1-1-1024x683-copia.jpg\",\"contentUrl\":\"https:\/\/www.sinchisinchi.com\/wp-content\/uploads\/2024\/05\/2-Cacao-Ceremonial1-1-1024x683-copia.jpg\",\"width\":1024,\"height\":683},{\"@type\":\"BreadcrumbList\",\"@id\":\"https:\/\/www.sinchisinchi.com\/pl\/producto\/gwatemalskie-ceremonialne-kakao-2\/#breadcrumb\",\"itemListElement\":[{\"@type\":\"ListItem\",\"position\":1,\"name\":\"Pierwsza strona\",\"item\":\"https:\/\/www.sinchisinchi.com\/pl\/\"},{\"@type\":\"ListItem\",\"position\":2,\"name\":\"Produkty\",\"item\":\"https:\/\/www.sinchisinchi.com\/pl\/shop\/\"},{\"@type\":\"ListItem\",\"position\":3,\"name\":\"Gwatemalskie ceremonialne kakao\"}]},{\"@type\":\"WebSite\",\"@id\":\"https:\/\/www.sinchisinchi.com\/pl\/#website\",\"url\":\"https:\/\/www.sinchisinchi.com\/pl\/\",\"name\":\"SINCHI\",\"description\":\"Sinchi Medicine\",\"publisher\":{\"@id\":\"https:\/\/www.sinchisinchi.com\/pl\/#organization\"},\"potentialAction\":[{\"@type\":\"SearchAction\",\"target\":{\"@type\":\"EntryPoint\",\"urlTemplate\":\"https:\/\/www.sinchisinchi.com\/pl\/?s={search_term_string}\"},\"query-input\":{\"@type\":\"PropertyValueSpecification\",\"valueRequired\":true,\"valueName\":\"search_term_string\"}}],\"inLanguage\":\"pl-PL\"},{\"@type\":\"Organization\",\"@id\":\"https:\/\/www.sinchisinchi.com\/pl\/#organization\",\"name\":\"SINCHI S.L\",\"url\":\"https:\/\/www.sinchisinchi.com\/pl\/\",\"logo\":{\"@type\":\"ImageObject\",\"inLanguage\":\"pl-PL\",\"@id\":\"https:\/\/www.sinchisinchi.com\/pl\/#\/schema\/logo\/image\/\",\"url\":\"https:\/\/www.sinchisinchi.com\/wp-content\/uploads\/2026\/01\/3b-Verde-SIMPLIFICADO-HORIZONTAL-F-TRANSPARENTE-scaled.png\",\"contentUrl\":\"https:\/\/www.sinchisinchi.com\/wp-content\/uploads\/2026\/01\/3b-Verde-SIMPLIFICADO-HORIZONTAL-F-TRANSPARENTE-scaled.png\",\"width\":2560,\"height\":457,\"caption\":\"SINCHI S.L\"},\"image\":{\"@id\":\"https:\/\/www.sinchisinchi.com\/pl\/#\/schema\/logo\/image\/\"},\"sameAs\":[\"https:\/\/www.facebook.com\/sinchirape\/\",\"https:\/\/www.instagram.com\/sinchi_rape\/\"]}]}<\/script>\n<!-- \/ Yoast SEO plugin. -->","yoast_head_json":{"title":"Ceremonialne kakao z Gwatemali: Sinchi, sklep szama\u0144ski","description":"To ceremonialne kakao wysokiej jako\u015bci jest uprawiane i zbierane przez rodzime rodziny Maj\u00f3w Q'eqchi w okolicach laguny Lachu\u00e1.","robots":{"index":"index","follow":"follow","max-snippet":"max-snippet:-1","max-image-preview":"max-image-preview:large","max-video-preview":"max-video-preview:-1"},"canonical":"https:\/\/www.sinchisinchi.com\/pl\/producto\/gwatemalskie-ceremonialne-kakao-2\/","og_locale":"pl_PL","og_type":"article","og_title":"Ceremonialne kakao z Gwatemali: Sinchi, sklep szama\u0144ski","og_description":"To ceremonialne kakao wysokiej jako\u015bci jest uprawiane i zbierane przez rodzime rodziny Maj\u00f3w Q'eqchi w okolicach laguny Lachu\u00e1.","og_url":"https:\/\/www.sinchisinchi.com\/pl\/producto\/gwatemalskie-ceremonialne-kakao-2\/","og_site_name":"SINCHI RAP\u00c9","article_publisher":"https:\/\/www.facebook.com\/sinchirape\/","og_image":[{"width":1024,"height":683,"url":"https:\/\/www.sinchisinchi.com\/wp-content\/uploads\/2024\/05\/2-Cacao-Ceremonial1-1-1024x683-copia.jpg","type":"image\/jpeg"}],"twitter_card":"summary_large_image","twitter_misc":{"Szacowany czas czytania":"3 minuty"},"schema":{"@context":"https:\/\/schema.org","@graph":[{"@type":"WebPage","@id":"https:\/\/www.sinchisinchi.com\/pl\/producto\/gwatemalskie-ceremonialne-kakao-2\/","url":"https:\/\/www.sinchisinchi.com\/pl\/producto\/gwatemalskie-ceremonialne-kakao-2\/","name":"Ceremonialne kakao z Gwatemali: Sinchi, sklep szama\u0144ski","isPartOf":{"@id":"https:\/\/www.sinchisinchi.com\/pl\/#website"},"primaryImageOfPage":{"@id":"https:\/\/www.sinchisinchi.com\/pl\/producto\/gwatemalskie-ceremonialne-kakao-2\/#primaryimage"},"image":{"@id":"https:\/\/www.sinchisinchi.com\/pl\/producto\/gwatemalskie-ceremonialne-kakao-2\/#primaryimage"},"thumbnailUrl":"https:\/\/www.sinchisinchi.com\/wp-content\/uploads\/2024\/05\/2-Cacao-Ceremonial1-1-1024x683-copia.jpg","datePublished":"2024-07-04T10:04:18+00:00","description":"To ceremonialne kakao wysokiej jako\u015bci jest uprawiane i zbierane przez rodzime rodziny Maj\u00f3w Q'eqchi w okolicach laguny Lachu\u00e1.","breadcrumb":{"@id":"https:\/\/www.sinchisinchi.com\/pl\/producto\/gwatemalskie-ceremonialne-kakao-2\/#breadcrumb"},"inLanguage":"pl-PL","potentialAction":[{"@type":"ReadAction","target":["https:\/\/www.sinchisinchi.com\/pl\/producto\/gwatemalskie-ceremonialne-kakao-2\/"]}]},{"@type":"ImageObject","inLanguage":"pl-PL","@id":"https:\/\/www.sinchisinchi.com\/pl\/producto\/gwatemalskie-ceremonialne-kakao-2\/#primaryimage","url":"https:\/\/www.sinchisinchi.com\/wp-content\/uploads\/2024\/05\/2-Cacao-Ceremonial1-1-1024x683-copia.jpg","contentUrl":"https:\/\/www.sinchisinchi.com\/wp-content\/uploads\/2024\/05\/2-Cacao-Ceremonial1-1-1024x683-copia.jpg","width":1024,"height":683},{"@type":"BreadcrumbList","@id":"https:\/\/www.sinchisinchi.com\/pl\/producto\/gwatemalskie-ceremonialne-kakao-2\/#breadcrumb","itemListElement":[{"@type":"ListItem","position":1,"name":"Pierwsza strona","item":"https:\/\/www.sinchisinchi.com\/pl\/"},{"@type":"ListItem","position":2,"name":"Produkty","item":"https:\/\/www.sinchisinchi.com\/pl\/shop\/"},{"@type":"ListItem","position":3,"name":"Gwatemalskie ceremonialne kakao"}]},{"@type":"WebSite","@id":"https:\/\/www.sinchisinchi.com\/pl\/#website","url":"https:\/\/www.sinchisinchi.com\/pl\/","name":"SINCHI","description":"Sinchi Medicine","publisher":{"@id":"https:\/\/www.sinchisinchi.com\/pl\/#organization"},"potentialAction":[{"@type":"SearchAction","target":{"@type":"EntryPoint","urlTemplate":"https:\/\/www.sinchisinchi.com\/pl\/?s={search_term_string}"},"query-input":{"@type":"PropertyValueSpecification","valueRequired":true,"valueName":"search_term_string"}}],"inLanguage":"pl-PL"},{"@type":"Organization","@id":"https:\/\/www.sinchisinchi.com\/pl\/#organization","name":"SINCHI S.L","url":"https:\/\/www.sinchisinchi.com\/pl\/","logo":{"@type":"ImageObject","inLanguage":"pl-PL","@id":"https:\/\/www.sinchisinchi.com\/pl\/#\/schema\/logo\/image\/","url":"https:\/\/www.sinchisinchi.com\/wp-content\/uploads\/2026\/01\/3b-Verde-SIMPLIFICADO-HORIZONTAL-F-TRANSPARENTE-scaled.png","contentUrl":"https:\/\/www.sinchisinchi.com\/wp-content\/uploads\/2026\/01\/3b-Verde-SIMPLIFICADO-HORIZONTAL-F-TRANSPARENTE-scaled.png","width":2560,"height":457,"caption":"SINCHI S.L"},"image":{"@id":"https:\/\/www.sinchisinchi.com\/pl\/#\/schema\/logo\/image\/"},"sameAs":["https:\/\/www.facebook.com\/sinchirape\/","https:\/\/www.instagram.com\/sinchi_rape\/"]}]}},"_links":{"self":[{"href":"https:\/\/www.sinchisinchi.com\/pl\/wp-json\/wp\/v2\/product\/16023","targetHints":{"allow":["GET"]}}],"collection":[{"href":"https:\/\/www.sinchisinchi.com\/pl\/wp-json\/wp\/v2\/product"}],"about":[{"href":"https:\/\/www.sinchisinchi.com\/pl\/wp-json\/wp\/v2\/types\/product"}],"wp:featuredmedia":[{"embeddable":true,"href":"https:\/\/www.sinchisinchi.com\/pl\/wp-json\/wp\/v2\/media\/15916"}],"wp:attachment":[{"href":"https:\/\/www.sinchisinchi.com\/pl\/wp-json\/wp\/v2\/media?parent=16023"}],"wp:term":[{"taxonomy":"product_brand","embeddable":true,"href":"https:\/\/www.sinchisinchi.com\/pl\/wp-json\/wp\/v2\/product_brand?post=16023"},{"taxonomy":"product_cat","embeddable":true,"href":"https:\/\/www.sinchisinchi.com\/pl\/wp-json\/wp\/v2\/product_cat?post=16023"},{"taxonomy":"product_tag","embeddable":true,"href":"https:\/\/www.sinchisinchi.com\/pl\/wp-json\/wp\/v2\/product_tag?post=16023"}],"curies":[{"name":"wp","href":"https:\/\/api.w.org\/{rel}","templated":true}]}}