{"id":29042,"date":"2025-05-30T12:12:36","date_gmt":"2025-05-30T12:12:36","guid":{"rendered":"https:\/\/www.sinchisinchi.com\/producto\/copaiba\/"},"modified":"2026-01-13T07:51:13","modified_gmt":"2026-01-13T07:51:13","slug":"copaiba","status":"publish","type":"product","link":"https:\/\/www.sinchisinchi.com\/pl\/producto\/copaiba\/","title":{"rendered":"Copa\u00edba"},"content":{"rendered":"<h2 style=\"text-align: center;\"><strong>Drzewo Copa\u00edba<\/strong><\/h2>\n<p>Drzewo Copa\u00edba (Copaifera langsdorffii, Copaifera officinalis&#8230;), znane r\u00f3wnie\u017c jako drzewo diesel, jest powszechne i bardzo popularne w Brazylii ze wzgl\u0119du na cenn\u0105 \u017cywic\u0119, kt\u00f3ra od tysi\u0119cy lat jest stosowana jako \u015brodek leczniczy do leczenia ran zewn\u0119trznych i wewn\u0119trznych.<\/p>\n<p>Nazwa Copa\u00edba pochodzi z j\u0119zyka guarani i oznacza \u201edrzewo uzdrawiaj\u0105ce\u201d. Jest r\u00f3wnie\u017c popularnie nazywane drzewem oleistym, tacamaca, cabima lub copai.<\/p>\n<p>Nale\u017cy do rodziny bobowatych i pochodzi z Ameryki \u0141aci\u0144skiej i Afryki Zachodniej, a tak\u017ce jest obecne w lasach deszczowych Amazonii.<\/p>\n<p>Jest to drzewo o wysokiej, otwartej koronie, osi\u0105gaj\u0105ce od 10 do 40 metr\u00f3w wysoko\u015bci, z bezw\u0142osymi li\u015b\u0107mi i czerwonawymi p\u0105kami. Jego kwiaty s\u0105 ma\u0142e, w kolorze od bia\u0142ego do kremowozielonego, obup\u0142ciowe i rosn\u0105 w gronach. Jego owoce, do 3 cm d\u0142ugo\u015bci, staj\u0105 si\u0119 czerwonawe, gdy dojrzej\u0105.<\/p>\n<p>W drewnie i li\u015bciach drzewa oleistego powstaje du\u017ca ilo\u015b\u0107 w\u0119glowodor\u00f3w, od 30 do 53 litr\u00f3w rocznie. G\u0142\u00f3wnym zwi\u0105zkiem zawartym w oleju jest oleorezyna, przydatna do produkcji produkt\u00f3w takich jak biodiesel.<\/p>\n<div class=\"row\"  id=\"row-1597673652\">\n\n\t<div id=\"col-1754906498\" class=\"col medium-2 small-12 large-2\"  >\n\t\t\t\t<div class=\"col-inner\"  >\n\t\t\t\n\t\t\t\n\t\t<\/div>\n\t\t\t\t\t<\/div>\n\n\t\n\n\t<div id=\"col-954332836\" class=\"col medium-8 small-12 large-8\"  >\n\t\t\t\t<div class=\"col-inner\"  >\n\t\t\t\n\t\t\t\n<div class=\"video video-fit mb\" style=\"padding-top:56.25%;\"><p><iframe loading=\"lazy\" title=\"Plan de Conservaci\u00f3n y Manejo del Palo de Aceite - Copaiba Tree Conservation and Management Plan\" width=\"1020\" height=\"574\" src=\"https:\/\/www.youtube.com\/embed\/KZsG17BomwA?feature=oembed&#038;enablejsapi=1&#038;origin=https:\/\/www.sinchisinchi.com\" frameborder=\"0\" allow=\"accelerometer; autoplay; clipboard-write; encrypted-media; gyroscope; picture-in-picture; web-share\" referrerpolicy=\"strict-origin-when-cross-origin\" allowfullscreen><\/iframe><\/p>\n<\/div>\n\t\t<\/div>\n\t\t\t\t\t<\/div>\n\n\t\n\n\t<div id=\"col-239870300\" class=\"col medium-2 small-12 large-2\"  >\n\t\t\t\t<div class=\"col-inner\"  >\n\t\t\t\n\t\t\t\n\t\t<\/div>\n\t\t\t\t\t<\/div>\n\n\t\n<\/div>\n\t<div id=\"gap-1083417291\" class=\"gap-element clearfix\" style=\"display:block; height:auto;\">\n\t\t\n<style>\n#gap-1083417291 {\n  padding-top: 30px;\n}\n<\/style>\n\t<\/div>\n\t\n<h3 style=\"text-align: center;\"><strong>\u017bywica Copa\u00edba<\/strong><\/h3>\n<p>\u017bywic\u0119 Copa\u00edba pozyskuje si\u0119 poprzez wywiercenie otworu w korze, z kt\u00f3rego wycieka lepka, \u017c\u00f3\u0142tobr\u0105zowa substancja. Z tej \u017cywicy pozyskuje si\u0119 olejek Copaiba, znany r\u00f3wnie\u017c jako \u201eolej \u017cycia\u201d.<\/p>\n<p>\u017bywica ta ma silne w\u0142a\u015bciwo\u015bci przeciwzapalne i wzmacnia uk\u0142ad odporno\u015bciowy, a tak\u017ce wiele innych w\u0142a\u015bciwo\u015bci leczniczych. W medycynie ludowej jest stosowana w celu poprawy nastroju oraz \u0142agodzenia stresu i l\u0119ku.<\/p>\n<p>W lasach deszczowych Amazonii rdzenne plemiona stosowa\u0142y produkty pozyskiwane z drzewa Copa\u00edba od ponad 400 lat, a zapisy dotycz\u0105ce stosowania copaiba w Brazylii si\u0119gaj\u0105 czas\u00f3w sprzed kolonizacji portugalskiej.<\/p>\n<p>Wed\u0142ug legendy, brazylijscy rdzenni mieszka\u0144cy obserwowali zwierz\u0119ta ocieraj\u0105ce si\u0119 o pie\u0144 drzewa Copa\u00edba w celu leczenia ran, odkrywaj\u0105c w ten spos\u00f3b jego w\u0142a\u015bciwo\u015bci lecznicze.<\/p>\n<p>Gatunek Copaifera langsdorffii, znany r\u00f3wnie\u017c jako drzewo diesla, Copa\u00edba-verdade, Copiava lub balsam Copa\u00edba, jest najbardziej ceniony ze wzgl\u0119du na swoje w\u0142a\u015bciwo\u015bci lecznicze.<br \/>\n<div class=\"row\"  id=\"row-1301205069\">\n\n\t<div id=\"col-2043298958\" class=\"col medium-2 small-12 large-2\"  >\n\t\t\t\t<div class=\"col-inner\"  >\n\t\t\t\n\t\t\t\n\t\t<\/div>\n\t\t\t\t\t<\/div>\n\n\t\n\n\t<div id=\"col-1600185631\" class=\"col medium-8 small-12 large-8\"  >\n\t\t\t\t<div class=\"col-inner\"  >\n\t\t\t\n\t\t\t\n<div class=\"video video-fit mb\" style=\"padding-top:56.25%;\"><p><iframe loading=\"lazy\" title=\"CAPUSLA ACEITE DE COPAIBO\" width=\"1020\" height=\"574\" src=\"https:\/\/www.youtube.com\/embed\/eVEoAGXdNYs?feature=oembed&#038;enablejsapi=1&#038;origin=https:\/\/www.sinchisinchi.com\" frameborder=\"0\" allow=\"accelerometer; autoplay; clipboard-write; encrypted-media; gyroscope; picture-in-picture; web-share\" referrerpolicy=\"strict-origin-when-cross-origin\" allowfullscreen><\/iframe><\/p>\n<\/div>\n\t\t<\/div>\n\t\t\t\t\t<\/div>\n\n\t\n\n\t<div id=\"col-1963702821\" class=\"col medium-2 small-12 large-2\"  >\n\t\t\t\t<div class=\"col-inner\"  >\n\t\t\t\n\t\t\t\n\t\t<\/div>\n\t\t\t\t\t<\/div>\n\n\t\n<\/div>\n\t<div id=\"gap-266438732\" class=\"gap-element clearfix\" style=\"display:block; height:auto;\">\n\t\t\n<style>\n#gap-266438732 {\n  padding-top: 30px;\n}\n<\/style>\n\t<\/div>\n\t\n<h3 style=\"text-align: center;\"><strong>W\u0142a\u015bciwo\u015bci lecznicze<\/strong><\/h3>\n<p>Wszystkie cz\u0119\u015bci drzewa Copa\u00edba, takie jak li\u015bcie i kora, maj\u0105 zastosowanie lecznicze, ale olej pozyskiwany z \u017cywicy zawiera skoncentrowane st\u0119\u017cenie jego w\u0142a\u015bciwo\u015bci leczniczych.<\/p>\n<p>Copa\u00edba dzia\u0142a silnie przeciwzapalnie, wzmacnia uk\u0142ad odporno\u015bciowy i poprawia nastr\u00f3j, \u0142agodz\u0105c stres i l\u0119k.<\/p>\n<p>W\u0142a\u015bciwo\u015bci tego drzewa, \u015bwi\u0119tego dla plemion amazo\u0144skich, s\u0105 niezliczone: przeciwobrz\u0119kowe, przeciwb\u00f3lowe, przeciwrze\u017c\u0105czkowe, antyseptyczne, przeciwgrzybicze, hipotensyjne, moczop\u0119dne, przeciwbakteryjne, rozlu\u017aniaj\u0105ce mi\u0119\u015bnie, dezynfekuj\u0105ce, przeciwbakteryjne, wykrztu\u015bne, przeciwnowotworowe, przeciwnowotworowe, \u015bci\u0105gaj\u0105ce, antybiotyczne, zmi\u0119kczaj\u0105ce, energetyzuj\u0105ce, goj\u0105ce sk\u00f3r\u0119 g\u0142owy, pobudzaj\u0105ce, przeczyszczaj\u0105ce, \u0142agodz\u0105ce b\u00f3le reumatyczne i poprawiaj\u0105ce prac\u0119 nerek.<\/p>\n<p>Tradycyjnie jest stosowany szczeg\u00f3lnie w leczeniu chor\u00f3b sk\u00f3ry, uk\u0105sze\u0144 owad\u00f3w i gojeniu ran.<\/p>\n<p>Ponadto oczyszcza i odm\u0142adza sk\u00f3r\u0119, pomaga odblokowa\u0107 pory, leczy tr\u0105dzik, \u0142agodzi egzem\u0119 i \u0142uszczyc\u0119. Dzi\u0119ki swoim w\u0142a\u015bciwo\u015bciom nawil\u017caj\u0105cym utrzymuje sk\u00f3r\u0119 mi\u0119kk\u0105 i zdrow\u0105 oraz redukuje blizny.<\/p>\n\t<div class=\"img has-hover x md-x lg-x y md-y lg-y\" id=\"image_1792156291\">\n\t\t\t\t\t\t\t\t<div class=\"img-inner dark\" >\n\t\t\t<img loading=\"lazy\" decoding=\"async\" width=\"1020\" height=\"663\" src=\"https:\/\/www.sinchisinchi.com\/wp-content\/uploads\/2025\/05\/1-Copaiba-Arbol-1024x666.jpeg\" class=\"attachment-large size-large\" alt=\"\" srcset=\"https:\/\/www.sinchisinchi.com\/wp-content\/uploads\/2025\/05\/1-Copaiba-Arbol-1024x666.jpeg 1024w, https:\/\/www.sinchisinchi.com\/wp-content\/uploads\/2025\/05\/1-Copaiba-Arbol-600x390.jpeg 600w, https:\/\/www.sinchisinchi.com\/wp-content\/uploads\/2025\/05\/1-Copaiba-Arbol-768x499.jpeg 768w, https:\/\/www.sinchisinchi.com\/wp-content\/uploads\/2025\/05\/1-Copaiba-Arbol-247x161.jpeg 247w, https:\/\/www.sinchisinchi.com\/wp-content\/uploads\/2025\/05\/1-Copaiba-Arbol-510x332.jpeg 510w, https:\/\/www.sinchisinchi.com\/wp-content\/uploads\/2025\/05\/1-Copaiba-Arbol.jpeg 1204w\" sizes=\"auto, (max-width: 1020px) 100vw, 1020px\" \/>\t\t\t\t\t\t\n\t\t\t\t\t<\/div>\n\t\t\t\t\t\t\t\t\n<style>\n#image_1792156291 {\n  width: 100%;\n}\n<\/style>\n\t<\/div>\n\t\n","protected":false},"excerpt":{"rendered":"<p>Rap\u00e9 Copa\u00edba to mocna odmiana, tradycyjnie stosowana na specjalne okazje; zawiera popi\u00f3\u0142 z pnia drzewa Copa\u00edba (Copaifera langsdorffii), tradycyjnie stosowanego do fizycznego oczyszczenia, oczyszczenia i uwolnienia napi\u0119cia.<\/p>\n<p>Dzi\u0119ki ziemistemu aromatowi zapewnia koj\u0105cy i uspokajaj\u0105cy efekt na cia\u0142o i umys\u0142.<\/p>\n<p>Podnosi wibracje, oczyszcza umys\u0142 oraz promuje fizyczn\u0105, psychiczn\u0105 i emocjonaln\u0105 harmoni\u0119 i r\u00f3wnowag\u0119, dzia\u0142aj\u0105c szczeg\u00f3lnie na czakr\u0119 korony i serca.<\/p>\n<p><strong>-Pojemno\u015b\u0107:<\/strong> Buteleczki 10 ml (8 do 9 gram\u00f3w).<\/p>\n<p><strong>-Zastosowanie:<\/strong> Ciekawostka etnobotaniczna.<\/p>\n","protected":false},"featured_media":27913,"template":"","meta":{"_joinchat":[]},"product_brand":[],"product_cat":[718],"product_tag":[],"class_list":{"0":"post-29042","1":"product","2":"type-product","3":"status-publish","4":"has-post-thumbnail","6":"product_cat-zielona-etykieta","8":"first","9":"instock","10":"taxable","11":"shipping-taxable","12":"purchasable","13":"product-type-simple"},"yoast_head":"<!-- This site is optimized with the Yoast SEO plugin v27.4 - https:\/\/yoast.com\/product\/yoast-seo-wordpress\/ -->\n<title>Copa\u00edba Rap\u00e9 - SINCHI RAP\u00c9<\/title>\n<meta name=\"description\" content=\"Rap\u00e9 Copaiba podnosi wibracje, oczyszcza umys\u0142 i wspomaga r\u00f3wnowag\u0119 fizyczn\u0105, psychiczn\u0105 i emocjonaln\u0105, oddzia\u0142uj\u0105c na czakr\u0119 korony i serca.\" \/>\n<meta name=\"robots\" content=\"index, follow, max-snippet:-1, max-image-preview:large, max-video-preview:-1\" \/>\n<link rel=\"canonical\" href=\"https:\/\/www.sinchisinchi.com\/pl\/producto\/copaiba\/\" \/>\n<meta property=\"og:locale\" content=\"pl_PL\" \/>\n<meta property=\"og:type\" content=\"article\" \/>\n<meta property=\"og:title\" content=\"Copa\u00edba Rap\u00e9 - SINCHI RAP\u00c9\" \/>\n<meta property=\"og:description\" content=\"Rap\u00e9 Copaiba podnosi wibracje, oczyszcza umys\u0142 i wspomaga r\u00f3wnowag\u0119 fizyczn\u0105, psychiczn\u0105 i emocjonaln\u0105, oddzia\u0142uj\u0105c na czakr\u0119 korony i serca.\" \/>\n<meta property=\"og:url\" content=\"https:\/\/www.sinchisinchi.com\/pl\/producto\/copaiba\/\" \/>\n<meta property=\"og:site_name\" content=\"SINCHI RAP\u00c9\" \/>\n<meta property=\"article:publisher\" content=\"https:\/\/www.facebook.com\/sinchirape\/\" \/>\n<meta property=\"article:modified_time\" content=\"2026-01-13T07:51:13+00:00\" \/>\n<meta property=\"og:image\" content=\"https:\/\/www.sinchisinchi.com\/wp-content\/uploads\/2025\/05\/3-Copaiba.jpg\" \/>\n\t<meta property=\"og:image:width\" content=\"700\" \/>\n\t<meta property=\"og:image:height\" content=\"700\" \/>\n\t<meta property=\"og:image:type\" content=\"image\/jpeg\" \/>\n<meta name=\"twitter:card\" content=\"summary_large_image\" \/>\n<meta name=\"twitter:label1\" content=\"Szacowany czas czytania\" \/>\n\t<meta name=\"twitter:data1\" content=\"3 minuty\" \/>\n<script type=\"application\/ld+json\" class=\"yoast-schema-graph\">{\"@context\":\"https:\\\/\\\/schema.org\",\"@graph\":[{\"@type\":\"WebPage\",\"@id\":\"https:\\\/\\\/www.sinchisinchi.com\\\/pl\\\/producto\\\/copaiba\\\/\",\"url\":\"https:\\\/\\\/www.sinchisinchi.com\\\/pl\\\/producto\\\/copaiba\\\/\",\"name\":\"Copa\u00edba Rap\u00e9 - SINCHI RAP\u00c9\",\"isPartOf\":{\"@id\":\"https:\\\/\\\/www.sinchisinchi.com\\\/pl\\\/#website\"},\"primaryImageOfPage\":{\"@id\":\"https:\\\/\\\/www.sinchisinchi.com\\\/pl\\\/producto\\\/copaiba\\\/#primaryimage\"},\"image\":{\"@id\":\"https:\\\/\\\/www.sinchisinchi.com\\\/pl\\\/producto\\\/copaiba\\\/#primaryimage\"},\"thumbnailUrl\":\"https:\\\/\\\/www.sinchisinchi.com\\\/wp-content\\\/uploads\\\/2025\\\/05\\\/3-Copaiba.jpg\",\"datePublished\":\"2025-05-30T12:12:36+00:00\",\"dateModified\":\"2026-01-13T07:51:13+00:00\",\"description\":\"Rap\u00e9 Copaiba podnosi wibracje, oczyszcza umys\u0142 i wspomaga r\u00f3wnowag\u0119 fizyczn\u0105, psychiczn\u0105 i emocjonaln\u0105, oddzia\u0142uj\u0105c na czakr\u0119 korony i serca.\",\"breadcrumb\":{\"@id\":\"https:\\\/\\\/www.sinchisinchi.com\\\/pl\\\/producto\\\/copaiba\\\/#breadcrumb\"},\"inLanguage\":\"pl-PL\",\"potentialAction\":[{\"@type\":\"ReadAction\",\"target\":[\"https:\\\/\\\/www.sinchisinchi.com\\\/pl\\\/producto\\\/copaiba\\\/\"]}]},{\"@type\":\"ImageObject\",\"inLanguage\":\"pl-PL\",\"@id\":\"https:\\\/\\\/www.sinchisinchi.com\\\/pl\\\/producto\\\/copaiba\\\/#primaryimage\",\"url\":\"https:\\\/\\\/www.sinchisinchi.com\\\/wp-content\\\/uploads\\\/2025\\\/05\\\/3-Copaiba.jpg\",\"contentUrl\":\"https:\\\/\\\/www.sinchisinchi.com\\\/wp-content\\\/uploads\\\/2025\\\/05\\\/3-Copaiba.jpg\",\"width\":700,\"height\":700},{\"@type\":\"BreadcrumbList\",\"@id\":\"https:\\\/\\\/www.sinchisinchi.com\\\/pl\\\/producto\\\/copaiba\\\/#breadcrumb\",\"itemListElement\":[{\"@type\":\"ListItem\",\"position\":1,\"name\":\"Pierwsza strona\",\"item\":\"https:\\\/\\\/www.sinchisinchi.com\\\/pl\\\/\"},{\"@type\":\"ListItem\",\"position\":2,\"name\":\"Produkty\",\"item\":\"https:\\\/\\\/www.sinchisinchi.com\\\/pl\\\/shop\\\/\"},{\"@type\":\"ListItem\",\"position\":3,\"name\":\"Copa\u00edba\"}]},{\"@type\":\"WebSite\",\"@id\":\"https:\\\/\\\/www.sinchisinchi.com\\\/pl\\\/#website\",\"url\":\"https:\\\/\\\/www.sinchisinchi.com\\\/pl\\\/\",\"name\":\"SINCHI\",\"description\":\"Sinchi Medicine\",\"publisher\":{\"@id\":\"https:\\\/\\\/www.sinchisinchi.com\\\/pl\\\/#organization\"},\"potentialAction\":[{\"@type\":\"SearchAction\",\"target\":{\"@type\":\"EntryPoint\",\"urlTemplate\":\"https:\\\/\\\/www.sinchisinchi.com\\\/pl\\\/?s={search_term_string}\"},\"query-input\":{\"@type\":\"PropertyValueSpecification\",\"valueRequired\":true,\"valueName\":\"search_term_string\"}}],\"inLanguage\":\"pl-PL\"},{\"@type\":\"Organization\",\"@id\":\"https:\\\/\\\/www.sinchisinchi.com\\\/pl\\\/#organization\",\"name\":\"SINCHI S.L\",\"url\":\"https:\\\/\\\/www.sinchisinchi.com\\\/pl\\\/\",\"logo\":{\"@type\":\"ImageObject\",\"inLanguage\":\"pl-PL\",\"@id\":\"https:\\\/\\\/www.sinchisinchi.com\\\/pl\\\/#\\\/schema\\\/logo\\\/image\\\/\",\"url\":\"https:\\\/\\\/www.sinchisinchi.com\\\/wp-content\\\/uploads\\\/2026\\\/01\\\/3b-Verde-SIMPLIFICADO-HORIZONTAL-F-TRANSPARENTE-scaled.png\",\"contentUrl\":\"https:\\\/\\\/www.sinchisinchi.com\\\/wp-content\\\/uploads\\\/2026\\\/01\\\/3b-Verde-SIMPLIFICADO-HORIZONTAL-F-TRANSPARENTE-scaled.png\",\"width\":2560,\"height\":457,\"caption\":\"SINCHI S.L\"},\"image\":{\"@id\":\"https:\\\/\\\/www.sinchisinchi.com\\\/pl\\\/#\\\/schema\\\/logo\\\/image\\\/\"},\"sameAs\":[\"https:\\\/\\\/www.facebook.com\\\/sinchirape\\\/\",\"https:\\\/\\\/www.instagram.com\\\/sinchi_rape\\\/\"]}]}<\/script>\n<!-- \/ Yoast SEO plugin. -->","yoast_head_json":{"title":"Copa\u00edba Rap\u00e9 - SINCHI RAP\u00c9","description":"Rap\u00e9 Copaiba podnosi wibracje, oczyszcza umys\u0142 i wspomaga r\u00f3wnowag\u0119 fizyczn\u0105, psychiczn\u0105 i emocjonaln\u0105, oddzia\u0142uj\u0105c na czakr\u0119 korony i serca.","robots":{"index":"index","follow":"follow","max-snippet":"max-snippet:-1","max-image-preview":"max-image-preview:large","max-video-preview":"max-video-preview:-1"},"canonical":"https:\/\/www.sinchisinchi.com\/pl\/producto\/copaiba\/","og_locale":"pl_PL","og_type":"article","og_title":"Copa\u00edba Rap\u00e9 - SINCHI RAP\u00c9","og_description":"Rap\u00e9 Copaiba podnosi wibracje, oczyszcza umys\u0142 i wspomaga r\u00f3wnowag\u0119 fizyczn\u0105, psychiczn\u0105 i emocjonaln\u0105, oddzia\u0142uj\u0105c na czakr\u0119 korony i serca.","og_url":"https:\/\/www.sinchisinchi.com\/pl\/producto\/copaiba\/","og_site_name":"SINCHI RAP\u00c9","article_publisher":"https:\/\/www.facebook.com\/sinchirape\/","article_modified_time":"2026-01-13T07:51:13+00:00","og_image":[{"width":700,"height":700,"url":"https:\/\/www.sinchisinchi.com\/wp-content\/uploads\/2025\/05\/3-Copaiba.jpg","type":"image\/jpeg"}],"twitter_card":"summary_large_image","twitter_misc":{"Szacowany czas czytania":"3 minuty"},"schema":{"@context":"https:\/\/schema.org","@graph":[{"@type":"WebPage","@id":"https:\/\/www.sinchisinchi.com\/pl\/producto\/copaiba\/","url":"https:\/\/www.sinchisinchi.com\/pl\/producto\/copaiba\/","name":"Copa\u00edba Rap\u00e9 - SINCHI RAP\u00c9","isPartOf":{"@id":"https:\/\/www.sinchisinchi.com\/pl\/#website"},"primaryImageOfPage":{"@id":"https:\/\/www.sinchisinchi.com\/pl\/producto\/copaiba\/#primaryimage"},"image":{"@id":"https:\/\/www.sinchisinchi.com\/pl\/producto\/copaiba\/#primaryimage"},"thumbnailUrl":"https:\/\/www.sinchisinchi.com\/wp-content\/uploads\/2025\/05\/3-Copaiba.jpg","datePublished":"2025-05-30T12:12:36+00:00","dateModified":"2026-01-13T07:51:13+00:00","description":"Rap\u00e9 Copaiba podnosi wibracje, oczyszcza umys\u0142 i wspomaga r\u00f3wnowag\u0119 fizyczn\u0105, psychiczn\u0105 i emocjonaln\u0105, oddzia\u0142uj\u0105c na czakr\u0119 korony i serca.","breadcrumb":{"@id":"https:\/\/www.sinchisinchi.com\/pl\/producto\/copaiba\/#breadcrumb"},"inLanguage":"pl-PL","potentialAction":[{"@type":"ReadAction","target":["https:\/\/www.sinchisinchi.com\/pl\/producto\/copaiba\/"]}]},{"@type":"ImageObject","inLanguage":"pl-PL","@id":"https:\/\/www.sinchisinchi.com\/pl\/producto\/copaiba\/#primaryimage","url":"https:\/\/www.sinchisinchi.com\/wp-content\/uploads\/2025\/05\/3-Copaiba.jpg","contentUrl":"https:\/\/www.sinchisinchi.com\/wp-content\/uploads\/2025\/05\/3-Copaiba.jpg","width":700,"height":700},{"@type":"BreadcrumbList","@id":"https:\/\/www.sinchisinchi.com\/pl\/producto\/copaiba\/#breadcrumb","itemListElement":[{"@type":"ListItem","position":1,"name":"Pierwsza strona","item":"https:\/\/www.sinchisinchi.com\/pl\/"},{"@type":"ListItem","position":2,"name":"Produkty","item":"https:\/\/www.sinchisinchi.com\/pl\/shop\/"},{"@type":"ListItem","position":3,"name":"Copa\u00edba"}]},{"@type":"WebSite","@id":"https:\/\/www.sinchisinchi.com\/pl\/#website","url":"https:\/\/www.sinchisinchi.com\/pl\/","name":"SINCHI","description":"Sinchi Medicine","publisher":{"@id":"https:\/\/www.sinchisinchi.com\/pl\/#organization"},"potentialAction":[{"@type":"SearchAction","target":{"@type":"EntryPoint","urlTemplate":"https:\/\/www.sinchisinchi.com\/pl\/?s={search_term_string}"},"query-input":{"@type":"PropertyValueSpecification","valueRequired":true,"valueName":"search_term_string"}}],"inLanguage":"pl-PL"},{"@type":"Organization","@id":"https:\/\/www.sinchisinchi.com\/pl\/#organization","name":"SINCHI S.L","url":"https:\/\/www.sinchisinchi.com\/pl\/","logo":{"@type":"ImageObject","inLanguage":"pl-PL","@id":"https:\/\/www.sinchisinchi.com\/pl\/#\/schema\/logo\/image\/","url":"https:\/\/www.sinchisinchi.com\/wp-content\/uploads\/2026\/01\/3b-Verde-SIMPLIFICADO-HORIZONTAL-F-TRANSPARENTE-scaled.png","contentUrl":"https:\/\/www.sinchisinchi.com\/wp-content\/uploads\/2026\/01\/3b-Verde-SIMPLIFICADO-HORIZONTAL-F-TRANSPARENTE-scaled.png","width":2560,"height":457,"caption":"SINCHI S.L"},"image":{"@id":"https:\/\/www.sinchisinchi.com\/pl\/#\/schema\/logo\/image\/"},"sameAs":["https:\/\/www.facebook.com\/sinchirape\/","https:\/\/www.instagram.com\/sinchi_rape\/"]}]}},"_links":{"self":[{"href":"https:\/\/www.sinchisinchi.com\/pl\/wp-json\/wp\/v2\/product\/29042","targetHints":{"allow":["GET"]}}],"collection":[{"href":"https:\/\/www.sinchisinchi.com\/pl\/wp-json\/wp\/v2\/product"}],"about":[{"href":"https:\/\/www.sinchisinchi.com\/pl\/wp-json\/wp\/v2\/types\/product"}],"wp:featuredmedia":[{"embeddable":true,"href":"https:\/\/www.sinchisinchi.com\/pl\/wp-json\/wp\/v2\/media\/27913"}],"wp:attachment":[{"href":"https:\/\/www.sinchisinchi.com\/pl\/wp-json\/wp\/v2\/media?parent=29042"}],"wp:term":[{"taxonomy":"product_brand","embeddable":true,"href":"https:\/\/www.sinchisinchi.com\/pl\/wp-json\/wp\/v2\/product_brand?post=29042"},{"taxonomy":"product_cat","embeddable":true,"href":"https:\/\/www.sinchisinchi.com\/pl\/wp-json\/wp\/v2\/product_cat?post=29042"},{"taxonomy":"product_tag","embeddable":true,"href":"https:\/\/www.sinchisinchi.com\/pl\/wp-json\/wp\/v2\/product_tag?post=29042"}],"curies":[{"name":"wp","href":"https:\/\/api.w.org\/{rel}","templated":true}]}}