{"id":29105,"date":"2025-05-30T12:57:15","date_gmt":"2025-05-30T12:57:15","guid":{"rendered":"https:\/\/www.sinchisinchi.com\/producto\/pau-pereira\/"},"modified":"2025-05-30T12:57:15","modified_gmt":"2025-05-30T12:57:15","slug":"pau-pereira","status":"publish","type":"product","link":"https:\/\/www.sinchisinchi.com\/pl\/producto\/pau-pereira\/","title":{"rendered":"Pau Pereira"},"content":{"rendered":"<h2 style=\"text-align: center;\">Drzewo Pau Pereira<\/h2>\n<p>Pau Pereira to \u015bredniej wielko\u015bci drzewo pochodz\u0105ce z las\u00f3w deszczowych Amazonii. Jest wyj\u0105tkowo gorzkie i ro\u015bnie na niezalewanych obszarach lasu.<\/p>\n<p>Ma bruzdowany pie\u0144 w kolorze od jasnobr\u0105zowego do \u017c\u00f3\u0142tego; jego ga\u0142\u0119zie wytwarzaj\u0105 lateks.<\/p>\n<p>Jego li\u015bcie maj\u0105 z\u0142oty meszek na spodzie, a kwiaty s\u0105 efektowne i bia\u0142e. Owoce maj\u0105 kszta\u0142t rogu, s\u0105 \u017c\u00f3\u0142te po dojrzeniu i r\u00f3wnie\u017c wytwarzaj\u0105 lateks. Jego nasiona s\u0105 liczne, bia\u0142e i p\u0142askie.<\/p>\n<h3 style=\"text-align: center;\">W\u0142a\u015bciwo\u015bci lecznicze<\/h3>\n<p>Drzewo Pau Pereira (Geissospermum vellosii), zwane r\u00f3wnie\u017c \u201ePao Pereira\u201d, pochodzi z las\u00f3w deszczowych Amazonii. W Ameryce Po\u0142udniowej jest stosowane w medycynie tradycyjnej od wiek\u00f3w i stanowi cz\u0119\u015b\u0107 dziedzictwa ludowego tego regionu.<\/p>\n<p>Pau Pereira jest spo\u017cywane profilaktycznie w celu utrzymania dobrego zdrowia. Jego w\u0142a\u015bciwo\u015bci pochodz\u0105 z gorzkiej kory drzewa, kt\u00f3ra jest stosowana w licznych domowych \u015brodkach leczniczych:<\/p>\n<p>W przypadku malarii, utraty apetytu, niestrawno\u015bci, zawrot\u00f3w g\u0142owy, zapar\u0107, gor\u0105czki oraz ze wzgl\u0119du na w\u0142a\u015bciwo\u015bci tonizuj\u0105ce, hepatoprotekcyjne i wspomagaj\u0105ce trawienie. Ma r\u00f3wnie\u017c silne dzia\u0142anie przeciwwirusowe.<\/p>\n<p>Ekstrakt z Pao Pereira jest gorzki i jest pozyskiwany z wewn\u0119trznej cz\u0119\u015bci kory drzewa.<\/p>\n<p>Alkaloid pereiryna, odkryty przez brazylijskiego farmaceut\u0119 Ezequiela Corr\u00ea\u0119 dos Santosa, jest g\u0142\u00f3wnym sk\u0142adnikiem aktywnym Pau-pereira (Geissospermum vellosii), wyst\u0119puj\u0105cym szczeg\u00f3lnie w jej korze.<\/p>\n<p>Ponadto stwierdzono obecno\u015b\u0107 innych alkaloid\u00f3w: 11-metoksygeissospermidyny, flawopereiryny, geisso-retikulatyny i geisso-spermikulatyny.<\/p>\n<h3 style=\"text-align: center;\">Historia wsp\u00f3\u0142czesna<\/h3>\n<p>W 1848 roku Ezequiel Correa Dos Santos przedstawi\u0142 swoj\u0105 rozpraw\u0119 na Wydziale Lekarskim w Rio de Janeiro, uwa\u017can\u0105 za pierwsz\u0105 monografi\u0119 na temat Pau Pereiry.<\/p>\n<p>W 1879 roku \u201eMedical Times\u201d opublikowa\u0142 artyku\u0142 dr. Torresa Homema, profesora medycyny klinicznej Akademii w Rio de Janeiro, opisuj\u0105cy metod\u0119 ekstrakcji alkaloidu pereiryny, zauwa\u017caj\u0105c, \u017ce \u201enie ma lekarza w Brazylii, kt\u00f3ry nie uzyska\u0142by dobrych rezultat\u00f3w stosuj\u0105c ten ekstrakt w leczeniu gor\u0105czek nawracaj\u0105cych\u201d.<\/p>\n<p>Badanie \u201e\u015arodki na malari\u0119 w Gujanie Francuskiej: wiedza o zachowaniach i praktykach\u201d, opublikowane w czasopi\u015bmie \u201eEthnopharmacology\u201d, wykaza\u0142o, \u017ce w Gujanie Francuskiej alkoholowy ekstrakt z Pau Pereiry pije si\u0119 profilaktycznie, gdy tylko pojawi\u0105 si\u0119 pierwsze objawy gor\u0105czki.<\/p>\n<p>\u201eZaskakuj\u0105cym by\u0142o odkrycie, \u017ce najwa\u017cniejszy i najbardziej znany lek przeciwmalaryczny z Amazonii, Geissospermum spp., by\u0142 rzadko stosowany w celach leczniczych, a cz\u0119\u015bciej w celach profilaktycznych\u201d.<\/p>\n<h3 style=\"text-align: center;\">Dzia\u0142anie przeciwnowotworowe<\/h3>\n<p>Mirko Beljanski (1923\u20131998), doktor i badacz w Instytucie Pasteura w Pary\u017cu, jako pierwszy bada\u0142 dzia\u0142anie przeciwnowotworowe Geissospermum Vellosii, wykorzystuj\u0105c ekstrakt selektywnie dzia\u0142aj\u0105cy na kom\u00f3rki nowotworowe, kt\u00f3ry nie wnika w zdrowe kom\u00f3rki.<\/p>\n<p>W 1884 roku londy\u0144ski \u201eMedical Times\u201d opublikowa\u0142 komentarz w dziale \u201eNotatki, pytania i odpowiedzi\u201d, podpisany przez Richarda G. Daunta (s. 443): \u201eSkuteczno\u015b\u0107 pereiryny jest niezwyk\u0142a i cz\u0119sto obserwowa\u0142em jej skuteczno\u015b\u0107 po niepowodzeniu chininy\u201d.<\/p>\n<p>We Francji, w 1884 roku, dr Tibiri\u00e7a z Medical Union napisa\u0142 w \u201eThe Journal of the Newspapers\u201d: \u201ePereiryna jest skuteczniejsza ni\u017c chinina, kt\u00f3rej dzia\u0142anie terapeutyczne podwaja, a jednocze\u015bnie zapobiega skutkom ubocznym przy stosowaniu wysokich dawek\u201d.<\/p>\n<p>Wyci\u0105gi z Pao Pereira nie maj\u0105 skutk\u00f3w ubocznych; w przypadku braku kom\u00f3rek rakowych, z kt\u00f3rymi si\u0119 wi\u0105\u017c\u0105, cz\u0105steczki s\u0105 szybko eliminowane, poniewa\u017c osadzaj\u0105 si\u0119 jedynie w kom\u00f3rkach nieuporz\u0105dkowanych.<\/p>\n<p>Dlatego wyci\u0105gi te mog\u0105 by\u0107 stosowane profilaktycznie w stanach przedrakowych lub przez osoby z grupy wysokiego ryzyka (rodzinne, \u015brodowiskowe itp.), a tak\u017ce jako \u015brodek podtrzymuj\u0105cy dla os\u00f3b, kt\u00f3re niedawno wyzdrowia\u0142y.<\/p>\n<p>Podobnie, fragment RNA mo\u017ce by\u0107 stosowany w profilaktyce i naprawie nowotwor\u00f3w. P\u0119kni\u0119cia chromosom\u00f3w towarzysz\u0105ce badaniom promieniowaniem jonizuj\u0105cym (mammografia, scyntygrafia, prze\u015bwietlenia rentgenowskie itp.).<\/p>\n<p>Ponadto, Pau Pereira ma silne dzia\u0142anie przeciwwirusowe. Wyci\u0105g z Pau Pereira hamuje replikacj\u0119 wirusa; Hamuje zar\u00f3wno odwrotn\u0105 transkryptaz\u0119, jak i polimeraz\u0119, kt\u00f3re umo\u017cliwiaj\u0105 wirusom namna\u017canie si\u0119, co sprawia, \u017ce \u200b\u200bjest doskona\u0142ym \u015brodkiem przeciwwirusowym o szerokim spektrum dzia\u0142ania.<\/p>\n","protected":false},"excerpt":{"rendered":"<p>Pau Pereira to silna rap\u00e9, tradycyjnie u\u017cywana przez plemiona Amazonii do oczyszczania i harmonizowania kana\u0142\u00f3w energetycznych, przywracania spokoju umys\u0142u, uwalniania negatywnej energii, wzmacniania pracy duchowej i promowania pozytywnego my\u015blenia.<\/p>\n<p>Chocia\u017c rap\u00e9 Pau Pereira jest cz\u0119sto mylona z tsunu ze wzgl\u0119du na regionalne nazwy zwyczajowe, plemiona takie jak Yawanaw\u00e1 znaj\u0105 Pau Pereira ze wzgl\u0119du na jej unikalne w\u0142a\u015bciwo\u015bci, a szczeg\u00f3lnie ceni\u0105 jej popi\u00f3\u0142 za jego silne w\u0142a\u015bciwo\u015bci duchowe i lecznicze, kt\u00f3re dzia\u0142aj\u0105 stabilizuj\u0105co i stabilizuj\u0105co.<\/p>\n<p>-Pojemno\u015b\u0107: Buteleczki 10 ml (8 do 9 gram\u00f3w).<\/p>\n<p>-Zastosowanie: Ciekawostka etnobotaniczna.<\/p>\n","protected":false},"featured_media":27945,"template":"","meta":{"_joinchat":[]},"product_brand":[],"product_cat":[725],"product_tag":[],"class_list":{"0":"post-29105","1":"product","2":"type-product","3":"status-publish","4":"has-post-thumbnail","6":"product_cat-czerwona-etykieta","8":"first","9":"instock","10":"taxable","11":"shipping-taxable","12":"purchasable","13":"product-type-simple"},"yoast_head":"<!-- This site is optimized with the Yoast SEO plugin v27.4 - https:\/\/yoast.com\/product\/yoast-seo-wordpress\/ -->\n<title>Amazonian Rap\u00e9 Pau Pereira - SINCHI<\/title>\n<meta name=\"description\" content=\"Pau Pereira to mocny rap\u00e9 stosowany przez plemiona Amazonii w celu oczyszczenia i uporz\u0105dkowania kana\u0142\u00f3w energetycznych, a tak\u017ce uspokojenia umys\u0142u.\" \/>\n<meta name=\"robots\" content=\"index, follow, max-snippet:-1, max-image-preview:large, max-video-preview:-1\" \/>\n<link rel=\"canonical\" href=\"https:\/\/www.sinchisinchi.com\/pl\/producto\/pau-pereira\/\" \/>\n<meta property=\"og:locale\" content=\"pl_PL\" \/>\n<meta property=\"og:type\" content=\"article\" \/>\n<meta property=\"og:title\" content=\"Amazonian Rap\u00e9 Pau Pereira - SINCHI\" \/>\n<meta property=\"og:description\" content=\"Pau Pereira to mocny rap\u00e9 stosowany przez plemiona Amazonii w celu oczyszczenia i uporz\u0105dkowania kana\u0142\u00f3w energetycznych, a tak\u017ce uspokojenia umys\u0142u.\" \/>\n<meta property=\"og:url\" content=\"https:\/\/www.sinchisinchi.com\/pl\/producto\/pau-pereira\/\" \/>\n<meta property=\"og:site_name\" content=\"SINCHI RAP\u00c9\" \/>\n<meta property=\"article:publisher\" content=\"https:\/\/www.facebook.com\/sinchirape\/\" \/>\n<meta property=\"og:image\" content=\"https:\/\/www.sinchisinchi.com\/wp-content\/uploads\/2025\/05\/5-Paupereira.jpg\" \/>\n\t<meta property=\"og:image:width\" content=\"700\" \/>\n\t<meta property=\"og:image:height\" content=\"700\" \/>\n\t<meta property=\"og:image:type\" content=\"image\/jpeg\" \/>\n<meta name=\"twitter:card\" content=\"summary_large_image\" \/>\n<meta name=\"twitter:label1\" content=\"Szacowany czas czytania\" \/>\n\t<meta name=\"twitter:data1\" content=\"3 minuty\" \/>\n<script type=\"application\/ld+json\" class=\"yoast-schema-graph\">{\"@context\":\"https:\\\/\\\/schema.org\",\"@graph\":[{\"@type\":\"WebPage\",\"@id\":\"https:\\\/\\\/www.sinchisinchi.com\\\/pl\\\/producto\\\/pau-pereira\\\/\",\"url\":\"https:\\\/\\\/www.sinchisinchi.com\\\/pl\\\/producto\\\/pau-pereira\\\/\",\"name\":\"Amazonian Rap\u00e9 Pau Pereira - SINCHI\",\"isPartOf\":{\"@id\":\"https:\\\/\\\/www.sinchisinchi.com\\\/pl\\\/#website\"},\"primaryImageOfPage\":{\"@id\":\"https:\\\/\\\/www.sinchisinchi.com\\\/pl\\\/producto\\\/pau-pereira\\\/#primaryimage\"},\"image\":{\"@id\":\"https:\\\/\\\/www.sinchisinchi.com\\\/pl\\\/producto\\\/pau-pereira\\\/#primaryimage\"},\"thumbnailUrl\":\"https:\\\/\\\/www.sinchisinchi.com\\\/wp-content\\\/uploads\\\/2025\\\/05\\\/5-Paupereira.jpg\",\"datePublished\":\"2025-05-30T12:57:15+00:00\",\"description\":\"Pau Pereira to mocny rap\u00e9 stosowany przez plemiona Amazonii w celu oczyszczenia i uporz\u0105dkowania kana\u0142\u00f3w energetycznych, a tak\u017ce uspokojenia umys\u0142u.\",\"breadcrumb\":{\"@id\":\"https:\\\/\\\/www.sinchisinchi.com\\\/pl\\\/producto\\\/pau-pereira\\\/#breadcrumb\"},\"inLanguage\":\"pl-PL\",\"potentialAction\":[{\"@type\":\"ReadAction\",\"target\":[\"https:\\\/\\\/www.sinchisinchi.com\\\/pl\\\/producto\\\/pau-pereira\\\/\"]}]},{\"@type\":\"ImageObject\",\"inLanguage\":\"pl-PL\",\"@id\":\"https:\\\/\\\/www.sinchisinchi.com\\\/pl\\\/producto\\\/pau-pereira\\\/#primaryimage\",\"url\":\"https:\\\/\\\/www.sinchisinchi.com\\\/wp-content\\\/uploads\\\/2025\\\/05\\\/5-Paupereira.jpg\",\"contentUrl\":\"https:\\\/\\\/www.sinchisinchi.com\\\/wp-content\\\/uploads\\\/2025\\\/05\\\/5-Paupereira.jpg\",\"width\":700,\"height\":700},{\"@type\":\"BreadcrumbList\",\"@id\":\"https:\\\/\\\/www.sinchisinchi.com\\\/pl\\\/producto\\\/pau-pereira\\\/#breadcrumb\",\"itemListElement\":[{\"@type\":\"ListItem\",\"position\":1,\"name\":\"Pierwsza strona\",\"item\":\"https:\\\/\\\/www.sinchisinchi.com\\\/pl\\\/\"},{\"@type\":\"ListItem\",\"position\":2,\"name\":\"Produkty\",\"item\":\"https:\\\/\\\/www.sinchisinchi.com\\\/pl\\\/shop\\\/\"},{\"@type\":\"ListItem\",\"position\":3,\"name\":\"Pau Pereira\"}]},{\"@type\":\"WebSite\",\"@id\":\"https:\\\/\\\/www.sinchisinchi.com\\\/pl\\\/#website\",\"url\":\"https:\\\/\\\/www.sinchisinchi.com\\\/pl\\\/\",\"name\":\"SINCHI\",\"description\":\"Sinchi Medicine\",\"publisher\":{\"@id\":\"https:\\\/\\\/www.sinchisinchi.com\\\/pl\\\/#organization\"},\"potentialAction\":[{\"@type\":\"SearchAction\",\"target\":{\"@type\":\"EntryPoint\",\"urlTemplate\":\"https:\\\/\\\/www.sinchisinchi.com\\\/pl\\\/?s={search_term_string}\"},\"query-input\":{\"@type\":\"PropertyValueSpecification\",\"valueRequired\":true,\"valueName\":\"search_term_string\"}}],\"inLanguage\":\"pl-PL\"},{\"@type\":\"Organization\",\"@id\":\"https:\\\/\\\/www.sinchisinchi.com\\\/pl\\\/#organization\",\"name\":\"SINCHI S.L\",\"url\":\"https:\\\/\\\/www.sinchisinchi.com\\\/pl\\\/\",\"logo\":{\"@type\":\"ImageObject\",\"inLanguage\":\"pl-PL\",\"@id\":\"https:\\\/\\\/www.sinchisinchi.com\\\/pl\\\/#\\\/schema\\\/logo\\\/image\\\/\",\"url\":\"https:\\\/\\\/www.sinchisinchi.com\\\/wp-content\\\/uploads\\\/2026\\\/01\\\/3b-Verde-SIMPLIFICADO-HORIZONTAL-F-TRANSPARENTE-scaled.png\",\"contentUrl\":\"https:\\\/\\\/www.sinchisinchi.com\\\/wp-content\\\/uploads\\\/2026\\\/01\\\/3b-Verde-SIMPLIFICADO-HORIZONTAL-F-TRANSPARENTE-scaled.png\",\"width\":2560,\"height\":457,\"caption\":\"SINCHI S.L\"},\"image\":{\"@id\":\"https:\\\/\\\/www.sinchisinchi.com\\\/pl\\\/#\\\/schema\\\/logo\\\/image\\\/\"},\"sameAs\":[\"https:\\\/\\\/www.facebook.com\\\/sinchirape\\\/\",\"https:\\\/\\\/www.instagram.com\\\/sinchi_rape\\\/\"]}]}<\/script>\n<!-- \/ Yoast SEO plugin. -->","yoast_head_json":{"title":"Amazonian Rap\u00e9 Pau Pereira - SINCHI","description":"Pau Pereira to mocny rap\u00e9 stosowany przez plemiona Amazonii w celu oczyszczenia i uporz\u0105dkowania kana\u0142\u00f3w energetycznych, a tak\u017ce uspokojenia umys\u0142u.","robots":{"index":"index","follow":"follow","max-snippet":"max-snippet:-1","max-image-preview":"max-image-preview:large","max-video-preview":"max-video-preview:-1"},"canonical":"https:\/\/www.sinchisinchi.com\/pl\/producto\/pau-pereira\/","og_locale":"pl_PL","og_type":"article","og_title":"Amazonian Rap\u00e9 Pau Pereira - SINCHI","og_description":"Pau Pereira to mocny rap\u00e9 stosowany przez plemiona Amazonii w celu oczyszczenia i uporz\u0105dkowania kana\u0142\u00f3w energetycznych, a tak\u017ce uspokojenia umys\u0142u.","og_url":"https:\/\/www.sinchisinchi.com\/pl\/producto\/pau-pereira\/","og_site_name":"SINCHI RAP\u00c9","article_publisher":"https:\/\/www.facebook.com\/sinchirape\/","og_image":[{"width":700,"height":700,"url":"https:\/\/www.sinchisinchi.com\/wp-content\/uploads\/2025\/05\/5-Paupereira.jpg","type":"image\/jpeg"}],"twitter_card":"summary_large_image","twitter_misc":{"Szacowany czas czytania":"3 minuty"},"schema":{"@context":"https:\/\/schema.org","@graph":[{"@type":"WebPage","@id":"https:\/\/www.sinchisinchi.com\/pl\/producto\/pau-pereira\/","url":"https:\/\/www.sinchisinchi.com\/pl\/producto\/pau-pereira\/","name":"Amazonian Rap\u00e9 Pau Pereira - SINCHI","isPartOf":{"@id":"https:\/\/www.sinchisinchi.com\/pl\/#website"},"primaryImageOfPage":{"@id":"https:\/\/www.sinchisinchi.com\/pl\/producto\/pau-pereira\/#primaryimage"},"image":{"@id":"https:\/\/www.sinchisinchi.com\/pl\/producto\/pau-pereira\/#primaryimage"},"thumbnailUrl":"https:\/\/www.sinchisinchi.com\/wp-content\/uploads\/2025\/05\/5-Paupereira.jpg","datePublished":"2025-05-30T12:57:15+00:00","description":"Pau Pereira to mocny rap\u00e9 stosowany przez plemiona Amazonii w celu oczyszczenia i uporz\u0105dkowania kana\u0142\u00f3w energetycznych, a tak\u017ce uspokojenia umys\u0142u.","breadcrumb":{"@id":"https:\/\/www.sinchisinchi.com\/pl\/producto\/pau-pereira\/#breadcrumb"},"inLanguage":"pl-PL","potentialAction":[{"@type":"ReadAction","target":["https:\/\/www.sinchisinchi.com\/pl\/producto\/pau-pereira\/"]}]},{"@type":"ImageObject","inLanguage":"pl-PL","@id":"https:\/\/www.sinchisinchi.com\/pl\/producto\/pau-pereira\/#primaryimage","url":"https:\/\/www.sinchisinchi.com\/wp-content\/uploads\/2025\/05\/5-Paupereira.jpg","contentUrl":"https:\/\/www.sinchisinchi.com\/wp-content\/uploads\/2025\/05\/5-Paupereira.jpg","width":700,"height":700},{"@type":"BreadcrumbList","@id":"https:\/\/www.sinchisinchi.com\/pl\/producto\/pau-pereira\/#breadcrumb","itemListElement":[{"@type":"ListItem","position":1,"name":"Pierwsza strona","item":"https:\/\/www.sinchisinchi.com\/pl\/"},{"@type":"ListItem","position":2,"name":"Produkty","item":"https:\/\/www.sinchisinchi.com\/pl\/shop\/"},{"@type":"ListItem","position":3,"name":"Pau Pereira"}]},{"@type":"WebSite","@id":"https:\/\/www.sinchisinchi.com\/pl\/#website","url":"https:\/\/www.sinchisinchi.com\/pl\/","name":"SINCHI","description":"Sinchi Medicine","publisher":{"@id":"https:\/\/www.sinchisinchi.com\/pl\/#organization"},"potentialAction":[{"@type":"SearchAction","target":{"@type":"EntryPoint","urlTemplate":"https:\/\/www.sinchisinchi.com\/pl\/?s={search_term_string}"},"query-input":{"@type":"PropertyValueSpecification","valueRequired":true,"valueName":"search_term_string"}}],"inLanguage":"pl-PL"},{"@type":"Organization","@id":"https:\/\/www.sinchisinchi.com\/pl\/#organization","name":"SINCHI S.L","url":"https:\/\/www.sinchisinchi.com\/pl\/","logo":{"@type":"ImageObject","inLanguage":"pl-PL","@id":"https:\/\/www.sinchisinchi.com\/pl\/#\/schema\/logo\/image\/","url":"https:\/\/www.sinchisinchi.com\/wp-content\/uploads\/2026\/01\/3b-Verde-SIMPLIFICADO-HORIZONTAL-F-TRANSPARENTE-scaled.png","contentUrl":"https:\/\/www.sinchisinchi.com\/wp-content\/uploads\/2026\/01\/3b-Verde-SIMPLIFICADO-HORIZONTAL-F-TRANSPARENTE-scaled.png","width":2560,"height":457,"caption":"SINCHI S.L"},"image":{"@id":"https:\/\/www.sinchisinchi.com\/pl\/#\/schema\/logo\/image\/"},"sameAs":["https:\/\/www.facebook.com\/sinchirape\/","https:\/\/www.instagram.com\/sinchi_rape\/"]}]}},"_links":{"self":[{"href":"https:\/\/www.sinchisinchi.com\/pl\/wp-json\/wp\/v2\/product\/29105","targetHints":{"allow":["GET"]}}],"collection":[{"href":"https:\/\/www.sinchisinchi.com\/pl\/wp-json\/wp\/v2\/product"}],"about":[{"href":"https:\/\/www.sinchisinchi.com\/pl\/wp-json\/wp\/v2\/types\/product"}],"wp:featuredmedia":[{"embeddable":true,"href":"https:\/\/www.sinchisinchi.com\/pl\/wp-json\/wp\/v2\/media\/27945"}],"wp:attachment":[{"href":"https:\/\/www.sinchisinchi.com\/pl\/wp-json\/wp\/v2\/media?parent=29105"}],"wp:term":[{"taxonomy":"product_brand","embeddable":true,"href":"https:\/\/www.sinchisinchi.com\/pl\/wp-json\/wp\/v2\/product_brand?post=29105"},{"taxonomy":"product_cat","embeddable":true,"href":"https:\/\/www.sinchisinchi.com\/pl\/wp-json\/wp\/v2\/product_cat?post=29105"},{"taxonomy":"product_tag","embeddable":true,"href":"https:\/\/www.sinchisinchi.com\/pl\/wp-json\/wp\/v2\/product_tag?post=29105"}],"curies":[{"name":"wp","href":"https:\/\/api.w.org\/{rel}","templated":true}]}}