{"id":30686,"date":"2025-10-25T01:50:06","date_gmt":"2025-10-25T01:50:06","guid":{"rendered":"https:\/\/www.sinchisinchi.com\/producto\/aroeira\/"},"modified":"2026-03-22T03:15:35","modified_gmt":"2026-03-22T03:15:35","slug":"aroeira","status":"publish","type":"product","link":"https:\/\/www.sinchisinchi.com\/pl\/producto\/aroeira\/","title":{"rendered":"Aroeira"},"content":{"rendered":"","protected":false},"excerpt":{"rendered":"<p>Rap\u00e9 Aroeira to odmiana charakteryzuj\u0105ca si\u0119 silnym aromatem; wytwarzana jest z ro\u015bliny Aroeira, zwanej r\u00f3wnie\u017c r\u00f3\u017cowym pieprzem lub aroeira-vermelha, i jest tradycyjnie wykorzystywana przez plemiona amazo\u0144skie zar\u00f3wno ze wzgl\u0119du na swoje w\u0142a\u015bciwo\u015bci lecznicze, jak i podczas ceremonii.<\/p>\n<p>W kontekstach ceremonialnych Rap\u00e9 Aroeira jest tradycyjnie stosowana w celu u\u0142atwienia duchowego po\u0142\u0105czenia, introspekcji i jasno\u015bci umys\u0142u, oddzia\u0142uj\u0105c na czakry trzeciego oka i gard\u0142a. Rap\u00e9 Aroeira jest r\u00f3wnie\u017c znana pod innymi nazwami, takimi jak \u201eDume Deshke\u201d przez plemi\u0119 Huni Kuin lub \u201eRome Poto\u201d przez plemi\u0119 Katukina.<\/p>\n<p>W celu jej przygotowania li\u015bcie i \u0142odygi ro\u015bliny s\u0105 starannie zbierane, suszone i mielone.<\/p>\n<p>Aroeira (Schinus terebinthifolius)<\/p>\n<p>Aroeira, zwana r\u00f3wnie\u017c brazylijskim pieprzem, turbinto, hawajskim pieprzem lub r\u00f3\u017cowym pieprzem, to krzew lub niewielkie drzewo o wysoko\u015bci od 7 do 10 m, wyst\u0119puj\u0105ce naturalnie w subtropikalnych i tropikalnych regionach Ameryki Po\u0142udniowej, a konkretnie w po\u0142udniowo-wschodniej Brazylii, p\u00f3\u0142nocnej Argentynie i Paragwaju.<\/p>\n<p>Czczona zar\u00f3wno ze wzgl\u0119du na swoje w\u0142a\u015bciwo\u015bci duchowe, jak i lecznicze, jest uwa\u017cana przez plemiona amazo\u0144skie za stra\u017cnika las\u00f3w deszczowych i \u017ar\u00f3d\u0142o m\u0105dro\u015bci przodk\u00f3w.<\/p>\n<p>Charakteryzuje si\u0119 zar\u00f3wno ga\u0142\u0119ziami wznosz\u0105cymi si\u0119, jak i opadaj\u0105cymi. Li\u015bcie maj\u0105 owalne listki z drobnymi z\u0105bkami na brzegach. Kwiaty s\u0105 ma\u0142e i bia\u0142e, a owoce to bardzo ma\u0142e (4-5 mm \u015brednicy), czerwone, kuliste owoce, rosn\u0105ce w g\u0119stych gronach po setki.<\/p>\n<p>Chocia\u017c nie jest drzewem pieprzowym, jej suszone pestkowce (owoce) s\u0105 sprzedawane jako r\u00f3\u017cowy pieprz. Nasiona s\u0105 u\u017cywane oszcz\u0119dnie jako przyprawa, z dodatkiem czarnego pieprzu, poniewa\u017c w przeciwnym razie s\u0105 toksyczne.<\/p>\n<p>Podobnie jak wiele innych gatunk\u00f3w z rodziny nanerczowatych (Anacardiaceae), brazylijski pieprzowiec ma aromatyczny lateks, kt\u00f3ry wywo\u0142uje reakcje sk\u00f3rne u os\u00f3b wra\u017cliwych.<\/p>\n<p>Jest r\u00f3wnie\u017c wykorzystywany jako ro\u015blina ozdobna i sta\u0142 si\u0119 chwastem w wielu regionach subtropikalnych; szczeg\u00f3lnie kolonizuje i tworzy g\u0119ste korony, dusz\u0105c inne ro\u015bliny. Sprzeda\u017c, transport i sadzenie tego drzewa s\u0105 zabronione w Stanach Zjednoczonych i znajduje si\u0119 ono na li\u015bcie 100 najbardziej szkodliwych inwazyjnych gatunk\u00f3w obcych Mi\u0119dzynarodowej Unii Ochrony Przyrody.<\/p>\n<p>Nazwa \u201eSchinus\u201d to greckie s\u0142owo oznaczaj\u0105ce drzewo mastyksowe, drzewo z tej samej rodziny; \u201eterebinthifolius\u201d to \u0142aci\u0144ski epitet z\u0142o\u017cony oznaczaj\u0105cy \u201ez li\u015b\u0107mi z rodzaju Terebinthus\u201d (odnosz\u0105cy si\u0119 do wsp\u00f3\u0142czesnego rodzaju Bursera).<\/p>\n<p>W\u0142a\u015bciwo\u015bci lecznicze aroeiry<\/p>\n<p>Aroeira jest stosowana w medycynie tradycyjnej ze wzgl\u0119du na swoje w\u0142a\u015bciwo\u015bci \u015bci\u0105gaj\u0105ce, balsamiczne, moczop\u0119dne, przeciwzapalne, przeciwdrobnoustrojowe, tonizuj\u0105ce i lecznicze.<\/p>\n<p>Tradycyjnie aroeira jest stosowana w celu poprawy samopoczucia fizycznego, emocjonalnego i duchowego, a tak\u017ce koncentracji i skupienia.<\/p>\n<p>W\u015br\u00f3d jej w\u0142a\u015bciwo\u015bci leczniczych, aroeira \u0142agodzi stany zapalne, co czyni j\u0105 bardzo przydatn\u0105 w leczeniu schorze\u0144 takich jak artretyzm i reumatyzm.<\/p>\n<p>Ponadto ma w\u0142a\u015bciwo\u015bci moczop\u0119dne, jest stosowana w celu \u0142agodzenia problem\u00f3w z oddychaniem i wzmacniania uk\u0142adu odporno\u015bciowego.<\/p>\n<p>W Ameryce Po\u0142udniowej Inkowie uwa\u017cali t\u0119 ro\u015blin\u0119 za prawdziwe panaceum i przypisywali jej liczne zalety. Jagody stosowano w leczeniu problem\u00f3w z uk\u0142adem moczowym, poprawie kr\u0105\u017cenia \u017cylnego i \u0142agodzeniu b\u00f3l\u00f3w staw\u00f3w. Li\u015bcie stosowano do piel\u0119gnacji jamy ustnej, a \u017cywic\u0119 jako \u015brodek przeczyszczaj\u0105cy.<\/p>\n<p>Z jag\u00f3d wytwarza si\u0119 sfermentowany nap\u00f3j podobny do piwa, zwany chicha.<\/p>\n","protected":false},"featured_media":27993,"template":"","meta":{"_joinchat":[]},"product_brand":[],"product_cat":[725],"product_tag":[],"class_list":{"0":"post-30686","1":"product","2":"type-product","3":"status-publish","4":"has-post-thumbnail","6":"product_cat-czerwona-etykieta","8":"first","9":"instock","10":"taxable","11":"shipping-taxable","12":"purchasable","13":"product-type-simple"},"yoast_head":"<!-- This site is optimized with the Yoast SEO plugin v27.4 - https:\/\/yoast.com\/product\/yoast-seo-wordpress\/ -->\n<title>Aroeira - SINCHI RAP\u00c9<\/title>\n<meta name=\"robots\" content=\"index, follow, max-snippet:-1, max-image-preview:large, max-video-preview:-1\" \/>\n<link rel=\"canonical\" href=\"https:\/\/www.sinchisinchi.com\/pl\/producto\/aroeira\/\" \/>\n<meta property=\"og:locale\" content=\"pl_PL\" \/>\n<meta property=\"og:type\" content=\"article\" \/>\n<meta property=\"og:title\" content=\"Aroeira - SINCHI RAP\u00c9\" \/>\n<meta property=\"og:description\" content=\"Rap\u00e9 Aroeira to odmiana charakteryzuj\u0105ca si\u0119 silnym aromatem; wytwarzana jest z ro\u015bliny Aroeira, zwanej r\u00f3wnie\u017c r\u00f3\u017cowym pieprzem lub aroeira-vermelha, i jest tradycyjnie wykorzystywana przez plemiona amazo\u0144skie zar\u00f3wno ze wzgl\u0119du na swoje w\u0142a\u015bciwo\u015bci lecznicze, jak i podczas ceremonii.  W kontekstach ceremonialnych Rap\u00e9 Aroeira jest tradycyjnie stosowana w celu u\u0142atwienia duchowego po\u0142\u0105czenia, introspekcji i jasno\u015bci umys\u0142u, oddzia\u0142uj\u0105c na czakry trzeciego oka i gard\u0142a. Rap\u00e9 Aroeira jest r\u00f3wnie\u017c znana pod innymi nazwami, takimi jak \u201eDume Deshke\u201d przez plemi\u0119 Huni Kuin lub \u201eRome Poto\u201d przez plemi\u0119 Katukina.  W celu jej przygotowania li\u015bcie i \u0142odygi ro\u015bliny s\u0105 starannie zbierane, suszone i mielone.  Aroeira (Schinus terebinthifolius)  Aroeira, zwana r\u00f3wnie\u017c brazylijskim pieprzem, turbinto, hawajskim pieprzem lub r\u00f3\u017cowym pieprzem, to krzew lub niewielkie drzewo o wysoko\u015bci od 7 do 10 m, wyst\u0119puj\u0105ce naturalnie w subtropikalnych i tropikalnych regionach Ameryki Po\u0142udniowej, a konkretnie w po\u0142udniowo-wschodniej Brazylii, p\u00f3\u0142nocnej Argentynie i Paragwaju.  Czczona zar\u00f3wno ze wzgl\u0119du na swoje w\u0142a\u015bciwo\u015bci duchowe, jak i lecznicze, jest uwa\u017cana przez plemiona amazo\u0144skie za stra\u017cnika las\u00f3w deszczowych i \u017ar\u00f3d\u0142o m\u0105dro\u015bci przodk\u00f3w.  Charakteryzuje si\u0119 zar\u00f3wno ga\u0142\u0119ziami wznosz\u0105cymi si\u0119, jak i opadaj\u0105cymi. Li\u015bcie maj\u0105 owalne listki z drobnymi z\u0105bkami na brzegach. Kwiaty s\u0105 ma\u0142e i bia\u0142e, a owoce to bardzo ma\u0142e (4-5 mm \u015brednicy), czerwone, kuliste owoce, rosn\u0105ce w g\u0119stych gronach po setki.  Chocia\u017c nie jest drzewem pieprzowym, jej suszone pestkowce (owoce) s\u0105 sprzedawane jako r\u00f3\u017cowy pieprz. Nasiona s\u0105 u\u017cywane oszcz\u0119dnie jako przyprawa, z dodatkiem czarnego pieprzu, poniewa\u017c w przeciwnym razie s\u0105 toksyczne.  Podobnie jak wiele innych gatunk\u00f3w z rodziny nanerczowatych (Anacardiaceae), brazylijski pieprzowiec ma aromatyczny lateks, kt\u00f3ry wywo\u0142uje reakcje sk\u00f3rne u os\u00f3b wra\u017cliwych.  Jest r\u00f3wnie\u017c wykorzystywany jako ro\u015blina ozdobna i sta\u0142 si\u0119 chwastem w wielu regionach subtropikalnych; szczeg\u00f3lnie kolonizuje i tworzy g\u0119ste korony, dusz\u0105c inne ro\u015bliny. Sprzeda\u017c, transport i sadzenie tego drzewa s\u0105 zabronione w Stanach Zjednoczonych i znajduje si\u0119 ono na li\u015bcie 100 najbardziej szkodliwych inwazyjnych gatunk\u00f3w obcych Mi\u0119dzynarodowej Unii Ochrony Przyrody.  Nazwa \u201eSchinus\u201d to greckie s\u0142owo oznaczaj\u0105ce drzewo mastyksowe, drzewo z tej samej rodziny; \u201eterebinthifolius\u201d to \u0142aci\u0144ski epitet z\u0142o\u017cony oznaczaj\u0105cy \u201ez li\u015b\u0107mi z rodzaju Terebinthus\u201d (odnosz\u0105cy si\u0119 do wsp\u00f3\u0142czesnego rodzaju Bursera).  W\u0142a\u015bciwo\u015bci lecznicze aroeiry  Aroeira jest stosowana w medycynie tradycyjnej ze wzgl\u0119du na swoje w\u0142a\u015bciwo\u015bci \u015bci\u0105gaj\u0105ce, balsamiczne, moczop\u0119dne, przeciwzapalne, przeciwdrobnoustrojowe, tonizuj\u0105ce i lecznicze.  Tradycyjnie aroeira jest stosowana w celu poprawy samopoczucia fizycznego, emocjonalnego i duchowego, a tak\u017ce koncentracji i skupienia.  W\u015br\u00f3d jej w\u0142a\u015bciwo\u015bci leczniczych, aroeira \u0142agodzi stany zapalne, co czyni j\u0105 bardzo przydatn\u0105 w leczeniu schorze\u0144 takich jak artretyzm i reumatyzm.  Ponadto ma w\u0142a\u015bciwo\u015bci moczop\u0119dne, jest stosowana w celu \u0142agodzenia problem\u00f3w z oddychaniem i wzmacniania uk\u0142adu odporno\u015bciowego.  W Ameryce Po\u0142udniowej Inkowie uwa\u017cali t\u0119 ro\u015blin\u0119 za prawdziwe panaceum i przypisywali jej liczne zalety. Jagody stosowano w leczeniu problem\u00f3w z uk\u0142adem moczowym, poprawie kr\u0105\u017cenia \u017cylnego i \u0142agodzeniu b\u00f3l\u00f3w staw\u00f3w. Li\u015bcie stosowano do piel\u0119gnacji jamy ustnej, a \u017cywic\u0119 jako \u015brodek przeczyszczaj\u0105cy.  Z jag\u00f3d wytwarza si\u0119 sfermentowany nap\u00f3j podobny do piwa, zwany chicha.\" \/>\n<meta property=\"og:url\" content=\"https:\/\/www.sinchisinchi.com\/pl\/producto\/aroeira\/\" \/>\n<meta property=\"og:site_name\" content=\"SINCHI RAP\u00c9\" \/>\n<meta property=\"article:publisher\" content=\"https:\/\/www.facebook.com\/sinchirape\/\" \/>\n<meta property=\"article:modified_time\" content=\"2026-03-22T03:15:35+00:00\" \/>\n<meta property=\"og:image\" content=\"https:\/\/www.sinchisinchi.com\/wp-content\/uploads\/2025\/05\/8-Aroeira.jpg\" \/>\n\t<meta property=\"og:image:width\" content=\"700\" \/>\n\t<meta property=\"og:image:height\" content=\"700\" \/>\n\t<meta property=\"og:image:type\" content=\"image\/jpeg\" \/>\n<meta name=\"twitter:card\" content=\"summary_large_image\" \/>\n<script type=\"application\/ld+json\" class=\"yoast-schema-graph\">{\"@context\":\"https:\\\/\\\/schema.org\",\"@graph\":[{\"@type\":\"WebPage\",\"@id\":\"https:\\\/\\\/www.sinchisinchi.com\\\/pl\\\/producto\\\/aroeira\\\/\",\"url\":\"https:\\\/\\\/www.sinchisinchi.com\\\/pl\\\/producto\\\/aroeira\\\/\",\"name\":\"Aroeira - SINCHI RAP\u00c9\",\"isPartOf\":{\"@id\":\"https:\\\/\\\/www.sinchisinchi.com\\\/pl\\\/#website\"},\"primaryImageOfPage\":{\"@id\":\"https:\\\/\\\/www.sinchisinchi.com\\\/pl\\\/producto\\\/aroeira\\\/#primaryimage\"},\"image\":{\"@id\":\"https:\\\/\\\/www.sinchisinchi.com\\\/pl\\\/producto\\\/aroeira\\\/#primaryimage\"},\"thumbnailUrl\":\"https:\\\/\\\/www.sinchisinchi.com\\\/wp-content\\\/uploads\\\/2025\\\/05\\\/8-Aroeira.jpg\",\"datePublished\":\"2025-10-25T01:50:06+00:00\",\"dateModified\":\"2026-03-22T03:15:35+00:00\",\"breadcrumb\":{\"@id\":\"https:\\\/\\\/www.sinchisinchi.com\\\/pl\\\/producto\\\/aroeira\\\/#breadcrumb\"},\"inLanguage\":\"pl-PL\",\"potentialAction\":[{\"@type\":\"ReadAction\",\"target\":[\"https:\\\/\\\/www.sinchisinchi.com\\\/pl\\\/producto\\\/aroeira\\\/\"]}]},{\"@type\":\"ImageObject\",\"inLanguage\":\"pl-PL\",\"@id\":\"https:\\\/\\\/www.sinchisinchi.com\\\/pl\\\/producto\\\/aroeira\\\/#primaryimage\",\"url\":\"https:\\\/\\\/www.sinchisinchi.com\\\/wp-content\\\/uploads\\\/2025\\\/05\\\/8-Aroeira.jpg\",\"contentUrl\":\"https:\\\/\\\/www.sinchisinchi.com\\\/wp-content\\\/uploads\\\/2025\\\/05\\\/8-Aroeira.jpg\",\"width\":700,\"height\":700},{\"@type\":\"BreadcrumbList\",\"@id\":\"https:\\\/\\\/www.sinchisinchi.com\\\/pl\\\/producto\\\/aroeira\\\/#breadcrumb\",\"itemListElement\":[{\"@type\":\"ListItem\",\"position\":1,\"name\":\"Pierwsza strona\",\"item\":\"https:\\\/\\\/www.sinchisinchi.com\\\/pl\\\/\"},{\"@type\":\"ListItem\",\"position\":2,\"name\":\"Produkty\",\"item\":\"https:\\\/\\\/www.sinchisinchi.com\\\/pl\\\/shop\\\/\"},{\"@type\":\"ListItem\",\"position\":3,\"name\":\"Aroeira\"}]},{\"@type\":\"WebSite\",\"@id\":\"https:\\\/\\\/www.sinchisinchi.com\\\/pl\\\/#website\",\"url\":\"https:\\\/\\\/www.sinchisinchi.com\\\/pl\\\/\",\"name\":\"SINCHI\",\"description\":\"Sinchi Medicine\",\"publisher\":{\"@id\":\"https:\\\/\\\/www.sinchisinchi.com\\\/pl\\\/#organization\"},\"potentialAction\":[{\"@type\":\"SearchAction\",\"target\":{\"@type\":\"EntryPoint\",\"urlTemplate\":\"https:\\\/\\\/www.sinchisinchi.com\\\/pl\\\/?s={search_term_string}\"},\"query-input\":{\"@type\":\"PropertyValueSpecification\",\"valueRequired\":true,\"valueName\":\"search_term_string\"}}],\"inLanguage\":\"pl-PL\"},{\"@type\":\"Organization\",\"@id\":\"https:\\\/\\\/www.sinchisinchi.com\\\/pl\\\/#organization\",\"name\":\"SINCHI S.L\",\"url\":\"https:\\\/\\\/www.sinchisinchi.com\\\/pl\\\/\",\"logo\":{\"@type\":\"ImageObject\",\"inLanguage\":\"pl-PL\",\"@id\":\"https:\\\/\\\/www.sinchisinchi.com\\\/pl\\\/#\\\/schema\\\/logo\\\/image\\\/\",\"url\":\"https:\\\/\\\/www.sinchisinchi.com\\\/wp-content\\\/uploads\\\/2026\\\/01\\\/3b-Verde-SIMPLIFICADO-HORIZONTAL-F-TRANSPARENTE-scaled.png\",\"contentUrl\":\"https:\\\/\\\/www.sinchisinchi.com\\\/wp-content\\\/uploads\\\/2026\\\/01\\\/3b-Verde-SIMPLIFICADO-HORIZONTAL-F-TRANSPARENTE-scaled.png\",\"width\":2560,\"height\":457,\"caption\":\"SINCHI S.L\"},\"image\":{\"@id\":\"https:\\\/\\\/www.sinchisinchi.com\\\/pl\\\/#\\\/schema\\\/logo\\\/image\\\/\"},\"sameAs\":[\"https:\\\/\\\/www.facebook.com\\\/sinchirape\\\/\",\"https:\\\/\\\/www.instagram.com\\\/sinchi_rape\\\/\"]}]}<\/script>\n<!-- \/ Yoast SEO plugin. -->","yoast_head_json":{"title":"Aroeira - SINCHI RAP\u00c9","robots":{"index":"index","follow":"follow","max-snippet":"max-snippet:-1","max-image-preview":"max-image-preview:large","max-video-preview":"max-video-preview:-1"},"canonical":"https:\/\/www.sinchisinchi.com\/pl\/producto\/aroeira\/","og_locale":"pl_PL","og_type":"article","og_title":"Aroeira - SINCHI RAP\u00c9","og_description":"Rap\u00e9 Aroeira to odmiana charakteryzuj\u0105ca si\u0119 silnym aromatem; wytwarzana jest z ro\u015bliny Aroeira, zwanej r\u00f3wnie\u017c r\u00f3\u017cowym pieprzem lub aroeira-vermelha, i jest tradycyjnie wykorzystywana przez plemiona amazo\u0144skie zar\u00f3wno ze wzgl\u0119du na swoje w\u0142a\u015bciwo\u015bci lecznicze, jak i podczas ceremonii.  W kontekstach ceremonialnych Rap\u00e9 Aroeira jest tradycyjnie stosowana w celu u\u0142atwienia duchowego po\u0142\u0105czenia, introspekcji i jasno\u015bci umys\u0142u, oddzia\u0142uj\u0105c na czakry trzeciego oka i gard\u0142a. Rap\u00e9 Aroeira jest r\u00f3wnie\u017c znana pod innymi nazwami, takimi jak \u201eDume Deshke\u201d przez plemi\u0119 Huni Kuin lub \u201eRome Poto\u201d przez plemi\u0119 Katukina.  W celu jej przygotowania li\u015bcie i \u0142odygi ro\u015bliny s\u0105 starannie zbierane, suszone i mielone.  Aroeira (Schinus terebinthifolius)  Aroeira, zwana r\u00f3wnie\u017c brazylijskim pieprzem, turbinto, hawajskim pieprzem lub r\u00f3\u017cowym pieprzem, to krzew lub niewielkie drzewo o wysoko\u015bci od 7 do 10 m, wyst\u0119puj\u0105ce naturalnie w subtropikalnych i tropikalnych regionach Ameryki Po\u0142udniowej, a konkretnie w po\u0142udniowo-wschodniej Brazylii, p\u00f3\u0142nocnej Argentynie i Paragwaju.  Czczona zar\u00f3wno ze wzgl\u0119du na swoje w\u0142a\u015bciwo\u015bci duchowe, jak i lecznicze, jest uwa\u017cana przez plemiona amazo\u0144skie za stra\u017cnika las\u00f3w deszczowych i \u017ar\u00f3d\u0142o m\u0105dro\u015bci przodk\u00f3w.  Charakteryzuje si\u0119 zar\u00f3wno ga\u0142\u0119ziami wznosz\u0105cymi si\u0119, jak i opadaj\u0105cymi. Li\u015bcie maj\u0105 owalne listki z drobnymi z\u0105bkami na brzegach. Kwiaty s\u0105 ma\u0142e i bia\u0142e, a owoce to bardzo ma\u0142e (4-5 mm \u015brednicy), czerwone, kuliste owoce, rosn\u0105ce w g\u0119stych gronach po setki.  Chocia\u017c nie jest drzewem pieprzowym, jej suszone pestkowce (owoce) s\u0105 sprzedawane jako r\u00f3\u017cowy pieprz. Nasiona s\u0105 u\u017cywane oszcz\u0119dnie jako przyprawa, z dodatkiem czarnego pieprzu, poniewa\u017c w przeciwnym razie s\u0105 toksyczne.  Podobnie jak wiele innych gatunk\u00f3w z rodziny nanerczowatych (Anacardiaceae), brazylijski pieprzowiec ma aromatyczny lateks, kt\u00f3ry wywo\u0142uje reakcje sk\u00f3rne u os\u00f3b wra\u017cliwych.  Jest r\u00f3wnie\u017c wykorzystywany jako ro\u015blina ozdobna i sta\u0142 si\u0119 chwastem w wielu regionach subtropikalnych; szczeg\u00f3lnie kolonizuje i tworzy g\u0119ste korony, dusz\u0105c inne ro\u015bliny. Sprzeda\u017c, transport i sadzenie tego drzewa s\u0105 zabronione w Stanach Zjednoczonych i znajduje si\u0119 ono na li\u015bcie 100 najbardziej szkodliwych inwazyjnych gatunk\u00f3w obcych Mi\u0119dzynarodowej Unii Ochrony Przyrody.  Nazwa \u201eSchinus\u201d to greckie s\u0142owo oznaczaj\u0105ce drzewo mastyksowe, drzewo z tej samej rodziny; \u201eterebinthifolius\u201d to \u0142aci\u0144ski epitet z\u0142o\u017cony oznaczaj\u0105cy \u201ez li\u015b\u0107mi z rodzaju Terebinthus\u201d (odnosz\u0105cy si\u0119 do wsp\u00f3\u0142czesnego rodzaju Bursera).  W\u0142a\u015bciwo\u015bci lecznicze aroeiry  Aroeira jest stosowana w medycynie tradycyjnej ze wzgl\u0119du na swoje w\u0142a\u015bciwo\u015bci \u015bci\u0105gaj\u0105ce, balsamiczne, moczop\u0119dne, przeciwzapalne, przeciwdrobnoustrojowe, tonizuj\u0105ce i lecznicze.  Tradycyjnie aroeira jest stosowana w celu poprawy samopoczucia fizycznego, emocjonalnego i duchowego, a tak\u017ce koncentracji i skupienia.  W\u015br\u00f3d jej w\u0142a\u015bciwo\u015bci leczniczych, aroeira \u0142agodzi stany zapalne, co czyni j\u0105 bardzo przydatn\u0105 w leczeniu schorze\u0144 takich jak artretyzm i reumatyzm.  Ponadto ma w\u0142a\u015bciwo\u015bci moczop\u0119dne, jest stosowana w celu \u0142agodzenia problem\u00f3w z oddychaniem i wzmacniania uk\u0142adu odporno\u015bciowego.  W Ameryce Po\u0142udniowej Inkowie uwa\u017cali t\u0119 ro\u015blin\u0119 za prawdziwe panaceum i przypisywali jej liczne zalety. Jagody stosowano w leczeniu problem\u00f3w z uk\u0142adem moczowym, poprawie kr\u0105\u017cenia \u017cylnego i \u0142agodzeniu b\u00f3l\u00f3w staw\u00f3w. Li\u015bcie stosowano do piel\u0119gnacji jamy ustnej, a \u017cywic\u0119 jako \u015brodek przeczyszczaj\u0105cy.  Z jag\u00f3d wytwarza si\u0119 sfermentowany nap\u00f3j podobny do piwa, zwany chicha.","og_url":"https:\/\/www.sinchisinchi.com\/pl\/producto\/aroeira\/","og_site_name":"SINCHI RAP\u00c9","article_publisher":"https:\/\/www.facebook.com\/sinchirape\/","article_modified_time":"2026-03-22T03:15:35+00:00","og_image":[{"width":700,"height":700,"url":"https:\/\/www.sinchisinchi.com\/wp-content\/uploads\/2025\/05\/8-Aroeira.jpg","type":"image\/jpeg"}],"twitter_card":"summary_large_image","schema":{"@context":"https:\/\/schema.org","@graph":[{"@type":"WebPage","@id":"https:\/\/www.sinchisinchi.com\/pl\/producto\/aroeira\/","url":"https:\/\/www.sinchisinchi.com\/pl\/producto\/aroeira\/","name":"Aroeira - SINCHI RAP\u00c9","isPartOf":{"@id":"https:\/\/www.sinchisinchi.com\/pl\/#website"},"primaryImageOfPage":{"@id":"https:\/\/www.sinchisinchi.com\/pl\/producto\/aroeira\/#primaryimage"},"image":{"@id":"https:\/\/www.sinchisinchi.com\/pl\/producto\/aroeira\/#primaryimage"},"thumbnailUrl":"https:\/\/www.sinchisinchi.com\/wp-content\/uploads\/2025\/05\/8-Aroeira.jpg","datePublished":"2025-10-25T01:50:06+00:00","dateModified":"2026-03-22T03:15:35+00:00","breadcrumb":{"@id":"https:\/\/www.sinchisinchi.com\/pl\/producto\/aroeira\/#breadcrumb"},"inLanguage":"pl-PL","potentialAction":[{"@type":"ReadAction","target":["https:\/\/www.sinchisinchi.com\/pl\/producto\/aroeira\/"]}]},{"@type":"ImageObject","inLanguage":"pl-PL","@id":"https:\/\/www.sinchisinchi.com\/pl\/producto\/aroeira\/#primaryimage","url":"https:\/\/www.sinchisinchi.com\/wp-content\/uploads\/2025\/05\/8-Aroeira.jpg","contentUrl":"https:\/\/www.sinchisinchi.com\/wp-content\/uploads\/2025\/05\/8-Aroeira.jpg","width":700,"height":700},{"@type":"BreadcrumbList","@id":"https:\/\/www.sinchisinchi.com\/pl\/producto\/aroeira\/#breadcrumb","itemListElement":[{"@type":"ListItem","position":1,"name":"Pierwsza strona","item":"https:\/\/www.sinchisinchi.com\/pl\/"},{"@type":"ListItem","position":2,"name":"Produkty","item":"https:\/\/www.sinchisinchi.com\/pl\/shop\/"},{"@type":"ListItem","position":3,"name":"Aroeira"}]},{"@type":"WebSite","@id":"https:\/\/www.sinchisinchi.com\/pl\/#website","url":"https:\/\/www.sinchisinchi.com\/pl\/","name":"SINCHI","description":"Sinchi Medicine","publisher":{"@id":"https:\/\/www.sinchisinchi.com\/pl\/#organization"},"potentialAction":[{"@type":"SearchAction","target":{"@type":"EntryPoint","urlTemplate":"https:\/\/www.sinchisinchi.com\/pl\/?s={search_term_string}"},"query-input":{"@type":"PropertyValueSpecification","valueRequired":true,"valueName":"search_term_string"}}],"inLanguage":"pl-PL"},{"@type":"Organization","@id":"https:\/\/www.sinchisinchi.com\/pl\/#organization","name":"SINCHI S.L","url":"https:\/\/www.sinchisinchi.com\/pl\/","logo":{"@type":"ImageObject","inLanguage":"pl-PL","@id":"https:\/\/www.sinchisinchi.com\/pl\/#\/schema\/logo\/image\/","url":"https:\/\/www.sinchisinchi.com\/wp-content\/uploads\/2026\/01\/3b-Verde-SIMPLIFICADO-HORIZONTAL-F-TRANSPARENTE-scaled.png","contentUrl":"https:\/\/www.sinchisinchi.com\/wp-content\/uploads\/2026\/01\/3b-Verde-SIMPLIFICADO-HORIZONTAL-F-TRANSPARENTE-scaled.png","width":2560,"height":457,"caption":"SINCHI S.L"},"image":{"@id":"https:\/\/www.sinchisinchi.com\/pl\/#\/schema\/logo\/image\/"},"sameAs":["https:\/\/www.facebook.com\/sinchirape\/","https:\/\/www.instagram.com\/sinchi_rape\/"]}]}},"_links":{"self":[{"href":"https:\/\/www.sinchisinchi.com\/pl\/wp-json\/wp\/v2\/product\/30686","targetHints":{"allow":["GET"]}}],"collection":[{"href":"https:\/\/www.sinchisinchi.com\/pl\/wp-json\/wp\/v2\/product"}],"about":[{"href":"https:\/\/www.sinchisinchi.com\/pl\/wp-json\/wp\/v2\/types\/product"}],"wp:featuredmedia":[{"embeddable":true,"href":"https:\/\/www.sinchisinchi.com\/pl\/wp-json\/wp\/v2\/media\/27993"}],"wp:attachment":[{"href":"https:\/\/www.sinchisinchi.com\/pl\/wp-json\/wp\/v2\/media?parent=30686"}],"wp:term":[{"taxonomy":"product_brand","embeddable":true,"href":"https:\/\/www.sinchisinchi.com\/pl\/wp-json\/wp\/v2\/product_brand?post=30686"},{"taxonomy":"product_cat","embeddable":true,"href":"https:\/\/www.sinchisinchi.com\/pl\/wp-json\/wp\/v2\/product_cat?post=30686"},{"taxonomy":"product_tag","embeddable":true,"href":"https:\/\/www.sinchisinchi.com\/pl\/wp-json\/wp\/v2\/product_tag?post=30686"}],"curies":[{"name":"wp","href":"https:\/\/api.w.org\/{rel}","templated":true}]}}