{"id":7880,"date":"2020-04-29T07:55:48","date_gmt":"2020-04-29T07:55:48","guid":{"rendered":"https:\/\/www.sinchisinchi.com\/producto\/cumaru-rape\/"},"modified":"2026-05-03T23:17:40","modified_gmt":"2026-05-03T23:17:40","slug":"rape-huni-kuin-cumaru","status":"publish","type":"product","link":"https:\/\/www.sinchisinchi.com\/pl\/producto\/rape-huni-kuin-cumaru\/","title":{"rendered":"Cumaru"},"content":{"rendered":"<a href=\"https:\/\/www.sinchisinchi.com\/pl\/producto\/50g-cumaru\/\" target=\"_blank\" class=\"button secondary is-larger lowercase expand\" rel=\"noopener\" style=\"border-radius:10px;\">\n\t\t<span>\u015aredni Rozmiar: 50g<\/span>\n\t<\/a>\n\n<a href=\"https:\/\/www.sinchisinchi.com\/pl\/producto\/cumaru-100g\/\" target=\"_blank\" class=\"button secondary is-larger lowercase expand\" rel=\"noopener\" style=\"border-radius:10px;\">\n\t\t<span>Du\u017cy Rozmiar: 100g<\/span>\n\t<\/a>\n\n\t<div id=\"gap-813330428\" class=\"gap-element clearfix\" style=\"display:block; height:auto;\">\n\t\t\n<style>\n#gap-813330428 {\n  padding-top: 30px;\n}\n<\/style>\n\t<\/div>\n\t\n\n  <div class=\"banner has-hover\" id=\"banner-1343248455\">\n          <div class=\"banner-inner fill\">\n        <div class=\"banner-bg fill\" >\n            <img loading=\"lazy\" decoding=\"async\" width=\"791\" height=\"1024\" src=\"https:\/\/www.sinchisinchi.com\/wp-content\/uploads\/2024\/09\/0-Huni-Kuin-Kaxinawa-791x1024.jpg\" class=\"bg attachment-large size-large\" alt=\"Retrato frontal de un hombre Huni Kuin con tocado ceremonial de plumas de guacamayo, pintura facial de uruc\u00fa con dise\u00f1os kene y pectoral de mostacillas con patrones geom\u00e9tricos tradicionales\" \/>                        <div class=\"overlay\"><\/div>            \n                    <\/div>\n\t\t\n        <div class=\"banner-layers container\">\n            <div class=\"fill banner-link\"><\/div>            \n   <div id=\"text-box-393038720\" class=\"text-box banner-layer x5 md-x5 lg-x5 y50 md-y50 lg-y50 res-text\">\n                                <div class=\"text-box-content text box-shadow-3\">\n              \n              <div class=\"text-inner text-left\">\n                  \n<h2><span style=\"color: #000000;\"><strong>PLEMI\u0118<\/strong><\/span><\/h2>\n<h3><span style=\"color: #000000;\">Huni Kuin<\/span><\/h3>\n<p><span style=\"color: #000000;\">Plemi\u0119 Huni Kuin \u017cyje w ma\u0142ych spo\u0142eczno\u015bciach po\u0142o\u017conych od podn\u00f3\u017ca peruwia\u0144skich And\u00f3w po granice Brazylii, w stanach Acre i po\u0142udniowej Amazonas, obejmuj\u0105cych obszar Alto Juru\u00e1, Purus i dolin\u0119 Javari.<\/span><\/p>\n<a href=\"https:\/\/www.sinchisinchi.com\/pl\/plemiona\/rape-huni-kuin-kaxinawa\/\" target=\"_blank\" class=\"button primary is-underline expand\" rel=\"noopener\" >\n\t\t<span>Plemi\u0119<\/span>\n\t<\/a>\n\n<a href=\"https:\/\/www.sinchisinchi.com\/pl\/plemiona\/rape-huni-kuin-kaxinawa\/filmy\/\" target=\"_blank\" class=\"button primary is-underline expand\" rel=\"noopener\" >\n\t\t<span>Filmy<\/span>\n\t<\/a>\n\n<a href=\"https:\/\/www.sinchisinchi.com\/pl\/plemiona\/rape-huni-kuin-kaxinawa\/muzyka\/\" target=\"_blank\" class=\"button primary is-underline expand\" rel=\"noopener\" >\n\t\t<span>Muzyka<\/span>\n\t<\/a>\n\n              <\/div>\n           <\/div>\n                            \n<style>\n#text-box-393038720 .text-box-content {\n  background-color: rgb(255, 255, 255);\n  font-size: 100%;\n}\n#text-box-393038720 .text-inner {\n  padding: 30px 30px 30px 30px;\n}\n#text-box-393038720 {\n  width: 60%;\n}\n@media (min-width:550px) {\n  #text-box-393038720 {\n    width: 40%;\n  }\n}\n<\/style>\n    <\/div>\n \n        <\/div>\n      <\/div>\n\n              <div class=\"height-fix is-invisible\"><img loading=\"lazy\" decoding=\"async\" width=\"791\" height=\"1024\" src=\"https:\/\/www.sinchisinchi.com\/wp-content\/uploads\/2024\/09\/0-Huni-Kuin-Kaxinawa-791x1024.jpg\" class=\"attachment-large size-large\" alt=\"Retrato frontal de un hombre Huni Kuin con tocado ceremonial de plumas de guacamayo, pintura facial de uruc\u00fa con dise\u00f1os kene y pectoral de mostacillas con patrones geom\u00e9tricos tradicionales\" srcset=\"https:\/\/www.sinchisinchi.com\/wp-content\/uploads\/2024\/09\/0-Huni-Kuin-Kaxinawa-791x1024.jpg 791w, https:\/\/www.sinchisinchi.com\/wp-content\/uploads\/2024\/09\/0-Huni-Kuin-Kaxinawa-463x600.jpg 463w, https:\/\/www.sinchisinchi.com\/wp-content\/uploads\/2024\/09\/0-Huni-Kuin-Kaxinawa-768x995.jpg 768w, https:\/\/www.sinchisinchi.com\/wp-content\/uploads\/2024\/09\/0-Huni-Kuin-Kaxinawa-1186x1536.jpg 1186w, https:\/\/www.sinchisinchi.com\/wp-content\/uploads\/2024\/09\/0-Huni-Kuin-Kaxinawa-247x320.jpg 247w, https:\/\/www.sinchisinchi.com\/wp-content\/uploads\/2024\/09\/0-Huni-Kuin-Kaxinawa-510x661.jpg 510w, https:\/\/www.sinchisinchi.com\/wp-content\/uploads\/2024\/09\/0-Huni-Kuin-Kaxinawa.jpg 1581w\" sizes=\"auto, (max-width: 791px) 100vw, 791px\" \/><\/div>\n            \n<style>\n#banner-1343248455 .overlay {\n  background-color: rgba(190, 190, 190, 0.2);\n}\n#banner-1343248455 {\n  background-color: rgb(255, 255, 255);\n}\n<\/style>\n  <\/div>\n\n\n","protected":false},"excerpt":{"rendered":"<p><span style=\"color: #000000;\">Rap\u00e9 <strong>Huni Kuin Cumaru<\/strong> to g\u0142\u0119boka odmiana o ciemnobr\u0105zowym kolorze dzi\u0119ki <strong>du\u017cej zawarto\u015bci Mapacho<\/strong>.<\/span><\/p>\n<p><span style=\"color: #000000;\">Popi\u00f3\u0142 u\u017cyty do jego przygotowania pochodzi z drzewa Cumaru, kt\u00f3re zgodnie z tradycj\u0105 Huni Kuin jest drzewem, kt\u00f3re nie gnije, poniewa\u017c jest <strong>&#8222;bardzo prawdziwe&#8221;<\/strong>; Jest to jeden z <strong>najg\u0119stszych i najtwardszych<\/strong> las\u00f3w wyst\u0119puj\u0105cych na planecie.<\/span><\/p>\n<p><span style=\"color: #000000;\">Cumaru Rap\u00e9 ma \u015bwietne ugruntowanie i zdolno\u015b\u0107 wprowadzania u\u017cytkownika w stany g\u0142\u0119bokiego transu. Czasami mo\u017ce dzia\u0142a\u0107 przeczyszczaj\u0105co. \u00a0<\/span><\/p>\n<p><span style=\"color: #000000;\"><strong>-Korzy\u015bci:<\/strong>\u00a0Rap\u00e9 Cumaru ma silne w\u0142a\u015bciwo\u015bci ochrony duchowej.<\/span><\/p>\n<p><span style=\"color: #000000;\"><strong>-Intensywno\u015b\u0107:<\/strong> Mocna<\/span><\/p>\n<p><span style=\"color: #000000;\"><strong>&#8211; Plemi\u0119:<\/strong> Przygotowane przez plemi\u0119 Huni Kuin (znane r\u00f3wnie\u017c jako Kaxinaw\u00e1, caxinau\u00e1).<\/span><\/p>\n<p><span style=\"color: #000000;\"><strong>-Sk\u0142ad:<\/strong> Mapacho, popi\u00f3\u0142 Cumaru (Dipteryx odorata) i inne \u015bwi\u0119te ro\u015bliny amazo\u0144skie.<\/span><\/p>\n<p><span style=\"color: #000000;\"><strong>-Rozmiar:<\/strong> Butelki 10 ml (8 do 9 gram\u00f3w).<\/span><\/p>\n<p><span style=\"color: #000000;\"><strong>-Zastosowanie:<\/strong> Ciekawostka etnobotaniczna. Wy\u0142\u0105czne zastosowanie do bada\u0144 naukowych, historycznych i rytualnych.<\/span><\/p>\n","protected":false},"featured_media":11729,"template":"","meta":{"_joinchat":[]},"product_brand":[],"product_cat":[181],"product_tag":[],"class_list":{"0":"post-7880","1":"product","2":"type-product","3":"status-publish","4":"has-post-thumbnail","6":"product_cat-huni-kuin-pl","8":"first","9":"instock","10":"taxable","11":"shipping-taxable","12":"purchasable","13":"product-type-variable","14":"has-default-attributes"},"yoast_head":"<!-- This site is optimized with the Yoast SEO plugin v27.4 - https:\/\/yoast.com\/product\/yoast-seo-wordpress\/ -->\n<title>SINCHI: Rap\u00e9 Cumaru pochodz\u0105ca z plemienia Huni Kuin<\/title>\n<meta name=\"description\" content=\"Cumaru Rap\u00e9 ma \u015bwietne po\u0142\u0105czenie uziemiaj\u0105ce, wprowadzaj\u0105c u\u017cytkownika w stan g\u0142\u0119bokiego transu. Ekstra mocne, z du\u017c\u0105 zawarto\u015bci\u0105 Mapacho.\" \/>\n<meta name=\"robots\" content=\"index, follow, max-snippet:-1, max-image-preview:large, max-video-preview:-1\" \/>\n<link rel=\"canonical\" href=\"https:\/\/www.sinchisinchi.com\/pl\/producto\/rape-huni-kuin-cumaru\/\" \/>\n<meta property=\"og:locale\" content=\"pl_PL\" \/>\n<meta property=\"og:type\" content=\"article\" \/>\n<meta property=\"og:title\" content=\"SINCHI: Rap\u00e9 Cumaru pochodz\u0105ca z plemienia Huni Kuin\" \/>\n<meta property=\"og:description\" content=\"Cumaru Rap\u00e9 ma \u015bwietne po\u0142\u0105czenie uziemiaj\u0105ce, wprowadzaj\u0105c u\u017cytkownika w stan g\u0142\u0119bokiego transu. Ekstra mocne, z du\u017c\u0105 zawarto\u015bci\u0105 Mapacho.\" \/>\n<meta property=\"og:url\" content=\"https:\/\/www.sinchisinchi.com\/pl\/producto\/rape-huni-kuin-cumaru\/\" \/>\n<meta property=\"og:site_name\" content=\"SINCHI RAP\u00c9\" \/>\n<meta property=\"article:publisher\" content=\"https:\/\/www.facebook.com\/sinchirape\/\" \/>\n<meta property=\"article:modified_time\" content=\"2026-05-03T23:17:40+00:00\" \/>\n<meta name=\"twitter:card\" content=\"summary_large_image\" \/>\n<meta name=\"twitter:label1\" content=\"Szacowany czas czytania\" \/>\n\t<meta name=\"twitter:data1\" content=\"1 minuta\" \/>\n<script type=\"application\/ld+json\" class=\"yoast-schema-graph\">{\"@context\":\"https:\\\/\\\/schema.org\",\"@graph\":[{\"@type\":\"WebPage\",\"@id\":\"https:\\\/\\\/www.sinchisinchi.com\\\/pl\\\/producto\\\/rape-huni-kuin-cumaru\\\/\",\"url\":\"https:\\\/\\\/www.sinchisinchi.com\\\/pl\\\/producto\\\/rape-huni-kuin-cumaru\\\/\",\"name\":\"SINCHI: Rap\u00e9 Cumaru pochodz\u0105ca z plemienia Huni Kuin\",\"isPartOf\":{\"@id\":\"https:\\\/\\\/www.sinchisinchi.com\\\/pl\\\/#website\"},\"primaryImageOfPage\":{\"@id\":\"https:\\\/\\\/www.sinchisinchi.com\\\/pl\\\/producto\\\/rape-huni-kuin-cumaru\\\/#primaryimage\"},\"image\":{\"@id\":\"https:\\\/\\\/www.sinchisinchi.com\\\/pl\\\/producto\\\/rape-huni-kuin-cumaru\\\/#primaryimage\"},\"thumbnailUrl\":\"https:\\\/\\\/www.sinchisinchi.com\\\/wp-content\\\/uploads\\\/2020\\\/04\\\/14-Cumaru.jpg\",\"datePublished\":\"2020-04-29T07:55:48+00:00\",\"dateModified\":\"2026-05-03T23:17:40+00:00\",\"description\":\"Cumaru Rap\u00e9 ma \u015bwietne po\u0142\u0105czenie uziemiaj\u0105ce, wprowadzaj\u0105c u\u017cytkownika w stan g\u0142\u0119bokiego transu. Ekstra mocne, z du\u017c\u0105 zawarto\u015bci\u0105 Mapacho.\",\"breadcrumb\":{\"@id\":\"https:\\\/\\\/www.sinchisinchi.com\\\/pl\\\/producto\\\/rape-huni-kuin-cumaru\\\/#breadcrumb\"},\"inLanguage\":\"pl-PL\",\"potentialAction\":[{\"@type\":\"ReadAction\",\"target\":[\"https:\\\/\\\/www.sinchisinchi.com\\\/pl\\\/producto\\\/rape-huni-kuin-cumaru\\\/\"]}]},{\"@type\":\"ImageObject\",\"inLanguage\":\"pl-PL\",\"@id\":\"https:\\\/\\\/www.sinchisinchi.com\\\/pl\\\/producto\\\/rape-huni-kuin-cumaru\\\/#primaryimage\",\"url\":\"https:\\\/\\\/www.sinchisinchi.com\\\/wp-content\\\/uploads\\\/2020\\\/04\\\/14-Cumaru.jpg\",\"contentUrl\":\"https:\\\/\\\/www.sinchisinchi.com\\\/wp-content\\\/uploads\\\/2020\\\/04\\\/14-Cumaru.jpg\",\"width\":700,\"height\":700},{\"@type\":\"BreadcrumbList\",\"@id\":\"https:\\\/\\\/www.sinchisinchi.com\\\/pl\\\/producto\\\/rape-huni-kuin-cumaru\\\/#breadcrumb\",\"itemListElement\":[{\"@type\":\"ListItem\",\"position\":1,\"name\":\"Pierwsza strona\",\"item\":\"https:\\\/\\\/www.sinchisinchi.com\\\/pl\\\/\"},{\"@type\":\"ListItem\",\"position\":2,\"name\":\"Produkty\",\"item\":\"https:\\\/\\\/www.sinchisinchi.com\\\/pl\\\/shop\\\/\"},{\"@type\":\"ListItem\",\"position\":3,\"name\":\"Cumaru\"}]},{\"@type\":\"WebSite\",\"@id\":\"https:\\\/\\\/www.sinchisinchi.com\\\/pl\\\/#website\",\"url\":\"https:\\\/\\\/www.sinchisinchi.com\\\/pl\\\/\",\"name\":\"SINCHI\",\"description\":\"Sinchi Medicine\",\"publisher\":{\"@id\":\"https:\\\/\\\/www.sinchisinchi.com\\\/pl\\\/#organization\"},\"potentialAction\":[{\"@type\":\"SearchAction\",\"target\":{\"@type\":\"EntryPoint\",\"urlTemplate\":\"https:\\\/\\\/www.sinchisinchi.com\\\/pl\\\/?s={search_term_string}\"},\"query-input\":{\"@type\":\"PropertyValueSpecification\",\"valueRequired\":true,\"valueName\":\"search_term_string\"}}],\"inLanguage\":\"pl-PL\"},{\"@type\":\"Organization\",\"@id\":\"https:\\\/\\\/www.sinchisinchi.com\\\/pl\\\/#organization\",\"name\":\"SINCHI S.L\",\"url\":\"https:\\\/\\\/www.sinchisinchi.com\\\/pl\\\/\",\"logo\":{\"@type\":\"ImageObject\",\"inLanguage\":\"pl-PL\",\"@id\":\"https:\\\/\\\/www.sinchisinchi.com\\\/pl\\\/#\\\/schema\\\/logo\\\/image\\\/\",\"url\":\"https:\\\/\\\/www.sinchisinchi.com\\\/wp-content\\\/uploads\\\/2026\\\/01\\\/3b-Verde-SIMPLIFICADO-HORIZONTAL-F-TRANSPARENTE-scaled.png\",\"contentUrl\":\"https:\\\/\\\/www.sinchisinchi.com\\\/wp-content\\\/uploads\\\/2026\\\/01\\\/3b-Verde-SIMPLIFICADO-HORIZONTAL-F-TRANSPARENTE-scaled.png\",\"width\":2560,\"height\":457,\"caption\":\"SINCHI S.L\"},\"image\":{\"@id\":\"https:\\\/\\\/www.sinchisinchi.com\\\/pl\\\/#\\\/schema\\\/logo\\\/image\\\/\"},\"sameAs\":[\"https:\\\/\\\/www.facebook.com\\\/sinchirape\\\/\",\"https:\\\/\\\/www.instagram.com\\\/sinchi_rape\\\/\"]}]}<\/script>\n<!-- \/ Yoast SEO plugin. -->","yoast_head_json":{"title":"SINCHI: Rap\u00e9 Cumaru pochodz\u0105ca z plemienia Huni Kuin","description":"Cumaru Rap\u00e9 ma \u015bwietne po\u0142\u0105czenie uziemiaj\u0105ce, wprowadzaj\u0105c u\u017cytkownika w stan g\u0142\u0119bokiego transu. Ekstra mocne, z du\u017c\u0105 zawarto\u015bci\u0105 Mapacho.","robots":{"index":"index","follow":"follow","max-snippet":"max-snippet:-1","max-image-preview":"max-image-preview:large","max-video-preview":"max-video-preview:-1"},"canonical":"https:\/\/www.sinchisinchi.com\/pl\/producto\/rape-huni-kuin-cumaru\/","og_locale":"pl_PL","og_type":"article","og_title":"SINCHI: Rap\u00e9 Cumaru pochodz\u0105ca z plemienia Huni Kuin","og_description":"Cumaru Rap\u00e9 ma \u015bwietne po\u0142\u0105czenie uziemiaj\u0105ce, wprowadzaj\u0105c u\u017cytkownika w stan g\u0142\u0119bokiego transu. Ekstra mocne, z du\u017c\u0105 zawarto\u015bci\u0105 Mapacho.","og_url":"https:\/\/www.sinchisinchi.com\/pl\/producto\/rape-huni-kuin-cumaru\/","og_site_name":"SINCHI RAP\u00c9","article_publisher":"https:\/\/www.facebook.com\/sinchirape\/","article_modified_time":"2026-05-03T23:17:40+00:00","twitter_card":"summary_large_image","twitter_misc":{"Szacowany czas czytania":"1 minuta"},"schema":{"@context":"https:\/\/schema.org","@graph":[{"@type":"WebPage","@id":"https:\/\/www.sinchisinchi.com\/pl\/producto\/rape-huni-kuin-cumaru\/","url":"https:\/\/www.sinchisinchi.com\/pl\/producto\/rape-huni-kuin-cumaru\/","name":"SINCHI: Rap\u00e9 Cumaru pochodz\u0105ca z plemienia Huni Kuin","isPartOf":{"@id":"https:\/\/www.sinchisinchi.com\/pl\/#website"},"primaryImageOfPage":{"@id":"https:\/\/www.sinchisinchi.com\/pl\/producto\/rape-huni-kuin-cumaru\/#primaryimage"},"image":{"@id":"https:\/\/www.sinchisinchi.com\/pl\/producto\/rape-huni-kuin-cumaru\/#primaryimage"},"thumbnailUrl":"https:\/\/www.sinchisinchi.com\/wp-content\/uploads\/2020\/04\/14-Cumaru.jpg","datePublished":"2020-04-29T07:55:48+00:00","dateModified":"2026-05-03T23:17:40+00:00","description":"Cumaru Rap\u00e9 ma \u015bwietne po\u0142\u0105czenie uziemiaj\u0105ce, wprowadzaj\u0105c u\u017cytkownika w stan g\u0142\u0119bokiego transu. Ekstra mocne, z du\u017c\u0105 zawarto\u015bci\u0105 Mapacho.","breadcrumb":{"@id":"https:\/\/www.sinchisinchi.com\/pl\/producto\/rape-huni-kuin-cumaru\/#breadcrumb"},"inLanguage":"pl-PL","potentialAction":[{"@type":"ReadAction","target":["https:\/\/www.sinchisinchi.com\/pl\/producto\/rape-huni-kuin-cumaru\/"]}]},{"@type":"ImageObject","inLanguage":"pl-PL","@id":"https:\/\/www.sinchisinchi.com\/pl\/producto\/rape-huni-kuin-cumaru\/#primaryimage","url":"https:\/\/www.sinchisinchi.com\/wp-content\/uploads\/2020\/04\/14-Cumaru.jpg","contentUrl":"https:\/\/www.sinchisinchi.com\/wp-content\/uploads\/2020\/04\/14-Cumaru.jpg","width":700,"height":700},{"@type":"BreadcrumbList","@id":"https:\/\/www.sinchisinchi.com\/pl\/producto\/rape-huni-kuin-cumaru\/#breadcrumb","itemListElement":[{"@type":"ListItem","position":1,"name":"Pierwsza strona","item":"https:\/\/www.sinchisinchi.com\/pl\/"},{"@type":"ListItem","position":2,"name":"Produkty","item":"https:\/\/www.sinchisinchi.com\/pl\/shop\/"},{"@type":"ListItem","position":3,"name":"Cumaru"}]},{"@type":"WebSite","@id":"https:\/\/www.sinchisinchi.com\/pl\/#website","url":"https:\/\/www.sinchisinchi.com\/pl\/","name":"SINCHI","description":"Sinchi Medicine","publisher":{"@id":"https:\/\/www.sinchisinchi.com\/pl\/#organization"},"potentialAction":[{"@type":"SearchAction","target":{"@type":"EntryPoint","urlTemplate":"https:\/\/www.sinchisinchi.com\/pl\/?s={search_term_string}"},"query-input":{"@type":"PropertyValueSpecification","valueRequired":true,"valueName":"search_term_string"}}],"inLanguage":"pl-PL"},{"@type":"Organization","@id":"https:\/\/www.sinchisinchi.com\/pl\/#organization","name":"SINCHI S.L","url":"https:\/\/www.sinchisinchi.com\/pl\/","logo":{"@type":"ImageObject","inLanguage":"pl-PL","@id":"https:\/\/www.sinchisinchi.com\/pl\/#\/schema\/logo\/image\/","url":"https:\/\/www.sinchisinchi.com\/wp-content\/uploads\/2026\/01\/3b-Verde-SIMPLIFICADO-HORIZONTAL-F-TRANSPARENTE-scaled.png","contentUrl":"https:\/\/www.sinchisinchi.com\/wp-content\/uploads\/2026\/01\/3b-Verde-SIMPLIFICADO-HORIZONTAL-F-TRANSPARENTE-scaled.png","width":2560,"height":457,"caption":"SINCHI S.L"},"image":{"@id":"https:\/\/www.sinchisinchi.com\/pl\/#\/schema\/logo\/image\/"},"sameAs":["https:\/\/www.facebook.com\/sinchirape\/","https:\/\/www.instagram.com\/sinchi_rape\/"]}]}},"_links":{"self":[{"href":"https:\/\/www.sinchisinchi.com\/pl\/wp-json\/wp\/v2\/product\/7880","targetHints":{"allow":["GET"]}}],"collection":[{"href":"https:\/\/www.sinchisinchi.com\/pl\/wp-json\/wp\/v2\/product"}],"about":[{"href":"https:\/\/www.sinchisinchi.com\/pl\/wp-json\/wp\/v2\/types\/product"}],"wp:featuredmedia":[{"embeddable":true,"href":"https:\/\/www.sinchisinchi.com\/pl\/wp-json\/wp\/v2\/media\/11729"}],"wp:attachment":[{"href":"https:\/\/www.sinchisinchi.com\/pl\/wp-json\/wp\/v2\/media?parent=7880"}],"wp:term":[{"taxonomy":"product_brand","embeddable":true,"href":"https:\/\/www.sinchisinchi.com\/pl\/wp-json\/wp\/v2\/product_brand?post=7880"},{"taxonomy":"product_cat","embeddable":true,"href":"https:\/\/www.sinchisinchi.com\/pl\/wp-json\/wp\/v2\/product_cat?post=7880"},{"taxonomy":"product_tag","embeddable":true,"href":"https:\/\/www.sinchisinchi.com\/pl\/wp-json\/wp\/v2\/product_tag?post=7880"}],"curies":[{"name":"wp","href":"https:\/\/api.w.org\/{rel}","templated":true}]}}