{"id":7882,"date":"2020-04-29T08:56:24","date_gmt":"2020-04-29T08:56:24","guid":{"rendered":"https:\/\/www.sinchisinchi.com\/producto\/apurina-rape\/"},"modified":"2025-01-02T16:23:29","modified_gmt":"2025-01-02T16:23:29","slug":"apurina-rape","status":"publish","type":"product","link":"https:\/\/www.sinchisinchi.com\/pl\/producto\/apurina-rape\/","title":{"rendered":"Apurina Awiri"},"content":{"rendered":"<p><span style=\"color: #000000;\"><strong>-Intensywno\u015b\u0107:<\/strong> \u0141agodna<\/span><\/p>\n<p><span style=\"color: #000000;\"><strong>-Proporcja:<\/strong> 100% Awiry<\/span><\/p>\n<p><span style=\"color: #000000;\"><strong>-Plemi\u0119:<\/strong> Wytworzone przez plemi\u0119 Apurina<\/span><\/p>\n<p><span style=\"color: #000000;\"><strong>-Sk\u0142ad:<\/strong> Zmielone i przesiane li\u015bcie Awiry.<\/span><\/p>\n<p><span style=\"color: #000000;\"><strong>-Rozmiar:<\/strong>\u00a0Butelki 10 ml (8 do 9 gram\u00f3w).<\/span><\/p>\n<p><span style=\"color: #000000;\"><strong>-Zastosowanie:<\/strong> Ciekawo\u015b\u0107 etnobotaniczna.<\/span><\/p>\n<p>&nbsp;<\/p>\n<h2 style=\"text-align: center;\"><span style=\"color: #000000;\"><strong>Plemi\u0119 Apurina<\/strong><\/span><\/h2>\n<p><span style=\"color: #000000;\">Apurina \u017cyje rozproszona w miejscach w pobli\u017cu brzeg\u00f3w Purus. Maj\u0105 bogate uniwersum kosmologiczne i rytualne, mimo \u017ce na ich histori\u0119 ogromny wp\u0142yw mia\u0142a przemoc w czasach uprawy kauczuku w regionie Amazonii.<\/span><\/p>\n<p><span style=\"color: #000000;\">Dzi\u015b nadal walcz\u0105 o swoje prawa; niekt\u00f3re z ich ziem nie zosta\u0142y jeszcze oficjalnie uznane i s\u0105 stale naje\u017cd\u017cane przez drwali. Niekt\u00f3rzy twierdz\u0105, \u017ce Apurin\u00e3, lub w starszej formie, Ipurin\u00e1, to s\u0142owo z j\u0119zyka Jamamadile.<\/span><\/p>\n<p><span style=\"color: #000000;\">Samoidentyfikacja grupy to pop\u0169kare. Niekt\u00f3re staro\u017cytne teksty odnosz\u0105 si\u0119 do s\u0142owa k\u00e3kite jako samoidentyfikatora. K\u00e3kite oznacza \u201eludzi\u201d, ale wed\u0142ug niekt\u00f3rych Apurin\u00e3 k\u00e3kites oznacza po prostu \u201eludzi\u201d w sensie gatunku ludzkiego (\u201ewidzia\u0142em ludzi\u201d, a tak\u017ce \u201ewidzia\u0142em ma\u0142py\u201d lub \u201ewidzia\u0142em jaguara\u201d), a nie w sensie pojedynczej spo\u0142eczno\u015bci lub grupy etnicznej.<\/span><\/p>\n<p><span style=\"color: #000000;\"><strong>J\u0119zyk Apurin\u00e3 nale\u017cy do ga\u0142\u0119zi Purus<\/strong> rodziny Maipure-Aruak (Facundes, 1994). Najbli\u017cszym spokrewnionym j\u0119zykiem jest j\u0119zyk <strong>Manchineri<\/strong> lub Piro, kt\u00f3ry zamieszkuje g\u00f3rny Purus w Brazylii, aw Peru g\u0142\u00f3wnie doln\u0105 dolin\u0119 Urubamba. Niekt\u00f3rzy Apurin\u00e3 twierdz\u0105, \u017ce rozumiej\u0105 te\u017c troch\u0119 j\u0119zyk <strong>Kaxarari.<\/strong><\/span><\/p>\n<p><span style=\"color: #000000;\"><strong>Apurin\u00e3 zamieszkuj\u0105 27 rdzennych ziem<\/strong> na r\u00f3\u017cnych etapach oficjalnego procesu uznania; Dwadzie\u015bcia zosta\u0142o w pe\u0142ni wyznaczonych i zarejestrowanych, trzy zosta\u0142y zadeklarowane do wy\u0142\u0105cznego u\u017cytku, a cztery s\u0105 w fazie bada\u0144 identyfikacyjnych. \u0141\u0105czna powierzchnia tych w pe\u0142ni wytyczonych rdzennych ziem wynosi 1 819 502 hektar\u00f3w; z tych dw\u00f3ch s\u0105 wsp\u00f3lne z Paumari z jeziora Paric\u00e1 i Paumari z jeziora Marah\u00e3, a jeden z Tor\u0105 w rdzennej ziemi o tej samej nazwie.<\/span><\/p>\n<p><span style=\"color: #000000;\">Apurin\u00e3 z regionu Pauini dziel\u0105 si\u0119 na dwa klany: Xoaporuneru i Metumanetu. O przynale\u017cno\u015bci do jednej z tych grup decyduje pochodzenie ze strony ojca. Dla ka\u017cdego z klan\u00f3w istniej\u0105 zakazy dotycz\u0105ce tego, co mo\u017cna, a czego nie mo\u017cna je\u015b\u0107. Prawid\u0142owe ma\u0142\u017ce\u0144stwo jest mi\u0119dzy Xoaporuneru i Metumanetu, poniewa\u017c ma\u0142\u017ce\u0144stwo mi\u0119dzy cz\u0142onkami tego samego klanu ma takie samo znaczenie jak ma\u0142\u017ce\u0144stwo braci. Co wi\u0119cej, jest to termin, kt\u00f3rego dwaj cz\u0142onkowie tego samego ugrupowania mog\u0105 u\u017cywa\u0107, zwracaj\u0105c si\u0119 do siebie (nutaru, brat, nutaro, siostra), tak jak Xoaporuneru i Metumanetu s\u0105 czasami nazywani nukero (szwagierka) lub nemunaparu (brat ) po prawej). Imiona ludzi wskazuj\u0105, do kt\u00f3rego z &#8222;narod\u00f3w\u201d nale\u017c\u0105.<\/span><\/p>\n<p>&nbsp;<\/p>\n<h2 style=\"text-align: center;\"><span style=\"color: #000000;\"><strong>Mistyk Apuriny<\/strong><\/span><\/h2>\n<p><span style=\"color: #000000;\">&#8222;Kto jest twoim Bogiem? Nie wiem, wiem tylko, \u017ce ma na imi\u0119 Tsora.&#8221;<\/span><\/p>\n<p><span style=\"color: #000000;\">Artur Brasil Apurin\u00e3, M\u0169puraru, Artur Szaman, m\u00f3wi w ten spos\u00f3b o Tsora lub w t\u0142umaczeniu: B\u00f3g. Tsora jest stw\u00f3rc\u0105 wszystkiego na Ziemi iz tego powodu nazywany jest Bogiem. Historia Tsory, historia pocz\u0105tku \u015bwiata, pocz\u0105tku wszystkiego, zawsze zaczyna si\u0119 w wielu wersjach od Mayoroparo, czyli \u201epo tym, jak ziemia si\u0119 zapali\u0142a\u201d. Mayoru oznacza s\u0119pa, a Mayoroparo to potworna kobieta, wied\u017ama, kt\u00f3ra po\u017cera\u0142a ko\u015bci tych, kt\u00f3rzy nie byli pos\u0142uszni, i przechowywa\u0142a ko\u015bci tych, kt\u00f3rzy byli pos\u0142uszni.<\/span><\/p>\n<p><span style=\"color: #000000;\">Tsora stworzy\u0142 ludzi i r\u00f3\u017cne typy ludzi, r\u00f3\u017cne ludy: Apurin\u00e3, bia\u0142ych, innych Indian. Przeprowadza\u0142 r\u00f3\u017cne testy w tych miastach, a Apurin\u00e3 zawsze radzili sobie gorzej ni\u017c inni Indianie i biali. Z tego powodu narratorzy m\u00f3wi\u0105, \u017ce pomimo tego, \u017ce Apurin\u00e3 s\u0105 \u201enajlepsi z mo\u017cliwych\u201d, jest ich niewielu i s\u0105 podzieleni mi\u0119dzy sob\u0105.<\/span><\/p>\n<p><span style=\"color: #000000;\"><strong>Inna legenda<\/strong> Apurin\u00e3 dotyczy <strong>\u015awi\u0119tej Ziemi i plemienia Otsamaneru.<\/strong> Apurin\u00e3 byli nie\u015bmiertelni i \u017cyli w krainie, w kt\u00f3rej nic nie chorowa\u0142o ani nie umiera\u0142o. Towarzyszyli Otsamaneru, podr\u00f3\u017cuj\u0105c mi\u0119dzy jedn\u0105 krain\u0105 nie\u015bmiertelno\u015bci a drug\u0105. Jednak byli zbyt oczarowani rzeczami, kt\u00f3re znale\u017ali w \u201e\u015bmierciono\u015bnych krainach\u201d, kt\u00f3re le\u017c\u0105 mi\u0119dzy \u015bwi\u0119tymi ziemiami, i ostatecznie w nich zostali.<\/span><\/p>\n<p><span style=\"color: #000000;\">Kaxarari s\u0105 cz\u0119sto identyfikowani jako towarzysze Apurin\u00e3 w tej podr\u00f3\u017cy. Wed\u0142ug niekt\u00f3rych relacji trzy miasta podr\u00f3\u017cowa\u0142y razem: Kaxarari, Apurin\u00e3 i Otsamaneru. Kaxarari jako pierwsi zostali oczarowani owocami \u201ekrain \u015bmiertelnik\u00f3w\u201d, a nast\u0119pnie Apurin\u00e3; podczas gdy Otsamaneru kontynuowali swoj\u0105 podr\u00f3\u017c.<\/span><\/p>\n<p>&nbsp;<\/p>\n<h3 style=\"text-align: center;\"><span style=\"color: #000000;\"><strong>Uroczysto\u015bci rytualne Apurina<\/strong><\/span><\/h3>\n<p><span style=\"color: #000000;\">Rytualne obchody Apurin\u00e3, og\u00f3lnie znane jako <strong>Xingan\u00e9<\/strong> (w \u200b\u200bApurin\u00e3, kenuru) obejmuj\u0105 zar\u00f3wno ma\u0142e nocne sesje \u015bpiewania, jak i imprezy na wi\u0119ksz\u0105 skal\u0119, kt\u00f3re obejmuj\u0105 zaproszenia do r\u00f3\u017cnych wiosek i oferuj\u0105 uczty, wino z manioku, banany i owoce palmowe. Czasami s\u0105 to rytua\u0142y uspokajaj\u0105ce dusze zmar\u0142ych, bezpo\u015brednio po ich \u015bmierci lub w rocznice. W takich przypadkach, wed\u0142ug Abdiasa, rytua\u0142 jest znany jako isa\u0129.<\/span><\/p>\n<p><span style=\"color: #000000;\">Xingan\u00e9 zaczyna si\u0119 od rytualnej konfrontacji. Go\u015bcie przybywaj\u0105 z lasu uzbrojeni, pomalowani i udekorowani. Przychodz\u0105 z krzykiem. Gospodarze, podobnie uzbrojeni, wychodz\u0105 im na spotkanie. Kiedy spotykaj\u0105 przyw\u00f3dc\u00f3w, wychodz\u0105 i zaczynaj\u0105 si\u0119 k\u0142\u00f3ci\u0107, m\u00f3wi\u0105c szybko i g\u0142o\u015bno (ten dialog nazywa si\u0119 &#8222;cortar sanguir\u00e9\u201d po portugalsku i katxipuru\u00e3ta w Apurin\u00e3), przez ca\u0142y czas celuj\u0105c sobie nawzajem w piersi. Z ty\u0142u znajduj\u0105 si\u0119 pozostali cz\u0142onkowie grupy, w pogotowiu, z broni\u0105 podobnie wycelowan\u0105 w osoby bior\u0105ce udzia\u0142 w dyskusji.<\/span><\/p>\n<p><span style=\"color: #000000;\">Kiedy g\u0142osy ucichn\u0105, ucichn\u0105 te\u017c pistolety, a przyw\u00f3dcy przyst\u0119puj\u0105 do odbierania sobie nawzajem tytoniu. Na pocz\u0105tku dyskusji ka\u017cdy o\u015bwiadcza, \u017ce \u200b\u200bnie zna drugiego i pyta, kto to jest. Potem nast\u0119puje sanguir\u00e9, osobista mowa, kt\u00f3ra zawsze ko\u0144czy si\u0119 potwierdzeniem rodzic\u00f3w i dziadk\u00f3w m\u00f3wcy. Camilo Manduca Apurin\u00e3 podsumowuje to w ten spos\u00f3b:<\/span><\/p>\n<p><span style=\"color: #000000;\">&#8222;Kiedy kroisz sanguir\u00e9, musisz pami\u0119ta\u0107 imi\u0119 swojego ojca, matki, dziadka. Co chcesz powiedzie\u0107, musisz powiedzie\u0107 w czasie sanguir\u00e9. Cokolwiek si\u0119 dzieje, musisz dowiedzie\u0107 si\u0119 podczas sanguir\u00e9\u201d.<\/span><\/p>\n<p>&nbsp;<\/p>\n<h3 style=\"text-align: center;\"><span style=\"color: #000000;\"><strong>Szamani Apuriny<\/strong><\/span><\/h3>\n<p><span style=\"color: #000000;\">Dla Apurina \u017ar\u00f3d\u0142em choroby i lekarstwem szamana s\u0105 kamienie. Kamie\u0144 jest tym, co pozwala szamanowi leczy\u0107 i co pozwala mu powodowa\u0107 choroby i \u015bmier\u0107. Na pocz\u0105tku treningu szamana pierwszym krokiem jest przebywanie przez wiele miesi\u0119cy w lesie, poszcz\u0105c lub bardzo ma\u0142o jedz\u0105c i prze\u017cuwaj\u0105c katsowaru. Nale\u017cy r\u00f3wnie\u017c unika\u0107 stosunk\u00f3w seksualnych.<\/span><\/p>\n<p><span style=\"color: #000000;\">Szaman z Apurin\u00e3 dzia\u0142a poprzez sny. W nich jego duch odchodzi, odwiedza inne miejsca i wykonuje zadania. Inne duchy prowadz\u0105 szamana podczas tych podr\u00f3\u017cy: zwierz\u0119ta i wodzowie zwierz\u0105t (h\u00e3wite), z kt\u00f3rymi pracuje. Ka\u017cdy szaman posiada jednego lub wi\u0119cej swoich: jaguara, w\u0119\u017ca lub mitycznego mapinguari.<\/span><\/p>\n<p><span style=\"color: #000000;\">To, co inni postrzegaj\u0105 jako zwierz\u0119ta, szaman postrzega jako ludzi, a niekt\u00f3rzy jako rodzin\u0119.<\/span><\/p>\n<p><span style=\"color: #000000;\">Jedn\u0105 z funkcji szamana jest na przyk\u0142ad powstrzymanie ich od &#8222;dr\u0119czenia\u201d lub powstrzymanie w\u0119\u017cy od k\u0105sania.<\/span><\/p>\n<p><span style=\"color: #000000;\">Je\u015bli b\u0119d\u0105 silni, szamani b\u0119d\u0105 podr\u00f3\u017cowa\u0107 do r\u00f3\u017cnych krain: pod ziemi\u0119, gdzie mieszkaj\u0105, pod rzek\u0119, a\u017c do nieba, gdzie mieszka Tsora. Im silniejszy szaman, tym wi\u0119cej miejsc mo\u017ce odwiedzi\u0107 jego duch.<\/span><\/p>\n<h3 style=\"text-align: center;\"><span style=\"color: #000000;\"><strong>Apurina i kolekcja gumy<\/strong><\/span><\/h3>\n<p><span style=\"color: #000000;\">Systematyczne kontakty mi\u0119dzy <strong>Apurin\u00e3 a nie-Indianami<\/strong> rozpocz\u0119\u0142y si\u0119 w wyniku zbioru kauczuku. Dolina Purus zacz\u0119\u0142a by\u0107 eksplorowana w XVIII wieku przez w\u0119drownych handlarzy w poszukiwaniu tak zwanych \u201edrogas do sert\u00e3o\u201d (produkt\u00f3w wn\u0119trzarskich): kakao, balsamu copaiba, t\u0142uszczu \u017c\u00f3\u0142wiowego i kauczuku. Niekt\u00f3rzy z tych odkrywc\u00f3w osiedlili si\u0119 i zacz\u0119to zak\u0142ada\u0107 zak\u0142ady przetw\u00f3rcze na dolnym Purusie. W latach pi\u0119\u0107dziesi\u0105tych i sze\u015b\u0107dziesi\u0105tych XIX wieku wys\u0142ano kilka ekspedycji w celu zbadania i sporz\u0105dzenia mapy rzeki. W tym czasie niekt\u00f3rzy Apurin\u00e3 podobno pracowali ju\u017c dla nie-Indian.<\/span><\/p>\n<p><span style=\"color: #000000;\">Purus by\u0142 zaj\u0119ty przez gum\u0119. Eksploatacja rozpocz\u0119\u0142a si\u0119 w latach 70. XIX wieku, a do 1880 r. Purus na ca\u0142ej d\u0142ugo\u015bci by\u0142 okupowany przez ludno\u015b\u0107 nierdzenn\u0105. Zbi\u00f3r kauczuku spad\u0142 po 1910 r., Kiedy rozpocz\u0119\u0142a si\u0119 produkcja azjatycka, z kt\u00f3r\u0105 produkcja brazylijska nie mog\u0142a konkurowa\u0107. Bez rynku, farmy kauczuku zosta\u0142y opuszczone przez w\u0142a\u015bcicieli. Seringueiros (zbieracze gumy) i Indianie nadal prze\u017cywali dzi\u0119ki uprawie na w\u0142asne potrzeby (kt\u00f3ra by\u0142a w du\u017cej mierze zabroniona na farmach kauczuku) oraz handlu innymi produktami, takimi jak orzechy brazylijskie.<\/span><\/p>\n","protected":false},"excerpt":{"rendered":"<p><span style=\"color: #000000;\">Apurin\u00e3 s\u0142ynie z <strong>zielonego Rap\u00e9<\/strong>, wyj\u0105tkowego i zupe\u0142nie innego ni\u017c inne plemiona w regionie. Jest wytwarzany ze \u015bwi\u0119tej ro\u015bliny zwanej <strong>Awiry<\/strong>, uwa\u017canej przez niekt\u00f3rych za rodzaj dzikiego Tytoniu.<\/span><\/p>\n<p><span style=\"color: #000000;\">Rap\u00e9 Apurina Awiry nie zawiera popio\u0142u ani tytoniu; wy\u0142\u0105cznie zmielone i drobno przesiane li\u015bcie Awiri, kt\u00f3re nadaj\u0105 jej charakterystyczny zielony kolor i jest to doskona\u0142a odmiana dla tych, kt\u00f3rzy chc\u0105 tabaki bez nikotyny.<\/span><\/p>\n<p><span style=\"color: #000000;\">Aby zrobi\u0107 tabak\u0119 tytoniow\u0105, tyto\u0144 jest poddawany fermentacji podczas suszenia i zwijany w laski lub sznurki do przechowywania. Z drugiej strony Awiry nie jest fermentowane ani podgrzewane; po prostu pozostawia si\u0119 do wyschni\u0119cia, a nast\u0119pnie bezpo\u015brednio miele, dzi\u0119ki czemu zachowuje sw\u00f3j zielony kolor i mo\u017cna j\u0105 uzna\u0107 za <strong>surow\u0105 i \u017cyw\u0105 rap\u0119.<\/strong><\/span><\/p>\n<p><span style=\"color: #000000;\">W\u015br\u00f3d Apurin\u00f3w tylko kilka spo\u0142eczno\u015bci uprawia awiry; wi\u0119kszo\u015b\u0107 plon\u00f3w trzeba zebra\u0107. Ro\u015bnie na brzegach rzek i mo\u017cna j\u0105 zbiera\u0107 tylko w porze suchej, poniewa\u017c gdy rzeka podnosi si\u0119, teren, na kt\u00f3rym \u017cyje ta ro\u015blina, jest zalewany. Z tego powodu ta tabaka jest uwa\u017cana za rzadk\u0105 i wyj\u0105tkow\u0105.<\/span><\/p>\n<p><span style=\"color: #000000;\">Podczas gdy wi\u0119kszo\u015b\u0107 rdzennych Rap\u00e9 jest wdmuchiwana do Kurip\u00e9 lub Tepi, Apurin\u00e3 Awiry jest tradycyjnie wdychane przez rurk\u0119, podobnie jak niekt\u00f3re plemiona u\u017cywaj\u0105 Yopo.<\/span><\/p>\n","protected":false},"featured_media":11764,"template":"","meta":{"_joinchat":[]},"product_brand":[],"product_cat":[216],"product_tag":[],"class_list":{"0":"post-7882","1":"product","2":"type-product","3":"status-publish","4":"has-post-thumbnail","6":"product_cat-boa-pl","8":"first","9":"instock","10":"taxable","11":"shipping-taxable","12":"purchasable","13":"product-type-simple"},"yoast_head":"<!-- This site is optimized with the Yoast SEO plugin v27.1.1 - https:\/\/yoast.com\/product\/yoast-seo-wordpress\/ -->\n<title>SINCHI: Awiry Rap\u00e9 z plemienia Apurina<\/title>\n<meta name=\"description\" content=\"\u015awi\u0119ta Rap\u00e9 plemienia Apurina, s\u0142yn\u0105ca ze swojego zielonego koloru, wyj\u0105tkowego i zupe\u0142nie innego od tabaki innych plemion tego regionu.\" \/>\n<meta name=\"robots\" content=\"index, follow, max-snippet:-1, max-image-preview:large, max-video-preview:-1\" \/>\n<link rel=\"canonical\" href=\"https:\/\/www.sinchisinchi.com\/pl\/producto\/apurina-rape\/\" \/>\n<meta property=\"og:locale\" content=\"pl_PL\" \/>\n<meta property=\"og:type\" content=\"article\" \/>\n<meta property=\"og:title\" content=\"SINCHI: Awiry Rap\u00e9 z plemienia Apurina\" \/>\n<meta property=\"og:description\" content=\"\u015awi\u0119ta Rap\u00e9 plemienia Apurina, s\u0142yn\u0105ca ze swojego zielonego koloru, wyj\u0105tkowego i zupe\u0142nie innego od tabaki innych plemion tego regionu.\" \/>\n<meta property=\"og:url\" content=\"https:\/\/www.sinchisinchi.com\/pl\/producto\/apurina-rape\/\" \/>\n<meta property=\"og:site_name\" content=\"SINCHI RAP\u00c9\" \/>\n<meta property=\"article:publisher\" content=\"https:\/\/www.facebook.com\/sinchirape\/\" \/>\n<meta property=\"article:modified_time\" content=\"2025-01-02T16:23:29+00:00\" \/>\n<meta property=\"og:image\" content=\"https:\/\/www.sinchisinchi.com\/wp-content\/uploads\/2020\/04\/23-Awiry.jpg\" \/>\n\t<meta property=\"og:image:width\" content=\"700\" \/>\n\t<meta property=\"og:image:height\" content=\"700\" \/>\n\t<meta property=\"og:image:type\" content=\"image\/jpeg\" \/>\n<meta name=\"twitter:card\" content=\"summary_large_image\" \/>\n<meta name=\"twitter:label1\" content=\"Szacowany czas czytania\" \/>\n\t<meta name=\"twitter:data1\" content=\"7 minut\" \/>\n<script type=\"application\/ld+json\" class=\"yoast-schema-graph\">{\"@context\":\"https:\/\/schema.org\",\"@graph\":[{\"@type\":\"WebPage\",\"@id\":\"https:\/\/www.sinchisinchi.com\/pl\/producto\/apurina-rape\/\",\"url\":\"https:\/\/www.sinchisinchi.com\/pl\/producto\/apurina-rape\/\",\"name\":\"SINCHI: Awiry Rap\u00e9 z plemienia Apurina\",\"isPartOf\":{\"@id\":\"https:\/\/www.sinchisinchi.com\/pl\/#website\"},\"primaryImageOfPage\":{\"@id\":\"https:\/\/www.sinchisinchi.com\/pl\/producto\/apurina-rape\/#primaryimage\"},\"image\":{\"@id\":\"https:\/\/www.sinchisinchi.com\/pl\/producto\/apurina-rape\/#primaryimage\"},\"thumbnailUrl\":\"https:\/\/www.sinchisinchi.com\/wp-content\/uploads\/2020\/04\/23-Awiry.jpg\",\"datePublished\":\"2020-04-29T08:56:24+00:00\",\"dateModified\":\"2025-01-02T16:23:29+00:00\",\"description\":\"\u015awi\u0119ta Rap\u00e9 plemienia Apurina, s\u0142yn\u0105ca ze swojego zielonego koloru, wyj\u0105tkowego i zupe\u0142nie innego od tabaki innych plemion tego regionu.\",\"breadcrumb\":{\"@id\":\"https:\/\/www.sinchisinchi.com\/pl\/producto\/apurina-rape\/#breadcrumb\"},\"inLanguage\":\"pl-PL\",\"potentialAction\":[{\"@type\":\"ReadAction\",\"target\":[\"https:\/\/www.sinchisinchi.com\/pl\/producto\/apurina-rape\/\"]}]},{\"@type\":\"ImageObject\",\"inLanguage\":\"pl-PL\",\"@id\":\"https:\/\/www.sinchisinchi.com\/pl\/producto\/apurina-rape\/#primaryimage\",\"url\":\"https:\/\/www.sinchisinchi.com\/wp-content\/uploads\/2020\/04\/23-Awiry.jpg\",\"contentUrl\":\"https:\/\/www.sinchisinchi.com\/wp-content\/uploads\/2020\/04\/23-Awiry.jpg\",\"width\":700,\"height\":700},{\"@type\":\"BreadcrumbList\",\"@id\":\"https:\/\/www.sinchisinchi.com\/pl\/producto\/apurina-rape\/#breadcrumb\",\"itemListElement\":[{\"@type\":\"ListItem\",\"position\":1,\"name\":\"Pierwsza strona\",\"item\":\"https:\/\/www.sinchisinchi.com\/pl\/\"},{\"@type\":\"ListItem\",\"position\":2,\"name\":\"Produkty\",\"item\":\"https:\/\/www.sinchisinchi.com\/pl\/shop\/\"},{\"@type\":\"ListItem\",\"position\":3,\"name\":\"Apurina Awiri\"}]},{\"@type\":\"WebSite\",\"@id\":\"https:\/\/www.sinchisinchi.com\/pl\/#website\",\"url\":\"https:\/\/www.sinchisinchi.com\/pl\/\",\"name\":\"SINCHI\",\"description\":\"Sinchi Medicine\",\"publisher\":{\"@id\":\"https:\/\/www.sinchisinchi.com\/pl\/#organization\"},\"potentialAction\":[{\"@type\":\"SearchAction\",\"target\":{\"@type\":\"EntryPoint\",\"urlTemplate\":\"https:\/\/www.sinchisinchi.com\/pl\/?s={search_term_string}\"},\"query-input\":{\"@type\":\"PropertyValueSpecification\",\"valueRequired\":true,\"valueName\":\"search_term_string\"}}],\"inLanguage\":\"pl-PL\"},{\"@type\":\"Organization\",\"@id\":\"https:\/\/www.sinchisinchi.com\/pl\/#organization\",\"name\":\"SINCHI S.L\",\"url\":\"https:\/\/www.sinchisinchi.com\/pl\/\",\"logo\":{\"@type\":\"ImageObject\",\"inLanguage\":\"pl-PL\",\"@id\":\"https:\/\/www.sinchisinchi.com\/pl\/#\/schema\/logo\/image\/\",\"url\":\"https:\/\/www.sinchisinchi.com\/wp-content\/uploads\/2026\/01\/3b-Verde-SIMPLIFICADO-HORIZONTAL-F-TRANSPARENTE-scaled.png\",\"contentUrl\":\"https:\/\/www.sinchisinchi.com\/wp-content\/uploads\/2026\/01\/3b-Verde-SIMPLIFICADO-HORIZONTAL-F-TRANSPARENTE-scaled.png\",\"width\":2560,\"height\":457,\"caption\":\"SINCHI S.L\"},\"image\":{\"@id\":\"https:\/\/www.sinchisinchi.com\/pl\/#\/schema\/logo\/image\/\"},\"sameAs\":[\"https:\/\/www.facebook.com\/sinchirape\/\",\"https:\/\/www.instagram.com\/sinchi_rape\/\"]}]}<\/script>\n<!-- \/ Yoast SEO plugin. -->","yoast_head_json":{"title":"SINCHI: Awiry Rap\u00e9 z plemienia Apurina","description":"\u015awi\u0119ta Rap\u00e9 plemienia Apurina, s\u0142yn\u0105ca ze swojego zielonego koloru, wyj\u0105tkowego i zupe\u0142nie innego od tabaki innych plemion tego regionu.","robots":{"index":"index","follow":"follow","max-snippet":"max-snippet:-1","max-image-preview":"max-image-preview:large","max-video-preview":"max-video-preview:-1"},"canonical":"https:\/\/www.sinchisinchi.com\/pl\/producto\/apurina-rape\/","og_locale":"pl_PL","og_type":"article","og_title":"SINCHI: Awiry Rap\u00e9 z plemienia Apurina","og_description":"\u015awi\u0119ta Rap\u00e9 plemienia Apurina, s\u0142yn\u0105ca ze swojego zielonego koloru, wyj\u0105tkowego i zupe\u0142nie innego od tabaki innych plemion tego regionu.","og_url":"https:\/\/www.sinchisinchi.com\/pl\/producto\/apurina-rape\/","og_site_name":"SINCHI RAP\u00c9","article_publisher":"https:\/\/www.facebook.com\/sinchirape\/","article_modified_time":"2025-01-02T16:23:29+00:00","og_image":[{"width":700,"height":700,"url":"https:\/\/www.sinchisinchi.com\/wp-content\/uploads\/2020\/04\/23-Awiry.jpg","type":"image\/jpeg"}],"twitter_card":"summary_large_image","twitter_misc":{"Szacowany czas czytania":"7 minut"},"schema":{"@context":"https:\/\/schema.org","@graph":[{"@type":"WebPage","@id":"https:\/\/www.sinchisinchi.com\/pl\/producto\/apurina-rape\/","url":"https:\/\/www.sinchisinchi.com\/pl\/producto\/apurina-rape\/","name":"SINCHI: Awiry Rap\u00e9 z plemienia Apurina","isPartOf":{"@id":"https:\/\/www.sinchisinchi.com\/pl\/#website"},"primaryImageOfPage":{"@id":"https:\/\/www.sinchisinchi.com\/pl\/producto\/apurina-rape\/#primaryimage"},"image":{"@id":"https:\/\/www.sinchisinchi.com\/pl\/producto\/apurina-rape\/#primaryimage"},"thumbnailUrl":"https:\/\/www.sinchisinchi.com\/wp-content\/uploads\/2020\/04\/23-Awiry.jpg","datePublished":"2020-04-29T08:56:24+00:00","dateModified":"2025-01-02T16:23:29+00:00","description":"\u015awi\u0119ta Rap\u00e9 plemienia Apurina, s\u0142yn\u0105ca ze swojego zielonego koloru, wyj\u0105tkowego i zupe\u0142nie innego od tabaki innych plemion tego regionu.","breadcrumb":{"@id":"https:\/\/www.sinchisinchi.com\/pl\/producto\/apurina-rape\/#breadcrumb"},"inLanguage":"pl-PL","potentialAction":[{"@type":"ReadAction","target":["https:\/\/www.sinchisinchi.com\/pl\/producto\/apurina-rape\/"]}]},{"@type":"ImageObject","inLanguage":"pl-PL","@id":"https:\/\/www.sinchisinchi.com\/pl\/producto\/apurina-rape\/#primaryimage","url":"https:\/\/www.sinchisinchi.com\/wp-content\/uploads\/2020\/04\/23-Awiry.jpg","contentUrl":"https:\/\/www.sinchisinchi.com\/wp-content\/uploads\/2020\/04\/23-Awiry.jpg","width":700,"height":700},{"@type":"BreadcrumbList","@id":"https:\/\/www.sinchisinchi.com\/pl\/producto\/apurina-rape\/#breadcrumb","itemListElement":[{"@type":"ListItem","position":1,"name":"Pierwsza strona","item":"https:\/\/www.sinchisinchi.com\/pl\/"},{"@type":"ListItem","position":2,"name":"Produkty","item":"https:\/\/www.sinchisinchi.com\/pl\/shop\/"},{"@type":"ListItem","position":3,"name":"Apurina Awiri"}]},{"@type":"WebSite","@id":"https:\/\/www.sinchisinchi.com\/pl\/#website","url":"https:\/\/www.sinchisinchi.com\/pl\/","name":"SINCHI","description":"Sinchi Medicine","publisher":{"@id":"https:\/\/www.sinchisinchi.com\/pl\/#organization"},"potentialAction":[{"@type":"SearchAction","target":{"@type":"EntryPoint","urlTemplate":"https:\/\/www.sinchisinchi.com\/pl\/?s={search_term_string}"},"query-input":{"@type":"PropertyValueSpecification","valueRequired":true,"valueName":"search_term_string"}}],"inLanguage":"pl-PL"},{"@type":"Organization","@id":"https:\/\/www.sinchisinchi.com\/pl\/#organization","name":"SINCHI S.L","url":"https:\/\/www.sinchisinchi.com\/pl\/","logo":{"@type":"ImageObject","inLanguage":"pl-PL","@id":"https:\/\/www.sinchisinchi.com\/pl\/#\/schema\/logo\/image\/","url":"https:\/\/www.sinchisinchi.com\/wp-content\/uploads\/2026\/01\/3b-Verde-SIMPLIFICADO-HORIZONTAL-F-TRANSPARENTE-scaled.png","contentUrl":"https:\/\/www.sinchisinchi.com\/wp-content\/uploads\/2026\/01\/3b-Verde-SIMPLIFICADO-HORIZONTAL-F-TRANSPARENTE-scaled.png","width":2560,"height":457,"caption":"SINCHI S.L"},"image":{"@id":"https:\/\/www.sinchisinchi.com\/pl\/#\/schema\/logo\/image\/"},"sameAs":["https:\/\/www.facebook.com\/sinchirape\/","https:\/\/www.instagram.com\/sinchi_rape\/"]}]}},"_links":{"self":[{"href":"https:\/\/www.sinchisinchi.com\/pl\/wp-json\/wp\/v2\/product\/7882","targetHints":{"allow":["GET"]}}],"collection":[{"href":"https:\/\/www.sinchisinchi.com\/pl\/wp-json\/wp\/v2\/product"}],"about":[{"href":"https:\/\/www.sinchisinchi.com\/pl\/wp-json\/wp\/v2\/types\/product"}],"wp:featuredmedia":[{"embeddable":true,"href":"https:\/\/www.sinchisinchi.com\/pl\/wp-json\/wp\/v2\/media\/11764"}],"wp:attachment":[{"href":"https:\/\/www.sinchisinchi.com\/pl\/wp-json\/wp\/v2\/media?parent=7882"}],"wp:term":[{"taxonomy":"product_brand","embeddable":true,"href":"https:\/\/www.sinchisinchi.com\/pl\/wp-json\/wp\/v2\/product_brand?post=7882"},{"taxonomy":"product_cat","embeddable":true,"href":"https:\/\/www.sinchisinchi.com\/pl\/wp-json\/wp\/v2\/product_cat?post=7882"},{"taxonomy":"product_tag","embeddable":true,"href":"https:\/\/www.sinchisinchi.com\/pl\/wp-json\/wp\/v2\/product_tag?post=7882"}],"curies":[{"name":"wp","href":"https:\/\/api.w.org\/{rel}","templated":true}]}}