{"id":7889,"date":"2018-10-12T10:45:50","date_gmt":"2018-10-12T10:45:50","guid":{"rendered":"https:\/\/www.sinchisinchi.com\/producto\/rape-menta\/"},"modified":"2026-02-12T11:56:14","modified_gmt":"2026-02-12T11:56:14","slug":"rape-menta","status":"publish","type":"product","link":"https:\/\/www.sinchisinchi.com\/pl\/producto\/rape-menta\/","title":{"rendered":"Rap\u00e9 Mi\u0119towa"},"content":{"rendered":"<a href=\"https:\/\/www.sinchisinchi.com\/pl\/producto\/50g-miety\/\" class=\"button secondary is-larger lowercase expand\" style=\"border-radius:10px;\">\n\t\t<span>\u015aredni Rozmiar: 50g<\/span>\n\t<\/a>\n\n<a href=\"https:\/\/www.sinchisinchi.com\/pl\/producto\/mieta-100g\/\" class=\"button secondary is-larger lowercase expand\" style=\"border-radius:10px;\">\n\t\t<span>Du\u017cy Rozmiar: 100g<\/span>\n\t<\/a>\n\n\t<div id=\"gap-523875122\" class=\"gap-element clearfix\" style=\"display:block; height:auto;\">\n\t\t\n<style>\n#gap-523875122 {\n  padding-top: 30px;\n}\n<\/style>\n\t<\/div>\n\t\n\n  <div class=\"banner has-hover is-full-height\" id=\"banner-2139154804\">\n          <div class=\"banner-inner fill\">\n        <div class=\"banner-bg fill\" >\n            <img loading=\"lazy\" decoding=\"async\" width=\"576\" height=\"1024\" src=\"https:\/\/www.sinchisinchi.com\/wp-content\/uploads\/2024\/12\/6-Jaguar9-576x1024.jpeg\" class=\"bg attachment-large size-large\" alt=\"\" \/>                        <div class=\"overlay\"><\/div>            \n                    <\/div>\n\t\t\n        <div class=\"banner-layers container\">\n            <div class=\"fill banner-link\"><\/div>            \n   <div id=\"text-box-1024884012\" class=\"text-box banner-layer x5 md-x5 lg-x5 y50 md-y50 lg-y50 res-text\">\n                                <div class=\"text-box-content text box-shadow-3\">\n              \n              <div class=\"text-inner text-left\">\n                  \n<h2 class=\"uppercase\"><strong><span style=\"color: #000000;\">PLEMI\u0118<\/span><\/strong><\/h2>\n<h2><span style=\"color: #000000;\">Kuntanawa<\/span><\/h2>\n<a href=\"https:\/\/www.sinchisinchi.com\/pl\/plemiona\/rape-kuntanawa\/\" class=\"button primary is-underline is-larger expand\" >\n\t\t<span>PLEMI\u0118<\/span>\n\t<\/a>\n\n              <\/div>\n           <\/div>\n                            \n<style>\n#text-box-1024884012 .text-box-content {\n  background-color: rgb(255, 255, 255);\n  font-size: 100%;\n}\n#text-box-1024884012 .text-inner {\n  padding: 30px 30px 30px 30px;\n}\n#text-box-1024884012 {\n  width: 60%;\n}\n@media (min-width:550px) {\n  #text-box-1024884012 {\n    width: 40%;\n  }\n}\n<\/style>\n    <\/div>\n \n        <\/div>\n      <\/div>\n\n            \n<style>\n#banner-2139154804 {\n  padding-top: 100%;\n  background-color: rgb(255, 255, 255);\n}\n#banner-2139154804 .overlay {\n  background-color: rgba(190, 190, 190, 0.2);\n}\n<\/style>\n  <\/div>\n\n\n","protected":false},"excerpt":{"rendered":"<p><span style=\"color: #000000;\">Mi\u0119towa Rap\u00e9 stosowana jest w rytua\u0142ach <strong>leczniczych i oczyszczaj\u0105cych<\/strong>, a jej obecno\u015b\u0107 w niezwyk\u0142y spos\u00f3b podnosi poziom wibracji.<\/span><\/p>\n<p><span style=\"color: #000000;\">Magiczne w\u0142a\u015bciwo\u015bci mi\u0119ty <strong>rewitalizuj\u0105 cia\u0142o i umys\u0142,<\/strong> jednocze\u015bnie <strong>uspokajaj\u0105c ducha<\/strong>, wprowadzaj\u0105c nas w stan wyciszenia i pozwalaj\u0105c nam po\u0142\u0105czy\u0107 si\u0119 z tera\u017aniejszo\u015bci\u0105 i by\u0107 bardziej \u015bwiadomym tego, co dzieje si\u0119 wok\u00f3\u0142 nas.<\/span><\/p>\n<p><span style=\"color: #000000;\">Od czas\u00f3w staro\u017cytnych mi\u0119ta by\u0142a stosowana jako afrodyzjak przez r\u00f3\u017cne kultury, dzi\u0119ki zawartym w niej substancjom pobudzaj\u0105cym. Posiada r\u00f3wnie\u017c silne w\u0142a\u015bciwo\u015bci ochronne.<\/span><\/p>\n","protected":false},"featured_media":11834,"template":"","meta":{"_joinchat":[]},"product_brand":[],"product_cat":[182],"product_tag":[],"class_list":{"0":"post-7889","1":"product","2":"type-product","3":"status-publish","4":"has-post-thumbnail","6":"product_cat-kuntanawa-pl","8":"first","9":"instock","10":"taxable","11":"shipping-taxable","12":"purchasable","13":"product-type-simple"},"yoast_head":"<!-- This site is optimized with the Yoast SEO plugin v27.1.1 - https:\/\/yoast.com\/product\/yoast-seo-wordpress\/ -->\n<title>SINCHI: Rap\u00e9 mi\u0119towe z plemienia Kuntanawa<\/title>\n<meta name=\"description\" content=\"W tej rap\u00e9 magiczne w\u0142a\u015bciwo\u015bci mi\u0119ty o\u017cywiaj\u0105 cia\u0142o i umys\u0142, jednocze\u015bnie uspokajaj\u0105c ducha i harmonizuj\u0105c.\" \/>\n<meta name=\"robots\" content=\"index, follow, max-snippet:-1, max-image-preview:large, max-video-preview:-1\" \/>\n<link rel=\"canonical\" href=\"https:\/\/www.sinchisinchi.com\/pl\/producto\/rape-menta\/\" \/>\n<meta property=\"og:locale\" content=\"pl_PL\" \/>\n<meta property=\"og:type\" content=\"article\" \/>\n<meta property=\"og:title\" content=\"SINCHI: Rap\u00e9 mi\u0119towe z plemienia Kuntanawa\" \/>\n<meta property=\"og:description\" content=\"W tej rap\u00e9 magiczne w\u0142a\u015bciwo\u015bci mi\u0119ty o\u017cywiaj\u0105 cia\u0142o i umys\u0142, jednocze\u015bnie uspokajaj\u0105c ducha i harmonizuj\u0105c.\" \/>\n<meta property=\"og:url\" content=\"https:\/\/www.sinchisinchi.com\/pl\/producto\/rape-menta\/\" \/>\n<meta property=\"og:site_name\" content=\"SINCHI RAP\u00c9\" \/>\n<meta property=\"article:publisher\" content=\"https:\/\/www.facebook.com\/sinchirape\/\" \/>\n<meta property=\"article:modified_time\" content=\"2026-02-12T11:56:14+00:00\" \/>\n<meta property=\"og:image\" content=\"https:\/\/www.sinchisinchi.com\/wp-content\/uploads\/2018\/10\/20-Menta.jpg\" \/>\n\t<meta property=\"og:image:width\" content=\"700\" \/>\n\t<meta property=\"og:image:height\" content=\"700\" \/>\n\t<meta property=\"og:image:type\" content=\"image\/jpeg\" \/>\n<meta name=\"twitter:card\" content=\"summary_large_image\" \/>\n<meta name=\"twitter:label1\" content=\"Szacowany czas czytania\" \/>\n\t<meta name=\"twitter:data1\" content=\"1 minuta\" \/>\n<script type=\"application\/ld+json\" class=\"yoast-schema-graph\">{\"@context\":\"https:\/\/schema.org\",\"@graph\":[{\"@type\":\"WebPage\",\"@id\":\"https:\/\/www.sinchisinchi.com\/pl\/producto\/rape-menta\/\",\"url\":\"https:\/\/www.sinchisinchi.com\/pl\/producto\/rape-menta\/\",\"name\":\"SINCHI: Rap\u00e9 mi\u0119towe z plemienia Kuntanawa\",\"isPartOf\":{\"@id\":\"https:\/\/www.sinchisinchi.com\/pl\/#website\"},\"primaryImageOfPage\":{\"@id\":\"https:\/\/www.sinchisinchi.com\/pl\/producto\/rape-menta\/#primaryimage\"},\"image\":{\"@id\":\"https:\/\/www.sinchisinchi.com\/pl\/producto\/rape-menta\/#primaryimage\"},\"thumbnailUrl\":\"https:\/\/www.sinchisinchi.com\/wp-content\/uploads\/2018\/10\/20-Menta.jpg\",\"datePublished\":\"2018-10-12T10:45:50+00:00\",\"dateModified\":\"2026-02-12T11:56:14+00:00\",\"description\":\"W tej rap\u00e9 magiczne w\u0142a\u015bciwo\u015bci mi\u0119ty o\u017cywiaj\u0105 cia\u0142o i umys\u0142, jednocze\u015bnie uspokajaj\u0105c ducha i harmonizuj\u0105c.\",\"breadcrumb\":{\"@id\":\"https:\/\/www.sinchisinchi.com\/pl\/producto\/rape-menta\/#breadcrumb\"},\"inLanguage\":\"pl-PL\",\"potentialAction\":[{\"@type\":\"ReadAction\",\"target\":[\"https:\/\/www.sinchisinchi.com\/pl\/producto\/rape-menta\/\"]}]},{\"@type\":\"ImageObject\",\"inLanguage\":\"pl-PL\",\"@id\":\"https:\/\/www.sinchisinchi.com\/pl\/producto\/rape-menta\/#primaryimage\",\"url\":\"https:\/\/www.sinchisinchi.com\/wp-content\/uploads\/2018\/10\/20-Menta.jpg\",\"contentUrl\":\"https:\/\/www.sinchisinchi.com\/wp-content\/uploads\/2018\/10\/20-Menta.jpg\",\"width\":700,\"height\":700},{\"@type\":\"BreadcrumbList\",\"@id\":\"https:\/\/www.sinchisinchi.com\/pl\/producto\/rape-menta\/#breadcrumb\",\"itemListElement\":[{\"@type\":\"ListItem\",\"position\":1,\"name\":\"Pierwsza strona\",\"item\":\"https:\/\/www.sinchisinchi.com\/pl\/\"},{\"@type\":\"ListItem\",\"position\":2,\"name\":\"Produkty\",\"item\":\"https:\/\/www.sinchisinchi.com\/pl\/shop\/\"},{\"@type\":\"ListItem\",\"position\":3,\"name\":\"Rap\u00e9 Mi\u0119towa\"}]},{\"@type\":\"WebSite\",\"@id\":\"https:\/\/www.sinchisinchi.com\/pl\/#website\",\"url\":\"https:\/\/www.sinchisinchi.com\/pl\/\",\"name\":\"SINCHI\",\"description\":\"Sinchi Medicine\",\"publisher\":{\"@id\":\"https:\/\/www.sinchisinchi.com\/pl\/#organization\"},\"potentialAction\":[{\"@type\":\"SearchAction\",\"target\":{\"@type\":\"EntryPoint\",\"urlTemplate\":\"https:\/\/www.sinchisinchi.com\/pl\/?s={search_term_string}\"},\"query-input\":{\"@type\":\"PropertyValueSpecification\",\"valueRequired\":true,\"valueName\":\"search_term_string\"}}],\"inLanguage\":\"pl-PL\"},{\"@type\":\"Organization\",\"@id\":\"https:\/\/www.sinchisinchi.com\/pl\/#organization\",\"name\":\"SINCHI S.L\",\"url\":\"https:\/\/www.sinchisinchi.com\/pl\/\",\"logo\":{\"@type\":\"ImageObject\",\"inLanguage\":\"pl-PL\",\"@id\":\"https:\/\/www.sinchisinchi.com\/pl\/#\/schema\/logo\/image\/\",\"url\":\"https:\/\/www.sinchisinchi.com\/wp-content\/uploads\/2026\/01\/3b-Verde-SIMPLIFICADO-HORIZONTAL-F-TRANSPARENTE-scaled.png\",\"contentUrl\":\"https:\/\/www.sinchisinchi.com\/wp-content\/uploads\/2026\/01\/3b-Verde-SIMPLIFICADO-HORIZONTAL-F-TRANSPARENTE-scaled.png\",\"width\":2560,\"height\":457,\"caption\":\"SINCHI S.L\"},\"image\":{\"@id\":\"https:\/\/www.sinchisinchi.com\/pl\/#\/schema\/logo\/image\/\"},\"sameAs\":[\"https:\/\/www.facebook.com\/sinchirape\/\",\"https:\/\/www.instagram.com\/sinchi_rape\/\"]}]}<\/script>\n<!-- \/ Yoast SEO plugin. -->","yoast_head_json":{"title":"SINCHI: Rap\u00e9 mi\u0119towe z plemienia Kuntanawa","description":"W tej rap\u00e9 magiczne w\u0142a\u015bciwo\u015bci mi\u0119ty o\u017cywiaj\u0105 cia\u0142o i umys\u0142, jednocze\u015bnie uspokajaj\u0105c ducha i harmonizuj\u0105c.","robots":{"index":"index","follow":"follow","max-snippet":"max-snippet:-1","max-image-preview":"max-image-preview:large","max-video-preview":"max-video-preview:-1"},"canonical":"https:\/\/www.sinchisinchi.com\/pl\/producto\/rape-menta\/","og_locale":"pl_PL","og_type":"article","og_title":"SINCHI: Rap\u00e9 mi\u0119towe z plemienia Kuntanawa","og_description":"W tej rap\u00e9 magiczne w\u0142a\u015bciwo\u015bci mi\u0119ty o\u017cywiaj\u0105 cia\u0142o i umys\u0142, jednocze\u015bnie uspokajaj\u0105c ducha i harmonizuj\u0105c.","og_url":"https:\/\/www.sinchisinchi.com\/pl\/producto\/rape-menta\/","og_site_name":"SINCHI RAP\u00c9","article_publisher":"https:\/\/www.facebook.com\/sinchirape\/","article_modified_time":"2026-02-12T11:56:14+00:00","og_image":[{"width":700,"height":700,"url":"https:\/\/www.sinchisinchi.com\/wp-content\/uploads\/2018\/10\/20-Menta.jpg","type":"image\/jpeg"}],"twitter_card":"summary_large_image","twitter_misc":{"Szacowany czas czytania":"1 minuta"},"schema":{"@context":"https:\/\/schema.org","@graph":[{"@type":"WebPage","@id":"https:\/\/www.sinchisinchi.com\/pl\/producto\/rape-menta\/","url":"https:\/\/www.sinchisinchi.com\/pl\/producto\/rape-menta\/","name":"SINCHI: Rap\u00e9 mi\u0119towe z plemienia Kuntanawa","isPartOf":{"@id":"https:\/\/www.sinchisinchi.com\/pl\/#website"},"primaryImageOfPage":{"@id":"https:\/\/www.sinchisinchi.com\/pl\/producto\/rape-menta\/#primaryimage"},"image":{"@id":"https:\/\/www.sinchisinchi.com\/pl\/producto\/rape-menta\/#primaryimage"},"thumbnailUrl":"https:\/\/www.sinchisinchi.com\/wp-content\/uploads\/2018\/10\/20-Menta.jpg","datePublished":"2018-10-12T10:45:50+00:00","dateModified":"2026-02-12T11:56:14+00:00","description":"W tej rap\u00e9 magiczne w\u0142a\u015bciwo\u015bci mi\u0119ty o\u017cywiaj\u0105 cia\u0142o i umys\u0142, jednocze\u015bnie uspokajaj\u0105c ducha i harmonizuj\u0105c.","breadcrumb":{"@id":"https:\/\/www.sinchisinchi.com\/pl\/producto\/rape-menta\/#breadcrumb"},"inLanguage":"pl-PL","potentialAction":[{"@type":"ReadAction","target":["https:\/\/www.sinchisinchi.com\/pl\/producto\/rape-menta\/"]}]},{"@type":"ImageObject","inLanguage":"pl-PL","@id":"https:\/\/www.sinchisinchi.com\/pl\/producto\/rape-menta\/#primaryimage","url":"https:\/\/www.sinchisinchi.com\/wp-content\/uploads\/2018\/10\/20-Menta.jpg","contentUrl":"https:\/\/www.sinchisinchi.com\/wp-content\/uploads\/2018\/10\/20-Menta.jpg","width":700,"height":700},{"@type":"BreadcrumbList","@id":"https:\/\/www.sinchisinchi.com\/pl\/producto\/rape-menta\/#breadcrumb","itemListElement":[{"@type":"ListItem","position":1,"name":"Pierwsza strona","item":"https:\/\/www.sinchisinchi.com\/pl\/"},{"@type":"ListItem","position":2,"name":"Produkty","item":"https:\/\/www.sinchisinchi.com\/pl\/shop\/"},{"@type":"ListItem","position":3,"name":"Rap\u00e9 Mi\u0119towa"}]},{"@type":"WebSite","@id":"https:\/\/www.sinchisinchi.com\/pl\/#website","url":"https:\/\/www.sinchisinchi.com\/pl\/","name":"SINCHI","description":"Sinchi Medicine","publisher":{"@id":"https:\/\/www.sinchisinchi.com\/pl\/#organization"},"potentialAction":[{"@type":"SearchAction","target":{"@type":"EntryPoint","urlTemplate":"https:\/\/www.sinchisinchi.com\/pl\/?s={search_term_string}"},"query-input":{"@type":"PropertyValueSpecification","valueRequired":true,"valueName":"search_term_string"}}],"inLanguage":"pl-PL"},{"@type":"Organization","@id":"https:\/\/www.sinchisinchi.com\/pl\/#organization","name":"SINCHI S.L","url":"https:\/\/www.sinchisinchi.com\/pl\/","logo":{"@type":"ImageObject","inLanguage":"pl-PL","@id":"https:\/\/www.sinchisinchi.com\/pl\/#\/schema\/logo\/image\/","url":"https:\/\/www.sinchisinchi.com\/wp-content\/uploads\/2026\/01\/3b-Verde-SIMPLIFICADO-HORIZONTAL-F-TRANSPARENTE-scaled.png","contentUrl":"https:\/\/www.sinchisinchi.com\/wp-content\/uploads\/2026\/01\/3b-Verde-SIMPLIFICADO-HORIZONTAL-F-TRANSPARENTE-scaled.png","width":2560,"height":457,"caption":"SINCHI S.L"},"image":{"@id":"https:\/\/www.sinchisinchi.com\/pl\/#\/schema\/logo\/image\/"},"sameAs":["https:\/\/www.facebook.com\/sinchirape\/","https:\/\/www.instagram.com\/sinchi_rape\/"]}]}},"_links":{"self":[{"href":"https:\/\/www.sinchisinchi.com\/pl\/wp-json\/wp\/v2\/product\/7889","targetHints":{"allow":["GET"]}}],"collection":[{"href":"https:\/\/www.sinchisinchi.com\/pl\/wp-json\/wp\/v2\/product"}],"about":[{"href":"https:\/\/www.sinchisinchi.com\/pl\/wp-json\/wp\/v2\/types\/product"}],"wp:featuredmedia":[{"embeddable":true,"href":"https:\/\/www.sinchisinchi.com\/pl\/wp-json\/wp\/v2\/media\/11834"}],"wp:attachment":[{"href":"https:\/\/www.sinchisinchi.com\/pl\/wp-json\/wp\/v2\/media?parent=7889"}],"wp:term":[{"taxonomy":"product_brand","embeddable":true,"href":"https:\/\/www.sinchisinchi.com\/pl\/wp-json\/wp\/v2\/product_brand?post=7889"},{"taxonomy":"product_cat","embeddable":true,"href":"https:\/\/www.sinchisinchi.com\/pl\/wp-json\/wp\/v2\/product_cat?post=7889"},{"taxonomy":"product_tag","embeddable":true,"href":"https:\/\/www.sinchisinchi.com\/pl\/wp-json\/wp\/v2\/product_tag?post=7889"}],"curies":[{"name":"wp","href":"https:\/\/api.w.org\/{rel}","templated":true}]}}