{"id":7965,"date":"2021-01-03T00:35:34","date_gmt":"2021-01-03T00:35:34","guid":{"rendered":"https:\/\/www.sinchisinchi.com\/producto\/rape-kuntanawa\/"},"modified":"2021-01-03T00:35:34","modified_gmt":"2021-01-03T00:35:34","slug":"rape-kuntanawa","status":"publish","type":"product","link":"https:\/\/www.sinchisinchi.com\/pl\/producto\/rape-kuntanawa\/","title":{"rendered":"Kuntanawa Veia de Paj\u00e9"},"content":{"rendered":"<p><a href=\"https:\/\/www.sinchisinchi.com\/wp-content\/uploads\/2020\/02\/kuntanawa-tribe.jpg\"><img loading=\"lazy\" decoding=\"async\" class=\"aligncenter wp-image-1169 size-large\" src=\"https:\/\/www.sinchisinchi.com\/wp-content\/uploads\/2020\/02\/kuntanawa-tribe-1024x683.jpg\" alt=\"fotograf\u00eda de la tribu Kuntanawa\" width=\"1024\" height=\"683\" srcset=\"https:\/\/www.sinchisinchi.com\/wp-content\/uploads\/2020\/02\/kuntanawa-tribe-1024x683.jpg 1024w, https:\/\/www.sinchisinchi.com\/wp-content\/uploads\/2020\/02\/kuntanawa-tribe-247x165.jpg 247w, https:\/\/www.sinchisinchi.com\/wp-content\/uploads\/2020\/02\/kuntanawa-tribe-510x340.jpg 510w, https:\/\/www.sinchisinchi.com\/wp-content\/uploads\/2020\/02\/kuntanawa-tribe-300x200.jpg 300w, https:\/\/www.sinchisinchi.com\/wp-content\/uploads\/2020\/02\/kuntanawa-tribe-768x512.jpg 768w, https:\/\/www.sinchisinchi.com\/wp-content\/uploads\/2020\/02\/kuntanawa-tribe-1536x1024.jpg 1536w, https:\/\/www.sinchisinchi.com\/wp-content\/uploads\/2020\/02\/kuntanawa-tribe-600x400.jpg 600w, https:\/\/www.sinchisinchi.com\/wp-content\/uploads\/2020\/02\/kuntanawa-tribe.jpg 2048w\" sizes=\"auto, (max-width: 1024px) 100vw, 1024px\" \/><\/a><\/p>\n<h2><\/h2>\n<h2 style=\"text-align: center;\">Plemi\u0119 Kuntanawa<\/h2>\n<p>Plemi\u0119 Kuntanawa, lub jak sami siebie nazywaj\u0105 \u201eludem kokosowym\u201d, zawsze u\u017cywa\u0142o ro\u015blin do \u0142\u0105czenia si\u0119 z istotami i duchami lasu, dzi\u0119ki nim nauczyli si\u0119 uzdrawia\u0107 swoje plemi\u0119 w\u0142asnymi tradycyjnymi lekami i zawsze bronili ich duchowo\u015b\u0107 jako zasad\u0119 istnienia.<\/p>\n","protected":false},"excerpt":{"rendered":"<p>To g\u0119ste i g\u0142\u0119bokie Rap\u00e9, kt\u00f3re \u0142\u0105czy nas z korzeniami, ziemi\u0105, przodkami. Wed\u0142ug Kuntanawy jest to bardzo pot\u0119\u017cna mikstura zarezerwowana dla zaawansowanych uczonych, o wielkiej sile przyci\u0105gania (zar\u00f3wno pozytywnego, jak i negatywnego).<\/p>\n<p>Modlitwa i intencja musz\u0105 odgrywa\u0107 wa\u017cn\u0105 rol\u0119 w u\u017cywaniu ka\u017cdego Rap\u00e9, aw tym konkretnym jest to niezb\u0119dne. Odp\u0119dza negatywne\/niechciane i przyci\u0105ga pozytywne\/po\u017c\u0105dane; ten, kto jej u\u017cywa, musi w\u0142a\u015bciwie j\u0105 wykorzysta\u0107 i skoncentrowa\u0107 si\u0119 na czystej intencji, aby osi\u0105gn\u0105\u0107 zamierzony efekt.<\/p>\n<p>Zaleca si\u0119 znalezienie wygodnej i odpowiedniej przestrzeni, wolnej od rozpraszaczy i troch\u0119 czasu na zintegrowanie jej efekt\u00f3w. Dokonuje g\u0142\u0119bokiego oczyszczenia fizycznego i energetycznego, dzi\u0119ki czemu oczyszczenie jest mo\u017cliwe.<\/p>\n<p>W wi\u0119kszo\u015bci przypadk\u00f3w rozs\u0105dnie jest zacz\u0105\u0107 od ma\u0142ych krok\u00f3w i zwi\u0119ksza\u0107 je w miar\u0119 zdobywania do\u015bwiadczenia.<\/p>\n<p>&nbsp;<\/p>\n<p style=\"text-align: center;\"><strong>Kup Rapeh Kuntanaw\u0119<\/strong><\/p>\n<p><strong>-W\u0142a\u015bciwo\u015bci i zalety:<\/strong> Hap\u00e9 Veia de Paj\u00e9 jest jednym z najpot\u0119\u017cniejszych, o silnych w\u0142a\u015bciwo\u015bciach przyci\u0105gania, obecno\u015bci i po\u0142\u0105czenia<\/p>\n<p><strong>-Intensywno\u015b\u0107:<\/strong> Mocna, wskazana dla zaawansowanych u\u017cytkownik\u00f3w.<\/p>\n<p><strong>-Tribe:<\/strong> Wykonane przez plemi\u0119 Kuntanawa.<\/p>\n<p><strong>-Sk\u0142ad:<\/strong> Zawiera popi\u00f3\u0142 z kory Sapota, tyto\u0144 mapacho i winoro\u015bl Veia de Paj\u00e9. Li\u015bcie Veia de Paj\u00e9 przypominaj\u0105 serce, dlatego jest r\u00f3wnie\u017c znane jako serce boa dusiciela.<\/p>\n<p><strong>-Rozmiar:<\/strong> butelki 10 ml (8 do 9 gram\u00f3w)<\/p>\n<p><strong>-Zastosowanie:<\/strong> ciekawostka etnobotaniczna.<\/p>\n","protected":false},"featured_media":0,"template":"","meta":{"_joinchat":[]},"product_brand":[],"product_cat":[183],"product_tag":[],"class_list":{"0":"post-7965","1":"product","2":"type-product","3":"status-publish","5":"product_cat-bez-kategorii","7":"first","8":"instock","9":"taxable","10":"shipping-taxable","11":"purchasable","12":"product-type-simple"},"yoast_head":"<!-- This site is optimized with the Yoast SEO plugin v27.4 - https:\/\/yoast.com\/product\/yoast-seo-wordpress\/ -->\n<title>Kup Rap\u00e9 Veia de Paj\u00e9: rodzima Rap\u00e9 z plemienia Kuntanawa<\/title>\n<meta name=\"description\" content=\"Kuntanawa Ve\u00eda de Paj\u00e9 Rap\u00e9 to pot\u0119\u017cna mieszanka zarezerwowana dla zaawansowanych naukowc\u00f3w, o wielkiej sile przyci\u0105gania. Jest to odmiana Extra Strong.\" \/>\n<meta name=\"robots\" content=\"index, follow, max-snippet:-1, max-image-preview:large, max-video-preview:-1\" \/>\n<link rel=\"canonical\" href=\"https:\/\/www.sinchisinchi.com\/pl\/producto\/rape-kuntanawa\/\" \/>\n<meta property=\"og:locale\" content=\"pl_PL\" \/>\n<meta property=\"og:type\" content=\"article\" \/>\n<meta property=\"og:title\" content=\"Kup Rap\u00e9 Veia de Paj\u00e9: rodzima Rap\u00e9 z plemienia Kuntanawa\" \/>\n<meta property=\"og:description\" content=\"Kuntanawa Ve\u00eda de Paj\u00e9 Rap\u00e9 to pot\u0119\u017cna mieszanka zarezerwowana dla zaawansowanych naukowc\u00f3w, o wielkiej sile przyci\u0105gania. Jest to odmiana Extra Strong.\" \/>\n<meta property=\"og:url\" content=\"https:\/\/www.sinchisinchi.com\/pl\/producto\/rape-kuntanawa\/\" \/>\n<meta property=\"og:site_name\" content=\"SINCHI RAP\u00c9\" \/>\n<meta property=\"article:publisher\" content=\"https:\/\/www.facebook.com\/sinchirape\/\" \/>\n<meta property=\"og:image\" content=\"https:\/\/www.sinchisinchi.com\/wp-content\/uploads\/2020\/02\/kuntanawa-tribe-1024x683.jpg\" \/>\n<meta name=\"twitter:card\" content=\"summary_large_image\" \/>\n<script type=\"application\/ld+json\" class=\"yoast-schema-graph\">{\"@context\":\"https:\\\/\\\/schema.org\",\"@graph\":[{\"@type\":\"WebPage\",\"@id\":\"https:\\\/\\\/www.sinchisinchi.com\\\/pl\\\/producto\\\/rape-kuntanawa\\\/\",\"url\":\"https:\\\/\\\/www.sinchisinchi.com\\\/pl\\\/producto\\\/rape-kuntanawa\\\/\",\"name\":\"Kup Rap\u00e9 Veia de Paj\u00e9: rodzima Rap\u00e9 z plemienia Kuntanawa\",\"isPartOf\":{\"@id\":\"https:\\\/\\\/www.sinchisinchi.com\\\/pl\\\/#website\"},\"primaryImageOfPage\":{\"@id\":\"https:\\\/\\\/www.sinchisinchi.com\\\/pl\\\/producto\\\/rape-kuntanawa\\\/#primaryimage\"},\"image\":{\"@id\":\"https:\\\/\\\/www.sinchisinchi.com\\\/pl\\\/producto\\\/rape-kuntanawa\\\/#primaryimage\"},\"thumbnailUrl\":\"https:\\\/\\\/www.sinchisinchi.com\\\/wp-content\\\/uploads\\\/2020\\\/02\\\/kuntanawa-tribe-1024x683.jpg\",\"datePublished\":\"2021-01-03T00:35:34+00:00\",\"description\":\"Kuntanawa Ve\u00eda de Paj\u00e9 Rap\u00e9 to pot\u0119\u017cna mieszanka zarezerwowana dla zaawansowanych naukowc\u00f3w, o wielkiej sile przyci\u0105gania. Jest to odmiana Extra Strong.\",\"breadcrumb\":{\"@id\":\"https:\\\/\\\/www.sinchisinchi.com\\\/pl\\\/producto\\\/rape-kuntanawa\\\/#breadcrumb\"},\"inLanguage\":\"pl-PL\",\"potentialAction\":[{\"@type\":\"ReadAction\",\"target\":[\"https:\\\/\\\/www.sinchisinchi.com\\\/pl\\\/producto\\\/rape-kuntanawa\\\/\"]}]},{\"@type\":\"ImageObject\",\"inLanguage\":\"pl-PL\",\"@id\":\"https:\\\/\\\/www.sinchisinchi.com\\\/pl\\\/producto\\\/rape-kuntanawa\\\/#primaryimage\",\"url\":\"https:\\\/\\\/www.sinchisinchi.com\\\/wp-content\\\/uploads\\\/2020\\\/02\\\/kuntanawa-tribe-1024x683.jpg\",\"contentUrl\":\"https:\\\/\\\/www.sinchisinchi.com\\\/wp-content\\\/uploads\\\/2020\\\/02\\\/kuntanawa-tribe-1024x683.jpg\"},{\"@type\":\"BreadcrumbList\",\"@id\":\"https:\\\/\\\/www.sinchisinchi.com\\\/pl\\\/producto\\\/rape-kuntanawa\\\/#breadcrumb\",\"itemListElement\":[{\"@type\":\"ListItem\",\"position\":1,\"name\":\"Pierwsza strona\",\"item\":\"https:\\\/\\\/www.sinchisinchi.com\\\/pl\\\/\"},{\"@type\":\"ListItem\",\"position\":2,\"name\":\"Produkty\",\"item\":\"https:\\\/\\\/www.sinchisinchi.com\\\/pl\\\/shop\\\/\"},{\"@type\":\"ListItem\",\"position\":3,\"name\":\"Kuntanawa Veia de Paj\u00e9\"}]},{\"@type\":\"WebSite\",\"@id\":\"https:\\\/\\\/www.sinchisinchi.com\\\/pl\\\/#website\",\"url\":\"https:\\\/\\\/www.sinchisinchi.com\\\/pl\\\/\",\"name\":\"SINCHI\",\"description\":\"Sinchi Medicine\",\"publisher\":{\"@id\":\"https:\\\/\\\/www.sinchisinchi.com\\\/pl\\\/#organization\"},\"potentialAction\":[{\"@type\":\"SearchAction\",\"target\":{\"@type\":\"EntryPoint\",\"urlTemplate\":\"https:\\\/\\\/www.sinchisinchi.com\\\/pl\\\/?s={search_term_string}\"},\"query-input\":{\"@type\":\"PropertyValueSpecification\",\"valueRequired\":true,\"valueName\":\"search_term_string\"}}],\"inLanguage\":\"pl-PL\"},{\"@type\":\"Organization\",\"@id\":\"https:\\\/\\\/www.sinchisinchi.com\\\/pl\\\/#organization\",\"name\":\"SINCHI S.L\",\"url\":\"https:\\\/\\\/www.sinchisinchi.com\\\/pl\\\/\",\"logo\":{\"@type\":\"ImageObject\",\"inLanguage\":\"pl-PL\",\"@id\":\"https:\\\/\\\/www.sinchisinchi.com\\\/pl\\\/#\\\/schema\\\/logo\\\/image\\\/\",\"url\":\"https:\\\/\\\/www.sinchisinchi.com\\\/wp-content\\\/uploads\\\/2026\\\/01\\\/3b-Verde-SIMPLIFICADO-HORIZONTAL-F-TRANSPARENTE-scaled.png\",\"contentUrl\":\"https:\\\/\\\/www.sinchisinchi.com\\\/wp-content\\\/uploads\\\/2026\\\/01\\\/3b-Verde-SIMPLIFICADO-HORIZONTAL-F-TRANSPARENTE-scaled.png\",\"width\":2560,\"height\":457,\"caption\":\"SINCHI S.L\"},\"image\":{\"@id\":\"https:\\\/\\\/www.sinchisinchi.com\\\/pl\\\/#\\\/schema\\\/logo\\\/image\\\/\"},\"sameAs\":[\"https:\\\/\\\/www.facebook.com\\\/sinchirape\\\/\",\"https:\\\/\\\/www.instagram.com\\\/sinchi_rape\\\/\"]}]}<\/script>\n<!-- \/ Yoast SEO plugin. -->","yoast_head_json":{"title":"Kup Rap\u00e9 Veia de Paj\u00e9: rodzima Rap\u00e9 z plemienia Kuntanawa","description":"Kuntanawa Ve\u00eda de Paj\u00e9 Rap\u00e9 to pot\u0119\u017cna mieszanka zarezerwowana dla zaawansowanych naukowc\u00f3w, o wielkiej sile przyci\u0105gania. Jest to odmiana Extra Strong.","robots":{"index":"index","follow":"follow","max-snippet":"max-snippet:-1","max-image-preview":"max-image-preview:large","max-video-preview":"max-video-preview:-1"},"canonical":"https:\/\/www.sinchisinchi.com\/pl\/producto\/rape-kuntanawa\/","og_locale":"pl_PL","og_type":"article","og_title":"Kup Rap\u00e9 Veia de Paj\u00e9: rodzima Rap\u00e9 z plemienia Kuntanawa","og_description":"Kuntanawa Ve\u00eda de Paj\u00e9 Rap\u00e9 to pot\u0119\u017cna mieszanka zarezerwowana dla zaawansowanych naukowc\u00f3w, o wielkiej sile przyci\u0105gania. Jest to odmiana Extra Strong.","og_url":"https:\/\/www.sinchisinchi.com\/pl\/producto\/rape-kuntanawa\/","og_site_name":"SINCHI RAP\u00c9","article_publisher":"https:\/\/www.facebook.com\/sinchirape\/","og_image":[{"url":"https:\/\/www.sinchisinchi.com\/wp-content\/uploads\/2020\/02\/kuntanawa-tribe-1024x683.jpg","type":"","width":"","height":""}],"twitter_card":"summary_large_image","schema":{"@context":"https:\/\/schema.org","@graph":[{"@type":"WebPage","@id":"https:\/\/www.sinchisinchi.com\/pl\/producto\/rape-kuntanawa\/","url":"https:\/\/www.sinchisinchi.com\/pl\/producto\/rape-kuntanawa\/","name":"Kup Rap\u00e9 Veia de Paj\u00e9: rodzima Rap\u00e9 z plemienia Kuntanawa","isPartOf":{"@id":"https:\/\/www.sinchisinchi.com\/pl\/#website"},"primaryImageOfPage":{"@id":"https:\/\/www.sinchisinchi.com\/pl\/producto\/rape-kuntanawa\/#primaryimage"},"image":{"@id":"https:\/\/www.sinchisinchi.com\/pl\/producto\/rape-kuntanawa\/#primaryimage"},"thumbnailUrl":"https:\/\/www.sinchisinchi.com\/wp-content\/uploads\/2020\/02\/kuntanawa-tribe-1024x683.jpg","datePublished":"2021-01-03T00:35:34+00:00","description":"Kuntanawa Ve\u00eda de Paj\u00e9 Rap\u00e9 to pot\u0119\u017cna mieszanka zarezerwowana dla zaawansowanych naukowc\u00f3w, o wielkiej sile przyci\u0105gania. Jest to odmiana Extra Strong.","breadcrumb":{"@id":"https:\/\/www.sinchisinchi.com\/pl\/producto\/rape-kuntanawa\/#breadcrumb"},"inLanguage":"pl-PL","potentialAction":[{"@type":"ReadAction","target":["https:\/\/www.sinchisinchi.com\/pl\/producto\/rape-kuntanawa\/"]}]},{"@type":"ImageObject","inLanguage":"pl-PL","@id":"https:\/\/www.sinchisinchi.com\/pl\/producto\/rape-kuntanawa\/#primaryimage","url":"https:\/\/www.sinchisinchi.com\/wp-content\/uploads\/2020\/02\/kuntanawa-tribe-1024x683.jpg","contentUrl":"https:\/\/www.sinchisinchi.com\/wp-content\/uploads\/2020\/02\/kuntanawa-tribe-1024x683.jpg"},{"@type":"BreadcrumbList","@id":"https:\/\/www.sinchisinchi.com\/pl\/producto\/rape-kuntanawa\/#breadcrumb","itemListElement":[{"@type":"ListItem","position":1,"name":"Pierwsza strona","item":"https:\/\/www.sinchisinchi.com\/pl\/"},{"@type":"ListItem","position":2,"name":"Produkty","item":"https:\/\/www.sinchisinchi.com\/pl\/shop\/"},{"@type":"ListItem","position":3,"name":"Kuntanawa Veia de Paj\u00e9"}]},{"@type":"WebSite","@id":"https:\/\/www.sinchisinchi.com\/pl\/#website","url":"https:\/\/www.sinchisinchi.com\/pl\/","name":"SINCHI","description":"Sinchi Medicine","publisher":{"@id":"https:\/\/www.sinchisinchi.com\/pl\/#organization"},"potentialAction":[{"@type":"SearchAction","target":{"@type":"EntryPoint","urlTemplate":"https:\/\/www.sinchisinchi.com\/pl\/?s={search_term_string}"},"query-input":{"@type":"PropertyValueSpecification","valueRequired":true,"valueName":"search_term_string"}}],"inLanguage":"pl-PL"},{"@type":"Organization","@id":"https:\/\/www.sinchisinchi.com\/pl\/#organization","name":"SINCHI S.L","url":"https:\/\/www.sinchisinchi.com\/pl\/","logo":{"@type":"ImageObject","inLanguage":"pl-PL","@id":"https:\/\/www.sinchisinchi.com\/pl\/#\/schema\/logo\/image\/","url":"https:\/\/www.sinchisinchi.com\/wp-content\/uploads\/2026\/01\/3b-Verde-SIMPLIFICADO-HORIZONTAL-F-TRANSPARENTE-scaled.png","contentUrl":"https:\/\/www.sinchisinchi.com\/wp-content\/uploads\/2026\/01\/3b-Verde-SIMPLIFICADO-HORIZONTAL-F-TRANSPARENTE-scaled.png","width":2560,"height":457,"caption":"SINCHI S.L"},"image":{"@id":"https:\/\/www.sinchisinchi.com\/pl\/#\/schema\/logo\/image\/"},"sameAs":["https:\/\/www.facebook.com\/sinchirape\/","https:\/\/www.instagram.com\/sinchi_rape\/"]}]}},"_links":{"self":[{"href":"https:\/\/www.sinchisinchi.com\/pl\/wp-json\/wp\/v2\/product\/7965","targetHints":{"allow":["GET"]}}],"collection":[{"href":"https:\/\/www.sinchisinchi.com\/pl\/wp-json\/wp\/v2\/product"}],"about":[{"href":"https:\/\/www.sinchisinchi.com\/pl\/wp-json\/wp\/v2\/types\/product"}],"wp:attachment":[{"href":"https:\/\/www.sinchisinchi.com\/pl\/wp-json\/wp\/v2\/media?parent=7965"}],"wp:term":[{"taxonomy":"product_brand","embeddable":true,"href":"https:\/\/www.sinchisinchi.com\/pl\/wp-json\/wp\/v2\/product_brand?post=7965"},{"taxonomy":"product_cat","embeddable":true,"href":"https:\/\/www.sinchisinchi.com\/pl\/wp-json\/wp\/v2\/product_cat?post=7965"},{"taxonomy":"product_tag","embeddable":true,"href":"https:\/\/www.sinchisinchi.com\/pl\/wp-json\/wp\/v2\/product_tag?post=7965"}],"curies":[{"name":"wp","href":"https:\/\/api.w.org\/{rel}","templated":true}]}}