{"id":7972,"date":"2018-11-21T23:03:51","date_gmt":"2018-11-21T23:03:51","guid":{"rendered":"https:\/\/www.sinchisinchi.com\/producto\/kuripe-niebieski\/"},"modified":"2025-02-25T09:52:04","modified_gmt":"2025-02-25T09:52:04","slug":"kuripe-niebieski","status":"publish","type":"product","link":"https:\/\/www.sinchisinchi.com\/pl\/producto\/kuripe-niebieski\/","title":{"rendered":"Kurip\u00e9 Niebieski"},"content":{"rendered":"<h2 style=\"text-align: center;\"><span style=\"color: #000000;\"><strong>Jak spo\u017cywa\u0107\u00a0Rap\u00e9\u00a0zgodnie z tradycjami<\/strong><\/span><\/h2>\n<p><span style=\"color: #000000;\">Aby w zr\u00f3wnowa\u017cony spos\u00f3b u\u017cywa\u0107 Rap\u00e9, zw\u0142aszcza je\u015bli dopiero zaczynamy, bardzo dobrze jest robi\u0107 to w czystym i ustronnym miejscu.Je\u015bli mamy st\u00f3\u0142, to lepiej, je\u015bli jest on wolny od zb\u0119dnych przedmiot\u00f3w i kurzu; Mo\u017cesz mie\u0107 ma\u0142y o\u0142tarz z przedmiotami naturalnymi lub mocy.<\/span><\/p>\n<p><span style=\"color: #000000;\">Przydatne jest r\u00f3wnie\u017c u\u017cycie kadzid\u0142a lub kadzid\u0142a; zawarte w nich terpeny to magiczne cz\u0105steczki, kt\u00f3re pomagaj\u0105 \u0142\u0105czy\u0107, oczyszcza\u0107 i energetycznie chroni\u0107.<\/span><\/p>\n<p><span style=\"color: #000000;\">W ten sam spos\u00f3b bardzo korzystne jest posiadanie odpowiedniej muzyki, takiej jak muzyka medyczna, mantry lub inne, kt\u00f3re promuj\u0105 duchowe po\u0142\u0105czenie.<\/span><\/p>\n","protected":false},"excerpt":{"rendered":"<p><span style=\"color: #000000;\">Kurip\u00e9 emaliowany i ozdobiony niebiesk\u0105 nici\u0105. Ma doskona\u0142e wyko\u0144czenia oraz idealne wymiary i k\u0105ty zapewniaj\u0105ce harmonijne ustawienie, co pozwala na wygodne i p\u0142ynne fotografowanie.<\/span><\/p>\n<p><span style=\"color: #000000;\">Kurip\u00e9 to \u015bwi\u0119te narz\u0119dzie, przedmiot mocy, kt\u00f3ry umo\u017cliwia po\u0142\u0105czenie si\u0119 z duchem Rap\u00e9.<\/span>\u00a0<\/p>\n","protected":false},"featured_media":7995,"template":"","meta":{"_joinchat":[]},"product_brand":[],"product_cat":[183],"product_tag":[],"class_list":{"0":"post-7972","1":"product","2":"type-product","3":"status-publish","4":"has-post-thumbnail","6":"product_cat-bez-kategorii","8":"first","9":"outofstock","10":"taxable","11":"shipping-taxable","12":"purchasable","13":"product-type-simple"},"yoast_head":"<!-- This site is optimized with the Yoast SEO plugin v27.4 - https:\/\/yoast.com\/product\/yoast-seo-wordpress\/ -->\n<title>Kurip\u00e9 Niebieski: Samoaplikator do szama\u0144skiej Rap\u00e9 z Amazonii<\/title>\n<meta name=\"description\" content=\"Kurip\u00e9 emaliowane i ozdobione niebiesk\u0105 nici\u0105. Kurip\u00e9 to \u015bwi\u0119te narz\u0119dzie, obiekt mocy, kt\u00f3ry umo\u017cliwia po\u0142\u0105czenie z duchem Rap\u00e9.\" \/>\n<meta name=\"robots\" content=\"index, follow, max-snippet:-1, max-image-preview:large, max-video-preview:-1\" \/>\n<link rel=\"canonical\" href=\"https:\/\/www.sinchisinchi.com\/pl\/producto\/kuripe-niebieski\/\" \/>\n<meta property=\"og:locale\" content=\"pl_PL\" \/>\n<meta property=\"og:type\" content=\"article\" \/>\n<meta property=\"og:title\" content=\"Kurip\u00e9 Niebieski: Samoaplikator do szama\u0144skiej Rap\u00e9 z Amazonii\" \/>\n<meta property=\"og:description\" content=\"Kurip\u00e9 emaliowane i ozdobione niebiesk\u0105 nici\u0105. Kurip\u00e9 to \u015bwi\u0119te narz\u0119dzie, obiekt mocy, kt\u00f3ry umo\u017cliwia po\u0142\u0105czenie z duchem Rap\u00e9.\" \/>\n<meta property=\"og:url\" content=\"https:\/\/www.sinchisinchi.com\/pl\/producto\/kuripe-niebieski\/\" \/>\n<meta property=\"og:site_name\" content=\"SINCHI RAP\u00c9\" \/>\n<meta property=\"article:publisher\" content=\"https:\/\/www.facebook.com\/sinchirape\/\" \/>\n<meta property=\"article:modified_time\" content=\"2025-02-25T09:52:04+00:00\" \/>\n<meta property=\"og:image\" content=\"https:\/\/www.sinchisinchi.com\/wp-content\/uploads\/2018\/11\/LR-01-02.jpg\" \/>\n\t<meta property=\"og:image:width\" content=\"1800\" \/>\n\t<meta property=\"og:image:height\" content=\"1800\" \/>\n\t<meta property=\"og:image:type\" content=\"image\/jpeg\" \/>\n<meta name=\"twitter:card\" content=\"summary_large_image\" \/>\n<meta name=\"twitter:label1\" content=\"Szacowany czas czytania\" \/>\n\t<meta name=\"twitter:data1\" content=\"1 minuta\" \/>\n<script type=\"application\/ld+json\" class=\"yoast-schema-graph\">{\"@context\":\"https:\\\/\\\/schema.org\",\"@graph\":[{\"@type\":\"WebPage\",\"@id\":\"https:\\\/\\\/www.sinchisinchi.com\\\/pl\\\/producto\\\/kuripe-niebieski\\\/\",\"url\":\"https:\\\/\\\/www.sinchisinchi.com\\\/pl\\\/producto\\\/kuripe-niebieski\\\/\",\"name\":\"Kurip\u00e9 Niebieski: Samoaplikator do szama\u0144skiej Rap\u00e9 z Amazonii\",\"isPartOf\":{\"@id\":\"https:\\\/\\\/www.sinchisinchi.com\\\/pl\\\/#website\"},\"primaryImageOfPage\":{\"@id\":\"https:\\\/\\\/www.sinchisinchi.com\\\/pl\\\/producto\\\/kuripe-niebieski\\\/#primaryimage\"},\"image\":{\"@id\":\"https:\\\/\\\/www.sinchisinchi.com\\\/pl\\\/producto\\\/kuripe-niebieski\\\/#primaryimage\"},\"thumbnailUrl\":\"https:\\\/\\\/www.sinchisinchi.com\\\/wp-content\\\/uploads\\\/2018\\\/11\\\/LR-01-02.jpg\",\"datePublished\":\"2018-11-21T23:03:51+00:00\",\"dateModified\":\"2025-02-25T09:52:04+00:00\",\"description\":\"Kurip\u00e9 emaliowane i ozdobione niebiesk\u0105 nici\u0105. Kurip\u00e9 to \u015bwi\u0119te narz\u0119dzie, obiekt mocy, kt\u00f3ry umo\u017cliwia po\u0142\u0105czenie z duchem Rap\u00e9.\",\"breadcrumb\":{\"@id\":\"https:\\\/\\\/www.sinchisinchi.com\\\/pl\\\/producto\\\/kuripe-niebieski\\\/#breadcrumb\"},\"inLanguage\":\"pl-PL\",\"potentialAction\":[{\"@type\":\"ReadAction\",\"target\":[\"https:\\\/\\\/www.sinchisinchi.com\\\/pl\\\/producto\\\/kuripe-niebieski\\\/\"]}]},{\"@type\":\"ImageObject\",\"inLanguage\":\"pl-PL\",\"@id\":\"https:\\\/\\\/www.sinchisinchi.com\\\/pl\\\/producto\\\/kuripe-niebieski\\\/#primaryimage\",\"url\":\"https:\\\/\\\/www.sinchisinchi.com\\\/wp-content\\\/uploads\\\/2018\\\/11\\\/LR-01-02.jpg\",\"contentUrl\":\"https:\\\/\\\/www.sinchisinchi.com\\\/wp-content\\\/uploads\\\/2018\\\/11\\\/LR-01-02.jpg\",\"width\":1800,\"height\":1800},{\"@type\":\"BreadcrumbList\",\"@id\":\"https:\\\/\\\/www.sinchisinchi.com\\\/pl\\\/producto\\\/kuripe-niebieski\\\/#breadcrumb\",\"itemListElement\":[{\"@type\":\"ListItem\",\"position\":1,\"name\":\"Pierwsza strona\",\"item\":\"https:\\\/\\\/www.sinchisinchi.com\\\/pl\\\/\"},{\"@type\":\"ListItem\",\"position\":2,\"name\":\"Produkty\",\"item\":\"https:\\\/\\\/www.sinchisinchi.com\\\/pl\\\/shop\\\/\"},{\"@type\":\"ListItem\",\"position\":3,\"name\":\"Kurip\u00e9 Niebieski\"}]},{\"@type\":\"WebSite\",\"@id\":\"https:\\\/\\\/www.sinchisinchi.com\\\/pl\\\/#website\",\"url\":\"https:\\\/\\\/www.sinchisinchi.com\\\/pl\\\/\",\"name\":\"SINCHI\",\"description\":\"Sinchi Medicine\",\"publisher\":{\"@id\":\"https:\\\/\\\/www.sinchisinchi.com\\\/pl\\\/#organization\"},\"potentialAction\":[{\"@type\":\"SearchAction\",\"target\":{\"@type\":\"EntryPoint\",\"urlTemplate\":\"https:\\\/\\\/www.sinchisinchi.com\\\/pl\\\/?s={search_term_string}\"},\"query-input\":{\"@type\":\"PropertyValueSpecification\",\"valueRequired\":true,\"valueName\":\"search_term_string\"}}],\"inLanguage\":\"pl-PL\"},{\"@type\":\"Organization\",\"@id\":\"https:\\\/\\\/www.sinchisinchi.com\\\/pl\\\/#organization\",\"name\":\"SINCHI S.L\",\"url\":\"https:\\\/\\\/www.sinchisinchi.com\\\/pl\\\/\",\"logo\":{\"@type\":\"ImageObject\",\"inLanguage\":\"pl-PL\",\"@id\":\"https:\\\/\\\/www.sinchisinchi.com\\\/pl\\\/#\\\/schema\\\/logo\\\/image\\\/\",\"url\":\"https:\\\/\\\/www.sinchisinchi.com\\\/wp-content\\\/uploads\\\/2026\\\/01\\\/3b-Verde-SIMPLIFICADO-HORIZONTAL-F-TRANSPARENTE-scaled.png\",\"contentUrl\":\"https:\\\/\\\/www.sinchisinchi.com\\\/wp-content\\\/uploads\\\/2026\\\/01\\\/3b-Verde-SIMPLIFICADO-HORIZONTAL-F-TRANSPARENTE-scaled.png\",\"width\":2560,\"height\":457,\"caption\":\"SINCHI S.L\"},\"image\":{\"@id\":\"https:\\\/\\\/www.sinchisinchi.com\\\/pl\\\/#\\\/schema\\\/logo\\\/image\\\/\"},\"sameAs\":[\"https:\\\/\\\/www.facebook.com\\\/sinchirape\\\/\",\"https:\\\/\\\/www.instagram.com\\\/sinchi_rape\\\/\"]}]}<\/script>\n<!-- \/ Yoast SEO plugin. -->","yoast_head_json":{"title":"Kurip\u00e9 Niebieski: Samoaplikator do szama\u0144skiej Rap\u00e9 z Amazonii","description":"Kurip\u00e9 emaliowane i ozdobione niebiesk\u0105 nici\u0105. Kurip\u00e9 to \u015bwi\u0119te narz\u0119dzie, obiekt mocy, kt\u00f3ry umo\u017cliwia po\u0142\u0105czenie z duchem Rap\u00e9.","robots":{"index":"index","follow":"follow","max-snippet":"max-snippet:-1","max-image-preview":"max-image-preview:large","max-video-preview":"max-video-preview:-1"},"canonical":"https:\/\/www.sinchisinchi.com\/pl\/producto\/kuripe-niebieski\/","og_locale":"pl_PL","og_type":"article","og_title":"Kurip\u00e9 Niebieski: Samoaplikator do szama\u0144skiej Rap\u00e9 z Amazonii","og_description":"Kurip\u00e9 emaliowane i ozdobione niebiesk\u0105 nici\u0105. Kurip\u00e9 to \u015bwi\u0119te narz\u0119dzie, obiekt mocy, kt\u00f3ry umo\u017cliwia po\u0142\u0105czenie z duchem Rap\u00e9.","og_url":"https:\/\/www.sinchisinchi.com\/pl\/producto\/kuripe-niebieski\/","og_site_name":"SINCHI RAP\u00c9","article_publisher":"https:\/\/www.facebook.com\/sinchirape\/","article_modified_time":"2025-02-25T09:52:04+00:00","og_image":[{"width":1800,"height":1800,"url":"https:\/\/www.sinchisinchi.com\/wp-content\/uploads\/2018\/11\/LR-01-02.jpg","type":"image\/jpeg"}],"twitter_card":"summary_large_image","twitter_misc":{"Szacowany czas czytania":"1 minuta"},"schema":{"@context":"https:\/\/schema.org","@graph":[{"@type":"WebPage","@id":"https:\/\/www.sinchisinchi.com\/pl\/producto\/kuripe-niebieski\/","url":"https:\/\/www.sinchisinchi.com\/pl\/producto\/kuripe-niebieski\/","name":"Kurip\u00e9 Niebieski: Samoaplikator do szama\u0144skiej Rap\u00e9 z Amazonii","isPartOf":{"@id":"https:\/\/www.sinchisinchi.com\/pl\/#website"},"primaryImageOfPage":{"@id":"https:\/\/www.sinchisinchi.com\/pl\/producto\/kuripe-niebieski\/#primaryimage"},"image":{"@id":"https:\/\/www.sinchisinchi.com\/pl\/producto\/kuripe-niebieski\/#primaryimage"},"thumbnailUrl":"https:\/\/www.sinchisinchi.com\/wp-content\/uploads\/2018\/11\/LR-01-02.jpg","datePublished":"2018-11-21T23:03:51+00:00","dateModified":"2025-02-25T09:52:04+00:00","description":"Kurip\u00e9 emaliowane i ozdobione niebiesk\u0105 nici\u0105. Kurip\u00e9 to \u015bwi\u0119te narz\u0119dzie, obiekt mocy, kt\u00f3ry umo\u017cliwia po\u0142\u0105czenie z duchem Rap\u00e9.","breadcrumb":{"@id":"https:\/\/www.sinchisinchi.com\/pl\/producto\/kuripe-niebieski\/#breadcrumb"},"inLanguage":"pl-PL","potentialAction":[{"@type":"ReadAction","target":["https:\/\/www.sinchisinchi.com\/pl\/producto\/kuripe-niebieski\/"]}]},{"@type":"ImageObject","inLanguage":"pl-PL","@id":"https:\/\/www.sinchisinchi.com\/pl\/producto\/kuripe-niebieski\/#primaryimage","url":"https:\/\/www.sinchisinchi.com\/wp-content\/uploads\/2018\/11\/LR-01-02.jpg","contentUrl":"https:\/\/www.sinchisinchi.com\/wp-content\/uploads\/2018\/11\/LR-01-02.jpg","width":1800,"height":1800},{"@type":"BreadcrumbList","@id":"https:\/\/www.sinchisinchi.com\/pl\/producto\/kuripe-niebieski\/#breadcrumb","itemListElement":[{"@type":"ListItem","position":1,"name":"Pierwsza strona","item":"https:\/\/www.sinchisinchi.com\/pl\/"},{"@type":"ListItem","position":2,"name":"Produkty","item":"https:\/\/www.sinchisinchi.com\/pl\/shop\/"},{"@type":"ListItem","position":3,"name":"Kurip\u00e9 Niebieski"}]},{"@type":"WebSite","@id":"https:\/\/www.sinchisinchi.com\/pl\/#website","url":"https:\/\/www.sinchisinchi.com\/pl\/","name":"SINCHI","description":"Sinchi Medicine","publisher":{"@id":"https:\/\/www.sinchisinchi.com\/pl\/#organization"},"potentialAction":[{"@type":"SearchAction","target":{"@type":"EntryPoint","urlTemplate":"https:\/\/www.sinchisinchi.com\/pl\/?s={search_term_string}"},"query-input":{"@type":"PropertyValueSpecification","valueRequired":true,"valueName":"search_term_string"}}],"inLanguage":"pl-PL"},{"@type":"Organization","@id":"https:\/\/www.sinchisinchi.com\/pl\/#organization","name":"SINCHI S.L","url":"https:\/\/www.sinchisinchi.com\/pl\/","logo":{"@type":"ImageObject","inLanguage":"pl-PL","@id":"https:\/\/www.sinchisinchi.com\/pl\/#\/schema\/logo\/image\/","url":"https:\/\/www.sinchisinchi.com\/wp-content\/uploads\/2026\/01\/3b-Verde-SIMPLIFICADO-HORIZONTAL-F-TRANSPARENTE-scaled.png","contentUrl":"https:\/\/www.sinchisinchi.com\/wp-content\/uploads\/2026\/01\/3b-Verde-SIMPLIFICADO-HORIZONTAL-F-TRANSPARENTE-scaled.png","width":2560,"height":457,"caption":"SINCHI S.L"},"image":{"@id":"https:\/\/www.sinchisinchi.com\/pl\/#\/schema\/logo\/image\/"},"sameAs":["https:\/\/www.facebook.com\/sinchirape\/","https:\/\/www.instagram.com\/sinchi_rape\/"]}]}},"_links":{"self":[{"href":"https:\/\/www.sinchisinchi.com\/pl\/wp-json\/wp\/v2\/product\/7972","targetHints":{"allow":["GET"]}}],"collection":[{"href":"https:\/\/www.sinchisinchi.com\/pl\/wp-json\/wp\/v2\/product"}],"about":[{"href":"https:\/\/www.sinchisinchi.com\/pl\/wp-json\/wp\/v2\/types\/product"}],"wp:featuredmedia":[{"embeddable":true,"href":"https:\/\/www.sinchisinchi.com\/pl\/wp-json\/wp\/v2\/media\/7995"}],"wp:attachment":[{"href":"https:\/\/www.sinchisinchi.com\/pl\/wp-json\/wp\/v2\/media?parent=7972"}],"wp:term":[{"taxonomy":"product_brand","embeddable":true,"href":"https:\/\/www.sinchisinchi.com\/pl\/wp-json\/wp\/v2\/product_brand?post=7972"},{"taxonomy":"product_cat","embeddable":true,"href":"https:\/\/www.sinchisinchi.com\/pl\/wp-json\/wp\/v2\/product_cat?post=7972"},{"taxonomy":"product_tag","embeddable":true,"href":"https:\/\/www.sinchisinchi.com\/pl\/wp-json\/wp\/v2\/product_tag?post=7972"}],"curies":[{"name":"wp","href":"https:\/\/api.w.org\/{rel}","templated":true}]}}