{"id":7976,"date":"2020-04-29T07:49:31","date_gmt":"2020-04-29T07:49:31","guid":{"rendered":"https:\/\/www.sinchisinchi.com\/producto\/rape-boa\/"},"modified":"2025-02-19T13:29:47","modified_gmt":"2025-02-19T13:29:47","slug":"rape-boa","status":"publish","type":"product","link":"https:\/\/www.sinchisinchi.com\/pl\/producto\/rape-boa\/","title":{"rendered":"Rap\u00e9 Boa"},"content":{"rendered":"","protected":false},"excerpt":{"rendered":"<p>To Rap\u00e9, kt\u00f3re ma wyj\u0105tkow\u0105 i wyj\u0105tkow\u0105 energi\u0119. Po\u0142\u0105cz si\u0119 ze \u015bwiadomymi snami.<\/p>\n<p>Jest dobry do przyci\u0105gania ochrony, obfito\u015bci i og\u00f3lnie tego, czego si\u0119 pragnie, dlatego rytua\u0142 i modlitwa s\u0105 szczeg\u00f3lnie wa\u017cne.<\/p>\n<p>&nbsp;<\/p>\n<p><strong>Sk\u0142ad:<\/strong> ekologiczny tyto\u0144, popio\u0142y Tsunu i nasiona Cumaru.<\/p>\n<p><strong>Intensywno\u015b\u0107:<\/strong> mocna.<\/p>\n<p><strong>Charakterystyka:<\/strong> Wi\u0119ksza ilo\u015b\u0107 popio\u0142u. Aromatyczny.<\/p>\n<p><strong>Rozmiar:<\/strong> fiolki 10 ml<\/p>\n<p><strong>Zastosowanie:<\/strong> ciekawostka etnobotaniczna. Wy\u0142\u0105czne zastosowanie do bada\u0144 naukowych, historycznych i rytualnych.<\/p>\n","protected":false},"featured_media":11770,"template":"","meta":{"_joinchat":[]},"product_brand":[],"product_cat":[216],"product_tag":[],"class_list":{"0":"post-7976","1":"product","2":"type-product","3":"status-publish","4":"has-post-thumbnail","6":"product_cat-boa-pl","8":"first","9":"instock","10":"taxable","11":"shipping-taxable","12":"purchasable","13":"product-type-simple"},"yoast_head":"<!-- This site is optimized with the Yoast SEO plugin v27.4 - https:\/\/yoast.com\/product\/yoast-seo-wordpress\/ -->\n<title>RAP\u00c9 BOA: szama\u0144ska Rap\u00e9 z Amazon Online<\/title>\n<meta name=\"description\" content=\"To Rap\u00e9, kt\u00f3re ma wyj\u0105tkow\u0105 i wyj\u0105tkow\u0105 energi\u0119. Po\u0142\u0105cz si\u0119 ze \u015bwiadomymi snami. Dobrze jest przyci\u0105ga\u0107 ochron\u0119, obfito\u015b\u0107 i to co...\" \/>\n<meta name=\"robots\" content=\"index, follow, max-snippet:-1, max-image-preview:large, max-video-preview:-1\" \/>\n<link rel=\"canonical\" href=\"https:\/\/www.sinchisinchi.com\/pl\/producto\/rape-boa\/\" \/>\n<meta property=\"og:locale\" content=\"pl_PL\" \/>\n<meta property=\"og:type\" content=\"article\" \/>\n<meta property=\"og:title\" content=\"RAP\u00c9 BOA: szama\u0144ska Rap\u00e9 z Amazon Online\" \/>\n<meta property=\"og:description\" content=\"To Rap\u00e9, kt\u00f3re ma wyj\u0105tkow\u0105 i wyj\u0105tkow\u0105 energi\u0119. Po\u0142\u0105cz si\u0119 ze \u015bwiadomymi snami. Dobrze jest przyci\u0105ga\u0107 ochron\u0119, obfito\u015b\u0107 i to co...\" \/>\n<meta property=\"og:url\" content=\"https:\/\/www.sinchisinchi.com\/pl\/producto\/rape-boa\/\" \/>\n<meta property=\"og:site_name\" content=\"SINCHI RAP\u00c9\" \/>\n<meta property=\"article:publisher\" content=\"https:\/\/www.facebook.com\/sinchirape\/\" \/>\n<meta property=\"article:modified_time\" content=\"2025-02-19T13:29:47+00:00\" \/>\n<meta property=\"og:image\" content=\"https:\/\/www.sinchisinchi.com\/wp-content\/uploads\/2020\/04\/24-Boa.jpg\" \/>\n\t<meta property=\"og:image:width\" content=\"700\" \/>\n\t<meta property=\"og:image:height\" content=\"700\" \/>\n\t<meta property=\"og:image:type\" content=\"image\/jpeg\" \/>\n<meta name=\"twitter:card\" content=\"summary_large_image\" \/>\n<script type=\"application\/ld+json\" class=\"yoast-schema-graph\">{\"@context\":\"https:\\\/\\\/schema.org\",\"@graph\":[{\"@type\":\"WebPage\",\"@id\":\"https:\\\/\\\/www.sinchisinchi.com\\\/pl\\\/producto\\\/rape-boa\\\/\",\"url\":\"https:\\\/\\\/www.sinchisinchi.com\\\/pl\\\/producto\\\/rape-boa\\\/\",\"name\":\"RAP\u00c9 BOA: szama\u0144ska Rap\u00e9 z Amazon Online\",\"isPartOf\":{\"@id\":\"https:\\\/\\\/www.sinchisinchi.com\\\/pl\\\/#website\"},\"primaryImageOfPage\":{\"@id\":\"https:\\\/\\\/www.sinchisinchi.com\\\/pl\\\/producto\\\/rape-boa\\\/#primaryimage\"},\"image\":{\"@id\":\"https:\\\/\\\/www.sinchisinchi.com\\\/pl\\\/producto\\\/rape-boa\\\/#primaryimage\"},\"thumbnailUrl\":\"https:\\\/\\\/www.sinchisinchi.com\\\/wp-content\\\/uploads\\\/2020\\\/04\\\/24-Boa.jpg\",\"datePublished\":\"2020-04-29T07:49:31+00:00\",\"dateModified\":\"2025-02-19T13:29:47+00:00\",\"description\":\"To Rap\u00e9, kt\u00f3re ma wyj\u0105tkow\u0105 i wyj\u0105tkow\u0105 energi\u0119. Po\u0142\u0105cz si\u0119 ze \u015bwiadomymi snami. Dobrze jest przyci\u0105ga\u0107 ochron\u0119, obfito\u015b\u0107 i to co...\",\"breadcrumb\":{\"@id\":\"https:\\\/\\\/www.sinchisinchi.com\\\/pl\\\/producto\\\/rape-boa\\\/#breadcrumb\"},\"inLanguage\":\"pl-PL\",\"potentialAction\":[{\"@type\":\"ReadAction\",\"target\":[\"https:\\\/\\\/www.sinchisinchi.com\\\/pl\\\/producto\\\/rape-boa\\\/\"]}]},{\"@type\":\"ImageObject\",\"inLanguage\":\"pl-PL\",\"@id\":\"https:\\\/\\\/www.sinchisinchi.com\\\/pl\\\/producto\\\/rape-boa\\\/#primaryimage\",\"url\":\"https:\\\/\\\/www.sinchisinchi.com\\\/wp-content\\\/uploads\\\/2020\\\/04\\\/24-Boa.jpg\",\"contentUrl\":\"https:\\\/\\\/www.sinchisinchi.com\\\/wp-content\\\/uploads\\\/2020\\\/04\\\/24-Boa.jpg\",\"width\":700,\"height\":700},{\"@type\":\"BreadcrumbList\",\"@id\":\"https:\\\/\\\/www.sinchisinchi.com\\\/pl\\\/producto\\\/rape-boa\\\/#breadcrumb\",\"itemListElement\":[{\"@type\":\"ListItem\",\"position\":1,\"name\":\"Pierwsza strona\",\"item\":\"https:\\\/\\\/www.sinchisinchi.com\\\/pl\\\/\"},{\"@type\":\"ListItem\",\"position\":2,\"name\":\"Produkty\",\"item\":\"https:\\\/\\\/www.sinchisinchi.com\\\/pl\\\/shop\\\/\"},{\"@type\":\"ListItem\",\"position\":3,\"name\":\"Rap\u00e9 Boa\"}]},{\"@type\":\"WebSite\",\"@id\":\"https:\\\/\\\/www.sinchisinchi.com\\\/pl\\\/#website\",\"url\":\"https:\\\/\\\/www.sinchisinchi.com\\\/pl\\\/\",\"name\":\"SINCHI\",\"description\":\"Sinchi Medicine\",\"publisher\":{\"@id\":\"https:\\\/\\\/www.sinchisinchi.com\\\/pl\\\/#organization\"},\"potentialAction\":[{\"@type\":\"SearchAction\",\"target\":{\"@type\":\"EntryPoint\",\"urlTemplate\":\"https:\\\/\\\/www.sinchisinchi.com\\\/pl\\\/?s={search_term_string}\"},\"query-input\":{\"@type\":\"PropertyValueSpecification\",\"valueRequired\":true,\"valueName\":\"search_term_string\"}}],\"inLanguage\":\"pl-PL\"},{\"@type\":\"Organization\",\"@id\":\"https:\\\/\\\/www.sinchisinchi.com\\\/pl\\\/#organization\",\"name\":\"SINCHI S.L\",\"url\":\"https:\\\/\\\/www.sinchisinchi.com\\\/pl\\\/\",\"logo\":{\"@type\":\"ImageObject\",\"inLanguage\":\"pl-PL\",\"@id\":\"https:\\\/\\\/www.sinchisinchi.com\\\/pl\\\/#\\\/schema\\\/logo\\\/image\\\/\",\"url\":\"https:\\\/\\\/www.sinchisinchi.com\\\/wp-content\\\/uploads\\\/2026\\\/01\\\/3b-Verde-SIMPLIFICADO-HORIZONTAL-F-TRANSPARENTE-scaled.png\",\"contentUrl\":\"https:\\\/\\\/www.sinchisinchi.com\\\/wp-content\\\/uploads\\\/2026\\\/01\\\/3b-Verde-SIMPLIFICADO-HORIZONTAL-F-TRANSPARENTE-scaled.png\",\"width\":2560,\"height\":457,\"caption\":\"SINCHI S.L\"},\"image\":{\"@id\":\"https:\\\/\\\/www.sinchisinchi.com\\\/pl\\\/#\\\/schema\\\/logo\\\/image\\\/\"},\"sameAs\":[\"https:\\\/\\\/www.facebook.com\\\/sinchirape\\\/\",\"https:\\\/\\\/www.instagram.com\\\/sinchi_rape\\\/\"]}]}<\/script>\n<!-- \/ Yoast SEO plugin. -->","yoast_head_json":{"title":"RAP\u00c9 BOA: szama\u0144ska Rap\u00e9 z Amazon Online","description":"To Rap\u00e9, kt\u00f3re ma wyj\u0105tkow\u0105 i wyj\u0105tkow\u0105 energi\u0119. Po\u0142\u0105cz si\u0119 ze \u015bwiadomymi snami. Dobrze jest przyci\u0105ga\u0107 ochron\u0119, obfito\u015b\u0107 i to co...","robots":{"index":"index","follow":"follow","max-snippet":"max-snippet:-1","max-image-preview":"max-image-preview:large","max-video-preview":"max-video-preview:-1"},"canonical":"https:\/\/www.sinchisinchi.com\/pl\/producto\/rape-boa\/","og_locale":"pl_PL","og_type":"article","og_title":"RAP\u00c9 BOA: szama\u0144ska Rap\u00e9 z Amazon Online","og_description":"To Rap\u00e9, kt\u00f3re ma wyj\u0105tkow\u0105 i wyj\u0105tkow\u0105 energi\u0119. Po\u0142\u0105cz si\u0119 ze \u015bwiadomymi snami. Dobrze jest przyci\u0105ga\u0107 ochron\u0119, obfito\u015b\u0107 i to co...","og_url":"https:\/\/www.sinchisinchi.com\/pl\/producto\/rape-boa\/","og_site_name":"SINCHI RAP\u00c9","article_publisher":"https:\/\/www.facebook.com\/sinchirape\/","article_modified_time":"2025-02-19T13:29:47+00:00","og_image":[{"width":700,"height":700,"url":"https:\/\/www.sinchisinchi.com\/wp-content\/uploads\/2020\/04\/24-Boa.jpg","type":"image\/jpeg"}],"twitter_card":"summary_large_image","schema":{"@context":"https:\/\/schema.org","@graph":[{"@type":"WebPage","@id":"https:\/\/www.sinchisinchi.com\/pl\/producto\/rape-boa\/","url":"https:\/\/www.sinchisinchi.com\/pl\/producto\/rape-boa\/","name":"RAP\u00c9 BOA: szama\u0144ska Rap\u00e9 z Amazon Online","isPartOf":{"@id":"https:\/\/www.sinchisinchi.com\/pl\/#website"},"primaryImageOfPage":{"@id":"https:\/\/www.sinchisinchi.com\/pl\/producto\/rape-boa\/#primaryimage"},"image":{"@id":"https:\/\/www.sinchisinchi.com\/pl\/producto\/rape-boa\/#primaryimage"},"thumbnailUrl":"https:\/\/www.sinchisinchi.com\/wp-content\/uploads\/2020\/04\/24-Boa.jpg","datePublished":"2020-04-29T07:49:31+00:00","dateModified":"2025-02-19T13:29:47+00:00","description":"To Rap\u00e9, kt\u00f3re ma wyj\u0105tkow\u0105 i wyj\u0105tkow\u0105 energi\u0119. Po\u0142\u0105cz si\u0119 ze \u015bwiadomymi snami. Dobrze jest przyci\u0105ga\u0107 ochron\u0119, obfito\u015b\u0107 i to co...","breadcrumb":{"@id":"https:\/\/www.sinchisinchi.com\/pl\/producto\/rape-boa\/#breadcrumb"},"inLanguage":"pl-PL","potentialAction":[{"@type":"ReadAction","target":["https:\/\/www.sinchisinchi.com\/pl\/producto\/rape-boa\/"]}]},{"@type":"ImageObject","inLanguage":"pl-PL","@id":"https:\/\/www.sinchisinchi.com\/pl\/producto\/rape-boa\/#primaryimage","url":"https:\/\/www.sinchisinchi.com\/wp-content\/uploads\/2020\/04\/24-Boa.jpg","contentUrl":"https:\/\/www.sinchisinchi.com\/wp-content\/uploads\/2020\/04\/24-Boa.jpg","width":700,"height":700},{"@type":"BreadcrumbList","@id":"https:\/\/www.sinchisinchi.com\/pl\/producto\/rape-boa\/#breadcrumb","itemListElement":[{"@type":"ListItem","position":1,"name":"Pierwsza strona","item":"https:\/\/www.sinchisinchi.com\/pl\/"},{"@type":"ListItem","position":2,"name":"Produkty","item":"https:\/\/www.sinchisinchi.com\/pl\/shop\/"},{"@type":"ListItem","position":3,"name":"Rap\u00e9 Boa"}]},{"@type":"WebSite","@id":"https:\/\/www.sinchisinchi.com\/pl\/#website","url":"https:\/\/www.sinchisinchi.com\/pl\/","name":"SINCHI","description":"Sinchi Medicine","publisher":{"@id":"https:\/\/www.sinchisinchi.com\/pl\/#organization"},"potentialAction":[{"@type":"SearchAction","target":{"@type":"EntryPoint","urlTemplate":"https:\/\/www.sinchisinchi.com\/pl\/?s={search_term_string}"},"query-input":{"@type":"PropertyValueSpecification","valueRequired":true,"valueName":"search_term_string"}}],"inLanguage":"pl-PL"},{"@type":"Organization","@id":"https:\/\/www.sinchisinchi.com\/pl\/#organization","name":"SINCHI S.L","url":"https:\/\/www.sinchisinchi.com\/pl\/","logo":{"@type":"ImageObject","inLanguage":"pl-PL","@id":"https:\/\/www.sinchisinchi.com\/pl\/#\/schema\/logo\/image\/","url":"https:\/\/www.sinchisinchi.com\/wp-content\/uploads\/2026\/01\/3b-Verde-SIMPLIFICADO-HORIZONTAL-F-TRANSPARENTE-scaled.png","contentUrl":"https:\/\/www.sinchisinchi.com\/wp-content\/uploads\/2026\/01\/3b-Verde-SIMPLIFICADO-HORIZONTAL-F-TRANSPARENTE-scaled.png","width":2560,"height":457,"caption":"SINCHI S.L"},"image":{"@id":"https:\/\/www.sinchisinchi.com\/pl\/#\/schema\/logo\/image\/"},"sameAs":["https:\/\/www.facebook.com\/sinchirape\/","https:\/\/www.instagram.com\/sinchi_rape\/"]}]}},"_links":{"self":[{"href":"https:\/\/www.sinchisinchi.com\/pl\/wp-json\/wp\/v2\/product\/7976","targetHints":{"allow":["GET"]}}],"collection":[{"href":"https:\/\/www.sinchisinchi.com\/pl\/wp-json\/wp\/v2\/product"}],"about":[{"href":"https:\/\/www.sinchisinchi.com\/pl\/wp-json\/wp\/v2\/types\/product"}],"wp:featuredmedia":[{"embeddable":true,"href":"https:\/\/www.sinchisinchi.com\/pl\/wp-json\/wp\/v2\/media\/11770"}],"wp:attachment":[{"href":"https:\/\/www.sinchisinchi.com\/pl\/wp-json\/wp\/v2\/media?parent=7976"}],"wp:term":[{"taxonomy":"product_brand","embeddable":true,"href":"https:\/\/www.sinchisinchi.com\/pl\/wp-json\/wp\/v2\/product_brand?post=7976"},{"taxonomy":"product_cat","embeddable":true,"href":"https:\/\/www.sinchisinchi.com\/pl\/wp-json\/wp\/v2\/product_cat?post=7976"},{"taxonomy":"product_tag","embeddable":true,"href":"https:\/\/www.sinchisinchi.com\/pl\/wp-json\/wp\/v2\/product_tag?post=7976"}],"curies":[{"name":"wp","href":"https:\/\/api.w.org\/{rel}","templated":true}]}}