{"id":7981,"date":"2018-12-09T01:14:50","date_gmt":"2018-12-09T01:14:50","guid":{"rendered":"https:\/\/www.sinchisinchi.com\/producto\/sananga-kup\/"},"modified":"2026-04-29T10:54:37","modified_gmt":"2026-04-29T10:54:37","slug":"sananga-kup","status":"publish","type":"product","link":"https:\/\/www.sinchisinchi.com\/pl\/producto\/sananga-kup\/","title":{"rendered":"Sananga"},"content":{"rendered":"<div class=\"row\"  id=\"row-247401468\">\n\n\t<div id=\"col-666717798\" class=\"col medium-3 small-12 large-3\"  >\n\t\t\t\t<div class=\"col-inner\"  >\n\t\t\t\n\t\t\t\n\t\t<\/div>\n\t\t\t\t\t<\/div>\n\n\t\n\n\t<div id=\"col-891520715\" class=\"col medium-6 small-12 large-6\"  >\n\t\t\t\t<div class=\"col-inner\"  >\n\t\t\t\n\t\t\t\n\t<div class=\"img has-hover x md-x lg-x y md-y lg-y\" id=\"image_2075618068\">\n\t\t\t\t\t\t\t\t<div class=\"img-inner dark\" >\n\t\t\t<img loading=\"lazy\" decoding=\"async\" width=\"500\" height=\"333\" src=\"https:\/\/www.sinchisinchi.com\/wp-content\/uploads\/2018\/12\/img_7129.jpg\" class=\"attachment-large size-large\" alt=\"Sananga comprar online\" srcset=\"https:\/\/www.sinchisinchi.com\/wp-content\/uploads\/2018\/12\/img_7129.jpg 500w, https:\/\/www.sinchisinchi.com\/wp-content\/uploads\/2018\/12\/img_7129-247x165.jpg 247w, https:\/\/www.sinchisinchi.com\/wp-content\/uploads\/2018\/12\/img_7129-300x200.jpg 300w\" sizes=\"auto, (max-width: 500px) 100vw, 500px\" \/>\t\t\t\t\t\t\n\t\t\t\t\t<\/div>\n\t\t\t\t\t\t\t\t\n<style>\n#image_2075618068 {\n  width: 100%;\n}\n<\/style>\n\t<\/div>\n\t\n\t\t<\/div>\n\t\t\t\t\t<\/div>\n\n\t\n\n\t<div id=\"col-1103444529\" class=\"col medium-3 small-12 large-3\"  >\n\t\t\t\t<div class=\"col-inner\"  >\n\t\t\t\n\t\t\t\n\t\t<\/div>\n\t\t\t\t\t<\/div>\n\n\t\n<\/div>\n\t<div id=\"gap-1147959489\" class=\"gap-element clearfix\" style=\"display:block; height:auto;\">\n\t\t\n<style>\n#gap-1147959489 {\n  padding-top: 30px;\n}\n<\/style>\n\t<\/div>\n\t\n<h2 style=\"text-align: center;\"><strong>Ro\u015blina Sananga: Co to jest?<\/strong><\/h2>\n<p><strong>Sananga, znana r\u00f3wnie\u017c jako Cyperus articulatus<\/strong>, to tropikalna ro\u015blina rosn\u0105ca wzd\u0142u\u017c rzek Amazonii, nale\u017c\u0105ca do rodziny cyperowatych.<\/p>\n<p>Sananga jest rodzim\u0105 ro\u015blin\u0105 Amazonii, ale ro\u015bnie r\u00f3wnie\u017c w wielu innych rejonach tropikalnych, m.in. w Afryce i Azji. Istnieje oko\u0142o 30 r\u00f3\u017cnych rodzaj\u00f3w Sananga, nale\u017c\u0105cych do trzech gatunk\u00f3w: Eleutherine bulbosa, Cyperus articulatus i Cyperus prolixus Kunth.<\/p>\n<p>Rdzenne plemiona Amazonii u\u017cywaj\u0105 Sanangi do poprawy wzroku, co u\u0142atwia im polowanie (stosuje si\u0119 j\u0105 jako krople do oczu), a tak\u017ce w r\u00f3\u017cnych celach leczniczych, na przyk\u0142ad w leczeniu uk\u0105sze\u0144 w\u0119\u017cy i \u200b\u200bgor\u0105czki.<\/p>\n\t<div id=\"gap-1251858155\" class=\"gap-element clearfix\" style=\"display:block; height:auto;\">\n\t\t\n<style>\n#gap-1251858155 {\n  padding-top: 30px;\n}\n<\/style>\n\t<\/div>\n\t\n<div class=\"row\"  id=\"row-664819360\">\n\n\t<div id=\"col-2135707503\" class=\"col medium-1 small-12 large-1\"  >\n\t\t\t\t<div class=\"col-inner\"  >\n\t\t\t\n\t\t\t\n\t\t<\/div>\n\t\t\t\t\t<\/div>\n\n\t\n\n\t<div id=\"col-429846769\" class=\"col medium-10 small-12 large-10\"  >\n\t\t\t\t<div class=\"col-inner\"  >\n\t\t\t\n\t\t\t\n<div class=\"video video-fit mb\" style=\"padding-top:56.25%;\"><p><iframe loading=\"lazy\" title=\"Sananga Ceremony | My Experience\" width=\"1020\" height=\"574\" src=\"https:\/\/www.youtube.com\/embed\/ZdjIOGSMgv8?feature=oembed&#038;enablejsapi=1&#038;origin=https:\/\/www.sinchisinchi.com\" frameborder=\"0\" allow=\"accelerometer; autoplay; clipboard-write; encrypted-media; gyroscope; picture-in-picture; web-share\" referrerpolicy=\"strict-origin-when-cross-origin\" allowfullscreen><\/iframe><\/p>\n<\/div>\n\t\t<\/div>\n\t\t\t\t\t<\/div>\n\n\t\n\n\t<div id=\"col-1144740330\" class=\"col medium-1 small-12 large-1\"  >\n\t\t\t\t<div class=\"col-inner\"  >\n\t\t\t\n\t\t\t\n\t\t<\/div>\n\t\t\t\t\t<\/div>\n\n\t\n<\/div>\n\t<div id=\"gap-802289711\" class=\"gap-element clearfix\" style=\"display:block; height:auto;\">\n\t\t\n<style>\n#gap-802289711 {\n  padding-top: 30px;\n}\n<\/style>\n\t<\/div>\n\t\n<h2 style=\"text-align: center;\"><strong>Krople do oczu Sananga<\/strong><\/h2>\n<h3 style=\"text-align: center;\"><strong>Korzy\u015bci i w\u0142a\u015bciwo\u015bci lecznicze:<\/strong><\/h3>\n<h4 style=\"text-align: center;\"><strong>Efekty Sanangi na poziomie energetycznym<\/strong><\/h4>\n<p>&#8211; Sananga pomaga otworzy\u0107 wewn\u0119trzny wzrok, trzecie oko.<\/p>\n<p>&#8211; Aktywuje szyszynk\u0119.<\/p>\n<p>&#8211; Rozja\u015bnia dezorientacj\u0119.<\/p>\n<p>&#8211; Pomaga wyr\u00f3wna\u0107 i otworzy\u0107 czakry, szczeg\u00f3lnie czakr\u0119 trzeciego oka i korony.<\/p>\n<p>&#8211; Sananga pomaga g\u0142\u0119boko oczy\u015bci\u0107 organizm na poziomie energetycznym, fizycznym, emocjonalnym i duchowym.<\/p>\n<p>&#8211; Pomaga uwolni\u0107 si\u0119 od przesz\u0142ych traum, uwolni\u0107 zasta\u0142e negatywne energie, zamkn\u0105\u0107 dziury w naszym polu energetycznym spowodowane negatywnym stylem \u017cycia.<\/p>\n<p>&#8211; Eliminuje \u0142adunki i nagromadzenia energii negatywnej.<\/p>\n<p>&#8211; Poprawia \u015bwiadome \u015bnienie.<\/p>\n<p>Plemi\u0119 Shipibo wykorzystuje krople Sananga r\u00f3wnie\u017c w celu poprawienia swojej zdolno\u015bci skupienia si\u0119 na rzemio\u015ble, takim jak szycie, malowanie i haftowanie, z kt\u00f3rych s\u0142yn\u0105. Ju\u017c od najm\u0142odszych lat kobiety Shipibo s\u0105 wprowadzane w t\u0119 praktyk\u0119 przez swoje matki i babcie. Shipiba m\u00f3wi: \u201eKiedy by\u0142am ma\u0142\u0105 dziewczynk\u0105, moja matka zakrapla\u0142a mi oczy Sanang\u0105, abym mia\u0142a wizj\u0119 wzor\u00f3w moich obraz\u00f3w\u201d.<\/p>\n<p>Sanang\u0119 cz\u0119sto stosuje si\u0119 przed i w trakcie ceremonii ayahuasca, poniewa\u017c po zakropleniu oczu wizje staj\u0105 si\u0119 wyra\u017aniejsze i bardziej szczeg\u00f3\u0142owe. Niekt\u00f3re plemiona u\u017cywaj\u0105 Sanangi jako dodatku do napoju ayahuasca.<\/p>\n<h4 style=\"text-align: center;\"><strong>Efekty Sanangi na poziomie fizycznym<\/strong><\/h4>\n<p>Sananga pomaga r\u00f3wnie\u017c w leczeniu niekt\u00f3rych chor\u00f3b psychosomatycznych, poniewa\u017c oczy s\u0105 oknami, przez kt\u00f3re postrzegamy \u015bwiat. Dlatego ta naturalna medycyna pomaga zr\u00f3wnowa\u017cy\u0107 i uzdrowi\u0107 zaburzenia w postrzeganiu tego, co dzieje si\u0119 wok\u00f3\u0142 nas, zapewniaj\u0105c harmoni\u0119 i wynikaj\u0105ce z niej uzdrowienie duchowe, emocjonalne i fizyczne.<\/p>\n<p>Tradycyjnie stosuje si\u0119 go w celu zapobiegania malarii, podaj\u0105c go w postaci wlewu donosowego. W przypadku stosowania na rany, nale\u017cy go naci\u0105\u0107 i zastosowa\u0107 zewn\u0119trznie. Przy problemach trawiennych i nudno\u015bciach stosuje si\u0119 go w postaci nalewki. W przypadku kaszlu i gor\u0105czki, a tak\u017ce jako odtrutk\u0119 stosuje si\u0119 go doustnie w postaci wywaru.<\/p>\n<p>Z kwiat\u00f3w i li\u015bci przygotowuje si\u0119 herbat\u0119, kt\u00f3ra ma silne dzia\u0142anie afrodyzjakalne i wspomaga \u015bwiadome \u015bnienie. Wreszcie, gdy wysuszone k\u0142\u0105cza zmiesza si\u0119 z tytoniem i pali, opisuje si\u0119 efekty halucynogenne.<\/p>\n<p>Sananga pomaga r\u00f3wnie\u017c w \u0142agodzeniu problem\u00f3w stomatologicznych, zapobieganiu ranom i leczeniu r\u00f3\u017cnych uraz\u00f3w oczu. \u0141agodzi nudno\u015bci i wymioty, pomaga w problemach jelitowych\/trawiennych, koi\/uspokaja<\/p>\n<p>Sananga by\u0142a powszechnie stosowana w\u015br\u00f3d plemienia Shipibo jako \u015brodek antykoncepcyjny, \u015brodek poronny i \u0142agodz\u0105cy b\u00f3l podczas porodu, prawdopodobnie ze wzgl\u0119du na zawarto\u015b\u0107 alkaloid\u00f3w sporyszu.<\/p>\n\t<div id=\"gap-14919023\" class=\"gap-element clearfix\" style=\"display:block; height:auto;\">\n\t\t\n<style>\n#gap-14919023 {\n  padding-top: 30px;\n}\n<\/style>\n\t<\/div>\n\t\n<div class=\"row\"  id=\"row-1982566411\">\n\n\t<div id=\"col-857299411\" class=\"col medium-2 small-12 large-2\"  >\n\t\t\t\t<div class=\"col-inner\"  >\n\t\t\t\n\t\t\t\n\t\t<\/div>\n\t\t\t\t\t<\/div>\n\n\t\n\n\t<div id=\"col-1799408151\" class=\"col medium-7 small-12 large-7\"  >\n\t\t\t\t<div class=\"col-inner\"  >\n\t\t\t\n\t\t\t\n\t<div class=\"img has-hover x md-x lg-x y md-y lg-y\" id=\"image_26457487\">\n\t\t\t\t\t\t\t\t<div class=\"img-inner dark\" >\n\t\t\t<img loading=\"lazy\" decoding=\"async\" width=\"500\" height=\"250\" src=\"https:\/\/www.sinchisinchi.com\/wp-content\/uploads\/2018\/12\/sananga-comprar-2.jpg\" class=\"attachment-large size-large\" alt=\"sananga comprar online en Espa\u00f1a\" srcset=\"https:\/\/www.sinchisinchi.com\/wp-content\/uploads\/2018\/12\/sananga-comprar-2.jpg 500w, https:\/\/www.sinchisinchi.com\/wp-content\/uploads\/2018\/12\/sananga-comprar-2-247x124.jpg 247w, https:\/\/www.sinchisinchi.com\/wp-content\/uploads\/2018\/12\/sananga-comprar-2-300x150.jpg 300w\" sizes=\"auto, (max-width: 500px) 100vw, 500px\" \/>\t\t\t\t\t\t\n\t\t\t\t\t<\/div>\n\t\t\t\t\t\t\t\t\n<style>\n#image_26457487 {\n  width: 100%;\n}\n<\/style>\n\t<\/div>\n\t\n\t\t<\/div>\n\t\t\t\t\t<\/div>\n\n\t\n\n\t<div id=\"col-1908982282\" class=\"col medium-3 small-12 large-3\"  >\n\t\t\t\t<div class=\"col-inner\"  >\n\t\t\t\n\t\t\t\n\t\t<\/div>\n\t\t\t\t\t<\/div>\n\n\t\n<\/div>\n\t<div id=\"gap-833402073\" class=\"gap-element clearfix\" style=\"display:block; height:auto;\">\n\t\t\n<style>\n#gap-833402073 {\n  padding-top: 30px;\n}\n<\/style>\n\t<\/div>\n\t\n<h4 style=\"text-align: center;\"><strong>Stosowanie i dawkowanie kropli Sananga<\/strong><\/h4>\n<p>Zaleca si\u0119 znalezienie spokojnego miejsca i korzystanie z niego najlepiej w godzinach popo\u0142udniowych, aby oczy mog\u0142y odpocz\u0105\u0107.<\/p>\n<p>Dobrym pomys\u0142em mo\u017ce okaza\u0107 si\u0119 poproszenie partnera o pomoc w zastosowaniu tej metody.<\/p>\n<p>Aby umo\u017cliwi\u0107 w\u0142a\u015bciw\u0105 aplikacj\u0119, zaleca si\u0119 po\u0142o\u017cenie si\u0119 i zamkni\u0119cie oczu podczas sesji. Podczas jednego zabiegu wystarcz\u0105 1\u20132 krople do ka\u017cdego oka.<\/p>\n<p>Nast\u0119pnie nale\u017cy wymiesza\u0107, aby rozprowadzi\u0107 p\u0142yn. Wa\u017cne jest, aby stosowa\u0107 go na oba oczy, aby zr\u00f3wnowa\u017cy\u0107 kana\u0142 energetyczny.<\/p>\n<p>Po zastosowaniu wywo\u0142uje uczucie pieczenia, kt\u00f3re utrzymuje si\u0119 do trzech minut, w zale\u017cno\u015bci od stanu u\u017cytkownika i cz\u0119stotliwo\u015bci stosowania Sanangi. Ten zapa\u0142 ust\u0119puje miejsca poczuciu ca\u0142o\u015bci i obecno\u015bci, g\u0142\u0119bokiemu zanurzeniu w ponadczasowym momencie.<\/p>\n<p>Nast\u0119pnego ranka Twoje oczy mog\u0105 by\u0107 lekko wra\u017cliwe i suche, mo\u017cesz przemy\u0107 je zimn\u0105 wod\u0105, a problem szybko minie; Jest to cz\u0119\u015b\u0107 procesu oczyszczania, kt\u00f3ry wywo\u0142uje Sananga.<\/p>\n<h4 style=\"text-align: center;\"><strong>Sk\u0142adniki aktywne kropli do oczu Sananga, Ancestral Eye Drops<\/strong><\/h4>\n<p>Sananga zawiera kilka alkaloid\u00f3w, w tym flawonoidy, polifenole, saponiny, garbniki i terpeny, chocia\u017c jej dzia\u0142anie biologiczne przypisuje si\u0119 g\u0142\u00f3wnie cyperonom.<\/p>\n<p>Jednym ze sk\u0142adnik\u00f3w aktywnych jest ibogaina. Ibogaina wywo\u0142uje do\u015bwiadczenie psychoaktywne, kt\u00f3re u niekt\u00f3rych os\u00f3b mo\u017ce prowadzi\u0107 do szybkich zmian nastroju i\/lub wizji.<\/p>\n<p>Pe\u0142ne spektrum dzia\u0142ania i sk\u0142adnik\u00f3w bioaktywnych tej ro\u015bliny nie zosta\u0142o jeszcze w pe\u0142ni poznane. Ponadto, poniewa\u017c ro\u015blina ta nie rozmna\u017ca si\u0119 przez nasiona, lecz przez wegetacj\u0119, wyr\u00f3\u017cnia si\u0119 wiele podgatunk\u00f3w Sanangi o zr\u00f3\u017cnicowanym sk\u0142adzie alkaloid\u00f3w.<\/p>\n\t<div id=\"gap-810954201\" class=\"gap-element clearfix\" style=\"display:block; height:auto;\">\n\t\t\n<style>\n#gap-810954201 {\n  padding-top: 30px;\n}\n<\/style>\n\t<\/div>\n\t\n<div class=\"row\"  id=\"row-375975743\">\n\n\t<div id=\"col-1293809159\" class=\"col medium-2 small-12 large-2\"  >\n\t\t\t\t<div class=\"col-inner\"  >\n\t\t\t\n\t\t\t\n\t\t<\/div>\n\t\t\t\t\t<\/div>\n\n\t\n\n\t<div id=\"col-423744428\" class=\"col medium-8 small-12 large-8\"  >\n\t\t\t\t<div class=\"col-inner\"  >\n\t\t\t\n\t\t\t\n\t<div class=\"img has-hover x md-x lg-x y md-y lg-y\" id=\"image_1362242754\">\n\t\t\t\t\t\t\t\t<div class=\"img-inner dark\" >\n\t\t\t<img loading=\"lazy\" decoding=\"async\" width=\"1020\" height=\"631\" src=\"https:\/\/www.sinchisinchi.com\/wp-content\/uploads\/2018\/12\/ob_015fe0_tabernaemontana-undulata-8-1024x633.jpg\" class=\"attachment-large size-large\" alt=\"\" srcset=\"https:\/\/www.sinchisinchi.com\/wp-content\/uploads\/2018\/12\/ob_015fe0_tabernaemontana-undulata-8-1024x633.jpg 1024w, https:\/\/www.sinchisinchi.com\/wp-content\/uploads\/2018\/12\/ob_015fe0_tabernaemontana-undulata-8-600x371.jpg 600w, https:\/\/www.sinchisinchi.com\/wp-content\/uploads\/2018\/12\/ob_015fe0_tabernaemontana-undulata-8-768x475.jpg 768w, https:\/\/www.sinchisinchi.com\/wp-content\/uploads\/2018\/12\/ob_015fe0_tabernaemontana-undulata-8-1536x949.jpg 1536w, https:\/\/www.sinchisinchi.com\/wp-content\/uploads\/2018\/12\/ob_015fe0_tabernaemontana-undulata-8-247x153.jpg 247w, https:\/\/www.sinchisinchi.com\/wp-content\/uploads\/2018\/12\/ob_015fe0_tabernaemontana-undulata-8-510x315.jpg 510w, https:\/\/www.sinchisinchi.com\/wp-content\/uploads\/2018\/12\/ob_015fe0_tabernaemontana-undulata-8.jpg 1600w\" sizes=\"auto, (max-width: 1020px) 100vw, 1020px\" \/>\t\t\t\t\t\t\n\t\t\t\t\t<\/div>\n\t\t\t\t\t\t\t\t\n<style>\n#image_1362242754 {\n  width: 100%;\n}\n<\/style>\n\t<\/div>\n\t\n\t\t<\/div>\n\t\t\t\t\t<\/div>\n\n\t\n\n\t<div id=\"col-2118222752\" class=\"col medium-2 small-12 large-2\"  >\n\t\t\t\t<div class=\"col-inner\"  >\n\t\t\t\n\t\t\t\n\t\t<\/div>\n\t\t\t\t\t<\/div>\n\n\t\n<\/div>\n\t<div id=\"gap-1207075825\" class=\"gap-element clearfix\" style=\"display:block; height:auto;\">\n\t\t\n<style>\n#gap-1207075825 {\n  padding-top: 30px;\n}\n<\/style>\n\t<\/div>\n\t\n<h4 style=\"text-align: center;\"><strong>Przygotowanie Sananga, Medycyny Przodk\u00f3w<\/strong><\/h4>\n<p>Najpopularniejszy przepis polega na wysuszeniu k\u0142\u0105czy lub \u0142odyg, ich zmieleniu i przygotowaniu w postaci herbaty lub kropli do oczu. Jednak ka\u017cde plemi\u0119 ma sw\u00f3j w\u0142asny spos\u00f3b wykorzystania tej magicznej ro\u015bliny. Na przyk\u0142ad plemi\u0119 Shipibo mia\u017cd\u017cy \u015bwie\u017ce k\u0142\u0105cza i wyciska sok, aby przyrz\u0105dza\u0107 krople do oczu.<\/p>\n<h4 style=\"text-align: center;\"><strong>Sananga i Huni Kuin &#8211; Kaxinaw\u00e1<\/strong><\/h4>\n<p>W plemieniu Kaxinaw\u00e1 panuje tradycja zakraplania jednej lub dw\u00f3ch kropli sanangi do ka\u017cdego oka przed wyj\u015bciem na polowanie; wyostrza wzrok, dzi\u0119ki czemu \u0142atwiej rozr\u00f3\u017cni\u0107 zwierzyn\u0119 nawet w ciemno\u015bci. Opr\u00f3cz podkre\u015blania faktur wizualnych, g\u0142\u0119bi i kolor\u00f3w; Wed\u0142ug Indian wspomaga instynkt \u0142owiecki podczas poszukiwania ofiary w d\u017cungli.<\/p>\n","protected":false},"excerpt":{"rendered":"<p>Sananga to pradawny lek z Amazonii, kt\u00f3ry jest stosowany w postaci kropli do oczu jako kropli do oczu.<\/p>\n<p>W Amazonii krople do oczu Sananga s\u0105 szeroko stosowane przez r\u00f3\u017cne plemiona, poniewa\u017c dzia\u0142anie Sananga pomaga im poprawi\u0107 umiej\u0119tno\u015bci \u0142owieckie, poprawiaj\u0105c widzenie w ciemno\u015bci i g\u0142\u0119bi ostro\u015bci, z ostrzejszym i bardziej wyrafinowanym widzeniem.<\/p>\n<p>&nbsp;<\/p>\n<p><strong>Prezentacja:<\/strong> 5 ml<\/p>\n<p><strong>\u015arodki ostro\u017cno\u015bci:<\/strong> Przed na\u0142o\u017ceniem preparatu Sananga nale\u017cy zdj\u0105\u0107 soczewki kontaktowe.<\/p>\n<p><strong>Przechowywanie:<\/strong> Przechowywa\u0107 butelk\u0119 w lod\u00f3wce.<\/p>\n","protected":false},"featured_media":12334,"template":"","meta":{"_joinchat":[]},"product_brand":[],"product_cat":[301],"product_tag":[],"class_list":{"0":"post-7981","1":"product","2":"type-product","3":"status-publish","4":"has-post-thumbnail","6":"product_cat-plyn","8":"first","9":"instock","10":"taxable","11":"shipping-taxable","12":"purchasable","13":"product-type-simple"},"yoast_head":"<!-- This site is optimized with the Yoast SEO plugin v27.4 - https:\/\/yoast.com\/product\/yoast-seo-wordpress\/ -->\n<title>Kup Sananga: krople do oczu przodk\u00f3w plemion amazo\u0144skich<\/title>\n<meta name=\"description\" content=\"Kup Sananga: W Amazonii Sananga by\u0142a u\u017cywana przez plemiona od tysi\u0119cy lat do wzmacniania wzroku na wszystkich poziomach.\" \/>\n<meta name=\"robots\" content=\"index, follow, max-snippet:-1, max-image-preview:large, max-video-preview:-1\" \/>\n<link rel=\"canonical\" href=\"https:\/\/www.sinchisinchi.com\/pl\/producto\/sananga-kup\/\" \/>\n<meta property=\"og:locale\" content=\"pl_PL\" \/>\n<meta property=\"og:type\" content=\"article\" \/>\n<meta property=\"og:title\" content=\"Kup Sananga: krople do oczu przodk\u00f3w plemion amazo\u0144skich\" \/>\n<meta property=\"og:description\" content=\"Kup Sananga: W Amazonii Sananga by\u0142a u\u017cywana przez plemiona od tysi\u0119cy lat do wzmacniania wzroku na wszystkich poziomach.\" \/>\n<meta property=\"og:url\" content=\"https:\/\/www.sinchisinchi.com\/pl\/producto\/sananga-kup\/\" \/>\n<meta property=\"og:site_name\" content=\"SINCHI RAP\u00c9\" \/>\n<meta property=\"article:publisher\" content=\"https:\/\/www.facebook.com\/sinchirape\/\" \/>\n<meta property=\"article:modified_time\" content=\"2026-04-29T10:54:37+00:00\" \/>\n<meta property=\"og:image\" content=\"https:\/\/www.sinchisinchi.com\/wp-content\/uploads\/2018\/12\/3IR0008.jpg\" \/>\n\t<meta property=\"og:image:width\" content=\"700\" \/>\n\t<meta property=\"og:image:height\" content=\"700\" \/>\n\t<meta property=\"og:image:type\" content=\"image\/jpeg\" \/>\n<meta name=\"twitter:card\" content=\"summary_large_image\" \/>\n<meta name=\"twitter:label1\" content=\"Szacowany czas czytania\" \/>\n\t<meta name=\"twitter:data1\" content=\"5 minut\" \/>\n<script type=\"application\/ld+json\" class=\"yoast-schema-graph\">{\"@context\":\"https:\\\/\\\/schema.org\",\"@graph\":[{\"@type\":\"WebPage\",\"@id\":\"https:\\\/\\\/www.sinchisinchi.com\\\/pl\\\/producto\\\/sananga-kup\\\/\",\"url\":\"https:\\\/\\\/www.sinchisinchi.com\\\/pl\\\/producto\\\/sananga-kup\\\/\",\"name\":\"Kup Sananga: krople do oczu przodk\u00f3w plemion amazo\u0144skich\",\"isPartOf\":{\"@id\":\"https:\\\/\\\/www.sinchisinchi.com\\\/pl\\\/#website\"},\"primaryImageOfPage\":{\"@id\":\"https:\\\/\\\/www.sinchisinchi.com\\\/pl\\\/producto\\\/sananga-kup\\\/#primaryimage\"},\"image\":{\"@id\":\"https:\\\/\\\/www.sinchisinchi.com\\\/pl\\\/producto\\\/sananga-kup\\\/#primaryimage\"},\"thumbnailUrl\":\"https:\\\/\\\/www.sinchisinchi.com\\\/wp-content\\\/uploads\\\/2018\\\/12\\\/3IR0008.jpg\",\"datePublished\":\"2018-12-09T01:14:50+00:00\",\"dateModified\":\"2026-04-29T10:54:37+00:00\",\"description\":\"Kup Sananga: W Amazonii Sananga by\u0142a u\u017cywana przez plemiona od tysi\u0119cy lat do wzmacniania wzroku na wszystkich poziomach.\",\"breadcrumb\":{\"@id\":\"https:\\\/\\\/www.sinchisinchi.com\\\/pl\\\/producto\\\/sananga-kup\\\/#breadcrumb\"},\"inLanguage\":\"pl-PL\",\"potentialAction\":[{\"@type\":\"ReadAction\",\"target\":[\"https:\\\/\\\/www.sinchisinchi.com\\\/pl\\\/producto\\\/sananga-kup\\\/\"]}]},{\"@type\":\"ImageObject\",\"inLanguage\":\"pl-PL\",\"@id\":\"https:\\\/\\\/www.sinchisinchi.com\\\/pl\\\/producto\\\/sananga-kup\\\/#primaryimage\",\"url\":\"https:\\\/\\\/www.sinchisinchi.com\\\/wp-content\\\/uploads\\\/2018\\\/12\\\/3IR0008.jpg\",\"contentUrl\":\"https:\\\/\\\/www.sinchisinchi.com\\\/wp-content\\\/uploads\\\/2018\\\/12\\\/3IR0008.jpg\",\"width\":700,\"height\":700},{\"@type\":\"BreadcrumbList\",\"@id\":\"https:\\\/\\\/www.sinchisinchi.com\\\/pl\\\/producto\\\/sananga-kup\\\/#breadcrumb\",\"itemListElement\":[{\"@type\":\"ListItem\",\"position\":1,\"name\":\"Pierwsza strona\",\"item\":\"https:\\\/\\\/www.sinchisinchi.com\\\/pl\\\/\"},{\"@type\":\"ListItem\",\"position\":2,\"name\":\"Produkty\",\"item\":\"https:\\\/\\\/www.sinchisinchi.com\\\/pl\\\/shop\\\/\"},{\"@type\":\"ListItem\",\"position\":3,\"name\":\"Sananga\"}]},{\"@type\":\"WebSite\",\"@id\":\"https:\\\/\\\/www.sinchisinchi.com\\\/pl\\\/#website\",\"url\":\"https:\\\/\\\/www.sinchisinchi.com\\\/pl\\\/\",\"name\":\"SINCHI\",\"description\":\"Sinchi Medicine\",\"publisher\":{\"@id\":\"https:\\\/\\\/www.sinchisinchi.com\\\/pl\\\/#organization\"},\"potentialAction\":[{\"@type\":\"SearchAction\",\"target\":{\"@type\":\"EntryPoint\",\"urlTemplate\":\"https:\\\/\\\/www.sinchisinchi.com\\\/pl\\\/?s={search_term_string}\"},\"query-input\":{\"@type\":\"PropertyValueSpecification\",\"valueRequired\":true,\"valueName\":\"search_term_string\"}}],\"inLanguage\":\"pl-PL\"},{\"@type\":\"Organization\",\"@id\":\"https:\\\/\\\/www.sinchisinchi.com\\\/pl\\\/#organization\",\"name\":\"SINCHI S.L\",\"url\":\"https:\\\/\\\/www.sinchisinchi.com\\\/pl\\\/\",\"logo\":{\"@type\":\"ImageObject\",\"inLanguage\":\"pl-PL\",\"@id\":\"https:\\\/\\\/www.sinchisinchi.com\\\/pl\\\/#\\\/schema\\\/logo\\\/image\\\/\",\"url\":\"https:\\\/\\\/www.sinchisinchi.com\\\/wp-content\\\/uploads\\\/2026\\\/01\\\/3b-Verde-SIMPLIFICADO-HORIZONTAL-F-TRANSPARENTE-scaled.png\",\"contentUrl\":\"https:\\\/\\\/www.sinchisinchi.com\\\/wp-content\\\/uploads\\\/2026\\\/01\\\/3b-Verde-SIMPLIFICADO-HORIZONTAL-F-TRANSPARENTE-scaled.png\",\"width\":2560,\"height\":457,\"caption\":\"SINCHI S.L\"},\"image\":{\"@id\":\"https:\\\/\\\/www.sinchisinchi.com\\\/pl\\\/#\\\/schema\\\/logo\\\/image\\\/\"},\"sameAs\":[\"https:\\\/\\\/www.facebook.com\\\/sinchirape\\\/\",\"https:\\\/\\\/www.instagram.com\\\/sinchi_rape\\\/\"]}]}<\/script>\n<!-- \/ Yoast SEO plugin. -->","yoast_head_json":{"title":"Kup Sananga: krople do oczu przodk\u00f3w plemion amazo\u0144skich","description":"Kup Sananga: W Amazonii Sananga by\u0142a u\u017cywana przez plemiona od tysi\u0119cy lat do wzmacniania wzroku na wszystkich poziomach.","robots":{"index":"index","follow":"follow","max-snippet":"max-snippet:-1","max-image-preview":"max-image-preview:large","max-video-preview":"max-video-preview:-1"},"canonical":"https:\/\/www.sinchisinchi.com\/pl\/producto\/sananga-kup\/","og_locale":"pl_PL","og_type":"article","og_title":"Kup Sananga: krople do oczu przodk\u00f3w plemion amazo\u0144skich","og_description":"Kup Sananga: W Amazonii Sananga by\u0142a u\u017cywana przez plemiona od tysi\u0119cy lat do wzmacniania wzroku na wszystkich poziomach.","og_url":"https:\/\/www.sinchisinchi.com\/pl\/producto\/sananga-kup\/","og_site_name":"SINCHI RAP\u00c9","article_publisher":"https:\/\/www.facebook.com\/sinchirape\/","article_modified_time":"2026-04-29T10:54:37+00:00","og_image":[{"width":700,"height":700,"url":"https:\/\/www.sinchisinchi.com\/wp-content\/uploads\/2018\/12\/3IR0008.jpg","type":"image\/jpeg"}],"twitter_card":"summary_large_image","twitter_misc":{"Szacowany czas czytania":"5 minut"},"schema":{"@context":"https:\/\/schema.org","@graph":[{"@type":"WebPage","@id":"https:\/\/www.sinchisinchi.com\/pl\/producto\/sananga-kup\/","url":"https:\/\/www.sinchisinchi.com\/pl\/producto\/sananga-kup\/","name":"Kup Sananga: krople do oczu przodk\u00f3w plemion amazo\u0144skich","isPartOf":{"@id":"https:\/\/www.sinchisinchi.com\/pl\/#website"},"primaryImageOfPage":{"@id":"https:\/\/www.sinchisinchi.com\/pl\/producto\/sananga-kup\/#primaryimage"},"image":{"@id":"https:\/\/www.sinchisinchi.com\/pl\/producto\/sananga-kup\/#primaryimage"},"thumbnailUrl":"https:\/\/www.sinchisinchi.com\/wp-content\/uploads\/2018\/12\/3IR0008.jpg","datePublished":"2018-12-09T01:14:50+00:00","dateModified":"2026-04-29T10:54:37+00:00","description":"Kup Sananga: W Amazonii Sananga by\u0142a u\u017cywana przez plemiona od tysi\u0119cy lat do wzmacniania wzroku na wszystkich poziomach.","breadcrumb":{"@id":"https:\/\/www.sinchisinchi.com\/pl\/producto\/sananga-kup\/#breadcrumb"},"inLanguage":"pl-PL","potentialAction":[{"@type":"ReadAction","target":["https:\/\/www.sinchisinchi.com\/pl\/producto\/sananga-kup\/"]}]},{"@type":"ImageObject","inLanguage":"pl-PL","@id":"https:\/\/www.sinchisinchi.com\/pl\/producto\/sananga-kup\/#primaryimage","url":"https:\/\/www.sinchisinchi.com\/wp-content\/uploads\/2018\/12\/3IR0008.jpg","contentUrl":"https:\/\/www.sinchisinchi.com\/wp-content\/uploads\/2018\/12\/3IR0008.jpg","width":700,"height":700},{"@type":"BreadcrumbList","@id":"https:\/\/www.sinchisinchi.com\/pl\/producto\/sananga-kup\/#breadcrumb","itemListElement":[{"@type":"ListItem","position":1,"name":"Pierwsza strona","item":"https:\/\/www.sinchisinchi.com\/pl\/"},{"@type":"ListItem","position":2,"name":"Produkty","item":"https:\/\/www.sinchisinchi.com\/pl\/shop\/"},{"@type":"ListItem","position":3,"name":"Sananga"}]},{"@type":"WebSite","@id":"https:\/\/www.sinchisinchi.com\/pl\/#website","url":"https:\/\/www.sinchisinchi.com\/pl\/","name":"SINCHI","description":"Sinchi Medicine","publisher":{"@id":"https:\/\/www.sinchisinchi.com\/pl\/#organization"},"potentialAction":[{"@type":"SearchAction","target":{"@type":"EntryPoint","urlTemplate":"https:\/\/www.sinchisinchi.com\/pl\/?s={search_term_string}"},"query-input":{"@type":"PropertyValueSpecification","valueRequired":true,"valueName":"search_term_string"}}],"inLanguage":"pl-PL"},{"@type":"Organization","@id":"https:\/\/www.sinchisinchi.com\/pl\/#organization","name":"SINCHI S.L","url":"https:\/\/www.sinchisinchi.com\/pl\/","logo":{"@type":"ImageObject","inLanguage":"pl-PL","@id":"https:\/\/www.sinchisinchi.com\/pl\/#\/schema\/logo\/image\/","url":"https:\/\/www.sinchisinchi.com\/wp-content\/uploads\/2026\/01\/3b-Verde-SIMPLIFICADO-HORIZONTAL-F-TRANSPARENTE-scaled.png","contentUrl":"https:\/\/www.sinchisinchi.com\/wp-content\/uploads\/2026\/01\/3b-Verde-SIMPLIFICADO-HORIZONTAL-F-TRANSPARENTE-scaled.png","width":2560,"height":457,"caption":"SINCHI S.L"},"image":{"@id":"https:\/\/www.sinchisinchi.com\/pl\/#\/schema\/logo\/image\/"},"sameAs":["https:\/\/www.facebook.com\/sinchirape\/","https:\/\/www.instagram.com\/sinchi_rape\/"]}]}},"_links":{"self":[{"href":"https:\/\/www.sinchisinchi.com\/pl\/wp-json\/wp\/v2\/product\/7981","targetHints":{"allow":["GET"]}}],"collection":[{"href":"https:\/\/www.sinchisinchi.com\/pl\/wp-json\/wp\/v2\/product"}],"about":[{"href":"https:\/\/www.sinchisinchi.com\/pl\/wp-json\/wp\/v2\/types\/product"}],"wp:featuredmedia":[{"embeddable":true,"href":"https:\/\/www.sinchisinchi.com\/pl\/wp-json\/wp\/v2\/media\/12334"}],"wp:attachment":[{"href":"https:\/\/www.sinchisinchi.com\/pl\/wp-json\/wp\/v2\/media?parent=7981"}],"wp:term":[{"taxonomy":"product_brand","embeddable":true,"href":"https:\/\/www.sinchisinchi.com\/pl\/wp-json\/wp\/v2\/product_brand?post=7981"},{"taxonomy":"product_cat","embeddable":true,"href":"https:\/\/www.sinchisinchi.com\/pl\/wp-json\/wp\/v2\/product_cat?post=7981"},{"taxonomy":"product_tag","embeddable":true,"href":"https:\/\/www.sinchisinchi.com\/pl\/wp-json\/wp\/v2\/product_tag?post=7981"}],"curies":[{"name":"wp","href":"https:\/\/api.w.org\/{rel}","templated":true}]}}