{"id":8145,"date":"2023-02-25T21:28:28","date_gmt":"2023-02-25T21:28:28","guid":{"rendered":"https:\/\/www.sinchisinchi.com\/producto\/tepi-aplikator-rape\/"},"modified":"2024-04-19T08:11:05","modified_gmt":"2024-04-19T08:11:05","slug":"tepi-aplikator-rape","status":"publish","type":"product","link":"https:\/\/www.sinchisinchi.com\/pl\/producto\/tepi-aplikator-rape\/","title":{"rendered":"Zielony Tepi"},"content":{"rendered":"<h2 style=\"text-align: center;\">Jak wed\u0142ug tradycji przyjmowa\u0107 rodowe Rap\u00e9?<\/h2>\n<p>Rap\u00e9 nigdy nie wdycha si\u0119 ani nie wci\u0105ga, lecz wyrzuca j\u0105 przez dmuchanie; Jest to lekarstwo \u017cywio\u0142u wiatru, a zastosowanie ciosu jest niezb\u0119dne do uzyskania po\u017c\u0105danego efektu.<\/p>\n<p>Rap\u00e9 zawsze nak\u0142ada si\u0119 na oba nozdrza, aby zr\u00f3wnowa\u017cy\u0107 dwa meridiany cia\u0142a; lewa, kojarzona z tym, co kobiece i intuicyjne, oraz prawa, zwi\u0105zana z tym, co m\u0119skie i racjonalne. W niekt\u00f3rych tradycjach lewa strona reprezentuje \u015bmier\u0107, a prawa strona \u017cycie, wi\u0119c stosuj\u0105 to w tej kolejno\u015bci.<\/p>\n<p>Rap\u00e9 to portal po\u0142\u0105czenia, kt\u00f3ry pomaga nam nawi\u0105za\u0107 kontakt z bardziej subtelnymi polami i przyci\u0105gn\u0105\u0107 lub zmaterializowa\u0107 rzeczywisto\u015b\u0107, z kt\u00f3r\u0105 si\u0119 \u0142\u0105czymy; Dlatego najwa\u017cniejsze jest, aby podczas u\u017cytkowania wibrowa\u0107 pozytywnie i jasno.<\/p>\n","protected":false},"excerpt":{"rendered":"<p>Tepi emaliowane i ozdobione zielon\u0105 nici\u0105, z drobnymi wyko\u0144czeniami i idealnymi wymiarami dla wygodnego i harmonijnego u\u017cytkowania.<\/p>\n<p>Tepi to d\u0142ugi projektor, u\u017cywany do projekcji Rap\u00e9 na inn\u0105 osob\u0119.<\/p>\n<p>Rzucanie Rap\u00e9 na inn\u0105 osob\u0119 wi\u0105\u017ce si\u0119 z pewn\u0105 odpowiedzialno\u015bci\u0105, poniewa\u017c zgodnie z tradycjami zachodzi silna wymiana energii, zw\u0142aszcza mi\u0119dzy osob\u0105, kt\u00f3ra j\u0105 aplikuje, a osob\u0105, kt\u00f3ra j\u0105 otrzymuje. Wa\u017cne jest, aby upewni\u0107 si\u0119, \u017ce bierzemy rap\u00e9 tylko od kogo\u015b, komu w pe\u0142ni ufamy i wiemy, \u017ce ma wobec nas dobre intencje.<\/p>\n","protected":false},"featured_media":28903,"template":"","meta":{"_joinchat":[]},"product_brand":[],"product_cat":[192],"product_tag":[],"class_list":{"0":"post-8145","1":"product","2":"type-product","3":"status-publish","4":"has-post-thumbnail","6":"product_cat-tepis-pl","8":"first","9":"instock","10":"taxable","11":"shipping-taxable","12":"purchasable","13":"product-type-simple"},"yoast_head":"<!-- This site is optimized with the Yoast SEO plugin v27.1.1 - https:\/\/yoast.com\/product\/yoast-seo-wordpress\/ -->\n<title>Green tepi: Kup aplikator Rap\u00e9 amazo\u0144skiej<\/title>\n<meta name=\"description\" content=\"Tepi do Rap\u00e9, emaliowane i ozdobione zielon\u0105 nici\u0105, z drobnymi wyko\u0144czeniami i idealnymi wymiarami dla wygodnego i harmonijnego u\u017cytkowania.\" \/>\n<meta name=\"robots\" content=\"index, follow, max-snippet:-1, max-image-preview:large, max-video-preview:-1\" \/>\n<link rel=\"canonical\" href=\"https:\/\/www.sinchisinchi.com\/pl\/producto\/tepi-aplikator-rape\/\" \/>\n<meta property=\"og:locale\" content=\"pl_PL\" \/>\n<meta property=\"og:type\" content=\"article\" \/>\n<meta property=\"og:title\" content=\"Green tepi: Kup aplikator Rap\u00e9 amazo\u0144skiej\" \/>\n<meta property=\"og:description\" content=\"Tepi do Rap\u00e9, emaliowane i ozdobione zielon\u0105 nici\u0105, z drobnymi wyko\u0144czeniami i idealnymi wymiarami dla wygodnego i harmonijnego u\u017cytkowania.\" \/>\n<meta property=\"og:url\" content=\"https:\/\/www.sinchisinchi.com\/pl\/producto\/tepi-aplikator-rape\/\" \/>\n<meta property=\"og:site_name\" content=\"SINCHI RAP\u00c9\" \/>\n<meta property=\"article:publisher\" content=\"https:\/\/www.facebook.com\/sinchirape\/\" \/>\n<meta property=\"article:modified_time\" content=\"2024-04-19T08:11:05+00:00\" \/>\n<meta property=\"og:image\" content=\"https:\/\/www.sinchisinchi.com\/wp-content\/uploads\/2023\/02\/2-Tepi-Tamarindo.jpg\" \/>\n\t<meta property=\"og:image:width\" content=\"900\" \/>\n\t<meta property=\"og:image:height\" content=\"600\" \/>\n\t<meta property=\"og:image:type\" content=\"image\/jpeg\" \/>\n<meta name=\"twitter:card\" content=\"summary_large_image\" \/>\n<meta name=\"twitter:label1\" content=\"Szacowany czas czytania\" \/>\n\t<meta name=\"twitter:data1\" content=\"1 minuta\" \/>\n<script type=\"application\/ld+json\" class=\"yoast-schema-graph\">{\"@context\":\"https:\/\/schema.org\",\"@graph\":[{\"@type\":\"WebPage\",\"@id\":\"https:\/\/www.sinchisinchi.com\/pl\/producto\/tepi-aplikator-rape\/\",\"url\":\"https:\/\/www.sinchisinchi.com\/pl\/producto\/tepi-aplikator-rape\/\",\"name\":\"Green tepi: Kup aplikator Rap\u00e9 amazo\u0144skiej\",\"isPartOf\":{\"@id\":\"https:\/\/www.sinchisinchi.com\/pl\/#website\"},\"primaryImageOfPage\":{\"@id\":\"https:\/\/www.sinchisinchi.com\/pl\/producto\/tepi-aplikator-rape\/#primaryimage\"},\"image\":{\"@id\":\"https:\/\/www.sinchisinchi.com\/pl\/producto\/tepi-aplikator-rape\/#primaryimage\"},\"thumbnailUrl\":\"https:\/\/www.sinchisinchi.com\/wp-content\/uploads\/2023\/02\/2-Tepi-Tamarindo.jpg\",\"datePublished\":\"2023-02-25T21:28:28+00:00\",\"dateModified\":\"2024-04-19T08:11:05+00:00\",\"description\":\"Tepi do Rap\u00e9, emaliowane i ozdobione zielon\u0105 nici\u0105, z drobnymi wyko\u0144czeniami i idealnymi wymiarami dla wygodnego i harmonijnego u\u017cytkowania.\",\"breadcrumb\":{\"@id\":\"https:\/\/www.sinchisinchi.com\/pl\/producto\/tepi-aplikator-rape\/#breadcrumb\"},\"inLanguage\":\"pl-PL\",\"potentialAction\":[{\"@type\":\"ReadAction\",\"target\":[\"https:\/\/www.sinchisinchi.com\/pl\/producto\/tepi-aplikator-rape\/\"]}]},{\"@type\":\"ImageObject\",\"inLanguage\":\"pl-PL\",\"@id\":\"https:\/\/www.sinchisinchi.com\/pl\/producto\/tepi-aplikator-rape\/#primaryimage\",\"url\":\"https:\/\/www.sinchisinchi.com\/wp-content\/uploads\/2023\/02\/2-Tepi-Tamarindo.jpg\",\"contentUrl\":\"https:\/\/www.sinchisinchi.com\/wp-content\/uploads\/2023\/02\/2-Tepi-Tamarindo.jpg\",\"width\":900,\"height\":600},{\"@type\":\"BreadcrumbList\",\"@id\":\"https:\/\/www.sinchisinchi.com\/pl\/producto\/tepi-aplikator-rape\/#breadcrumb\",\"itemListElement\":[{\"@type\":\"ListItem\",\"position\":1,\"name\":\"Pierwsza strona\",\"item\":\"https:\/\/www.sinchisinchi.com\/pl\/\"},{\"@type\":\"ListItem\",\"position\":2,\"name\":\"Produkty\",\"item\":\"https:\/\/www.sinchisinchi.com\/pl\/shop\/\"},{\"@type\":\"ListItem\",\"position\":3,\"name\":\"Zielony Tepi\"}]},{\"@type\":\"WebSite\",\"@id\":\"https:\/\/www.sinchisinchi.com\/pl\/#website\",\"url\":\"https:\/\/www.sinchisinchi.com\/pl\/\",\"name\":\"SINCHI\",\"description\":\"Sinchi Medicine\",\"publisher\":{\"@id\":\"https:\/\/www.sinchisinchi.com\/pl\/#organization\"},\"potentialAction\":[{\"@type\":\"SearchAction\",\"target\":{\"@type\":\"EntryPoint\",\"urlTemplate\":\"https:\/\/www.sinchisinchi.com\/pl\/?s={search_term_string}\"},\"query-input\":{\"@type\":\"PropertyValueSpecification\",\"valueRequired\":true,\"valueName\":\"search_term_string\"}}],\"inLanguage\":\"pl-PL\"},{\"@type\":\"Organization\",\"@id\":\"https:\/\/www.sinchisinchi.com\/pl\/#organization\",\"name\":\"SINCHI S.L\",\"url\":\"https:\/\/www.sinchisinchi.com\/pl\/\",\"logo\":{\"@type\":\"ImageObject\",\"inLanguage\":\"pl-PL\",\"@id\":\"https:\/\/www.sinchisinchi.com\/pl\/#\/schema\/logo\/image\/\",\"url\":\"https:\/\/www.sinchisinchi.com\/wp-content\/uploads\/2026\/01\/3b-Verde-SIMPLIFICADO-HORIZONTAL-F-TRANSPARENTE-scaled.png\",\"contentUrl\":\"https:\/\/www.sinchisinchi.com\/wp-content\/uploads\/2026\/01\/3b-Verde-SIMPLIFICADO-HORIZONTAL-F-TRANSPARENTE-scaled.png\",\"width\":2560,\"height\":457,\"caption\":\"SINCHI S.L\"},\"image\":{\"@id\":\"https:\/\/www.sinchisinchi.com\/pl\/#\/schema\/logo\/image\/\"},\"sameAs\":[\"https:\/\/www.facebook.com\/sinchirape\/\",\"https:\/\/www.instagram.com\/sinchi_rape\/\"]}]}<\/script>\n<!-- \/ Yoast SEO plugin. -->","yoast_head_json":{"title":"Green tepi: Kup aplikator Rap\u00e9 amazo\u0144skiej","description":"Tepi do Rap\u00e9, emaliowane i ozdobione zielon\u0105 nici\u0105, z drobnymi wyko\u0144czeniami i idealnymi wymiarami dla wygodnego i harmonijnego u\u017cytkowania.","robots":{"index":"index","follow":"follow","max-snippet":"max-snippet:-1","max-image-preview":"max-image-preview:large","max-video-preview":"max-video-preview:-1"},"canonical":"https:\/\/www.sinchisinchi.com\/pl\/producto\/tepi-aplikator-rape\/","og_locale":"pl_PL","og_type":"article","og_title":"Green tepi: Kup aplikator Rap\u00e9 amazo\u0144skiej","og_description":"Tepi do Rap\u00e9, emaliowane i ozdobione zielon\u0105 nici\u0105, z drobnymi wyko\u0144czeniami i idealnymi wymiarami dla wygodnego i harmonijnego u\u017cytkowania.","og_url":"https:\/\/www.sinchisinchi.com\/pl\/producto\/tepi-aplikator-rape\/","og_site_name":"SINCHI RAP\u00c9","article_publisher":"https:\/\/www.facebook.com\/sinchirape\/","article_modified_time":"2024-04-19T08:11:05+00:00","og_image":[{"width":900,"height":600,"url":"https:\/\/www.sinchisinchi.com\/wp-content\/uploads\/2023\/02\/2-Tepi-Tamarindo.jpg","type":"image\/jpeg"}],"twitter_card":"summary_large_image","twitter_misc":{"Szacowany czas czytania":"1 minuta"},"schema":{"@context":"https:\/\/schema.org","@graph":[{"@type":"WebPage","@id":"https:\/\/www.sinchisinchi.com\/pl\/producto\/tepi-aplikator-rape\/","url":"https:\/\/www.sinchisinchi.com\/pl\/producto\/tepi-aplikator-rape\/","name":"Green tepi: Kup aplikator Rap\u00e9 amazo\u0144skiej","isPartOf":{"@id":"https:\/\/www.sinchisinchi.com\/pl\/#website"},"primaryImageOfPage":{"@id":"https:\/\/www.sinchisinchi.com\/pl\/producto\/tepi-aplikator-rape\/#primaryimage"},"image":{"@id":"https:\/\/www.sinchisinchi.com\/pl\/producto\/tepi-aplikator-rape\/#primaryimage"},"thumbnailUrl":"https:\/\/www.sinchisinchi.com\/wp-content\/uploads\/2023\/02\/2-Tepi-Tamarindo.jpg","datePublished":"2023-02-25T21:28:28+00:00","dateModified":"2024-04-19T08:11:05+00:00","description":"Tepi do Rap\u00e9, emaliowane i ozdobione zielon\u0105 nici\u0105, z drobnymi wyko\u0144czeniami i idealnymi wymiarami dla wygodnego i harmonijnego u\u017cytkowania.","breadcrumb":{"@id":"https:\/\/www.sinchisinchi.com\/pl\/producto\/tepi-aplikator-rape\/#breadcrumb"},"inLanguage":"pl-PL","potentialAction":[{"@type":"ReadAction","target":["https:\/\/www.sinchisinchi.com\/pl\/producto\/tepi-aplikator-rape\/"]}]},{"@type":"ImageObject","inLanguage":"pl-PL","@id":"https:\/\/www.sinchisinchi.com\/pl\/producto\/tepi-aplikator-rape\/#primaryimage","url":"https:\/\/www.sinchisinchi.com\/wp-content\/uploads\/2023\/02\/2-Tepi-Tamarindo.jpg","contentUrl":"https:\/\/www.sinchisinchi.com\/wp-content\/uploads\/2023\/02\/2-Tepi-Tamarindo.jpg","width":900,"height":600},{"@type":"BreadcrumbList","@id":"https:\/\/www.sinchisinchi.com\/pl\/producto\/tepi-aplikator-rape\/#breadcrumb","itemListElement":[{"@type":"ListItem","position":1,"name":"Pierwsza strona","item":"https:\/\/www.sinchisinchi.com\/pl\/"},{"@type":"ListItem","position":2,"name":"Produkty","item":"https:\/\/www.sinchisinchi.com\/pl\/shop\/"},{"@type":"ListItem","position":3,"name":"Zielony Tepi"}]},{"@type":"WebSite","@id":"https:\/\/www.sinchisinchi.com\/pl\/#website","url":"https:\/\/www.sinchisinchi.com\/pl\/","name":"SINCHI","description":"Sinchi Medicine","publisher":{"@id":"https:\/\/www.sinchisinchi.com\/pl\/#organization"},"potentialAction":[{"@type":"SearchAction","target":{"@type":"EntryPoint","urlTemplate":"https:\/\/www.sinchisinchi.com\/pl\/?s={search_term_string}"},"query-input":{"@type":"PropertyValueSpecification","valueRequired":true,"valueName":"search_term_string"}}],"inLanguage":"pl-PL"},{"@type":"Organization","@id":"https:\/\/www.sinchisinchi.com\/pl\/#organization","name":"SINCHI S.L","url":"https:\/\/www.sinchisinchi.com\/pl\/","logo":{"@type":"ImageObject","inLanguage":"pl-PL","@id":"https:\/\/www.sinchisinchi.com\/pl\/#\/schema\/logo\/image\/","url":"https:\/\/www.sinchisinchi.com\/wp-content\/uploads\/2026\/01\/3b-Verde-SIMPLIFICADO-HORIZONTAL-F-TRANSPARENTE-scaled.png","contentUrl":"https:\/\/www.sinchisinchi.com\/wp-content\/uploads\/2026\/01\/3b-Verde-SIMPLIFICADO-HORIZONTAL-F-TRANSPARENTE-scaled.png","width":2560,"height":457,"caption":"SINCHI S.L"},"image":{"@id":"https:\/\/www.sinchisinchi.com\/pl\/#\/schema\/logo\/image\/"},"sameAs":["https:\/\/www.facebook.com\/sinchirape\/","https:\/\/www.instagram.com\/sinchi_rape\/"]}]}},"_links":{"self":[{"href":"https:\/\/www.sinchisinchi.com\/pl\/wp-json\/wp\/v2\/product\/8145","targetHints":{"allow":["GET"]}}],"collection":[{"href":"https:\/\/www.sinchisinchi.com\/pl\/wp-json\/wp\/v2\/product"}],"about":[{"href":"https:\/\/www.sinchisinchi.com\/pl\/wp-json\/wp\/v2\/types\/product"}],"wp:featuredmedia":[{"embeddable":true,"href":"https:\/\/www.sinchisinchi.com\/pl\/wp-json\/wp\/v2\/media\/28903"}],"wp:attachment":[{"href":"https:\/\/www.sinchisinchi.com\/pl\/wp-json\/wp\/v2\/media?parent=8145"}],"wp:term":[{"taxonomy":"product_brand","embeddable":true,"href":"https:\/\/www.sinchisinchi.com\/pl\/wp-json\/wp\/v2\/product_brand?post=8145"},{"taxonomy":"product_cat","embeddable":true,"href":"https:\/\/www.sinchisinchi.com\/pl\/wp-json\/wp\/v2\/product_cat?post=8145"},{"taxonomy":"product_tag","embeddable":true,"href":"https:\/\/www.sinchisinchi.com\/pl\/wp-json\/wp\/v2\/product_tag?post=8145"}],"curies":[{"name":"wp","href":"https:\/\/api.w.org\/{rel}","templated":true}]}}