{"id":8147,"date":"2018-11-21T23:04:56","date_gmt":"2018-11-21T23:04:56","guid":{"rendered":"https:\/\/www.sinchisinchi.com\/producto\/tepi-projektor-rape\/"},"modified":"2024-04-19T07:56:57","modified_gmt":"2024-04-19T07:56:57","slug":"tepi-projektor-rape","status":"publish","type":"product","link":"https:\/\/www.sinchisinchi.com\/pl\/producto\/tepi-projektor-rape\/","title":{"rendered":"Tepi &#8211; Projektor Rap\u00e9"},"content":{"rendered":"<h2 style=\"text-align: center;\">Korzystanie z Tepi: <strong>Jak stosowa\u0107 Rap\u00e9<\/strong><\/h2>\n<p>Istnieje kilka oddech\u00f3w, kt\u00f3re mo\u017cna zastosowa\u0107, zmieniaj\u0105c czas trwania, intensywno\u015b\u0107 i zamkni\u0119cie.<\/p>\n<p>Nale\u017cy unika\u0107 pomruk\u00f3w z przerwami, a tak\u017ce tych, kt\u00f3re s\u0105 bardzo mocne lub zbyt s\u0142abe; oddech powinien by\u0107 mi\u0142y i p\u0142ynny jak muzyczna melodia.<\/p>\n<p>Oddech u\u017cyty w projekcji i sam zwi\u0105zek, jaki mamy z medycyn\u0105, ma ogromny wp\u0142yw na efekt wlotu.<\/p>\n<p>Wed\u0142ug Huni Kuin lepiej unika\u0107 stosowania Rap\u00e9 wobec publiczno\u015bci, kt\u00f3ra nie wie o jego zastosowaniu; Mo\u017cesz otrzyma\u0107 negatywn\u0105 energi\u0119 od ka\u017cdego, kto obserwuje, nie wiedz\u0105c, \u017ce jest to \u015bwi\u0119te lekarstwo, myl\u0105c j\u0105 z innymi nawykami.<\/p>\n<p>Lepiej unika\u0107 przyjmowania Rap\u00e9 pod s\u0142o\u0144cem, zw\u0142aszcza je\u015bli jest ono bardzo intensywne.<\/p>\n","protected":false},"excerpt":{"rendered":"<p>Tepi emaliowane i ozdobione zielon\u0105 nici\u0105, z drobnymi wyko\u0144czeniami i idealnymi wymiarami dla wygodnego i harmonijnego u\u017cytkowania.<\/p>\n<p>Tepi to d\u0142ugi projektor, u\u017cywany do projekcji Rap\u00e9 na inn\u0105 osob\u0119.<\/p>\n<p>Rzucanie rap\u00e9 na inn\u0105 osob\u0119 wi\u0105\u017ce si\u0119 z pewn\u0105 odpowiedzialno\u015bci\u0105, poniewa\u017c zgodnie z tradycjami zachodzi silna wymiana energii, zw\u0142aszcza mi\u0119dzy osob\u0105, kt\u00f3ra j\u0105 aplikuje, a osob\u0105, kt\u00f3ra j\u0105 otrzymuje.<\/p>\n<p>Wa\u017cne jest, aby upewni\u0107 si\u0119, \u017ce bierzemy tabak\u0119 tylko od kogo\u015b, komu w pe\u0142ni ufamy i wiemy, \u017ce ma wobec nas dobre intencje.<\/p>\n","protected":false},"featured_media":28895,"template":"","meta":{"_joinchat":[]},"product_brand":[],"product_cat":[192],"product_tag":[],"class_list":{"0":"post-8147","1":"product","2":"type-product","3":"status-publish","4":"has-post-thumbnail","6":"product_cat-tepis-pl","8":"first","9":"instock","10":"taxable","11":"shipping-taxable","12":"purchasable","13":"product-type-simple"},"yoast_head":"<!-- This site is optimized with the Yoast SEO plugin v27.1.1 - https:\/\/yoast.com\/product\/yoast-seo-wordpress\/ -->\n<title>Emaliowane Tepi: Kup aplikator Amazon Rap\u00e9<\/title>\n<meta name=\"description\" content=\"Tepi in legno, smaltato e decorato con filo verde, con finiture di pregio e misure ideali per un utilizzo comodo e armonioso.\" \/>\n<meta name=\"robots\" content=\"index, follow, max-snippet:-1, max-image-preview:large, max-video-preview:-1\" \/>\n<link rel=\"canonical\" href=\"https:\/\/www.sinchisinchi.com\/pl\/producto\/tepi-projektor-rape\/\" \/>\n<meta property=\"og:locale\" content=\"pl_PL\" \/>\n<meta property=\"og:type\" content=\"article\" \/>\n<meta property=\"og:title\" content=\"Emaliowane Tepi: Kup aplikator Amazon Rap\u00e9\" \/>\n<meta property=\"og:description\" content=\"Tepi in legno, smaltato e decorato con filo verde, con finiture di pregio e misure ideali per un utilizzo comodo e armonioso.\" \/>\n<meta property=\"og:url\" content=\"https:\/\/www.sinchisinchi.com\/pl\/producto\/tepi-projektor-rape\/\" \/>\n<meta property=\"og:site_name\" content=\"SINCHI RAP\u00c9\" \/>\n<meta property=\"article:publisher\" content=\"https:\/\/www.facebook.com\/sinchirape\/\" \/>\n<meta property=\"article:modified_time\" content=\"2024-04-19T07:56:57+00:00\" \/>\n<meta property=\"og:image\" content=\"https:\/\/www.sinchisinchi.com\/wp-content\/uploads\/2023\/02\/2-Tepi-Sawo-copia.jpg\" \/>\n\t<meta property=\"og:image:width\" content=\"900\" \/>\n\t<meta property=\"og:image:height\" content=\"600\" \/>\n\t<meta property=\"og:image:type\" content=\"image\/jpeg\" \/>\n<meta name=\"twitter:card\" content=\"summary_large_image\" \/>\n<meta name=\"twitter:label1\" content=\"Szacowany czas czytania\" \/>\n\t<meta name=\"twitter:data1\" content=\"1 minuta\" \/>\n<script type=\"application\/ld+json\" class=\"yoast-schema-graph\">{\"@context\":\"https:\/\/schema.org\",\"@graph\":[{\"@type\":\"WebPage\",\"@id\":\"https:\/\/www.sinchisinchi.com\/pl\/producto\/tepi-projektor-rape\/\",\"url\":\"https:\/\/www.sinchisinchi.com\/pl\/producto\/tepi-projektor-rape\/\",\"name\":\"Emaliowane Tepi: Kup aplikator Amazon Rap\u00e9\",\"isPartOf\":{\"@id\":\"https:\/\/www.sinchisinchi.com\/pl\/#website\"},\"primaryImageOfPage\":{\"@id\":\"https:\/\/www.sinchisinchi.com\/pl\/producto\/tepi-projektor-rape\/#primaryimage\"},\"image\":{\"@id\":\"https:\/\/www.sinchisinchi.com\/pl\/producto\/tepi-projektor-rape\/#primaryimage\"},\"thumbnailUrl\":\"https:\/\/www.sinchisinchi.com\/wp-content\/uploads\/2023\/02\/2-Tepi-Sawo-copia.jpg\",\"datePublished\":\"2018-11-21T23:04:56+00:00\",\"dateModified\":\"2024-04-19T07:56:57+00:00\",\"description\":\"Tepi in legno, smaltato e decorato con filo verde, con finiture di pregio e misure ideali per un utilizzo comodo e armonioso.\",\"breadcrumb\":{\"@id\":\"https:\/\/www.sinchisinchi.com\/pl\/producto\/tepi-projektor-rape\/#breadcrumb\"},\"inLanguage\":\"pl-PL\",\"potentialAction\":[{\"@type\":\"ReadAction\",\"target\":[\"https:\/\/www.sinchisinchi.com\/pl\/producto\/tepi-projektor-rape\/\"]}]},{\"@type\":\"ImageObject\",\"inLanguage\":\"pl-PL\",\"@id\":\"https:\/\/www.sinchisinchi.com\/pl\/producto\/tepi-projektor-rape\/#primaryimage\",\"url\":\"https:\/\/www.sinchisinchi.com\/wp-content\/uploads\/2023\/02\/2-Tepi-Sawo-copia.jpg\",\"contentUrl\":\"https:\/\/www.sinchisinchi.com\/wp-content\/uploads\/2023\/02\/2-Tepi-Sawo-copia.jpg\",\"width\":900,\"height\":600},{\"@type\":\"BreadcrumbList\",\"@id\":\"https:\/\/www.sinchisinchi.com\/pl\/producto\/tepi-projektor-rape\/#breadcrumb\",\"itemListElement\":[{\"@type\":\"ListItem\",\"position\":1,\"name\":\"Pierwsza strona\",\"item\":\"https:\/\/www.sinchisinchi.com\/pl\/\"},{\"@type\":\"ListItem\",\"position\":2,\"name\":\"Produkty\",\"item\":\"https:\/\/www.sinchisinchi.com\/pl\/shop\/\"},{\"@type\":\"ListItem\",\"position\":3,\"name\":\"Tepi &#8211; Projektor Rap\u00e9\"}]},{\"@type\":\"WebSite\",\"@id\":\"https:\/\/www.sinchisinchi.com\/pl\/#website\",\"url\":\"https:\/\/www.sinchisinchi.com\/pl\/\",\"name\":\"SINCHI\",\"description\":\"Sinchi Medicine\",\"publisher\":{\"@id\":\"https:\/\/www.sinchisinchi.com\/pl\/#organization\"},\"potentialAction\":[{\"@type\":\"SearchAction\",\"target\":{\"@type\":\"EntryPoint\",\"urlTemplate\":\"https:\/\/www.sinchisinchi.com\/pl\/?s={search_term_string}\"},\"query-input\":{\"@type\":\"PropertyValueSpecification\",\"valueRequired\":true,\"valueName\":\"search_term_string\"}}],\"inLanguage\":\"pl-PL\"},{\"@type\":\"Organization\",\"@id\":\"https:\/\/www.sinchisinchi.com\/pl\/#organization\",\"name\":\"SINCHI S.L\",\"url\":\"https:\/\/www.sinchisinchi.com\/pl\/\",\"logo\":{\"@type\":\"ImageObject\",\"inLanguage\":\"pl-PL\",\"@id\":\"https:\/\/www.sinchisinchi.com\/pl\/#\/schema\/logo\/image\/\",\"url\":\"https:\/\/www.sinchisinchi.com\/wp-content\/uploads\/2026\/01\/3b-Verde-SIMPLIFICADO-HORIZONTAL-F-TRANSPARENTE-scaled.png\",\"contentUrl\":\"https:\/\/www.sinchisinchi.com\/wp-content\/uploads\/2026\/01\/3b-Verde-SIMPLIFICADO-HORIZONTAL-F-TRANSPARENTE-scaled.png\",\"width\":2560,\"height\":457,\"caption\":\"SINCHI S.L\"},\"image\":{\"@id\":\"https:\/\/www.sinchisinchi.com\/pl\/#\/schema\/logo\/image\/\"},\"sameAs\":[\"https:\/\/www.facebook.com\/sinchirape\/\",\"https:\/\/www.instagram.com\/sinchi_rape\/\"]}]}<\/script>\n<!-- \/ Yoast SEO plugin. -->","yoast_head_json":{"title":"Emaliowane Tepi: Kup aplikator Amazon Rap\u00e9","description":"Tepi in legno, smaltato e decorato con filo verde, con finiture di pregio e misure ideali per un utilizzo comodo e armonioso.","robots":{"index":"index","follow":"follow","max-snippet":"max-snippet:-1","max-image-preview":"max-image-preview:large","max-video-preview":"max-video-preview:-1"},"canonical":"https:\/\/www.sinchisinchi.com\/pl\/producto\/tepi-projektor-rape\/","og_locale":"pl_PL","og_type":"article","og_title":"Emaliowane Tepi: Kup aplikator Amazon Rap\u00e9","og_description":"Tepi in legno, smaltato e decorato con filo verde, con finiture di pregio e misure ideali per un utilizzo comodo e armonioso.","og_url":"https:\/\/www.sinchisinchi.com\/pl\/producto\/tepi-projektor-rape\/","og_site_name":"SINCHI RAP\u00c9","article_publisher":"https:\/\/www.facebook.com\/sinchirape\/","article_modified_time":"2024-04-19T07:56:57+00:00","og_image":[{"width":900,"height":600,"url":"https:\/\/www.sinchisinchi.com\/wp-content\/uploads\/2023\/02\/2-Tepi-Sawo-copia.jpg","type":"image\/jpeg"}],"twitter_card":"summary_large_image","twitter_misc":{"Szacowany czas czytania":"1 minuta"},"schema":{"@context":"https:\/\/schema.org","@graph":[{"@type":"WebPage","@id":"https:\/\/www.sinchisinchi.com\/pl\/producto\/tepi-projektor-rape\/","url":"https:\/\/www.sinchisinchi.com\/pl\/producto\/tepi-projektor-rape\/","name":"Emaliowane Tepi: Kup aplikator Amazon Rap\u00e9","isPartOf":{"@id":"https:\/\/www.sinchisinchi.com\/pl\/#website"},"primaryImageOfPage":{"@id":"https:\/\/www.sinchisinchi.com\/pl\/producto\/tepi-projektor-rape\/#primaryimage"},"image":{"@id":"https:\/\/www.sinchisinchi.com\/pl\/producto\/tepi-projektor-rape\/#primaryimage"},"thumbnailUrl":"https:\/\/www.sinchisinchi.com\/wp-content\/uploads\/2023\/02\/2-Tepi-Sawo-copia.jpg","datePublished":"2018-11-21T23:04:56+00:00","dateModified":"2024-04-19T07:56:57+00:00","description":"Tepi in legno, smaltato e decorato con filo verde, con finiture di pregio e misure ideali per un utilizzo comodo e armonioso.","breadcrumb":{"@id":"https:\/\/www.sinchisinchi.com\/pl\/producto\/tepi-projektor-rape\/#breadcrumb"},"inLanguage":"pl-PL","potentialAction":[{"@type":"ReadAction","target":["https:\/\/www.sinchisinchi.com\/pl\/producto\/tepi-projektor-rape\/"]}]},{"@type":"ImageObject","inLanguage":"pl-PL","@id":"https:\/\/www.sinchisinchi.com\/pl\/producto\/tepi-projektor-rape\/#primaryimage","url":"https:\/\/www.sinchisinchi.com\/wp-content\/uploads\/2023\/02\/2-Tepi-Sawo-copia.jpg","contentUrl":"https:\/\/www.sinchisinchi.com\/wp-content\/uploads\/2023\/02\/2-Tepi-Sawo-copia.jpg","width":900,"height":600},{"@type":"BreadcrumbList","@id":"https:\/\/www.sinchisinchi.com\/pl\/producto\/tepi-projektor-rape\/#breadcrumb","itemListElement":[{"@type":"ListItem","position":1,"name":"Pierwsza strona","item":"https:\/\/www.sinchisinchi.com\/pl\/"},{"@type":"ListItem","position":2,"name":"Produkty","item":"https:\/\/www.sinchisinchi.com\/pl\/shop\/"},{"@type":"ListItem","position":3,"name":"Tepi &#8211; Projektor Rap\u00e9"}]},{"@type":"WebSite","@id":"https:\/\/www.sinchisinchi.com\/pl\/#website","url":"https:\/\/www.sinchisinchi.com\/pl\/","name":"SINCHI","description":"Sinchi Medicine","publisher":{"@id":"https:\/\/www.sinchisinchi.com\/pl\/#organization"},"potentialAction":[{"@type":"SearchAction","target":{"@type":"EntryPoint","urlTemplate":"https:\/\/www.sinchisinchi.com\/pl\/?s={search_term_string}"},"query-input":{"@type":"PropertyValueSpecification","valueRequired":true,"valueName":"search_term_string"}}],"inLanguage":"pl-PL"},{"@type":"Organization","@id":"https:\/\/www.sinchisinchi.com\/pl\/#organization","name":"SINCHI S.L","url":"https:\/\/www.sinchisinchi.com\/pl\/","logo":{"@type":"ImageObject","inLanguage":"pl-PL","@id":"https:\/\/www.sinchisinchi.com\/pl\/#\/schema\/logo\/image\/","url":"https:\/\/www.sinchisinchi.com\/wp-content\/uploads\/2026\/01\/3b-Verde-SIMPLIFICADO-HORIZONTAL-F-TRANSPARENTE-scaled.png","contentUrl":"https:\/\/www.sinchisinchi.com\/wp-content\/uploads\/2026\/01\/3b-Verde-SIMPLIFICADO-HORIZONTAL-F-TRANSPARENTE-scaled.png","width":2560,"height":457,"caption":"SINCHI S.L"},"image":{"@id":"https:\/\/www.sinchisinchi.com\/pl\/#\/schema\/logo\/image\/"},"sameAs":["https:\/\/www.facebook.com\/sinchirape\/","https:\/\/www.instagram.com\/sinchi_rape\/"]}]}},"_links":{"self":[{"href":"https:\/\/www.sinchisinchi.com\/pl\/wp-json\/wp\/v2\/product\/8147","targetHints":{"allow":["GET"]}}],"collection":[{"href":"https:\/\/www.sinchisinchi.com\/pl\/wp-json\/wp\/v2\/product"}],"about":[{"href":"https:\/\/www.sinchisinchi.com\/pl\/wp-json\/wp\/v2\/types\/product"}],"wp:featuredmedia":[{"embeddable":true,"href":"https:\/\/www.sinchisinchi.com\/pl\/wp-json\/wp\/v2\/media\/28895"}],"wp:attachment":[{"href":"https:\/\/www.sinchisinchi.com\/pl\/wp-json\/wp\/v2\/media?parent=8147"}],"wp:term":[{"taxonomy":"product_brand","embeddable":true,"href":"https:\/\/www.sinchisinchi.com\/pl\/wp-json\/wp\/v2\/product_brand?post=8147"},{"taxonomy":"product_cat","embeddable":true,"href":"https:\/\/www.sinchisinchi.com\/pl\/wp-json\/wp\/v2\/product_cat?post=8147"},{"taxonomy":"product_tag","embeddable":true,"href":"https:\/\/www.sinchisinchi.com\/pl\/wp-json\/wp\/v2\/product_tag?post=8147"}],"curies":[{"name":"wp","href":"https:\/\/api.w.org\/{rel}","templated":true}]}}