{"id":8229,"date":"2023-12-07T23:56:25","date_gmt":"2023-12-07T23:56:25","guid":{"rendered":"https:\/\/www.sinchisinchi.com\/producto\/zwiazany-medrzec-bialo-kalifornijski\/"},"modified":"2023-12-13T13:10:37","modified_gmt":"2023-12-13T13:10:37","slug":"zwiazany-medrzec-bialo-kalifornijski","status":"publish","type":"product","link":"https:\/\/www.sinchisinchi.com\/pl\/producto\/zwiazany-medrzec-bialo-kalifornijski\/","title":{"rendered":"bia\u0142a sza\u0142wia"},"content":{"rendered":"<h2 style=\"text-align: center;\">P\u0119czek li\u015bci bia\u0142ej sza\u0142wii kalifornijskiej (Salvia apiana)<\/h2>\n","protected":false},"excerpt":{"rendered":"<p>P\u0119czek li\u015bci bia\u0142ej sza\u0142wii kalifornijskiej (Salvia apiana) przygotowanych do u\u017cycia jako kadzid\u0142o, starannie wyselekcjonowanych i pogrupowanych.<\/p>\n<p>&nbsp;<\/p>\n<p>Sza\u0142wia bia\u0142a kalifornijska (Salvia apiana) to gatunek sza\u0142wii wyst\u0119puj\u0105cy w po\u0142udniowo-zachodnich Stanach Zjednoczonych i p\u00f3\u0142nocno-zachodnim Meksyku. Ro\u015blina ta znana jest ze s\u0142odkiego i \u017cywicznego aromatu, a tak\u017ce tradycyjnego zastosowania w ceremoniach i rytua\u0142ach palenia.<\/p>\n<p>&nbsp;<\/p>\n<p>Salvia apiana to ro\u015blina wieloletnia, kt\u00f3ra ro\u015bnie w formie krzewu, ze srebrnymi li\u015b\u0107mi i spiralnymi bia\u0142ymi kwiatami. Ta odmiana sza\u0142wii po spaleniu wydziela charakterystyczny, s\u0142odko-\u017cywiczny aromat, ma silne w\u0142a\u015bciwo\u015bci oczyszczaj\u0105ce i ochronne.<\/p>\n<p>&nbsp;<\/p>\n<p>Plemiona india\u0144skie, szczeg\u00f3lnie te z po\u0142udniowo-zachodniego regionu Stan\u00f3w Zjednoczonych, od wiek\u00f3w u\u017cywa\u0142y Salvii apiana w swoich rytua\u0142ach. Ro\u015blina jest uwa\u017cana za \u015bwi\u0119t\u0105 i s\u0142u\u017cy do odp\u0119dzania z\u0142ej energii, oczyszczania przestrzeni i promowania duchowego po\u0142\u0105czenia.<\/p>\n","protected":false},"featured_media":8230,"template":"","meta":{"_joinchat":[]},"product_brand":[],"product_cat":[194],"product_tag":[],"class_list":{"0":"post-8229","1":"product","2":"type-product","3":"status-publish","4":"has-post-thumbnail","6":"product_cat-sage-pl","8":"first","9":"instock","10":"taxable","11":"shipping-taxable","12":"purchasable","13":"product-type-simple"},"yoast_head":"<!-- This site is optimized with the Yoast SEO plugin v27.1.1 - https:\/\/yoast.com\/product\/yoast-seo-wordpress\/ -->\n<title>P\u0119czek kalifornijskiej bia\u0142ej sza\u0142wii: Shamanic Sahumerios<\/title>\n<meta name=\"description\" content=\"P\u0119czek li\u015bci bia\u0142ej sza\u0142wii kalifornijskiej (Salvia apiana) przygotowanych do u\u017cycia jako kadzid\u0142o, starannie wyselekcjonowanych i pogrupowanych.\" \/>\n<meta name=\"robots\" content=\"index, follow, max-snippet:-1, max-image-preview:large, max-video-preview:-1\" \/>\n<link rel=\"canonical\" href=\"https:\/\/www.sinchisinchi.com\/pl\/producto\/zwiazany-medrzec-bialo-kalifornijski\/\" \/>\n<meta property=\"og:locale\" content=\"pl_PL\" \/>\n<meta property=\"og:type\" content=\"article\" \/>\n<meta property=\"og:title\" content=\"P\u0119czek kalifornijskiej bia\u0142ej sza\u0142wii: Shamanic Sahumerios\" \/>\n<meta property=\"og:description\" content=\"P\u0119czek li\u015bci bia\u0142ej sza\u0142wii kalifornijskiej (Salvia apiana) przygotowanych do u\u017cycia jako kadzid\u0142o, starannie wyselekcjonowanych i pogrupowanych.\" \/>\n<meta property=\"og:url\" content=\"https:\/\/www.sinchisinchi.com\/pl\/producto\/zwiazany-medrzec-bialo-kalifornijski\/\" \/>\n<meta property=\"og:site_name\" content=\"SINCHI RAP\u00c9\" \/>\n<meta property=\"article:publisher\" content=\"https:\/\/www.facebook.com\/sinchirape\/\" \/>\n<meta property=\"article:modified_time\" content=\"2023-12-13T13:10:37+00:00\" \/>\n<meta property=\"og:image\" content=\"https:\/\/www.sinchisinchi.com\/wp-content\/uploads\/2020\/06\/atado-de-salvia-blanca-californiana-fondo-blanqueado.jpg\" \/>\n\t<meta property=\"og:image:width\" content=\"800\" \/>\n\t<meta property=\"og:image:height\" content=\"800\" \/>\n\t<meta property=\"og:image:type\" content=\"image\/jpeg\" \/>\n<meta name=\"twitter:card\" content=\"summary_large_image\" \/>\n<script type=\"application\/ld+json\" class=\"yoast-schema-graph\">{\"@context\":\"https:\/\/schema.org\",\"@graph\":[{\"@type\":\"WebPage\",\"@id\":\"https:\/\/www.sinchisinchi.com\/pl\/producto\/zwiazany-medrzec-bialo-kalifornijski\/\",\"url\":\"https:\/\/www.sinchisinchi.com\/pl\/producto\/zwiazany-medrzec-bialo-kalifornijski\/\",\"name\":\"P\u0119czek kalifornijskiej bia\u0142ej sza\u0142wii: Shamanic Sahumerios\",\"isPartOf\":{\"@id\":\"https:\/\/www.sinchisinchi.com\/pl\/#website\"},\"primaryImageOfPage\":{\"@id\":\"https:\/\/www.sinchisinchi.com\/pl\/producto\/zwiazany-medrzec-bialo-kalifornijski\/#primaryimage\"},\"image\":{\"@id\":\"https:\/\/www.sinchisinchi.com\/pl\/producto\/zwiazany-medrzec-bialo-kalifornijski\/#primaryimage\"},\"thumbnailUrl\":\"https:\/\/www.sinchisinchi.com\/wp-content\/uploads\/2020\/06\/atado-de-salvia-blanca-californiana-fondo-blanqueado.jpg\",\"datePublished\":\"2023-12-07T23:56:25+00:00\",\"dateModified\":\"2023-12-13T13:10:37+00:00\",\"description\":\"P\u0119czek li\u015bci bia\u0142ej sza\u0142wii kalifornijskiej (Salvia apiana) przygotowanych do u\u017cycia jako kadzid\u0142o, starannie wyselekcjonowanych i pogrupowanych.\",\"breadcrumb\":{\"@id\":\"https:\/\/www.sinchisinchi.com\/pl\/producto\/zwiazany-medrzec-bialo-kalifornijski\/#breadcrumb\"},\"inLanguage\":\"pl-PL\",\"potentialAction\":[{\"@type\":\"ReadAction\",\"target\":[\"https:\/\/www.sinchisinchi.com\/pl\/producto\/zwiazany-medrzec-bialo-kalifornijski\/\"]}]},{\"@type\":\"ImageObject\",\"inLanguage\":\"pl-PL\",\"@id\":\"https:\/\/www.sinchisinchi.com\/pl\/producto\/zwiazany-medrzec-bialo-kalifornijski\/#primaryimage\",\"url\":\"https:\/\/www.sinchisinchi.com\/wp-content\/uploads\/2020\/06\/atado-de-salvia-blanca-californiana-fondo-blanqueado.jpg\",\"contentUrl\":\"https:\/\/www.sinchisinchi.com\/wp-content\/uploads\/2020\/06\/atado-de-salvia-blanca-californiana-fondo-blanqueado.jpg\",\"width\":800,\"height\":800},{\"@type\":\"BreadcrumbList\",\"@id\":\"https:\/\/www.sinchisinchi.com\/pl\/producto\/zwiazany-medrzec-bialo-kalifornijski\/#breadcrumb\",\"itemListElement\":[{\"@type\":\"ListItem\",\"position\":1,\"name\":\"Pierwsza strona\",\"item\":\"https:\/\/www.sinchisinchi.com\/pl\/\"},{\"@type\":\"ListItem\",\"position\":2,\"name\":\"Produkty\",\"item\":\"https:\/\/www.sinchisinchi.com\/pl\/shop\/\"},{\"@type\":\"ListItem\",\"position\":3,\"name\":\"bia\u0142a sza\u0142wia\"}]},{\"@type\":\"WebSite\",\"@id\":\"https:\/\/www.sinchisinchi.com\/pl\/#website\",\"url\":\"https:\/\/www.sinchisinchi.com\/pl\/\",\"name\":\"SINCHI\",\"description\":\"Sinchi Medicine\",\"publisher\":{\"@id\":\"https:\/\/www.sinchisinchi.com\/pl\/#organization\"},\"potentialAction\":[{\"@type\":\"SearchAction\",\"target\":{\"@type\":\"EntryPoint\",\"urlTemplate\":\"https:\/\/www.sinchisinchi.com\/pl\/?s={search_term_string}\"},\"query-input\":{\"@type\":\"PropertyValueSpecification\",\"valueRequired\":true,\"valueName\":\"search_term_string\"}}],\"inLanguage\":\"pl-PL\"},{\"@type\":\"Organization\",\"@id\":\"https:\/\/www.sinchisinchi.com\/pl\/#organization\",\"name\":\"SINCHI S.L\",\"url\":\"https:\/\/www.sinchisinchi.com\/pl\/\",\"logo\":{\"@type\":\"ImageObject\",\"inLanguage\":\"pl-PL\",\"@id\":\"https:\/\/www.sinchisinchi.com\/pl\/#\/schema\/logo\/image\/\",\"url\":\"https:\/\/www.sinchisinchi.com\/wp-content\/uploads\/2026\/01\/3b-Verde-SIMPLIFICADO-HORIZONTAL-F-TRANSPARENTE-scaled.png\",\"contentUrl\":\"https:\/\/www.sinchisinchi.com\/wp-content\/uploads\/2026\/01\/3b-Verde-SIMPLIFICADO-HORIZONTAL-F-TRANSPARENTE-scaled.png\",\"width\":2560,\"height\":457,\"caption\":\"SINCHI S.L\"},\"image\":{\"@id\":\"https:\/\/www.sinchisinchi.com\/pl\/#\/schema\/logo\/image\/\"},\"sameAs\":[\"https:\/\/www.facebook.com\/sinchirape\/\",\"https:\/\/www.instagram.com\/sinchi_rape\/\"]}]}<\/script>\n<!-- \/ Yoast SEO plugin. -->","yoast_head_json":{"title":"P\u0119czek kalifornijskiej bia\u0142ej sza\u0142wii: Shamanic Sahumerios","description":"P\u0119czek li\u015bci bia\u0142ej sza\u0142wii kalifornijskiej (Salvia apiana) przygotowanych do u\u017cycia jako kadzid\u0142o, starannie wyselekcjonowanych i pogrupowanych.","robots":{"index":"index","follow":"follow","max-snippet":"max-snippet:-1","max-image-preview":"max-image-preview:large","max-video-preview":"max-video-preview:-1"},"canonical":"https:\/\/www.sinchisinchi.com\/pl\/producto\/zwiazany-medrzec-bialo-kalifornijski\/","og_locale":"pl_PL","og_type":"article","og_title":"P\u0119czek kalifornijskiej bia\u0142ej sza\u0142wii: Shamanic Sahumerios","og_description":"P\u0119czek li\u015bci bia\u0142ej sza\u0142wii kalifornijskiej (Salvia apiana) przygotowanych do u\u017cycia jako kadzid\u0142o, starannie wyselekcjonowanych i pogrupowanych.","og_url":"https:\/\/www.sinchisinchi.com\/pl\/producto\/zwiazany-medrzec-bialo-kalifornijski\/","og_site_name":"SINCHI RAP\u00c9","article_publisher":"https:\/\/www.facebook.com\/sinchirape\/","article_modified_time":"2023-12-13T13:10:37+00:00","og_image":[{"width":800,"height":800,"url":"https:\/\/www.sinchisinchi.com\/wp-content\/uploads\/2020\/06\/atado-de-salvia-blanca-californiana-fondo-blanqueado.jpg","type":"image\/jpeg"}],"twitter_card":"summary_large_image","schema":{"@context":"https:\/\/schema.org","@graph":[{"@type":"WebPage","@id":"https:\/\/www.sinchisinchi.com\/pl\/producto\/zwiazany-medrzec-bialo-kalifornijski\/","url":"https:\/\/www.sinchisinchi.com\/pl\/producto\/zwiazany-medrzec-bialo-kalifornijski\/","name":"P\u0119czek kalifornijskiej bia\u0142ej sza\u0142wii: Shamanic Sahumerios","isPartOf":{"@id":"https:\/\/www.sinchisinchi.com\/pl\/#website"},"primaryImageOfPage":{"@id":"https:\/\/www.sinchisinchi.com\/pl\/producto\/zwiazany-medrzec-bialo-kalifornijski\/#primaryimage"},"image":{"@id":"https:\/\/www.sinchisinchi.com\/pl\/producto\/zwiazany-medrzec-bialo-kalifornijski\/#primaryimage"},"thumbnailUrl":"https:\/\/www.sinchisinchi.com\/wp-content\/uploads\/2020\/06\/atado-de-salvia-blanca-californiana-fondo-blanqueado.jpg","datePublished":"2023-12-07T23:56:25+00:00","dateModified":"2023-12-13T13:10:37+00:00","description":"P\u0119czek li\u015bci bia\u0142ej sza\u0142wii kalifornijskiej (Salvia apiana) przygotowanych do u\u017cycia jako kadzid\u0142o, starannie wyselekcjonowanych i pogrupowanych.","breadcrumb":{"@id":"https:\/\/www.sinchisinchi.com\/pl\/producto\/zwiazany-medrzec-bialo-kalifornijski\/#breadcrumb"},"inLanguage":"pl-PL","potentialAction":[{"@type":"ReadAction","target":["https:\/\/www.sinchisinchi.com\/pl\/producto\/zwiazany-medrzec-bialo-kalifornijski\/"]}]},{"@type":"ImageObject","inLanguage":"pl-PL","@id":"https:\/\/www.sinchisinchi.com\/pl\/producto\/zwiazany-medrzec-bialo-kalifornijski\/#primaryimage","url":"https:\/\/www.sinchisinchi.com\/wp-content\/uploads\/2020\/06\/atado-de-salvia-blanca-californiana-fondo-blanqueado.jpg","contentUrl":"https:\/\/www.sinchisinchi.com\/wp-content\/uploads\/2020\/06\/atado-de-salvia-blanca-californiana-fondo-blanqueado.jpg","width":800,"height":800},{"@type":"BreadcrumbList","@id":"https:\/\/www.sinchisinchi.com\/pl\/producto\/zwiazany-medrzec-bialo-kalifornijski\/#breadcrumb","itemListElement":[{"@type":"ListItem","position":1,"name":"Pierwsza strona","item":"https:\/\/www.sinchisinchi.com\/pl\/"},{"@type":"ListItem","position":2,"name":"Produkty","item":"https:\/\/www.sinchisinchi.com\/pl\/shop\/"},{"@type":"ListItem","position":3,"name":"bia\u0142a sza\u0142wia"}]},{"@type":"WebSite","@id":"https:\/\/www.sinchisinchi.com\/pl\/#website","url":"https:\/\/www.sinchisinchi.com\/pl\/","name":"SINCHI","description":"Sinchi Medicine","publisher":{"@id":"https:\/\/www.sinchisinchi.com\/pl\/#organization"},"potentialAction":[{"@type":"SearchAction","target":{"@type":"EntryPoint","urlTemplate":"https:\/\/www.sinchisinchi.com\/pl\/?s={search_term_string}"},"query-input":{"@type":"PropertyValueSpecification","valueRequired":true,"valueName":"search_term_string"}}],"inLanguage":"pl-PL"},{"@type":"Organization","@id":"https:\/\/www.sinchisinchi.com\/pl\/#organization","name":"SINCHI S.L","url":"https:\/\/www.sinchisinchi.com\/pl\/","logo":{"@type":"ImageObject","inLanguage":"pl-PL","@id":"https:\/\/www.sinchisinchi.com\/pl\/#\/schema\/logo\/image\/","url":"https:\/\/www.sinchisinchi.com\/wp-content\/uploads\/2026\/01\/3b-Verde-SIMPLIFICADO-HORIZONTAL-F-TRANSPARENTE-scaled.png","contentUrl":"https:\/\/www.sinchisinchi.com\/wp-content\/uploads\/2026\/01\/3b-Verde-SIMPLIFICADO-HORIZONTAL-F-TRANSPARENTE-scaled.png","width":2560,"height":457,"caption":"SINCHI S.L"},"image":{"@id":"https:\/\/www.sinchisinchi.com\/pl\/#\/schema\/logo\/image\/"},"sameAs":["https:\/\/www.facebook.com\/sinchirape\/","https:\/\/www.instagram.com\/sinchi_rape\/"]}]}},"_links":{"self":[{"href":"https:\/\/www.sinchisinchi.com\/pl\/wp-json\/wp\/v2\/product\/8229","targetHints":{"allow":["GET"]}}],"collection":[{"href":"https:\/\/www.sinchisinchi.com\/pl\/wp-json\/wp\/v2\/product"}],"about":[{"href":"https:\/\/www.sinchisinchi.com\/pl\/wp-json\/wp\/v2\/types\/product"}],"wp:featuredmedia":[{"embeddable":true,"href":"https:\/\/www.sinchisinchi.com\/pl\/wp-json\/wp\/v2\/media\/8230"}],"wp:attachment":[{"href":"https:\/\/www.sinchisinchi.com\/pl\/wp-json\/wp\/v2\/media?parent=8229"}],"wp:term":[{"taxonomy":"product_brand","embeddable":true,"href":"https:\/\/www.sinchisinchi.com\/pl\/wp-json\/wp\/v2\/product_brand?post=8229"},{"taxonomy":"product_cat","embeddable":true,"href":"https:\/\/www.sinchisinchi.com\/pl\/wp-json\/wp\/v2\/product_cat?post=8229"},{"taxonomy":"product_tag","embeddable":true,"href":"https:\/\/www.sinchisinchi.com\/pl\/wp-json\/wp\/v2\/product_tag?post=8229"}],"curies":[{"name":"wp","href":"https:\/\/api.w.org\/{rel}","templated":true}]}}