{"id":8234,"date":"2023-11-22T00:14:45","date_gmt":"2023-11-22T00:14:45","guid":{"rendered":"https:\/\/www.sinchisinchi.com\/producto\/patchouli\/"},"modified":"2024-07-05T10:53:08","modified_gmt":"2024-07-05T10:53:08","slug":"liscie-paczuli","status":"publish","type":"product","link":"https:\/\/www.sinchisinchi.com\/pl\/producto\/liscie-paczuli\/","title":{"rendered":"Patchouli"},"content":{"rendered":"<h2 style=\"text-align: center;\"><strong><span style=\"color: #000000;\">Ezoteryczne w\u0142a\u015bciwo\u015bci paczuli (Pogostemon cablin)<\/span><\/strong><\/h2>\n<p><span style=\"color: #000000;\">Paczula uznawana jest za ro\u015blin\u0119 o silnych w\u0142a\u015bciwo\u015bciach ochronnych. Ma tak\u017ce w\u0142a\u015bciwo\u015bci afrodyzjaku i wzmacnia wi\u0119zi emocjonalne.<\/span><\/p>\n<p><span style=\"color: #000000;\">Paczuli ze wzgl\u0119du na sw\u00f3j ziemisty aromat kojarzy si\u0119 ze stabilno\u015bci\u0105 i po\u0142\u0105czeniem z energi\u0105 ziemi. Promuj\u0105c jasno\u015b\u0107 umys\u0142u, jest doskona\u0142ym sprzymierze\u0144cem medytacji i u\u0142atwia po\u0142\u0105czenie z wy\u017cszymi stanami \u015bwiadomo\u015bci.<\/span><\/p>\n<p><span style=\"color: #000000;\">W r\u00f3\u017cnych kulturach paczula kojarzona jest tak\u017ce ze wzmacnianiem intuicji i \u0142\u0105czeniem si\u0119 z wewn\u0119trzn\u0105 m\u0105dro\u015bci\u0105.<\/span><\/p>\n","protected":false},"excerpt":{"rendered":"<p><span style=\"color: #000000;\">Suszone li\u015bcie paczuli. W r\u00f3\u017cnych kulturach paczula by\u0142a uwa\u017cana za wzmacniaj\u0105cy symbol dobrobytu i obfito\u015bci. Aromat paczuli jest ciep\u0142y, ziemisty, s\u0142odki i mocny.<\/span><\/p>\n<p><span style=\"color: #000000;\">Paczula (Pogostemon cablin) to krzewiaste zio\u0142o osi\u0105gaj\u0105ce 60\u201390 cm wysoko\u015bci, rosn\u0105ce w klimacie umiarkowanym i wilgotnym. Uprawia si\u0119 j\u0105 g\u0142\u00f3wnie w Azji Po\u0142udniowo-Wschodniej, zw\u0142aszcza w Indonezji, na Filipinach, w Malezji i Indiach.<\/span><\/p>\n","protected":false},"featured_media":15787,"template":"","meta":{"_joinchat":[]},"product_brand":[],"product_cat":[334,373],"product_tag":[],"class_list":{"0":"post-8234","1":"product","2":"type-product","3":"status-publish","4":"has-post-thumbnail","6":"product_cat-mirrowe","7":"product_cat-sandalowy","9":"first","10":"instock","11":"taxable","12":"shipping-taxable","13":"purchasable","14":"product-type-variable"},"yoast_head":"<!-- This site is optimized with the Yoast SEO plugin v27.1.1 - https:\/\/yoast.com\/product\/yoast-seo-wordpress\/ -->\n<title>Suszone li\u015bcie paczuli: sklep internetowy Sahumerios<\/title>\n<meta name=\"description\" content=\"Suszone li\u015bcie paczuli. Paczuli zwi\u0119ksza dobrobyt i obfito\u015b\u0107, a jej aromat paczuli jest ciep\u0142y, ziemisty, s\u0142odki i mocny.\" \/>\n<meta name=\"robots\" content=\"index, follow, max-snippet:-1, max-image-preview:large, max-video-preview:-1\" \/>\n<link rel=\"canonical\" href=\"https:\/\/www.sinchisinchi.com\/pl\/producto\/liscie-paczuli\/\" \/>\n<meta property=\"og:locale\" content=\"pl_PL\" \/>\n<meta property=\"og:type\" content=\"article\" \/>\n<meta property=\"og:title\" content=\"Suszone li\u015bcie paczuli: sklep internetowy Sahumerios\" \/>\n<meta property=\"og:description\" content=\"Suszone li\u015bcie paczuli. Paczuli zwi\u0119ksza dobrobyt i obfito\u015b\u0107, a jej aromat paczuli jest ciep\u0142y, ziemisty, s\u0142odki i mocny.\" \/>\n<meta property=\"og:url\" content=\"https:\/\/www.sinchisinchi.com\/pl\/producto\/liscie-paczuli\/\" \/>\n<meta property=\"og:site_name\" content=\"SINCHI RAP\u00c9\" \/>\n<meta property=\"article:publisher\" content=\"https:\/\/www.facebook.com\/sinchirape\/\" \/>\n<meta property=\"article:modified_time\" content=\"2024-07-05T10:53:08+00:00\" \/>\n<meta property=\"og:image\" content=\"https:\/\/www.sinchisinchi.com\/wp-content\/uploads\/2023\/11\/patchouli.png\" \/>\n\t<meta property=\"og:image:width\" content=\"600\" \/>\n\t<meta property=\"og:image:height\" content=\"600\" \/>\n\t<meta property=\"og:image:type\" content=\"image\/png\" \/>\n<meta name=\"twitter:card\" content=\"summary_large_image\" \/>\n<script type=\"application\/ld+json\" class=\"yoast-schema-graph\">{\"@context\":\"https:\/\/schema.org\",\"@graph\":[{\"@type\":\"WebPage\",\"@id\":\"https:\/\/www.sinchisinchi.com\/pl\/producto\/liscie-paczuli\/\",\"url\":\"https:\/\/www.sinchisinchi.com\/pl\/producto\/liscie-paczuli\/\",\"name\":\"Suszone li\u015bcie paczuli: sklep internetowy Sahumerios\",\"isPartOf\":{\"@id\":\"https:\/\/www.sinchisinchi.com\/pl\/#website\"},\"primaryImageOfPage\":{\"@id\":\"https:\/\/www.sinchisinchi.com\/pl\/producto\/liscie-paczuli\/#primaryimage\"},\"image\":{\"@id\":\"https:\/\/www.sinchisinchi.com\/pl\/producto\/liscie-paczuli\/#primaryimage\"},\"thumbnailUrl\":\"https:\/\/www.sinchisinchi.com\/wp-content\/uploads\/2023\/11\/patchouli.png\",\"datePublished\":\"2023-11-22T00:14:45+00:00\",\"dateModified\":\"2024-07-05T10:53:08+00:00\",\"description\":\"Suszone li\u015bcie paczuli. Paczuli zwi\u0119ksza dobrobyt i obfito\u015b\u0107, a jej aromat paczuli jest ciep\u0142y, ziemisty, s\u0142odki i mocny.\",\"breadcrumb\":{\"@id\":\"https:\/\/www.sinchisinchi.com\/pl\/producto\/liscie-paczuli\/#breadcrumb\"},\"inLanguage\":\"pl-PL\",\"potentialAction\":[{\"@type\":\"ReadAction\",\"target\":[\"https:\/\/www.sinchisinchi.com\/pl\/producto\/liscie-paczuli\/\"]}]},{\"@type\":\"ImageObject\",\"inLanguage\":\"pl-PL\",\"@id\":\"https:\/\/www.sinchisinchi.com\/pl\/producto\/liscie-paczuli\/#primaryimage\",\"url\":\"https:\/\/www.sinchisinchi.com\/wp-content\/uploads\/2023\/11\/patchouli.png\",\"contentUrl\":\"https:\/\/www.sinchisinchi.com\/wp-content\/uploads\/2023\/11\/patchouli.png\",\"width\":600,\"height\":600},{\"@type\":\"BreadcrumbList\",\"@id\":\"https:\/\/www.sinchisinchi.com\/pl\/producto\/liscie-paczuli\/#breadcrumb\",\"itemListElement\":[{\"@type\":\"ListItem\",\"position\":1,\"name\":\"Pierwsza strona\",\"item\":\"https:\/\/www.sinchisinchi.com\/pl\/\"},{\"@type\":\"ListItem\",\"position\":2,\"name\":\"Produkty\",\"item\":\"https:\/\/www.sinchisinchi.com\/pl\/shop\/\"},{\"@type\":\"ListItem\",\"position\":3,\"name\":\"Patchouli\"}]},{\"@type\":\"WebSite\",\"@id\":\"https:\/\/www.sinchisinchi.com\/pl\/#website\",\"url\":\"https:\/\/www.sinchisinchi.com\/pl\/\",\"name\":\"SINCHI\",\"description\":\"Sinchi Medicine\",\"publisher\":{\"@id\":\"https:\/\/www.sinchisinchi.com\/pl\/#organization\"},\"potentialAction\":[{\"@type\":\"SearchAction\",\"target\":{\"@type\":\"EntryPoint\",\"urlTemplate\":\"https:\/\/www.sinchisinchi.com\/pl\/?s={search_term_string}\"},\"query-input\":{\"@type\":\"PropertyValueSpecification\",\"valueRequired\":true,\"valueName\":\"search_term_string\"}}],\"inLanguage\":\"pl-PL\"},{\"@type\":\"Organization\",\"@id\":\"https:\/\/www.sinchisinchi.com\/pl\/#organization\",\"name\":\"SINCHI S.L\",\"url\":\"https:\/\/www.sinchisinchi.com\/pl\/\",\"logo\":{\"@type\":\"ImageObject\",\"inLanguage\":\"pl-PL\",\"@id\":\"https:\/\/www.sinchisinchi.com\/pl\/#\/schema\/logo\/image\/\",\"url\":\"https:\/\/www.sinchisinchi.com\/wp-content\/uploads\/2026\/01\/3b-Verde-SIMPLIFICADO-HORIZONTAL-F-TRANSPARENTE-scaled.png\",\"contentUrl\":\"https:\/\/www.sinchisinchi.com\/wp-content\/uploads\/2026\/01\/3b-Verde-SIMPLIFICADO-HORIZONTAL-F-TRANSPARENTE-scaled.png\",\"width\":2560,\"height\":457,\"caption\":\"SINCHI S.L\"},\"image\":{\"@id\":\"https:\/\/www.sinchisinchi.com\/pl\/#\/schema\/logo\/image\/\"},\"sameAs\":[\"https:\/\/www.facebook.com\/sinchirape\/\",\"https:\/\/www.instagram.com\/sinchi_rape\/\"]}]}<\/script>\n<!-- \/ Yoast SEO plugin. -->","yoast_head_json":{"title":"Suszone li\u015bcie paczuli: sklep internetowy Sahumerios","description":"Suszone li\u015bcie paczuli. Paczuli zwi\u0119ksza dobrobyt i obfito\u015b\u0107, a jej aromat paczuli jest ciep\u0142y, ziemisty, s\u0142odki i mocny.","robots":{"index":"index","follow":"follow","max-snippet":"max-snippet:-1","max-image-preview":"max-image-preview:large","max-video-preview":"max-video-preview:-1"},"canonical":"https:\/\/www.sinchisinchi.com\/pl\/producto\/liscie-paczuli\/","og_locale":"pl_PL","og_type":"article","og_title":"Suszone li\u015bcie paczuli: sklep internetowy Sahumerios","og_description":"Suszone li\u015bcie paczuli. Paczuli zwi\u0119ksza dobrobyt i obfito\u015b\u0107, a jej aromat paczuli jest ciep\u0142y, ziemisty, s\u0142odki i mocny.","og_url":"https:\/\/www.sinchisinchi.com\/pl\/producto\/liscie-paczuli\/","og_site_name":"SINCHI RAP\u00c9","article_publisher":"https:\/\/www.facebook.com\/sinchirape\/","article_modified_time":"2024-07-05T10:53:08+00:00","og_image":[{"width":600,"height":600,"url":"https:\/\/www.sinchisinchi.com\/wp-content\/uploads\/2023\/11\/patchouli.png","type":"image\/png"}],"twitter_card":"summary_large_image","schema":{"@context":"https:\/\/schema.org","@graph":[{"@type":"WebPage","@id":"https:\/\/www.sinchisinchi.com\/pl\/producto\/liscie-paczuli\/","url":"https:\/\/www.sinchisinchi.com\/pl\/producto\/liscie-paczuli\/","name":"Suszone li\u015bcie paczuli: sklep internetowy Sahumerios","isPartOf":{"@id":"https:\/\/www.sinchisinchi.com\/pl\/#website"},"primaryImageOfPage":{"@id":"https:\/\/www.sinchisinchi.com\/pl\/producto\/liscie-paczuli\/#primaryimage"},"image":{"@id":"https:\/\/www.sinchisinchi.com\/pl\/producto\/liscie-paczuli\/#primaryimage"},"thumbnailUrl":"https:\/\/www.sinchisinchi.com\/wp-content\/uploads\/2023\/11\/patchouli.png","datePublished":"2023-11-22T00:14:45+00:00","dateModified":"2024-07-05T10:53:08+00:00","description":"Suszone li\u015bcie paczuli. Paczuli zwi\u0119ksza dobrobyt i obfito\u015b\u0107, a jej aromat paczuli jest ciep\u0142y, ziemisty, s\u0142odki i mocny.","breadcrumb":{"@id":"https:\/\/www.sinchisinchi.com\/pl\/producto\/liscie-paczuli\/#breadcrumb"},"inLanguage":"pl-PL","potentialAction":[{"@type":"ReadAction","target":["https:\/\/www.sinchisinchi.com\/pl\/producto\/liscie-paczuli\/"]}]},{"@type":"ImageObject","inLanguage":"pl-PL","@id":"https:\/\/www.sinchisinchi.com\/pl\/producto\/liscie-paczuli\/#primaryimage","url":"https:\/\/www.sinchisinchi.com\/wp-content\/uploads\/2023\/11\/patchouli.png","contentUrl":"https:\/\/www.sinchisinchi.com\/wp-content\/uploads\/2023\/11\/patchouli.png","width":600,"height":600},{"@type":"BreadcrumbList","@id":"https:\/\/www.sinchisinchi.com\/pl\/producto\/liscie-paczuli\/#breadcrumb","itemListElement":[{"@type":"ListItem","position":1,"name":"Pierwsza strona","item":"https:\/\/www.sinchisinchi.com\/pl\/"},{"@type":"ListItem","position":2,"name":"Produkty","item":"https:\/\/www.sinchisinchi.com\/pl\/shop\/"},{"@type":"ListItem","position":3,"name":"Patchouli"}]},{"@type":"WebSite","@id":"https:\/\/www.sinchisinchi.com\/pl\/#website","url":"https:\/\/www.sinchisinchi.com\/pl\/","name":"SINCHI","description":"Sinchi Medicine","publisher":{"@id":"https:\/\/www.sinchisinchi.com\/pl\/#organization"},"potentialAction":[{"@type":"SearchAction","target":{"@type":"EntryPoint","urlTemplate":"https:\/\/www.sinchisinchi.com\/pl\/?s={search_term_string}"},"query-input":{"@type":"PropertyValueSpecification","valueRequired":true,"valueName":"search_term_string"}}],"inLanguage":"pl-PL"},{"@type":"Organization","@id":"https:\/\/www.sinchisinchi.com\/pl\/#organization","name":"SINCHI S.L","url":"https:\/\/www.sinchisinchi.com\/pl\/","logo":{"@type":"ImageObject","inLanguage":"pl-PL","@id":"https:\/\/www.sinchisinchi.com\/pl\/#\/schema\/logo\/image\/","url":"https:\/\/www.sinchisinchi.com\/wp-content\/uploads\/2026\/01\/3b-Verde-SIMPLIFICADO-HORIZONTAL-F-TRANSPARENTE-scaled.png","contentUrl":"https:\/\/www.sinchisinchi.com\/wp-content\/uploads\/2026\/01\/3b-Verde-SIMPLIFICADO-HORIZONTAL-F-TRANSPARENTE-scaled.png","width":2560,"height":457,"caption":"SINCHI S.L"},"image":{"@id":"https:\/\/www.sinchisinchi.com\/pl\/#\/schema\/logo\/image\/"},"sameAs":["https:\/\/www.facebook.com\/sinchirape\/","https:\/\/www.instagram.com\/sinchi_rape\/"]}]}},"_links":{"self":[{"href":"https:\/\/www.sinchisinchi.com\/pl\/wp-json\/wp\/v2\/product\/8234","targetHints":{"allow":["GET"]}}],"collection":[{"href":"https:\/\/www.sinchisinchi.com\/pl\/wp-json\/wp\/v2\/product"}],"about":[{"href":"https:\/\/www.sinchisinchi.com\/pl\/wp-json\/wp\/v2\/types\/product"}],"wp:featuredmedia":[{"embeddable":true,"href":"https:\/\/www.sinchisinchi.com\/pl\/wp-json\/wp\/v2\/media\/15787"}],"wp:attachment":[{"href":"https:\/\/www.sinchisinchi.com\/pl\/wp-json\/wp\/v2\/media?parent=8234"}],"wp:term":[{"taxonomy":"product_brand","embeddable":true,"href":"https:\/\/www.sinchisinchi.com\/pl\/wp-json\/wp\/v2\/product_brand?post=8234"},{"taxonomy":"product_cat","embeddable":true,"href":"https:\/\/www.sinchisinchi.com\/pl\/wp-json\/wp\/v2\/product_cat?post=8234"},{"taxonomy":"product_tag","embeddable":true,"href":"https:\/\/www.sinchisinchi.com\/pl\/wp-json\/wp\/v2\/product_tag?post=8234"}],"curies":[{"name":"wp","href":"https:\/\/api.w.org\/{rel}","templated":true}]}}