{"id":8237,"date":"2023-12-07T00:08:36","date_gmt":"2023-12-07T00:08:36","guid":{"rendered":"https:\/\/www.sinchisinchi.com\/producto\/szary-kopal\/"},"modified":"2024-07-05T10:55:05","modified_gmt":"2024-07-05T10:55:05","slug":"szary-kopal","status":"publish","type":"product","link":"https:\/\/www.sinchisinchi.com\/pl\/producto\/szary-kopal\/","title":{"rendered":"Szary Kopal"},"content":{"rendered":"<h2 style=\"text-align: center;\"><span style=\"color: #000000;\">Historia Kopal<\/span><\/h2>\n<p><span style=\"color: #000000;\">Po przybyciu do Ameryki Hiszpanie dowiedzieli si\u0119 o rodzimym zastosowaniu kopalu i odkryli, \u017ce jego aromat jest prawie taki sam jak aromat kadzid\u0142a u\u017cywanego w tym samym celu w Europie.<\/span><\/p>\n<p><span style=\"color: #000000;\">W tych przedhiszpa\u0144skich rytua\u0142ach ofiarowano bia\u0142\u0105 \u017cywic\u0119 kopalow\u0105 zar\u00f3wno w formie fizycznej, jak i w postaci dymu podczas spalania jako kadzid\u0142a.<\/span><\/p>\n<p><span style=\"color: #000000;\">W przedhiszpa\u0144skich kontekstach rytualnych bia\u0142\u0105 \u017cywic\u0119 kopalow\u0105 ofiarowano zar\u00f3wno fizycznie, jak i w postaci dymu, poprzez spalenie. Kopalowym dymem oddano cze\u015b\u0107 b\u00f3stwom i wzmocniono wi\u0119\u017a cz\u0142owieka z bogami.<\/span><\/p>\n<p><span style=\"color: #000000;\">Kap\u0142ani kilka razy dziennie palili kopalem postacie swoich bog\u00f3w, kieruj\u0105c dym w stron\u0119 czterech g\u0142\u00f3wnych kierunk\u00f3w \u015bwiata i s\u0142o\u0144ca.<\/span><\/p>\n<p><span style=\"color: #000000;\">Wed\u0142ug opowie\u015bci Hiszpan\u00f3w po ich przybyciu do Mezoameryki, kadzid\u0142o, kt\u00f3re znamy jako kopal, by\u0142o uwa\u017cane przez staro\u017cytnych Meksykan\u00f3w za boga o magicznych i religijnych mocach, kt\u00f3re czyni\u0142y go obro\u0144c\u0105. Nazwali go <strong>iztacteteo<\/strong>, co oznacza &#8222;bia\u0142ych bog\u00f3w\u201d, ze wzgl\u0119du na dym, jaki wytwarza, gdy spala si\u0119 go nad gor\u0105cym w\u0119glem.<\/span><\/p>\n<p><span style=\"color: #000000;\">Wed\u0142ug tych samych relacji ludzie za\u017cywali kopal bardzo cz\u0119sto, co najmniej dwa razy dziennie, raz rano i raz wieczorem. U\u017cywano go do sk\u0142adania ofiar bogom, do czyszczenia \u015bwi\u0105ty\u0144, podczas pogrzeb\u00f3w i ceremonii w celu proszenia o dobre zbiory.<\/span><\/p>\n<p><span style=\"color: #000000;\">Kopalu u\u017cywano tak\u017ce podczas uroczysto\u015bci po\u015bwi\u0119conych bogom daj\u0105cym deszcz, aby odda\u0107 cze\u015b\u0107 numenom kukurydzy i g\u0142\u00f3wnym bogom panteonu Nahua: <strong>Huitzilopochtli, Tezcatlipoca, Xiuhtecuhtli;<\/strong> Odprawiano rytua\u0142y z ofiarami i kopalem, aby sprzyja\u0107 dobremu polowaniu, rybo\u0142\u00f3wstwu, wydobywaniu drewna, \u017cywicy i kamienia z g\u00f3r, sadzeniu ro\u015blin w ogrodnictwie; uhonorowa\u0107 wojownik\u00f3w za ich zwyci\u0119stwa militarne itp.<\/span><\/p>\n<p><span style=\"color: #000000;\">I oczywi\u015bcie kopal odgrywa\u0142 g\u0142\u00f3wn\u0105 rol\u0119 w ka\u017cdej ceremonii lub rytuale.<\/span><\/p>\n<p><span style=\"color: #000000;\">W kodeksach znajduj\u0105 si\u0119 rysunki przedstawiaj\u0105ce bog\u00f3w lub kap\u0142an\u00f3w ofiaruj\u0105cych kopal.<\/span><\/p>\n<p>&nbsp;<\/p>\n<h3 style=\"text-align: center;\"><strong><span style=\"color: #000000;\">Copal i Majowie<\/span><\/strong><\/h3>\n<p><span style=\"color: #000000;\">U\u017cywanie kopalu mia\u0142o miejsce w\u015br\u00f3d Maj\u00f3w, o czym \u015bwiadcz\u0105 kule kopalowe w \u015awi\u0119tej Cenote w Chich\u00e9n Itz\u00e1.<\/span><\/p>\n<p><span style=\"color: #000000;\">Copal by\u0142 znany w\u015br\u00f3d Maj\u00f3w jako pom. Sta\u0142 si\u0119 przedmiotem komercjalizacji, gdy\u017c od XVI wieku domagano si\u0119 go w istotny spos\u00f3b poprzez rodzime podatki.<\/span><\/p>\n<p><span style=\"color: #000000;\">Sac\u00e1 i chahalt\u00e9 u\u017cywano zar\u00f3wno do kadzide\u0142, jak i do przygotowywania rytualnych napoj\u00f3w, kt\u00f3rych g\u0142\u00f3wnym sk\u0142adnikiem by\u0142o kakao.<\/span><\/p>\n<p><span style=\"color: #000000;\">Tyto\u0144 lub k&#8217;uts cz\u0119sto mieszano z kopalem, kombinacj\u0105, kt\u00f3r\u0105 \u017cowano lub umieszczano mi\u0119dzy warg\u0105 a dzi\u0105s\u0142em przez d\u0142ugi czas, aby ugasi\u0107 pragnienie i zwi\u0119kszy\u0107 wigor.<\/span><\/p>\n<p><span style=\"color: #000000;\">Opr\u00f3cz tego, \u017ce s\u0142u\u017cy\u0142 jako katalizator dymu kopalowego, \u015bwi\u0119ty ogie\u0144 podgrzewa\u0142 ska\u0142y, w kt\u00f3rych wylewano napary wytwarzaj\u0105ce lecznicze opary, tak jest w przypadku temazcal\u00f3w powszechnie u\u017cywanych w Mezoameryce i na obszarze Maj\u00f3w.<\/span><\/p>\n<h3 style=\"text-align: center;\"><strong><span style=\"color: #000000;\">Kopal i Aztekowie<\/span><\/strong><\/h3>\n<p><span style=\"color: #000000;\">W czasach przedhiszpa\u0144skich w\u015br\u00f3d Aztek\u00f3w drzewo to by\u0142o znane jako <strong>copalqu\u00e1huitl<\/strong>: &#8222;drzewo kopalowe\u201d, a wydobywana z niego \u017cywica jako <strong>copalli:<\/strong> &#8222;kadzid\u0142o\u201d. Ze wzgl\u0119du na swoje religijne zastosowanie by\u0142 znany jako <strong>iztacteteo,<\/strong> &#8222;bia\u0142y b\u00f3g\u201d, ze wzgl\u0119du na kolor wydzielanego przez niego dymu.<\/span><\/p>\n<p><span style=\"color: #000000;\"><strong>Bernardino de Sahag\u00fan<\/strong> w swojej <strong>Og\u00f3lnej historii rzeczy Nowej Hiszpanii opisuje<\/strong>, jak mieszka\u0144cy stolicy Aztek\u00f3w u\u017cywali rytualnie gumy kopalowej, kt\u00f3ra pali\u0142a j\u0105 w ofierze swoim bogom:<\/span><\/p>\n<p><span style=\"color: #000000;\">&#8222;Sk\u0142adaj\u0105c ofiar\u0119 z kadzid\u0142a lub kopalu, Meksykanie i wszyscy mieszka\u0144cy Nowej Hiszpanii u\u017cywali bia\u0142ej gumy, kt\u00f3r\u0105 nazywaj\u0105 copalli \u2013 kt\u00f3ra jest r\u00f3wnie\u017c obecnie szeroko stosowana \u2013 do okadzenia swoich bog\u00f3w. Nie u\u017cywali kadzid\u0142a, chocia\u017c jest ono w tej krainie.<\/span><\/p>\n<p><span style=\"color: #000000;\">Satrapowie u\u017cywali tego kadzid\u0142a lub kopalu w \u015bwi\u0105tyni i wszystkich innych ludzi w swoich domach [\u2026]\u201d.<\/span><\/p>\n<p><span style=\"color: #000000;\">Og\u00f3lna historia rzeczy Nowej Hiszpanii, Ksi\u0119ga II.<\/span><\/p>\n<p><span style=\"color: #000000;\">\u201eCopalqu\u00e1huitl\u201d odnosi si\u0119 do \u201edrzewa kopalowego\u201d w j\u0119zyku nahuatl i chocia\u017c niekt\u00f3re gatunki Bursera wytwarzaj\u0105 \u017cywic\u0119 kopalow\u0105, ka\u017cda konkretna nazwa jest zwykle kojarzona z konkretnym gatunkiem.<\/span><\/p>\n<h3 style=\"text-align: center;\"><strong><span style=\"color: #000000;\">Tenochtitlan<\/span><\/strong><\/h3>\n<p><span style=\"color: #000000;\">Tenochtitlan\u200b by\u0142o stolic\u0105 Aztek\u00f3w, kt\u00f3rzy nazywali siebie &#8222;Mexica\u201d, za\u0142o\u017con\u0105 w 1325 roku, a p\u00f3\u017aniej podbit\u0105 i zniszczon\u0105 przez Hiszpan\u00f3w w 1521 roku.<\/span><\/p>\n<p><span style=\"color: #000000;\">Najwi\u0119kszym znalezionym zabytkiem jest tak zwana \u201eWi\u0119ksza \u015awi\u0105tynia Tenochtitlan\u201d, piramida zwie\u0144czona dwiema \u015bwi\u0105tyniami po\u015bwi\u0119conymi bogom Tlalocowi i Huitzilopochtli, kt\u00f3ra mia\u0142a niesamowite wymiary 80 metr\u00f3w z ka\u017cdej strony i 60 metr\u00f3w wysoko\u015bci.<\/span><\/p>\n<p><span style=\"color: #000000;\">W\u015br\u00f3d jego pozosta\u0142o\u015bci odnaleziono artefakty i wszelkiego rodzaju fragmenty kopali; cylindry, sto\u017cki, kule, piramidalne lub zaokr\u0105glone podstawy no\u017cy ofiarnych, sztaby, fragmenty i figury antropomorficzne z kopalu, niekt\u00f3re pokryte sztukateri\u0105, inne wykonane z czystego bia\u0142ego kopalu; Na powierzchni niekt\u00f3rych z tych element\u00f3w odkryto pozosta\u0142o\u015bci li\u015bci i kory Bursera bipinnata.<\/span><\/p>\n<p><span style=\"color: #000000;\">(obecnie zgromadzone w Magazynie D\u00f3br Kultury Muzeum TMT).<\/span><\/p>\n<p><span style=\"color: #000000;\">Na szczytach g\u00f3r odprawiano rytua\u0142y ku czci bog\u00f3w<\/span><\/p>\n<p><span style=\"color: #000000;\">ko\u015bcio\u0142y, \u015bwi\u0105tynie miejskie, dzielnice i o\u0142tarze domowe.<\/span><\/p>\n<p><span style=\"color: #000000;\">Znaleziono ofiary zawieraj\u0105ce kopal w postaci ma\u0142ych tortilli, tamales lub ziaren kukurydzy, co wskazuje, \u017ce kopal by\u0142 uwa\u017cany za po\u017cywienie bog\u00f3w.<\/span><\/p>\n<p><span style=\"color: #000000;\">Podczas tych boskich \u015bwi\u0105t sk\u0142adano ofiary z \u017cywno\u015bci, kwiat\u00f3w, kopalu, a tak\u017ce straszliwe ofiary z ludzi, poniewa\u017c produkcja rolna i szcz\u0119\u015bcie w walce wojskowej zale\u017ca\u0142y od ich bog\u00f3w.<\/span><\/p>\n<p><span style=\"color: #000000;\">Kopalu u\u017cywano tak\u017ce jako kleju do wykonywania inkrustacji na maskach oraz \u0142\u0105czenia mozaik z kamienia, muszli i innych materia\u0142\u00f3w. Z kopalu, zmieszanego z pigmentami, wytwarzano tak\u017ce farby stosowane w z\u0142otnictwie i ozdabianiu fresk\u00f3w.<\/span><\/p>\n","protected":false},"excerpt":{"rendered":"<p><span style=\"color: #000000;\"><strong>Kopal czarny<\/strong>, zwany tak\u017ce <strong>kopalem szarym lub kamiennym<\/strong>, to \u017cywica wytwarzana naturalnie przez drzewa z rodzaju<strong> Bursera i Protium<\/strong>. Kopal ma silne ezoteryczne w\u0142a\u015bciwo\u015bci ochronne, oczyszczaj\u0105ce, \u0142\u0105cz\u0105ce i uzdrawiaj\u0105ce.<\/span><\/p>\n<p><span style=\"color: #000000;\">Jest to ciemniejsza i g\u0119stsza \u017cywica o drzewnym i balsamicznym aromacie, stosowana szczeg\u00f3lnie w celu wzmocnienia ochrony duchowej.<\/span><\/p>\n<p><span style=\"color: #000000;\">Czarny kopal jest bardzo wa\u017cny w kulturze meksyka\u0144skiej, a kultury tubylcze u\u017cywa\u0142y go od wiek\u00f3w jako \u015bwi\u0119tej \u017cywicy w swoich praktykach duchowych.<\/span><\/p>\n<p><span style=\"color: #000000;\">Majowie i Aztekowie u\u017cywali go do wszelkiego rodzaju rytua\u0142\u00f3w. W j\u0119zyku nahuatl drzewo to nazywano copalqu\u00e1huitl, a jego \u017cywiczne copalli, podczas gdy w jego sakralnym u\u017cyciu nazywano je<strong> iztacteteo, &#8222;bia\u0142ym bogiem\u201d.<\/strong><\/span><\/p>\n<p><span style=\"color: #000000;\"><strong>Spos\u00f3b u\u017cycia:<\/strong> Rozpal w\u0119giel drzewny i wlej na niego odrobin\u0119 \u017cywicy. \u017bywica topi si\u0119 i uwalnia sw\u00f3j zapach do powietrza przez kilka minut.<\/span><\/p>\n","protected":false},"featured_media":15755,"template":"","meta":{"_joinchat":[]},"product_brand":[],"product_cat":[338,197],"product_tag":[],"class_list":{"0":"post-8237","1":"product","2":"type-product","3":"status-publish","4":"has-post-thumbnail","6":"product_cat-kopal-pl","7":"product_cat-resins-pl","9":"first","10":"instock","11":"taxable","12":"shipping-taxable","13":"purchasable","14":"product-type-simple"},"yoast_head":"<!-- This site is optimized with the Yoast SEO plugin v27.4 - https:\/\/yoast.com\/product\/yoast-seo-wordpress\/ -->\n<title>Szary Copal z Meksyku: Szama\u0144ski sklep Sahumerios<\/title>\n<meta name=\"description\" content=\"Szary kopal ma silne ezoteryczne w\u0142a\u015bciwo\u015bci ochronne, oczyszczaj\u0105ce i \u0142\u0105cz\u0105ce. Przez plemiona amazo\u0144skie uwa\u017cana jest za \u015bwi\u0119t\u0105 \u017cywic\u0119.\" \/>\n<meta name=\"robots\" content=\"index, follow, max-snippet:-1, max-image-preview:large, max-video-preview:-1\" \/>\n<link rel=\"canonical\" href=\"https:\/\/www.sinchisinchi.com\/pl\/producto\/szary-kopal\/\" \/>\n<meta property=\"og:locale\" content=\"pl_PL\" \/>\n<meta property=\"og:type\" content=\"article\" \/>\n<meta property=\"og:title\" content=\"Szary Copal z Meksyku: Szama\u0144ski sklep Sahumerios\" \/>\n<meta property=\"og:description\" content=\"Szary kopal ma silne ezoteryczne w\u0142a\u015bciwo\u015bci ochronne, oczyszczaj\u0105ce i \u0142\u0105cz\u0105ce. Przez plemiona amazo\u0144skie uwa\u017cana jest za \u015bwi\u0119t\u0105 \u017cywic\u0119.\" \/>\n<meta property=\"og:url\" content=\"https:\/\/www.sinchisinchi.com\/pl\/producto\/szary-kopal\/\" \/>\n<meta property=\"og:site_name\" content=\"SINCHI RAP\u00c9\" \/>\n<meta property=\"article:publisher\" content=\"https:\/\/www.facebook.com\/sinchirape\/\" \/>\n<meta property=\"article:modified_time\" content=\"2024-07-05T10:55:05+00:00\" \/>\n<meta property=\"og:image\" content=\"https:\/\/www.sinchisinchi.com\/wp-content\/uploads\/2023\/12\/copal-gris.png\" \/>\n\t<meta property=\"og:image:width\" content=\"600\" \/>\n\t<meta property=\"og:image:height\" content=\"600\" \/>\n\t<meta property=\"og:image:type\" content=\"image\/png\" \/>\n<meta name=\"twitter:card\" content=\"summary_large_image\" \/>\n<meta name=\"twitter:label1\" content=\"Szacowany czas czytania\" \/>\n\t<meta name=\"twitter:data1\" content=\"5 minut\" \/>\n<script type=\"application\/ld+json\" class=\"yoast-schema-graph\">{\"@context\":\"https:\\\/\\\/schema.org\",\"@graph\":[{\"@type\":\"WebPage\",\"@id\":\"https:\\\/\\\/www.sinchisinchi.com\\\/pl\\\/producto\\\/szary-kopal\\\/\",\"url\":\"https:\\\/\\\/www.sinchisinchi.com\\\/pl\\\/producto\\\/szary-kopal\\\/\",\"name\":\"Szary Copal z Meksyku: Szama\u0144ski sklep Sahumerios\",\"isPartOf\":{\"@id\":\"https:\\\/\\\/www.sinchisinchi.com\\\/pl\\\/#website\"},\"primaryImageOfPage\":{\"@id\":\"https:\\\/\\\/www.sinchisinchi.com\\\/pl\\\/producto\\\/szary-kopal\\\/#primaryimage\"},\"image\":{\"@id\":\"https:\\\/\\\/www.sinchisinchi.com\\\/pl\\\/producto\\\/szary-kopal\\\/#primaryimage\"},\"thumbnailUrl\":\"https:\\\/\\\/www.sinchisinchi.com\\\/wp-content\\\/uploads\\\/2023\\\/12\\\/copal-gris.png\",\"datePublished\":\"2023-12-07T00:08:36+00:00\",\"dateModified\":\"2024-07-05T10:55:05+00:00\",\"description\":\"Szary kopal ma silne ezoteryczne w\u0142a\u015bciwo\u015bci ochronne, oczyszczaj\u0105ce i \u0142\u0105cz\u0105ce. Przez plemiona amazo\u0144skie uwa\u017cana jest za \u015bwi\u0119t\u0105 \u017cywic\u0119.\",\"breadcrumb\":{\"@id\":\"https:\\\/\\\/www.sinchisinchi.com\\\/pl\\\/producto\\\/szary-kopal\\\/#breadcrumb\"},\"inLanguage\":\"pl-PL\",\"potentialAction\":[{\"@type\":\"ReadAction\",\"target\":[\"https:\\\/\\\/www.sinchisinchi.com\\\/pl\\\/producto\\\/szary-kopal\\\/\"]}]},{\"@type\":\"ImageObject\",\"inLanguage\":\"pl-PL\",\"@id\":\"https:\\\/\\\/www.sinchisinchi.com\\\/pl\\\/producto\\\/szary-kopal\\\/#primaryimage\",\"url\":\"https:\\\/\\\/www.sinchisinchi.com\\\/wp-content\\\/uploads\\\/2023\\\/12\\\/copal-gris.png\",\"contentUrl\":\"https:\\\/\\\/www.sinchisinchi.com\\\/wp-content\\\/uploads\\\/2023\\\/12\\\/copal-gris.png\",\"width\":600,\"height\":600},{\"@type\":\"BreadcrumbList\",\"@id\":\"https:\\\/\\\/www.sinchisinchi.com\\\/pl\\\/producto\\\/szary-kopal\\\/#breadcrumb\",\"itemListElement\":[{\"@type\":\"ListItem\",\"position\":1,\"name\":\"Pierwsza strona\",\"item\":\"https:\\\/\\\/www.sinchisinchi.com\\\/pl\\\/\"},{\"@type\":\"ListItem\",\"position\":2,\"name\":\"Produkty\",\"item\":\"https:\\\/\\\/www.sinchisinchi.com\\\/pl\\\/shop\\\/\"},{\"@type\":\"ListItem\",\"position\":3,\"name\":\"Szary Kopal\"}]},{\"@type\":\"WebSite\",\"@id\":\"https:\\\/\\\/www.sinchisinchi.com\\\/pl\\\/#website\",\"url\":\"https:\\\/\\\/www.sinchisinchi.com\\\/pl\\\/\",\"name\":\"SINCHI\",\"description\":\"Sinchi Medicine\",\"publisher\":{\"@id\":\"https:\\\/\\\/www.sinchisinchi.com\\\/pl\\\/#organization\"},\"potentialAction\":[{\"@type\":\"SearchAction\",\"target\":{\"@type\":\"EntryPoint\",\"urlTemplate\":\"https:\\\/\\\/www.sinchisinchi.com\\\/pl\\\/?s={search_term_string}\"},\"query-input\":{\"@type\":\"PropertyValueSpecification\",\"valueRequired\":true,\"valueName\":\"search_term_string\"}}],\"inLanguage\":\"pl-PL\"},{\"@type\":\"Organization\",\"@id\":\"https:\\\/\\\/www.sinchisinchi.com\\\/pl\\\/#organization\",\"name\":\"SINCHI S.L\",\"url\":\"https:\\\/\\\/www.sinchisinchi.com\\\/pl\\\/\",\"logo\":{\"@type\":\"ImageObject\",\"inLanguage\":\"pl-PL\",\"@id\":\"https:\\\/\\\/www.sinchisinchi.com\\\/pl\\\/#\\\/schema\\\/logo\\\/image\\\/\",\"url\":\"https:\\\/\\\/www.sinchisinchi.com\\\/wp-content\\\/uploads\\\/2026\\\/01\\\/3b-Verde-SIMPLIFICADO-HORIZONTAL-F-TRANSPARENTE-scaled.png\",\"contentUrl\":\"https:\\\/\\\/www.sinchisinchi.com\\\/wp-content\\\/uploads\\\/2026\\\/01\\\/3b-Verde-SIMPLIFICADO-HORIZONTAL-F-TRANSPARENTE-scaled.png\",\"width\":2560,\"height\":457,\"caption\":\"SINCHI S.L\"},\"image\":{\"@id\":\"https:\\\/\\\/www.sinchisinchi.com\\\/pl\\\/#\\\/schema\\\/logo\\\/image\\\/\"},\"sameAs\":[\"https:\\\/\\\/www.facebook.com\\\/sinchirape\\\/\",\"https:\\\/\\\/www.instagram.com\\\/sinchi_rape\\\/\"]}]}<\/script>\n<!-- \/ Yoast SEO plugin. -->","yoast_head_json":{"title":"Szary Copal z Meksyku: Szama\u0144ski sklep Sahumerios","description":"Szary kopal ma silne ezoteryczne w\u0142a\u015bciwo\u015bci ochronne, oczyszczaj\u0105ce i \u0142\u0105cz\u0105ce. Przez plemiona amazo\u0144skie uwa\u017cana jest za \u015bwi\u0119t\u0105 \u017cywic\u0119.","robots":{"index":"index","follow":"follow","max-snippet":"max-snippet:-1","max-image-preview":"max-image-preview:large","max-video-preview":"max-video-preview:-1"},"canonical":"https:\/\/www.sinchisinchi.com\/pl\/producto\/szary-kopal\/","og_locale":"pl_PL","og_type":"article","og_title":"Szary Copal z Meksyku: Szama\u0144ski sklep Sahumerios","og_description":"Szary kopal ma silne ezoteryczne w\u0142a\u015bciwo\u015bci ochronne, oczyszczaj\u0105ce i \u0142\u0105cz\u0105ce. Przez plemiona amazo\u0144skie uwa\u017cana jest za \u015bwi\u0119t\u0105 \u017cywic\u0119.","og_url":"https:\/\/www.sinchisinchi.com\/pl\/producto\/szary-kopal\/","og_site_name":"SINCHI RAP\u00c9","article_publisher":"https:\/\/www.facebook.com\/sinchirape\/","article_modified_time":"2024-07-05T10:55:05+00:00","og_image":[{"width":600,"height":600,"url":"https:\/\/www.sinchisinchi.com\/wp-content\/uploads\/2023\/12\/copal-gris.png","type":"image\/png"}],"twitter_card":"summary_large_image","twitter_misc":{"Szacowany czas czytania":"5 minut"},"schema":{"@context":"https:\/\/schema.org","@graph":[{"@type":"WebPage","@id":"https:\/\/www.sinchisinchi.com\/pl\/producto\/szary-kopal\/","url":"https:\/\/www.sinchisinchi.com\/pl\/producto\/szary-kopal\/","name":"Szary Copal z Meksyku: Szama\u0144ski sklep Sahumerios","isPartOf":{"@id":"https:\/\/www.sinchisinchi.com\/pl\/#website"},"primaryImageOfPage":{"@id":"https:\/\/www.sinchisinchi.com\/pl\/producto\/szary-kopal\/#primaryimage"},"image":{"@id":"https:\/\/www.sinchisinchi.com\/pl\/producto\/szary-kopal\/#primaryimage"},"thumbnailUrl":"https:\/\/www.sinchisinchi.com\/wp-content\/uploads\/2023\/12\/copal-gris.png","datePublished":"2023-12-07T00:08:36+00:00","dateModified":"2024-07-05T10:55:05+00:00","description":"Szary kopal ma silne ezoteryczne w\u0142a\u015bciwo\u015bci ochronne, oczyszczaj\u0105ce i \u0142\u0105cz\u0105ce. Przez plemiona amazo\u0144skie uwa\u017cana jest za \u015bwi\u0119t\u0105 \u017cywic\u0119.","breadcrumb":{"@id":"https:\/\/www.sinchisinchi.com\/pl\/producto\/szary-kopal\/#breadcrumb"},"inLanguage":"pl-PL","potentialAction":[{"@type":"ReadAction","target":["https:\/\/www.sinchisinchi.com\/pl\/producto\/szary-kopal\/"]}]},{"@type":"ImageObject","inLanguage":"pl-PL","@id":"https:\/\/www.sinchisinchi.com\/pl\/producto\/szary-kopal\/#primaryimage","url":"https:\/\/www.sinchisinchi.com\/wp-content\/uploads\/2023\/12\/copal-gris.png","contentUrl":"https:\/\/www.sinchisinchi.com\/wp-content\/uploads\/2023\/12\/copal-gris.png","width":600,"height":600},{"@type":"BreadcrumbList","@id":"https:\/\/www.sinchisinchi.com\/pl\/producto\/szary-kopal\/#breadcrumb","itemListElement":[{"@type":"ListItem","position":1,"name":"Pierwsza strona","item":"https:\/\/www.sinchisinchi.com\/pl\/"},{"@type":"ListItem","position":2,"name":"Produkty","item":"https:\/\/www.sinchisinchi.com\/pl\/shop\/"},{"@type":"ListItem","position":3,"name":"Szary Kopal"}]},{"@type":"WebSite","@id":"https:\/\/www.sinchisinchi.com\/pl\/#website","url":"https:\/\/www.sinchisinchi.com\/pl\/","name":"SINCHI","description":"Sinchi Medicine","publisher":{"@id":"https:\/\/www.sinchisinchi.com\/pl\/#organization"},"potentialAction":[{"@type":"SearchAction","target":{"@type":"EntryPoint","urlTemplate":"https:\/\/www.sinchisinchi.com\/pl\/?s={search_term_string}"},"query-input":{"@type":"PropertyValueSpecification","valueRequired":true,"valueName":"search_term_string"}}],"inLanguage":"pl-PL"},{"@type":"Organization","@id":"https:\/\/www.sinchisinchi.com\/pl\/#organization","name":"SINCHI S.L","url":"https:\/\/www.sinchisinchi.com\/pl\/","logo":{"@type":"ImageObject","inLanguage":"pl-PL","@id":"https:\/\/www.sinchisinchi.com\/pl\/#\/schema\/logo\/image\/","url":"https:\/\/www.sinchisinchi.com\/wp-content\/uploads\/2026\/01\/3b-Verde-SIMPLIFICADO-HORIZONTAL-F-TRANSPARENTE-scaled.png","contentUrl":"https:\/\/www.sinchisinchi.com\/wp-content\/uploads\/2026\/01\/3b-Verde-SIMPLIFICADO-HORIZONTAL-F-TRANSPARENTE-scaled.png","width":2560,"height":457,"caption":"SINCHI S.L"},"image":{"@id":"https:\/\/www.sinchisinchi.com\/pl\/#\/schema\/logo\/image\/"},"sameAs":["https:\/\/www.facebook.com\/sinchirape\/","https:\/\/www.instagram.com\/sinchi_rape\/"]}]}},"_links":{"self":[{"href":"https:\/\/www.sinchisinchi.com\/pl\/wp-json\/wp\/v2\/product\/8237","targetHints":{"allow":["GET"]}}],"collection":[{"href":"https:\/\/www.sinchisinchi.com\/pl\/wp-json\/wp\/v2\/product"}],"about":[{"href":"https:\/\/www.sinchisinchi.com\/pl\/wp-json\/wp\/v2\/types\/product"}],"wp:featuredmedia":[{"embeddable":true,"href":"https:\/\/www.sinchisinchi.com\/pl\/wp-json\/wp\/v2\/media\/15755"}],"wp:attachment":[{"href":"https:\/\/www.sinchisinchi.com\/pl\/wp-json\/wp\/v2\/media?parent=8237"}],"wp:term":[{"taxonomy":"product_brand","embeddable":true,"href":"https:\/\/www.sinchisinchi.com\/pl\/wp-json\/wp\/v2\/product_brand?post=8237"},{"taxonomy":"product_cat","embeddable":true,"href":"https:\/\/www.sinchisinchi.com\/pl\/wp-json\/wp\/v2\/product_cat?post=8237"},{"taxonomy":"product_tag","embeddable":true,"href":"https:\/\/www.sinchisinchi.com\/pl\/wp-json\/wp\/v2\/product_tag?post=8237"}],"curies":[{"name":"wp","href":"https:\/\/api.w.org\/{rel}","templated":true}]}}