{"id":8240,"date":"2023-12-07T08:44:15","date_gmt":"2023-12-07T08:44:15","guid":{"rendered":"https:\/\/www.sinchisinchi.com\/producto\/kij-swiety-oltarz\/"},"modified":"2024-01-24T08:31:59","modified_gmt":"2024-01-24T08:31:59","slug":"duze-palo-santo","status":"publish","type":"product","link":"https:\/\/www.sinchisinchi.com\/pl\/producto\/duze-palo-santo\/","title":{"rendered":"Palo Santo 1 Kg"},"content":{"rendered":"<h2 style=\"text-align: center;\"><strong><span style=\"color: #000000;\">Jak korzysta\u0107 z Palo Santo<\/span><\/strong><\/h2>\n<p><span style=\"color: #000000;\">W przeciwie\u0144stwie do innych gatunk\u00f3w, z kt\u00f3rych pozyskuje si\u0119 \u017cywic\u0119, Palo Santo wymaga jedynie zapalenia kawa\u0142ka drewna, aby uwolni\u0107 dym o pot\u0119\u017cnych w\u0142a\u015bciwo\u015bciach.<\/span><\/p>\n<p><span style=\"color: #000000;\">Palo Santo to g\u0119ste drewno, kt\u00f3re nie pali si\u0119 \u0142atwo, wi\u0119c rozpalenie mo\u017ce zaj\u0105\u0107 kilka sekund. Najlepiej pozwoli\u0107 mu pali\u0107 si\u0119 przez oko\u0142o 30 sekund, a nast\u0119pnie delikatnie zdmuchn\u0105\u0107 p\u0142omie\u0144. Po zgaszeniu p\u0142omienia pozostaje \u017car, kt\u00f3ry przez kilka minut b\u0119dzie wytwarza\u0142 bia\u0142y dym.<\/span><\/p>\n<p><span style=\"color: #000000;\">Wskazane jest, aby mie\u0107 pod r\u0119k\u0105 ognioodporny pojemnik, w kt\u00f3rym mo\u017cna zdeponowa\u0107 popi\u00f3\u0142 i gdzie umie\u015bci\u0107 palo santo po zako\u0144czeniu.<\/span><\/p>\n<p><span style=\"color: #000000;\">Gdy \u017car doga\u015bnie, troch\u0119 powietrza pomo\u017ce go o\u017cywi\u0107, potrz\u0105saj\u0105c kijem lub delikatnie dmuchaj\u0105c. Zwykle dzia\u0142a to tylko tymczasowo, dlatego konieczne jest kilkukrotne w\u0142\u0105czenie, aby ca\u0142kowicie si\u0119 zu\u017cy\u0142o.<\/span><\/p>\n<p>&nbsp;<\/p>\n<h3 style=\"text-align: center;\"><strong><span style=\"color: #000000;\">Palo santo, oczyszczanie energetyczne<\/span><\/strong><\/h3>\n<p><span style=\"color: #000000;\">Do energicznego czyszczenia pomieszcze\u0144, po zapaleniu, potrz\u0105sanie \u017carem w powietrzu rozprowadza dym po ca\u0142ym pomieszczeniu i prowadzi drewno przez obszary, kt\u00f3re chcesz wyczy\u015bci\u0107, takie jak naro\u017cniki, korytarze i szafy.<\/span><\/p>\n<p><span style=\"color: #000000;\">W celu g\u0142\u0119bokiego oczyszczenia energetycznego mo\u017cna spali\u0107 razem oko\u0142o 3 do 4 patyk\u00f3w i pozostawi\u0107 dym w pomieszczeniu na oko\u0142o 3 godziny.<\/span><\/p>\n<p><span style=\"color: #000000;\">Mo\u017cna r\u00f3wnie\u017c przeprowadzi\u0107 energetyczne oczyszczanie kamieni i klejnot\u00f3w, kt\u00f3re nale\u017cy czy\u015bci\u0107 okresowo, poniewa\u017c poch\u0142aniaj\u0105 i zatrzymuj\u0105 wp\u0142ywy energetyczne.<\/span><\/p>\n<h3 style=\"text-align: center;\"><strong><span style=\"color: #000000;\">W\u0142a\u015bciwo\u015bci i zalety Palo Santo<\/span><\/strong><\/h3>\n<p><span style=\"color: #000000;\">Tradycyjnie palo santo stosuje si\u0119 w celu \u0142agodzenia przezi\u0119bie\u0144, stresu, astmy, b\u00f3l\u00f3w g\u0142owy, l\u0119k\u00f3w, depresji, stan\u00f3w zapalnych, jako \u015brodek antyseptyczny, przeciwzapalny i moczop\u0119dny.<\/span><\/p>\n<p><span style=\"color: #000000;\">W\u0119ch jest jedynym zmys\u0142em bezpo\u015brednio powi\u0105zanym z emocjami i jednocze\u015bnie jedynym, kt\u00f3ry nigdy nie \u015bpi, dlatego te\u017c jest powi\u0105zany ze \u015bwiadomym \u015bnieniem.<\/span><\/p>\n<p><span style=\"color: #000000;\">W aromaterapii Palo Santo jest powszechnie stosowany w postaci olejku eterycznego i s\u0142u\u017cy do roz\u0142adowywania napi\u0119\u0107 zwi\u0105zanych ze stresem i depresj\u0105.<\/span><\/p>\n<p><span style=\"color: #000000;\">Jest tak\u017ce doskona\u0142ym naturalnym \u015brodkiem odstraszaj\u0105cym muchy, komary itp.<\/span><\/p>\n","protected":false},"excerpt":{"rendered":"<p><span style=\"color: #000000;\">Kufer Palo Santo o wadze oko\u0142o 1 kg.<\/span><\/p>\n<p><span style=\"color: #000000;\">Palo Santo jest u\u017cywane w r\u00f3\u017cnych krajach i kulturach do usuwania negatywnych energii i przyci\u0105gania pozytywnych, koncentruj\u0105c si\u0119 i wzmacniaj\u0105c to, co pozytywne.<\/span><\/p>\n<p><span style=\"color: #000000;\">Czy\u015bci i oczyszcza \u015brodowiska, a tak\u017ce aromatyzuje je. \u0141agodzi napi\u0119cie nerwowe, pomaga kontrolowa\u0107 choroby i dolegliwo\u015bci wywo\u0142ane stresem, poprawiaj\u0105c harmoni\u0119 i dobre samopoczucie.<\/span><\/p>\n","protected":false},"featured_media":11854,"template":"","meta":{"_joinchat":[]},"product_brand":[],"product_cat":[198],"product_tag":[],"class_list":{"0":"post-8240","1":"product","2":"type-product","3":"status-publish","4":"has-post-thumbnail","6":"product_cat-incense-pl","8":"first","9":"instock","10":"taxable","11":"shipping-taxable","12":"purchasable","13":"product-type-simple"},"yoast_head":"<!-- This site is optimized with the Yoast SEO plugin v27.4 - https:\/\/yoast.com\/product\/yoast-seo-wordpress\/ -->\n<title>Palo Santo Altar - Internetowy sklep ze \u015bwi\u0119tymi kadzide\u0142kami<\/title>\n<meta name=\"description\" content=\"Palo Santo (Bursera Graveolens) to mistyczne drzewo rosn\u0105ce na wybrze\u017cach Ameryki Po\u0142udniowej, nale\u017c\u0105ce do rodziny Bureseracea...\" \/>\n<meta name=\"robots\" content=\"index, follow, max-snippet:-1, max-image-preview:large, max-video-preview:-1\" \/>\n<link rel=\"canonical\" href=\"https:\/\/www.sinchisinchi.com\/pl\/producto\/duze-palo-santo\/\" \/>\n<meta property=\"og:locale\" content=\"pl_PL\" \/>\n<meta property=\"og:type\" content=\"article\" \/>\n<meta property=\"og:title\" content=\"Palo Santo Altar - Internetowy sklep ze \u015bwi\u0119tymi kadzide\u0142kami\" \/>\n<meta property=\"og:description\" content=\"Palo Santo (Bursera Graveolens) to mistyczne drzewo rosn\u0105ce na wybrze\u017cach Ameryki Po\u0142udniowej, nale\u017c\u0105ce do rodziny Bureseracea...\" \/>\n<meta property=\"og:url\" content=\"https:\/\/www.sinchisinchi.com\/pl\/producto\/duze-palo-santo\/\" \/>\n<meta property=\"og:site_name\" content=\"SINCHI RAP\u00c9\" \/>\n<meta property=\"article:publisher\" content=\"https:\/\/www.facebook.com\/sinchirape\/\" \/>\n<meta property=\"article:modified_time\" content=\"2024-01-24T08:31:59+00:00\" \/>\n<meta property=\"og:image\" content=\"https:\/\/www.sinchisinchi.com\/wp-content\/uploads\/2023\/12\/palo-santo-de-tronco-grande-pack-1kg.jpeg\" \/>\n\t<meta property=\"og:image:width\" content=\"1000\" \/>\n\t<meta property=\"og:image:height\" content=\"1000\" \/>\n\t<meta property=\"og:image:type\" content=\"image\/jpeg\" \/>\n<meta name=\"twitter:card\" content=\"summary_large_image\" \/>\n<meta name=\"twitter:label1\" content=\"Szacowany czas czytania\" \/>\n\t<meta name=\"twitter:data1\" content=\"2 minuty\" \/>\n<script type=\"application\/ld+json\" class=\"yoast-schema-graph\">{\"@context\":\"https:\\\/\\\/schema.org\",\"@graph\":[{\"@type\":\"WebPage\",\"@id\":\"https:\\\/\\\/www.sinchisinchi.com\\\/pl\\\/producto\\\/duze-palo-santo\\\/\",\"url\":\"https:\\\/\\\/www.sinchisinchi.com\\\/pl\\\/producto\\\/duze-palo-santo\\\/\",\"name\":\"Palo Santo Altar - Internetowy sklep ze \u015bwi\u0119tymi kadzide\u0142kami\",\"isPartOf\":{\"@id\":\"https:\\\/\\\/www.sinchisinchi.com\\\/pl\\\/#website\"},\"primaryImageOfPage\":{\"@id\":\"https:\\\/\\\/www.sinchisinchi.com\\\/pl\\\/producto\\\/duze-palo-santo\\\/#primaryimage\"},\"image\":{\"@id\":\"https:\\\/\\\/www.sinchisinchi.com\\\/pl\\\/producto\\\/duze-palo-santo\\\/#primaryimage\"},\"thumbnailUrl\":\"https:\\\/\\\/www.sinchisinchi.com\\\/wp-content\\\/uploads\\\/2023\\\/12\\\/palo-santo-de-tronco-grande-pack-1kg.jpeg\",\"datePublished\":\"2023-12-07T08:44:15+00:00\",\"dateModified\":\"2024-01-24T08:31:59+00:00\",\"description\":\"Palo Santo (Bursera Graveolens) to mistyczne drzewo rosn\u0105ce na wybrze\u017cach Ameryki Po\u0142udniowej, nale\u017c\u0105ce do rodziny Bureseracea...\",\"breadcrumb\":{\"@id\":\"https:\\\/\\\/www.sinchisinchi.com\\\/pl\\\/producto\\\/duze-palo-santo\\\/#breadcrumb\"},\"inLanguage\":\"pl-PL\",\"potentialAction\":[{\"@type\":\"ReadAction\",\"target\":[\"https:\\\/\\\/www.sinchisinchi.com\\\/pl\\\/producto\\\/duze-palo-santo\\\/\"]}]},{\"@type\":\"ImageObject\",\"inLanguage\":\"pl-PL\",\"@id\":\"https:\\\/\\\/www.sinchisinchi.com\\\/pl\\\/producto\\\/duze-palo-santo\\\/#primaryimage\",\"url\":\"https:\\\/\\\/www.sinchisinchi.com\\\/wp-content\\\/uploads\\\/2023\\\/12\\\/palo-santo-de-tronco-grande-pack-1kg.jpeg\",\"contentUrl\":\"https:\\\/\\\/www.sinchisinchi.com\\\/wp-content\\\/uploads\\\/2023\\\/12\\\/palo-santo-de-tronco-grande-pack-1kg.jpeg\",\"width\":1000,\"height\":1000},{\"@type\":\"BreadcrumbList\",\"@id\":\"https:\\\/\\\/www.sinchisinchi.com\\\/pl\\\/producto\\\/duze-palo-santo\\\/#breadcrumb\",\"itemListElement\":[{\"@type\":\"ListItem\",\"position\":1,\"name\":\"Pierwsza strona\",\"item\":\"https:\\\/\\\/www.sinchisinchi.com\\\/pl\\\/\"},{\"@type\":\"ListItem\",\"position\":2,\"name\":\"Produkty\",\"item\":\"https:\\\/\\\/www.sinchisinchi.com\\\/pl\\\/shop\\\/\"},{\"@type\":\"ListItem\",\"position\":3,\"name\":\"Palo Santo 1 Kg\"}]},{\"@type\":\"WebSite\",\"@id\":\"https:\\\/\\\/www.sinchisinchi.com\\\/pl\\\/#website\",\"url\":\"https:\\\/\\\/www.sinchisinchi.com\\\/pl\\\/\",\"name\":\"SINCHI\",\"description\":\"Sinchi Medicine\",\"publisher\":{\"@id\":\"https:\\\/\\\/www.sinchisinchi.com\\\/pl\\\/#organization\"},\"potentialAction\":[{\"@type\":\"SearchAction\",\"target\":{\"@type\":\"EntryPoint\",\"urlTemplate\":\"https:\\\/\\\/www.sinchisinchi.com\\\/pl\\\/?s={search_term_string}\"},\"query-input\":{\"@type\":\"PropertyValueSpecification\",\"valueRequired\":true,\"valueName\":\"search_term_string\"}}],\"inLanguage\":\"pl-PL\"},{\"@type\":\"Organization\",\"@id\":\"https:\\\/\\\/www.sinchisinchi.com\\\/pl\\\/#organization\",\"name\":\"SINCHI S.L\",\"url\":\"https:\\\/\\\/www.sinchisinchi.com\\\/pl\\\/\",\"logo\":{\"@type\":\"ImageObject\",\"inLanguage\":\"pl-PL\",\"@id\":\"https:\\\/\\\/www.sinchisinchi.com\\\/pl\\\/#\\\/schema\\\/logo\\\/image\\\/\",\"url\":\"https:\\\/\\\/www.sinchisinchi.com\\\/wp-content\\\/uploads\\\/2026\\\/01\\\/3b-Verde-SIMPLIFICADO-HORIZONTAL-F-TRANSPARENTE-scaled.png\",\"contentUrl\":\"https:\\\/\\\/www.sinchisinchi.com\\\/wp-content\\\/uploads\\\/2026\\\/01\\\/3b-Verde-SIMPLIFICADO-HORIZONTAL-F-TRANSPARENTE-scaled.png\",\"width\":2560,\"height\":457,\"caption\":\"SINCHI S.L\"},\"image\":{\"@id\":\"https:\\\/\\\/www.sinchisinchi.com\\\/pl\\\/#\\\/schema\\\/logo\\\/image\\\/\"},\"sameAs\":[\"https:\\\/\\\/www.facebook.com\\\/sinchirape\\\/\",\"https:\\\/\\\/www.instagram.com\\\/sinchi_rape\\\/\"]}]}<\/script>\n<!-- \/ Yoast SEO plugin. -->","yoast_head_json":{"title":"Palo Santo Altar - Internetowy sklep ze \u015bwi\u0119tymi kadzide\u0142kami","description":"Palo Santo (Bursera Graveolens) to mistyczne drzewo rosn\u0105ce na wybrze\u017cach Ameryki Po\u0142udniowej, nale\u017c\u0105ce do rodziny Bureseracea...","robots":{"index":"index","follow":"follow","max-snippet":"max-snippet:-1","max-image-preview":"max-image-preview:large","max-video-preview":"max-video-preview:-1"},"canonical":"https:\/\/www.sinchisinchi.com\/pl\/producto\/duze-palo-santo\/","og_locale":"pl_PL","og_type":"article","og_title":"Palo Santo Altar - Internetowy sklep ze \u015bwi\u0119tymi kadzide\u0142kami","og_description":"Palo Santo (Bursera Graveolens) to mistyczne drzewo rosn\u0105ce na wybrze\u017cach Ameryki Po\u0142udniowej, nale\u017c\u0105ce do rodziny Bureseracea...","og_url":"https:\/\/www.sinchisinchi.com\/pl\/producto\/duze-palo-santo\/","og_site_name":"SINCHI RAP\u00c9","article_publisher":"https:\/\/www.facebook.com\/sinchirape\/","article_modified_time":"2024-01-24T08:31:59+00:00","og_image":[{"width":1000,"height":1000,"url":"https:\/\/www.sinchisinchi.com\/wp-content\/uploads\/2023\/12\/palo-santo-de-tronco-grande-pack-1kg.jpeg","type":"image\/jpeg"}],"twitter_card":"summary_large_image","twitter_misc":{"Szacowany czas czytania":"2 minuty"},"schema":{"@context":"https:\/\/schema.org","@graph":[{"@type":"WebPage","@id":"https:\/\/www.sinchisinchi.com\/pl\/producto\/duze-palo-santo\/","url":"https:\/\/www.sinchisinchi.com\/pl\/producto\/duze-palo-santo\/","name":"Palo Santo Altar - Internetowy sklep ze \u015bwi\u0119tymi kadzide\u0142kami","isPartOf":{"@id":"https:\/\/www.sinchisinchi.com\/pl\/#website"},"primaryImageOfPage":{"@id":"https:\/\/www.sinchisinchi.com\/pl\/producto\/duze-palo-santo\/#primaryimage"},"image":{"@id":"https:\/\/www.sinchisinchi.com\/pl\/producto\/duze-palo-santo\/#primaryimage"},"thumbnailUrl":"https:\/\/www.sinchisinchi.com\/wp-content\/uploads\/2023\/12\/palo-santo-de-tronco-grande-pack-1kg.jpeg","datePublished":"2023-12-07T08:44:15+00:00","dateModified":"2024-01-24T08:31:59+00:00","description":"Palo Santo (Bursera Graveolens) to mistyczne drzewo rosn\u0105ce na wybrze\u017cach Ameryki Po\u0142udniowej, nale\u017c\u0105ce do rodziny Bureseracea...","breadcrumb":{"@id":"https:\/\/www.sinchisinchi.com\/pl\/producto\/duze-palo-santo\/#breadcrumb"},"inLanguage":"pl-PL","potentialAction":[{"@type":"ReadAction","target":["https:\/\/www.sinchisinchi.com\/pl\/producto\/duze-palo-santo\/"]}]},{"@type":"ImageObject","inLanguage":"pl-PL","@id":"https:\/\/www.sinchisinchi.com\/pl\/producto\/duze-palo-santo\/#primaryimage","url":"https:\/\/www.sinchisinchi.com\/wp-content\/uploads\/2023\/12\/palo-santo-de-tronco-grande-pack-1kg.jpeg","contentUrl":"https:\/\/www.sinchisinchi.com\/wp-content\/uploads\/2023\/12\/palo-santo-de-tronco-grande-pack-1kg.jpeg","width":1000,"height":1000},{"@type":"BreadcrumbList","@id":"https:\/\/www.sinchisinchi.com\/pl\/producto\/duze-palo-santo\/#breadcrumb","itemListElement":[{"@type":"ListItem","position":1,"name":"Pierwsza strona","item":"https:\/\/www.sinchisinchi.com\/pl\/"},{"@type":"ListItem","position":2,"name":"Produkty","item":"https:\/\/www.sinchisinchi.com\/pl\/shop\/"},{"@type":"ListItem","position":3,"name":"Palo Santo 1 Kg"}]},{"@type":"WebSite","@id":"https:\/\/www.sinchisinchi.com\/pl\/#website","url":"https:\/\/www.sinchisinchi.com\/pl\/","name":"SINCHI","description":"Sinchi Medicine","publisher":{"@id":"https:\/\/www.sinchisinchi.com\/pl\/#organization"},"potentialAction":[{"@type":"SearchAction","target":{"@type":"EntryPoint","urlTemplate":"https:\/\/www.sinchisinchi.com\/pl\/?s={search_term_string}"},"query-input":{"@type":"PropertyValueSpecification","valueRequired":true,"valueName":"search_term_string"}}],"inLanguage":"pl-PL"},{"@type":"Organization","@id":"https:\/\/www.sinchisinchi.com\/pl\/#organization","name":"SINCHI S.L","url":"https:\/\/www.sinchisinchi.com\/pl\/","logo":{"@type":"ImageObject","inLanguage":"pl-PL","@id":"https:\/\/www.sinchisinchi.com\/pl\/#\/schema\/logo\/image\/","url":"https:\/\/www.sinchisinchi.com\/wp-content\/uploads\/2026\/01\/3b-Verde-SIMPLIFICADO-HORIZONTAL-F-TRANSPARENTE-scaled.png","contentUrl":"https:\/\/www.sinchisinchi.com\/wp-content\/uploads\/2026\/01\/3b-Verde-SIMPLIFICADO-HORIZONTAL-F-TRANSPARENTE-scaled.png","width":2560,"height":457,"caption":"SINCHI S.L"},"image":{"@id":"https:\/\/www.sinchisinchi.com\/pl\/#\/schema\/logo\/image\/"},"sameAs":["https:\/\/www.facebook.com\/sinchirape\/","https:\/\/www.instagram.com\/sinchi_rape\/"]}]}},"_links":{"self":[{"href":"https:\/\/www.sinchisinchi.com\/pl\/wp-json\/wp\/v2\/product\/8240","targetHints":{"allow":["GET"]}}],"collection":[{"href":"https:\/\/www.sinchisinchi.com\/pl\/wp-json\/wp\/v2\/product"}],"about":[{"href":"https:\/\/www.sinchisinchi.com\/pl\/wp-json\/wp\/v2\/types\/product"}],"wp:featuredmedia":[{"embeddable":true,"href":"https:\/\/www.sinchisinchi.com\/pl\/wp-json\/wp\/v2\/media\/11854"}],"wp:attachment":[{"href":"https:\/\/www.sinchisinchi.com\/pl\/wp-json\/wp\/v2\/media?parent=8240"}],"wp:term":[{"taxonomy":"product_brand","embeddable":true,"href":"https:\/\/www.sinchisinchi.com\/pl\/wp-json\/wp\/v2\/product_brand?post=8240"},{"taxonomy":"product_cat","embeddable":true,"href":"https:\/\/www.sinchisinchi.com\/pl\/wp-json\/wp\/v2\/product_cat?post=8240"},{"taxonomy":"product_tag","embeddable":true,"href":"https:\/\/www.sinchisinchi.com\/pl\/wp-json\/wp\/v2\/product_tag?post=8240"}],"curies":[{"name":"wp","href":"https:\/\/api.w.org\/{rel}","templated":true}]}}