{"id":8243,"date":"2023-12-07T08:24:25","date_gmt":"2023-12-07T08:24:25","guid":{"rendered":"https:\/\/www.sinchisinchi.com\/producto\/mapacho\/"},"modified":"2025-02-19T09:48:23","modified_gmt":"2025-02-19T09:48:23","slug":"mapacho","status":"publish","type":"product","link":"https:\/\/www.sinchisinchi.com\/pl\/producto\/mapacho\/","title":{"rendered":"Mapacho Moi"},"content":{"rendered":"","protected":false},"excerpt":{"rendered":"<p><span style=\"color: #000000;\">Ekologiczna bu\u0142ka Mapacho z Brazylii.<\/span><\/p>\n<p><span style=\"color: #000000;\">Mapacho to konglomerat suszonych, peklowanych i posiekanych li\u015bci Nicotiana rustica.<\/span><\/p>\n<p><span style=\"color: #000000;\">Moi Mapacho to delikatna i wykwintna odmiana Mapacho, bardziej mi\u0119kka w por\u00f3wnaniu do innych odmian rustykalnych, posiada zniewalaj\u0105cy i wyrazisty aromat.<\/span><\/p>\n<p><span style=\"color: #000000;\">Szop pracz Moi jest hodowany w Rezerwacie Ekstratywistycznym, w g\u0142\u0119bi brazylijskiej Amazonii, w pobli\u017cu granicy z Peru. Jest uprawiana przez lokalne spo\u0142eczno\u015bci, kt\u00f3re wywodz\u0105 si\u0119 z mieszanki rdzennych plemion i imigrant\u00f3w, kt\u00f3rzy przybyli z p\u00f3\u0142nocnego wschodu w okresie boomu kauczukowego.<\/span><\/p>\n<p><span style=\"color: #000000;\">G\u00f3rna Jurua jest domem dla rodzimych plemion, takich jak mi\u0119dzy innymi Ashaninka, Kuntanawa, Arara Shaw\u00e3dawa i Kaxinawa.<\/span><\/p>\n<p><span style=\"color: #000000;\">Nicotiana Rustica by\u0142a u\u017cywana od tysi\u0119cy lat w r\u00f3\u017cnych postaciach i celach: \u017cuta, sproszkowana i wdychana, w\u0119dzona, macerowana do picia lub stosowana zewn\u0119trznie, w ok\u0142adach, k\u0105pieli lub kroplach, w celu zapobiegania lub leczenia dolegliwo\u015bci fizycznych, u\u017cywano ich tak\u017ce w rytua\u0142ach. ze wzgl\u0119du na sw\u00f3j charakter \u015bwi\u0119tej ro\u015bliny.<\/span><\/p>\n<p><span style=\"color: #000000;\">Kiedy produkuje si\u0119 kadzid\u0142a, wykorzystuje si\u0119 je jako spos\u00f3b na oczyszczenie energii przestrzeni lub osoby. W Ameryce P\u00f3\u0142nocnej przepuszczanie fajki \u0142\u0105czono z u\u017cywaniem mowy i zwi\u0105zkiem ze sacrum, na przyk\u0142ad u\u017cywano jej, gdy trzeba by\u0142o podj\u0105\u0107 wa\u017cne decyzje, zanim ktokolwiek si\u0119 odezwa\u0142, ca\u0142a grupa najpierw wdycha\u0142a powietrze z fajki; To wcze\u015bniejsze po\u0142\u0105czenie z tym, co uwa\u017cali za \u015bwi\u0119te, odzwierciedla wag\u0119, jak\u0105 przywi\u0105zywali do m\u00f3wienia zgodnie z prawd\u0105 i prosto z serca, co mo\u017cna uzna\u0107 za ostateczny cel tej praktyki.<\/span><\/p>\n","protected":false},"featured_media":12947,"template":"","meta":{"_joinchat":[]},"product_brand":[],"product_cat":[326],"product_tag":[],"class_list":{"0":"post-8243","1":"product","2":"type-product","3":"status-publish","4":"has-post-thumbnail","6":"product_cat-mapacho-roll-pl","8":"first","9":"instock","10":"taxable","11":"shipping-taxable","12":"purchasable","13":"product-type-variable","14":"has-default-attributes"},"yoast_head":"<!-- This site is optimized with the Yoast SEO plugin v27.4 - https:\/\/yoast.com\/product\/yoast-seo-wordpress\/ -->\n<title>Kup Mapacho Moi z Brazylii w 100% naturalny - Tienda Chamanica<\/title>\n<meta name=\"description\" content=\"Moi Mapacho to delikatna i wykwintna odmiana Mapacho, bardziej mi\u0119kka w por\u00f3wnaniu do innych odmian rustykalnych, posiada zniewalaj\u0105cy i wyrazisty aromat.\" \/>\n<meta name=\"robots\" content=\"index, follow, max-snippet:-1, max-image-preview:large, max-video-preview:-1\" \/>\n<link rel=\"canonical\" href=\"https:\/\/www.sinchisinchi.com\/pl\/producto\/mapacho\/\" \/>\n<meta property=\"og:locale\" content=\"pl_PL\" \/>\n<meta property=\"og:type\" content=\"article\" \/>\n<meta property=\"og:title\" content=\"Kup Mapacho Moi z Brazylii w 100% naturalny - Tienda Chamanica\" \/>\n<meta property=\"og:description\" content=\"Moi Mapacho to delikatna i wykwintna odmiana Mapacho, bardziej mi\u0119kka w por\u00f3wnaniu do innych odmian rustykalnych, posiada zniewalaj\u0105cy i wyrazisty aromat.\" \/>\n<meta property=\"og:url\" content=\"https:\/\/www.sinchisinchi.com\/pl\/producto\/mapacho\/\" \/>\n<meta property=\"og:site_name\" content=\"SINCHI RAP\u00c9\" \/>\n<meta property=\"article:publisher\" content=\"https:\/\/www.facebook.com\/sinchirape\/\" \/>\n<meta property=\"article:modified_time\" content=\"2025-02-19T09:48:23+00:00\" \/>\n<meta property=\"og:image\" content=\"https:\/\/www.sinchisinchi.com\/wp-content\/uploads\/2023\/12\/Moi-Mapacho.jpg\" \/>\n\t<meta property=\"og:image:width\" content=\"900\" \/>\n\t<meta property=\"og:image:height\" content=\"900\" \/>\n\t<meta property=\"og:image:type\" content=\"image\/jpeg\" \/>\n<meta name=\"twitter:card\" content=\"summary_large_image\" \/>\n<script type=\"application\/ld+json\" class=\"yoast-schema-graph\">{\"@context\":\"https:\\\/\\\/schema.org\",\"@graph\":[{\"@type\":\"WebPage\",\"@id\":\"https:\\\/\\\/www.sinchisinchi.com\\\/pl\\\/producto\\\/mapacho\\\/\",\"url\":\"https:\\\/\\\/www.sinchisinchi.com\\\/pl\\\/producto\\\/mapacho\\\/\",\"name\":\"Kup Mapacho Moi z Brazylii w 100% naturalny - Tienda Chamanica\",\"isPartOf\":{\"@id\":\"https:\\\/\\\/www.sinchisinchi.com\\\/pl\\\/#website\"},\"primaryImageOfPage\":{\"@id\":\"https:\\\/\\\/www.sinchisinchi.com\\\/pl\\\/producto\\\/mapacho\\\/#primaryimage\"},\"image\":{\"@id\":\"https:\\\/\\\/www.sinchisinchi.com\\\/pl\\\/producto\\\/mapacho\\\/#primaryimage\"},\"thumbnailUrl\":\"https:\\\/\\\/www.sinchisinchi.com\\\/wp-content\\\/uploads\\\/2023\\\/12\\\/Moi-Mapacho.jpg\",\"datePublished\":\"2023-12-07T08:24:25+00:00\",\"dateModified\":\"2025-02-19T09:48:23+00:00\",\"description\":\"Moi Mapacho to delikatna i wykwintna odmiana Mapacho, bardziej mi\u0119kka w por\u00f3wnaniu do innych odmian rustykalnych, posiada zniewalaj\u0105cy i wyrazisty aromat.\",\"breadcrumb\":{\"@id\":\"https:\\\/\\\/www.sinchisinchi.com\\\/pl\\\/producto\\\/mapacho\\\/#breadcrumb\"},\"inLanguage\":\"pl-PL\",\"potentialAction\":[{\"@type\":\"ReadAction\",\"target\":[\"https:\\\/\\\/www.sinchisinchi.com\\\/pl\\\/producto\\\/mapacho\\\/\"]}]},{\"@type\":\"ImageObject\",\"inLanguage\":\"pl-PL\",\"@id\":\"https:\\\/\\\/www.sinchisinchi.com\\\/pl\\\/producto\\\/mapacho\\\/#primaryimage\",\"url\":\"https:\\\/\\\/www.sinchisinchi.com\\\/wp-content\\\/uploads\\\/2023\\\/12\\\/Moi-Mapacho.jpg\",\"contentUrl\":\"https:\\\/\\\/www.sinchisinchi.com\\\/wp-content\\\/uploads\\\/2023\\\/12\\\/Moi-Mapacho.jpg\",\"width\":900,\"height\":900},{\"@type\":\"BreadcrumbList\",\"@id\":\"https:\\\/\\\/www.sinchisinchi.com\\\/pl\\\/producto\\\/mapacho\\\/#breadcrumb\",\"itemListElement\":[{\"@type\":\"ListItem\",\"position\":1,\"name\":\"Pierwsza strona\",\"item\":\"https:\\\/\\\/www.sinchisinchi.com\\\/pl\\\/\"},{\"@type\":\"ListItem\",\"position\":2,\"name\":\"Produkty\",\"item\":\"https:\\\/\\\/www.sinchisinchi.com\\\/pl\\\/shop\\\/\"},{\"@type\":\"ListItem\",\"position\":3,\"name\":\"Mapacho Moi\"}]},{\"@type\":\"WebSite\",\"@id\":\"https:\\\/\\\/www.sinchisinchi.com\\\/pl\\\/#website\",\"url\":\"https:\\\/\\\/www.sinchisinchi.com\\\/pl\\\/\",\"name\":\"SINCHI\",\"description\":\"Sinchi Medicine\",\"publisher\":{\"@id\":\"https:\\\/\\\/www.sinchisinchi.com\\\/pl\\\/#organization\"},\"potentialAction\":[{\"@type\":\"SearchAction\",\"target\":{\"@type\":\"EntryPoint\",\"urlTemplate\":\"https:\\\/\\\/www.sinchisinchi.com\\\/pl\\\/?s={search_term_string}\"},\"query-input\":{\"@type\":\"PropertyValueSpecification\",\"valueRequired\":true,\"valueName\":\"search_term_string\"}}],\"inLanguage\":\"pl-PL\"},{\"@type\":\"Organization\",\"@id\":\"https:\\\/\\\/www.sinchisinchi.com\\\/pl\\\/#organization\",\"name\":\"SINCHI S.L\",\"url\":\"https:\\\/\\\/www.sinchisinchi.com\\\/pl\\\/\",\"logo\":{\"@type\":\"ImageObject\",\"inLanguage\":\"pl-PL\",\"@id\":\"https:\\\/\\\/www.sinchisinchi.com\\\/pl\\\/#\\\/schema\\\/logo\\\/image\\\/\",\"url\":\"https:\\\/\\\/www.sinchisinchi.com\\\/wp-content\\\/uploads\\\/2026\\\/01\\\/3b-Verde-SIMPLIFICADO-HORIZONTAL-F-TRANSPARENTE-scaled.png\",\"contentUrl\":\"https:\\\/\\\/www.sinchisinchi.com\\\/wp-content\\\/uploads\\\/2026\\\/01\\\/3b-Verde-SIMPLIFICADO-HORIZONTAL-F-TRANSPARENTE-scaled.png\",\"width\":2560,\"height\":457,\"caption\":\"SINCHI S.L\"},\"image\":{\"@id\":\"https:\\\/\\\/www.sinchisinchi.com\\\/pl\\\/#\\\/schema\\\/logo\\\/image\\\/\"},\"sameAs\":[\"https:\\\/\\\/www.facebook.com\\\/sinchirape\\\/\",\"https:\\\/\\\/www.instagram.com\\\/sinchi_rape\\\/\"]}]}<\/script>\n<!-- \/ Yoast SEO plugin. -->","yoast_head_json":{"title":"Kup Mapacho Moi z Brazylii w 100% naturalny - Tienda Chamanica","description":"Moi Mapacho to delikatna i wykwintna odmiana Mapacho, bardziej mi\u0119kka w por\u00f3wnaniu do innych odmian rustykalnych, posiada zniewalaj\u0105cy i wyrazisty aromat.","robots":{"index":"index","follow":"follow","max-snippet":"max-snippet:-1","max-image-preview":"max-image-preview:large","max-video-preview":"max-video-preview:-1"},"canonical":"https:\/\/www.sinchisinchi.com\/pl\/producto\/mapacho\/","og_locale":"pl_PL","og_type":"article","og_title":"Kup Mapacho Moi z Brazylii w 100% naturalny - Tienda Chamanica","og_description":"Moi Mapacho to delikatna i wykwintna odmiana Mapacho, bardziej mi\u0119kka w por\u00f3wnaniu do innych odmian rustykalnych, posiada zniewalaj\u0105cy i wyrazisty aromat.","og_url":"https:\/\/www.sinchisinchi.com\/pl\/producto\/mapacho\/","og_site_name":"SINCHI RAP\u00c9","article_publisher":"https:\/\/www.facebook.com\/sinchirape\/","article_modified_time":"2025-02-19T09:48:23+00:00","og_image":[{"width":900,"height":900,"url":"https:\/\/www.sinchisinchi.com\/wp-content\/uploads\/2023\/12\/Moi-Mapacho.jpg","type":"image\/jpeg"}],"twitter_card":"summary_large_image","schema":{"@context":"https:\/\/schema.org","@graph":[{"@type":"WebPage","@id":"https:\/\/www.sinchisinchi.com\/pl\/producto\/mapacho\/","url":"https:\/\/www.sinchisinchi.com\/pl\/producto\/mapacho\/","name":"Kup Mapacho Moi z Brazylii w 100% naturalny - Tienda Chamanica","isPartOf":{"@id":"https:\/\/www.sinchisinchi.com\/pl\/#website"},"primaryImageOfPage":{"@id":"https:\/\/www.sinchisinchi.com\/pl\/producto\/mapacho\/#primaryimage"},"image":{"@id":"https:\/\/www.sinchisinchi.com\/pl\/producto\/mapacho\/#primaryimage"},"thumbnailUrl":"https:\/\/www.sinchisinchi.com\/wp-content\/uploads\/2023\/12\/Moi-Mapacho.jpg","datePublished":"2023-12-07T08:24:25+00:00","dateModified":"2025-02-19T09:48:23+00:00","description":"Moi Mapacho to delikatna i wykwintna odmiana Mapacho, bardziej mi\u0119kka w por\u00f3wnaniu do innych odmian rustykalnych, posiada zniewalaj\u0105cy i wyrazisty aromat.","breadcrumb":{"@id":"https:\/\/www.sinchisinchi.com\/pl\/producto\/mapacho\/#breadcrumb"},"inLanguage":"pl-PL","potentialAction":[{"@type":"ReadAction","target":["https:\/\/www.sinchisinchi.com\/pl\/producto\/mapacho\/"]}]},{"@type":"ImageObject","inLanguage":"pl-PL","@id":"https:\/\/www.sinchisinchi.com\/pl\/producto\/mapacho\/#primaryimage","url":"https:\/\/www.sinchisinchi.com\/wp-content\/uploads\/2023\/12\/Moi-Mapacho.jpg","contentUrl":"https:\/\/www.sinchisinchi.com\/wp-content\/uploads\/2023\/12\/Moi-Mapacho.jpg","width":900,"height":900},{"@type":"BreadcrumbList","@id":"https:\/\/www.sinchisinchi.com\/pl\/producto\/mapacho\/#breadcrumb","itemListElement":[{"@type":"ListItem","position":1,"name":"Pierwsza strona","item":"https:\/\/www.sinchisinchi.com\/pl\/"},{"@type":"ListItem","position":2,"name":"Produkty","item":"https:\/\/www.sinchisinchi.com\/pl\/shop\/"},{"@type":"ListItem","position":3,"name":"Mapacho Moi"}]},{"@type":"WebSite","@id":"https:\/\/www.sinchisinchi.com\/pl\/#website","url":"https:\/\/www.sinchisinchi.com\/pl\/","name":"SINCHI","description":"Sinchi Medicine","publisher":{"@id":"https:\/\/www.sinchisinchi.com\/pl\/#organization"},"potentialAction":[{"@type":"SearchAction","target":{"@type":"EntryPoint","urlTemplate":"https:\/\/www.sinchisinchi.com\/pl\/?s={search_term_string}"},"query-input":{"@type":"PropertyValueSpecification","valueRequired":true,"valueName":"search_term_string"}}],"inLanguage":"pl-PL"},{"@type":"Organization","@id":"https:\/\/www.sinchisinchi.com\/pl\/#organization","name":"SINCHI S.L","url":"https:\/\/www.sinchisinchi.com\/pl\/","logo":{"@type":"ImageObject","inLanguage":"pl-PL","@id":"https:\/\/www.sinchisinchi.com\/pl\/#\/schema\/logo\/image\/","url":"https:\/\/www.sinchisinchi.com\/wp-content\/uploads\/2026\/01\/3b-Verde-SIMPLIFICADO-HORIZONTAL-F-TRANSPARENTE-scaled.png","contentUrl":"https:\/\/www.sinchisinchi.com\/wp-content\/uploads\/2026\/01\/3b-Verde-SIMPLIFICADO-HORIZONTAL-F-TRANSPARENTE-scaled.png","width":2560,"height":457,"caption":"SINCHI S.L"},"image":{"@id":"https:\/\/www.sinchisinchi.com\/pl\/#\/schema\/logo\/image\/"},"sameAs":["https:\/\/www.facebook.com\/sinchirape\/","https:\/\/www.instagram.com\/sinchi_rape\/"]}]}},"_links":{"self":[{"href":"https:\/\/www.sinchisinchi.com\/pl\/wp-json\/wp\/v2\/product\/8243","targetHints":{"allow":["GET"]}}],"collection":[{"href":"https:\/\/www.sinchisinchi.com\/pl\/wp-json\/wp\/v2\/product"}],"about":[{"href":"https:\/\/www.sinchisinchi.com\/pl\/wp-json\/wp\/v2\/types\/product"}],"wp:featuredmedia":[{"embeddable":true,"href":"https:\/\/www.sinchisinchi.com\/pl\/wp-json\/wp\/v2\/media\/12947"}],"wp:attachment":[{"href":"https:\/\/www.sinchisinchi.com\/pl\/wp-json\/wp\/v2\/media?parent=8243"}],"wp:term":[{"taxonomy":"product_brand","embeddable":true,"href":"https:\/\/www.sinchisinchi.com\/pl\/wp-json\/wp\/v2\/product_brand?post=8243"},{"taxonomy":"product_cat","embeddable":true,"href":"https:\/\/www.sinchisinchi.com\/pl\/wp-json\/wp\/v2\/product_cat?post=8243"},{"taxonomy":"product_tag","embeddable":true,"href":"https:\/\/www.sinchisinchi.com\/pl\/wp-json\/wp\/v2\/product_tag?post=8243"}],"curies":[{"name":"wp","href":"https:\/\/api.w.org\/{rel}","templated":true}]}}