{"id":24699,"date":"2025-01-27T12:06:35","date_gmt":"2025-01-27T12:06:35","guid":{"rendered":"https:\/\/www.sinchisinchi.com\/a-planta-sagrada-nicotiana\/"},"modified":"2026-03-04T18:18:02","modified_gmt":"2026-03-04T18:18:02","slug":"a-planta-sagrada-nicotiana","status":"publish","type":"page","link":"https:\/\/www.sinchisinchi.com\/pt-pt\/conhecimento\/a-planta-sagrada-nicotiana\/","title":{"rendered":"A planta sagrada Nicotiana"},"content":{"rendered":"\n<h1 style=\"text-align: center;\">A planta sagrada Nicotiana<\/h1>\n<p>A planta Nicotiana (R\u00fastica ou tabacum) \u00e9 origin\u00e1ria da Am\u00e9rica, onde o homem a descobriu h\u00e1 cerca de dez mil anos. Muito antes da chegada dos espanh\u00f3is \u00e0 Am\u00e9rica, o uso de variedades de Nicotiana como planta medicinal j\u00e1 era visto em todo o lado, e era cultivada em diferentes espa\u00e7os e climas.<\/p>\n<div class=\"row\"  id=\"row-1905895721\">\n\n\n\t<div id=\"col-2039782842\" class=\"col medium-6 small-12 large-6\"  >\n\t\t\t\t<div class=\"col-inner\"  >\n\t\t\t\n\t\t\t\n\n\t<div class=\"img has-hover x md-x lg-x y md-y lg-y\" id=\"image_1490508640\">\n\t\t\t\t\t\t\t\t<div class=\"img-inner dark\" >\n\t\t\t<img loading=\"lazy\" decoding=\"async\" width=\"868\" height=\"563\" src=\"https:\/\/www.sinchisinchi.com\/wp-content\/uploads\/2024\/07\/R-Planta-del-mapacho7-2.jpg\" class=\"attachment-large size-large\" alt=\"\" srcset=\"https:\/\/www.sinchisinchi.com\/wp-content\/uploads\/2024\/07\/R-Planta-del-mapacho7-2.jpg 868w, https:\/\/www.sinchisinchi.com\/wp-content\/uploads\/2024\/07\/R-Planta-del-mapacho7-2-600x389.jpg 600w, https:\/\/www.sinchisinchi.com\/wp-content\/uploads\/2024\/07\/R-Planta-del-mapacho7-2-768x498.jpg 768w, https:\/\/www.sinchisinchi.com\/wp-content\/uploads\/2024\/07\/R-Planta-del-mapacho7-2-247x160.jpg 247w, https:\/\/www.sinchisinchi.com\/wp-content\/uploads\/2024\/07\/R-Planta-del-mapacho7-2-510x331.jpg 510w\" sizes=\"auto, (max-width: 868px) 100vw, 868px\" \/>\t\t\t\t\t\t\n\t\t\t\t\t<\/div>\n\t\t\t\t\t\t\t\t\n<style>\n#image_1490508640 {\n  width: 100%;\n}\n<\/style>\n\t<\/div>\n\t\n\n\n\t\t<\/div>\n\t\t\t\t\t<\/div>\n\n\t\n\n\t<div id=\"col-1170926518\" class=\"col medium-6 small-12 large-6\"  >\n\t\t\t\t<div class=\"col-inner\"  >\n\t\t\t\n\t\t\t\n\n\t<div class=\"img has-hover x md-x lg-x y md-y lg-y\" id=\"image_1651108513\">\n\t\t\t\t\t\t\t\t<div class=\"img-inner dark\" >\n\t\t\t<img loading=\"lazy\" decoding=\"async\" width=\"868\" height=\"563\" src=\"https:\/\/www.sinchisinchi.com\/wp-content\/uploads\/2024\/07\/R-dibujos-de-rape4-1.jpg\" class=\"attachment-large size-large\" alt=\"\" srcset=\"https:\/\/www.sinchisinchi.com\/wp-content\/uploads\/2024\/07\/R-dibujos-de-rape4-1.jpg 868w, https:\/\/www.sinchisinchi.com\/wp-content\/uploads\/2024\/07\/R-dibujos-de-rape4-1-600x389.jpg 600w, https:\/\/www.sinchisinchi.com\/wp-content\/uploads\/2024\/07\/R-dibujos-de-rape4-1-768x498.jpg 768w, https:\/\/www.sinchisinchi.com\/wp-content\/uploads\/2024\/07\/R-dibujos-de-rape4-1-247x160.jpg 247w, https:\/\/www.sinchisinchi.com\/wp-content\/uploads\/2024\/07\/R-dibujos-de-rape4-1-510x331.jpg 510w\" sizes=\"auto, (max-width: 868px) 100vw, 868px\" \/>\t\t\t\t\t\t\n\t\t\t\t\t<\/div>\n\t\t\t\t\t\t\t\t\n<style>\n#image_1651108513 {\n  width: 100%;\n}\n<\/style>\n\t<\/div>\n\t\n\n\n\t\t<\/div>\n\t\t\t\t\t<\/div>\n\n\t\n\n<\/div>\n<p><strong>O mapacho \u00e9 sagrado<\/strong>, por isso \u00e9 muito importante respeit\u00e1-lo e utiliz\u00e1-lo com muita responsabilidade e amor. As suas propriedades ajudam a acalmar os pensamentos e a focar-se no momento presente e em si mesmo.<\/p>\n<p>O av\u00f4 Mapacho exerce as diretor das outras plantas poderosas. Abre caminho a outras plantas poderosas, como a Ayahuasca, a San Pedro ou a Peyote.<\/p>\n<p>Estudar o mapachito \u00e9 a prepara\u00e7\u00e3o pr\u00e9via para poder escutar os esp\u00edritos guias, os esp\u00edritos da natureza e os seres que habitam outras dimens\u00f5es ou planos de consci\u00eancia.<\/p>\n<h2 style=\"text-align: center;\"><strong>A planta Nicotiana<\/strong><\/h2>\n<p>A Nicotiana \u00e9 uma planta da fam\u00edlia Solanaceae. Existem muitas variedades de Nicotiana, mas apenas duas s\u00e3o hoje muito utilizadas: Nicotiana tabacum (Tabaco) e Nicotiana R\u00fastica (Mapacho).<\/p>\n<p>A Nicotiana tabacum (Tabaco) \u00e9 a esp\u00e9cie utilizada pela ind\u00fastria tabaqueira, que a escolheu por raz\u00f5es comerciais, pois, por ser mais suave e menos agressiva, permite ao consumidor fumar mais e a uma velocidade mais baixa.<\/p>\n<p>Nicotiana rustica (Mapacho) \u00e9 a variedade de tabaco utilizada pelas tribos da Amaz\u00f3nia e \u00e9 uma variedade muito mais forte, contendo geralmente at\u00e9 dez vezes a quantidade de nicotina de uma folha padr\u00e3o de Nicotiana tabacum.<\/p>\n<div class=\"row\"  id=\"row-1027505711\">\n\n\n\t<div id=\"col-360144630\" class=\"col medium-6 small-12 large-6\"  >\n\t\t\t\t<div class=\"col-inner\"  >\n\t\t\t\n\t\t\t\n\n\t<div class=\"img has-hover x md-x lg-x y md-y lg-y\" id=\"image_1435140515\">\n\t\t\t\t\t\t\t\t<div class=\"img-inner dark\" >\n\t\t\t<img loading=\"lazy\" decoding=\"async\" width=\"868\" height=\"563\" src=\"https:\/\/www.sinchisinchi.com\/wp-content\/uploads\/2024\/07\/R-toma-de-rape1-2.jpg\" class=\"attachment-large size-large\" alt=\"\" srcset=\"https:\/\/www.sinchisinchi.com\/wp-content\/uploads\/2024\/07\/R-toma-de-rape1-2.jpg 868w, https:\/\/www.sinchisinchi.com\/wp-content\/uploads\/2024\/07\/R-toma-de-rape1-2-600x389.jpg 600w, https:\/\/www.sinchisinchi.com\/wp-content\/uploads\/2024\/07\/R-toma-de-rape1-2-768x498.jpg 768w, https:\/\/www.sinchisinchi.com\/wp-content\/uploads\/2024\/07\/R-toma-de-rape1-2-247x160.jpg 247w, https:\/\/www.sinchisinchi.com\/wp-content\/uploads\/2024\/07\/R-toma-de-rape1-2-510x331.jpg 510w\" sizes=\"auto, (max-width: 868px) 100vw, 868px\" \/>\t\t\t\t\t\t\n\t\t\t\t\t<\/div>\n\t\t\t\t\t\t\t\t\n<style>\n#image_1435140515 {\n  width: 100%;\n}\n<\/style>\n\t<\/div>\n\t\n\n\n\t\t<\/div>\n\t\t\t\t\t<\/div>\n\n\t\n\n\t<div id=\"col-167160605\" class=\"col medium-6 small-12 large-6\"  >\n\t\t\t\t<div class=\"col-inner\"  >\n\t\t\t\n\t\t\t\n\n\t<div class=\"img has-hover x md-x lg-x y md-y lg-y\" id=\"image_1346382068\">\n\t\t\t\t\t\t\t\t<div class=\"img-inner dark\" >\n\t\t\t<img loading=\"lazy\" decoding=\"async\" width=\"868\" height=\"563\" src=\"https:\/\/www.sinchisinchi.com\/wp-content\/uploads\/2024\/07\/R-Flor-del-mapacho1-2.jpg\" class=\"attachment-large size-large\" alt=\"\" srcset=\"https:\/\/www.sinchisinchi.com\/wp-content\/uploads\/2024\/07\/R-Flor-del-mapacho1-2.jpg 868w, https:\/\/www.sinchisinchi.com\/wp-content\/uploads\/2024\/07\/R-Flor-del-mapacho1-2-600x389.jpg 600w, https:\/\/www.sinchisinchi.com\/wp-content\/uploads\/2024\/07\/R-Flor-del-mapacho1-2-768x498.jpg 768w, https:\/\/www.sinchisinchi.com\/wp-content\/uploads\/2024\/07\/R-Flor-del-mapacho1-2-247x160.jpg 247w, https:\/\/www.sinchisinchi.com\/wp-content\/uploads\/2024\/07\/R-Flor-del-mapacho1-2-510x331.jpg 510w\" sizes=\"auto, (max-width: 868px) 100vw, 868px\" \/>\t\t\t\t\t\t\n\t\t\t\t\t<\/div>\n\t\t\t\t\t\t\t\t\n<style>\n#image_1346382068 {\n  width: 100%;\n}\n<\/style>\n\t<\/div>\n\t\n\n\n\t\t<\/div>\n\t\t\t\t\t<\/div>\n\n\t\n\n<\/div>\n<h3 style=\"text-align: center;\"><strong>A Cerim\u00f3nia Mapacho<\/strong><\/h3>\n<p>A Cerim\u00f3nia Mapacho faz parte da heran\u00e7a que os nossos antepassados \u200b\u200bnos legaram, e nela a palavra \u00e9 honrada atrav\u00e9s da escuta e da express\u00e3o dos nossos cora\u00e7\u00f5es, meditamos sobre a forma como queremos viver e estamos gratos por cada momento da vida.<\/p>\n<p>Em todos os tipos de cerim\u00f3nias, que podem ou n\u00e3o incluir o uso de outras plantas mestras, o mapacho \u00e9 oferecido ao Fogo Sagrado ou a outros elementos da natureza, por exemplo, \u00e0s diferentes dire\u00e7\u00f5es.<\/p>\n<div class=\"row\"  id=\"row-85686135\">\n\n\n\t<div id=\"col-318355606\" class=\"col medium-6 small-12 large-6\"  >\n\t\t\t\t<div class=\"col-inner\"  >\n\t\t\t\n\t\t\t\n\n\t<div class=\"img has-hover x md-x lg-x y md-y lg-y\" id=\"image_1729841636\">\n\t\t\t\t\t\t\t\t<div class=\"img-inner dark\" >\n\t\t\t<img loading=\"lazy\" decoding=\"async\" width=\"868\" height=\"563\" src=\"https:\/\/www.sinchisinchi.com\/wp-content\/uploads\/2024\/07\/R-Flor-del-mapacho2-3.jpg\" class=\"attachment-large size-large\" alt=\"\" srcset=\"https:\/\/www.sinchisinchi.com\/wp-content\/uploads\/2024\/07\/R-Flor-del-mapacho2-3.jpg 868w, https:\/\/www.sinchisinchi.com\/wp-content\/uploads\/2024\/07\/R-Flor-del-mapacho2-3-600x389.jpg 600w, https:\/\/www.sinchisinchi.com\/wp-content\/uploads\/2024\/07\/R-Flor-del-mapacho2-3-768x498.jpg 768w, https:\/\/www.sinchisinchi.com\/wp-content\/uploads\/2024\/07\/R-Flor-del-mapacho2-3-247x160.jpg 247w, https:\/\/www.sinchisinchi.com\/wp-content\/uploads\/2024\/07\/R-Flor-del-mapacho2-3-510x331.jpg 510w\" sizes=\"auto, (max-width: 868px) 100vw, 868px\" \/>\t\t\t\t\t\t\n\t\t\t\t\t<\/div>\n\t\t\t\t\t\t\t\t\n<style>\n#image_1729841636 {\n  width: 100%;\n}\n<\/style>\n\t<\/div>\n\t\n\n\n\t\t<\/div>\n\t\t\t\t\t<\/div>\n\n\t\n\n\t<div id=\"col-1879348548\" class=\"col medium-6 small-12 large-6\"  >\n\t\t\t\t<div class=\"col-inner\"  >\n\t\t\t\n\t\t\t\n\n\t<div class=\"img has-hover x md-x lg-x y md-y lg-y\" id=\"image_343485857\">\n\t\t\t\t\t\t\t\t<div class=\"img-inner dark\" >\n\t\t\t<img loading=\"lazy\" decoding=\"async\" width=\"868\" height=\"563\" src=\"https:\/\/www.sinchisinchi.com\/wp-content\/uploads\/2024\/07\/R-dibujos-de-rape3-2.jpg\" class=\"attachment-large size-large\" alt=\"\" srcset=\"https:\/\/www.sinchisinchi.com\/wp-content\/uploads\/2024\/07\/R-dibujos-de-rape3-2.jpg 868w, https:\/\/www.sinchisinchi.com\/wp-content\/uploads\/2024\/07\/R-dibujos-de-rape3-2-600x389.jpg 600w, https:\/\/www.sinchisinchi.com\/wp-content\/uploads\/2024\/07\/R-dibujos-de-rape3-2-768x498.jpg 768w, https:\/\/www.sinchisinchi.com\/wp-content\/uploads\/2024\/07\/R-dibujos-de-rape3-2-247x160.jpg 247w, https:\/\/www.sinchisinchi.com\/wp-content\/uploads\/2024\/07\/R-dibujos-de-rape3-2-510x331.jpg 510w\" sizes=\"auto, (max-width: 868px) 100vw, 868px\" \/>\t\t\t\t\t\t\n\t\t\t\t\t<\/div>\n\t\t\t\t\t\t\t\t\n<style>\n#image_343485857 {\n  width: 100%;\n}\n<\/style>\n\t<\/div>\n\t\n\n\n\t\t<\/div>\n\t\t\t\t\t<\/div>\n\n\t\n\n<\/div>\n<h3 style=\"text-align: center;\"><strong>Propriedades da planta Mapacho<\/strong><\/h3>\n<p>\u00c9 uma planta fumigante por excel\u00eancia, em todas as suas formas podemos utilizar o tabaco como um excelente fumigante, tanto no nosso corpo, animais, plantas e em todo o tipo de objectos ou espa\u00e7os. Al\u00e9m disso, \u00e9 um excelente agente de cura.<\/p>\n<p>Cada planta manifesta a energia de um dos quatro elementos <strong>(Terra, \u00c1gua, Ar e Fogo)<\/strong>. Existem plantas terrestres, como o yawar panga (Aristolochiadidyma), plantas aqu\u00e1ticas, como o yaku sisa, plantas a\u00e9reas, como a rosa sisa (Tagetes erecta), e plantas de fogo, como o ajo sacha (Mansoaalliacea) e a mucura (Petiveraalliacea). Cada planta estimula as fun\u00e7\u00f5es f\u00edsicas e psicol\u00f3gicas correspondentes ao elemento referido no paciente.<\/p>\n<p>Certas plantas expressam v\u00e1rios elementos, e o mapacho \u00e9 uma das poucas esp\u00e9cies que est\u00e1 ligada aos 4 elementos da natureza, sendo por isso considerada uma \u201cplanta universal\u201d. (A planta sagrada da coca \u00e9 a \u00fanica esp\u00e9cie conhecida que tamb\u00e9m possui estas caracter\u00edsticas)<\/p>\n<p>Esta caracter\u00edstica do mapacho permite que este seja combinado com qualquer outra planta sem oposi\u00e7\u00e3o: o mapacho atua energizando ou potenciando o efeito da planta a que est\u00e1 associado.<\/p>\n<div class=\"row\"  id=\"row-1370268025\">\n\n\n\t<div id=\"col-209305539\" class=\"col medium-6 small-12 large-6\"  >\n\t\t\t\t<div class=\"col-inner\"  >\n\t\t\t\n\t\t\t\n\n<div class=\"video video-fit mb\" style=\"padding-top:56.25%;\"><iframe loading=\"lazy\" title=\"EL PODER CURATIVO DEL TABACO - EL RAP\u00c9 Y OTROS RITUALES\" width=\"1020\" height=\"574\" src=\"https:\/\/www.youtube.com\/embed\/ljwx0ZJ7sDE?feature=oembed&#038;enablejsapi=1&#038;origin=https:\/\/www.sinchisinchi.com\" frameborder=\"0\" allow=\"accelerometer; autoplay; clipboard-write; encrypted-media; gyroscope; picture-in-picture; web-share\" referrerpolicy=\"strict-origin-when-cross-origin\" allowfullscreen><\/iframe><\/div>\n\n\n\t\t<\/div>\n\t\t\t\t\t<\/div>\n\n\t\n\n\t<div id=\"col-307739428\" class=\"col medium-6 small-12 large-6\"  >\n\t\t\t\t<div class=\"col-inner\"  >\n\t\t\t\n\t\t\t\n\n<div class=\"video video-fit mb\" style=\"padding-top:56.25%;\"><p><iframe loading=\"lazy\" title=\"Sinchi, sinchi, negrito. El uso medicinal del tabaco en la alta amazonia peruana.\" width=\"1020\" height=\"574\" src=\"https:\/\/www.youtube.com\/embed\/0uzANSxlepM?feature=oembed&#038;enablejsapi=1&#038;origin=https:\/\/www.sinchisinchi.com\" frameborder=\"0\" allow=\"accelerometer; autoplay; clipboard-write; encrypted-media; gyroscope; picture-in-picture; web-share\" referrerpolicy=\"strict-origin-when-cross-origin\" allowfullscreen><\/iframe><\/p>\n<\/div>\n\n\n\t\t<\/div>\n\t\t\t\t\t<\/div>\n\n\t\n\n<\/div>\n<div class=\"row align-bottom align-center\"  id=\"row-1153478727\">\n\n\n\t<div id=\"col-240123862\" class=\"col medium-4 small-12 large-4\"  >\n\t\t\t\t<div class=\"col-inner\"  >\n\t\t\t\n\t\t\t\n\n\n\t\t<\/div>\n\t\t\t\t\t<\/div>\n\n\t\n\n\t<div id=\"col-945883689\" class=\"col medium-4 small-12 large-4\"  >\n\t\t\t\t<div class=\"col-inner\"  >\n\t\t\t\n\t\t\t\n\n<a href=\"https:\/\/www.sinchisinchi.com\/es\/conocimiento\/la-planta-sagrada-nicotiana\/uso-tradicional-mapacho\/\" class=\"button primary is-underline reveal-icon expand\" >\n\t\t<span>Continuar Lendo<\/span>\n\t<i class=\"icon-angle-right\" aria-hidden=\"true\"><\/i><\/a>\n\n\n\n\t\t<\/div>\n\t\t\t\t\t<\/div>\n\n\t\n\n\t<div id=\"col-1893981843\" class=\"col medium-4 small-12 large-4\"  >\n\t\t\t\t<div class=\"col-inner\"  >\n\t\t\t\n\t\t\t\n\n\n\t\t<\/div>\n\t\t\t\t\t<\/div>\n\n\t\n\n<\/div>\n\n","protected":false},"excerpt":{"rendered":"","protected":false},"author":1,"featured_media":0,"parent":27364,"menu_order":0,"comment_status":"closed","ping_status":"closed","template":"","meta":{"_joinchat":[],"footnotes":""},"class_list":["post-24699","page","type-page","status-publish","hentry"],"yoast_head":"<!-- This site is optimized with the Yoast SEO plugin v27.4 - https:\/\/yoast.com\/product\/yoast-seo-wordpress\/ -->\n<title>A planta sagrada do Mapacho (Nicotiana): Efeitos<\/title>\n<meta name=\"description\" content=\"A planta Nicotiana \u00e9 origin\u00e1ria da Am\u00e9rica, onde o homem a descobriu h\u00e1 milhares de anos, antes de o seu uso se ter espalhado pelo mundo.\" \/>\n<meta name=\"robots\" content=\"index, follow, max-snippet:-1, max-image-preview:large, max-video-preview:-1\" \/>\n<link rel=\"canonical\" href=\"https:\/\/www.sinchisinchi.com\/pt-pt\/conhecimento\/a-planta-sagrada-nicotiana\/\" \/>\n<meta property=\"og:locale\" content=\"pt_PT\" \/>\n<meta property=\"og:type\" content=\"article\" \/>\n<meta property=\"og:title\" content=\"A planta sagrada do Mapacho (Nicotiana): Efeitos\" \/>\n<meta property=\"og:description\" content=\"A planta Nicotiana \u00e9 origin\u00e1ria da Am\u00e9rica, onde o homem a descobriu h\u00e1 milhares de anos, antes de o seu uso se ter espalhado pelo mundo.\" \/>\n<meta property=\"og:url\" content=\"https:\/\/www.sinchisinchi.com\/pt-pt\/conhecimento\/a-planta-sagrada-nicotiana\/\" \/>\n<meta property=\"og:site_name\" content=\"SINCHI RAP\u00c9\" \/>\n<meta property=\"article:publisher\" content=\"https:\/\/www.facebook.com\/sinchirape\/\" \/>\n<meta property=\"article:modified_time\" content=\"2026-03-04T18:18:02+00:00\" \/>\n<meta name=\"twitter:card\" content=\"summary_large_image\" \/>\n<meta name=\"twitter:label1\" content=\"Tempo estimado de leitura\" \/>\n\t<meta name=\"twitter:data1\" content=\"4 minutos\" \/>\n<script type=\"application\/ld+json\" class=\"yoast-schema-graph\">{\"@context\":\"https:\\\/\\\/schema.org\",\"@graph\":[{\"@type\":\"WebPage\",\"@id\":\"https:\\\/\\\/www.sinchisinchi.com\\\/pt-pt\\\/conhecimento\\\/a-planta-sagrada-nicotiana\\\/\",\"url\":\"https:\\\/\\\/www.sinchisinchi.com\\\/pt-pt\\\/conhecimento\\\/a-planta-sagrada-nicotiana\\\/\",\"name\":\"A planta sagrada do Mapacho (Nicotiana): Efeitos\",\"isPartOf\":{\"@id\":\"https:\\\/\\\/www.sinchisinchi.com\\\/pt-pt\\\/#website\"},\"datePublished\":\"2025-01-27T12:06:35+00:00\",\"dateModified\":\"2026-03-04T18:18:02+00:00\",\"description\":\"A planta Nicotiana \u00e9 origin\u00e1ria da Am\u00e9rica, onde o homem a descobriu h\u00e1 milhares de anos, antes de o seu uso se ter espalhado pelo mundo.\",\"breadcrumb\":{\"@id\":\"https:\\\/\\\/www.sinchisinchi.com\\\/pt-pt\\\/conhecimento\\\/a-planta-sagrada-nicotiana\\\/#breadcrumb\"},\"inLanguage\":\"pt-PT\",\"potentialAction\":[{\"@type\":\"ReadAction\",\"target\":[\"https:\\\/\\\/www.sinchisinchi.com\\\/pt-pt\\\/conhecimento\\\/a-planta-sagrada-nicotiana\\\/\"]}]},{\"@type\":\"BreadcrumbList\",\"@id\":\"https:\\\/\\\/www.sinchisinchi.com\\\/pt-pt\\\/conhecimento\\\/a-planta-sagrada-nicotiana\\\/#breadcrumb\",\"itemListElement\":[{\"@type\":\"ListItem\",\"position\":1,\"name\":\"Prima pagina\",\"item\":\"https:\\\/\\\/www.sinchisinchi.com\\\/pt-pt\\\/\"},{\"@type\":\"ListItem\",\"position\":2,\"name\":\"Conhecimento\",\"item\":\"https:\\\/\\\/www.sinchisinchi.com\\\/pt-pt\\\/conhecimento\\\/\"},{\"@type\":\"ListItem\",\"position\":3,\"name\":\"A planta sagrada Nicotiana\"}]},{\"@type\":\"WebSite\",\"@id\":\"https:\\\/\\\/www.sinchisinchi.com\\\/pt-pt\\\/#website\",\"url\":\"https:\\\/\\\/www.sinchisinchi.com\\\/pt-pt\\\/\",\"name\":\"SINCHI\",\"description\":\"Sinchi Medicine\",\"publisher\":{\"@id\":\"https:\\\/\\\/www.sinchisinchi.com\\\/pt-pt\\\/#organization\"},\"potentialAction\":[{\"@type\":\"SearchAction\",\"target\":{\"@type\":\"EntryPoint\",\"urlTemplate\":\"https:\\\/\\\/www.sinchisinchi.com\\\/pt-pt\\\/?s={search_term_string}\"},\"query-input\":{\"@type\":\"PropertyValueSpecification\",\"valueRequired\":true,\"valueName\":\"search_term_string\"}}],\"inLanguage\":\"pt-PT\"},{\"@type\":\"Organization\",\"@id\":\"https:\\\/\\\/www.sinchisinchi.com\\\/pt-pt\\\/#organization\",\"name\":\"SINCHI S.L\",\"url\":\"https:\\\/\\\/www.sinchisinchi.com\\\/pt-pt\\\/\",\"logo\":{\"@type\":\"ImageObject\",\"inLanguage\":\"pt-PT\",\"@id\":\"https:\\\/\\\/www.sinchisinchi.com\\\/pt-pt\\\/#\\\/schema\\\/logo\\\/image\\\/\",\"url\":\"https:\\\/\\\/www.sinchisinchi.com\\\/wp-content\\\/uploads\\\/2026\\\/01\\\/3b-Verde-SIMPLIFICADO-HORIZONTAL-F-TRANSPARENTE-scaled.png\",\"contentUrl\":\"https:\\\/\\\/www.sinchisinchi.com\\\/wp-content\\\/uploads\\\/2026\\\/01\\\/3b-Verde-SIMPLIFICADO-HORIZONTAL-F-TRANSPARENTE-scaled.png\",\"width\":2560,\"height\":457,\"caption\":\"SINCHI S.L\"},\"image\":{\"@id\":\"https:\\\/\\\/www.sinchisinchi.com\\\/pt-pt\\\/#\\\/schema\\\/logo\\\/image\\\/\"},\"sameAs\":[\"https:\\\/\\\/www.facebook.com\\\/sinchirape\\\/\",\"https:\\\/\\\/www.instagram.com\\\/sinchi_rape\\\/\"]}]}<\/script>\n<!-- \/ Yoast SEO plugin. -->","yoast_head_json":{"title":"A planta sagrada do Mapacho (Nicotiana): Efeitos","description":"A planta Nicotiana \u00e9 origin\u00e1ria da Am\u00e9rica, onde o homem a descobriu h\u00e1 milhares de anos, antes de o seu uso se ter espalhado pelo mundo.","robots":{"index":"index","follow":"follow","max-snippet":"max-snippet:-1","max-image-preview":"max-image-preview:large","max-video-preview":"max-video-preview:-1"},"canonical":"https:\/\/www.sinchisinchi.com\/pt-pt\/conhecimento\/a-planta-sagrada-nicotiana\/","og_locale":"pt_PT","og_type":"article","og_title":"A planta sagrada do Mapacho (Nicotiana): Efeitos","og_description":"A planta Nicotiana \u00e9 origin\u00e1ria da Am\u00e9rica, onde o homem a descobriu h\u00e1 milhares de anos, antes de o seu uso se ter espalhado pelo mundo.","og_url":"https:\/\/www.sinchisinchi.com\/pt-pt\/conhecimento\/a-planta-sagrada-nicotiana\/","og_site_name":"SINCHI RAP\u00c9","article_publisher":"https:\/\/www.facebook.com\/sinchirape\/","article_modified_time":"2026-03-04T18:18:02+00:00","twitter_card":"summary_large_image","twitter_misc":{"Tempo estimado de leitura":"4 minutos"},"schema":{"@context":"https:\/\/schema.org","@graph":[{"@type":"WebPage","@id":"https:\/\/www.sinchisinchi.com\/pt-pt\/conhecimento\/a-planta-sagrada-nicotiana\/","url":"https:\/\/www.sinchisinchi.com\/pt-pt\/conhecimento\/a-planta-sagrada-nicotiana\/","name":"A planta sagrada do Mapacho (Nicotiana): Efeitos","isPartOf":{"@id":"https:\/\/www.sinchisinchi.com\/pt-pt\/#website"},"datePublished":"2025-01-27T12:06:35+00:00","dateModified":"2026-03-04T18:18:02+00:00","description":"A planta Nicotiana \u00e9 origin\u00e1ria da Am\u00e9rica, onde o homem a descobriu h\u00e1 milhares de anos, antes de o seu uso se ter espalhado pelo mundo.","breadcrumb":{"@id":"https:\/\/www.sinchisinchi.com\/pt-pt\/conhecimento\/a-planta-sagrada-nicotiana\/#breadcrumb"},"inLanguage":"pt-PT","potentialAction":[{"@type":"ReadAction","target":["https:\/\/www.sinchisinchi.com\/pt-pt\/conhecimento\/a-planta-sagrada-nicotiana\/"]}]},{"@type":"BreadcrumbList","@id":"https:\/\/www.sinchisinchi.com\/pt-pt\/conhecimento\/a-planta-sagrada-nicotiana\/#breadcrumb","itemListElement":[{"@type":"ListItem","position":1,"name":"Prima pagina","item":"https:\/\/www.sinchisinchi.com\/pt-pt\/"},{"@type":"ListItem","position":2,"name":"Conhecimento","item":"https:\/\/www.sinchisinchi.com\/pt-pt\/conhecimento\/"},{"@type":"ListItem","position":3,"name":"A planta sagrada Nicotiana"}]},{"@type":"WebSite","@id":"https:\/\/www.sinchisinchi.com\/pt-pt\/#website","url":"https:\/\/www.sinchisinchi.com\/pt-pt\/","name":"SINCHI","description":"Sinchi Medicine","publisher":{"@id":"https:\/\/www.sinchisinchi.com\/pt-pt\/#organization"},"potentialAction":[{"@type":"SearchAction","target":{"@type":"EntryPoint","urlTemplate":"https:\/\/www.sinchisinchi.com\/pt-pt\/?s={search_term_string}"},"query-input":{"@type":"PropertyValueSpecification","valueRequired":true,"valueName":"search_term_string"}}],"inLanguage":"pt-PT"},{"@type":"Organization","@id":"https:\/\/www.sinchisinchi.com\/pt-pt\/#organization","name":"SINCHI S.L","url":"https:\/\/www.sinchisinchi.com\/pt-pt\/","logo":{"@type":"ImageObject","inLanguage":"pt-PT","@id":"https:\/\/www.sinchisinchi.com\/pt-pt\/#\/schema\/logo\/image\/","url":"https:\/\/www.sinchisinchi.com\/wp-content\/uploads\/2026\/01\/3b-Verde-SIMPLIFICADO-HORIZONTAL-F-TRANSPARENTE-scaled.png","contentUrl":"https:\/\/www.sinchisinchi.com\/wp-content\/uploads\/2026\/01\/3b-Verde-SIMPLIFICADO-HORIZONTAL-F-TRANSPARENTE-scaled.png","width":2560,"height":457,"caption":"SINCHI S.L"},"image":{"@id":"https:\/\/www.sinchisinchi.com\/pt-pt\/#\/schema\/logo\/image\/"},"sameAs":["https:\/\/www.facebook.com\/sinchirape\/","https:\/\/www.instagram.com\/sinchi_rape\/"]}]}},"_links":{"self":[{"href":"https:\/\/www.sinchisinchi.com\/pt-pt\/wp-json\/wp\/v2\/pages\/24699","targetHints":{"allow":["GET"]}}],"collection":[{"href":"https:\/\/www.sinchisinchi.com\/pt-pt\/wp-json\/wp\/v2\/pages"}],"about":[{"href":"https:\/\/www.sinchisinchi.com\/pt-pt\/wp-json\/wp\/v2\/types\/page"}],"author":[{"embeddable":true,"href":"https:\/\/www.sinchisinchi.com\/pt-pt\/wp-json\/wp\/v2\/users\/1"}],"replies":[{"embeddable":true,"href":"https:\/\/www.sinchisinchi.com\/pt-pt\/wp-json\/wp\/v2\/comments?post=24699"}],"version-history":[{"count":1,"href":"https:\/\/www.sinchisinchi.com\/pt-pt\/wp-json\/wp\/v2\/pages\/24699\/revisions"}],"predecessor-version":[{"id":30195,"href":"https:\/\/www.sinchisinchi.com\/pt-pt\/wp-json\/wp\/v2\/pages\/24699\/revisions\/30195"}],"up":[{"embeddable":true,"href":"https:\/\/www.sinchisinchi.com\/pt-pt\/wp-json\/wp\/v2\/pages\/27364"}],"wp:attachment":[{"href":"https:\/\/www.sinchisinchi.com\/pt-pt\/wp-json\/wp\/v2\/media?parent=24699"}],"curies":[{"name":"wp","href":"https:\/\/api.w.org\/{rel}","templated":true}]}}