{"id":25252,"date":"2025-01-30T14:43:03","date_gmt":"2025-01-30T14:43:03","guid":{"rendered":"https:\/\/www.sinchisinchi.com\/o-que-e-rape\/"},"modified":"2026-03-04T18:56:57","modified_gmt":"2026-03-04T18:56:57","slug":"o-que-e-rape","status":"publish","type":"page","link":"https:\/\/www.sinchisinchi.com\/pt-pt\/conhecimento\/o-que-e-rape\/","title":{"rendered":"O que \u00e9 Rap\u00e9"},"content":{"rendered":"\n<h1 style=\"text-align: center;\"><strong>O que \u00e9 Rap\u00e9?<\/strong><\/h1>\n<p>O Rap\u00e9 \u00e9 uma<strong> medicina sagrada<\/strong> usada h\u00e1 milhares de anos por diferentes tribos que habitam a Amaz\u00f4nia e uma \u00f3tima ferramenta para acalmar a mente e se conectar com a ess\u00eancia do universo.<\/p>\n<p>O Rap\u00e9 \u00e9 composto principalmente de <strong>Mapacho<\/strong> finamente mo\u00eddo e peneirado, <strong>cinzas de fogueiras<\/strong> <strong>cerimoniais<\/strong> e outras <strong>plantas sagradas<\/strong> que determinam sua alquimia sutil. O resultado \u00e9 um p\u00f3 muito fino e picante, no qual \u00e9 poss\u00edvel perceber os cristais da planta.<\/p>\n<p>Embora cada receita de rap\u00e9 seja preparada com plantas diferentes, o av\u00f4 mapacho est\u00e1 sempre presente, salvo raras exce\u00e7\u00f5es, pois ajuda a ordenar, integrar e equilibrar os demais medicamentos e direcion\u00e1-los para uma finalidade espec\u00edfica.<\/p>\n<p>Nicotiana <strong>(o conhecido tabaco, Nicotiana tabacum) ou Mapacho (Nicotiana R\u00fastica),<\/strong> \u00e9 uma planta mestre encontrada em todos os continentes e est\u00e1 associada ao homem desde os tempos antigos. Acima de tudo, o pequeno guaxinim \u00e9 uma porta de entrada por excel\u00eancia para o esp\u00edrito e o universo.<\/p>\n<p>Por todas essas raz\u00f5es, o tabaco \u00e9 considerado a mais importante das plantas mestras, aquela que atua como maestro da orquestra sinf\u00f4nica.<\/p>\n<div class=\"row\"  id=\"row-1628357754\">\n\n\n\t<div id=\"col-1962315125\" class=\"col medium-6 small-12 large-6\"  >\n\t\t\t\t<div class=\"col-inner\"  >\n\t\t\t\n\t\t\t\n\n\t<div class=\"img has-hover x md-x lg-x y md-y lg-y\" id=\"image_696711832\">\n\t\t\t\t\t\t\t\t<div class=\"img-inner dark\" >\n\t\t\t<img loading=\"lazy\" decoding=\"async\" width=\"868\" height=\"563\" src=\"https:\/\/www.sinchisinchi.com\/wp-content\/uploads\/2024\/07\/R-Flor-del-mapacho2-3.jpg\" class=\"attachment-large size-large\" alt=\"\" srcset=\"https:\/\/www.sinchisinchi.com\/wp-content\/uploads\/2024\/07\/R-Flor-del-mapacho2-3.jpg 868w, https:\/\/www.sinchisinchi.com\/wp-content\/uploads\/2024\/07\/R-Flor-del-mapacho2-3-600x389.jpg 600w, https:\/\/www.sinchisinchi.com\/wp-content\/uploads\/2024\/07\/R-Flor-del-mapacho2-3-768x498.jpg 768w, https:\/\/www.sinchisinchi.com\/wp-content\/uploads\/2024\/07\/R-Flor-del-mapacho2-3-247x160.jpg 247w, https:\/\/www.sinchisinchi.com\/wp-content\/uploads\/2024\/07\/R-Flor-del-mapacho2-3-510x331.jpg 510w\" sizes=\"auto, (max-width: 868px) 100vw, 868px\" \/>\t\t\t\t\t\t\n\t\t\t\t\t<\/div>\n\t\t\t\t\t\t\t\t\n<style>\n#image_696711832 {\n  width: 100%;\n}\n<\/style>\n\t<\/div>\n\t\n\n\n\t\t<\/div>\n\t\t\t\t\t<\/div>\n\n\t\n\n\t<div id=\"col-842946689\" class=\"col medium-6 small-12 large-6\"  >\n\t\t\t\t<div class=\"col-inner\"  >\n\t\t\t\n\t\t\t\n\n\t<div class=\"img has-hover x md-x lg-x y md-y lg-y\" id=\"image_280875064\">\n\t\t\t\t\t\t\t\t<div class=\"img-inner dark\" >\n\t\t\t<img loading=\"lazy\" decoding=\"async\" width=\"868\" height=\"563\" src=\"https:\/\/www.sinchisinchi.com\/wp-content\/uploads\/2024\/07\/R-dibujos-de-rape4-1.jpg\" class=\"attachment-large size-large\" alt=\"\" srcset=\"https:\/\/www.sinchisinchi.com\/wp-content\/uploads\/2024\/07\/R-dibujos-de-rape4-1.jpg 868w, https:\/\/www.sinchisinchi.com\/wp-content\/uploads\/2024\/07\/R-dibujos-de-rape4-1-600x389.jpg 600w, https:\/\/www.sinchisinchi.com\/wp-content\/uploads\/2024\/07\/R-dibujos-de-rape4-1-768x498.jpg 768w, https:\/\/www.sinchisinchi.com\/wp-content\/uploads\/2024\/07\/R-dibujos-de-rape4-1-247x160.jpg 247w, https:\/\/www.sinchisinchi.com\/wp-content\/uploads\/2024\/07\/R-dibujos-de-rape4-1-510x331.jpg 510w\" sizes=\"auto, (max-width: 868px) 100vw, 868px\" \/>\t\t\t\t\t\t\n\t\t\t\t\t<\/div>\n\t\t\t\t\t\t\t\t\n<style>\n#image_280875064 {\n  width: 100%;\n}\n<\/style>\n\t<\/div>\n\t\n\n\n\t\t<\/div>\n\t\t\t\t\t<\/div>\n\n\t\n\n<\/div>\n<h2 style=\"text-align: center;\"><strong>Tipos de Rap\u00e9<\/strong><\/h2>\n<p>As variedades de rap\u00e9 com maior propor\u00e7\u00e3o de cinzas s\u00e3o mais claras e acinzentadas; S\u00e3o consideradas variedades <strong>\u201ca\u00e9reas\u201d,<\/strong> seu efeito \u00e9 mais estimulante e s\u00e3o indicadas para situa\u00e7\u00f5es em que desejamos subir e flutuar, conectando-nos com o sutil e o divino. S\u00e3o variedades geralmente mais recomendadas para iniciantes.<\/p>\n<p>As variedades de rap\u00e9 com maior propor\u00e7\u00e3o de mapacho s\u00e3o mais escuras e marrons; S\u00e3o variedades<strong> \u201cTerra\u201d,<\/strong> seu efeito \u00e9 mais sedativo, e s\u00e3o indicadas para conectar com a profundidade, ra\u00edzes, ancestrais. S\u00e3o variedades indicadas para usu\u00e1rios mais avan\u00e7ados.<\/p>\n<p>Entre esses dois extremos, h\u00e1 uma grande variedade de variedades, cada uma com seu pr\u00f3prio esp\u00edrito e sutilezas, que determinar\u00e3o se o Rap\u00e9 tem poderes de cura, concentra\u00e7\u00e3o, guerreiros ou outras conex\u00f5es.<\/p>\n<p>Alguns rap\u00e9s recebem o nome das tribos que os utilizam, como as tribos Yawanawa, Nukini, Manchinery e Katukina.<\/p>\n<div class=\"row\"  id=\"row-674902160\">\n\n\n\t<div id=\"col-2103946215\" class=\"col medium-6 small-12 large-6\"  >\n\t\t\t\t<div class=\"col-inner\"  >\n\t\t\t\n\t\t\t\n\n\t<div class=\"img has-hover x md-x lg-x y md-y lg-y\" id=\"image_2060390058\">\n\t\t\t\t\t\t\t\t<div class=\"img-inner dark\" >\n\t\t\t<img loading=\"lazy\" decoding=\"async\" width=\"868\" height=\"563\" src=\"https:\/\/www.sinchisinchi.com\/wp-content\/uploads\/2024\/07\/R-dibujos-de-rape3-2.jpg\" class=\"attachment-large size-large\" alt=\"\" srcset=\"https:\/\/www.sinchisinchi.com\/wp-content\/uploads\/2024\/07\/R-dibujos-de-rape3-2.jpg 868w, https:\/\/www.sinchisinchi.com\/wp-content\/uploads\/2024\/07\/R-dibujos-de-rape3-2-600x389.jpg 600w, https:\/\/www.sinchisinchi.com\/wp-content\/uploads\/2024\/07\/R-dibujos-de-rape3-2-768x498.jpg 768w, https:\/\/www.sinchisinchi.com\/wp-content\/uploads\/2024\/07\/R-dibujos-de-rape3-2-247x160.jpg 247w, https:\/\/www.sinchisinchi.com\/wp-content\/uploads\/2024\/07\/R-dibujos-de-rape3-2-510x331.jpg 510w\" sizes=\"auto, (max-width: 868px) 100vw, 868px\" \/>\t\t\t\t\t\t\n\t\t\t\t\t<\/div>\n\t\t\t\t\t\t\t\t\n<style>\n#image_2060390058 {\n  width: 100%;\n}\n<\/style>\n\t<\/div>\n\t\n\n\n\t\t<\/div>\n\t\t\t\t\t<\/div>\n\n\t\n\n\t<div id=\"col-947931425\" class=\"col medium-6 small-12 large-6\"  >\n\t\t\t\t<div class=\"col-inner\"  >\n\t\t\t\n\t\t\t\n\n\t<div class=\"img has-hover x md-x lg-x y md-y lg-y\" id=\"image_1930237167\">\n\t\t\t\t\t\t\t\t<div class=\"img-inner dark\" >\n\t\t\t<img loading=\"lazy\" decoding=\"async\" width=\"868\" height=\"563\" src=\"https:\/\/www.sinchisinchi.com\/wp-content\/uploads\/2024\/07\/R-toma-de-rape3-1.jpg\" class=\"attachment-large size-large\" alt=\"\" srcset=\"https:\/\/www.sinchisinchi.com\/wp-content\/uploads\/2024\/07\/R-toma-de-rape3-1.jpg 868w, https:\/\/www.sinchisinchi.com\/wp-content\/uploads\/2024\/07\/R-toma-de-rape3-1-600x389.jpg 600w, https:\/\/www.sinchisinchi.com\/wp-content\/uploads\/2024\/07\/R-toma-de-rape3-1-768x498.jpg 768w, https:\/\/www.sinchisinchi.com\/wp-content\/uploads\/2024\/07\/R-toma-de-rape3-1-247x160.jpg 247w, https:\/\/www.sinchisinchi.com\/wp-content\/uploads\/2024\/07\/R-toma-de-rape3-1-510x331.jpg 510w\" sizes=\"auto, (max-width: 868px) 100vw, 868px\" \/>\t\t\t\t\t\t\n\t\t\t\t\t<\/div>\n\t\t\t\t\t\t\t\t\n<style>\n#image_1930237167 {\n  width: 100%;\n}\n<\/style>\n\t<\/div>\n\t\n\n\n\t\t<\/div>\n\t\t\t\t\t<\/div>\n\n\t\n\n<\/div>\n<h2 style=\"text-align: center;\"><strong>Uso adequado<\/strong><\/h2>\n<p>O Rap\u00e9 \u00e9 uma medicina ancestral e seu consumo adequado nos proporciona cura, for\u00e7a e conex\u00e3o com o universo e conosco mesmos. Para que seja uma ferramenta de cura e n\u00e3o uma pr\u00e1tica autodestrutiva, devemos utiliz\u00e1-la de forma ancestral, com inten\u00e7\u00e3o pura e muito respeito, e entender que cheirar rap\u00e9 \u00e9 um caminho de aprendizado.<\/p>\n<p>No Ocidente, h\u00e1 uma tend\u00eancia de desvincula\u00e7\u00e3o de sua finalidade medicinal e sagrada, dando-lhe um uso social e superficial em contextos inapropriados. Bem utilizado, o rap\u00e9 \u00e9 um maravilhoso aliado e companheiro de viagem. Ao comprar rap\u00e9, certifiquemo-nos de restaur\u00e1-lo ao seu lugar como uma medicina ancestral de cura para o corpo e a mente.<\/p>\n<h3 style=\"text-align: center;\"><strong>Com que frequ\u00eancia \u00e9 apropriado fumar rap\u00e9?<\/strong><\/h3>\n<p>Ao comprar rap\u00e9, voc\u00ea est\u00e1 adquirindo uma ferramenta poderosa para aprimorar uma das nossas armas mais valiosas: a mente. A dosagem e a frequ\u00eancia dependem da necessidade espiritual real e consciente do indiv\u00edduo, como acontece com todos os medicamentos; da rela\u00e7\u00e3o de cada pessoa com ele e do momento de sua evolu\u00e7\u00e3o.<\/p>\n<p>No caso do rap\u00e9, o uso correto \u00e9 medido mais pela qualidade da ingest\u00e3o do que pela quantidade; respeitando seu car\u00e1ter sagrado e colocando sempre uma ora\u00e7\u00e3o luminosa e uma inten\u00e7\u00e3o pura.<\/p>\n<p>\u00c9 sabido que excessos e extremos n\u00e3o costumam ser bons rem\u00e9dios. \u00c9 comum, no in\u00edcio do relacionamento com o Rap\u00e9, ter uma fome excessiva de tomar muitas doses por dia, al\u00e9m de explorar e sentir seus efeitos f\u00edsicos.<\/p>\n<p>Isso n\u00e3o \u00e9 motivo de preocupa\u00e7\u00e3o, desde que o ritual seja usado corretamente, pois com o tempo a rela\u00e7\u00e3o se equilibra, e o aluno passa a apreciar seus efeitos energ\u00e9ticos e espirituais acima das sensa\u00e7\u00f5es f\u00edsicas, e naturalmente, come\u00e7a-se a usar quando o o esp\u00edrito exige isso.<\/p>\n<div class=\"row\"  id=\"row-1834535506\">\n\n\n\t<div id=\"col-227324170\" class=\"col medium-6 small-12 large-6\"  >\n\t\t\t\t<div class=\"col-inner\"  >\n\t\t\t\n\t\t\t\n\n\t<div class=\"img has-hover x md-x lg-x y md-y lg-y\" id=\"image_1711514556\">\n\t\t\t\t\t\t\t\t<div class=\"img-inner dark\" >\n\t\t\t<img loading=\"lazy\" decoding=\"async\" width=\"868\" height=\"563\" src=\"https:\/\/www.sinchisinchi.com\/wp-content\/uploads\/2024\/07\/R-toma-de-rape2-1.jpg\" class=\"attachment-large size-large\" alt=\"\" srcset=\"https:\/\/www.sinchisinchi.com\/wp-content\/uploads\/2024\/07\/R-toma-de-rape2-1.jpg 868w, https:\/\/www.sinchisinchi.com\/wp-content\/uploads\/2024\/07\/R-toma-de-rape2-1-600x389.jpg 600w, https:\/\/www.sinchisinchi.com\/wp-content\/uploads\/2024\/07\/R-toma-de-rape2-1-768x498.jpg 768w, https:\/\/www.sinchisinchi.com\/wp-content\/uploads\/2024\/07\/R-toma-de-rape2-1-247x160.jpg 247w, https:\/\/www.sinchisinchi.com\/wp-content\/uploads\/2024\/07\/R-toma-de-rape2-1-510x331.jpg 510w\" sizes=\"auto, (max-width: 868px) 100vw, 868px\" \/>\t\t\t\t\t\t\n\t\t\t\t\t<\/div>\n\t\t\t\t\t\t\t\t\n<style>\n#image_1711514556 {\n  width: 100%;\n}\n<\/style>\n\t<\/div>\n\t\n\n\n\t\t<\/div>\n\t\t\t\t\t<\/div>\n\n\t\n\n\t<div id=\"col-1065634871\" class=\"col medium-6 small-12 large-6\"  >\n\t\t\t\t<div class=\"col-inner\"  >\n\t\t\t\n\t\t\t\n\n\t<div class=\"img has-hover x md-x lg-x y md-y lg-y\" id=\"image_611442655\">\n\t\t\t\t\t\t\t\t<div class=\"img-inner dark\" >\n\t\t\t<img loading=\"lazy\" decoding=\"async\" width=\"868\" height=\"563\" src=\"https:\/\/www.sinchisinchi.com\/wp-content\/uploads\/2024\/07\/R-Planta-del-mapacho5-1.jpg\" class=\"attachment-large size-large\" alt=\"\" srcset=\"https:\/\/www.sinchisinchi.com\/wp-content\/uploads\/2024\/07\/R-Planta-del-mapacho5-1.jpg 868w, https:\/\/www.sinchisinchi.com\/wp-content\/uploads\/2024\/07\/R-Planta-del-mapacho5-1-600x389.jpg 600w, https:\/\/www.sinchisinchi.com\/wp-content\/uploads\/2024\/07\/R-Planta-del-mapacho5-1-768x498.jpg 768w, https:\/\/www.sinchisinchi.com\/wp-content\/uploads\/2024\/07\/R-Planta-del-mapacho5-1-247x160.jpg 247w, https:\/\/www.sinchisinchi.com\/wp-content\/uploads\/2024\/07\/R-Planta-del-mapacho5-1-510x331.jpg 510w\" sizes=\"auto, (max-width: 868px) 100vw, 868px\" \/>\t\t\t\t\t\t\n\t\t\t\t\t<\/div>\n\t\t\t\t\t\t\t\t\n<style>\n#image_611442655 {\n  width: 100%;\n}\n<\/style>\n\t<\/div>\n\t\n\n\n\t\t<\/div>\n\t\t\t\t\t<\/div>\n\n\t\n\n<\/div>\n<h2 style=\"text-align: center;\"><strong>Hist\u00f3ria do Rap\u00e9 na Europa<\/strong><\/h2>\n<p><strong>O monge Ram\u00f3n Pane,<\/strong> que acompanhou Colombo em sua segunda viagem \u00e0s Am\u00e9ricas em 1493, observou que os nativos da regi\u00e3o que hoje corresponde ao Haiti absorviam a Nicotiana por meio de uma cana, e o mesmo costume foi observado pelos portugueses nos povos ind\u00edgenas de Brasil.<\/p>\n<p>Por ordem de Filipe II, o m\u00e9dico e bot\u00e2nico Francisco Hern\u00e1ndez de Boncalo foi quem introduziu as primeiras sementes de tabaco na Europa em 1577, e elas foram plantadas nas \u00e1reas vizinhas de Toledo.\u200b<\/p>\n<p>Em 1561, o embaixador franc\u00eas em Lisboa,<strong> Jean Nicot,<\/strong> enviou rap\u00e9 para Catarina de M\u00e9dici, esposa do rei Henrique II da Fran\u00e7a, como tratamento medicinal para as enxaquecas de seu filho. Ela se apaixonou pelo rap\u00e9, que se tornou popular como rem\u00e9dio medicinal e recreativo entre a elite.<\/p>\n<p>Logo come\u00e7ou a ser consumido na Europa entre os grupos mais ricos, j\u00e1 que o tabaco, em todas as suas formas, era ent\u00e3o um artigo de luxo.<\/p>\n<p>Foi durante o s\u00e9culo XVIII que o rap\u00e9 se tornou uma moda difundida entre a aristocracia europeia. Fumar tabaco era reservado \u00e0s massas, e o consumo de rap\u00e9 se tornou o ritual social e costumeiro mais importante na Europa, entre as sociedades burguesas e aristocr\u00e1ticas.<\/p>\n<p>No in\u00edcio do s\u00e9culo XX, na Inglaterra, o rap\u00e9 s\u00f3 era fumado em bares de classe baixa, porque os aristocratas podiam comprar rap\u00e9 e eles s\u00f3 consumiam rap\u00e9.<\/p>\n<p>Assim, o rap\u00e9 tornou-se gradualmente um aliado insepar\u00e1vel da nobreza. Lu\u00eds XIII, Carlos II da Inglaterra, Frederico, o Grande, Guilherme III e sua esposa, Napole\u00e3o, Jorge III e sua esposa, Benta XIII, e muitos outros aristocratas eram consumidores regulares de rap\u00e9.<\/p>\n<div class=\"row align-bottom\"  id=\"row-390509348\">\n\n\n\t<div id=\"col-1834390335\" class=\"col medium-4 small-12 large-4\"  >\n\t\t\t\t<div class=\"col-inner\"  >\n\t\t\t\n\t\t\t\n\n\n\t\t<\/div>\n\t\t\t\t\t<\/div>\n\n\t\n\n\t<div id=\"col-1567207176\" class=\"col medium-4 small-12 large-4\"  >\n\t\t\t\t<div class=\"col-inner\"  >\n\t\t\t\n\t\t\t\n\n<a href=\"https:\/\/www.sinchisinchi.com\/es\/conocimiento\/rape-significado\/rape-medicinal\/\" class=\"button primary is-underline reveal-icon expand\" >\n\t\t<span>Continuar lendo<\/span>\n\t<i class=\"icon-angle-right\" aria-hidden=\"true\"><\/i><\/a>\n\n\n\n\t\t<\/div>\n\t\t\t\t\t<\/div>\n\n\t\n\n\t<div id=\"col-1457913899\" class=\"col medium-4 small-12 large-4\"  >\n\t\t\t\t<div class=\"col-inner\"  >\n\t\t\t\n\t\t\t\n\n\n\t\t<\/div>\n\t\t\t\t\t<\/div>\n\n\t\n\n<\/div>\n\n","protected":false},"excerpt":{"rendered":"","protected":false},"author":1,"featured_media":0,"parent":27364,"menu_order":0,"comment_status":"closed","ping_status":"closed","template":"","meta":{"_joinchat":[],"footnotes":""},"class_list":["post-25252","page","type-page","status-publish","hentry"],"yoast_head":"<!-- This site is optimized with the Yoast SEO plugin v27.4 - https:\/\/yoast.com\/product\/yoast-seo-wordpress\/ -->\n<title>O que \u00e9 Rap\u00e9? Significado ancestral do Rap\u00e9 e seu uso sagrado<\/title>\n<meta name=\"description\" content=\"O rap\u00e9 \u00e9 uma medicina sagrada, usada h\u00e1 milhares de anos por diferentes tribos que habitam a Amaz\u00f4nia, e uma \u00f3tima ferramenta para...\" \/>\n<meta name=\"robots\" content=\"index, follow, max-snippet:-1, max-image-preview:large, max-video-preview:-1\" \/>\n<link rel=\"canonical\" href=\"https:\/\/www.sinchisinchi.com\/pt-pt\/conhecimento\/o-que-e-rape\/\" \/>\n<meta property=\"og:locale\" content=\"pt_PT\" \/>\n<meta property=\"og:type\" content=\"article\" \/>\n<meta property=\"og:title\" content=\"O que \u00e9 Rap\u00e9? Significado ancestral do Rap\u00e9 e seu uso sagrado\" \/>\n<meta property=\"og:description\" content=\"O rap\u00e9 \u00e9 uma medicina sagrada, usada h\u00e1 milhares de anos por diferentes tribos que habitam a Amaz\u00f4nia, e uma \u00f3tima ferramenta para...\" \/>\n<meta property=\"og:url\" content=\"https:\/\/www.sinchisinchi.com\/pt-pt\/conhecimento\/o-que-e-rape\/\" \/>\n<meta property=\"og:site_name\" content=\"SINCHI RAP\u00c9\" \/>\n<meta property=\"article:publisher\" content=\"https:\/\/www.facebook.com\/sinchirape\/\" \/>\n<meta property=\"article:modified_time\" content=\"2026-03-04T18:56:57+00:00\" \/>\n<meta name=\"twitter:card\" content=\"summary_large_image\" \/>\n<meta name=\"twitter:label1\" content=\"Tempo estimado de leitura\" \/>\n\t<meta name=\"twitter:data1\" content=\"5 minutos\" \/>\n<script type=\"application\/ld+json\" class=\"yoast-schema-graph\">{\"@context\":\"https:\\\/\\\/schema.org\",\"@graph\":[{\"@type\":\"WebPage\",\"@id\":\"https:\\\/\\\/www.sinchisinchi.com\\\/pt-pt\\\/conhecimento\\\/o-que-e-rape\\\/\",\"url\":\"https:\\\/\\\/www.sinchisinchi.com\\\/pt-pt\\\/conhecimento\\\/o-que-e-rape\\\/\",\"name\":\"O que \u00e9 Rap\u00e9? Significado ancestral do Rap\u00e9 e seu uso sagrado\",\"isPartOf\":{\"@id\":\"https:\\\/\\\/www.sinchisinchi.com\\\/pt-pt\\\/#website\"},\"datePublished\":\"2025-01-30T14:43:03+00:00\",\"dateModified\":\"2026-03-04T18:56:57+00:00\",\"description\":\"O rap\u00e9 \u00e9 uma medicina sagrada, usada h\u00e1 milhares de anos por diferentes tribos que habitam a Amaz\u00f4nia, e uma \u00f3tima ferramenta para...\",\"breadcrumb\":{\"@id\":\"https:\\\/\\\/www.sinchisinchi.com\\\/pt-pt\\\/conhecimento\\\/o-que-e-rape\\\/#breadcrumb\"},\"inLanguage\":\"pt-PT\",\"potentialAction\":[{\"@type\":\"ReadAction\",\"target\":[\"https:\\\/\\\/www.sinchisinchi.com\\\/pt-pt\\\/conhecimento\\\/o-que-e-rape\\\/\"]}]},{\"@type\":\"BreadcrumbList\",\"@id\":\"https:\\\/\\\/www.sinchisinchi.com\\\/pt-pt\\\/conhecimento\\\/o-que-e-rape\\\/#breadcrumb\",\"itemListElement\":[{\"@type\":\"ListItem\",\"position\":1,\"name\":\"Prima pagina\",\"item\":\"https:\\\/\\\/www.sinchisinchi.com\\\/pt-pt\\\/\"},{\"@type\":\"ListItem\",\"position\":2,\"name\":\"Conhecimento\",\"item\":\"https:\\\/\\\/www.sinchisinchi.com\\\/pt-pt\\\/conhecimento\\\/\"},{\"@type\":\"ListItem\",\"position\":3,\"name\":\"O que \u00e9 Rap\u00e9\"}]},{\"@type\":\"WebSite\",\"@id\":\"https:\\\/\\\/www.sinchisinchi.com\\\/pt-pt\\\/#website\",\"url\":\"https:\\\/\\\/www.sinchisinchi.com\\\/pt-pt\\\/\",\"name\":\"SINCHI\",\"description\":\"Sinchi Medicine\",\"publisher\":{\"@id\":\"https:\\\/\\\/www.sinchisinchi.com\\\/pt-pt\\\/#organization\"},\"potentialAction\":[{\"@type\":\"SearchAction\",\"target\":{\"@type\":\"EntryPoint\",\"urlTemplate\":\"https:\\\/\\\/www.sinchisinchi.com\\\/pt-pt\\\/?s={search_term_string}\"},\"query-input\":{\"@type\":\"PropertyValueSpecification\",\"valueRequired\":true,\"valueName\":\"search_term_string\"}}],\"inLanguage\":\"pt-PT\"},{\"@type\":\"Organization\",\"@id\":\"https:\\\/\\\/www.sinchisinchi.com\\\/pt-pt\\\/#organization\",\"name\":\"SINCHI S.L\",\"url\":\"https:\\\/\\\/www.sinchisinchi.com\\\/pt-pt\\\/\",\"logo\":{\"@type\":\"ImageObject\",\"inLanguage\":\"pt-PT\",\"@id\":\"https:\\\/\\\/www.sinchisinchi.com\\\/pt-pt\\\/#\\\/schema\\\/logo\\\/image\\\/\",\"url\":\"https:\\\/\\\/www.sinchisinchi.com\\\/wp-content\\\/uploads\\\/2026\\\/01\\\/3b-Verde-SIMPLIFICADO-HORIZONTAL-F-TRANSPARENTE-scaled.png\",\"contentUrl\":\"https:\\\/\\\/www.sinchisinchi.com\\\/wp-content\\\/uploads\\\/2026\\\/01\\\/3b-Verde-SIMPLIFICADO-HORIZONTAL-F-TRANSPARENTE-scaled.png\",\"width\":2560,\"height\":457,\"caption\":\"SINCHI S.L\"},\"image\":{\"@id\":\"https:\\\/\\\/www.sinchisinchi.com\\\/pt-pt\\\/#\\\/schema\\\/logo\\\/image\\\/\"},\"sameAs\":[\"https:\\\/\\\/www.facebook.com\\\/sinchirape\\\/\",\"https:\\\/\\\/www.instagram.com\\\/sinchi_rape\\\/\"]}]}<\/script>\n<!-- \/ Yoast SEO plugin. -->","yoast_head_json":{"title":"O que \u00e9 Rap\u00e9? Significado ancestral do Rap\u00e9 e seu uso sagrado","description":"O rap\u00e9 \u00e9 uma medicina sagrada, usada h\u00e1 milhares de anos por diferentes tribos que habitam a Amaz\u00f4nia, e uma \u00f3tima ferramenta para...","robots":{"index":"index","follow":"follow","max-snippet":"max-snippet:-1","max-image-preview":"max-image-preview:large","max-video-preview":"max-video-preview:-1"},"canonical":"https:\/\/www.sinchisinchi.com\/pt-pt\/conhecimento\/o-que-e-rape\/","og_locale":"pt_PT","og_type":"article","og_title":"O que \u00e9 Rap\u00e9? Significado ancestral do Rap\u00e9 e seu uso sagrado","og_description":"O rap\u00e9 \u00e9 uma medicina sagrada, usada h\u00e1 milhares de anos por diferentes tribos que habitam a Amaz\u00f4nia, e uma \u00f3tima ferramenta para...","og_url":"https:\/\/www.sinchisinchi.com\/pt-pt\/conhecimento\/o-que-e-rape\/","og_site_name":"SINCHI RAP\u00c9","article_publisher":"https:\/\/www.facebook.com\/sinchirape\/","article_modified_time":"2026-03-04T18:56:57+00:00","twitter_card":"summary_large_image","twitter_misc":{"Tempo estimado de leitura":"5 minutos"},"schema":{"@context":"https:\/\/schema.org","@graph":[{"@type":"WebPage","@id":"https:\/\/www.sinchisinchi.com\/pt-pt\/conhecimento\/o-que-e-rape\/","url":"https:\/\/www.sinchisinchi.com\/pt-pt\/conhecimento\/o-que-e-rape\/","name":"O que \u00e9 Rap\u00e9? Significado ancestral do Rap\u00e9 e seu uso sagrado","isPartOf":{"@id":"https:\/\/www.sinchisinchi.com\/pt-pt\/#website"},"datePublished":"2025-01-30T14:43:03+00:00","dateModified":"2026-03-04T18:56:57+00:00","description":"O rap\u00e9 \u00e9 uma medicina sagrada, usada h\u00e1 milhares de anos por diferentes tribos que habitam a Amaz\u00f4nia, e uma \u00f3tima ferramenta para...","breadcrumb":{"@id":"https:\/\/www.sinchisinchi.com\/pt-pt\/conhecimento\/o-que-e-rape\/#breadcrumb"},"inLanguage":"pt-PT","potentialAction":[{"@type":"ReadAction","target":["https:\/\/www.sinchisinchi.com\/pt-pt\/conhecimento\/o-que-e-rape\/"]}]},{"@type":"BreadcrumbList","@id":"https:\/\/www.sinchisinchi.com\/pt-pt\/conhecimento\/o-que-e-rape\/#breadcrumb","itemListElement":[{"@type":"ListItem","position":1,"name":"Prima pagina","item":"https:\/\/www.sinchisinchi.com\/pt-pt\/"},{"@type":"ListItem","position":2,"name":"Conhecimento","item":"https:\/\/www.sinchisinchi.com\/pt-pt\/conhecimento\/"},{"@type":"ListItem","position":3,"name":"O que \u00e9 Rap\u00e9"}]},{"@type":"WebSite","@id":"https:\/\/www.sinchisinchi.com\/pt-pt\/#website","url":"https:\/\/www.sinchisinchi.com\/pt-pt\/","name":"SINCHI","description":"Sinchi Medicine","publisher":{"@id":"https:\/\/www.sinchisinchi.com\/pt-pt\/#organization"},"potentialAction":[{"@type":"SearchAction","target":{"@type":"EntryPoint","urlTemplate":"https:\/\/www.sinchisinchi.com\/pt-pt\/?s={search_term_string}"},"query-input":{"@type":"PropertyValueSpecification","valueRequired":true,"valueName":"search_term_string"}}],"inLanguage":"pt-PT"},{"@type":"Organization","@id":"https:\/\/www.sinchisinchi.com\/pt-pt\/#organization","name":"SINCHI S.L","url":"https:\/\/www.sinchisinchi.com\/pt-pt\/","logo":{"@type":"ImageObject","inLanguage":"pt-PT","@id":"https:\/\/www.sinchisinchi.com\/pt-pt\/#\/schema\/logo\/image\/","url":"https:\/\/www.sinchisinchi.com\/wp-content\/uploads\/2026\/01\/3b-Verde-SIMPLIFICADO-HORIZONTAL-F-TRANSPARENTE-scaled.png","contentUrl":"https:\/\/www.sinchisinchi.com\/wp-content\/uploads\/2026\/01\/3b-Verde-SIMPLIFICADO-HORIZONTAL-F-TRANSPARENTE-scaled.png","width":2560,"height":457,"caption":"SINCHI S.L"},"image":{"@id":"https:\/\/www.sinchisinchi.com\/pt-pt\/#\/schema\/logo\/image\/"},"sameAs":["https:\/\/www.facebook.com\/sinchirape\/","https:\/\/www.instagram.com\/sinchi_rape\/"]}]}},"_links":{"self":[{"href":"https:\/\/www.sinchisinchi.com\/pt-pt\/wp-json\/wp\/v2\/pages\/25252","targetHints":{"allow":["GET"]}}],"collection":[{"href":"https:\/\/www.sinchisinchi.com\/pt-pt\/wp-json\/wp\/v2\/pages"}],"about":[{"href":"https:\/\/www.sinchisinchi.com\/pt-pt\/wp-json\/wp\/v2\/types\/page"}],"author":[{"embeddable":true,"href":"https:\/\/www.sinchisinchi.com\/pt-pt\/wp-json\/wp\/v2\/users\/1"}],"replies":[{"embeddable":true,"href":"https:\/\/www.sinchisinchi.com\/pt-pt\/wp-json\/wp\/v2\/comments?post=25252"}],"version-history":[{"count":1,"href":"https:\/\/www.sinchisinchi.com\/pt-pt\/wp-json\/wp\/v2\/pages\/25252\/revisions"}],"predecessor-version":[{"id":30229,"href":"https:\/\/www.sinchisinchi.com\/pt-pt\/wp-json\/wp\/v2\/pages\/25252\/revisions\/30229"}],"up":[{"embeddable":true,"href":"https:\/\/www.sinchisinchi.com\/pt-pt\/wp-json\/wp\/v2\/pages\/27364"}],"wp:attachment":[{"href":"https:\/\/www.sinchisinchi.com\/pt-pt\/wp-json\/wp\/v2\/media?parent=25252"}],"curies":[{"name":"wp","href":"https:\/\/api.w.org\/{rel}","templated":true}]}}