{"id":25258,"date":"2025-01-30T14:58:16","date_gmt":"2025-01-30T14:58:16","guid":{"rendered":"https:\/\/www.sinchisinchi.com\/o-que-e-rape\/cerimonia-de-rape\/"},"modified":"2026-03-04T20:16:05","modified_gmt":"2026-03-04T20:16:05","slug":"cerimonia-de-rape","status":"publish","type":"page","link":"https:\/\/www.sinchisinchi.com\/pt-pt\/conhecimento\/o-que-e-rape\/cerimonia-de-rape\/","title":{"rendered":"Cerim\u00f4nia de Rap\u00e9"},"content":{"rendered":"\n<h1 style=\"text-align: center;\"><strong>O Ritual do Rap\u00e9<\/strong><\/h1>\n<p>No norte do Brasil, os povos ind\u00edgenas utilizam o Rap\u00e9 h\u00e1 mil\u00eanios, muito antes da chegada do homem branco, como um medicamento associado ao uso terap\u00eautico e espiritual.<\/p>\n<p>O Rap\u00e9 \u00e9 uma medicina ancestral de conex\u00e3o, um poderoso alterador de consci\u00eancia \/ Ente\u00f3geno, que tem o formid\u00e1vel poder de nos abrir para dimens\u00f5es superiores, e para isso \u00e9 sempre utilizado acompanhado de <strong>uma pequena cerim\u00f4nia<\/strong> <strong>ou ritual de rap\u00e9<\/strong> antes de tom\u00e1-lo, no aquele em que depositamos uma inten\u00e7\u00e3o pura e luminosa.<\/p>\n<p>Rap\u00e9 \u00e9 uma maneira poderosa e antiga de elevar a ora\u00e7\u00e3o e se conectar com o divino. Ela deve ser sempre direcionada a um prop\u00f3sito espiritual, estando focada em ora\u00e7\u00e3o, buscando cura ou conex\u00e3o espiritual.<\/p>\n<p>Na medida do poss\u00edvel, ele ser\u00e1 usado em um <strong>ambiente apropriado,<\/strong> de prefer\u00eancia na natureza, em um local limpo, livre de objetos desnecess\u00e1rios e outras distra\u00e7\u00f5es.<\/p>\n<div class=\"row\"  id=\"row-2016410028\">\n\n\n\t<div id=\"col-1811770392\" class=\"col medium-6 small-12 large-6\"  >\n\t\t\t\t<div class=\"col-inner\"  >\n\t\t\t\n\t\t\t\n\n\t<div class=\"img has-hover x md-x lg-x y md-y lg-y\" id=\"image_727868004\">\n\t\t\t\t\t\t\t\t<div class=\"img-inner dark\" >\n\t\t\t<img loading=\"lazy\" decoding=\"async\" width=\"868\" height=\"563\" src=\"https:\/\/www.sinchisinchi.com\/wp-content\/uploads\/2024\/07\/R-dibujos-de-rape3-2.jpg\" class=\"attachment-large size-large\" alt=\"\" srcset=\"https:\/\/www.sinchisinchi.com\/wp-content\/uploads\/2024\/07\/R-dibujos-de-rape3-2.jpg 868w, https:\/\/www.sinchisinchi.com\/wp-content\/uploads\/2024\/07\/R-dibujos-de-rape3-2-600x389.jpg 600w, https:\/\/www.sinchisinchi.com\/wp-content\/uploads\/2024\/07\/R-dibujos-de-rape3-2-768x498.jpg 768w, https:\/\/www.sinchisinchi.com\/wp-content\/uploads\/2024\/07\/R-dibujos-de-rape3-2-247x160.jpg 247w, https:\/\/www.sinchisinchi.com\/wp-content\/uploads\/2024\/07\/R-dibujos-de-rape3-2-510x331.jpg 510w\" sizes=\"auto, (max-width: 868px) 100vw, 868px\" \/>\t\t\t\t\t\t\n\t\t\t\t\t<\/div>\n\t\t\t\t\t\t\t\t\n<style>\n#image_727868004 {\n  width: 100%;\n}\n<\/style>\n\t<\/div>\n\t\n\n\n\t\t<\/div>\n\t\t\t\t\t<\/div>\n\n\t\n\n\t<div id=\"col-85413532\" class=\"col medium-6 small-12 large-6\"  >\n\t\t\t\t<div class=\"col-inner\"  >\n\t\t\t\n\t\t\t\n\n\t<div class=\"img has-hover x md-x lg-x y md-y lg-y\" id=\"image_146009357\">\n\t\t\t\t\t\t\t\t<div class=\"img-inner dark\" >\n\t\t\t<img loading=\"lazy\" decoding=\"async\" width=\"868\" height=\"563\" src=\"https:\/\/www.sinchisinchi.com\/wp-content\/uploads\/2024\/07\/R-toma-de-rape1-2.jpg\" class=\"attachment-large size-large\" alt=\"\" srcset=\"https:\/\/www.sinchisinchi.com\/wp-content\/uploads\/2024\/07\/R-toma-de-rape1-2.jpg 868w, https:\/\/www.sinchisinchi.com\/wp-content\/uploads\/2024\/07\/R-toma-de-rape1-2-600x389.jpg 600w, https:\/\/www.sinchisinchi.com\/wp-content\/uploads\/2024\/07\/R-toma-de-rape1-2-768x498.jpg 768w, https:\/\/www.sinchisinchi.com\/wp-content\/uploads\/2024\/07\/R-toma-de-rape1-2-247x160.jpg 247w, https:\/\/www.sinchisinchi.com\/wp-content\/uploads\/2024\/07\/R-toma-de-rape1-2-510x331.jpg 510w\" sizes=\"auto, (max-width: 868px) 100vw, 868px\" \/>\t\t\t\t\t\t\n\t\t\t\t\t<\/div>\n\t\t\t\t\t\t\t\t\n<style>\n#image_146009357 {\n  width: 100%;\n}\n<\/style>\n\t<\/div>\n\t\n\n\n\t\t<\/div>\n\t\t\t\t\t<\/div>\n\n\t\n\n<\/div>\n<p>Como parte da cerim\u00f4nia, usando rap\u00e9 ou outra forma de mapacho sagrado, podem ser cantadas ou ouvidas <strong>can\u00e7\u00f5es de cura ou xam\u00e2nicas,<\/strong> j\u00e1 que o tabaco nos coloca em contato com nossa pr\u00f3pria ess\u00eancia e com os esp\u00edritos da selva e da natureza.<\/p>\n<p>Tamb\u00e9m \u00e9 especialmente apropriado para o<strong> ritual do rap\u00e9<\/strong> queimar incenso com copal, benjoim, palo santo ou outras resinas, que t\u00eam excelentes propriedades de limpeza e conex\u00e3o energ\u00e9tica.<\/p>\n<p>Na Amaz\u00f4nia, compartilhar <strong>rodas de rap\u00e9<\/strong> \u00e9 uma atividade com ra\u00edzes ancestrais. Para essas culturas, como a Katukina, a Nukini e a Yawanawa, o av\u00f4 mapacho \u00e9 uma medicina que cont\u00e9m um Esp\u00edrito com grande poder, que traz cura e prote\u00e7\u00e3o, afastando todo tipo de males.<\/p>\n<p>Em um ritual, as for\u00e7as, dire\u00e7\u00f5es ou elementos da Natureza s\u00e3o invocados, assim como a b\u00ean\u00e7\u00e3o dos animais da floresta ou o poder das plantas medicinais para nos curar e nos dar for\u00e7a.<\/p>\n<div class=\"row\"  id=\"row-949923426\">\n\n\n\t<div id=\"col-1405973472\" class=\"col medium-6 small-12 large-6\"  >\n\t\t\t\t<div class=\"col-inner\"  >\n\t\t\t\n\t\t\t\n\n\t<div class=\"img has-hover x md-x lg-x y md-y lg-y\" id=\"image_1900235016\">\n\t\t\t\t\t\t\t\t<div class=\"img-inner dark\" >\n\t\t\t<img loading=\"lazy\" decoding=\"async\" width=\"868\" height=\"563\" src=\"https:\/\/www.sinchisinchi.com\/wp-content\/uploads\/2024\/07\/R-toma-de-rape2-1.jpg\" class=\"attachment-large size-large\" alt=\"\" srcset=\"https:\/\/www.sinchisinchi.com\/wp-content\/uploads\/2024\/07\/R-toma-de-rape2-1.jpg 868w, https:\/\/www.sinchisinchi.com\/wp-content\/uploads\/2024\/07\/R-toma-de-rape2-1-600x389.jpg 600w, https:\/\/www.sinchisinchi.com\/wp-content\/uploads\/2024\/07\/R-toma-de-rape2-1-768x498.jpg 768w, https:\/\/www.sinchisinchi.com\/wp-content\/uploads\/2024\/07\/R-toma-de-rape2-1-247x160.jpg 247w, https:\/\/www.sinchisinchi.com\/wp-content\/uploads\/2024\/07\/R-toma-de-rape2-1-510x331.jpg 510w\" sizes=\"auto, (max-width: 868px) 100vw, 868px\" \/>\t\t\t\t\t\t\n\t\t\t\t\t<\/div>\n\t\t\t\t\t\t\t\t\n<style>\n#image_1900235016 {\n  width: 100%;\n}\n<\/style>\n\t<\/div>\n\t\n\n\n\t\t<\/div>\n\t\t\t\t\t<\/div>\n\n\t\n\n\t<div id=\"col-76309116\" class=\"col medium-6 small-12 large-6\"  >\n\t\t\t\t<div class=\"col-inner\"  >\n\t\t\t\n\t\t\t\n\n\t<div class=\"img has-hover x md-x lg-x y md-y lg-y\" id=\"image_862650860\">\n\t\t\t\t\t\t\t\t<div class=\"img-inner dark\" >\n\t\t\t<img loading=\"lazy\" decoding=\"async\" width=\"868\" height=\"563\" src=\"https:\/\/www.sinchisinchi.com\/wp-content\/uploads\/2024\/07\/R-Planta-del-mapacho7-2.jpg\" class=\"attachment-large size-large\" alt=\"\" srcset=\"https:\/\/www.sinchisinchi.com\/wp-content\/uploads\/2024\/07\/R-Planta-del-mapacho7-2.jpg 868w, https:\/\/www.sinchisinchi.com\/wp-content\/uploads\/2024\/07\/R-Planta-del-mapacho7-2-600x389.jpg 600w, https:\/\/www.sinchisinchi.com\/wp-content\/uploads\/2024\/07\/R-Planta-del-mapacho7-2-768x498.jpg 768w, https:\/\/www.sinchisinchi.com\/wp-content\/uploads\/2024\/07\/R-Planta-del-mapacho7-2-247x160.jpg 247w, https:\/\/www.sinchisinchi.com\/wp-content\/uploads\/2024\/07\/R-Planta-del-mapacho7-2-510x331.jpg 510w\" sizes=\"auto, (max-width: 868px) 100vw, 868px\" \/>\t\t\t\t\t\t\n\t\t\t\t\t<\/div>\n\t\t\t\t\t\t\t\t\n<style>\n#image_862650860 {\n  width: 100%;\n}\n<\/style>\n\t<\/div>\n\t\n\n\n\t\t<\/div>\n\t\t\t\t\t<\/div>\n\n\t\n\n<\/div>\n\t<div id=\"gap-2066400976\" class=\"gap-element clearfix\" style=\"display:block; height:auto;\">\n\t\t\n<style>\n#gap-2066400976 {\n  padding-top: 30px;\n}\n<\/style>\n\t<\/div>\n\t\n\n<div class=\"row align-bottom\"  id=\"row-1278593902\">\n\n\n\t<div id=\"col-565461434\" class=\"col medium-4 small-12 large-4\"  >\n\t\t\t\t<div class=\"col-inner\"  >\n\t\t\t\n\t\t\t\n\n\n\t\t<\/div>\n\t\t\t\t\t<\/div>\n\n\t\n\n\t<div id=\"col-1748390720\" class=\"col medium-4 small-12 large-4\"  >\n\t\t\t\t<div class=\"col-inner\"  >\n\t\t\t\n\t\t\t\n\n<a href=\"https:\/\/www.sinchisinchi.com\/es\/conocimiento\/rape-significado\/rape-como-se-hace\/\" class=\"button primary is-underline reveal-icon expand\" >\n\t\t<span>CONTINUAR LENDO<\/span>\n\t<i class=\"icon-angle-right\" aria-hidden=\"true\"><\/i><\/a>\n\n\n\n\t\t<\/div>\n\t\t\t\t\t<\/div>\n\n\t\n\n\t<div id=\"col-1213092479\" class=\"col medium-4 small-12 large-4\"  >\n\t\t\t\t<div class=\"col-inner\"  >\n\t\t\t\n\t\t\t\n\n\n\t\t<\/div>\n\t\t\t\t\t<\/div>\n\n\t\n\n<\/div>\n\n","protected":false},"excerpt":{"rendered":"","protected":false},"author":1,"featured_media":0,"parent":25252,"menu_order":0,"comment_status":"closed","ping_status":"closed","template":"","meta":{"_joinchat":[],"footnotes":""},"class_list":["post-25258","page","type-page","status-publish","hentry"],"yoast_head":"<!-- This site is optimized with the Yoast SEO plugin v27.4 - https:\/\/yoast.com\/product\/yoast-seo-wordpress\/ -->\n<title>Cerim\u00f4nia do rap\u00e9 - Uso tradicional do rap\u00e9<\/title>\n<meta name=\"description\" content=\"Rap\u00e9 \u00e9 uma medicina ancestral de conex\u00e3o, um poderoso Ente\u00f3geno, que tem o poder formid\u00e1vel de nos abrir.\" \/>\n<meta name=\"robots\" content=\"index, follow, max-snippet:-1, max-image-preview:large, max-video-preview:-1\" \/>\n<link rel=\"canonical\" href=\"https:\/\/www.sinchisinchi.com\/pt-pt\/conhecimento\/o-que-e-rape\/cerimonia-de-rape\/\" \/>\n<meta property=\"og:locale\" content=\"pt_PT\" \/>\n<meta property=\"og:type\" content=\"article\" \/>\n<meta property=\"og:title\" content=\"Cerim\u00f4nia do rap\u00e9 - Uso tradicional do rap\u00e9\" \/>\n<meta property=\"og:description\" content=\"Rap\u00e9 \u00e9 uma medicina ancestral de conex\u00e3o, um poderoso Ente\u00f3geno, que tem o poder formid\u00e1vel de nos abrir.\" \/>\n<meta property=\"og:url\" content=\"https:\/\/www.sinchisinchi.com\/pt-pt\/conhecimento\/o-que-e-rape\/cerimonia-de-rape\/\" \/>\n<meta property=\"og:site_name\" content=\"SINCHI RAP\u00c9\" \/>\n<meta property=\"article:publisher\" content=\"https:\/\/www.facebook.com\/sinchirape\/\" \/>\n<meta property=\"article:modified_time\" content=\"2026-03-04T20:16:05+00:00\" \/>\n<meta name=\"twitter:card\" content=\"summary_large_image\" \/>\n<meta name=\"twitter:label1\" content=\"Tempo estimado de leitura\" \/>\n\t<meta name=\"twitter:data1\" content=\"2 minutos\" \/>\n<script type=\"application\/ld+json\" class=\"yoast-schema-graph\">{\"@context\":\"https:\\\/\\\/schema.org\",\"@graph\":[{\"@type\":\"WebPage\",\"@id\":\"https:\\\/\\\/www.sinchisinchi.com\\\/pt-pt\\\/conhecimento\\\/o-que-e-rape\\\/cerimonia-de-rape\\\/\",\"url\":\"https:\\\/\\\/www.sinchisinchi.com\\\/pt-pt\\\/conhecimento\\\/o-que-e-rape\\\/cerimonia-de-rape\\\/\",\"name\":\"Cerim\u00f4nia do rap\u00e9 - Uso tradicional do rap\u00e9\",\"isPartOf\":{\"@id\":\"https:\\\/\\\/www.sinchisinchi.com\\\/pt-pt\\\/#website\"},\"datePublished\":\"2025-01-30T14:58:16+00:00\",\"dateModified\":\"2026-03-04T20:16:05+00:00\",\"description\":\"Rap\u00e9 \u00e9 uma medicina ancestral de conex\u00e3o, um poderoso Ente\u00f3geno, que tem o poder formid\u00e1vel de nos abrir.\",\"breadcrumb\":{\"@id\":\"https:\\\/\\\/www.sinchisinchi.com\\\/pt-pt\\\/conhecimento\\\/o-que-e-rape\\\/cerimonia-de-rape\\\/#breadcrumb\"},\"inLanguage\":\"pt-PT\",\"potentialAction\":[{\"@type\":\"ReadAction\",\"target\":[\"https:\\\/\\\/www.sinchisinchi.com\\\/pt-pt\\\/conhecimento\\\/o-que-e-rape\\\/cerimonia-de-rape\\\/\"]}]},{\"@type\":\"BreadcrumbList\",\"@id\":\"https:\\\/\\\/www.sinchisinchi.com\\\/pt-pt\\\/conhecimento\\\/o-que-e-rape\\\/cerimonia-de-rape\\\/#breadcrumb\",\"itemListElement\":[{\"@type\":\"ListItem\",\"position\":1,\"name\":\"Prima pagina\",\"item\":\"https:\\\/\\\/www.sinchisinchi.com\\\/pt-pt\\\/\"},{\"@type\":\"ListItem\",\"position\":2,\"name\":\"Conhecimento\",\"item\":\"https:\\\/\\\/www.sinchisinchi.com\\\/pt-pt\\\/conhecimento\\\/\"},{\"@type\":\"ListItem\",\"position\":3,\"name\":\"O que \u00e9 Rap\u00e9\",\"item\":\"https:\\\/\\\/www.sinchisinchi.com\\\/pt-pt\\\/conhecimento\\\/o-que-e-rape\\\/\"},{\"@type\":\"ListItem\",\"position\":4,\"name\":\"Cerim\u00f4nia de Rap\u00e9\"}]},{\"@type\":\"WebSite\",\"@id\":\"https:\\\/\\\/www.sinchisinchi.com\\\/pt-pt\\\/#website\",\"url\":\"https:\\\/\\\/www.sinchisinchi.com\\\/pt-pt\\\/\",\"name\":\"SINCHI\",\"description\":\"Sinchi Medicine\",\"publisher\":{\"@id\":\"https:\\\/\\\/www.sinchisinchi.com\\\/pt-pt\\\/#organization\"},\"potentialAction\":[{\"@type\":\"SearchAction\",\"target\":{\"@type\":\"EntryPoint\",\"urlTemplate\":\"https:\\\/\\\/www.sinchisinchi.com\\\/pt-pt\\\/?s={search_term_string}\"},\"query-input\":{\"@type\":\"PropertyValueSpecification\",\"valueRequired\":true,\"valueName\":\"search_term_string\"}}],\"inLanguage\":\"pt-PT\"},{\"@type\":\"Organization\",\"@id\":\"https:\\\/\\\/www.sinchisinchi.com\\\/pt-pt\\\/#organization\",\"name\":\"SINCHI S.L\",\"url\":\"https:\\\/\\\/www.sinchisinchi.com\\\/pt-pt\\\/\",\"logo\":{\"@type\":\"ImageObject\",\"inLanguage\":\"pt-PT\",\"@id\":\"https:\\\/\\\/www.sinchisinchi.com\\\/pt-pt\\\/#\\\/schema\\\/logo\\\/image\\\/\",\"url\":\"https:\\\/\\\/www.sinchisinchi.com\\\/wp-content\\\/uploads\\\/2026\\\/01\\\/3b-Verde-SIMPLIFICADO-HORIZONTAL-F-TRANSPARENTE-scaled.png\",\"contentUrl\":\"https:\\\/\\\/www.sinchisinchi.com\\\/wp-content\\\/uploads\\\/2026\\\/01\\\/3b-Verde-SIMPLIFICADO-HORIZONTAL-F-TRANSPARENTE-scaled.png\",\"width\":2560,\"height\":457,\"caption\":\"SINCHI S.L\"},\"image\":{\"@id\":\"https:\\\/\\\/www.sinchisinchi.com\\\/pt-pt\\\/#\\\/schema\\\/logo\\\/image\\\/\"},\"sameAs\":[\"https:\\\/\\\/www.facebook.com\\\/sinchirape\\\/\",\"https:\\\/\\\/www.instagram.com\\\/sinchi_rape\\\/\"]}]}<\/script>\n<!-- \/ Yoast SEO plugin. -->","yoast_head_json":{"title":"Cerim\u00f4nia do rap\u00e9 - Uso tradicional do rap\u00e9","description":"Rap\u00e9 \u00e9 uma medicina ancestral de conex\u00e3o, um poderoso Ente\u00f3geno, que tem o poder formid\u00e1vel de nos abrir.","robots":{"index":"index","follow":"follow","max-snippet":"max-snippet:-1","max-image-preview":"max-image-preview:large","max-video-preview":"max-video-preview:-1"},"canonical":"https:\/\/www.sinchisinchi.com\/pt-pt\/conhecimento\/o-que-e-rape\/cerimonia-de-rape\/","og_locale":"pt_PT","og_type":"article","og_title":"Cerim\u00f4nia do rap\u00e9 - Uso tradicional do rap\u00e9","og_description":"Rap\u00e9 \u00e9 uma medicina ancestral de conex\u00e3o, um poderoso Ente\u00f3geno, que tem o poder formid\u00e1vel de nos abrir.","og_url":"https:\/\/www.sinchisinchi.com\/pt-pt\/conhecimento\/o-que-e-rape\/cerimonia-de-rape\/","og_site_name":"SINCHI RAP\u00c9","article_publisher":"https:\/\/www.facebook.com\/sinchirape\/","article_modified_time":"2026-03-04T20:16:05+00:00","twitter_card":"summary_large_image","twitter_misc":{"Tempo estimado de leitura":"2 minutos"},"schema":{"@context":"https:\/\/schema.org","@graph":[{"@type":"WebPage","@id":"https:\/\/www.sinchisinchi.com\/pt-pt\/conhecimento\/o-que-e-rape\/cerimonia-de-rape\/","url":"https:\/\/www.sinchisinchi.com\/pt-pt\/conhecimento\/o-que-e-rape\/cerimonia-de-rape\/","name":"Cerim\u00f4nia do rap\u00e9 - Uso tradicional do rap\u00e9","isPartOf":{"@id":"https:\/\/www.sinchisinchi.com\/pt-pt\/#website"},"datePublished":"2025-01-30T14:58:16+00:00","dateModified":"2026-03-04T20:16:05+00:00","description":"Rap\u00e9 \u00e9 uma medicina ancestral de conex\u00e3o, um poderoso Ente\u00f3geno, que tem o poder formid\u00e1vel de nos abrir.","breadcrumb":{"@id":"https:\/\/www.sinchisinchi.com\/pt-pt\/conhecimento\/o-que-e-rape\/cerimonia-de-rape\/#breadcrumb"},"inLanguage":"pt-PT","potentialAction":[{"@type":"ReadAction","target":["https:\/\/www.sinchisinchi.com\/pt-pt\/conhecimento\/o-que-e-rape\/cerimonia-de-rape\/"]}]},{"@type":"BreadcrumbList","@id":"https:\/\/www.sinchisinchi.com\/pt-pt\/conhecimento\/o-que-e-rape\/cerimonia-de-rape\/#breadcrumb","itemListElement":[{"@type":"ListItem","position":1,"name":"Prima pagina","item":"https:\/\/www.sinchisinchi.com\/pt-pt\/"},{"@type":"ListItem","position":2,"name":"Conhecimento","item":"https:\/\/www.sinchisinchi.com\/pt-pt\/conhecimento\/"},{"@type":"ListItem","position":3,"name":"O que \u00e9 Rap\u00e9","item":"https:\/\/www.sinchisinchi.com\/pt-pt\/conhecimento\/o-que-e-rape\/"},{"@type":"ListItem","position":4,"name":"Cerim\u00f4nia de Rap\u00e9"}]},{"@type":"WebSite","@id":"https:\/\/www.sinchisinchi.com\/pt-pt\/#website","url":"https:\/\/www.sinchisinchi.com\/pt-pt\/","name":"SINCHI","description":"Sinchi Medicine","publisher":{"@id":"https:\/\/www.sinchisinchi.com\/pt-pt\/#organization"},"potentialAction":[{"@type":"SearchAction","target":{"@type":"EntryPoint","urlTemplate":"https:\/\/www.sinchisinchi.com\/pt-pt\/?s={search_term_string}"},"query-input":{"@type":"PropertyValueSpecification","valueRequired":true,"valueName":"search_term_string"}}],"inLanguage":"pt-PT"},{"@type":"Organization","@id":"https:\/\/www.sinchisinchi.com\/pt-pt\/#organization","name":"SINCHI S.L","url":"https:\/\/www.sinchisinchi.com\/pt-pt\/","logo":{"@type":"ImageObject","inLanguage":"pt-PT","@id":"https:\/\/www.sinchisinchi.com\/pt-pt\/#\/schema\/logo\/image\/","url":"https:\/\/www.sinchisinchi.com\/wp-content\/uploads\/2026\/01\/3b-Verde-SIMPLIFICADO-HORIZONTAL-F-TRANSPARENTE-scaled.png","contentUrl":"https:\/\/www.sinchisinchi.com\/wp-content\/uploads\/2026\/01\/3b-Verde-SIMPLIFICADO-HORIZONTAL-F-TRANSPARENTE-scaled.png","width":2560,"height":457,"caption":"SINCHI S.L"},"image":{"@id":"https:\/\/www.sinchisinchi.com\/pt-pt\/#\/schema\/logo\/image\/"},"sameAs":["https:\/\/www.facebook.com\/sinchirape\/","https:\/\/www.instagram.com\/sinchi_rape\/"]}]}},"_links":{"self":[{"href":"https:\/\/www.sinchisinchi.com\/pt-pt\/wp-json\/wp\/v2\/pages\/25258","targetHints":{"allow":["GET"]}}],"collection":[{"href":"https:\/\/www.sinchisinchi.com\/pt-pt\/wp-json\/wp\/v2\/pages"}],"about":[{"href":"https:\/\/www.sinchisinchi.com\/pt-pt\/wp-json\/wp\/v2\/types\/page"}],"author":[{"embeddable":true,"href":"https:\/\/www.sinchisinchi.com\/pt-pt\/wp-json\/wp\/v2\/users\/1"}],"replies":[{"embeddable":true,"href":"https:\/\/www.sinchisinchi.com\/pt-pt\/wp-json\/wp\/v2\/comments?post=25258"}],"version-history":[{"count":1,"href":"https:\/\/www.sinchisinchi.com\/pt-pt\/wp-json\/wp\/v2\/pages\/25258\/revisions"}],"predecessor-version":[{"id":30252,"href":"https:\/\/www.sinchisinchi.com\/pt-pt\/wp-json\/wp\/v2\/pages\/25258\/revisions\/30252"}],"up":[{"embeddable":true,"href":"https:\/\/www.sinchisinchi.com\/pt-pt\/wp-json\/wp\/v2\/pages\/25252"}],"wp:attachment":[{"href":"https:\/\/www.sinchisinchi.com\/pt-pt\/wp-json\/wp\/v2\/media?parent=25258"}],"curies":[{"name":"wp","href":"https:\/\/api.w.org\/{rel}","templated":true}]}}