{"id":25262,"date":"2025-01-30T15:08:18","date_gmt":"2025-01-30T15:08:18","guid":{"rendered":"https:\/\/www.sinchisinchi.com\/o-que-e-rape\/documentarios-rape\/"},"modified":"2026-03-04T18:48:47","modified_gmt":"2026-03-04T18:48:47","slug":"documentarios-rape","status":"publish","type":"page","link":"https:\/\/www.sinchisinchi.com\/pt-pt\/conhecimento\/o-que-e-rape\/documentarios-rape\/","title":{"rendered":"Document\u00e1rios Rap\u00e9"},"content":{"rendered":"\n<h1 style=\"text-align: center;\"><strong>Document\u00e1rios sobre o Rap\u00e9 e o uso do mapacho sagrado<\/strong><\/h1>\n<div class=\"row\"  id=\"row-279742706\">\n\n\n\t<div id=\"col-2111886739\" class=\"col medium-6 small-12 large-6\"  >\n\t\t\t\t<div class=\"col-inner\"  >\n\t\t\t\n\t\t\t\n\n<div class=\"video video-fit mb\" style=\"padding-top:56.25%;\"><iframe loading=\"lazy\" title=\"EL PODER CURATIVO DEL TABACO - EL RAP\u00c9 Y OTROS RITUALES\" width=\"1020\" height=\"574\" src=\"https:\/\/www.youtube.com\/embed\/ljwx0ZJ7sDE?feature=oembed&#038;enablejsapi=1&#038;origin=https:\/\/www.sinchisinchi.com\" frameborder=\"0\" allow=\"accelerometer; autoplay; clipboard-write; encrypted-media; gyroscope; picture-in-picture; web-share\" referrerpolicy=\"strict-origin-when-cross-origin\" allowfullscreen><\/iframe><\/div>\n\n<p style=\"text-align: center;\"><strong>O poder curativo do tabaco &#8211; rap\u00e9 e outros rituais<\/strong><\/p>\n\n\t\t<\/div>\n\t\t\t\t\t<\/div>\n\n\t\n\n\t<div id=\"col-1203027552\" class=\"col medium-6 small-12 large-6\"  >\n\t\t\t\t<div class=\"col-inner\"  >\n\t\t\t\n\t\t\t\n\n<div class=\"video video-fit mb\" style=\"padding-top:56.25%;\"><p><iframe loading=\"lazy\" title=\"Sinchi, sinchi, negrito. El uso medicinal del tabaco en la alta amazonia peruana.\" width=\"1020\" height=\"574\" src=\"https:\/\/www.youtube.com\/embed\/0uzANSxlepM?feature=oembed&#038;enablejsapi=1&#038;origin=https:\/\/www.sinchisinchi.com\" frameborder=\"0\" allow=\"accelerometer; autoplay; clipboard-write; encrypted-media; gyroscope; picture-in-picture; web-share\" referrerpolicy=\"strict-origin-when-cross-origin\" allowfullscreen><\/iframe><\/p>\n<\/div>\n\n<p style=\"text-align: center;\"><strong>Sinchi, sinchi, rapazinho negro. O uso medicinal do tabaco na alta Amaz\u00f3nia peruana.<\/strong><\/p>\n\n\t\t<\/div>\n\t\t\t\t\t<\/div>\n\n\t\n\n<\/div>\n<div class=\"row\"  id=\"row-3395506\">\n\n\n\t<div id=\"col-1601461142\" class=\"col medium-6 small-12 large-6\"  >\n\t\t\t\t<div class=\"col-inner\"  >\n\t\t\t\n\t\t\t\n\n<div class=\"video video-fit mb\" style=\"padding-top:56.25%;\"><p><iframe loading=\"lazy\" title=\"Tabaco Sagrado - \u00bfC\u00f3mo y para qu\u00e9 fumarlo?\" width=\"1020\" height=\"574\" src=\"https:\/\/www.youtube.com\/embed\/XNI8YzjULbo?feature=oembed&#038;enablejsapi=1&#038;origin=https:\/\/www.sinchisinchi.com\" frameborder=\"0\" allow=\"accelerometer; autoplay; clipboard-write; encrypted-media; gyroscope; picture-in-picture; web-share\" referrerpolicy=\"strict-origin-when-cross-origin\" allowfullscreen><\/iframe><\/p>\n<\/div>\n\n<p style=\"text-align: center;\"><strong>Tabaco Sagrado &#8211; Como e porqu\u00ea fum\u00e1-lo?<\/strong><\/p>\n\n\t\t<\/div>\n\t\t\t\t\t<\/div>\n\n\t\n\n\t<div id=\"col-689816360\" class=\"col medium-6 small-12 large-6\"  >\n\t\t\t\t<div class=\"col-inner\"  >\n\t\t\t\n\t\t\t\n\n<div class=\"video video-fit mb\" style=\"padding-top:56.25%;\"><p><iframe loading=\"lazy\" title=\"Historia del Tabaco\" width=\"1020\" height=\"574\" src=\"https:\/\/www.youtube.com\/embed\/RdcRSEMmyk0?feature=oembed&#038;enablejsapi=1&#038;origin=https:\/\/www.sinchisinchi.com\" frameborder=\"0\" allow=\"accelerometer; autoplay; clipboard-write; encrypted-media; gyroscope; picture-in-picture; web-share\" referrerpolicy=\"strict-origin-when-cross-origin\" allowfullscreen><\/iframe><\/p>\n<\/div>\n\n<p style=\"text-align: center;\"><strong>Hist\u00f3ria do Tabaco<\/strong><\/p>\n\n\t\t<\/div>\n\t\t\t\t\t<\/div>\n\n\t\n\n<\/div>\n\n","protected":false},"excerpt":{"rendered":"","protected":false},"author":1,"featured_media":0,"parent":25252,"menu_order":0,"comment_status":"closed","ping_status":"closed","template":"","meta":{"_joinchat":[],"footnotes":""},"class_list":["post-25262","page","type-page","status-publish","hentry"],"yoast_head":"<!-- This site is optimized with the Yoast SEO plugin v27.4 - https:\/\/yoast.com\/product\/yoast-seo-wordpress\/ -->\n<title>Document\u00e1rios sobre o uso tradicional do rap\u00e9 e do mapacho<\/title>\n<meta name=\"description\" content=\"A planta Mapacho \u00e9 uma planta antiga, cheia de poderes e mist\u00e9rios, que \u00e9 utilizada na Amaz\u00f3nia h\u00e1 milhares de anos.\" \/>\n<meta name=\"robots\" content=\"index, follow, max-snippet:-1, max-image-preview:large, max-video-preview:-1\" \/>\n<link rel=\"canonical\" href=\"https:\/\/www.sinchisinchi.com\/pt-pt\/conhecimento\/o-que-e-rape\/documentarios-rape\/\" \/>\n<meta property=\"og:locale\" content=\"pt_PT\" \/>\n<meta property=\"og:type\" content=\"article\" \/>\n<meta property=\"og:title\" content=\"Document\u00e1rios sobre o uso tradicional do rap\u00e9 e do mapacho\" \/>\n<meta property=\"og:description\" content=\"A planta Mapacho \u00e9 uma planta antiga, cheia de poderes e mist\u00e9rios, que \u00e9 utilizada na Amaz\u00f3nia h\u00e1 milhares de anos.\" \/>\n<meta property=\"og:url\" content=\"https:\/\/www.sinchisinchi.com\/pt-pt\/conhecimento\/o-que-e-rape\/documentarios-rape\/\" \/>\n<meta property=\"og:site_name\" content=\"SINCHI RAP\u00c9\" \/>\n<meta property=\"article:publisher\" content=\"https:\/\/www.facebook.com\/sinchirape\/\" \/>\n<meta property=\"article:modified_time\" content=\"2026-03-04T18:48:47+00:00\" \/>\n<meta name=\"twitter:card\" content=\"summary_large_image\" \/>\n<meta name=\"twitter:label1\" content=\"Tempo estimado de leitura\" \/>\n\t<meta name=\"twitter:data1\" content=\"1 minuto\" \/>\n<script type=\"application\/ld+json\" class=\"yoast-schema-graph\">{\"@context\":\"https:\\\/\\\/schema.org\",\"@graph\":[{\"@type\":\"WebPage\",\"@id\":\"https:\\\/\\\/www.sinchisinchi.com\\\/pt-pt\\\/conhecimento\\\/o-que-e-rape\\\/documentarios-rape\\\/\",\"url\":\"https:\\\/\\\/www.sinchisinchi.com\\\/pt-pt\\\/conhecimento\\\/o-que-e-rape\\\/documentarios-rape\\\/\",\"name\":\"Document\u00e1rios sobre o uso tradicional do rap\u00e9 e do mapacho\",\"isPartOf\":{\"@id\":\"https:\\\/\\\/www.sinchisinchi.com\\\/pt-pt\\\/#website\"},\"datePublished\":\"2025-01-30T15:08:18+00:00\",\"dateModified\":\"2026-03-04T18:48:47+00:00\",\"description\":\"A planta Mapacho \u00e9 uma planta antiga, cheia de poderes e mist\u00e9rios, que \u00e9 utilizada na Amaz\u00f3nia h\u00e1 milhares de anos.\",\"breadcrumb\":{\"@id\":\"https:\\\/\\\/www.sinchisinchi.com\\\/pt-pt\\\/conhecimento\\\/o-que-e-rape\\\/documentarios-rape\\\/#breadcrumb\"},\"inLanguage\":\"pt-PT\",\"potentialAction\":[{\"@type\":\"ReadAction\",\"target\":[\"https:\\\/\\\/www.sinchisinchi.com\\\/pt-pt\\\/conhecimento\\\/o-que-e-rape\\\/documentarios-rape\\\/\"]}]},{\"@type\":\"BreadcrumbList\",\"@id\":\"https:\\\/\\\/www.sinchisinchi.com\\\/pt-pt\\\/conhecimento\\\/o-que-e-rape\\\/documentarios-rape\\\/#breadcrumb\",\"itemListElement\":[{\"@type\":\"ListItem\",\"position\":1,\"name\":\"Prima pagina\",\"item\":\"https:\\\/\\\/www.sinchisinchi.com\\\/pt-pt\\\/\"},{\"@type\":\"ListItem\",\"position\":2,\"name\":\"Conhecimento\",\"item\":\"https:\\\/\\\/www.sinchisinchi.com\\\/pt-pt\\\/conhecimento\\\/\"},{\"@type\":\"ListItem\",\"position\":3,\"name\":\"O que \u00e9 Rap\u00e9\",\"item\":\"https:\\\/\\\/www.sinchisinchi.com\\\/pt-pt\\\/conhecimento\\\/o-que-e-rape\\\/\"},{\"@type\":\"ListItem\",\"position\":4,\"name\":\"Document\u00e1rios Rap\u00e9\"}]},{\"@type\":\"WebSite\",\"@id\":\"https:\\\/\\\/www.sinchisinchi.com\\\/pt-pt\\\/#website\",\"url\":\"https:\\\/\\\/www.sinchisinchi.com\\\/pt-pt\\\/\",\"name\":\"SINCHI\",\"description\":\"Sinchi Medicine\",\"publisher\":{\"@id\":\"https:\\\/\\\/www.sinchisinchi.com\\\/pt-pt\\\/#organization\"},\"potentialAction\":[{\"@type\":\"SearchAction\",\"target\":{\"@type\":\"EntryPoint\",\"urlTemplate\":\"https:\\\/\\\/www.sinchisinchi.com\\\/pt-pt\\\/?s={search_term_string}\"},\"query-input\":{\"@type\":\"PropertyValueSpecification\",\"valueRequired\":true,\"valueName\":\"search_term_string\"}}],\"inLanguage\":\"pt-PT\"},{\"@type\":\"Organization\",\"@id\":\"https:\\\/\\\/www.sinchisinchi.com\\\/pt-pt\\\/#organization\",\"name\":\"SINCHI S.L\",\"url\":\"https:\\\/\\\/www.sinchisinchi.com\\\/pt-pt\\\/\",\"logo\":{\"@type\":\"ImageObject\",\"inLanguage\":\"pt-PT\",\"@id\":\"https:\\\/\\\/www.sinchisinchi.com\\\/pt-pt\\\/#\\\/schema\\\/logo\\\/image\\\/\",\"url\":\"https:\\\/\\\/www.sinchisinchi.com\\\/wp-content\\\/uploads\\\/2026\\\/01\\\/3b-Verde-SIMPLIFICADO-HORIZONTAL-F-TRANSPARENTE-scaled.png\",\"contentUrl\":\"https:\\\/\\\/www.sinchisinchi.com\\\/wp-content\\\/uploads\\\/2026\\\/01\\\/3b-Verde-SIMPLIFICADO-HORIZONTAL-F-TRANSPARENTE-scaled.png\",\"width\":2560,\"height\":457,\"caption\":\"SINCHI S.L\"},\"image\":{\"@id\":\"https:\\\/\\\/www.sinchisinchi.com\\\/pt-pt\\\/#\\\/schema\\\/logo\\\/image\\\/\"},\"sameAs\":[\"https:\\\/\\\/www.facebook.com\\\/sinchirape\\\/\",\"https:\\\/\\\/www.instagram.com\\\/sinchi_rape\\\/\"]}]}<\/script>\n<!-- \/ Yoast SEO plugin. -->","yoast_head_json":{"title":"Document\u00e1rios sobre o uso tradicional do rap\u00e9 e do mapacho","description":"A planta Mapacho \u00e9 uma planta antiga, cheia de poderes e mist\u00e9rios, que \u00e9 utilizada na Amaz\u00f3nia h\u00e1 milhares de anos.","robots":{"index":"index","follow":"follow","max-snippet":"max-snippet:-1","max-image-preview":"max-image-preview:large","max-video-preview":"max-video-preview:-1"},"canonical":"https:\/\/www.sinchisinchi.com\/pt-pt\/conhecimento\/o-que-e-rape\/documentarios-rape\/","og_locale":"pt_PT","og_type":"article","og_title":"Document\u00e1rios sobre o uso tradicional do rap\u00e9 e do mapacho","og_description":"A planta Mapacho \u00e9 uma planta antiga, cheia de poderes e mist\u00e9rios, que \u00e9 utilizada na Amaz\u00f3nia h\u00e1 milhares de anos.","og_url":"https:\/\/www.sinchisinchi.com\/pt-pt\/conhecimento\/o-que-e-rape\/documentarios-rape\/","og_site_name":"SINCHI RAP\u00c9","article_publisher":"https:\/\/www.facebook.com\/sinchirape\/","article_modified_time":"2026-03-04T18:48:47+00:00","twitter_card":"summary_large_image","twitter_misc":{"Tempo estimado de leitura":"1 minuto"},"schema":{"@context":"https:\/\/schema.org","@graph":[{"@type":"WebPage","@id":"https:\/\/www.sinchisinchi.com\/pt-pt\/conhecimento\/o-que-e-rape\/documentarios-rape\/","url":"https:\/\/www.sinchisinchi.com\/pt-pt\/conhecimento\/o-que-e-rape\/documentarios-rape\/","name":"Document\u00e1rios sobre o uso tradicional do rap\u00e9 e do mapacho","isPartOf":{"@id":"https:\/\/www.sinchisinchi.com\/pt-pt\/#website"},"datePublished":"2025-01-30T15:08:18+00:00","dateModified":"2026-03-04T18:48:47+00:00","description":"A planta Mapacho \u00e9 uma planta antiga, cheia de poderes e mist\u00e9rios, que \u00e9 utilizada na Amaz\u00f3nia h\u00e1 milhares de anos.","breadcrumb":{"@id":"https:\/\/www.sinchisinchi.com\/pt-pt\/conhecimento\/o-que-e-rape\/documentarios-rape\/#breadcrumb"},"inLanguage":"pt-PT","potentialAction":[{"@type":"ReadAction","target":["https:\/\/www.sinchisinchi.com\/pt-pt\/conhecimento\/o-que-e-rape\/documentarios-rape\/"]}]},{"@type":"BreadcrumbList","@id":"https:\/\/www.sinchisinchi.com\/pt-pt\/conhecimento\/o-que-e-rape\/documentarios-rape\/#breadcrumb","itemListElement":[{"@type":"ListItem","position":1,"name":"Prima pagina","item":"https:\/\/www.sinchisinchi.com\/pt-pt\/"},{"@type":"ListItem","position":2,"name":"Conhecimento","item":"https:\/\/www.sinchisinchi.com\/pt-pt\/conhecimento\/"},{"@type":"ListItem","position":3,"name":"O que \u00e9 Rap\u00e9","item":"https:\/\/www.sinchisinchi.com\/pt-pt\/conhecimento\/o-que-e-rape\/"},{"@type":"ListItem","position":4,"name":"Document\u00e1rios Rap\u00e9"}]},{"@type":"WebSite","@id":"https:\/\/www.sinchisinchi.com\/pt-pt\/#website","url":"https:\/\/www.sinchisinchi.com\/pt-pt\/","name":"SINCHI","description":"Sinchi Medicine","publisher":{"@id":"https:\/\/www.sinchisinchi.com\/pt-pt\/#organization"},"potentialAction":[{"@type":"SearchAction","target":{"@type":"EntryPoint","urlTemplate":"https:\/\/www.sinchisinchi.com\/pt-pt\/?s={search_term_string}"},"query-input":{"@type":"PropertyValueSpecification","valueRequired":true,"valueName":"search_term_string"}}],"inLanguage":"pt-PT"},{"@type":"Organization","@id":"https:\/\/www.sinchisinchi.com\/pt-pt\/#organization","name":"SINCHI S.L","url":"https:\/\/www.sinchisinchi.com\/pt-pt\/","logo":{"@type":"ImageObject","inLanguage":"pt-PT","@id":"https:\/\/www.sinchisinchi.com\/pt-pt\/#\/schema\/logo\/image\/","url":"https:\/\/www.sinchisinchi.com\/wp-content\/uploads\/2026\/01\/3b-Verde-SIMPLIFICADO-HORIZONTAL-F-TRANSPARENTE-scaled.png","contentUrl":"https:\/\/www.sinchisinchi.com\/wp-content\/uploads\/2026\/01\/3b-Verde-SIMPLIFICADO-HORIZONTAL-F-TRANSPARENTE-scaled.png","width":2560,"height":457,"caption":"SINCHI S.L"},"image":{"@id":"https:\/\/www.sinchisinchi.com\/pt-pt\/#\/schema\/logo\/image\/"},"sameAs":["https:\/\/www.facebook.com\/sinchirape\/","https:\/\/www.instagram.com\/sinchi_rape\/"]}]}},"_links":{"self":[{"href":"https:\/\/www.sinchisinchi.com\/pt-pt\/wp-json\/wp\/v2\/pages\/25262","targetHints":{"allow":["GET"]}}],"collection":[{"href":"https:\/\/www.sinchisinchi.com\/pt-pt\/wp-json\/wp\/v2\/pages"}],"about":[{"href":"https:\/\/www.sinchisinchi.com\/pt-pt\/wp-json\/wp\/v2\/types\/page"}],"author":[{"embeddable":true,"href":"https:\/\/www.sinchisinchi.com\/pt-pt\/wp-json\/wp\/v2\/users\/1"}],"replies":[{"embeddable":true,"href":"https:\/\/www.sinchisinchi.com\/pt-pt\/wp-json\/wp\/v2\/comments?post=25262"}],"version-history":[{"count":1,"href":"https:\/\/www.sinchisinchi.com\/pt-pt\/wp-json\/wp\/v2\/pages\/25262\/revisions"}],"predecessor-version":[{"id":30221,"href":"https:\/\/www.sinchisinchi.com\/pt-pt\/wp-json\/wp\/v2\/pages\/25262\/revisions\/30221"}],"up":[{"embeddable":true,"href":"https:\/\/www.sinchisinchi.com\/pt-pt\/wp-json\/wp\/v2\/pages\/25252"}],"wp:attachment":[{"href":"https:\/\/www.sinchisinchi.com\/pt-pt\/wp-json\/wp\/v2\/media?parent=25262"}],"curies":[{"name":"wp","href":"https:\/\/api.w.org\/{rel}","templated":true}]}}