{"id":25270,"date":"2025-01-30T15:24:19","date_gmt":"2025-01-30T15:24:19","guid":{"rendered":"https:\/\/www.sinchisinchi.com\/o-que-e-rape\/efeitos-do-rape\/"},"modified":"2026-03-04T20:09:05","modified_gmt":"2026-03-04T20:09:05","slug":"efeitos-do-rape","status":"publish","type":"page","link":"https:\/\/www.sinchisinchi.com\/pt-pt\/conhecimento\/o-que-e-rape\/efeitos-do-rape\/","title":{"rendered":"Efeitos do Rap\u00e9"},"content":{"rendered":"\n<h1 style=\"text-align: center;\">Efeitos do Rap\u00e9<\/h1>\n<h2 style=\"text-align: center;\">Benef\u00edcios do Rap\u00e9 a n\u00edvel energ\u00e9tico e emocional:<\/h2>\n<p>Para as tribos da Amaz\u00f3nia, o rap\u00e9 \u00e9 uma ferramenta poderosa que limpa a perce\u00e7\u00e3o, clarifica a mente e abre os canais de energia superiores, conectando-nos com a parte mais elevada do ser.<\/p>\n<p>Ao<strong> interromper o di\u00e1logo interno,<\/strong> o rap\u00e9 ajuda a pessoa a estar verdadeiramente presente e a ver para al\u00e9m das interpreta\u00e7\u00f5es, induzindo um estado meditativo direto. \u00c9 de uma ajuda inestim\u00e1vel para acalmar processos mentais recorrentes e reequilibrar estados emocionais desequilibrados.<\/p>\n<p>Quando utilizado corretamente, o rap\u00e9 \u00e9 uma forma direta de <strong>tomar consci\u00eancia, desbloquear e curar<\/strong> estas cargas energ\u00e9ticas e emocionais que se traduzem em medos, depress\u00e3o, ansiedade, sentimentos de abandono, ci\u00fames, frustra\u00e7\u00e3o, ins\u00f3nia, etc.<\/p>\n<p>\u00c9 de grande ajuda ter <strong>clareza mental<\/strong> quando \u00e9 necess\u00e1ria uma elevada concentra\u00e7\u00e3o, pois induz um estado meditativo.<\/p>\n<p>Ao receber o rap\u00e9, o medicamento sobe, limpando, ordenando e alinhando o campo energ\u00e9tico, especialmente os chakras do terceiro olho e da coroa. As rondas de rap\u00e9 nos c\u00edrculos de medicina, bem como na ingest\u00e3o de ayahuasca ou outras plantas mestras, servem para sincronizar e alinhar a aten\u00e7\u00e3o e a perce\u00e7\u00e3o dos participantes.<\/p>\n<div class=\"row\"  id=\"row-862192602\">\n\n\n\t<div id=\"col-487163123\" class=\"col medium-6 small-12 large-6\"  >\n\t\t\t\t<div class=\"col-inner\"  >\n\t\t\t\n\t\t\t\n\n\t<div class=\"img has-hover x md-x lg-x y md-y lg-y\" id=\"image_302388621\">\n\t\t\t\t\t\t\t\t<div class=\"img-inner dark\" >\n\t\t\t<img loading=\"lazy\" decoding=\"async\" width=\"868\" height=\"563\" src=\"https:\/\/www.sinchisinchi.com\/wp-content\/uploads\/2024\/07\/R-dibujos-de-rape2-1.jpg\" class=\"attachment-large size-large\" alt=\"\" srcset=\"https:\/\/www.sinchisinchi.com\/wp-content\/uploads\/2024\/07\/R-dibujos-de-rape2-1.jpg 868w, https:\/\/www.sinchisinchi.com\/wp-content\/uploads\/2024\/07\/R-dibujos-de-rape2-1-600x389.jpg 600w, https:\/\/www.sinchisinchi.com\/wp-content\/uploads\/2024\/07\/R-dibujos-de-rape2-1-768x498.jpg 768w, https:\/\/www.sinchisinchi.com\/wp-content\/uploads\/2024\/07\/R-dibujos-de-rape2-1-247x160.jpg 247w, https:\/\/www.sinchisinchi.com\/wp-content\/uploads\/2024\/07\/R-dibujos-de-rape2-1-510x331.jpg 510w\" sizes=\"auto, (max-width: 868px) 100vw, 868px\" \/>\t\t\t\t\t\t\n\t\t\t\t\t<\/div>\n\t\t\t\t\t\t\t\t\n<style>\n#image_302388621 {\n  width: 100%;\n}\n<\/style>\n\t<\/div>\n\t\n\n\n\t\t<\/div>\n\t\t\t\t\t<\/div>\n\n\t\n\n\t<div id=\"col-716809069\" class=\"col medium-6 small-12 large-6\"  >\n\t\t\t\t<div class=\"col-inner\"  >\n\t\t\t\n\t\t\t\n\n\t<div class=\"img has-hover x md-x lg-x y md-y lg-y\" id=\"image_905967487\">\n\t\t\t\t\t\t\t\t<div class=\"img-inner dark\" >\n\t\t\t<img loading=\"lazy\" decoding=\"async\" width=\"868\" height=\"563\" src=\"https:\/\/www.sinchisinchi.com\/wp-content\/uploads\/2024\/07\/R-Flor-del-mapacho2-3.jpg\" class=\"attachment-large size-large\" alt=\"\" srcset=\"https:\/\/www.sinchisinchi.com\/wp-content\/uploads\/2024\/07\/R-Flor-del-mapacho2-3.jpg 868w, https:\/\/www.sinchisinchi.com\/wp-content\/uploads\/2024\/07\/R-Flor-del-mapacho2-3-600x389.jpg 600w, https:\/\/www.sinchisinchi.com\/wp-content\/uploads\/2024\/07\/R-Flor-del-mapacho2-3-768x498.jpg 768w, https:\/\/www.sinchisinchi.com\/wp-content\/uploads\/2024\/07\/R-Flor-del-mapacho2-3-247x160.jpg 247w, https:\/\/www.sinchisinchi.com\/wp-content\/uploads\/2024\/07\/R-Flor-del-mapacho2-3-510x331.jpg 510w\" sizes=\"auto, (max-width: 868px) 100vw, 868px\" \/>\t\t\t\t\t\t\n\t\t\t\t\t<\/div>\n\t\t\t\t\t\t\t\t\n<style>\n#image_905967487 {\n  width: 100%;\n}\n<\/style>\n\t<\/div>\n\t\n\n\n\t\t<\/div>\n\t\t\t\t\t<\/div>\n\n\t\n\n<\/div>\n<h2 style=\"text-align: center;\">Benef\u00edcios do Rap\u00e9 a n\u00edvel f\u00edsico:<\/h2>\n<p>Os <strong>efeitos<\/strong> do Rap\u00e9 a n\u00edvel f\u00edsico s\u00e3o tamb\u00e9m valiosos: \u00e9 muito eficaz no tratamento de problemas do sistema respirat\u00f3rio, especialmente sinusite, bronquite cr\u00f3nica, pneumonia e tuberculose. \u00c9 tamb\u00e9m eficaz contra dores de cabe\u00e7a persistentes, enxaquecas, problemas do sistema digestivo e alergias.<\/p>\n<p>O rap\u00e9 tamb\u00e9m <strong>imuniza<\/strong> contra doen\u00e7as do aparelho respirat\u00f3rio, \u00e9 um poderoso analg\u00e9sico, eliminando dores de cabe\u00e7a e no corpo, al\u00e9m de ser relaxante e antipir\u00e9tico.<\/p>\n<p>Parte dele pode ser passado para o sistema digestivo, onde desparasita e ajuda a limpar o est\u00f4mago e os intestinos. Como parte desta limpeza, pode ocorrer v\u00f3mito.<\/p>\n<p>Al\u00e9m disso, <strong>o Rap\u00e9 \u00e9 conhecido por atuar na gl\u00e2ndula pineal.<\/strong> A terapeuta gestalt e especialista no uso de plantas medicinais, Hendara Rico, disse ao jornal Efe que &#8220;A gl\u00e2ndula pineal, atrav\u00e9s de algumas subst\u00e2ncias de uso di\u00e1rio, como o fl\u00faor, fica calcificada e anestesiada, e o rap\u00e9 atua descalcificando esta gl\u00e2ndula&#8221; .<\/p>\n<p>Ajuda a reiniciar o ciclo de limpeza dos pulm\u00f5es e gera a expuls\u00e3o de catarro e corpos estranhos; \u00c9 altamente recomendado para quem sofre de asma.<\/p>\n<p>O rap\u00e9 \u00e9 tamb\u00e9m utilizado como subst\u00e2ncia analg\u00e9sica que alivia a fadiga, a dor, a fome e a sede.<\/p>\n<p>O rap\u00e9 \u00e0 base de mapacho cont\u00e9m nicotina, pelo que a sua utiliza\u00e7\u00e3o aumenta o fluxo sangu\u00edneo para o c\u00e9rebro e afeta a liberta\u00e7\u00e3o de v\u00e1rios neurotransmissores, levando a efeitos antidepressivos e estimulantes.<\/p>\n<p>\u00c9 tamb\u00e9m um excelente <strong>cicatrizante e antibi\u00f3tico<\/strong> aplicado em feridas, especialmente nas que cont\u00eam s\u00e1lvia e lavanda.<\/p>\n<div class=\"row\"  id=\"row-1333308395\">\n\n\n\t<div id=\"col-2102148889\" class=\"col medium-6 small-12 large-6\"  >\n\t\t\t\t<div class=\"col-inner\"  >\n\t\t\t\n\t\t\t\n\n\t<div class=\"img has-hover x md-x lg-x y md-y lg-y\" id=\"image_617555434\">\n\t\t\t\t\t\t\t\t<div class=\"img-inner dark\" >\n\t\t\t<img loading=\"lazy\" decoding=\"async\" width=\"868\" height=\"563\" src=\"https:\/\/www.sinchisinchi.com\/wp-content\/uploads\/2024\/07\/R-toma-de-rape3-1.jpg\" class=\"attachment-large size-large\" alt=\"\" srcset=\"https:\/\/www.sinchisinchi.com\/wp-content\/uploads\/2024\/07\/R-toma-de-rape3-1.jpg 868w, https:\/\/www.sinchisinchi.com\/wp-content\/uploads\/2024\/07\/R-toma-de-rape3-1-600x389.jpg 600w, https:\/\/www.sinchisinchi.com\/wp-content\/uploads\/2024\/07\/R-toma-de-rape3-1-768x498.jpg 768w, https:\/\/www.sinchisinchi.com\/wp-content\/uploads\/2024\/07\/R-toma-de-rape3-1-247x160.jpg 247w, https:\/\/www.sinchisinchi.com\/wp-content\/uploads\/2024\/07\/R-toma-de-rape3-1-510x331.jpg 510w\" sizes=\"auto, (max-width: 868px) 100vw, 868px\" \/>\t\t\t\t\t\t\n\t\t\t\t\t<\/div>\n\t\t\t\t\t\t\t\t\n<style>\n#image_617555434 {\n  width: 100%;\n}\n<\/style>\n\t<\/div>\n\t\n\n\n\t\t<\/div>\n\t\t\t\t\t<\/div>\n\n\t\n\n\t<div id=\"col-499754680\" class=\"col medium-6 small-12 large-6\"  >\n\t\t\t\t<div class=\"col-inner\"  >\n\t\t\t\n\t\t\t\n\n\t<div class=\"img has-hover x md-x lg-x y md-y lg-y\" id=\"image_496114667\">\n\t\t\t\t\t\t\t\t<div class=\"img-inner dark\" >\n\t\t\t<img loading=\"lazy\" decoding=\"async\" width=\"868\" height=\"563\" src=\"https:\/\/www.sinchisinchi.com\/wp-content\/uploads\/2024\/07\/R-historia-del-tabaco1-1.jpg\" class=\"attachment-large size-large\" alt=\"\" srcset=\"https:\/\/www.sinchisinchi.com\/wp-content\/uploads\/2024\/07\/R-historia-del-tabaco1-1.jpg 868w, https:\/\/www.sinchisinchi.com\/wp-content\/uploads\/2024\/07\/R-historia-del-tabaco1-1-600x389.jpg 600w, https:\/\/www.sinchisinchi.com\/wp-content\/uploads\/2024\/07\/R-historia-del-tabaco1-1-768x498.jpg 768w, https:\/\/www.sinchisinchi.com\/wp-content\/uploads\/2024\/07\/R-historia-del-tabaco1-1-247x160.jpg 247w, https:\/\/www.sinchisinchi.com\/wp-content\/uploads\/2024\/07\/R-historia-del-tabaco1-1-510x331.jpg 510w\" sizes=\"auto, (max-width: 868px) 100vw, 868px\" \/>\t\t\t\t\t\t\n\t\t\t\t\t<\/div>\n\t\t\t\t\t\t\t\t\n<style>\n#image_496114667 {\n  width: 100%;\n}\n<\/style>\n\t<\/div>\n\t\n\n\n\t\t<\/div>\n\t\t\t\t\t<\/div>\n\n\t\n\n<\/div>\n\t<div id=\"gap-407796644\" class=\"gap-element clearfix\" style=\"display:block; height:auto;\">\n\t\t\n<style>\n#gap-407796644 {\n  padding-top: 30px;\n}\n<\/style>\n\t<\/div>\n\t\n\n<div class=\"row align-bottom\"  id=\"row-854189689\">\n\n\n\t<div id=\"col-247020867\" class=\"col medium-4 small-12 large-4\"  >\n\t\t\t\t<div class=\"col-inner\"  >\n\t\t\t\n\t\t\t\n\n\n\t\t<\/div>\n\t\t\t\t\t<\/div>\n\n\t\n\n\t<div id=\"col-617067393\" class=\"col medium-4 small-12 large-4\"  >\n\t\t\t\t<div class=\"col-inner\"  >\n\t\t\t\n\t\t\t\n\n<a href=\"https:\/\/www.sinchisinchi.com\/pt-pt\/o-que-e-rape\/cerimonia-de-rape\/\" class=\"button primary is-underline reveal-icon expand\" >\n\t\t<span>continuar lendo<\/span>\n\t<i class=\"icon-angle-right\" aria-hidden=\"true\"><\/i><\/a>\n\n\n\n\t\t<\/div>\n\t\t\t\t\t<\/div>\n\n\t\n\n\t<div id=\"col-1458306964\" class=\"col medium-4 small-12 large-4\"  >\n\t\t\t\t<div class=\"col-inner\"  >\n\t\t\t\n\t\t\t\n\n\n\t\t<\/div>\n\t\t\t\t\t<\/div>\n\n\t\n\n<\/div>\n\n","protected":false},"excerpt":{"rendered":"","protected":false},"author":1,"featured_media":0,"parent":25252,"menu_order":0,"comment_status":"closed","ping_status":"closed","template":"","meta":{"_joinchat":[],"footnotes":""},"class_list":["post-25270","page","type-page","status-publish","hentry"],"yoast_head":"<!-- This site is optimized with the Yoast SEO plugin v27.4 - https:\/\/yoast.com\/product\/yoast-seo-wordpress\/ -->\n<title>Efeitos do Rap\u00e9: Poderes f\u00edsicos e espirituais do Rap\u00e9<\/title>\n<meta name=\"description\" content=\"Efeitos do Rap\u00e9: O Rap\u00e9 \u00e9 uma ferramenta poderosa que limpa a nossa perce\u00e7\u00e3o, limpa a mente e promove a conex\u00e3o.\" \/>\n<meta name=\"robots\" content=\"index, follow, max-snippet:-1, max-image-preview:large, max-video-preview:-1\" \/>\n<link rel=\"canonical\" href=\"https:\/\/www.sinchisinchi.com\/pt-pt\/conhecimento\/o-que-e-rape\/efeitos-do-rape\/\" \/>\n<meta property=\"og:locale\" content=\"pt_PT\" \/>\n<meta property=\"og:type\" content=\"article\" \/>\n<meta property=\"og:title\" content=\"Efeitos do Rap\u00e9: Poderes f\u00edsicos e espirituais do Rap\u00e9\" \/>\n<meta property=\"og:description\" content=\"Efeitos do Rap\u00e9: O Rap\u00e9 \u00e9 uma ferramenta poderosa que limpa a nossa perce\u00e7\u00e3o, limpa a mente e promove a conex\u00e3o.\" \/>\n<meta property=\"og:url\" content=\"https:\/\/www.sinchisinchi.com\/pt-pt\/conhecimento\/o-que-e-rape\/efeitos-do-rape\/\" \/>\n<meta property=\"og:site_name\" content=\"SINCHI RAP\u00c9\" \/>\n<meta property=\"article:publisher\" content=\"https:\/\/www.facebook.com\/sinchirape\/\" \/>\n<meta property=\"article:modified_time\" content=\"2026-03-04T20:09:05+00:00\" \/>\n<meta name=\"twitter:card\" content=\"summary_large_image\" \/>\n<meta name=\"twitter:label1\" content=\"Tempo estimado de leitura\" \/>\n\t<meta name=\"twitter:data1\" content=\"3 minutos\" \/>\n<script type=\"application\/ld+json\" class=\"yoast-schema-graph\">{\"@context\":\"https:\\\/\\\/schema.org\",\"@graph\":[{\"@type\":\"WebPage\",\"@id\":\"https:\\\/\\\/www.sinchisinchi.com\\\/pt-pt\\\/conhecimento\\\/o-que-e-rape\\\/efeitos-do-rape\\\/\",\"url\":\"https:\\\/\\\/www.sinchisinchi.com\\\/pt-pt\\\/conhecimento\\\/o-que-e-rape\\\/efeitos-do-rape\\\/\",\"name\":\"Efeitos do Rap\u00e9: Poderes f\u00edsicos e espirituais do Rap\u00e9\",\"isPartOf\":{\"@id\":\"https:\\\/\\\/www.sinchisinchi.com\\\/pt-pt\\\/#website\"},\"datePublished\":\"2025-01-30T15:24:19+00:00\",\"dateModified\":\"2026-03-04T20:09:05+00:00\",\"description\":\"Efeitos do Rap\u00e9: O Rap\u00e9 \u00e9 uma ferramenta poderosa que limpa a nossa perce\u00e7\u00e3o, limpa a mente e promove a conex\u00e3o.\",\"breadcrumb\":{\"@id\":\"https:\\\/\\\/www.sinchisinchi.com\\\/pt-pt\\\/conhecimento\\\/o-que-e-rape\\\/efeitos-do-rape\\\/#breadcrumb\"},\"inLanguage\":\"pt-PT\",\"potentialAction\":[{\"@type\":\"ReadAction\",\"target\":[\"https:\\\/\\\/www.sinchisinchi.com\\\/pt-pt\\\/conhecimento\\\/o-que-e-rape\\\/efeitos-do-rape\\\/\"]}]},{\"@type\":\"BreadcrumbList\",\"@id\":\"https:\\\/\\\/www.sinchisinchi.com\\\/pt-pt\\\/conhecimento\\\/o-que-e-rape\\\/efeitos-do-rape\\\/#breadcrumb\",\"itemListElement\":[{\"@type\":\"ListItem\",\"position\":1,\"name\":\"Prima pagina\",\"item\":\"https:\\\/\\\/www.sinchisinchi.com\\\/pt-pt\\\/\"},{\"@type\":\"ListItem\",\"position\":2,\"name\":\"Conhecimento\",\"item\":\"https:\\\/\\\/www.sinchisinchi.com\\\/pt-pt\\\/conhecimento\\\/\"},{\"@type\":\"ListItem\",\"position\":3,\"name\":\"O que \u00e9 Rap\u00e9\",\"item\":\"https:\\\/\\\/www.sinchisinchi.com\\\/pt-pt\\\/conhecimento\\\/o-que-e-rape\\\/\"},{\"@type\":\"ListItem\",\"position\":4,\"name\":\"Efeitos do Rap\u00e9\"}]},{\"@type\":\"WebSite\",\"@id\":\"https:\\\/\\\/www.sinchisinchi.com\\\/pt-pt\\\/#website\",\"url\":\"https:\\\/\\\/www.sinchisinchi.com\\\/pt-pt\\\/\",\"name\":\"SINCHI\",\"description\":\"Sinchi Medicine\",\"publisher\":{\"@id\":\"https:\\\/\\\/www.sinchisinchi.com\\\/pt-pt\\\/#organization\"},\"potentialAction\":[{\"@type\":\"SearchAction\",\"target\":{\"@type\":\"EntryPoint\",\"urlTemplate\":\"https:\\\/\\\/www.sinchisinchi.com\\\/pt-pt\\\/?s={search_term_string}\"},\"query-input\":{\"@type\":\"PropertyValueSpecification\",\"valueRequired\":true,\"valueName\":\"search_term_string\"}}],\"inLanguage\":\"pt-PT\"},{\"@type\":\"Organization\",\"@id\":\"https:\\\/\\\/www.sinchisinchi.com\\\/pt-pt\\\/#organization\",\"name\":\"SINCHI S.L\",\"url\":\"https:\\\/\\\/www.sinchisinchi.com\\\/pt-pt\\\/\",\"logo\":{\"@type\":\"ImageObject\",\"inLanguage\":\"pt-PT\",\"@id\":\"https:\\\/\\\/www.sinchisinchi.com\\\/pt-pt\\\/#\\\/schema\\\/logo\\\/image\\\/\",\"url\":\"https:\\\/\\\/www.sinchisinchi.com\\\/wp-content\\\/uploads\\\/2026\\\/01\\\/3b-Verde-SIMPLIFICADO-HORIZONTAL-F-TRANSPARENTE-scaled.png\",\"contentUrl\":\"https:\\\/\\\/www.sinchisinchi.com\\\/wp-content\\\/uploads\\\/2026\\\/01\\\/3b-Verde-SIMPLIFICADO-HORIZONTAL-F-TRANSPARENTE-scaled.png\",\"width\":2560,\"height\":457,\"caption\":\"SINCHI S.L\"},\"image\":{\"@id\":\"https:\\\/\\\/www.sinchisinchi.com\\\/pt-pt\\\/#\\\/schema\\\/logo\\\/image\\\/\"},\"sameAs\":[\"https:\\\/\\\/www.facebook.com\\\/sinchirape\\\/\",\"https:\\\/\\\/www.instagram.com\\\/sinchi_rape\\\/\"]}]}<\/script>\n<!-- \/ Yoast SEO plugin. -->","yoast_head_json":{"title":"Efeitos do Rap\u00e9: Poderes f\u00edsicos e espirituais do Rap\u00e9","description":"Efeitos do Rap\u00e9: O Rap\u00e9 \u00e9 uma ferramenta poderosa que limpa a nossa perce\u00e7\u00e3o, limpa a mente e promove a conex\u00e3o.","robots":{"index":"index","follow":"follow","max-snippet":"max-snippet:-1","max-image-preview":"max-image-preview:large","max-video-preview":"max-video-preview:-1"},"canonical":"https:\/\/www.sinchisinchi.com\/pt-pt\/conhecimento\/o-que-e-rape\/efeitos-do-rape\/","og_locale":"pt_PT","og_type":"article","og_title":"Efeitos do Rap\u00e9: Poderes f\u00edsicos e espirituais do Rap\u00e9","og_description":"Efeitos do Rap\u00e9: O Rap\u00e9 \u00e9 uma ferramenta poderosa que limpa a nossa perce\u00e7\u00e3o, limpa a mente e promove a conex\u00e3o.","og_url":"https:\/\/www.sinchisinchi.com\/pt-pt\/conhecimento\/o-que-e-rape\/efeitos-do-rape\/","og_site_name":"SINCHI RAP\u00c9","article_publisher":"https:\/\/www.facebook.com\/sinchirape\/","article_modified_time":"2026-03-04T20:09:05+00:00","twitter_card":"summary_large_image","twitter_misc":{"Tempo estimado de leitura":"3 minutos"},"schema":{"@context":"https:\/\/schema.org","@graph":[{"@type":"WebPage","@id":"https:\/\/www.sinchisinchi.com\/pt-pt\/conhecimento\/o-que-e-rape\/efeitos-do-rape\/","url":"https:\/\/www.sinchisinchi.com\/pt-pt\/conhecimento\/o-que-e-rape\/efeitos-do-rape\/","name":"Efeitos do Rap\u00e9: Poderes f\u00edsicos e espirituais do Rap\u00e9","isPartOf":{"@id":"https:\/\/www.sinchisinchi.com\/pt-pt\/#website"},"datePublished":"2025-01-30T15:24:19+00:00","dateModified":"2026-03-04T20:09:05+00:00","description":"Efeitos do Rap\u00e9: O Rap\u00e9 \u00e9 uma ferramenta poderosa que limpa a nossa perce\u00e7\u00e3o, limpa a mente e promove a conex\u00e3o.","breadcrumb":{"@id":"https:\/\/www.sinchisinchi.com\/pt-pt\/conhecimento\/o-que-e-rape\/efeitos-do-rape\/#breadcrumb"},"inLanguage":"pt-PT","potentialAction":[{"@type":"ReadAction","target":["https:\/\/www.sinchisinchi.com\/pt-pt\/conhecimento\/o-que-e-rape\/efeitos-do-rape\/"]}]},{"@type":"BreadcrumbList","@id":"https:\/\/www.sinchisinchi.com\/pt-pt\/conhecimento\/o-que-e-rape\/efeitos-do-rape\/#breadcrumb","itemListElement":[{"@type":"ListItem","position":1,"name":"Prima pagina","item":"https:\/\/www.sinchisinchi.com\/pt-pt\/"},{"@type":"ListItem","position":2,"name":"Conhecimento","item":"https:\/\/www.sinchisinchi.com\/pt-pt\/conhecimento\/"},{"@type":"ListItem","position":3,"name":"O que \u00e9 Rap\u00e9","item":"https:\/\/www.sinchisinchi.com\/pt-pt\/conhecimento\/o-que-e-rape\/"},{"@type":"ListItem","position":4,"name":"Efeitos do Rap\u00e9"}]},{"@type":"WebSite","@id":"https:\/\/www.sinchisinchi.com\/pt-pt\/#website","url":"https:\/\/www.sinchisinchi.com\/pt-pt\/","name":"SINCHI","description":"Sinchi Medicine","publisher":{"@id":"https:\/\/www.sinchisinchi.com\/pt-pt\/#organization"},"potentialAction":[{"@type":"SearchAction","target":{"@type":"EntryPoint","urlTemplate":"https:\/\/www.sinchisinchi.com\/pt-pt\/?s={search_term_string}"},"query-input":{"@type":"PropertyValueSpecification","valueRequired":true,"valueName":"search_term_string"}}],"inLanguage":"pt-PT"},{"@type":"Organization","@id":"https:\/\/www.sinchisinchi.com\/pt-pt\/#organization","name":"SINCHI S.L","url":"https:\/\/www.sinchisinchi.com\/pt-pt\/","logo":{"@type":"ImageObject","inLanguage":"pt-PT","@id":"https:\/\/www.sinchisinchi.com\/pt-pt\/#\/schema\/logo\/image\/","url":"https:\/\/www.sinchisinchi.com\/wp-content\/uploads\/2026\/01\/3b-Verde-SIMPLIFICADO-HORIZONTAL-F-TRANSPARENTE-scaled.png","contentUrl":"https:\/\/www.sinchisinchi.com\/wp-content\/uploads\/2026\/01\/3b-Verde-SIMPLIFICADO-HORIZONTAL-F-TRANSPARENTE-scaled.png","width":2560,"height":457,"caption":"SINCHI S.L"},"image":{"@id":"https:\/\/www.sinchisinchi.com\/pt-pt\/#\/schema\/logo\/image\/"},"sameAs":["https:\/\/www.facebook.com\/sinchirape\/","https:\/\/www.instagram.com\/sinchi_rape\/"]}]}},"_links":{"self":[{"href":"https:\/\/www.sinchisinchi.com\/pt-pt\/wp-json\/wp\/v2\/pages\/25270","targetHints":{"allow":["GET"]}}],"collection":[{"href":"https:\/\/www.sinchisinchi.com\/pt-pt\/wp-json\/wp\/v2\/pages"}],"about":[{"href":"https:\/\/www.sinchisinchi.com\/pt-pt\/wp-json\/wp\/v2\/types\/page"}],"author":[{"embeddable":true,"href":"https:\/\/www.sinchisinchi.com\/pt-pt\/wp-json\/wp\/v2\/users\/1"}],"replies":[{"embeddable":true,"href":"https:\/\/www.sinchisinchi.com\/pt-pt\/wp-json\/wp\/v2\/comments?post=25270"}],"version-history":[{"count":1,"href":"https:\/\/www.sinchisinchi.com\/pt-pt\/wp-json\/wp\/v2\/pages\/25270\/revisions"}],"predecessor-version":[{"id":30246,"href":"https:\/\/www.sinchisinchi.com\/pt-pt\/wp-json\/wp\/v2\/pages\/25270\/revisions\/30246"}],"up":[{"embeddable":true,"href":"https:\/\/www.sinchisinchi.com\/pt-pt\/wp-json\/wp\/v2\/pages\/25252"}],"wp:attachment":[{"href":"https:\/\/www.sinchisinchi.com\/pt-pt\/wp-json\/wp\/v2\/media?parent=25270"}],"curies":[{"name":"wp","href":"https:\/\/api.w.org\/{rel}","templated":true}]}}