{"id":26182,"date":"2025-02-21T18:36:01","date_gmt":"2025-02-21T18:36:01","guid":{"rendered":"https:\/\/www.sinchisinchi.com\/tribos-amazonicas\/yawanawa\/cerimonias\/"},"modified":"2026-03-04T14:22:36","modified_gmt":"2026-03-04T14:22:36","slug":"cerimonias","status":"publish","type":"page","link":"https:\/\/www.sinchisinchi.com\/pt-pt\/tribos\/yawanawa\/cerimonias\/","title":{"rendered":"Cerim\u00f4nias"},"content":{"rendered":"\n<h1 style=\"text-align: center;\">Festivais e Cerim\u00f3nias<\/h1>\n<p>As festas t\u00eam uma import\u00e2ncia especial para o estabelecimento e fortalecimento das rela\u00e7\u00f5es sociopol\u00edticas entre os pr\u00f3prios Yawanaw\u00e1 e outros grupos.<\/p>\n<p><em>Saiti<\/em> (\u2018sai\u2019 significa gritar) \u00e9 a palavra Yawanaw\u00e1 que designa genericamente \u2018festa\u2019 e <em>\u2018Mariri\u2019<\/em> &#8211; que n\u00e3o \u00e9 uma palavra Yawanaw\u00e1 &#8211; \u00e9 tamb\u00e9m utilizada por outros grupos da regi\u00e3o.<\/p>\n<div class=\"row\"  id=\"row-2091445397\">\n\n\n\t<div id=\"col-834837051\" class=\"col medium-1 small-12 large-1\"  >\n\t\t\t\t<div class=\"col-inner\"  >\n\t\t\t\n\t\t\t\n\n\n\t\t<\/div>\n\t\t\t\t\t<\/div>\n\n\t\n\n\t<div id=\"col-1735307409\" class=\"col medium-10 small-12 large-10\"  >\n\t\t\t\t<div class=\"col-inner\"  >\n\t\t\t\n\t\t\t\n\n\t<div class=\"img has-hover x md-x lg-x y md-y lg-y\" id=\"image_892212648\">\n\t\t\t\t\t\t\t\t<div class=\"img-inner dark\" >\n\t\t\t<img loading=\"lazy\" decoding=\"async\" width=\"1020\" height=\"681\" src=\"https:\/\/www.sinchisinchi.com\/wp-content\/uploads\/2025\/01\/6-Tribu-Yawanawa8-1024x684.jpeg\" class=\"attachment-large size-large\" alt=\"\" srcset=\"https:\/\/www.sinchisinchi.com\/wp-content\/uploads\/2025\/01\/6-Tribu-Yawanawa8-1024x684.jpeg 1024w, https:\/\/www.sinchisinchi.com\/wp-content\/uploads\/2025\/01\/6-Tribu-Yawanawa8-600x401.jpeg 600w, https:\/\/www.sinchisinchi.com\/wp-content\/uploads\/2025\/01\/6-Tribu-Yawanawa8-768x513.jpeg 768w, https:\/\/www.sinchisinchi.com\/wp-content\/uploads\/2025\/01\/6-Tribu-Yawanawa8-247x165.jpeg 247w, https:\/\/www.sinchisinchi.com\/wp-content\/uploads\/2025\/01\/6-Tribu-Yawanawa8-510x341.jpeg 510w, https:\/\/www.sinchisinchi.com\/wp-content\/uploads\/2025\/01\/6-Tribu-Yawanawa8.jpeg 1280w\" sizes=\"auto, (max-width: 1020px) 100vw, 1020px\" \/>\t\t\t\t\t\t\n\t\t\t\t\t<\/div>\n\t\t\t\t\t\t\t\t\n<style>\n#image_892212648 {\n  width: 100%;\n}\n<\/style>\n\t<\/div>\n\t\n\n\n\t\t<\/div>\n\t\t\t\t\t<\/div>\n\n\t\n\n\t<div id=\"col-856977336\" class=\"col medium-1 small-12 large-1\"  >\n\t\t\t\t<div class=\"col-inner\"  >\n\t\t\t\n\t\t\t\n\n\n\t\t<\/div>\n\t\t\t\t\t<\/div>\n\n\t\n\n<\/div>\n<p>O<em> \u2018uma aki<\/em>\u2019 (festival do \u2018cai\u00e7uma\u2019 \u2013 uma esp\u00e9cie de mandioca chicha) dura v\u00e1rios dias e centra-se nas rela\u00e7\u00f5es intergrupais, pois geralmente inclui participantes de outras comunidades. Este ritual desenvolve diversas sequ\u00eancias, algumas das quais podem surgir isoladas em festas mais pequenas: jogos, ingest\u00e3o e expurgo de cai\u00e7uma, encena\u00e7\u00f5es de guerra, dan\u00e7as e c\u00e2nticos.<\/p>\n<p>Com as altera\u00e7\u00f5es na delimita\u00e7\u00e3o do territ\u00f3rio, a consciencializa\u00e7\u00e3o dos direitos ind\u00edgenas a partir da d\u00e9cada de 1980 e as novas possibilidades de obten\u00e7\u00e3o de recursos do movimento ecologista, os Yawanaw\u00e1 come\u00e7aram na d\u00e9cada de 1980 a revitalizar as suas tradi\u00e7\u00f5es e cultura.<\/p>\n<p>Em 2000, criaram o Festival Mariri Yawanaw\u00e1, que procura preservar a cultura e as tradi\u00e7\u00f5es da cidade. Este festival re\u00fane 17 aldeias e dura cerca de uma semana com c\u00e2nticos, dan\u00e7as, cerim\u00f3nias e jogos. Est\u00e1 aberto a um n\u00famero limitado de turistas.<\/p>\n<p>\u00c9 comemorado na Aldeia Sagrada, a mais antiga das comunidades Yawanaw\u00e1, porque ali se encontra o lugar sagrado onde os av\u00f3s (os paj\u00e9s) constru\u00edram o local onde se cozinhava a av\u00f3 \u201cayahuasca\u201d.<\/p>\n<div class=\"row\"  id=\"row-499201312\">\n\n\n\t<div id=\"col-581996908\" class=\"col medium-3 small-12 large-3\"  >\n\t\t\t\t<div class=\"col-inner\"  >\n\t\t\t\n\t\t\t\n\n\n\t\t<\/div>\n\t\t\t\t\t<\/div>\n\n\t\n\n\t<div id=\"col-525167233\" class=\"col medium-6 small-12 large-6\"  >\n\t\t\t\t<div class=\"col-inner\"  >\n\t\t\t\n\t\t\t\n\n\t<div class=\"img has-hover x md-x lg-x y md-y lg-y\" id=\"image_47688963\">\n\t\t\t\t\t\t\t\t<div class=\"img-inner image-cover dark\" style=\"padding-top:100%;\">\n\t\t\t<img loading=\"lazy\" decoding=\"async\" width=\"765\" height=\"1024\" src=\"https:\/\/www.sinchisinchi.com\/wp-content\/uploads\/2025\/01\/1-Tribu-Yawanawa1-765x1024.jpeg\" class=\"attachment-large size-large\" alt=\"\" srcset=\"https:\/\/www.sinchisinchi.com\/wp-content\/uploads\/2025\/01\/1-Tribu-Yawanawa1-765x1024.jpeg 765w, https:\/\/www.sinchisinchi.com\/wp-content\/uploads\/2025\/01\/1-Tribu-Yawanawa1-448x600.jpeg 448w, https:\/\/www.sinchisinchi.com\/wp-content\/uploads\/2025\/01\/1-Tribu-Yawanawa1-768x1027.jpeg 768w, https:\/\/www.sinchisinchi.com\/wp-content\/uploads\/2025\/01\/1-Tribu-Yawanawa1-247x330.jpeg 247w, https:\/\/www.sinchisinchi.com\/wp-content\/uploads\/2025\/01\/1-Tribu-Yawanawa1-510x682.jpeg 510w, https:\/\/www.sinchisinchi.com\/wp-content\/uploads\/2025\/01\/1-Tribu-Yawanawa1.jpeg 1098w\" sizes=\"auto, (max-width: 765px) 100vw, 765px\" \/>\t\t\t\t\t\t\n\t\t\t\t\t<\/div>\n\t\t\t\t\t\t\t\t\n<style>\n#image_47688963 {\n  width: 100%;\n}\n<\/style>\n\t<\/div>\n\t\n\n\n\t\t<\/div>\n\t\t\t\t\t<\/div>\n\n\t\n\n\t<div id=\"col-816465974\" class=\"col medium-3 small-12 large-3\"  >\n\t\t\t\t<div class=\"col-inner\"  >\n\t\t\t\n\t\t\t\n\n\n\t\t<\/div>\n\t\t\t\t\t<\/div>\n\n\t\n\n<\/div>\n<p>Esse mesmo local tornou-se mais tarde o cemit\u00e9rio dos av\u00f3s. Isso torna o medicamento ainda mais potente a\u00ed. A\u00ed est\u00e1 tamb\u00e9m a grande \u00e1rvore, a grande videira com que se cozinha o rem\u00e9dio sagrado.<\/p>\n<p>Na Vila Sagrada encontra um jardim de ervas medicinais, uma planta\u00e7\u00e3o de ayahuascas, pain\u00e9is solares que servem para iluminar a aldeia \u00e0 noite e bombear \u00e1gua do rio, cabanas preparadas para dietas e retiros espirituais, pequenas praias no rio, um cemit\u00e9rio sagrado, uma antena parab\u00f3lica que transmite informa\u00e7\u00e3o em direto para um projeto de arte digital e novas casas em constru\u00e7\u00e3o.<\/p>\n<p>Em frente \u00e0 casa comunit\u00e1ria onde os jovens se re\u00fanem \u00e0 noite para ensaiar m\u00fasica, existe um espa\u00e7o circular do tamanho de meio campo de futebol rodeado por uma cobra gigante. \u00c9 um lugar m\u00e1gico de liga\u00e7\u00e3o com a M\u00e3e Terra, o Grande Mist\u00e9rio e a Grande Floresta.<\/p>\n<div class=\"row\"  id=\"row-545850600\">\n\n\n\t<div id=\"col-1853886662\" class=\"col medium-2 small-12 large-2\"  >\n\t\t\t\t<div class=\"col-inner\"  >\n\t\t\t\n\t\t\t\n\n\n\t\t<\/div>\n\t\t\t\t\t<\/div>\n\n\t\n\n\t<div id=\"col-95798588\" class=\"col medium-8 small-12 large-8\"  >\n\t\t\t\t<div class=\"col-inner\"  >\n\t\t\t\n\t\t\t\n\n<div class=\"video video-fit mb\" style=\"padding-top:56.25%;\"><iframe loading=\"lazy\" title=\"Yawanawa - Sina Vaeshu (Uniretreats Video)\" width=\"1020\" height=\"574\" src=\"https:\/\/www.youtube.com\/embed\/vbnshMF0x-o?feature=oembed&#038;enablejsapi=1&#038;origin=https:\/\/www.sinchisinchi.com\" frameborder=\"0\" allow=\"accelerometer; autoplay; clipboard-write; encrypted-media; gyroscope; picture-in-picture; web-share\" referrerpolicy=\"strict-origin-when-cross-origin\" allowfullscreen><\/iframe><\/div>\n\n\n\t\t<\/div>\n\t\t\t\t\t<\/div>\n\n\t\n\n\t<div id=\"col-1167705014\" class=\"col medium-2 small-12 large-2\"  >\n\t\t\t\t<div class=\"col-inner\"  >\n\t\t\t\n\t\t\t\n\n\n\t\t<\/div>\n\t\t\t\t\t<\/div>\n\n\t\n\n<\/div>\n<p>Um visitante europeu que participou neste festival h\u00e1 alguns anos disse-nos: \u201c\u00c9 em festivais deste tipo que a cidade abre as suas portas aos estrangeiros. \u00c0s cinco da manh\u00e3 a selva acorda e com ela todos os membros da tribo.<\/p>\n<p>Iam ao rio tomar banho, cozinhavam, faziam-nos pequenos passeios pela selva em redor da aldeia para nos mostrarem orgulhosamente as diferentes propriedades de cada planta. \u00c0 noite, acendiam-se fogueiras e muitos cantavam com as suas guitarras.<\/p>\n<p>Dormem muito cedo, quando o sol se p\u00f5e. Os empregos s\u00e3o distribu\u00eddos pelas fam\u00edlias. Muitos deles dedicam-se a fazer artesanato incr\u00edvel. Geralmente com missangas multicoloridas com as quais desenham animais da selva, como papagaios, pumas, jaguares e cobras; S\u00e3o embarca\u00e7\u00f5es de prote\u00e7\u00e3o.<\/p>\n<p>Estes artesanatos s\u00e3o depois vendidos em grandes cidades ou no estrangeiro. H\u00e1 alguns que n\u00e3o t\u00eam qualquer atividade espec\u00edfica durante o dia. O festival \u00e9 gratuito e \u00e9 necess\u00e1rio ser convidado por algu\u00e9m da aldeia ou tribo para poder participar. Todos os visitantes, no entanto, participaram na compra de uma infinidade de artesanato como agradecimento pelo convite.\u201d<\/p>\n<div class=\"row\"  id=\"row-254080351\">\n\n\n\t<div id=\"col-1340322068\" class=\"col medium-2 small-12 large-2\"  >\n\t\t\t\t<div class=\"col-inner\"  >\n\t\t\t\n\t\t\t\n\n\n\t\t<\/div>\n\t\t\t\t\t<\/div>\n\n\t\n\n\t<div id=\"col-1963096747\" class=\"col medium-8 small-12 large-8\"  >\n\t\t\t\t<div class=\"col-inner\"  >\n\t\t\t\n\t\t\t\n\n\t<div class=\"img has-hover x md-x lg-x y md-y lg-y\" id=\"image_247734629\">\n\t\t\t\t\t\t\t\t<div class=\"img-inner dark\" >\n\t\t\t<img loading=\"lazy\" decoding=\"async\" width=\"851\" height=\"315\" src=\"https:\/\/www.sinchisinchi.com\/wp-content\/uploads\/2025\/01\/300630384_411542674416948_902718602477095590_n-1.png\" class=\"attachment-large size-large\" alt=\"\" srcset=\"https:\/\/www.sinchisinchi.com\/wp-content\/uploads\/2025\/01\/300630384_411542674416948_902718602477095590_n-1.png 851w, https:\/\/www.sinchisinchi.com\/wp-content\/uploads\/2025\/01\/300630384_411542674416948_902718602477095590_n-1-600x222.png 600w, https:\/\/www.sinchisinchi.com\/wp-content\/uploads\/2025\/01\/300630384_411542674416948_902718602477095590_n-1-768x284.png 768w, https:\/\/www.sinchisinchi.com\/wp-content\/uploads\/2025\/01\/300630384_411542674416948_902718602477095590_n-1-247x91.png 247w, https:\/\/www.sinchisinchi.com\/wp-content\/uploads\/2025\/01\/300630384_411542674416948_902718602477095590_n-1-510x189.png 510w\" sizes=\"auto, (max-width: 851px) 100vw, 851px\" \/>\t\t\t\t\t\t\n\t\t\t\t\t<\/div>\n\t\t\t\t\t\t\t\t\n<style>\n#image_247734629 {\n  width: 100%;\n}\n<\/style>\n\t<\/div>\n\t\n\n\n\t\t<\/div>\n\t\t\t\t\t<\/div>\n\n\t\n\n\t<div id=\"col-1372001724\" class=\"col medium-2 small-12 large-2\"  >\n\t\t\t\t<div class=\"col-inner\"  >\n\t\t\t\n\t\t\t\n\n\n\t\t<\/div>\n\t\t\t\t\t<\/div>\n\n\t\n\n<\/div>\n<p>Em 2002, foi inaugurado na aldeia Nova Esperan\u00e7a o Festival \u201cYawa\u201d. \u00c9 um evento que tem como objetivo tornar a cultura Yawanaw\u00e1 conhecida e partilhada com outras tribos da Amaz\u00f3nia, mas tamb\u00e9m com todas as pessoas, independentemente da sua etnia ou nacionalidade, que tenham interesse em saber mais sobre a sua vis\u00e3o do mundo.<\/p>\n<p>Este grande encontro em Nova Esperan\u00e7a \u00e9 um momento muito expressivo para os Yawanaw\u00e1 que reivindicam o resgate, o renascimento e a revitaliza\u00e7\u00e3o da sua cultura. O feriado celebra a prosperidade dos novos tempos em oposi\u00e7\u00e3o ao per\u00edodo anterior de conflito, dispers\u00e3o familiar, dificuldades e opress\u00e3o.<\/p>\n<p>A celebra\u00e7\u00e3o acontece no m\u00eas de outubro e dura cinco dias. V\u00e1rios grupos de centros urbanos chegam ao territ\u00f3rio ind\u00edgena para ver e participar neste evento. Os ind\u00edgenas decoram-nos com pinturas e explicam o seu significado.<\/p>\n<p>Alguns dias, \u00e0 noite, h\u00e1 rituais com<em> rom\u00eb e uni<\/em> (Ayahuasca). H\u00e1 momentos espec\u00edficos em que os l\u00edderes locais fazem discursos sobre a cultura ind\u00edgena, destacando o processo de revitaliza\u00e7\u00e3o da cultura Yawanaw\u00e1.<\/p>\n<div class=\"row\"  id=\"row-1034067318\">\n\n\n\t<div id=\"col-1501324169\" class=\"col medium-2 small-12 large-2\"  >\n\t\t\t\t<div class=\"col-inner\"  >\n\t\t\t\n\t\t\t\n\n\n\t\t<\/div>\n\t\t\t\t\t<\/div>\n\n\t\n\n\t<div id=\"col-1525385487\" class=\"col medium-8 small-12 large-8\"  >\n\t\t\t\t<div class=\"col-inner\"  >\n\t\t\t\n\t\t\t\n\n<div class=\"video video-fit mb\" style=\"padding-top:56.25%;\"><p><iframe loading=\"lazy\" title=\"XV Festival Yawanawa\" width=\"1020\" height=\"574\" src=\"https:\/\/www.youtube.com\/embed\/HTEc2xKDX-A?feature=oembed&#038;enablejsapi=1&#038;origin=https:\/\/www.sinchisinchi.com\" frameborder=\"0\" allow=\"accelerometer; autoplay; clipboard-write; encrypted-media; gyroscope; picture-in-picture; web-share\" referrerpolicy=\"strict-origin-when-cross-origin\" allowfullscreen><\/iframe><\/p>\n<\/div>\n\n<p style=\"text-align: center;\"><em>Festival Nova Esperan\u00e7a<\/em><\/p>\n\n\t\t<\/div>\n\t\t\t\t\t<\/div>\n\n\t\n\n\t<div id=\"col-468585481\" class=\"col medium-2 small-12 large-2\"  >\n\t\t\t\t<div class=\"col-inner\"  >\n\t\t\t\n\t\t\t\n\n\n\t\t<\/div>\n\t\t\t\t\t<\/div>\n\n\t\n\n<\/div>\n<p>O xam\u00e3 e companheiro do l\u00edder Bira, prepara retiros espirituais para pessoas que v\u00eam de todo o mundo. Este tipo de turismo, baseado em pr\u00e1ticas rituais Yawanaw\u00e1 com fins terap\u00eauticos, \u00e9 uma importante fonte de rendimento para os mesmos, tal como o turismo \u201c\u00e9tnico\u201d.<\/p>\n<p>Dan\u00e7ar e cantar o \u201csaiti\u201d, aprender sobre as suas origens, beber \u201cuni\u201d s\u00e3o coisas que o povo Yawanaw\u00e1 partilha com os seus visitantes estrangeiros durante estas festividades. Nos discursos do Festival, a hist\u00f3ria \u00e9 apresentada como um renascimento cultural, de identidade e de afirma\u00e7\u00e3o pol\u00edtica.<\/p>\n<p>Embora \u00e0 primeira vista o r\u00f3tulo de <em>etnoturismo<\/em> possa acrescentar um aspeto espec\u00edfico ao evento, a maioria dos visitantes, bem como os pr\u00f3prios nativos, entendem o festival como algo muito diferente do turismo.<\/p>\n<p>Existe uma procura entre os visitantes por uma filosofia ecol\u00f3gica: \u201cos povos ind\u00edgenas ou minorias \u00e9tnicas ou culturais dos quatro cantos da Terra s\u00e3o vistos como guardi\u00f5es do conhecimento tradicional sobre o seu ambiente e como alternativas \u00e9ticas e t\u00e9cnicas ao modelo econ\u00f3mico moderno\u201d, e assim \u201cPovos Ind\u00edgenas\u201d \u00e9 um termo relacionado com o respeito pela M\u00e3e Terra.<\/p>\n<div class=\"row\"  id=\"row-511080104\">\n\n\n\t<div id=\"col-491982677\" class=\"col medium-2 small-12 large-2\"  >\n\t\t\t\t<div class=\"col-inner\"  >\n\t\t\t\n\t\t\t\n\n\n\t\t<\/div>\n\t\t\t\t\t<\/div>\n\n\t\n\n\t<div id=\"col-1153118269\" class=\"col medium-8 small-12 large-8\"  >\n\t\t\t\t<div class=\"col-inner\"  >\n\t\t\t\n\t\t\t\n\n<div class=\"video video-fit mb\" style=\"padding-top:56.25%;\"><p><iframe loading=\"lazy\" title=\"Yawanawa Nii Naya Naya Ne (Uniretreats Video)\" width=\"1020\" height=\"574\" src=\"https:\/\/www.youtube.com\/embed\/0TFNvCCWnqo?feature=oembed&#038;enablejsapi=1&#038;origin=https:\/\/www.sinchisinchi.com\" frameborder=\"0\" allow=\"accelerometer; autoplay; clipboard-write; encrypted-media; gyroscope; picture-in-picture; web-share\" referrerpolicy=\"strict-origin-when-cross-origin\" allowfullscreen><\/iframe><\/p>\n<\/div>\n\n\n\t\t<\/div>\n\t\t\t\t\t<\/div>\n\n\t\n\n\t<div id=\"col-89272601\" class=\"col medium-2 small-12 large-2\"  >\n\t\t\t\t<div class=\"col-inner\"  >\n\t\t\t\n\t\t\t\n\n\n\t\t<\/div>\n\t\t\t\t\t<\/div>\n\n\t\n\n<\/div>\n<p>Para alguns Yawanaw\u00e1, estas celebra\u00e7\u00f5es n\u00e3o est\u00e3o muito distantes dos encontros que reuniam apenas os povos da regi\u00e3o. \u00c9 um espa\u00e7o onde partilham o seu modo de vida com os visitantes. O conhecimento e as t\u00e9cnicas xam\u00e2nicas tratam da rela\u00e7\u00e3o com os <em>yuxin<\/em>, os esp\u00edritos que habitam a floresta e interferem na vida dos humanos.<\/p>\n\t<div id=\"gap-513777294\" class=\"gap-element clearfix\" style=\"display:block; height:auto;\">\n\t\t\n<style>\n#gap-513777294 {\n  padding-top: 30px;\n}\n<\/style>\n\t<\/div>\n\t\n\n<h2 style=\"text-align: center;\">Expans\u00e3o Cultural da Ayahuasca<\/h2>\n<p>H\u00e1 anos, a Av\u00f3 Ayahuasca alargou os seus limites, foi interpretada atrav\u00e9s de outras formas de compreens\u00e3o da experi\u00eancia e deixou a selva amaz\u00f3nica. Atualmente, esta pr\u00e1tica expande-se como um movimento global, centralizado entre a Am\u00e9rica e a Europa, heterog\u00e9neo nas suas formas de express\u00e3o.<\/p>\n<p>Surge a <em>era da comunica\u00e7\u00e3o e das redes sociais,<\/em> alargando as suas fronteiras, principalmente atrav\u00e9s dos meios virtuais. O povo Yawanaw\u00e1 participa na expans\u00e3o da consci\u00eancia humana atrav\u00e9s do consumo desta planta em festivais ou cerim\u00f3nias nos cinco continentes.<\/p>\n<h2 style=\"text-align: center;\">Continuar a ler:<\/h2>\n<a href=\"https:\/\/www.sinchisinchi.com\/pt-pt\/tribos\/yawanawa\/musica\/\" class=\"button primary is-underline expand\" >\n\t\t<span>M\u00fasica Yawanaw\u00e1<\/span>\n\t<\/a>\n\n\n\n","protected":false},"excerpt":{"rendered":"","protected":false},"author":1,"featured_media":0,"parent":21919,"menu_order":0,"comment_status":"closed","ping_status":"closed","template":"","meta":{"_joinchat":[],"footnotes":""},"class_list":["post-26182","page","type-page","status-publish","hentry"],"yoast_head":"<!-- This site is optimized with the Yoast SEO plugin v27.4 - https:\/\/yoast.com\/product\/yoast-seo-wordpress\/ -->\n<title>Cerim\u00f3nias e festivais Yawanaw\u00e1<\/title>\n<meta name=\"description\" content=\"O povo Yawanaw\u00e1 participa na expans\u00e3o da consci\u00eancia humana em festivais e cerim\u00f3nias nos cinco continentes.\" \/>\n<meta name=\"robots\" content=\"index, follow, max-snippet:-1, max-image-preview:large, max-video-preview:-1\" \/>\n<link rel=\"canonical\" href=\"https:\/\/www.sinchisinchi.com\/pt-pt\/tribos\/yawanawa\/cerimonias\/\" \/>\n<meta property=\"og:locale\" content=\"pt_PT\" \/>\n<meta property=\"og:type\" content=\"article\" \/>\n<meta property=\"og:title\" content=\"Cerim\u00f3nias e festivais Yawanaw\u00e1\" \/>\n<meta property=\"og:description\" content=\"O povo Yawanaw\u00e1 participa na expans\u00e3o da consci\u00eancia humana em festivais e cerim\u00f3nias nos cinco continentes.\" \/>\n<meta property=\"og:url\" content=\"https:\/\/www.sinchisinchi.com\/pt-pt\/tribos\/yawanawa\/cerimonias\/\" \/>\n<meta property=\"og:site_name\" content=\"SINCHI RAP\u00c9\" \/>\n<meta property=\"article:publisher\" content=\"https:\/\/www.facebook.com\/sinchirape\/\" \/>\n<meta property=\"article:modified_time\" content=\"2026-03-04T14:22:36+00:00\" \/>\n<meta name=\"twitter:card\" content=\"summary_large_image\" \/>\n<meta name=\"twitter:label1\" content=\"Tempo estimado de leitura\" \/>\n\t<meta name=\"twitter:data1\" content=\"7 minutos\" \/>\n<script type=\"application\/ld+json\" class=\"yoast-schema-graph\">{\"@context\":\"https:\\\/\\\/schema.org\",\"@graph\":[{\"@type\":\"WebPage\",\"@id\":\"https:\\\/\\\/www.sinchisinchi.com\\\/pt-pt\\\/tribos\\\/yawanawa\\\/cerimonias\\\/\",\"url\":\"https:\\\/\\\/www.sinchisinchi.com\\\/pt-pt\\\/tribos\\\/yawanawa\\\/cerimonias\\\/\",\"name\":\"Cerim\u00f3nias e festivais Yawanaw\u00e1\",\"isPartOf\":{\"@id\":\"https:\\\/\\\/www.sinchisinchi.com\\\/pt-pt\\\/#website\"},\"datePublished\":\"2025-02-21T18:36:01+00:00\",\"dateModified\":\"2026-03-04T14:22:36+00:00\",\"description\":\"O povo Yawanaw\u00e1 participa na expans\u00e3o da consci\u00eancia humana em festivais e cerim\u00f3nias nos cinco continentes.\",\"breadcrumb\":{\"@id\":\"https:\\\/\\\/www.sinchisinchi.com\\\/pt-pt\\\/tribos\\\/yawanawa\\\/cerimonias\\\/#breadcrumb\"},\"inLanguage\":\"pt-PT\",\"potentialAction\":[{\"@type\":\"ReadAction\",\"target\":[\"https:\\\/\\\/www.sinchisinchi.com\\\/pt-pt\\\/tribos\\\/yawanawa\\\/cerimonias\\\/\"]}]},{\"@type\":\"BreadcrumbList\",\"@id\":\"https:\\\/\\\/www.sinchisinchi.com\\\/pt-pt\\\/tribos\\\/yawanawa\\\/cerimonias\\\/#breadcrumb\",\"itemListElement\":[{\"@type\":\"ListItem\",\"position\":1,\"name\":\"Prima pagina\",\"item\":\"https:\\\/\\\/www.sinchisinchi.com\\\/pt-pt\\\/\"},{\"@type\":\"ListItem\",\"position\":2,\"name\":\"Tribos Amaz\u00f3nicas\",\"item\":\"https:\\\/\\\/www.sinchisinchi.com\\\/pt-pt\\\/tribos\\\/\"},{\"@type\":\"ListItem\",\"position\":3,\"name\":\"Yawanaw\u00e1\",\"item\":\"https:\\\/\\\/www.sinchisinchi.com\\\/pt-pt\\\/tribos\\\/yawanawa\\\/\"},{\"@type\":\"ListItem\",\"position\":4,\"name\":\"Cerim\u00f4nias\"}]},{\"@type\":\"WebSite\",\"@id\":\"https:\\\/\\\/www.sinchisinchi.com\\\/pt-pt\\\/#website\",\"url\":\"https:\\\/\\\/www.sinchisinchi.com\\\/pt-pt\\\/\",\"name\":\"SINCHI\",\"description\":\"Sinchi Medicine\",\"publisher\":{\"@id\":\"https:\\\/\\\/www.sinchisinchi.com\\\/pt-pt\\\/#organization\"},\"potentialAction\":[{\"@type\":\"SearchAction\",\"target\":{\"@type\":\"EntryPoint\",\"urlTemplate\":\"https:\\\/\\\/www.sinchisinchi.com\\\/pt-pt\\\/?s={search_term_string}\"},\"query-input\":{\"@type\":\"PropertyValueSpecification\",\"valueRequired\":true,\"valueName\":\"search_term_string\"}}],\"inLanguage\":\"pt-PT\"},{\"@type\":\"Organization\",\"@id\":\"https:\\\/\\\/www.sinchisinchi.com\\\/pt-pt\\\/#organization\",\"name\":\"SINCHI S.L\",\"url\":\"https:\\\/\\\/www.sinchisinchi.com\\\/pt-pt\\\/\",\"logo\":{\"@type\":\"ImageObject\",\"inLanguage\":\"pt-PT\",\"@id\":\"https:\\\/\\\/www.sinchisinchi.com\\\/pt-pt\\\/#\\\/schema\\\/logo\\\/image\\\/\",\"url\":\"https:\\\/\\\/www.sinchisinchi.com\\\/wp-content\\\/uploads\\\/2026\\\/01\\\/3b-Verde-SIMPLIFICADO-HORIZONTAL-F-TRANSPARENTE-scaled.png\",\"contentUrl\":\"https:\\\/\\\/www.sinchisinchi.com\\\/wp-content\\\/uploads\\\/2026\\\/01\\\/3b-Verde-SIMPLIFICADO-HORIZONTAL-F-TRANSPARENTE-scaled.png\",\"width\":2560,\"height\":457,\"caption\":\"SINCHI S.L\"},\"image\":{\"@id\":\"https:\\\/\\\/www.sinchisinchi.com\\\/pt-pt\\\/#\\\/schema\\\/logo\\\/image\\\/\"},\"sameAs\":[\"https:\\\/\\\/www.facebook.com\\\/sinchirape\\\/\",\"https:\\\/\\\/www.instagram.com\\\/sinchi_rape\\\/\"]}]}<\/script>\n<!-- \/ Yoast SEO plugin. -->","yoast_head_json":{"title":"Cerim\u00f3nias e festivais Yawanaw\u00e1","description":"O povo Yawanaw\u00e1 participa na expans\u00e3o da consci\u00eancia humana em festivais e cerim\u00f3nias nos cinco continentes.","robots":{"index":"index","follow":"follow","max-snippet":"max-snippet:-1","max-image-preview":"max-image-preview:large","max-video-preview":"max-video-preview:-1"},"canonical":"https:\/\/www.sinchisinchi.com\/pt-pt\/tribos\/yawanawa\/cerimonias\/","og_locale":"pt_PT","og_type":"article","og_title":"Cerim\u00f3nias e festivais Yawanaw\u00e1","og_description":"O povo Yawanaw\u00e1 participa na expans\u00e3o da consci\u00eancia humana em festivais e cerim\u00f3nias nos cinco continentes.","og_url":"https:\/\/www.sinchisinchi.com\/pt-pt\/tribos\/yawanawa\/cerimonias\/","og_site_name":"SINCHI RAP\u00c9","article_publisher":"https:\/\/www.facebook.com\/sinchirape\/","article_modified_time":"2026-03-04T14:22:36+00:00","twitter_card":"summary_large_image","twitter_misc":{"Tempo estimado de leitura":"7 minutos"},"schema":{"@context":"https:\/\/schema.org","@graph":[{"@type":"WebPage","@id":"https:\/\/www.sinchisinchi.com\/pt-pt\/tribos\/yawanawa\/cerimonias\/","url":"https:\/\/www.sinchisinchi.com\/pt-pt\/tribos\/yawanawa\/cerimonias\/","name":"Cerim\u00f3nias e festivais Yawanaw\u00e1","isPartOf":{"@id":"https:\/\/www.sinchisinchi.com\/pt-pt\/#website"},"datePublished":"2025-02-21T18:36:01+00:00","dateModified":"2026-03-04T14:22:36+00:00","description":"O povo Yawanaw\u00e1 participa na expans\u00e3o da consci\u00eancia humana em festivais e cerim\u00f3nias nos cinco continentes.","breadcrumb":{"@id":"https:\/\/www.sinchisinchi.com\/pt-pt\/tribos\/yawanawa\/cerimonias\/#breadcrumb"},"inLanguage":"pt-PT","potentialAction":[{"@type":"ReadAction","target":["https:\/\/www.sinchisinchi.com\/pt-pt\/tribos\/yawanawa\/cerimonias\/"]}]},{"@type":"BreadcrumbList","@id":"https:\/\/www.sinchisinchi.com\/pt-pt\/tribos\/yawanawa\/cerimonias\/#breadcrumb","itemListElement":[{"@type":"ListItem","position":1,"name":"Prima pagina","item":"https:\/\/www.sinchisinchi.com\/pt-pt\/"},{"@type":"ListItem","position":2,"name":"Tribos Amaz\u00f3nicas","item":"https:\/\/www.sinchisinchi.com\/pt-pt\/tribos\/"},{"@type":"ListItem","position":3,"name":"Yawanaw\u00e1","item":"https:\/\/www.sinchisinchi.com\/pt-pt\/tribos\/yawanawa\/"},{"@type":"ListItem","position":4,"name":"Cerim\u00f4nias"}]},{"@type":"WebSite","@id":"https:\/\/www.sinchisinchi.com\/pt-pt\/#website","url":"https:\/\/www.sinchisinchi.com\/pt-pt\/","name":"SINCHI","description":"Sinchi Medicine","publisher":{"@id":"https:\/\/www.sinchisinchi.com\/pt-pt\/#organization"},"potentialAction":[{"@type":"SearchAction","target":{"@type":"EntryPoint","urlTemplate":"https:\/\/www.sinchisinchi.com\/pt-pt\/?s={search_term_string}"},"query-input":{"@type":"PropertyValueSpecification","valueRequired":true,"valueName":"search_term_string"}}],"inLanguage":"pt-PT"},{"@type":"Organization","@id":"https:\/\/www.sinchisinchi.com\/pt-pt\/#organization","name":"SINCHI S.L","url":"https:\/\/www.sinchisinchi.com\/pt-pt\/","logo":{"@type":"ImageObject","inLanguage":"pt-PT","@id":"https:\/\/www.sinchisinchi.com\/pt-pt\/#\/schema\/logo\/image\/","url":"https:\/\/www.sinchisinchi.com\/wp-content\/uploads\/2026\/01\/3b-Verde-SIMPLIFICADO-HORIZONTAL-F-TRANSPARENTE-scaled.png","contentUrl":"https:\/\/www.sinchisinchi.com\/wp-content\/uploads\/2026\/01\/3b-Verde-SIMPLIFICADO-HORIZONTAL-F-TRANSPARENTE-scaled.png","width":2560,"height":457,"caption":"SINCHI S.L"},"image":{"@id":"https:\/\/www.sinchisinchi.com\/pt-pt\/#\/schema\/logo\/image\/"},"sameAs":["https:\/\/www.facebook.com\/sinchirape\/","https:\/\/www.instagram.com\/sinchi_rape\/"]}]}},"_links":{"self":[{"href":"https:\/\/www.sinchisinchi.com\/pt-pt\/wp-json\/wp\/v2\/pages\/26182","targetHints":{"allow":["GET"]}}],"collection":[{"href":"https:\/\/www.sinchisinchi.com\/pt-pt\/wp-json\/wp\/v2\/pages"}],"about":[{"href":"https:\/\/www.sinchisinchi.com\/pt-pt\/wp-json\/wp\/v2\/types\/page"}],"author":[{"embeddable":true,"href":"https:\/\/www.sinchisinchi.com\/pt-pt\/wp-json\/wp\/v2\/users\/1"}],"replies":[{"embeddable":true,"href":"https:\/\/www.sinchisinchi.com\/pt-pt\/wp-json\/wp\/v2\/comments?post=26182"}],"version-history":[{"count":2,"href":"https:\/\/www.sinchisinchi.com\/pt-pt\/wp-json\/wp\/v2\/pages\/26182\/revisions"}],"predecessor-version":[{"id":30133,"href":"https:\/\/www.sinchisinchi.com\/pt-pt\/wp-json\/wp\/v2\/pages\/26182\/revisions\/30133"}],"up":[{"embeddable":true,"href":"https:\/\/www.sinchisinchi.com\/pt-pt\/wp-json\/wp\/v2\/pages\/21919"}],"wp:attachment":[{"href":"https:\/\/www.sinchisinchi.com\/pt-pt\/wp-json\/wp\/v2\/media?parent=26182"}],"curies":[{"name":"wp","href":"https:\/\/api.w.org\/{rel}","templated":true}]}}