{"id":27364,"date":"2025-05-07T12:46:33","date_gmt":"2025-05-07T12:46:33","guid":{"rendered":"https:\/\/www.sinchisinchi.com\/conhecimento\/"},"modified":"2026-03-05T19:01:08","modified_gmt":"2026-03-05T19:01:08","slug":"conhecimento","status":"publish","type":"page","link":"https:\/\/www.sinchisinchi.com\/pt-pt\/conhecimento\/","title":{"rendered":"Conhecimento"},"content":{"rendered":"\n\n  <div class=\"banner has-hover\" id=\"banner-1123333925\">\n          <div class=\"banner-inner fill\">\n        <div class=\"banner-bg fill\" >\n            <img loading=\"lazy\" decoding=\"async\" width=\"1623\" height=\"2352\" src=\"https:\/\/www.sinchisinchi.com\/wp-content\/uploads\/2024\/07\/V-dibujo-planta1.jpg\" class=\"bg attachment-original size-original\" alt=\"\" \/>                        <div class=\"overlay\"><\/div>            \n                    <\/div>\n\t\t\n        <div class=\"banner-layers container\">\n            <div class=\"fill banner-link\"><\/div>            \n\n   <div id=\"text-box-904533667\" class=\"text-box banner-layer x5 md-x5 lg-x5 y50 md-y50 lg-y50 res-text\">\n                                <div class=\"text-box-content text box-shadow-3\">\n              \n              <div class=\"text-inner text-left\">\n                  \n\n<h2><strong>MAPACHO<\/strong><\/h2>\n<h3>NICOTIANA R\u00daSTICA<\/h3>\n<p>A Nicotiana Rustica \u00e9 considerada a mais importante das plantas mestras por muitas culturas nativas da Am\u00e9rica.<\/p>\n<a href=\"https:\/\/www.sinchisinchi.com\/es\/conocimiento\/la-planta-sagrada-nicotiana\/\" class=\"button primary is-underline is-larger expand\" >\n\t\t<span>PLANTAR<\/span>\n\t<\/a>\n\n\n<a href=\"https:\/\/www.sinchisinchi.com\/es\/conocimiento\/la-planta-sagrada-nicotiana\/uso-tradicional-mapacho\/\" class=\"button primary is-underline is-larger expand\" >\n\t\t<span>USO TRADICIONAL<\/span>\n\t<\/a>\n\n\n<a href=\"https:\/\/www.sinchisinchi.com\/es\/conocimiento\/la-planta-sagrada-nicotiana\/historia-ancestral-nicotiana-mapacho\/\" class=\"button primary is-underline is-larger expand\" >\n\t\t<span>HIST\u00d3RIA<\/span>\n\t<\/a>\n\n\n<a href=\"https:\/\/www.sinchisinchi.com\/es\/conocimiento\/la-planta-sagrada-nicotiana\/farmacologia-nicotiana\/\" class=\"button primary is-underline is-larger expand\" >\n\t\t<span>FARMACOLOGIA<\/span>\n\t<\/a>\n\n\n<a href=\"https:\/\/www.sinchisinchi.com\/es\/conocimiento\/rape-significado\/documentales-rape\/\" class=\"button primary is-underline is-larger expand\" >\n\t\t<span>V\u00cdDEOS<\/span>\n\t<\/a>\n\n\n\n              <\/div>\n           <\/div>\n                            \n<style>\n#text-box-904533667 .text-box-content {\n  background-color: rgb(255, 255, 255);\n  font-size: 100%;\n}\n#text-box-904533667 .text-inner {\n  padding: 30px 30px 30px 30px;\n}\n#text-box-904533667 {\n  width: 60%;\n}\n@media (min-width:550px) {\n  #text-box-904533667 {\n    width: 40%;\n  }\n}\n<\/style>\n    <\/div>\n \n\n        <\/div>\n      <\/div>\n\n            \n<style>\n#banner-1123333925 {\n  padding-top: 800px;\n  background-color: rgb(255, 255, 255);\n}\n#banner-1123333925 .overlay {\n  background-color: rgba(190, 190, 190, 0.2);\n}\n<\/style>\n  <\/div>\n\n\n\t<div id=\"gap-59232376\" class=\"gap-element clearfix\" style=\"display:block; height:auto;\">\n\t\t\n<style>\n#gap-59232376 {\n  padding-top: 60px;\n}\n<\/style>\n\t<\/div>\n\t\n\n\n  <div class=\"banner has-hover\" id=\"banner-429827150\">\n          <div class=\"banner-inner fill\">\n        <div class=\"banner-bg fill\" >\n            <img loading=\"lazy\" decoding=\"async\" width=\"720\" height=\"540\" src=\"https:\/\/www.sinchisinchi.com\/wp-content\/uploads\/2020\/02\/Rap\u00e9-efectos-y-propiedades.jpg\" class=\"bg attachment-large size-large\" alt=\"\" \/>                        <div class=\"overlay\"><\/div>            \n                    <\/div>\n\t\t\n        <div class=\"banner-layers container\">\n            <div class=\"fill banner-link\"><\/div>            \n\n   <div id=\"text-box-875705613\" class=\"text-box banner-layer x5 md-x5 lg-x5 y50 md-y50 lg-y50 res-text\">\n                                <div class=\"text-box-content text box-shadow-3\">\n              \n              <div class=\"text-inner text-left\">\n                  \n\n<h2 class=\"uppercase\"><strong>RAP\u00c9<\/strong><\/h2>\n<h3>AMAZ\u00d3NICO<\/h3>\n<p>O rap\u00e9 \u00e9 uma medicina sagrada da Amaz\u00f3nia, onde as tribos o utilizam h\u00e1 milhares de anos como uma poderosa ferramenta.<\/p>\n<a href=\"https:\/\/www.sinchisinchi.com\/es\/conocimiento\/rape-significado\/\" class=\"button primary is-underline is-larger expand\" >\n\t\t<span>O QUE \u00c9 O RAP\u00c9?<\/span>\n\t<\/a>\n\n\n<a href=\"https:\/\/www.sinchisinchi.com\/es\/conocimiento\/rape-significado\/rape-medicinal\/\" class=\"button primary is-underline is-larger expand\" >\n\t\t<span>USO TRADICIONAL<\/span>\n\t<\/a>\n\n\n<a href=\"https:\/\/www.sinchisinchi.com\/es\/conocimiento\/rape-significado\/efectos-del-rape\/\" class=\"button primary is-underline is-larger expand\" >\n\t\t<span>BENEF\u00cdCIOS<\/span>\n\t<\/a>\n\n\n<a href=\"https:\/\/www.sinchisinchi.com\/es\/conocimiento\/rape-significado\/ritual-de-rape\/\" class=\"button primary is-underline is-larger expand\" >\n\t\t<span>CERIM\u00d3NIA<\/span>\n\t<\/a>\n\n\n<a href=\"https:\/\/www.sinchisinchi.com\/es\/conocimiento\/rape-significado\/rape-como-se-hace\/\" class=\"button primary is-underline is-larger expand\" >\n\t\t<span>ELABORA\u00c7\u00c3O<\/span>\n\t<\/a>\n\n\n\n              <\/div>\n           <\/div>\n                            \n<style>\n#text-box-875705613 .text-box-content {\n  background-color: rgb(255, 255, 255);\n  font-size: 100%;\n}\n#text-box-875705613 .text-inner {\n  padding: 30px 30px 30px 30px;\n}\n#text-box-875705613 {\n  width: 60%;\n}\n@media (min-width:550px) {\n  #text-box-875705613 {\n    width: 40%;\n  }\n}\n<\/style>\n    <\/div>\n \n\n        <\/div>\n      <\/div>\n\n            \n<style>\n#banner-429827150 {\n  padding-top: 800px;\n  background-color: rgb(255, 255, 255);\n}\n#banner-429827150 .overlay {\n  background-color: rgba(190, 190, 190, 0.2);\n}\n<\/style>\n  <\/div>\n\n\n\t<div id=\"gap-1263081496\" class=\"gap-element clearfix\" style=\"display:block; height:auto;\">\n\t\t\n<style>\n#gap-1263081496 {\n  padding-top: 60px;\n}\n<\/style>\n\t<\/div>\n\t\n\n\n  <div class=\"banner has-hover\" id=\"banner-1991922989\">\n          <div class=\"banner-inner fill\">\n        <div class=\"banner-bg fill\" >\n            <img loading=\"lazy\" decoding=\"async\" width=\"564\" height=\"564\" src=\"https:\/\/www.sinchisinchi.com\/wp-content\/uploads\/2024\/05\/2-Fruta-del-cacao9.jpeg\" class=\"bg attachment-large size-large\" alt=\"Imagen de fruta del cacao\" \/>                        <div class=\"overlay\"><\/div>            \n                    <\/div>\n\t\t\n        <div class=\"banner-layers container\">\n            <div class=\"fill banner-link\"><\/div>            \n\n   <div id=\"text-box-1917135521\" class=\"text-box banner-layer x5 md-x5 lg-x5 y50 md-y50 lg-y50 res-text\">\n                                <div class=\"text-box-content text box-shadow-3\">\n              \n              <div class=\"text-inner text-left\">\n                  \n\n<h2><strong>CACAU<\/strong><\/h2>\n<h3>Theobroma, comida\u00a0dos deuses<\/h3>\n<p>O cacaueiro foi considerado uma d\u00e1diva dos deuses pelas grandes civiliza\u00e7\u00f5es mesoamericanas: olmecas, maias, toltecas, mixecas, etc.<\/p>\n<a href=\"https:\/\/www.sinchisinchi.com\/pt-pt\/conhecimento\/origem-do-cacau\/\" class=\"button primary is-underline is-larger expand\" >\n\t\t<span>Origem<\/span>\n\t<\/a>\n\n\n<a href=\"https:\/\/www.sinchisinchi.com\/pt-pt\/conhecimento\/origem-do-cacau\/cacau-olmeca\/\" class=\"button primary is-underline is-larger expand\" >\n\t\t<span>Olmecas<\/span>\n\t<\/a>\n\n\n<a href=\"https:\/\/www.sinchisinchi.com\/pt-pt\/conhecimento\/origem-do-cacau\/toltecas-cacau\/\" class=\"button primary is-underline is-larger expand\" >\n\t\t<span>Toltecas<\/span>\n\t<\/a>\n\n\n<a href=\"https:\/\/www.sinchisinchi.com\/pt-pt\/conhecimento\/origem-do-cacau\/cacau-maia\/\" class=\"button primary is-underline is-larger expand\" >\n\t\t<span>Maias<\/span>\n\t<\/a>\n\n\n<a href=\"https:\/\/www.sinchisinchi.com\/pt-pt\/conhecimento\/origem-do-cacau\/cacau-astecas\/\" class=\"button primary is-underline is-larger expand\" >\n\t\t<span>Astecas<\/span>\n\t<\/a>\n\n\n<a href=\"https:\/\/www.sinchisinchi.com\/pt-pt\/conhecimento\/origem-do-cacau\/arvore-de-cacau\/\" class=\"button primary is-underline is-larger expand\" >\n\t\t<span>\u00c1rvore<\/span>\n\t<\/a>\n\n\n<a href=\"https:\/\/www.sinchisinchi.com\/pt-pt\/conhecimento\/origem-do-cacau\/documentarios-cacau\/\" class=\"button primary is-underline is-larger expand\" >\n\t\t<span>Document\u00e1rios<\/span>\n\t<\/a>\n\n\n\n              <\/div>\n           <\/div>\n                            \n<style>\n#text-box-1917135521 .text-box-content {\n  background-color: rgb(255, 255, 255);\n  font-size: 100%;\n}\n#text-box-1917135521 .text-inner {\n  padding: 30px 30px 30px 30px;\n}\n#text-box-1917135521 {\n  width: 60%;\n}\n@media (min-width:550px) {\n  #text-box-1917135521 {\n    width: 40%;\n  }\n}\n<\/style>\n    <\/div>\n \n\n        <\/div>\n      <\/div>\n\n            \n<style>\n#banner-1991922989 {\n  padding-top: 800px;\n  background-color: rgb(255, 255, 255);\n}\n#banner-1991922989 .overlay {\n  background-color: rgba(190, 190, 190, 0.2);\n}\n<\/style>\n  <\/div>\n\n\n\t<div id=\"gap-1043323027\" class=\"gap-element clearfix\" style=\"display:block; height:auto;\">\n\t\t\n<style>\n#gap-1043323027 {\n  padding-top: 60px;\n}\n<\/style>\n\t<\/div>\n\t\n\n\n","protected":false},"excerpt":{"rendered":"","protected":false},"author":1,"featured_media":0,"parent":0,"menu_order":0,"comment_status":"closed","ping_status":"closed","template":"page-blank.php","meta":{"_joinchat":[],"footnotes":""},"class_list":["post-27364","page","type-page","status-publish","hentry"],"yoast_head":"<!-- This site is optimized with the Yoast SEO plugin v27.4 - https:\/\/yoast.com\/product\/yoast-seo-wordpress\/ -->\n<title>Conhecimento - SINCHI RAP\u00c9<\/title>\n<meta name=\"robots\" content=\"index, follow, max-snippet:-1, max-image-preview:large, max-video-preview:-1\" \/>\n<link rel=\"canonical\" href=\"https:\/\/www.sinchisinchi.com\/pt-pt\/conhecimento\/\" \/>\n<meta property=\"og:locale\" content=\"pt_PT\" \/>\n<meta property=\"og:type\" content=\"article\" \/>\n<meta property=\"og:title\" content=\"Conhecimento - SINCHI RAP\u00c9\" \/>\n<meta property=\"og:url\" content=\"https:\/\/www.sinchisinchi.com\/pt-pt\/conhecimento\/\" \/>\n<meta property=\"og:site_name\" content=\"SINCHI RAP\u00c9\" \/>\n<meta property=\"article:publisher\" content=\"https:\/\/www.facebook.com\/sinchirape\/\" \/>\n<meta property=\"article:modified_time\" content=\"2026-03-05T19:01:08+00:00\" \/>\n<meta name=\"twitter:card\" content=\"summary_large_image\" \/>\n<meta name=\"twitter:label1\" content=\"Tempo estimado de leitura\" \/>\n\t<meta name=\"twitter:data1\" content=\"3 minutos\" \/>\n<script type=\"application\/ld+json\" class=\"yoast-schema-graph\">{\"@context\":\"https:\\\/\\\/schema.org\",\"@graph\":[{\"@type\":\"WebPage\",\"@id\":\"https:\\\/\\\/www.sinchisinchi.com\\\/pt-pt\\\/conhecimento\\\/\",\"url\":\"https:\\\/\\\/www.sinchisinchi.com\\\/pt-pt\\\/conhecimento\\\/\",\"name\":\"Conhecimento - SINCHI RAP\u00c9\",\"isPartOf\":{\"@id\":\"https:\\\/\\\/www.sinchisinchi.com\\\/pt-pt\\\/#website\"},\"datePublished\":\"2025-05-07T12:46:33+00:00\",\"dateModified\":\"2026-03-05T19:01:08+00:00\",\"breadcrumb\":{\"@id\":\"https:\\\/\\\/www.sinchisinchi.com\\\/pt-pt\\\/conhecimento\\\/#breadcrumb\"},\"inLanguage\":\"pt-PT\",\"potentialAction\":[{\"@type\":\"ReadAction\",\"target\":[\"https:\\\/\\\/www.sinchisinchi.com\\\/pt-pt\\\/conhecimento\\\/\"]}]},{\"@type\":\"BreadcrumbList\",\"@id\":\"https:\\\/\\\/www.sinchisinchi.com\\\/pt-pt\\\/conhecimento\\\/#breadcrumb\",\"itemListElement\":[{\"@type\":\"ListItem\",\"position\":1,\"name\":\"Prima pagina\",\"item\":\"https:\\\/\\\/www.sinchisinchi.com\\\/pt-pt\\\/\"},{\"@type\":\"ListItem\",\"position\":2,\"name\":\"Conhecimento\"}]},{\"@type\":\"WebSite\",\"@id\":\"https:\\\/\\\/www.sinchisinchi.com\\\/pt-pt\\\/#website\",\"url\":\"https:\\\/\\\/www.sinchisinchi.com\\\/pt-pt\\\/\",\"name\":\"SINCHI\",\"description\":\"Sinchi Medicine\",\"publisher\":{\"@id\":\"https:\\\/\\\/www.sinchisinchi.com\\\/pt-pt\\\/#organization\"},\"potentialAction\":[{\"@type\":\"SearchAction\",\"target\":{\"@type\":\"EntryPoint\",\"urlTemplate\":\"https:\\\/\\\/www.sinchisinchi.com\\\/pt-pt\\\/?s={search_term_string}\"},\"query-input\":{\"@type\":\"PropertyValueSpecification\",\"valueRequired\":true,\"valueName\":\"search_term_string\"}}],\"inLanguage\":\"pt-PT\"},{\"@type\":\"Organization\",\"@id\":\"https:\\\/\\\/www.sinchisinchi.com\\\/pt-pt\\\/#organization\",\"name\":\"SINCHI S.L\",\"url\":\"https:\\\/\\\/www.sinchisinchi.com\\\/pt-pt\\\/\",\"logo\":{\"@type\":\"ImageObject\",\"inLanguage\":\"pt-PT\",\"@id\":\"https:\\\/\\\/www.sinchisinchi.com\\\/pt-pt\\\/#\\\/schema\\\/logo\\\/image\\\/\",\"url\":\"https:\\\/\\\/www.sinchisinchi.com\\\/wp-content\\\/uploads\\\/2026\\\/01\\\/3b-Verde-SIMPLIFICADO-HORIZONTAL-F-TRANSPARENTE-scaled.png\",\"contentUrl\":\"https:\\\/\\\/www.sinchisinchi.com\\\/wp-content\\\/uploads\\\/2026\\\/01\\\/3b-Verde-SIMPLIFICADO-HORIZONTAL-F-TRANSPARENTE-scaled.png\",\"width\":2560,\"height\":457,\"caption\":\"SINCHI S.L\"},\"image\":{\"@id\":\"https:\\\/\\\/www.sinchisinchi.com\\\/pt-pt\\\/#\\\/schema\\\/logo\\\/image\\\/\"},\"sameAs\":[\"https:\\\/\\\/www.facebook.com\\\/sinchirape\\\/\",\"https:\\\/\\\/www.instagram.com\\\/sinchi_rape\\\/\"]}]}<\/script>\n<!-- \/ Yoast SEO plugin. -->","yoast_head_json":{"title":"Conhecimento - SINCHI RAP\u00c9","robots":{"index":"index","follow":"follow","max-snippet":"max-snippet:-1","max-image-preview":"max-image-preview:large","max-video-preview":"max-video-preview:-1"},"canonical":"https:\/\/www.sinchisinchi.com\/pt-pt\/conhecimento\/","og_locale":"pt_PT","og_type":"article","og_title":"Conhecimento - SINCHI RAP\u00c9","og_url":"https:\/\/www.sinchisinchi.com\/pt-pt\/conhecimento\/","og_site_name":"SINCHI RAP\u00c9","article_publisher":"https:\/\/www.facebook.com\/sinchirape\/","article_modified_time":"2026-03-05T19:01:08+00:00","twitter_card":"summary_large_image","twitter_misc":{"Tempo estimado de leitura":"3 minutos"},"schema":{"@context":"https:\/\/schema.org","@graph":[{"@type":"WebPage","@id":"https:\/\/www.sinchisinchi.com\/pt-pt\/conhecimento\/","url":"https:\/\/www.sinchisinchi.com\/pt-pt\/conhecimento\/","name":"Conhecimento - SINCHI RAP\u00c9","isPartOf":{"@id":"https:\/\/www.sinchisinchi.com\/pt-pt\/#website"},"datePublished":"2025-05-07T12:46:33+00:00","dateModified":"2026-03-05T19:01:08+00:00","breadcrumb":{"@id":"https:\/\/www.sinchisinchi.com\/pt-pt\/conhecimento\/#breadcrumb"},"inLanguage":"pt-PT","potentialAction":[{"@type":"ReadAction","target":["https:\/\/www.sinchisinchi.com\/pt-pt\/conhecimento\/"]}]},{"@type":"BreadcrumbList","@id":"https:\/\/www.sinchisinchi.com\/pt-pt\/conhecimento\/#breadcrumb","itemListElement":[{"@type":"ListItem","position":1,"name":"Prima pagina","item":"https:\/\/www.sinchisinchi.com\/pt-pt\/"},{"@type":"ListItem","position":2,"name":"Conhecimento"}]},{"@type":"WebSite","@id":"https:\/\/www.sinchisinchi.com\/pt-pt\/#website","url":"https:\/\/www.sinchisinchi.com\/pt-pt\/","name":"SINCHI","description":"Sinchi Medicine","publisher":{"@id":"https:\/\/www.sinchisinchi.com\/pt-pt\/#organization"},"potentialAction":[{"@type":"SearchAction","target":{"@type":"EntryPoint","urlTemplate":"https:\/\/www.sinchisinchi.com\/pt-pt\/?s={search_term_string}"},"query-input":{"@type":"PropertyValueSpecification","valueRequired":true,"valueName":"search_term_string"}}],"inLanguage":"pt-PT"},{"@type":"Organization","@id":"https:\/\/www.sinchisinchi.com\/pt-pt\/#organization","name":"SINCHI S.L","url":"https:\/\/www.sinchisinchi.com\/pt-pt\/","logo":{"@type":"ImageObject","inLanguage":"pt-PT","@id":"https:\/\/www.sinchisinchi.com\/pt-pt\/#\/schema\/logo\/image\/","url":"https:\/\/www.sinchisinchi.com\/wp-content\/uploads\/2026\/01\/3b-Verde-SIMPLIFICADO-HORIZONTAL-F-TRANSPARENTE-scaled.png","contentUrl":"https:\/\/www.sinchisinchi.com\/wp-content\/uploads\/2026\/01\/3b-Verde-SIMPLIFICADO-HORIZONTAL-F-TRANSPARENTE-scaled.png","width":2560,"height":457,"caption":"SINCHI S.L"},"image":{"@id":"https:\/\/www.sinchisinchi.com\/pt-pt\/#\/schema\/logo\/image\/"},"sameAs":["https:\/\/www.facebook.com\/sinchirape\/","https:\/\/www.instagram.com\/sinchi_rape\/"]}]}},"_links":{"self":[{"href":"https:\/\/www.sinchisinchi.com\/pt-pt\/wp-json\/wp\/v2\/pages\/27364","targetHints":{"allow":["GET"]}}],"collection":[{"href":"https:\/\/www.sinchisinchi.com\/pt-pt\/wp-json\/wp\/v2\/pages"}],"about":[{"href":"https:\/\/www.sinchisinchi.com\/pt-pt\/wp-json\/wp\/v2\/types\/page"}],"author":[{"embeddable":true,"href":"https:\/\/www.sinchisinchi.com\/pt-pt\/wp-json\/wp\/v2\/users\/1"}],"replies":[{"embeddable":true,"href":"https:\/\/www.sinchisinchi.com\/pt-pt\/wp-json\/wp\/v2\/comments?post=27364"}],"version-history":[{"count":2,"href":"https:\/\/www.sinchisinchi.com\/pt-pt\/wp-json\/wp\/v2\/pages\/27364\/revisions"}],"predecessor-version":[{"id":30338,"href":"https:\/\/www.sinchisinchi.com\/pt-pt\/wp-json\/wp\/v2\/pages\/27364\/revisions\/30338"}],"wp:attachment":[{"href":"https:\/\/www.sinchisinchi.com\/pt-pt\/wp-json\/wp\/v2\/media?parent=27364"}],"curies":[{"name":"wp","href":"https:\/\/api.w.org\/{rel}","templated":true}]}}